{"id":51660,"date":"2024-02-15T14:47:56","date_gmt":"2024-02-15T12:47:56","guid":{"rendered":"https:\/\/kurato.ch\/?post_type=product&#038;p=51660"},"modified":"2024-02-15T14:48:47","modified_gmt":"2024-02-15T12:48:47","slug":"4er-set-esszimmerstuhl-von-ilmari-tapiovaara","status":"publish","type":"product","link":"https:\/\/kurato.ch\/fr\/product\/4er-set-esszimmerstuhl-von-ilmari-tapiovaara\/","title":{"rendered":"Set de 4 chaises de salle \u00e0 manger de Ilmari Tapiovaara"},"content":{"rendered":"<p>Aufgrund Esszimmerumgestaltung verkaufen wir unsere vier St\u00fchle von Ilmari Tapiovaara. Das Stuhlmodell &#8222;Fanett&#8220; wurde in den 1950er Jahren vom finnischen Designer Ilmari Tapiovaara f\u00fcr das Haus edsbyverken entworfen. Die Fanett-St\u00fchle sind Ikonen des skandinavischen Designs und werden von Designliebhabern besonders gesucht und gesch\u00e4tzt. Sitzfl\u00e4che und R\u00fcckenlehne aus Teakholz.<\/p>\n<p>Hauteur totale : 80cm<br \/>\nHauteur du si\u00e8ge : 41cm<br \/>\nProfondeur de l'assise : 42cm<br \/>\nLargeur de l'assise : 45cm<\/p>","protected":false},"excerpt":{"rendered":"<p>Aufgrund Esszimmerumgestaltung verkaufen wir unsere vier St\u00fchle von Ilmari Tapiovaara. Das Stuhlmodell &#8222;Fanett&#8220; wurde in den 1950er Jahren vom finnischen Designer Ilmari Tapiovaara f\u00fcr das Haus edsbyverken entworfen. Die Fanett-St\u00fchle sind Ikonen des skandinavischen Designs und werden von Designliebhabern besonders gesucht und gesch\u00e4tzt. Sitzfl\u00e4che und R\u00fcckenlehne aus Teakholz. Gesamth\u00f6he: 80cm Sitzh\u00f6he: 41cm Tiefe Sitzfl\u00e4che: 42cm [&hellip;]<\/p>\n","protected":false},"featured_media":51688,"template":"","meta":{"_acf_changed":false,"site-sidebar-layout":"default","site-content-layout":"","ast-site-content-layout":"default","site-content-style":"default","site-sidebar-style":"default","ast-global-header-display":"","ast-banner-title-visibility":"","ast-main-header-display":"","ast-hfb-above-header-display":"","ast-hfb-below-header-display":"","ast-hfb-mobile-header-display":"","site-post-title":"","ast-breadcrumbs-content":"","ast-featured-img":"","footer-sml-layout":"","ast-disable-related-posts":"","theme-transparent-header-meta":"default","adv-header-id-meta":"","stick-header-meta":"default","header-above-stick-meta":"","header-main-stick-meta":"","header-below-stick-meta":"","astra-migrate-meta-layouts":"set","ast-page-background-enabled":"default","ast-page-background-meta":{"desktop":{"background-color":"","background-image":"","background-repeat":"repeat","background-position":"center center","background-size":"auto","background-attachment":"scroll","background-type":"","background-media":"","overlay-type":"","overlay-color":"","overlay-opacity":"","overlay-gradient":""},"tablet":{"background-color":"","background-image":"","background-repeat":"repeat","background-position":"center center","background-size":"auto","background-attachment":"scroll","background-type":"","background-media":"","overlay-type":"","overlay-color":"","overlay-opacity":"","overlay-gradient":""},"mobile":{"background-color":"","background-image":"","background-repeat":"repeat","background-position":"center center","background-size":"auto","background-attachment":"scroll","background-type":"","background-media":"","overlay-type":"","overlay-color":"","overlay-opacity":"","overlay-gradient":""}},"ast-content-background-meta":{"desktop":{"background-color":"var(--ast-global-color-5)","background-image":"","background-repeat":"repeat","background-position":"center center","background-size":"auto","background-attachment":"scroll","background-type":"","background-media":"","overlay-type":"","overlay-color":"","overlay-opacity":"","overlay-gradient":""},"tablet":{"background-color":"var(--ast-global-color-5)","background-image":"","background-repeat":"repeat","background-position":"center center","background-size":"auto","background-attachment":"scroll","background-type":"","background-media":"","overlay-type":"","overlay-color":"","overlay-opacity":"","overlay-gradient":""},"mobile":{"background-color":"var(--ast-global-color-5)","background-image":"","background-repeat":"repeat","background-position":"center center","background-size":"auto","background-attachment":"scroll","background-type":"","background-media":"","overlay-type":"","overlay-color":"","overlay-opacity":"","overlay-gradient":""}}},"product_brand":[],"product_cat":[165,163],"product_tag":[],"class_list":{"0":"post-51660","1":"product","2":"type-product","3":"status-publish","4":"has-post-thumbnail","6":"product_cat-vintage-esszimmerstuehle","7":"product_cat-vintage-stuhl","8":"pa_farbe-braun","9":"pa_material-holz","10":"pa_standort-mittelland","11":"pa_stil-skandinavisch-mid-century","12":"desktop-align-left","13":"tablet-align-left","14":"mobile-align-left","16":"first","17":"instock","18":"shipping-taxable","19":"purchasable","20":"product-type-simple"},"acf":[],"yoast_head":"<!-- This site is optimized with the Yoast SEO plugin v27.3 - https:\/\/yoast.com\/product\/yoast-seo-wordpress\/ -->\n<title>4er Set Esszimmerstuhl von Ilmari Tapiovaara | Vintage M\u00f6bel kaufen auf KURATO.CH<\/title>\n<meta name=\"description\" content=\"Entdecke Vintage M\u00f6bel &amp; Dekoration \u27a4 4er Set Esszimmerstuhl von Ilmari Tapiovaara auf Kurato. \u2713Lieferung Schweiz \u271314-Tage R\u00fcckgabe \u2713Secondhand Unikat\" \/>\n<meta name=\"robots\" content=\"index, follow, max-snippet:-1, max-image-preview:large, max-video-preview:-1\" \/>\n<link rel=\"canonical\" href=\"https:\/\/kurato.ch\/fr\/product\/4er-set-esszimmerstuhl-von-ilmari-tapiovaara\/\" \/>\n<meta property=\"og:locale\" content=\"fr_FR\" \/>\n<meta property=\"og:type\" content=\"article\" \/>\n<meta property=\"og:title\" content=\"4er Set Esszimmerstuhl von Ilmari Tapiovaara | Vintage M\u00f6bel kaufen auf KURATO.CH\" \/>\n<meta property=\"og:description\" content=\"Entdecke Vintage M\u00f6bel &amp; Dekoration \u27a4 4er Set Esszimmerstuhl von Ilmari Tapiovaara auf Kurato. \u2713Lieferung Schweiz \u271314-Tage R\u00fcckgabe \u2713Secondhand Unikat\" \/>\n<meta property=\"og:url\" content=\"https:\/\/kurato.ch\/fr\/product\/4er-set-esszimmerstuhl-von-ilmari-tapiovaara\/\" \/>\n<meta property=\"og:site_name\" content=\"Vintage M\u00f6bel &amp; Dekoration I Kurato\" \/>\n<meta property=\"article:publisher\" content=\"https:\/\/www.facebook.com\/kuratoswitzerland\" \/>\n<meta property=\"article:modified_time\" content=\"2024-02-15T12:48:47+00:00\" \/>\n<meta property=\"og:image\" content=\"https:\/\/kurato.ch\/wp-content\/uploads\/2024\/02\/4er-Set-Esszimmerstuhl-von-Ilmari-Tapiovaara-vintage-secondhand-gebraucht-schweiz.jpg\" \/>\n\t<meta property=\"og:image:width\" content=\"800\" \/>\n\t<meta property=\"og:image:height\" content=\"800\" \/>\n\t<meta property=\"og:image:type\" content=\"image\/jpeg\" \/>\n<meta name=\"twitter:label1\" content=\"Dur\u00e9e de lecture estim\u00e9e\" \/>\n\t<meta name=\"twitter:data1\" content=\"1 minute\" \/>\n<script type=\"application\/ld+json\" class=\"yoast-schema-graph\">{\"@context\":\"https:\\\/\\\/schema.org\",\"@graph\":[{\"@type\":\"WebPage\",\"@id\":\"https:\\\/\\\/kurato.ch\\\/product\\\/4er-set-esszimmerstuhl-von-ilmari-tapiovaara\\\/\",\"url\":\"https:\\\/\\\/kurato.ch\\\/product\\\/4er-set-esszimmerstuhl-von-ilmari-tapiovaara\\\/\",\"name\":\"4er Set Esszimmerstuhl von Ilmari Tapiovaara | Vintage M\u00f6bel kaufen auf KURATO.CH\",\"isPartOf\":{\"@id\":\"https:\\\/\\\/kurato.ch\\\/#website\"},\"primaryImageOfPage\":{\"@id\":\"https:\\\/\\\/kurato.ch\\\/product\\\/4er-set-esszimmerstuhl-von-ilmari-tapiovaara\\\/#primaryimage\"},\"image\":{\"@id\":\"https:\\\/\\\/kurato.ch\\\/product\\\/4er-set-esszimmerstuhl-von-ilmari-tapiovaara\\\/#primaryimage\"},\"thumbnailUrl\":\"https:\\\/\\\/kurato.ch\\\/wp-content\\\/uploads\\\/2024\\\/02\\\/4er-Set-Esszimmerstuhl-von-Ilmari-Tapiovaara-vintage-secondhand-gebraucht-schweiz.jpg\",\"datePublished\":\"2024-02-15T12:47:56+00:00\",\"dateModified\":\"2024-02-15T12:48:47+00:00\",\"description\":\"Entdecke Vintage M\u00f6bel & Dekoration \u27a4 4er Set Esszimmerstuhl von Ilmari Tapiovaara auf Kurato. \u2713Lieferung Schweiz \u271314-Tage R\u00fcckgabe \u2713Secondhand Unikat\",\"breadcrumb\":{\"@id\":\"https:\\\/\\\/kurato.ch\\\/product\\\/4er-set-esszimmerstuhl-von-ilmari-tapiovaara\\\/#breadcrumb\"},\"inLanguage\":\"fr-FR\",\"potentialAction\":[{\"@type\":\"ReadAction\",\"target\":[\"https:\\\/\\\/kurato.ch\\\/product\\\/4er-set-esszimmerstuhl-von-ilmari-tapiovaara\\\/\"]}]},{\"@type\":\"ImageObject\",\"inLanguage\":\"fr-FR\",\"@id\":\"https:\\\/\\\/kurato.ch\\\/product\\\/4er-set-esszimmerstuhl-von-ilmari-tapiovaara\\\/#primaryimage\",\"url\":\"https:\\\/\\\/kurato.ch\\\/wp-content\\\/uploads\\\/2024\\\/02\\\/4er-Set-Esszimmerstuhl-von-Ilmari-Tapiovaara-vintage-secondhand-gebraucht-schweiz.jpg\",\"contentUrl\":\"https:\\\/\\\/kurato.ch\\\/wp-content\\\/uploads\\\/2024\\\/02\\\/4er-Set-Esszimmerstuhl-von-Ilmari-Tapiovaara-vintage-secondhand-gebraucht-schweiz.jpg\",\"width\":800,\"height\":800,\"caption\":\"4er Set Esszimmerstuhl von Ilmari Tapiovaara\"},{\"@type\":\"BreadcrumbList\",\"@id\":\"https:\\\/\\\/kurato.ch\\\/product\\\/4er-set-esszimmerstuhl-von-ilmari-tapiovaara\\\/#breadcrumb\",\"itemListElement\":[{\"@type\":\"ListItem\",\"position\":1,\"name\":\"Home\",\"item\":\"https:\\\/\\\/kurato.ch\\\/\"},{\"@type\":\"ListItem\",\"position\":2,\"name\":\"Neuheiten\",\"item\":\"https:\\\/\\\/kurato.ch\\\/neuheiten\\\/\"},{\"@type\":\"ListItem\",\"position\":3,\"name\":\"4er Set Esszimmerstuhl von Ilmari Tapiovaara\"}]},{\"@type\":\"WebSite\",\"@id\":\"https:\\\/\\\/kurato.ch\\\/#website\",\"url\":\"https:\\\/\\\/kurato.ch\\\/\",\"name\":\"Vintage M\u00f6bel &amp; Dekoration I Kurato\",\"description\":\"Vintage M\u00f6bel &amp; Dekoration I Kurato\",\"publisher\":{\"@id\":\"https:\\\/\\\/kurato.ch\\\/#organization\"},\"potentialAction\":[{\"@type\":\"SearchAction\",\"target\":{\"@type\":\"EntryPoint\",\"urlTemplate\":\"https:\\\/\\\/kurato.ch\\\/?s={search_term_string}\"},\"query-input\":{\"@type\":\"PropertyValueSpecification\",\"valueRequired\":true,\"valueName\":\"search_term_string\"}}],\"inLanguage\":\"fr-FR\"},{\"@type\":\"Organization\",\"@id\":\"https:\\\/\\\/kurato.ch\\\/#organization\",\"name\":\"Kurato.\",\"url\":\"https:\\\/\\\/kurato.ch\\\/\",\"logo\":{\"@type\":\"ImageObject\",\"inLanguage\":\"fr-FR\",\"@id\":\"https:\\\/\\\/kurato.ch\\\/#\\\/schema\\\/logo\\\/image\\\/\",\"url\":\"\",\"contentUrl\":\"\",\"caption\":\"Kurato.\"},\"image\":{\"@id\":\"https:\\\/\\\/kurato.ch\\\/#\\\/schema\\\/logo\\\/image\\\/\"},\"sameAs\":[\"https:\\\/\\\/www.facebook.com\\\/kuratoswitzerland\",\"https:\\\/\\\/www.instagram.com\\\/kurato.ch\\\/\",\"https:\\\/\\\/www.pinterest.ch\\\/kurato_ch\\\/_created\\\/\"]}]}<\/script>\n<!-- \/ Yoast SEO plugin. -->","yoast_head_json":{"title":"4er Set Esszimmerstuhl von Ilmari Tapiovaara | Vintage M\u00f6bel kaufen auf KURATO.CH","description":"Entdecke Vintage M\u00f6bel & Dekoration \u27a4 4er Set Esszimmerstuhl von Ilmari Tapiovaara auf Kurato. \u2713Lieferung Schweiz \u271314-Tage R\u00fcckgabe \u2713Secondhand Unikat","robots":{"index":"index","follow":"follow","max-snippet":"max-snippet:-1","max-image-preview":"max-image-preview:large","max-video-preview":"max-video-preview:-1"},"canonical":"https:\/\/kurato.ch\/fr\/product\/4er-set-esszimmerstuhl-von-ilmari-tapiovaara\/","og_locale":"fr_FR","og_type":"article","og_title":"4er Set Esszimmerstuhl von Ilmari Tapiovaara | Vintage M\u00f6bel kaufen auf KURATO.CH","og_description":"Entdecke Vintage M\u00f6bel & Dekoration \u27a4 4er Set Esszimmerstuhl von Ilmari Tapiovaara auf Kurato. \u2713Lieferung Schweiz \u271314-Tage R\u00fcckgabe \u2713Secondhand Unikat","og_url":"https:\/\/kurato.ch\/fr\/product\/4er-set-esszimmerstuhl-von-ilmari-tapiovaara\/","og_site_name":"Vintage M\u00f6bel &amp; Dekoration I Kurato","article_publisher":"https:\/\/www.facebook.com\/kuratoswitzerland","article_modified_time":"2024-02-15T12:48:47+00:00","og_image":[{"width":800,"height":800,"url":"https:\/\/kurato.ch\/wp-content\/uploads\/2024\/02\/4er-Set-Esszimmerstuhl-von-Ilmari-Tapiovaara-vintage-secondhand-gebraucht-schweiz.jpg","type":"image\/jpeg"}],"twitter_misc":{"Dur\u00e9e de lecture estim\u00e9e":"1 minute"},"schema":{"@context":"https:\/\/schema.org","@graph":[{"@type":"WebPage","@id":"https:\/\/kurato.ch\/product\/4er-set-esszimmerstuhl-von-ilmari-tapiovaara\/","url":"https:\/\/kurato.ch\/product\/4er-set-esszimmerstuhl-von-ilmari-tapiovaara\/","name":"4er Set Esszimmerstuhl von Ilmari Tapiovaara | Vintage M\u00f6bel kaufen auf KURATO.CH","isPartOf":{"@id":"https:\/\/kurato.ch\/#website"},"primaryImageOfPage":{"@id":"https:\/\/kurato.ch\/product\/4er-set-esszimmerstuhl-von-ilmari-tapiovaara\/#primaryimage"},"image":{"@id":"https:\/\/kurato.ch\/product\/4er-set-esszimmerstuhl-von-ilmari-tapiovaara\/#primaryimage"},"thumbnailUrl":"https:\/\/kurato.ch\/wp-content\/uploads\/2024\/02\/4er-Set-Esszimmerstuhl-von-Ilmari-Tapiovaara-vintage-secondhand-gebraucht-schweiz.jpg","datePublished":"2024-02-15T12:47:56+00:00","dateModified":"2024-02-15T12:48:47+00:00","description":"Entdecke Vintage M\u00f6bel & Dekoration \u27a4 4er Set Esszimmerstuhl von Ilmari Tapiovaara auf Kurato. \u2713Lieferung Schweiz \u271314-Tage R\u00fcckgabe \u2713Secondhand Unikat","breadcrumb":{"@id":"https:\/\/kurato.ch\/product\/4er-set-esszimmerstuhl-von-ilmari-tapiovaara\/#breadcrumb"},"inLanguage":"fr-FR","potentialAction":[{"@type":"ReadAction","target":["https:\/\/kurato.ch\/product\/4er-set-esszimmerstuhl-von-ilmari-tapiovaara\/"]}]},{"@type":"ImageObject","inLanguage":"fr-FR","@id":"https:\/\/kurato.ch\/product\/4er-set-esszimmerstuhl-von-ilmari-tapiovaara\/#primaryimage","url":"https:\/\/kurato.ch\/wp-content\/uploads\/2024\/02\/4er-Set-Esszimmerstuhl-von-Ilmari-Tapiovaara-vintage-secondhand-gebraucht-schweiz.jpg","contentUrl":"https:\/\/kurato.ch\/wp-content\/uploads\/2024\/02\/4er-Set-Esszimmerstuhl-von-Ilmari-Tapiovaara-vintage-secondhand-gebraucht-schweiz.jpg","width":800,"height":800,"caption":"4er Set Esszimmerstuhl von Ilmari Tapiovaara"},{"@type":"BreadcrumbList","@id":"https:\/\/kurato.ch\/product\/4er-set-esszimmerstuhl-von-ilmari-tapiovaara\/#breadcrumb","itemListElement":[{"@type":"ListItem","position":1,"name":"Home","item":"https:\/\/kurato.ch\/"},{"@type":"ListItem","position":2,"name":"Neuheiten","item":"https:\/\/kurato.ch\/neuheiten\/"},{"@type":"ListItem","position":3,"name":"4er Set Esszimmerstuhl von Ilmari Tapiovaara"}]},{"@type":"WebSite","@id":"https:\/\/kurato.ch\/#website","url":"https:\/\/kurato.ch\/","name":"Meubles vintage &amp; d\u00e9coration I Kurato","description":"Meubles vintage &amp; d\u00e9coration I Kurato","publisher":{"@id":"https:\/\/kurato.ch\/#organization"},"potentialAction":[{"@type":"SearchAction","target":{"@type":"EntryPoint","urlTemplate":"https:\/\/kurato.ch\/?s={search_term_string}"},"query-input":{"@type":"PropertyValueSpecification","valueRequired":true,"valueName":"search_term_string"}}],"inLanguage":"fr-FR"},{"@type":"Organization","@id":"https:\/\/kurato.ch\/#organization","name":"Kurato.","url":"https:\/\/kurato.ch\/","logo":{"@type":"ImageObject","inLanguage":"fr-FR","@id":"https:\/\/kurato.ch\/#\/schema\/logo\/image\/","url":"","contentUrl":"","caption":"Kurato."},"image":{"@id":"https:\/\/kurato.ch\/#\/schema\/logo\/image\/"},"sameAs":["https:\/\/www.facebook.com\/kuratoswitzerland","https:\/\/www.instagram.com\/kurato.ch\/","https:\/\/www.pinterest.ch\/kurato_ch\/_created\/"]}]}},"_links":{"self":[{"href":"https:\/\/kurato.ch\/fr\/wp-json\/wp\/v2\/product\/51660","targetHints":{"allow":["GET"]}}],"collection":[{"href":"https:\/\/kurato.ch\/fr\/wp-json\/wp\/v2\/product"}],"about":[{"href":"https:\/\/kurato.ch\/fr\/wp-json\/wp\/v2\/types\/product"}],"wp:featuredmedia":[{"embeddable":true,"href":"https:\/\/kurato.ch\/fr\/wp-json\/wp\/v2\/media\/51688"}],"wp:attachment":[{"href":"https:\/\/kurato.ch\/fr\/wp-json\/wp\/v2\/media?parent=51660"}],"wp:term":[{"taxonomy":"product_brand","embeddable":true,"href":"https:\/\/kurato.ch\/fr\/wp-json\/wp\/v2\/product_brand?post=51660"},{"taxonomy":"product_cat","embeddable":true,"href":"https:\/\/kurato.ch\/fr\/wp-json\/wp\/v2\/product_cat?post=51660"},{"taxonomy":"product_tag","embeddable":true,"href":"https:\/\/kurato.ch\/fr\/wp-json\/wp\/v2\/product_tag?post=51660"}],"curies":[{"name":"wp","href":"https:\/\/api.w.org\/{rel}","templated":true}]}}