{"id":51822,"date":"2024-02-26T21:53:42","date_gmt":"2024-02-26T19:53:42","guid":{"rendered":"https:\/\/kurato.ch\/?post_type=product&#038;p=51822"},"modified":"2024-06-10T12:24:16","modified_gmt":"2024-06-10T10:24:16","slug":"beistelltisch-raymond-rodolfo-dordoni-fuer-minotti","status":"publish","type":"product","link":"https:\/\/kurato.ch\/fr\/product\/beistelltisch-raymond-rodolfo-dordoni-fuer-minotti\/","title":{"rendered":"Table d'appoint Raymond Rodolfo Dordoni pour Minotti"},"content":{"rendered":"<p>Structure en bois, recouverte d'une feuille d'acier, plateau en MDF Viola. Avec des rayures. L 120 P 95 H 29. prix neuf 3'204.-, ici seulement 300.<br \/>Nous d\u00e9crivons l'\u00e9tat des articles aussi bien que possible. S'il ne s'agit pas d'articles neufs, il faut s'attendre \u00e0 des traces d'utilisation et d'usure. Les pi\u00e8ces d'exposition peuvent pr\u00e9senter des traces d'utilisation minimes.<br \/>Les dommages sont d\u00e9crits. Veuillez noter que les couleurs peuvent varier en fonction de l'\u00e9cran. En cas de doute, n'h\u00e9sitez pas \u00e0 demander des pr\u00e9cisions.<\/p>","protected":false},"excerpt":{"rendered":"<p>Gestell Holz , mit Stahlfolie beschichtet, Platte MDF Viola. Mit Kratzern. B 120 T 95 H 29. Neupreis 3&#8217;204.-, hier nur 300.-Wir beschreiben den Zustand der Artikel so gut wie m\u00f6glich. Wenn es sich nicht um Neuwaren handelt, ist mit Gebrauchsspuren und Abn\u00fctzungen zu rechnen. Bei Ausstellungst\u00fccken k\u00f6nnen minime Gebrauchspuren vorhanden sein.Sch\u00e4den werden beschrieben. Bitte [&hellip;]<\/p>\n","protected":false},"featured_media":51923,"template":"","meta":{"_acf_changed":false,"site-sidebar-layout":"default","site-content-layout":"","ast-site-content-layout":"default","site-content-style":"default","site-sidebar-style":"default","ast-global-header-display":"","ast-banner-title-visibility":"","ast-main-header-display":"","ast-hfb-above-header-display":"","ast-hfb-below-header-display":"","ast-hfb-mobile-header-display":"","site-post-title":"","ast-breadcrumbs-content":"","ast-featured-img":"","footer-sml-layout":"","ast-disable-related-posts":"","theme-transparent-header-meta":"","adv-header-id-meta":"","stick-header-meta":"","header-above-stick-meta":"","header-main-stick-meta":"","header-below-stick-meta":"","astra-migrate-meta-layouts":"default","ast-page-background-enabled":"default","ast-page-background-meta":{"desktop":{"background-color":"","background-image":"","background-repeat":"repeat","background-position":"center center","background-size":"auto","background-attachment":"scroll","background-type":"","background-media":"","overlay-type":"","overlay-color":"","overlay-opacity":"","overlay-gradient":""},"tablet":{"background-color":"","background-image":"","background-repeat":"repeat","background-position":"center center","background-size":"auto","background-attachment":"scroll","background-type":"","background-media":"","overlay-type":"","overlay-color":"","overlay-opacity":"","overlay-gradient":""},"mobile":{"background-color":"","background-image":"","background-repeat":"repeat","background-position":"center center","background-size":"auto","background-attachment":"scroll","background-type":"","background-media":"","overlay-type":"","overlay-color":"","overlay-opacity":"","overlay-gradient":""}},"ast-content-background-meta":{"desktop":{"background-color":"var(--ast-global-color-5)","background-image":"","background-repeat":"repeat","background-position":"center center","background-size":"auto","background-attachment":"scroll","background-type":"","background-media":"","overlay-type":"","overlay-color":"","overlay-opacity":"","overlay-gradient":""},"tablet":{"background-color":"var(--ast-global-color-5)","background-image":"","background-repeat":"repeat","background-position":"center center","background-size":"auto","background-attachment":"scroll","background-type":"","background-media":"","overlay-type":"","overlay-color":"","overlay-opacity":"","overlay-gradient":""},"mobile":{"background-color":"var(--ast-global-color-5)","background-image":"","background-repeat":"repeat","background-position":"center center","background-size":"auto","background-attachment":"scroll","background-type":"","background-media":"","overlay-type":"","overlay-color":"","overlay-opacity":"","overlay-gradient":""}}},"product_brand":[],"product_cat":[144],"product_tag":[],"class_list":{"0":"post-51822","1":"product","2":"type-product","3":"status-publish","4":"has-post-thumbnail","6":"product_cat-vintage-couchtisch-salontisch","7":"pa_farbe-lila","8":"pa_material-holz","9":"pa_standort-mittelland","10":"pa_stil-design","11":"desktop-align-left","12":"tablet-align-left","13":"mobile-align-left","15":"first","16":"outofstock","17":"sold-individually","18":"shipping-taxable","19":"purchasable","20":"product-type-simple"},"acf":[],"yoast_head":"<!-- This site is optimized with the Yoast SEO plugin v27.4 - https:\/\/yoast.com\/product\/yoast-seo-wordpress\/ -->\n<title>Beistelltisch Raymond Rodolfo Dordoni f\u00fcr Minotti | Vintage M\u00f6bel kaufen auf KURATO.CH<\/title>\n<meta name=\"description\" content=\"Entdecke Vintage M\u00f6bel &amp; Dekoration \u27a4 Beistelltisch Raymond Rodolfo Dordoni f\u00fcr Minotti auf Kurato. \u2713Lieferung Schweiz \u271314-Tage R\u00fcckgabe \u2713Secondhand Unikat\" \/>\n<meta name=\"robots\" content=\"index, follow, max-snippet:-1, max-image-preview:large, max-video-preview:-1\" \/>\n<link rel=\"canonical\" href=\"https:\/\/kurato.ch\/fr\/product\/beistelltisch-raymond-rodolfo-dordoni-fuer-minotti\/\" \/>\n<meta property=\"og:locale\" content=\"fr_FR\" \/>\n<meta property=\"og:type\" content=\"article\" \/>\n<meta property=\"og:title\" content=\"Beistelltisch Raymond Rodolfo Dordoni f\u00fcr Minotti | Vintage M\u00f6bel kaufen auf KURATO.CH\" \/>\n<meta property=\"og:description\" content=\"Entdecke Vintage M\u00f6bel &amp; Dekoration \u27a4 Beistelltisch Raymond Rodolfo Dordoni f\u00fcr Minotti auf Kurato. \u2713Lieferung Schweiz \u271314-Tage R\u00fcckgabe \u2713Secondhand Unikat\" \/>\n<meta property=\"og:url\" content=\"https:\/\/kurato.ch\/fr\/product\/beistelltisch-raymond-rodolfo-dordoni-fuer-minotti\/\" \/>\n<meta property=\"og:site_name\" content=\"Vintage M\u00f6bel &amp; Dekoration I Kurato\" \/>\n<meta property=\"article:publisher\" content=\"https:\/\/www.facebook.com\/kuratoswitzerland\" \/>\n<meta property=\"article:modified_time\" content=\"2024-06-10T10:24:16+00:00\" \/>\n<meta property=\"og:image\" content=\"https:\/\/kurato.ch\/wp-content\/uploads\/2024\/02\/Beistelltisch-Raymond-Rodolfo-Dordoni-fuer-Minotti-vintage-secondhand-gebraucht-schweiz-51.jpg\" \/>\n\t<meta property=\"og:image:width\" content=\"800\" \/>\n\t<meta property=\"og:image:height\" content=\"800\" \/>\n\t<meta property=\"og:image:type\" content=\"image\/jpeg\" \/>\n<script type=\"application\/ld+json\" class=\"yoast-schema-graph\">{\"@context\":\"https:\\\/\\\/schema.org\",\"@graph\":[{\"@type\":\"WebPage\",\"@id\":\"https:\\\/\\\/kurato.ch\\\/product\\\/beistelltisch-raymond-rodolfo-dordoni-fuer-minotti\\\/\",\"url\":\"https:\\\/\\\/kurato.ch\\\/product\\\/beistelltisch-raymond-rodolfo-dordoni-fuer-minotti\\\/\",\"name\":\"Beistelltisch Raymond Rodolfo Dordoni f\u00fcr Minotti | Vintage M\u00f6bel kaufen auf KURATO.CH\",\"isPartOf\":{\"@id\":\"https:\\\/\\\/kurato.ch\\\/#website\"},\"primaryImageOfPage\":{\"@id\":\"https:\\\/\\\/kurato.ch\\\/product\\\/beistelltisch-raymond-rodolfo-dordoni-fuer-minotti\\\/#primaryimage\"},\"image\":{\"@id\":\"https:\\\/\\\/kurato.ch\\\/product\\\/beistelltisch-raymond-rodolfo-dordoni-fuer-minotti\\\/#primaryimage\"},\"thumbnailUrl\":\"https:\\\/\\\/kurato.ch\\\/wp-content\\\/uploads\\\/2024\\\/02\\\/Beistelltisch-Raymond-Rodolfo-Dordoni-fuer-Minotti-vintage-secondhand-gebraucht-schweiz-51.jpg\",\"datePublished\":\"2024-02-26T19:53:42+00:00\",\"dateModified\":\"2024-06-10T10:24:16+00:00\",\"description\":\"Entdecke Vintage M\u00f6bel & Dekoration \u27a4 Beistelltisch Raymond Rodolfo Dordoni f\u00fcr Minotti auf Kurato. \u2713Lieferung Schweiz \u271314-Tage R\u00fcckgabe \u2713Secondhand Unikat\",\"breadcrumb\":{\"@id\":\"https:\\\/\\\/kurato.ch\\\/product\\\/beistelltisch-raymond-rodolfo-dordoni-fuer-minotti\\\/#breadcrumb\"},\"inLanguage\":\"fr-FR\",\"potentialAction\":[{\"@type\":\"ReadAction\",\"target\":[\"https:\\\/\\\/kurato.ch\\\/product\\\/beistelltisch-raymond-rodolfo-dordoni-fuer-minotti\\\/\"]}]},{\"@type\":\"ImageObject\",\"inLanguage\":\"fr-FR\",\"@id\":\"https:\\\/\\\/kurato.ch\\\/product\\\/beistelltisch-raymond-rodolfo-dordoni-fuer-minotti\\\/#primaryimage\",\"url\":\"https:\\\/\\\/kurato.ch\\\/wp-content\\\/uploads\\\/2024\\\/02\\\/Beistelltisch-Raymond-Rodolfo-Dordoni-fuer-Minotti-vintage-secondhand-gebraucht-schweiz-51.jpg\",\"contentUrl\":\"https:\\\/\\\/kurato.ch\\\/wp-content\\\/uploads\\\/2024\\\/02\\\/Beistelltisch-Raymond-Rodolfo-Dordoni-fuer-Minotti-vintage-secondhand-gebraucht-schweiz-51.jpg\",\"width\":800,\"height\":800,\"caption\":\"Beistelltisch Raymond Rodolfo Dordoni f\u00fcr Minotti\"},{\"@type\":\"BreadcrumbList\",\"@id\":\"https:\\\/\\\/kurato.ch\\\/product\\\/beistelltisch-raymond-rodolfo-dordoni-fuer-minotti\\\/#breadcrumb\",\"itemListElement\":[{\"@type\":\"ListItem\",\"position\":1,\"name\":\"Home\",\"item\":\"https:\\\/\\\/kurato.ch\\\/\"},{\"@type\":\"ListItem\",\"position\":2,\"name\":\"Neuheiten\",\"item\":\"https:\\\/\\\/kurato.ch\\\/neuheiten\\\/\"},{\"@type\":\"ListItem\",\"position\":3,\"name\":\"Beistelltisch Raymond Rodolfo Dordoni f\u00fcr Minotti\"}]},{\"@type\":\"WebSite\",\"@id\":\"https:\\\/\\\/kurato.ch\\\/#website\",\"url\":\"https:\\\/\\\/kurato.ch\\\/\",\"name\":\"Vintage M\u00f6bel &amp; Dekoration I Kurato\",\"description\":\"Vintage M\u00f6bel &amp; Dekoration I Kurato\",\"publisher\":{\"@id\":\"https:\\\/\\\/kurato.ch\\\/#organization\"},\"potentialAction\":[{\"@type\":\"SearchAction\",\"target\":{\"@type\":\"EntryPoint\",\"urlTemplate\":\"https:\\\/\\\/kurato.ch\\\/?s={search_term_string}\"},\"query-input\":{\"@type\":\"PropertyValueSpecification\",\"valueRequired\":true,\"valueName\":\"search_term_string\"}}],\"inLanguage\":\"fr-FR\"},{\"@type\":\"Organization\",\"@id\":\"https:\\\/\\\/kurato.ch\\\/#organization\",\"name\":\"Kurato.\",\"url\":\"https:\\\/\\\/kurato.ch\\\/\",\"logo\":{\"@type\":\"ImageObject\",\"inLanguage\":\"fr-FR\",\"@id\":\"https:\\\/\\\/kurato.ch\\\/#\\\/schema\\\/logo\\\/image\\\/\",\"url\":\"\",\"contentUrl\":\"\",\"caption\":\"Kurato.\"},\"image\":{\"@id\":\"https:\\\/\\\/kurato.ch\\\/#\\\/schema\\\/logo\\\/image\\\/\"},\"sameAs\":[\"https:\\\/\\\/www.facebook.com\\\/kuratoswitzerland\",\"https:\\\/\\\/www.instagram.com\\\/kurato.ch\\\/\",\"https:\\\/\\\/www.pinterest.ch\\\/kurato_ch\\\/_created\\\/\"]}]}<\/script>\n<!-- \/ Yoast SEO plugin. -->","yoast_head_json":{"title":"Beistelltisch Raymond Rodolfo Dordoni f\u00fcr Minotti | Vintage M\u00f6bel kaufen auf KURATO.CH","description":"Entdecke Vintage M\u00f6bel & Dekoration \u27a4 Beistelltisch Raymond Rodolfo Dordoni f\u00fcr Minotti auf Kurato. \u2713Lieferung Schweiz \u271314-Tage R\u00fcckgabe \u2713Secondhand Unikat","robots":{"index":"index","follow":"follow","max-snippet":"max-snippet:-1","max-image-preview":"max-image-preview:large","max-video-preview":"max-video-preview:-1"},"canonical":"https:\/\/kurato.ch\/fr\/product\/beistelltisch-raymond-rodolfo-dordoni-fuer-minotti\/","og_locale":"fr_FR","og_type":"article","og_title":"Beistelltisch Raymond Rodolfo Dordoni f\u00fcr Minotti | Vintage M\u00f6bel kaufen auf KURATO.CH","og_description":"Entdecke Vintage M\u00f6bel & Dekoration \u27a4 Beistelltisch Raymond Rodolfo Dordoni f\u00fcr Minotti auf Kurato. \u2713Lieferung Schweiz \u271314-Tage R\u00fcckgabe \u2713Secondhand Unikat","og_url":"https:\/\/kurato.ch\/fr\/product\/beistelltisch-raymond-rodolfo-dordoni-fuer-minotti\/","og_site_name":"Vintage M\u00f6bel &amp; Dekoration I Kurato","article_publisher":"https:\/\/www.facebook.com\/kuratoswitzerland","article_modified_time":"2024-06-10T10:24:16+00:00","og_image":[{"width":800,"height":800,"url":"https:\/\/kurato.ch\/wp-content\/uploads\/2024\/02\/Beistelltisch-Raymond-Rodolfo-Dordoni-fuer-Minotti-vintage-secondhand-gebraucht-schweiz-51.jpg","type":"image\/jpeg"}],"schema":{"@context":"https:\/\/schema.org","@graph":[{"@type":"WebPage","@id":"https:\/\/kurato.ch\/product\/beistelltisch-raymond-rodolfo-dordoni-fuer-minotti\/","url":"https:\/\/kurato.ch\/product\/beistelltisch-raymond-rodolfo-dordoni-fuer-minotti\/","name":"Beistelltisch Raymond Rodolfo Dordoni f\u00fcr Minotti | Vintage M\u00f6bel kaufen auf KURATO.CH","isPartOf":{"@id":"https:\/\/kurato.ch\/#website"},"primaryImageOfPage":{"@id":"https:\/\/kurato.ch\/product\/beistelltisch-raymond-rodolfo-dordoni-fuer-minotti\/#primaryimage"},"image":{"@id":"https:\/\/kurato.ch\/product\/beistelltisch-raymond-rodolfo-dordoni-fuer-minotti\/#primaryimage"},"thumbnailUrl":"https:\/\/kurato.ch\/wp-content\/uploads\/2024\/02\/Beistelltisch-Raymond-Rodolfo-Dordoni-fuer-Minotti-vintage-secondhand-gebraucht-schweiz-51.jpg","datePublished":"2024-02-26T19:53:42+00:00","dateModified":"2024-06-10T10:24:16+00:00","description":"Entdecke Vintage M\u00f6bel & Dekoration \u27a4 Beistelltisch Raymond Rodolfo Dordoni f\u00fcr Minotti auf Kurato. \u2713Lieferung Schweiz \u271314-Tage R\u00fcckgabe \u2713Secondhand Unikat","breadcrumb":{"@id":"https:\/\/kurato.ch\/product\/beistelltisch-raymond-rodolfo-dordoni-fuer-minotti\/#breadcrumb"},"inLanguage":"fr-FR","potentialAction":[{"@type":"ReadAction","target":["https:\/\/kurato.ch\/product\/beistelltisch-raymond-rodolfo-dordoni-fuer-minotti\/"]}]},{"@type":"ImageObject","inLanguage":"fr-FR","@id":"https:\/\/kurato.ch\/product\/beistelltisch-raymond-rodolfo-dordoni-fuer-minotti\/#primaryimage","url":"https:\/\/kurato.ch\/wp-content\/uploads\/2024\/02\/Beistelltisch-Raymond-Rodolfo-Dordoni-fuer-Minotti-vintage-secondhand-gebraucht-schweiz-51.jpg","contentUrl":"https:\/\/kurato.ch\/wp-content\/uploads\/2024\/02\/Beistelltisch-Raymond-Rodolfo-Dordoni-fuer-Minotti-vintage-secondhand-gebraucht-schweiz-51.jpg","width":800,"height":800,"caption":"Beistelltisch Raymond Rodolfo Dordoni f\u00fcr Minotti"},{"@type":"BreadcrumbList","@id":"https:\/\/kurato.ch\/product\/beistelltisch-raymond-rodolfo-dordoni-fuer-minotti\/#breadcrumb","itemListElement":[{"@type":"ListItem","position":1,"name":"Home","item":"https:\/\/kurato.ch\/"},{"@type":"ListItem","position":2,"name":"Neuheiten","item":"https:\/\/kurato.ch\/neuheiten\/"},{"@type":"ListItem","position":3,"name":"Beistelltisch Raymond Rodolfo Dordoni f\u00fcr Minotti"}]},{"@type":"WebSite","@id":"https:\/\/kurato.ch\/#website","url":"https:\/\/kurato.ch\/","name":"Meubles vintage &amp; d\u00e9coration I Kurato","description":"Meubles vintage &amp; d\u00e9coration I Kurato","publisher":{"@id":"https:\/\/kurato.ch\/#organization"},"potentialAction":[{"@type":"SearchAction","target":{"@type":"EntryPoint","urlTemplate":"https:\/\/kurato.ch\/?s={search_term_string}"},"query-input":{"@type":"PropertyValueSpecification","valueRequired":true,"valueName":"search_term_string"}}],"inLanguage":"fr-FR"},{"@type":"Organization","@id":"https:\/\/kurato.ch\/#organization","name":"Kurato.","url":"https:\/\/kurato.ch\/","logo":{"@type":"ImageObject","inLanguage":"fr-FR","@id":"https:\/\/kurato.ch\/#\/schema\/logo\/image\/","url":"","contentUrl":"","caption":"Kurato."},"image":{"@id":"https:\/\/kurato.ch\/#\/schema\/logo\/image\/"},"sameAs":["https:\/\/www.facebook.com\/kuratoswitzerland","https:\/\/www.instagram.com\/kurato.ch\/","https:\/\/www.pinterest.ch\/kurato_ch\/_created\/"]}]}},"_links":{"self":[{"href":"https:\/\/kurato.ch\/fr\/wp-json\/wp\/v2\/product\/51822","targetHints":{"allow":["GET"]}}],"collection":[{"href":"https:\/\/kurato.ch\/fr\/wp-json\/wp\/v2\/product"}],"about":[{"href":"https:\/\/kurato.ch\/fr\/wp-json\/wp\/v2\/types\/product"}],"wp:featuredmedia":[{"embeddable":true,"href":"https:\/\/kurato.ch\/fr\/wp-json\/wp\/v2\/media\/51923"}],"wp:attachment":[{"href":"https:\/\/kurato.ch\/fr\/wp-json\/wp\/v2\/media?parent=51822"}],"wp:term":[{"taxonomy":"product_brand","embeddable":true,"href":"https:\/\/kurato.ch\/fr\/wp-json\/wp\/v2\/product_brand?post=51822"},{"taxonomy":"product_cat","embeddable":true,"href":"https:\/\/kurato.ch\/fr\/wp-json\/wp\/v2\/product_cat?post=51822"},{"taxonomy":"product_tag","embeddable":true,"href":"https:\/\/kurato.ch\/fr\/wp-json\/wp\/v2\/product_tag?post=51822"}],"curies":[{"name":"wp","href":"https:\/\/api.w.org\/{rel}","templated":true}]}}