{"id":53122,"date":"2024-04-01T21:18:51","date_gmt":"2024-04-01T19:18:51","guid":{"rendered":"https:\/\/kurato.ch\/?post_type=product&#038;p=53122"},"modified":"2024-04-01T21:18:52","modified_gmt":"2024-04-01T19:18:52","slug":"sofa-d-70-osvaldo-borsani-fuer-tecno","status":"publish","type":"product","link":"https:\/\/kurato.ch\/fr\/product\/sofa-d-70-osvaldo-borsani-fuer-tecno\/","title":{"rendered":"Canap\u00e9 D 70 Osvaldo Borsani pour Tecno"},"content":{"rendered":"<p>Canap\u00e9 D 70 d'Osvaldo Borsani pour Tecno, gris, pi\u00e8ce d'exposition. Prix neuf 16'100.- ici avec la r\u00e9duction 25% pour seulement 12'075.<br \/>Das Konzept dieses exklusiven Sofas mit einem Gestell aus satiniertem, vernickeltem Metall bestand darin, ein lineares, minimalistisches Design zu optimieren. Ein einfacher Mechanismus, der durch einen Knopf an der R\u00fcckenlehne aktiviert wird, erm\u00f6glicht es, die beiden &#8222;Fl\u00fcgel&#8220; &#8211; die mit Polyurethanschaum gepolsterte R\u00fcckenlehne und den Sitz &#8211; in die gew\u00fcnschte Position zu bringen. Abholung oder Lieferung m\u00f6glich.<\/p>","protected":false},"excerpt":{"rendered":"<p>Sofa D 70 von Osvaldo Borsani f\u00fcr Tecno, Grau, Ausstellungsst\u00fcck. Neupreis 16&#8217;100.- hier mit 25% Rabatt f\u00fcr nur 12&#8217;075.-.Das Konzept dieses exklusiven Sofas mit einem Gestell aus satiniertem, vernickeltem Metall bestand darin, ein lineares, minimalistisches Design zu optimieren. Ein einfacher Mechanismus, der durch einen Knopf an der R\u00fcckenlehne aktiviert wird, erm\u00f6glicht es, die beiden &#8222;Fl\u00fcgel&#8220; [&hellip;]<\/p>\n","protected":false},"featured_media":53203,"template":"","meta":{"_acf_changed":false,"site-sidebar-layout":"default","site-content-layout":"","ast-site-content-layout":"default","site-content-style":"default","site-sidebar-style":"default","ast-global-header-display":"","ast-banner-title-visibility":"","ast-main-header-display":"","ast-hfb-above-header-display":"","ast-hfb-below-header-display":"","ast-hfb-mobile-header-display":"","site-post-title":"","ast-breadcrumbs-content":"","ast-featured-img":"","footer-sml-layout":"","ast-disable-related-posts":"","theme-transparent-header-meta":"","adv-header-id-meta":"","stick-header-meta":"","header-above-stick-meta":"","header-main-stick-meta":"","header-below-stick-meta":"","astra-migrate-meta-layouts":"default","ast-page-background-enabled":"default","ast-page-background-meta":{"desktop":{"background-color":"","background-image":"","background-repeat":"repeat","background-position":"center center","background-size":"auto","background-attachment":"scroll","background-type":"","background-media":"","overlay-type":"","overlay-color":"","overlay-opacity":"","overlay-gradient":""},"tablet":{"background-color":"","background-image":"","background-repeat":"repeat","background-position":"center center","background-size":"auto","background-attachment":"scroll","background-type":"","background-media":"","overlay-type":"","overlay-color":"","overlay-opacity":"","overlay-gradient":""},"mobile":{"background-color":"","background-image":"","background-repeat":"repeat","background-position":"center center","background-size":"auto","background-attachment":"scroll","background-type":"","background-media":"","overlay-type":"","overlay-color":"","overlay-opacity":"","overlay-gradient":""}},"ast-content-background-meta":{"desktop":{"background-color":"var(--ast-global-color-5)","background-image":"","background-repeat":"repeat","background-position":"center center","background-size":"auto","background-attachment":"scroll","background-type":"","background-media":"","overlay-type":"","overlay-color":"","overlay-opacity":"","overlay-gradient":""},"tablet":{"background-color":"var(--ast-global-color-5)","background-image":"","background-repeat":"repeat","background-position":"center center","background-size":"auto","background-attachment":"scroll","background-type":"","background-media":"","overlay-type":"","overlay-color":"","overlay-opacity":"","overlay-gradient":""},"mobile":{"background-color":"var(--ast-global-color-5)","background-image":"","background-repeat":"repeat","background-position":"center center","background-size":"auto","background-attachment":"scroll","background-type":"","background-media":"","overlay-type":"","overlay-color":"","overlay-opacity":"","overlay-gradient":""}}},"product_brand":[],"product_cat":[158],"product_tag":[],"class_list":{"0":"post-53122","1":"product","2":"type-product","3":"status-publish","4":"has-post-thumbnail","6":"product_cat-3-sitzer","7":"pa_farbe-grau","8":"pa_material-stoff","9":"pa_standort-mittelland","10":"pa_stil-design","11":"desktop-align-left","12":"tablet-align-left","13":"mobile-align-left","15":"first","16":"instock","17":"sold-individually","18":"shipping-taxable","19":"purchasable","20":"product-type-simple"},"acf":[],"yoast_head":"<!-- This site is optimized with the Yoast SEO plugin v27.4 - https:\/\/yoast.com\/product\/yoast-seo-wordpress\/ -->\n<title>Sofa D 70 Osvaldo Borsani f\u00fcr Tecno | Vintage M\u00f6bel kaufen auf KURATO.CH<\/title>\n<meta name=\"description\" content=\"Entdecke Vintage M\u00f6bel &amp; Dekoration \u27a4 Sofa D 70 Osvaldo Borsani f\u00fcr Tecno auf Kurato. \u2713Lieferung Schweiz \u271314-Tage R\u00fcckgabe \u2713Secondhand Unikat\" \/>\n<meta name=\"robots\" content=\"index, follow, max-snippet:-1, max-image-preview:large, max-video-preview:-1\" \/>\n<link rel=\"canonical\" href=\"https:\/\/kurato.ch\/fr\/product\/sofa-d-70-osvaldo-borsani-fuer-tecno\/\" \/>\n<meta property=\"og:locale\" content=\"fr_FR\" \/>\n<meta property=\"og:type\" content=\"article\" \/>\n<meta property=\"og:title\" content=\"Sofa D 70 Osvaldo Borsani f\u00fcr Tecno | Vintage M\u00f6bel kaufen auf KURATO.CH\" \/>\n<meta property=\"og:description\" content=\"Entdecke Vintage M\u00f6bel &amp; Dekoration \u27a4 Sofa D 70 Osvaldo Borsani f\u00fcr Tecno auf Kurato. \u2713Lieferung Schweiz \u271314-Tage R\u00fcckgabe \u2713Secondhand Unikat\" \/>\n<meta property=\"og:url\" content=\"https:\/\/kurato.ch\/fr\/product\/sofa-d-70-osvaldo-borsani-fuer-tecno\/\" \/>\n<meta property=\"og:site_name\" content=\"Vintage M\u00f6bel &amp; Dekoration I Kurato\" \/>\n<meta property=\"article:publisher\" content=\"https:\/\/www.facebook.com\/kuratoswitzerland\" \/>\n<meta property=\"article:modified_time\" content=\"2024-04-01T19:18:52+00:00\" \/>\n<meta property=\"og:image\" content=\"https:\/\/kurato.ch\/wp-content\/uploads\/2024\/04\/Sofa-D-70-Osvaldo-Borsani-fuer-Tecno-vintage-secondhand-gebraucht-schweiz-51.jpg\" \/>\n\t<meta property=\"og:image:width\" content=\"800\" \/>\n\t<meta property=\"og:image:height\" content=\"800\" \/>\n\t<meta property=\"og:image:type\" content=\"image\/jpeg\" \/>\n<script type=\"application\/ld+json\" class=\"yoast-schema-graph\">{\"@context\":\"https:\\\/\\\/schema.org\",\"@graph\":[{\"@type\":\"WebPage\",\"@id\":\"https:\\\/\\\/kurato.ch\\\/product\\\/sofa-d-70-osvaldo-borsani-fuer-tecno\\\/\",\"url\":\"https:\\\/\\\/kurato.ch\\\/product\\\/sofa-d-70-osvaldo-borsani-fuer-tecno\\\/\",\"name\":\"Sofa D 70 Osvaldo Borsani f\u00fcr Tecno | Vintage M\u00f6bel kaufen auf KURATO.CH\",\"isPartOf\":{\"@id\":\"https:\\\/\\\/kurato.ch\\\/#website\"},\"primaryImageOfPage\":{\"@id\":\"https:\\\/\\\/kurato.ch\\\/product\\\/sofa-d-70-osvaldo-borsani-fuer-tecno\\\/#primaryimage\"},\"image\":{\"@id\":\"https:\\\/\\\/kurato.ch\\\/product\\\/sofa-d-70-osvaldo-borsani-fuer-tecno\\\/#primaryimage\"},\"thumbnailUrl\":\"https:\\\/\\\/kurato.ch\\\/wp-content\\\/uploads\\\/2024\\\/04\\\/Sofa-D-70-Osvaldo-Borsani-fuer-Tecno-vintage-secondhand-gebraucht-schweiz-51.jpg\",\"datePublished\":\"2024-04-01T19:18:51+00:00\",\"dateModified\":\"2024-04-01T19:18:52+00:00\",\"description\":\"Entdecke Vintage M\u00f6bel & Dekoration \u27a4 Sofa D 70 Osvaldo Borsani f\u00fcr Tecno auf Kurato. \u2713Lieferung Schweiz \u271314-Tage R\u00fcckgabe \u2713Secondhand Unikat\",\"breadcrumb\":{\"@id\":\"https:\\\/\\\/kurato.ch\\\/product\\\/sofa-d-70-osvaldo-borsani-fuer-tecno\\\/#breadcrumb\"},\"inLanguage\":\"fr-FR\",\"potentialAction\":[{\"@type\":\"ReadAction\",\"target\":[\"https:\\\/\\\/kurato.ch\\\/product\\\/sofa-d-70-osvaldo-borsani-fuer-tecno\\\/\"]}]},{\"@type\":\"ImageObject\",\"inLanguage\":\"fr-FR\",\"@id\":\"https:\\\/\\\/kurato.ch\\\/product\\\/sofa-d-70-osvaldo-borsani-fuer-tecno\\\/#primaryimage\",\"url\":\"https:\\\/\\\/kurato.ch\\\/wp-content\\\/uploads\\\/2024\\\/04\\\/Sofa-D-70-Osvaldo-Borsani-fuer-Tecno-vintage-secondhand-gebraucht-schweiz-51.jpg\",\"contentUrl\":\"https:\\\/\\\/kurato.ch\\\/wp-content\\\/uploads\\\/2024\\\/04\\\/Sofa-D-70-Osvaldo-Borsani-fuer-Tecno-vintage-secondhand-gebraucht-schweiz-51.jpg\",\"width\":800,\"height\":800,\"caption\":\"Sofa D 70 Osvaldo Borsani f\u00fcr Tecno\"},{\"@type\":\"BreadcrumbList\",\"@id\":\"https:\\\/\\\/kurato.ch\\\/product\\\/sofa-d-70-osvaldo-borsani-fuer-tecno\\\/#breadcrumb\",\"itemListElement\":[{\"@type\":\"ListItem\",\"position\":1,\"name\":\"Home\",\"item\":\"https:\\\/\\\/kurato.ch\\\/\"},{\"@type\":\"ListItem\",\"position\":2,\"name\":\"Neuheiten\",\"item\":\"https:\\\/\\\/kurato.ch\\\/neuheiten\\\/\"},{\"@type\":\"ListItem\",\"position\":3,\"name\":\"Sofa D 70 Osvaldo Borsani f\u00fcr Tecno\"}]},{\"@type\":\"WebSite\",\"@id\":\"https:\\\/\\\/kurato.ch\\\/#website\",\"url\":\"https:\\\/\\\/kurato.ch\\\/\",\"name\":\"Vintage M\u00f6bel &amp; Dekoration I Kurato\",\"description\":\"Vintage M\u00f6bel &amp; Dekoration I Kurato\",\"publisher\":{\"@id\":\"https:\\\/\\\/kurato.ch\\\/#organization\"},\"potentialAction\":[{\"@type\":\"SearchAction\",\"target\":{\"@type\":\"EntryPoint\",\"urlTemplate\":\"https:\\\/\\\/kurato.ch\\\/?s={search_term_string}\"},\"query-input\":{\"@type\":\"PropertyValueSpecification\",\"valueRequired\":true,\"valueName\":\"search_term_string\"}}],\"inLanguage\":\"fr-FR\"},{\"@type\":\"Organization\",\"@id\":\"https:\\\/\\\/kurato.ch\\\/#organization\",\"name\":\"Kurato.\",\"url\":\"https:\\\/\\\/kurato.ch\\\/\",\"logo\":{\"@type\":\"ImageObject\",\"inLanguage\":\"fr-FR\",\"@id\":\"https:\\\/\\\/kurato.ch\\\/#\\\/schema\\\/logo\\\/image\\\/\",\"url\":\"\",\"contentUrl\":\"\",\"caption\":\"Kurato.\"},\"image\":{\"@id\":\"https:\\\/\\\/kurato.ch\\\/#\\\/schema\\\/logo\\\/image\\\/\"},\"sameAs\":[\"https:\\\/\\\/www.facebook.com\\\/kuratoswitzerland\",\"https:\\\/\\\/www.instagram.com\\\/kurato.ch\\\/\",\"https:\\\/\\\/www.pinterest.ch\\\/kurato_ch\\\/_created\\\/\"]}]}<\/script>\n<!-- \/ Yoast SEO plugin. -->","yoast_head_json":{"title":"Sofa D 70 Osvaldo Borsani f\u00fcr Tecno | Vintage M\u00f6bel kaufen auf KURATO.CH","description":"Entdecke Vintage M\u00f6bel & Dekoration \u27a4 Sofa D 70 Osvaldo Borsani f\u00fcr Tecno auf Kurato. \u2713Lieferung Schweiz \u271314-Tage R\u00fcckgabe \u2713Secondhand Unikat","robots":{"index":"index","follow":"follow","max-snippet":"max-snippet:-1","max-image-preview":"max-image-preview:large","max-video-preview":"max-video-preview:-1"},"canonical":"https:\/\/kurato.ch\/fr\/product\/sofa-d-70-osvaldo-borsani-fuer-tecno\/","og_locale":"fr_FR","og_type":"article","og_title":"Sofa D 70 Osvaldo Borsani f\u00fcr Tecno | Vintage M\u00f6bel kaufen auf KURATO.CH","og_description":"Entdecke Vintage M\u00f6bel & Dekoration \u27a4 Sofa D 70 Osvaldo Borsani f\u00fcr Tecno auf Kurato. \u2713Lieferung Schweiz \u271314-Tage R\u00fcckgabe \u2713Secondhand Unikat","og_url":"https:\/\/kurato.ch\/fr\/product\/sofa-d-70-osvaldo-borsani-fuer-tecno\/","og_site_name":"Vintage M\u00f6bel &amp; Dekoration I Kurato","article_publisher":"https:\/\/www.facebook.com\/kuratoswitzerland","article_modified_time":"2024-04-01T19:18:52+00:00","og_image":[{"width":800,"height":800,"url":"https:\/\/kurato.ch\/wp-content\/uploads\/2024\/04\/Sofa-D-70-Osvaldo-Borsani-fuer-Tecno-vintage-secondhand-gebraucht-schweiz-51.jpg","type":"image\/jpeg"}],"schema":{"@context":"https:\/\/schema.org","@graph":[{"@type":"WebPage","@id":"https:\/\/kurato.ch\/product\/sofa-d-70-osvaldo-borsani-fuer-tecno\/","url":"https:\/\/kurato.ch\/product\/sofa-d-70-osvaldo-borsani-fuer-tecno\/","name":"Sofa D 70 Osvaldo Borsani f\u00fcr Tecno | Vintage M\u00f6bel kaufen auf KURATO.CH","isPartOf":{"@id":"https:\/\/kurato.ch\/#website"},"primaryImageOfPage":{"@id":"https:\/\/kurato.ch\/product\/sofa-d-70-osvaldo-borsani-fuer-tecno\/#primaryimage"},"image":{"@id":"https:\/\/kurato.ch\/product\/sofa-d-70-osvaldo-borsani-fuer-tecno\/#primaryimage"},"thumbnailUrl":"https:\/\/kurato.ch\/wp-content\/uploads\/2024\/04\/Sofa-D-70-Osvaldo-Borsani-fuer-Tecno-vintage-secondhand-gebraucht-schweiz-51.jpg","datePublished":"2024-04-01T19:18:51+00:00","dateModified":"2024-04-01T19:18:52+00:00","description":"Entdecke Vintage M\u00f6bel & Dekoration \u27a4 Sofa D 70 Osvaldo Borsani f\u00fcr Tecno auf Kurato. \u2713Lieferung Schweiz \u271314-Tage R\u00fcckgabe \u2713Secondhand Unikat","breadcrumb":{"@id":"https:\/\/kurato.ch\/product\/sofa-d-70-osvaldo-borsani-fuer-tecno\/#breadcrumb"},"inLanguage":"fr-FR","potentialAction":[{"@type":"ReadAction","target":["https:\/\/kurato.ch\/product\/sofa-d-70-osvaldo-borsani-fuer-tecno\/"]}]},{"@type":"ImageObject","inLanguage":"fr-FR","@id":"https:\/\/kurato.ch\/product\/sofa-d-70-osvaldo-borsani-fuer-tecno\/#primaryimage","url":"https:\/\/kurato.ch\/wp-content\/uploads\/2024\/04\/Sofa-D-70-Osvaldo-Borsani-fuer-Tecno-vintage-secondhand-gebraucht-schweiz-51.jpg","contentUrl":"https:\/\/kurato.ch\/wp-content\/uploads\/2024\/04\/Sofa-D-70-Osvaldo-Borsani-fuer-Tecno-vintage-secondhand-gebraucht-schweiz-51.jpg","width":800,"height":800,"caption":"Sofa D 70 Osvaldo Borsani f\u00fcr Tecno"},{"@type":"BreadcrumbList","@id":"https:\/\/kurato.ch\/product\/sofa-d-70-osvaldo-borsani-fuer-tecno\/#breadcrumb","itemListElement":[{"@type":"ListItem","position":1,"name":"Home","item":"https:\/\/kurato.ch\/"},{"@type":"ListItem","position":2,"name":"Neuheiten","item":"https:\/\/kurato.ch\/neuheiten\/"},{"@type":"ListItem","position":3,"name":"Sofa D 70 Osvaldo Borsani f\u00fcr Tecno"}]},{"@type":"WebSite","@id":"https:\/\/kurato.ch\/#website","url":"https:\/\/kurato.ch\/","name":"Meubles vintage &amp; d\u00e9coration I Kurato","description":"Meubles vintage &amp; d\u00e9coration I Kurato","publisher":{"@id":"https:\/\/kurato.ch\/#organization"},"potentialAction":[{"@type":"SearchAction","target":{"@type":"EntryPoint","urlTemplate":"https:\/\/kurato.ch\/?s={search_term_string}"},"query-input":{"@type":"PropertyValueSpecification","valueRequired":true,"valueName":"search_term_string"}}],"inLanguage":"fr-FR"},{"@type":"Organization","@id":"https:\/\/kurato.ch\/#organization","name":"Kurato.","url":"https:\/\/kurato.ch\/","logo":{"@type":"ImageObject","inLanguage":"fr-FR","@id":"https:\/\/kurato.ch\/#\/schema\/logo\/image\/","url":"","contentUrl":"","caption":"Kurato."},"image":{"@id":"https:\/\/kurato.ch\/#\/schema\/logo\/image\/"},"sameAs":["https:\/\/www.facebook.com\/kuratoswitzerland","https:\/\/www.instagram.com\/kurato.ch\/","https:\/\/www.pinterest.ch\/kurato_ch\/_created\/"]}]}},"_links":{"self":[{"href":"https:\/\/kurato.ch\/fr\/wp-json\/wp\/v2\/product\/53122","targetHints":{"allow":["GET"]}}],"collection":[{"href":"https:\/\/kurato.ch\/fr\/wp-json\/wp\/v2\/product"}],"about":[{"href":"https:\/\/kurato.ch\/fr\/wp-json\/wp\/v2\/types\/product"}],"wp:featuredmedia":[{"embeddable":true,"href":"https:\/\/kurato.ch\/fr\/wp-json\/wp\/v2\/media\/53203"}],"wp:attachment":[{"href":"https:\/\/kurato.ch\/fr\/wp-json\/wp\/v2\/media?parent=53122"}],"wp:term":[{"taxonomy":"product_brand","embeddable":true,"href":"https:\/\/kurato.ch\/fr\/wp-json\/wp\/v2\/product_brand?post=53122"},{"taxonomy":"product_cat","embeddable":true,"href":"https:\/\/kurato.ch\/fr\/wp-json\/wp\/v2\/product_cat?post=53122"},{"taxonomy":"product_tag","embeddable":true,"href":"https:\/\/kurato.ch\/fr\/wp-json\/wp\/v2\/product_tag?post=53122"}],"curies":[{"name":"wp","href":"https:\/\/api.w.org\/{rel}","templated":true}]}}