{"id":53164,"date":"2024-04-01T21:02:06","date_gmt":"2024-04-01T19:02:06","guid":{"rendered":"https:\/\/kurato.ch\/?post_type=product&#038;p=53164"},"modified":"2024-04-01T21:02:08","modified_gmt":"2024-04-01T19:02:08","slug":"arbeitsplatz-new-order-stefan-diez-fuer-hay","status":"publish","type":"product","link":"https:\/\/kurato.ch\/fr\/product\/arbeitsplatz-new-order-stefan-diez-fuer-hay\/","title":{"rendered":"Lieu de travail New Order Stefan Diez pour Hay"},"content":{"rendered":"<p>Pi\u00e8ce d'exposition avec de l\u00e9g\u00e8res traces d'utilisation Prix neuf 6'341, ici encore 3'100.<br \/>New Order cr\u00e9e des atmosph\u00e8res et des espaces qui rassemblent les gens et permet aux utilisateurs de se sentir aussi \u00e0 l'aise au travail qu'\u00e0 la maison. Il offre des solutions extr\u00eamement flexibles pour le stockage, l'organisation et l'affichage, tout en se distinguant par sa simplicit\u00e9. Possibilit\u00e9 d'enl\u00e8vement ou de livraison.<\/p>","protected":false},"excerpt":{"rendered":"<p>Ausstellungsst\u00fcck mit leichten Gebrauchsspuren Neupreis 6&#8217;341, hier noch 3&#8217;100.-New Order schafft Atmosph\u00e4ren und R\u00e4ume, die Menschen zusammenbringen, und erm\u00f6glicht es dem Benutzer, sich im Arbeitsplatz genauso wohl zu f\u00fchlen wie zu Hause. Es bietet \u00e4u\u00dferst flexible L\u00f6sungen f\u00fcr Lagerung, Organisation und Anzeige, w\u00e4hrend es sich durch seine Einfachheit auszeichnet. Abholung oder Lieferung m\u00f6glich.<\/p>","protected":false},"featured_media":53196,"template":"","meta":{"_acf_changed":false,"site-sidebar-layout":"default","site-content-layout":"","ast-site-content-layout":"default","site-content-style":"default","site-sidebar-style":"default","ast-global-header-display":"","ast-banner-title-visibility":"","ast-main-header-display":"","ast-hfb-above-header-display":"","ast-hfb-below-header-display":"","ast-hfb-mobile-header-display":"","site-post-title":"","ast-breadcrumbs-content":"","ast-featured-img":"","footer-sml-layout":"","ast-disable-related-posts":"","theme-transparent-header-meta":"","adv-header-id-meta":"","stick-header-meta":"","header-above-stick-meta":"","header-main-stick-meta":"","header-below-stick-meta":"","astra-migrate-meta-layouts":"default","ast-page-background-enabled":"default","ast-page-background-meta":{"desktop":{"background-color":"","background-image":"","background-repeat":"repeat","background-position":"center center","background-size":"auto","background-attachment":"scroll","background-type":"","background-media":"","overlay-type":"","overlay-color":"","overlay-opacity":"","overlay-gradient":""},"tablet":{"background-color":"","background-image":"","background-repeat":"repeat","background-position":"center center","background-size":"auto","background-attachment":"scroll","background-type":"","background-media":"","overlay-type":"","overlay-color":"","overlay-opacity":"","overlay-gradient":""},"mobile":{"background-color":"","background-image":"","background-repeat":"repeat","background-position":"center center","background-size":"auto","background-attachment":"scroll","background-type":"","background-media":"","overlay-type":"","overlay-color":"","overlay-opacity":"","overlay-gradient":""}},"ast-content-background-meta":{"desktop":{"background-color":"var(--ast-global-color-5)","background-image":"","background-repeat":"repeat","background-position":"center center","background-size":"auto","background-attachment":"scroll","background-type":"","background-media":"","overlay-type":"","overlay-color":"","overlay-opacity":"","overlay-gradient":""},"tablet":{"background-color":"var(--ast-global-color-5)","background-image":"","background-repeat":"repeat","background-position":"center center","background-size":"auto","background-attachment":"scroll","background-type":"","background-media":"","overlay-type":"","overlay-color":"","overlay-opacity":"","overlay-gradient":""},"mobile":{"background-color":"var(--ast-global-color-5)","background-image":"","background-repeat":"repeat","background-position":"center center","background-size":"auto","background-attachment":"scroll","background-type":"","background-media":"","overlay-type":"","overlay-color":"","overlay-opacity":"","overlay-gradient":""}}},"product_brand":[],"product_cat":[169],"product_tag":[],"class_list":{"0":"post-53164","1":"product","2":"type-product","3":"status-publish","4":"has-post-thumbnail","6":"product_cat-vintage-schreibtisch","7":"pa_designer-hay","8":"pa_farbe-grau","9":"pa_material-metall","10":"pa_standort-mittelland","11":"pa_stil-design","12":"desktop-align-left","13":"tablet-align-left","14":"mobile-align-left","16":"first","17":"instock","18":"sold-individually","19":"shipping-taxable","20":"purchasable","21":"product-type-simple"},"acf":[],"yoast_head":"<!-- This site is optimized with the Yoast SEO plugin v27.3 - https:\/\/yoast.com\/product\/yoast-seo-wordpress\/ -->\n<title>Arbeitsplatz New Order Stefan Diez f\u00fcr Hay | Vintage M\u00f6bel kaufen auf KURATO.CH<\/title>\n<meta name=\"description\" content=\"Entdecke Vintage M\u00f6bel &amp; Dekoration \u27a4 Arbeitsplatz New Order Stefan Diez f\u00fcr Hay auf Kurato. \u2713Lieferung Schweiz \u271314-Tage R\u00fcckgabe \u2713Secondhand Unikat\" \/>\n<meta name=\"robots\" content=\"index, follow, max-snippet:-1, max-image-preview:large, max-video-preview:-1\" \/>\n<link rel=\"canonical\" href=\"https:\/\/kurato.ch\/fr\/product\/arbeitsplatz-new-order-stefan-diez-fuer-hay\/\" \/>\n<meta property=\"og:locale\" content=\"fr_FR\" \/>\n<meta property=\"og:type\" content=\"article\" \/>\n<meta property=\"og:title\" content=\"Arbeitsplatz New Order Stefan Diez f\u00fcr Hay | Vintage M\u00f6bel kaufen auf KURATO.CH\" \/>\n<meta property=\"og:description\" content=\"Entdecke Vintage M\u00f6bel &amp; Dekoration \u27a4 Arbeitsplatz New Order Stefan Diez f\u00fcr Hay auf Kurato. \u2713Lieferung Schweiz \u271314-Tage R\u00fcckgabe \u2713Secondhand Unikat\" \/>\n<meta property=\"og:url\" content=\"https:\/\/kurato.ch\/fr\/product\/arbeitsplatz-new-order-stefan-diez-fuer-hay\/\" \/>\n<meta property=\"og:site_name\" content=\"Vintage M\u00f6bel &amp; Dekoration I Kurato\" \/>\n<meta property=\"article:publisher\" content=\"https:\/\/www.facebook.com\/kuratoswitzerland\" \/>\n<meta property=\"article:modified_time\" content=\"2024-04-01T19:02:08+00:00\" \/>\n<meta property=\"og:image\" content=\"https:\/\/kurato.ch\/wp-content\/uploads\/2024\/04\/Arbeitsplatz-New-Order-Stefan-Diez-fuer-Hay-vintage-secondhand-gebraucht-schweiz-51.jpg\" \/>\n\t<meta property=\"og:image:width\" content=\"800\" \/>\n\t<meta property=\"og:image:height\" content=\"800\" \/>\n\t<meta property=\"og:image:type\" content=\"image\/jpeg\" \/>\n<script type=\"application\/ld+json\" class=\"yoast-schema-graph\">{\"@context\":\"https:\\\/\\\/schema.org\",\"@graph\":[{\"@type\":\"WebPage\",\"@id\":\"https:\\\/\\\/kurato.ch\\\/product\\\/arbeitsplatz-new-order-stefan-diez-fuer-hay\\\/\",\"url\":\"https:\\\/\\\/kurato.ch\\\/product\\\/arbeitsplatz-new-order-stefan-diez-fuer-hay\\\/\",\"name\":\"Arbeitsplatz New Order Stefan Diez f\u00fcr Hay | Vintage M\u00f6bel kaufen auf KURATO.CH\",\"isPartOf\":{\"@id\":\"https:\\\/\\\/kurato.ch\\\/#website\"},\"primaryImageOfPage\":{\"@id\":\"https:\\\/\\\/kurato.ch\\\/product\\\/arbeitsplatz-new-order-stefan-diez-fuer-hay\\\/#primaryimage\"},\"image\":{\"@id\":\"https:\\\/\\\/kurato.ch\\\/product\\\/arbeitsplatz-new-order-stefan-diez-fuer-hay\\\/#primaryimage\"},\"thumbnailUrl\":\"https:\\\/\\\/kurato.ch\\\/wp-content\\\/uploads\\\/2024\\\/04\\\/Arbeitsplatz-New-Order-Stefan-Diez-fuer-Hay-vintage-secondhand-gebraucht-schweiz-51.jpg\",\"datePublished\":\"2024-04-01T19:02:06+00:00\",\"dateModified\":\"2024-04-01T19:02:08+00:00\",\"description\":\"Entdecke Vintage M\u00f6bel & Dekoration \u27a4 Arbeitsplatz New Order Stefan Diez f\u00fcr Hay auf Kurato. \u2713Lieferung Schweiz \u271314-Tage R\u00fcckgabe \u2713Secondhand Unikat\",\"breadcrumb\":{\"@id\":\"https:\\\/\\\/kurato.ch\\\/product\\\/arbeitsplatz-new-order-stefan-diez-fuer-hay\\\/#breadcrumb\"},\"inLanguage\":\"fr-FR\",\"potentialAction\":[{\"@type\":\"ReadAction\",\"target\":[\"https:\\\/\\\/kurato.ch\\\/product\\\/arbeitsplatz-new-order-stefan-diez-fuer-hay\\\/\"]}]},{\"@type\":\"ImageObject\",\"inLanguage\":\"fr-FR\",\"@id\":\"https:\\\/\\\/kurato.ch\\\/product\\\/arbeitsplatz-new-order-stefan-diez-fuer-hay\\\/#primaryimage\",\"url\":\"https:\\\/\\\/kurato.ch\\\/wp-content\\\/uploads\\\/2024\\\/04\\\/Arbeitsplatz-New-Order-Stefan-Diez-fuer-Hay-vintage-secondhand-gebraucht-schweiz-51.jpg\",\"contentUrl\":\"https:\\\/\\\/kurato.ch\\\/wp-content\\\/uploads\\\/2024\\\/04\\\/Arbeitsplatz-New-Order-Stefan-Diez-fuer-Hay-vintage-secondhand-gebraucht-schweiz-51.jpg\",\"width\":800,\"height\":800},{\"@type\":\"BreadcrumbList\",\"@id\":\"https:\\\/\\\/kurato.ch\\\/product\\\/arbeitsplatz-new-order-stefan-diez-fuer-hay\\\/#breadcrumb\",\"itemListElement\":[{\"@type\":\"ListItem\",\"position\":1,\"name\":\"Home\",\"item\":\"https:\\\/\\\/kurato.ch\\\/\"},{\"@type\":\"ListItem\",\"position\":2,\"name\":\"Neuheiten\",\"item\":\"https:\\\/\\\/kurato.ch\\\/neuheiten\\\/\"},{\"@type\":\"ListItem\",\"position\":3,\"name\":\"Arbeitsplatz New Order Stefan Diez f\u00fcr Hay\"}]},{\"@type\":\"WebSite\",\"@id\":\"https:\\\/\\\/kurato.ch\\\/#website\",\"url\":\"https:\\\/\\\/kurato.ch\\\/\",\"name\":\"Vintage M\u00f6bel &amp; Dekoration I Kurato\",\"description\":\"Vintage M\u00f6bel &amp; Dekoration I Kurato\",\"publisher\":{\"@id\":\"https:\\\/\\\/kurato.ch\\\/#organization\"},\"potentialAction\":[{\"@type\":\"SearchAction\",\"target\":{\"@type\":\"EntryPoint\",\"urlTemplate\":\"https:\\\/\\\/kurato.ch\\\/?s={search_term_string}\"},\"query-input\":{\"@type\":\"PropertyValueSpecification\",\"valueRequired\":true,\"valueName\":\"search_term_string\"}}],\"inLanguage\":\"fr-FR\"},{\"@type\":\"Organization\",\"@id\":\"https:\\\/\\\/kurato.ch\\\/#organization\",\"name\":\"Kurato.\",\"url\":\"https:\\\/\\\/kurato.ch\\\/\",\"logo\":{\"@type\":\"ImageObject\",\"inLanguage\":\"fr-FR\",\"@id\":\"https:\\\/\\\/kurato.ch\\\/#\\\/schema\\\/logo\\\/image\\\/\",\"url\":\"\",\"contentUrl\":\"\",\"caption\":\"Kurato.\"},\"image\":{\"@id\":\"https:\\\/\\\/kurato.ch\\\/#\\\/schema\\\/logo\\\/image\\\/\"},\"sameAs\":[\"https:\\\/\\\/www.facebook.com\\\/kuratoswitzerland\",\"https:\\\/\\\/www.instagram.com\\\/kurato.ch\\\/\",\"https:\\\/\\\/www.pinterest.ch\\\/kurato_ch\\\/_created\\\/\"]}]}<\/script>\n<!-- \/ Yoast SEO plugin. -->","yoast_head_json":{"title":"Arbeitsplatz New Order Stefan Diez f\u00fcr Hay | Vintage M\u00f6bel kaufen auf KURATO.CH","description":"Entdecke Vintage M\u00f6bel & Dekoration \u27a4 Arbeitsplatz New Order Stefan Diez f\u00fcr Hay auf Kurato. \u2713Lieferung Schweiz \u271314-Tage R\u00fcckgabe \u2713Secondhand Unikat","robots":{"index":"index","follow":"follow","max-snippet":"max-snippet:-1","max-image-preview":"max-image-preview:large","max-video-preview":"max-video-preview:-1"},"canonical":"https:\/\/kurato.ch\/fr\/product\/arbeitsplatz-new-order-stefan-diez-fuer-hay\/","og_locale":"fr_FR","og_type":"article","og_title":"Arbeitsplatz New Order Stefan Diez f\u00fcr Hay | Vintage M\u00f6bel kaufen auf KURATO.CH","og_description":"Entdecke Vintage M\u00f6bel & Dekoration \u27a4 Arbeitsplatz New Order Stefan Diez f\u00fcr Hay auf Kurato. \u2713Lieferung Schweiz \u271314-Tage R\u00fcckgabe \u2713Secondhand Unikat","og_url":"https:\/\/kurato.ch\/fr\/product\/arbeitsplatz-new-order-stefan-diez-fuer-hay\/","og_site_name":"Vintage M\u00f6bel &amp; Dekoration I Kurato","article_publisher":"https:\/\/www.facebook.com\/kuratoswitzerland","article_modified_time":"2024-04-01T19:02:08+00:00","og_image":[{"width":800,"height":800,"url":"https:\/\/kurato.ch\/wp-content\/uploads\/2024\/04\/Arbeitsplatz-New-Order-Stefan-Diez-fuer-Hay-vintage-secondhand-gebraucht-schweiz-51.jpg","type":"image\/jpeg"}],"schema":{"@context":"https:\/\/schema.org","@graph":[{"@type":"WebPage","@id":"https:\/\/kurato.ch\/product\/arbeitsplatz-new-order-stefan-diez-fuer-hay\/","url":"https:\/\/kurato.ch\/product\/arbeitsplatz-new-order-stefan-diez-fuer-hay\/","name":"Arbeitsplatz New Order Stefan Diez f\u00fcr Hay | Vintage M\u00f6bel kaufen auf KURATO.CH","isPartOf":{"@id":"https:\/\/kurato.ch\/#website"},"primaryImageOfPage":{"@id":"https:\/\/kurato.ch\/product\/arbeitsplatz-new-order-stefan-diez-fuer-hay\/#primaryimage"},"image":{"@id":"https:\/\/kurato.ch\/product\/arbeitsplatz-new-order-stefan-diez-fuer-hay\/#primaryimage"},"thumbnailUrl":"https:\/\/kurato.ch\/wp-content\/uploads\/2024\/04\/Arbeitsplatz-New-Order-Stefan-Diez-fuer-Hay-vintage-secondhand-gebraucht-schweiz-51.jpg","datePublished":"2024-04-01T19:02:06+00:00","dateModified":"2024-04-01T19:02:08+00:00","description":"Entdecke Vintage M\u00f6bel & Dekoration \u27a4 Arbeitsplatz New Order Stefan Diez f\u00fcr Hay auf Kurato. \u2713Lieferung Schweiz \u271314-Tage R\u00fcckgabe \u2713Secondhand Unikat","breadcrumb":{"@id":"https:\/\/kurato.ch\/product\/arbeitsplatz-new-order-stefan-diez-fuer-hay\/#breadcrumb"},"inLanguage":"fr-FR","potentialAction":[{"@type":"ReadAction","target":["https:\/\/kurato.ch\/product\/arbeitsplatz-new-order-stefan-diez-fuer-hay\/"]}]},{"@type":"ImageObject","inLanguage":"fr-FR","@id":"https:\/\/kurato.ch\/product\/arbeitsplatz-new-order-stefan-diez-fuer-hay\/#primaryimage","url":"https:\/\/kurato.ch\/wp-content\/uploads\/2024\/04\/Arbeitsplatz-New-Order-Stefan-Diez-fuer-Hay-vintage-secondhand-gebraucht-schweiz-51.jpg","contentUrl":"https:\/\/kurato.ch\/wp-content\/uploads\/2024\/04\/Arbeitsplatz-New-Order-Stefan-Diez-fuer-Hay-vintage-secondhand-gebraucht-schweiz-51.jpg","width":800,"height":800},{"@type":"BreadcrumbList","@id":"https:\/\/kurato.ch\/product\/arbeitsplatz-new-order-stefan-diez-fuer-hay\/#breadcrumb","itemListElement":[{"@type":"ListItem","position":1,"name":"Home","item":"https:\/\/kurato.ch\/"},{"@type":"ListItem","position":2,"name":"Neuheiten","item":"https:\/\/kurato.ch\/neuheiten\/"},{"@type":"ListItem","position":3,"name":"Arbeitsplatz New Order Stefan Diez f\u00fcr Hay"}]},{"@type":"WebSite","@id":"https:\/\/kurato.ch\/#website","url":"https:\/\/kurato.ch\/","name":"Meubles vintage &amp; d\u00e9coration I Kurato","description":"Meubles vintage &amp; d\u00e9coration I Kurato","publisher":{"@id":"https:\/\/kurato.ch\/#organization"},"potentialAction":[{"@type":"SearchAction","target":{"@type":"EntryPoint","urlTemplate":"https:\/\/kurato.ch\/?s={search_term_string}"},"query-input":{"@type":"PropertyValueSpecification","valueRequired":true,"valueName":"search_term_string"}}],"inLanguage":"fr-FR"},{"@type":"Organization","@id":"https:\/\/kurato.ch\/#organization","name":"Kurato.","url":"https:\/\/kurato.ch\/","logo":{"@type":"ImageObject","inLanguage":"fr-FR","@id":"https:\/\/kurato.ch\/#\/schema\/logo\/image\/","url":"","contentUrl":"","caption":"Kurato."},"image":{"@id":"https:\/\/kurato.ch\/#\/schema\/logo\/image\/"},"sameAs":["https:\/\/www.facebook.com\/kuratoswitzerland","https:\/\/www.instagram.com\/kurato.ch\/","https:\/\/www.pinterest.ch\/kurato_ch\/_created\/"]}]}},"_links":{"self":[{"href":"https:\/\/kurato.ch\/fr\/wp-json\/wp\/v2\/product\/53164","targetHints":{"allow":["GET"]}}],"collection":[{"href":"https:\/\/kurato.ch\/fr\/wp-json\/wp\/v2\/product"}],"about":[{"href":"https:\/\/kurato.ch\/fr\/wp-json\/wp\/v2\/types\/product"}],"wp:featuredmedia":[{"embeddable":true,"href":"https:\/\/kurato.ch\/fr\/wp-json\/wp\/v2\/media\/53196"}],"wp:attachment":[{"href":"https:\/\/kurato.ch\/fr\/wp-json\/wp\/v2\/media?parent=53164"}],"wp:term":[{"taxonomy":"product_brand","embeddable":true,"href":"https:\/\/kurato.ch\/fr\/wp-json\/wp\/v2\/product_brand?post=53164"},{"taxonomy":"product_cat","embeddable":true,"href":"https:\/\/kurato.ch\/fr\/wp-json\/wp\/v2\/product_cat?post=53164"},{"taxonomy":"product_tag","embeddable":true,"href":"https:\/\/kurato.ch\/fr\/wp-json\/wp\/v2\/product_tag?post=53164"}],"curies":[{"name":"wp","href":"https:\/\/api.w.org\/{rel}","templated":true}]}}