{"id":53354,"date":"2024-04-07T14:37:55","date_gmt":"2024-04-07T12:37:55","guid":{"rendered":"https:\/\/kurato.ch\/?post_type=product&#038;p=53354"},"modified":"2024-08-11T17:11:44","modified_gmt":"2024-08-11T15:11:44","slug":"top-sit-stuhl-winfried-staeb-fuer-reuters-formlife-collection","status":"publish","type":"product","link":"https:\/\/kurato.ch\/fr\/product\/top-sit-stuhl-winfried-staeb-fuer-reuters-formlife-collection\/","title":{"rendered":"&#8218;Top-Sit&#8216; Stuhl Winfried Staeb f\u00fcr Reuters Form+Life Collection"},"content":{"rendered":"<p>&#8218;Top-Sit&#8216; St\u00fchl von Winfried Staeb f\u00fcr Reuters Form+Life Collection, 1960er Jahre<\/p>\n<p>Hierbei handelt es sich um einen originalen Top-Sit St\u00fchle, der im Jahr 1969 von Winfried Staeb f\u00fcr die Reuters Form+Life Collection entworfen wurden. Es ist ein wundersch\u00f6ne Beispiel f\u00fcr fr\u00fche M\u00f6bel aus gegossenem Polyurethan.<\/p>\n<p>- Concepteur : Winfried Staeb<br \/>- Fabricant : Reuter Produit<br \/>&#8211; Modell: &#8218;Top-Sit&#8216;<br \/>- P\u00e9riode : Ann\u00e9es soixante<\/p>\n<p>La chaise Top-Sit a \u00e9t\u00e9 con\u00e7ue par Winfried Staeb (Allemagne) en 1969. La chaise a \u00e9t\u00e9 produite pour la collection Form+Life de Reuter Product Design. Il s'agit d'un exemple parfait de chaise Space Age. La chaise est faite d'une seule pi\u00e8ce de plastique laqu\u00e9 rouge et poss\u00e8de une poign\u00e9e dans le dossier bas. Une chaise qui attire l'attention !<\/p>\n<p>D\u00e9tails :<br \/>- Mat\u00e9riau : polyur\u00e9thane<br \/>- Couleur : Rouge<br \/>- \u00c9tat : tr\u00e8s bon \u00e9tat vintage<\/p>\n<p>Masse :<br \/>- Largeur : 50 cm<br \/>- Profondeur : 40 cm<br \/>- Hauteur : 59 cm<br \/>- Hauteur du si\u00e8ge : 44 cm<\/p>\n<p>Prix : 723,- CHF (par chaise)<\/p>\n<p>&#8211; Abholung in Z\u00fcrich mit Terminvereinbarung m\u00f6glich.<\/p>","protected":false},"excerpt":{"rendered":"<p>&#8218;Top-Sit&#8216; St\u00fchl von Winfried Staeb f\u00fcr Reuters Form+Life Collection, 1960er Jahre Hierbei handelt es sich um einen originalen Top-Sit St\u00fchle, der im Jahr 1969 von Winfried Staeb f\u00fcr die Reuters Form+Life Collection entworfen wurden. Es ist ein wundersch\u00f6ne Beispiel f\u00fcr fr\u00fche M\u00f6bel aus gegossenem Polyurethan. &#8211; Designer: Winfried Staeb&#8211; Hersteller: Reuter Produkt&#8211; Modell: &#8218;Top-Sit&#8216;&#8211; Periode: [&hellip;]<\/p>\n","protected":false},"featured_media":60704,"template":"","meta":{"_acf_changed":false,"site-sidebar-layout":"default","site-content-layout":"","ast-site-content-layout":"default","site-content-style":"default","site-sidebar-style":"default","ast-global-header-display":"","ast-banner-title-visibility":"","ast-main-header-display":"","ast-hfb-above-header-display":"","ast-hfb-below-header-display":"","ast-hfb-mobile-header-display":"","site-post-title":"","ast-breadcrumbs-content":"","ast-featured-img":"","footer-sml-layout":"","ast-disable-related-posts":"","theme-transparent-header-meta":"","adv-header-id-meta":"","stick-header-meta":"","header-above-stick-meta":"","header-main-stick-meta":"","header-below-stick-meta":"","astra-migrate-meta-layouts":"default","ast-page-background-enabled":"default","ast-page-background-meta":{"desktop":{"background-color":"","background-image":"","background-repeat":"repeat","background-position":"center center","background-size":"auto","background-attachment":"scroll","background-type":"","background-media":"","overlay-type":"","overlay-color":"","overlay-opacity":"","overlay-gradient":""},"tablet":{"background-color":"","background-image":"","background-repeat":"repeat","background-position":"center center","background-size":"auto","background-attachment":"scroll","background-type":"","background-media":"","overlay-type":"","overlay-color":"","overlay-opacity":"","overlay-gradient":""},"mobile":{"background-color":"","background-image":"","background-repeat":"repeat","background-position":"center center","background-size":"auto","background-attachment":"scroll","background-type":"","background-media":"","overlay-type":"","overlay-color":"","overlay-opacity":"","overlay-gradient":""}},"ast-content-background-meta":{"desktop":{"background-color":"var(--ast-global-color-5)","background-image":"","background-repeat":"repeat","background-position":"center center","background-size":"auto","background-attachment":"scroll","background-type":"","background-media":"","overlay-type":"","overlay-color":"","overlay-opacity":"","overlay-gradient":""},"tablet":{"background-color":"var(--ast-global-color-5)","background-image":"","background-repeat":"repeat","background-position":"center center","background-size":"auto","background-attachment":"scroll","background-type":"","background-media":"","overlay-type":"","overlay-color":"","overlay-opacity":"","overlay-gradient":""},"mobile":{"background-color":"var(--ast-global-color-5)","background-image":"","background-repeat":"repeat","background-position":"center center","background-size":"auto","background-attachment":"scroll","background-type":"","background-media":"","overlay-type":"","overlay-color":"","overlay-opacity":"","overlay-gradient":""}}},"product_brand":[],"product_cat":[429,377],"product_tag":[],"class_list":{"0":"post-53354","1":"product","2":"type-product","3":"status-publish","4":"has-post-thumbnail","6":"product_cat-alle-anderen-stuehle","7":"product_cat-vintage-hocker","8":"pa_farbe-rot","9":"pa_material-plastik","10":"pa_standort-zurich","11":"pa_stil-vintage","12":"desktop-align-left","13":"tablet-align-left","14":"mobile-align-left","16":"first","17":"instock","18":"shipping-taxable","19":"purchasable","20":"product-type-simple"},"acf":[],"yoast_head":"<!-- This site is optimized with the Yoast SEO plugin v27.4 - https:\/\/yoast.com\/product\/yoast-seo-wordpress\/ -->\n<title>&#039;Top-Sit&#039; Stuhl Winfried Staeb f\u00fcr Reuters Form+Life Collection | Vintage M\u00f6bel kaufen auf KURATO.CH<\/title>\n<meta name=\"description\" content=\"Entdecke Vintage M\u00f6bel &amp; Dekoration \u27a4 &#039;Top-Sit&#039; Stuhl Winfried Staeb f\u00fcr Reuters Form+Life Collection auf Kurato. \u2713Lieferung Schweiz \u271314-Tage R\u00fcckgabe \u2713Secondhand Unikat\" \/>\n<meta name=\"robots\" content=\"index, follow, max-snippet:-1, max-image-preview:large, max-video-preview:-1\" \/>\n<link rel=\"canonical\" href=\"https:\/\/kurato.ch\/fr\/product\/top-sit-stuhl-winfried-staeb-fuer-reuters-formlife-collection\/\" \/>\n<meta property=\"og:locale\" content=\"fr_FR\" \/>\n<meta property=\"og:type\" content=\"article\" \/>\n<meta property=\"og:title\" content=\"&#039;Top-Sit&#039; Stuhl Winfried Staeb f\u00fcr Reuters Form+Life Collection | Vintage M\u00f6bel kaufen auf KURATO.CH\" \/>\n<meta property=\"og:description\" content=\"Entdecke Vintage M\u00f6bel &amp; Dekoration \u27a4 &#039;Top-Sit&#039; Stuhl Winfried Staeb f\u00fcr Reuters Form+Life Collection auf Kurato. \u2713Lieferung Schweiz \u271314-Tage R\u00fcckgabe \u2713Secondhand Unikat\" \/>\n<meta property=\"og:url\" content=\"https:\/\/kurato.ch\/fr\/product\/top-sit-stuhl-winfried-staeb-fuer-reuters-formlife-collection\/\" \/>\n<meta property=\"og:site_name\" content=\"Vintage M\u00f6bel &amp; Dekoration I Kurato\" \/>\n<meta property=\"article:publisher\" content=\"https:\/\/www.facebook.com\/kuratoswitzerland\" \/>\n<meta property=\"article:modified_time\" content=\"2024-08-11T15:11:44+00:00\" \/>\n<meta property=\"og:image\" content=\"https:\/\/kurato.ch\/wp-content\/uploads\/2024\/08\/vintage-secondhand-gebraucht-schweiz-7.jpg\" \/>\n\t<meta property=\"og:image:width\" content=\"800\" \/>\n\t<meta property=\"og:image:height\" content=\"800\" \/>\n\t<meta property=\"og:image:type\" content=\"image\/jpeg\" \/>\n<meta name=\"twitter:label1\" content=\"Dur\u00e9e de lecture estim\u00e9e\" \/>\n\t<meta name=\"twitter:data1\" content=\"1 minute\" \/>\n<script type=\"application\/ld+json\" class=\"yoast-schema-graph\">{\"@context\":\"https:\\\/\\\/schema.org\",\"@graph\":[{\"@type\":\"WebPage\",\"@id\":\"https:\\\/\\\/kurato.ch\\\/product\\\/top-sit-stuhl-winfried-staeb-fuer-reuters-formlife-collection\\\/\",\"url\":\"https:\\\/\\\/kurato.ch\\\/product\\\/top-sit-stuhl-winfried-staeb-fuer-reuters-formlife-collection\\\/\",\"name\":\"'Top-Sit' Stuhl Winfried Staeb f\u00fcr Reuters Form+Life Collection | Vintage M\u00f6bel kaufen auf KURATO.CH\",\"isPartOf\":{\"@id\":\"https:\\\/\\\/kurato.ch\\\/#website\"},\"primaryImageOfPage\":{\"@id\":\"https:\\\/\\\/kurato.ch\\\/product\\\/top-sit-stuhl-winfried-staeb-fuer-reuters-formlife-collection\\\/#primaryimage\"},\"image\":{\"@id\":\"https:\\\/\\\/kurato.ch\\\/product\\\/top-sit-stuhl-winfried-staeb-fuer-reuters-formlife-collection\\\/#primaryimage\"},\"thumbnailUrl\":\"https:\\\/\\\/kurato.ch\\\/wp-content\\\/uploads\\\/2024\\\/08\\\/vintage-secondhand-gebraucht-schweiz-7.jpg\",\"datePublished\":\"2024-04-07T12:37:55+00:00\",\"dateModified\":\"2024-08-11T15:11:44+00:00\",\"description\":\"Entdecke Vintage M\u00f6bel & Dekoration \u27a4 'Top-Sit' Stuhl Winfried Staeb f\u00fcr Reuters Form+Life Collection auf Kurato. \u2713Lieferung Schweiz \u271314-Tage R\u00fcckgabe \u2713Secondhand Unikat\",\"breadcrumb\":{\"@id\":\"https:\\\/\\\/kurato.ch\\\/product\\\/top-sit-stuhl-winfried-staeb-fuer-reuters-formlife-collection\\\/#breadcrumb\"},\"inLanguage\":\"fr-FR\",\"potentialAction\":[{\"@type\":\"ReadAction\",\"target\":[\"https:\\\/\\\/kurato.ch\\\/product\\\/top-sit-stuhl-winfried-staeb-fuer-reuters-formlife-collection\\\/\"]}]},{\"@type\":\"ImageObject\",\"inLanguage\":\"fr-FR\",\"@id\":\"https:\\\/\\\/kurato.ch\\\/product\\\/top-sit-stuhl-winfried-staeb-fuer-reuters-formlife-collection\\\/#primaryimage\",\"url\":\"https:\\\/\\\/kurato.ch\\\/wp-content\\\/uploads\\\/2024\\\/08\\\/vintage-secondhand-gebraucht-schweiz-7.jpg\",\"contentUrl\":\"https:\\\/\\\/kurato.ch\\\/wp-content\\\/uploads\\\/2024\\\/08\\\/vintage-secondhand-gebraucht-schweiz-7.jpg\",\"width\":800,\"height\":800},{\"@type\":\"BreadcrumbList\",\"@id\":\"https:\\\/\\\/kurato.ch\\\/product\\\/top-sit-stuhl-winfried-staeb-fuer-reuters-formlife-collection\\\/#breadcrumb\",\"itemListElement\":[{\"@type\":\"ListItem\",\"position\":1,\"name\":\"Home\",\"item\":\"https:\\\/\\\/kurato.ch\\\/\"},{\"@type\":\"ListItem\",\"position\":2,\"name\":\"Neuheiten\",\"item\":\"https:\\\/\\\/kurato.ch\\\/neuheiten\\\/\"},{\"@type\":\"ListItem\",\"position\":3,\"name\":\"&#8216;Top-Sit&#8217; Stuhl Winfried Staeb f\u00fcr Reuters Form+Life Collection\"}]},{\"@type\":\"WebSite\",\"@id\":\"https:\\\/\\\/kurato.ch\\\/#website\",\"url\":\"https:\\\/\\\/kurato.ch\\\/\",\"name\":\"Vintage M\u00f6bel &amp; Dekoration I Kurato\",\"description\":\"Vintage M\u00f6bel &amp; Dekoration I Kurato\",\"publisher\":{\"@id\":\"https:\\\/\\\/kurato.ch\\\/#organization\"},\"potentialAction\":[{\"@type\":\"SearchAction\",\"target\":{\"@type\":\"EntryPoint\",\"urlTemplate\":\"https:\\\/\\\/kurato.ch\\\/?s={search_term_string}\"},\"query-input\":{\"@type\":\"PropertyValueSpecification\",\"valueRequired\":true,\"valueName\":\"search_term_string\"}}],\"inLanguage\":\"fr-FR\"},{\"@type\":\"Organization\",\"@id\":\"https:\\\/\\\/kurato.ch\\\/#organization\",\"name\":\"Kurato.\",\"url\":\"https:\\\/\\\/kurato.ch\\\/\",\"logo\":{\"@type\":\"ImageObject\",\"inLanguage\":\"fr-FR\",\"@id\":\"https:\\\/\\\/kurato.ch\\\/#\\\/schema\\\/logo\\\/image\\\/\",\"url\":\"\",\"contentUrl\":\"\",\"caption\":\"Kurato.\"},\"image\":{\"@id\":\"https:\\\/\\\/kurato.ch\\\/#\\\/schema\\\/logo\\\/image\\\/\"},\"sameAs\":[\"https:\\\/\\\/www.facebook.com\\\/kuratoswitzerland\",\"https:\\\/\\\/www.instagram.com\\\/kurato.ch\\\/\",\"https:\\\/\\\/www.pinterest.ch\\\/kurato_ch\\\/_created\\\/\"]}]}<\/script>\n<!-- \/ Yoast SEO plugin. -->","yoast_head_json":{"title":"'Top-Sit' Stuhl Winfried Staeb f\u00fcr Reuters Form+Life Collection | Vintage M\u00f6bel kaufen auf KURATO.CH","description":"Entdecke Vintage M\u00f6bel & Dekoration \u27a4 'Top-Sit' Stuhl Winfried Staeb f\u00fcr Reuters Form+Life Collection auf Kurato. \u2713Lieferung Schweiz \u271314-Tage R\u00fcckgabe \u2713Secondhand Unikat","robots":{"index":"index","follow":"follow","max-snippet":"max-snippet:-1","max-image-preview":"max-image-preview:large","max-video-preview":"max-video-preview:-1"},"canonical":"https:\/\/kurato.ch\/fr\/product\/top-sit-stuhl-winfried-staeb-fuer-reuters-formlife-collection\/","og_locale":"fr_FR","og_type":"article","og_title":"'Top-Sit' Stuhl Winfried Staeb f\u00fcr Reuters Form+Life Collection | Vintage M\u00f6bel kaufen auf KURATO.CH","og_description":"Entdecke Vintage M\u00f6bel & Dekoration \u27a4 'Top-Sit' Stuhl Winfried Staeb f\u00fcr Reuters Form+Life Collection auf Kurato. \u2713Lieferung Schweiz \u271314-Tage R\u00fcckgabe \u2713Secondhand Unikat","og_url":"https:\/\/kurato.ch\/fr\/product\/top-sit-stuhl-winfried-staeb-fuer-reuters-formlife-collection\/","og_site_name":"Vintage M\u00f6bel &amp; Dekoration I Kurato","article_publisher":"https:\/\/www.facebook.com\/kuratoswitzerland","article_modified_time":"2024-08-11T15:11:44+00:00","og_image":[{"width":800,"height":800,"url":"https:\/\/kurato.ch\/wp-content\/uploads\/2024\/08\/vintage-secondhand-gebraucht-schweiz-7.jpg","type":"image\/jpeg"}],"twitter_misc":{"Dur\u00e9e de lecture estim\u00e9e":"1 minute"},"schema":{"@context":"https:\/\/schema.org","@graph":[{"@type":"WebPage","@id":"https:\/\/kurato.ch\/product\/top-sit-stuhl-winfried-staeb-fuer-reuters-formlife-collection\/","url":"https:\/\/kurato.ch\/product\/top-sit-stuhl-winfried-staeb-fuer-reuters-formlife-collection\/","name":"'Top-Sit' Stuhl Winfried Staeb f\u00fcr Reuters Form+Life Collection | Vintage M\u00f6bel kaufen auf KURATO.CH","isPartOf":{"@id":"https:\/\/kurato.ch\/#website"},"primaryImageOfPage":{"@id":"https:\/\/kurato.ch\/product\/top-sit-stuhl-winfried-staeb-fuer-reuters-formlife-collection\/#primaryimage"},"image":{"@id":"https:\/\/kurato.ch\/product\/top-sit-stuhl-winfried-staeb-fuer-reuters-formlife-collection\/#primaryimage"},"thumbnailUrl":"https:\/\/kurato.ch\/wp-content\/uploads\/2024\/08\/vintage-secondhand-gebraucht-schweiz-7.jpg","datePublished":"2024-04-07T12:37:55+00:00","dateModified":"2024-08-11T15:11:44+00:00","description":"Entdecke Vintage M\u00f6bel & Dekoration \u27a4 'Top-Sit' Stuhl Winfried Staeb f\u00fcr Reuters Form+Life Collection auf Kurato. \u2713Lieferung Schweiz \u271314-Tage R\u00fcckgabe \u2713Secondhand Unikat","breadcrumb":{"@id":"https:\/\/kurato.ch\/product\/top-sit-stuhl-winfried-staeb-fuer-reuters-formlife-collection\/#breadcrumb"},"inLanguage":"fr-FR","potentialAction":[{"@type":"ReadAction","target":["https:\/\/kurato.ch\/product\/top-sit-stuhl-winfried-staeb-fuer-reuters-formlife-collection\/"]}]},{"@type":"ImageObject","inLanguage":"fr-FR","@id":"https:\/\/kurato.ch\/product\/top-sit-stuhl-winfried-staeb-fuer-reuters-formlife-collection\/#primaryimage","url":"https:\/\/kurato.ch\/wp-content\/uploads\/2024\/08\/vintage-secondhand-gebraucht-schweiz-7.jpg","contentUrl":"https:\/\/kurato.ch\/wp-content\/uploads\/2024\/08\/vintage-secondhand-gebraucht-schweiz-7.jpg","width":800,"height":800},{"@type":"BreadcrumbList","@id":"https:\/\/kurato.ch\/product\/top-sit-stuhl-winfried-staeb-fuer-reuters-formlife-collection\/#breadcrumb","itemListElement":[{"@type":"ListItem","position":1,"name":"Home","item":"https:\/\/kurato.ch\/"},{"@type":"ListItem","position":2,"name":"Neuheiten","item":"https:\/\/kurato.ch\/neuheiten\/"},{"@type":"ListItem","position":3,"name":"&#8216;Top-Sit&#8217; Stuhl Winfried Staeb f\u00fcr Reuters Form+Life Collection"}]},{"@type":"WebSite","@id":"https:\/\/kurato.ch\/#website","url":"https:\/\/kurato.ch\/","name":"Meubles vintage &amp; d\u00e9coration I Kurato","description":"Meubles vintage &amp; d\u00e9coration I Kurato","publisher":{"@id":"https:\/\/kurato.ch\/#organization"},"potentialAction":[{"@type":"SearchAction","target":{"@type":"EntryPoint","urlTemplate":"https:\/\/kurato.ch\/?s={search_term_string}"},"query-input":{"@type":"PropertyValueSpecification","valueRequired":true,"valueName":"search_term_string"}}],"inLanguage":"fr-FR"},{"@type":"Organization","@id":"https:\/\/kurato.ch\/#organization","name":"Kurato.","url":"https:\/\/kurato.ch\/","logo":{"@type":"ImageObject","inLanguage":"fr-FR","@id":"https:\/\/kurato.ch\/#\/schema\/logo\/image\/","url":"","contentUrl":"","caption":"Kurato."},"image":{"@id":"https:\/\/kurato.ch\/#\/schema\/logo\/image\/"},"sameAs":["https:\/\/www.facebook.com\/kuratoswitzerland","https:\/\/www.instagram.com\/kurato.ch\/","https:\/\/www.pinterest.ch\/kurato_ch\/_created\/"]}]}},"_links":{"self":[{"href":"https:\/\/kurato.ch\/fr\/wp-json\/wp\/v2\/product\/53354","targetHints":{"allow":["GET"]}}],"collection":[{"href":"https:\/\/kurato.ch\/fr\/wp-json\/wp\/v2\/product"}],"about":[{"href":"https:\/\/kurato.ch\/fr\/wp-json\/wp\/v2\/types\/product"}],"wp:featuredmedia":[{"embeddable":true,"href":"https:\/\/kurato.ch\/fr\/wp-json\/wp\/v2\/media\/60704"}],"wp:attachment":[{"href":"https:\/\/kurato.ch\/fr\/wp-json\/wp\/v2\/media?parent=53354"}],"wp:term":[{"taxonomy":"product_brand","embeddable":true,"href":"https:\/\/kurato.ch\/fr\/wp-json\/wp\/v2\/product_brand?post=53354"},{"taxonomy":"product_cat","embeddable":true,"href":"https:\/\/kurato.ch\/fr\/wp-json\/wp\/v2\/product_cat?post=53354"},{"taxonomy":"product_tag","embeddable":true,"href":"https:\/\/kurato.ch\/fr\/wp-json\/wp\/v2\/product_tag?post=53354"}],"curies":[{"name":"wp","href":"https:\/\/api.w.org\/{rel}","templated":true}]}}