{"id":53555,"date":"2024-04-15T19:42:42","date_gmt":"2024-04-15T17:42:42","guid":{"rendered":"https:\/\/kurato.ch\/fr\/?post_type=product&#038;p=53555"},"modified":"2024-09-02T15:27:04","modified_gmt":"2024-09-02T13:27:04","slug":"runder-tisch-arcos-koni-ochsner-fuer-roethlisberger","status":"publish","type":"product","link":"https:\/\/kurato.ch\/fr\/product\/runder-tisch-arcos-koni-ochsner-fuer-roethlisberger\/","title":{"rendered":"Table ronde ARCOS Koni Ochsner pour R\u00f6thlisberger"},"content":{"rendered":"<p>Der runde Tisch ARCOS wurde vom Schweizer Designer Koni Ochsner entworfen und in der Schweiz von der renommierten Firma R\u00f6thlisberger hergestellt.<\/p>\n<p>Le plateau de table est en orme massif.<br \/>\nLe pied de forme concave sur une base circulaire est r\u00e9alis\u00e9 en polyur\u00e9thane inject\u00e9 avec un squelette m\u00e9tallique.<\/p>\n<p>Masse:\u00a0 Tischplatte Durchmesser 126 cm , H\u00f6he 73 cm<\/p>\n<p>Preis: 1&#8217;000.00<\/p>","protected":false},"excerpt":{"rendered":"<p>Der runde Tisch ARCOS wurde vom Schweizer Designer Koni Ochsner entworfen und in der Schweiz von der renommierten Firma R\u00f6thlisberger hergestellt. Die Tischplatte besteht aus massivem Ulmenholz. Der konkav geformte Fu\u00df auf einer kreisf\u00f6rmigen Basis besteht aus Polyurethan-Spritzguss mit einem Metallskelett. Masse:\u00a0 Tischplatte Durchmesser 126 cm , H\u00f6he 73 cm Preis: 1&#8217;000.00<\/p>","protected":false},"featured_media":53614,"template":"","meta":{"_acf_changed":false,"site-sidebar-layout":"default","site-content-layout":"","ast-site-content-layout":"default","site-content-style":"default","site-sidebar-style":"default","ast-global-header-display":"","ast-banner-title-visibility":"","ast-main-header-display":"","ast-hfb-above-header-display":"","ast-hfb-below-header-display":"","ast-hfb-mobile-header-display":"","site-post-title":"","ast-breadcrumbs-content":"","ast-featured-img":"","footer-sml-layout":"","ast-disable-related-posts":"","theme-transparent-header-meta":"default","adv-header-id-meta":"","stick-header-meta":"default","header-above-stick-meta":"","header-main-stick-meta":"","header-below-stick-meta":"","astra-migrate-meta-layouts":"set","ast-page-background-enabled":"default","ast-page-background-meta":{"desktop":{"background-color":"","background-image":"","background-repeat":"repeat","background-position":"center center","background-size":"auto","background-attachment":"scroll","background-type":"","background-media":"","overlay-type":"","overlay-color":"","overlay-opacity":"","overlay-gradient":""},"tablet":{"background-color":"","background-image":"","background-repeat":"repeat","background-position":"center center","background-size":"auto","background-attachment":"scroll","background-type":"","background-media":"","overlay-type":"","overlay-color":"","overlay-opacity":"","overlay-gradient":""},"mobile":{"background-color":"","background-image":"","background-repeat":"repeat","background-position":"center center","background-size":"auto","background-attachment":"scroll","background-type":"","background-media":"","overlay-type":"","overlay-color":"","overlay-opacity":"","overlay-gradient":""}},"ast-content-background-meta":{"desktop":{"background-color":"var(--ast-global-color-5)","background-image":"","background-repeat":"repeat","background-position":"center center","background-size":"auto","background-attachment":"scroll","background-type":"","background-media":"","overlay-type":"","overlay-color":"","overlay-opacity":"","overlay-gradient":""},"tablet":{"background-color":"var(--ast-global-color-5)","background-image":"","background-repeat":"repeat","background-position":"center center","background-size":"auto","background-attachment":"scroll","background-type":"","background-media":"","overlay-type":"","overlay-color":"","overlay-opacity":"","overlay-gradient":""},"mobile":{"background-color":"var(--ast-global-color-5)","background-image":"","background-repeat":"repeat","background-position":"center center","background-size":"auto","background-attachment":"scroll","background-type":"","background-media":"","overlay-type":"","overlay-color":"","overlay-opacity":"","overlay-gradient":""}}},"product_brand":[],"product_cat":[168],"product_tag":[],"class_list":{"0":"post-53555","1":"product","2":"type-product","3":"status-publish","4":"has-post-thumbnail","6":"product_cat-vintage-esstisch","7":"pa_designer-roethlisberger","8":"pa_farbe-braun","9":"pa_farbe-schwarz","10":"pa_material-holz","11":"pa_material-metall","12":"pa_standort-genferseeregion","13":"pa_stil-design","14":"desktop-align-left","15":"tablet-align-left","16":"mobile-align-left","18":"first","19":"instock","20":"sold-individually","21":"shipping-taxable","22":"purchasable","23":"product-type-simple"},"acf":[],"yoast_head":"<!-- This site is optimized with the Yoast SEO plugin v27.3 - https:\/\/yoast.com\/product\/yoast-seo-wordpress\/ -->\n<title>Runder Tisch ARCOS Koni Ochsner f\u00fcr R\u00f6thlisberger | Vintage M\u00f6bel kaufen auf KURATO.CH<\/title>\n<meta name=\"description\" content=\"Entdecke Vintage M\u00f6bel &amp; Dekoration \u27a4 Runder Tisch ARCOS Koni Ochsner f\u00fcr R\u00f6thlisberger auf Kurato. \u2713Lieferung Schweiz \u271314-Tage R\u00fcckgabe \u2713Secondhand Unikat\" \/>\n<meta name=\"robots\" content=\"index, follow, max-snippet:-1, max-image-preview:large, max-video-preview:-1\" \/>\n<link rel=\"canonical\" href=\"https:\/\/kurato.ch\/fr\/product\/runder-tisch-arcos-koni-ochsner-fuer-roethlisberger\/\" \/>\n<meta property=\"og:locale\" content=\"fr_FR\" \/>\n<meta property=\"og:type\" content=\"article\" \/>\n<meta property=\"og:title\" content=\"Runder Tisch ARCOS Koni Ochsner f\u00fcr R\u00f6thlisberger | Vintage M\u00f6bel kaufen auf KURATO.CH\" \/>\n<meta property=\"og:description\" content=\"Entdecke Vintage M\u00f6bel &amp; Dekoration \u27a4 Runder Tisch ARCOS Koni Ochsner f\u00fcr R\u00f6thlisberger auf Kurato. \u2713Lieferung Schweiz \u271314-Tage R\u00fcckgabe \u2713Secondhand Unikat\" \/>\n<meta property=\"og:url\" content=\"https:\/\/kurato.ch\/fr\/product\/runder-tisch-arcos-koni-ochsner-fuer-roethlisberger\/\" \/>\n<meta property=\"og:site_name\" content=\"Vintage M\u00f6bel &amp; Dekoration I Kurato\" \/>\n<meta property=\"article:publisher\" content=\"https:\/\/www.facebook.com\/kuratoswitzerland\" \/>\n<meta property=\"article:modified_time\" content=\"2024-09-02T13:27:04+00:00\" \/>\n<meta property=\"og:image\" content=\"https:\/\/kurato.ch\/wp-content\/uploads\/2024\/04\/Runder-Tisch-ARCOS-Koni-Ochsner-fuer-Roethlisberger-vintage-secondhand-gebraucht.jpg\" \/>\n\t<meta property=\"og:image:width\" content=\"800\" \/>\n\t<meta property=\"og:image:height\" content=\"800\" \/>\n\t<meta property=\"og:image:type\" content=\"image\/jpeg\" \/>\n<meta name=\"twitter:label1\" content=\"Dur\u00e9e de lecture estim\u00e9e\" \/>\n\t<meta name=\"twitter:data1\" content=\"1 minute\" \/>\n<script type=\"application\/ld+json\" class=\"yoast-schema-graph\">{\"@context\":\"https:\\\/\\\/schema.org\",\"@graph\":[{\"@type\":\"WebPage\",\"@id\":\"https:\\\/\\\/kurato.ch\\\/product\\\/runder-tisch-arcos-koni-ochsner-fuer-roethlisberger\\\/\",\"url\":\"https:\\\/\\\/kurato.ch\\\/product\\\/runder-tisch-arcos-koni-ochsner-fuer-roethlisberger\\\/\",\"name\":\"Runder Tisch ARCOS Koni Ochsner f\u00fcr R\u00f6thlisberger | Vintage M\u00f6bel kaufen auf KURATO.CH\",\"isPartOf\":{\"@id\":\"https:\\\/\\\/kurato.ch\\\/#website\"},\"primaryImageOfPage\":{\"@id\":\"https:\\\/\\\/kurato.ch\\\/product\\\/runder-tisch-arcos-koni-ochsner-fuer-roethlisberger\\\/#primaryimage\"},\"image\":{\"@id\":\"https:\\\/\\\/kurato.ch\\\/product\\\/runder-tisch-arcos-koni-ochsner-fuer-roethlisberger\\\/#primaryimage\"},\"thumbnailUrl\":\"https:\\\/\\\/kurato.ch\\\/wp-content\\\/uploads\\\/2024\\\/04\\\/Runder-Tisch-ARCOS-Koni-Ochsner-fuer-Roethlisberger-vintage-secondhand-gebraucht.jpg\",\"datePublished\":\"2024-04-15T17:42:42+00:00\",\"dateModified\":\"2024-09-02T13:27:04+00:00\",\"description\":\"Entdecke Vintage M\u00f6bel & Dekoration \u27a4 Runder Tisch ARCOS Koni Ochsner f\u00fcr R\u00f6thlisberger auf Kurato. \u2713Lieferung Schweiz \u271314-Tage R\u00fcckgabe \u2713Secondhand Unikat\",\"breadcrumb\":{\"@id\":\"https:\\\/\\\/kurato.ch\\\/product\\\/runder-tisch-arcos-koni-ochsner-fuer-roethlisberger\\\/#breadcrumb\"},\"inLanguage\":\"fr-FR\",\"potentialAction\":[{\"@type\":\"ReadAction\",\"target\":[\"https:\\\/\\\/kurato.ch\\\/product\\\/runder-tisch-arcos-koni-ochsner-fuer-roethlisberger\\\/\"]}]},{\"@type\":\"ImageObject\",\"inLanguage\":\"fr-FR\",\"@id\":\"https:\\\/\\\/kurato.ch\\\/product\\\/runder-tisch-arcos-koni-ochsner-fuer-roethlisberger\\\/#primaryimage\",\"url\":\"https:\\\/\\\/kurato.ch\\\/wp-content\\\/uploads\\\/2024\\\/04\\\/Runder-Tisch-ARCOS-Koni-Ochsner-fuer-Roethlisberger-vintage-secondhand-gebraucht.jpg\",\"contentUrl\":\"https:\\\/\\\/kurato.ch\\\/wp-content\\\/uploads\\\/2024\\\/04\\\/Runder-Tisch-ARCOS-Koni-Ochsner-fuer-Roethlisberger-vintage-secondhand-gebraucht.jpg\",\"width\":800,\"height\":800,\"caption\":\"Runder Tisch ARCOS Koni Ochsner f\u00fcr R\u00f6thlisberger\"},{\"@type\":\"BreadcrumbList\",\"@id\":\"https:\\\/\\\/kurato.ch\\\/product\\\/runder-tisch-arcos-koni-ochsner-fuer-roethlisberger\\\/#breadcrumb\",\"itemListElement\":[{\"@type\":\"ListItem\",\"position\":1,\"name\":\"Home\",\"item\":\"https:\\\/\\\/kurato.ch\\\/\"},{\"@type\":\"ListItem\",\"position\":2,\"name\":\"Neuheiten\",\"item\":\"https:\\\/\\\/kurato.ch\\\/neuheiten\\\/\"},{\"@type\":\"ListItem\",\"position\":3,\"name\":\"Runder Tisch ARCOS Koni Ochsner f\u00fcr R\u00f6thlisberger\"}]},{\"@type\":\"WebSite\",\"@id\":\"https:\\\/\\\/kurato.ch\\\/#website\",\"url\":\"https:\\\/\\\/kurato.ch\\\/\",\"name\":\"Vintage M\u00f6bel &amp; Dekoration I Kurato\",\"description\":\"Vintage M\u00f6bel &amp; Dekoration I Kurato\",\"publisher\":{\"@id\":\"https:\\\/\\\/kurato.ch\\\/#organization\"},\"potentialAction\":[{\"@type\":\"SearchAction\",\"target\":{\"@type\":\"EntryPoint\",\"urlTemplate\":\"https:\\\/\\\/kurato.ch\\\/?s={search_term_string}\"},\"query-input\":{\"@type\":\"PropertyValueSpecification\",\"valueRequired\":true,\"valueName\":\"search_term_string\"}}],\"inLanguage\":\"fr-FR\"},{\"@type\":\"Organization\",\"@id\":\"https:\\\/\\\/kurato.ch\\\/#organization\",\"name\":\"Kurato.\",\"url\":\"https:\\\/\\\/kurato.ch\\\/\",\"logo\":{\"@type\":\"ImageObject\",\"inLanguage\":\"fr-FR\",\"@id\":\"https:\\\/\\\/kurato.ch\\\/#\\\/schema\\\/logo\\\/image\\\/\",\"url\":\"\",\"contentUrl\":\"\",\"caption\":\"Kurato.\"},\"image\":{\"@id\":\"https:\\\/\\\/kurato.ch\\\/#\\\/schema\\\/logo\\\/image\\\/\"},\"sameAs\":[\"https:\\\/\\\/www.facebook.com\\\/kuratoswitzerland\",\"https:\\\/\\\/www.instagram.com\\\/kurato.ch\\\/\",\"https:\\\/\\\/www.pinterest.ch\\\/kurato_ch\\\/_created\\\/\"]}]}<\/script>\n<!-- \/ Yoast SEO plugin. -->","yoast_head_json":{"title":"Runder Tisch ARCOS Koni Ochsner f\u00fcr R\u00f6thlisberger | Vintage M\u00f6bel kaufen auf KURATO.CH","description":"Entdecke Vintage M\u00f6bel & Dekoration \u27a4 Runder Tisch ARCOS Koni Ochsner f\u00fcr R\u00f6thlisberger auf Kurato. \u2713Lieferung Schweiz \u271314-Tage R\u00fcckgabe \u2713Secondhand Unikat","robots":{"index":"index","follow":"follow","max-snippet":"max-snippet:-1","max-image-preview":"max-image-preview:large","max-video-preview":"max-video-preview:-1"},"canonical":"https:\/\/kurato.ch\/fr\/product\/runder-tisch-arcos-koni-ochsner-fuer-roethlisberger\/","og_locale":"fr_FR","og_type":"article","og_title":"Runder Tisch ARCOS Koni Ochsner f\u00fcr R\u00f6thlisberger | Vintage M\u00f6bel kaufen auf KURATO.CH","og_description":"Entdecke Vintage M\u00f6bel & Dekoration \u27a4 Runder Tisch ARCOS Koni Ochsner f\u00fcr R\u00f6thlisberger auf Kurato. \u2713Lieferung Schweiz \u271314-Tage R\u00fcckgabe \u2713Secondhand Unikat","og_url":"https:\/\/kurato.ch\/fr\/product\/runder-tisch-arcos-koni-ochsner-fuer-roethlisberger\/","og_site_name":"Vintage M\u00f6bel &amp; Dekoration I Kurato","article_publisher":"https:\/\/www.facebook.com\/kuratoswitzerland","article_modified_time":"2024-09-02T13:27:04+00:00","og_image":[{"width":800,"height":800,"url":"https:\/\/kurato.ch\/wp-content\/uploads\/2024\/04\/Runder-Tisch-ARCOS-Koni-Ochsner-fuer-Roethlisberger-vintage-secondhand-gebraucht.jpg","type":"image\/jpeg"}],"twitter_misc":{"Dur\u00e9e de lecture estim\u00e9e":"1 minute"},"schema":{"@context":"https:\/\/schema.org","@graph":[{"@type":"WebPage","@id":"https:\/\/kurato.ch\/product\/runder-tisch-arcos-koni-ochsner-fuer-roethlisberger\/","url":"https:\/\/kurato.ch\/product\/runder-tisch-arcos-koni-ochsner-fuer-roethlisberger\/","name":"Runder Tisch ARCOS Koni Ochsner f\u00fcr R\u00f6thlisberger | Vintage M\u00f6bel kaufen auf KURATO.CH","isPartOf":{"@id":"https:\/\/kurato.ch\/#website"},"primaryImageOfPage":{"@id":"https:\/\/kurato.ch\/product\/runder-tisch-arcos-koni-ochsner-fuer-roethlisberger\/#primaryimage"},"image":{"@id":"https:\/\/kurato.ch\/product\/runder-tisch-arcos-koni-ochsner-fuer-roethlisberger\/#primaryimage"},"thumbnailUrl":"https:\/\/kurato.ch\/wp-content\/uploads\/2024\/04\/Runder-Tisch-ARCOS-Koni-Ochsner-fuer-Roethlisberger-vintage-secondhand-gebraucht.jpg","datePublished":"2024-04-15T17:42:42+00:00","dateModified":"2024-09-02T13:27:04+00:00","description":"Entdecke Vintage M\u00f6bel & Dekoration \u27a4 Runder Tisch ARCOS Koni Ochsner f\u00fcr R\u00f6thlisberger auf Kurato. \u2713Lieferung Schweiz \u271314-Tage R\u00fcckgabe \u2713Secondhand Unikat","breadcrumb":{"@id":"https:\/\/kurato.ch\/product\/runder-tisch-arcos-koni-ochsner-fuer-roethlisberger\/#breadcrumb"},"inLanguage":"fr-FR","potentialAction":[{"@type":"ReadAction","target":["https:\/\/kurato.ch\/product\/runder-tisch-arcos-koni-ochsner-fuer-roethlisberger\/"]}]},{"@type":"ImageObject","inLanguage":"fr-FR","@id":"https:\/\/kurato.ch\/product\/runder-tisch-arcos-koni-ochsner-fuer-roethlisberger\/#primaryimage","url":"https:\/\/kurato.ch\/wp-content\/uploads\/2024\/04\/Runder-Tisch-ARCOS-Koni-Ochsner-fuer-Roethlisberger-vintage-secondhand-gebraucht.jpg","contentUrl":"https:\/\/kurato.ch\/wp-content\/uploads\/2024\/04\/Runder-Tisch-ARCOS-Koni-Ochsner-fuer-Roethlisberger-vintage-secondhand-gebraucht.jpg","width":800,"height":800,"caption":"Runder Tisch ARCOS Koni Ochsner f\u00fcr R\u00f6thlisberger"},{"@type":"BreadcrumbList","@id":"https:\/\/kurato.ch\/product\/runder-tisch-arcos-koni-ochsner-fuer-roethlisberger\/#breadcrumb","itemListElement":[{"@type":"ListItem","position":1,"name":"Home","item":"https:\/\/kurato.ch\/"},{"@type":"ListItem","position":2,"name":"Neuheiten","item":"https:\/\/kurato.ch\/neuheiten\/"},{"@type":"ListItem","position":3,"name":"Runder Tisch ARCOS Koni Ochsner f\u00fcr R\u00f6thlisberger"}]},{"@type":"WebSite","@id":"https:\/\/kurato.ch\/#website","url":"https:\/\/kurato.ch\/","name":"Meubles vintage &amp; d\u00e9coration I Kurato","description":"Meubles vintage &amp; d\u00e9coration I Kurato","publisher":{"@id":"https:\/\/kurato.ch\/#organization"},"potentialAction":[{"@type":"SearchAction","target":{"@type":"EntryPoint","urlTemplate":"https:\/\/kurato.ch\/?s={search_term_string}"},"query-input":{"@type":"PropertyValueSpecification","valueRequired":true,"valueName":"search_term_string"}}],"inLanguage":"fr-FR"},{"@type":"Organization","@id":"https:\/\/kurato.ch\/#organization","name":"Kurato.","url":"https:\/\/kurato.ch\/","logo":{"@type":"ImageObject","inLanguage":"fr-FR","@id":"https:\/\/kurato.ch\/#\/schema\/logo\/image\/","url":"","contentUrl":"","caption":"Kurato."},"image":{"@id":"https:\/\/kurato.ch\/#\/schema\/logo\/image\/"},"sameAs":["https:\/\/www.facebook.com\/kuratoswitzerland","https:\/\/www.instagram.com\/kurato.ch\/","https:\/\/www.pinterest.ch\/kurato_ch\/_created\/"]}]}},"_links":{"self":[{"href":"https:\/\/kurato.ch\/fr\/wp-json\/wp\/v2\/product\/53555","targetHints":{"allow":["GET"]}}],"collection":[{"href":"https:\/\/kurato.ch\/fr\/wp-json\/wp\/v2\/product"}],"about":[{"href":"https:\/\/kurato.ch\/fr\/wp-json\/wp\/v2\/types\/product"}],"wp:featuredmedia":[{"embeddable":true,"href":"https:\/\/kurato.ch\/fr\/wp-json\/wp\/v2\/media\/53614"}],"wp:attachment":[{"href":"https:\/\/kurato.ch\/fr\/wp-json\/wp\/v2\/media?parent=53555"}],"wp:term":[{"taxonomy":"product_brand","embeddable":true,"href":"https:\/\/kurato.ch\/fr\/wp-json\/wp\/v2\/product_brand?post=53555"},{"taxonomy":"product_cat","embeddable":true,"href":"https:\/\/kurato.ch\/fr\/wp-json\/wp\/v2\/product_cat?post=53555"},{"taxonomy":"product_tag","embeddable":true,"href":"https:\/\/kurato.ch\/fr\/wp-json\/wp\/v2\/product_tag?post=53555"}],"curies":[{"name":"wp","href":"https:\/\/api.w.org\/{rel}","templated":true}]}}