{"id":53987,"date":"2024-04-23T15:49:25","date_gmt":"2024-04-23T13:49:25","guid":{"rendered":"https:\/\/kurato.ch\/?post_type=product&#038;p=53987"},"modified":"2024-05-08T07:37:50","modified_gmt":"2024-05-08T05:37:50","slug":"set-juerg-bally-stuehlen-von-dietiker-1960er-jahre","status":"publish","type":"product","link":"https:\/\/kurato.ch\/fr\/product\/set-juerg-bally-stuehlen-von-dietiker-1960er-jahre\/","title":{"rendered":"Set de chaises J\u00fcrg Bally de Dietiker ann\u00e9es 1960"},"content":{"rendered":"<p class=\"p1\">Ce lot de 6 chaises J\u00fcrg Bally, fabriqu\u00e9es par Dietiker AG dans les ann\u00e9es 1960, est une pi\u00e8ce de l'histoire du mobilier intemporel. J\u00fcrg Bally (1923-2002), un artiste suisse, a laiss\u00e9 une influence durable sur le monde du mobilier gr\u00e2ce \u00e0 sa collaboration avec Dietiker.<\/p>\n<p class=\"p1\">D\u00e9tails :<\/p>\n<p class=\"p1\">* Fabricant : Dietiker AG, Stein am Rhein, CH (fond\u00e9 en 1878)<\/p>\n<p class=\"p1\">* Cr\u00e9ateur : J\u00fcrg Bally<\/p>\n<p class=\"p1\">* Mat\u00e9riau : ch\u00eane, laqu\u00e9, rembourrage avec rev\u00eatement textile<\/p>\n<p class=\"p1\">* Dimensions : H\u00d7L\u00d7P : 77 \u00d7 50 \u00d7 48 cm<\/p>\n<p class=\"p1\">* \u00c9tat : comme neuf, 100% \u00e9tat d'origine, \u00e9tat impeccable sans traces d'utilisation<\/p>\n<p class=\"p1\">Les chaises ne sont pas seulement un exemple d'artisanat exceptionnel, mais aussi une d\u00e9claration de design intemporel.<\/p>\n<p>Prix : 10814 -CHF. (Pour l'ensemble)<\/p>\n<p class=\"p1\">- Enl\u00e8vement possible 365 jours par an entre 09:00 et 19:00 \u00e0 Zurich avec prise de rendez-vous.<\/p>\n<p class=\"p1\">- La livraison ? Bien s\u00fbr, possible dans toute la Suisse ! Demandez simplement le prix, qui est calcul\u00e9 en fonction de la distance.<\/p>","protected":false},"excerpt":{"rendered":"<p>Dieses 6er-Set von J\u00fcrg Bally St\u00fchlen, hergestellt von Dietiker AG in den 1960er Jahren, ist ein St\u00fcck zeitloser M\u00f6belgeschichte. J\u00fcrg Bally (1923-2002), ein Schweizer K\u00fcnstler, hat durch seine Zusammenarbeit mit Dietiker einen bleibenden Einfluss auf die M\u00f6belwelt hinterlassen. Details: * Hersteller: Dietiker AG, Stein am Rhein, CH (gegr\u00fcndet 1878) * Designer: J\u00fcrg Bally * Material: [&hellip;]<\/p>\n","protected":false},"featured_media":54788,"template":"","meta":{"_acf_changed":false,"site-sidebar-layout":"default","site-content-layout":"","ast-site-content-layout":"default","site-content-style":"default","site-sidebar-style":"default","ast-global-header-display":"","ast-banner-title-visibility":"","ast-main-header-display":"","ast-hfb-above-header-display":"","ast-hfb-below-header-display":"","ast-hfb-mobile-header-display":"","site-post-title":"","ast-breadcrumbs-content":"","ast-featured-img":"","footer-sml-layout":"","ast-disable-related-posts":"","theme-transparent-header-meta":"default","adv-header-id-meta":"","stick-header-meta":"default","header-above-stick-meta":"","header-main-stick-meta":"","header-below-stick-meta":"","astra-migrate-meta-layouts":"set","ast-page-background-enabled":"default","ast-page-background-meta":{"desktop":{"background-color":"","background-image":"","background-repeat":"repeat","background-position":"center center","background-size":"auto","background-attachment":"scroll","background-type":"","background-media":"","overlay-type":"","overlay-color":"","overlay-opacity":"","overlay-gradient":""},"tablet":{"background-color":"","background-image":"","background-repeat":"repeat","background-position":"center center","background-size":"auto","background-attachment":"scroll","background-type":"","background-media":"","overlay-type":"","overlay-color":"","overlay-opacity":"","overlay-gradient":""},"mobile":{"background-color":"","background-image":"","background-repeat":"repeat","background-position":"center center","background-size":"auto","background-attachment":"scroll","background-type":"","background-media":"","overlay-type":"","overlay-color":"","overlay-opacity":"","overlay-gradient":""}},"ast-content-background-meta":{"desktop":{"background-color":"var(--ast-global-color-5)","background-image":"","background-repeat":"repeat","background-position":"center center","background-size":"auto","background-attachment":"scroll","background-type":"","background-media":"","overlay-type":"","overlay-color":"","overlay-opacity":"","overlay-gradient":""},"tablet":{"background-color":"var(--ast-global-color-5)","background-image":"","background-repeat":"repeat","background-position":"center center","background-size":"auto","background-attachment":"scroll","background-type":"","background-media":"","overlay-type":"","overlay-color":"","overlay-opacity":"","overlay-gradient":""},"mobile":{"background-color":"var(--ast-global-color-5)","background-image":"","background-repeat":"repeat","background-position":"center center","background-size":"auto","background-attachment":"scroll","background-type":"","background-media":"","overlay-type":"","overlay-color":"","overlay-opacity":"","overlay-gradient":""}}},"product_brand":[],"product_cat":[15],"product_tag":[],"class_list":{"0":"post-53987","1":"product","2":"type-product","3":"status-publish","4":"has-post-thumbnail","6":"product_cat-uncategorized","7":"pa_designer-dietiker","8":"pa_farbe-braun","9":"pa_material-holz","10":"pa_standort-zurich","11":"pa_stil-design","12":"pa_stil-vintage","13":"desktop-align-left","14":"tablet-align-left","15":"mobile-align-left","17":"first","18":"instock","19":"sold-individually","20":"shipping-taxable","21":"purchasable","22":"product-type-simple"},"acf":[],"yoast_head":"<!-- This site is optimized with the Yoast SEO plugin v27.4 - https:\/\/yoast.com\/product\/yoast-seo-wordpress\/ -->\n<title>Set J\u00fcrg Bally St\u00fchlen von Dietiker 1960er Jahre | Vintage M\u00f6bel kaufen auf KURATO.CH<\/title>\n<meta name=\"description\" content=\"Entdecke Vintage M\u00f6bel &amp; Dekoration \u27a4 Set J\u00fcrg Bally St\u00fchlen von Dietiker 1960er Jahre auf Kurato. \u2713Lieferung Schweiz \u271314-Tage R\u00fcckgabe \u2713Secondhand Unikat\" \/>\n<meta name=\"robots\" content=\"index, follow, max-snippet:-1, max-image-preview:large, max-video-preview:-1\" \/>\n<link rel=\"canonical\" href=\"https:\/\/kurato.ch\/fr\/product\/set-juerg-bally-stuehlen-von-dietiker-1960er-jahre\/\" \/>\n<meta property=\"og:locale\" content=\"fr_FR\" \/>\n<meta property=\"og:type\" content=\"article\" \/>\n<meta property=\"og:title\" content=\"Set J\u00fcrg Bally St\u00fchlen von Dietiker 1960er Jahre | Vintage M\u00f6bel kaufen auf KURATO.CH\" \/>\n<meta property=\"og:description\" content=\"Entdecke Vintage M\u00f6bel &amp; Dekoration \u27a4 Set J\u00fcrg Bally St\u00fchlen von Dietiker 1960er Jahre auf Kurato. \u2713Lieferung Schweiz \u271314-Tage R\u00fcckgabe \u2713Secondhand Unikat\" \/>\n<meta property=\"og:url\" content=\"https:\/\/kurato.ch\/fr\/product\/set-juerg-bally-stuehlen-von-dietiker-1960er-jahre\/\" \/>\n<meta property=\"og:site_name\" content=\"Vintage M\u00f6bel &amp; Dekoration I Kurato\" \/>\n<meta property=\"article:publisher\" content=\"https:\/\/www.facebook.com\/kuratoswitzerland\" \/>\n<meta property=\"article:modified_time\" content=\"2024-05-08T05:37:50+00:00\" \/>\n<meta property=\"og:image\" content=\"https:\/\/kurato.ch\/wp-content\/uploads\/2024\/05\/Set-Juerg-Bally-Stuehlen-von-Dietiker-1960er-Jahre-vintage-secondhand-gebraucht-schweiz.jpg\" \/>\n\t<meta property=\"og:image:width\" content=\"800\" \/>\n\t<meta property=\"og:image:height\" content=\"800\" \/>\n\t<meta property=\"og:image:type\" content=\"image\/jpeg\" \/>\n<meta name=\"twitter:label1\" content=\"Dur\u00e9e de lecture estim\u00e9e\" \/>\n\t<meta name=\"twitter:data1\" content=\"1 minute\" \/>\n<script type=\"application\/ld+json\" class=\"yoast-schema-graph\">{\"@context\":\"https:\\\/\\\/schema.org\",\"@graph\":[{\"@type\":\"WebPage\",\"@id\":\"https:\\\/\\\/kurato.ch\\\/product\\\/set-juerg-bally-stuehlen-von-dietiker-1960er-jahre\\\/\",\"url\":\"https:\\\/\\\/kurato.ch\\\/product\\\/set-juerg-bally-stuehlen-von-dietiker-1960er-jahre\\\/\",\"name\":\"Set J\u00fcrg Bally St\u00fchlen von Dietiker 1960er Jahre | Vintage M\u00f6bel kaufen auf KURATO.CH\",\"isPartOf\":{\"@id\":\"https:\\\/\\\/kurato.ch\\\/#website\"},\"primaryImageOfPage\":{\"@id\":\"https:\\\/\\\/kurato.ch\\\/product\\\/set-juerg-bally-stuehlen-von-dietiker-1960er-jahre\\\/#primaryimage\"},\"image\":{\"@id\":\"https:\\\/\\\/kurato.ch\\\/product\\\/set-juerg-bally-stuehlen-von-dietiker-1960er-jahre\\\/#primaryimage\"},\"thumbnailUrl\":\"https:\\\/\\\/kurato.ch\\\/wp-content\\\/uploads\\\/2024\\\/05\\\/Set-Juerg-Bally-Stuehlen-von-Dietiker-1960er-Jahre-vintage-secondhand-gebraucht-schweiz.jpg\",\"datePublished\":\"2024-04-23T13:49:25+00:00\",\"dateModified\":\"2024-05-08T05:37:50+00:00\",\"description\":\"Entdecke Vintage M\u00f6bel & Dekoration \u27a4 Set J\u00fcrg Bally St\u00fchlen von Dietiker 1960er Jahre auf Kurato. \u2713Lieferung Schweiz \u271314-Tage R\u00fcckgabe \u2713Secondhand Unikat\",\"breadcrumb\":{\"@id\":\"https:\\\/\\\/kurato.ch\\\/product\\\/set-juerg-bally-stuehlen-von-dietiker-1960er-jahre\\\/#breadcrumb\"},\"inLanguage\":\"fr-FR\",\"potentialAction\":[{\"@type\":\"ReadAction\",\"target\":[\"https:\\\/\\\/kurato.ch\\\/product\\\/set-juerg-bally-stuehlen-von-dietiker-1960er-jahre\\\/\"]}]},{\"@type\":\"ImageObject\",\"inLanguage\":\"fr-FR\",\"@id\":\"https:\\\/\\\/kurato.ch\\\/product\\\/set-juerg-bally-stuehlen-von-dietiker-1960er-jahre\\\/#primaryimage\",\"url\":\"https:\\\/\\\/kurato.ch\\\/wp-content\\\/uploads\\\/2024\\\/05\\\/Set-Juerg-Bally-Stuehlen-von-Dietiker-1960er-Jahre-vintage-secondhand-gebraucht-schweiz.jpg\",\"contentUrl\":\"https:\\\/\\\/kurato.ch\\\/wp-content\\\/uploads\\\/2024\\\/05\\\/Set-Juerg-Bally-Stuehlen-von-Dietiker-1960er-Jahre-vintage-secondhand-gebraucht-schweiz.jpg\",\"width\":800,\"height\":800,\"caption\":\"Set Ju\u0308rg Bally Stu\u0308hlen von Dietiker 1960er Jahre\"},{\"@type\":\"BreadcrumbList\",\"@id\":\"https:\\\/\\\/kurato.ch\\\/product\\\/set-juerg-bally-stuehlen-von-dietiker-1960er-jahre\\\/#breadcrumb\",\"itemListElement\":[{\"@type\":\"ListItem\",\"position\":1,\"name\":\"Home\",\"item\":\"https:\\\/\\\/kurato.ch\\\/\"},{\"@type\":\"ListItem\",\"position\":2,\"name\":\"Neuheiten\",\"item\":\"https:\\\/\\\/kurato.ch\\\/neuheiten\\\/\"},{\"@type\":\"ListItem\",\"position\":3,\"name\":\"Set J\u00fcrg Bally St\u00fchlen von Dietiker 1960er Jahre\"}]},{\"@type\":\"WebSite\",\"@id\":\"https:\\\/\\\/kurato.ch\\\/#website\",\"url\":\"https:\\\/\\\/kurato.ch\\\/\",\"name\":\"Vintage M\u00f6bel &amp; Dekoration I Kurato\",\"description\":\"Vintage M\u00f6bel &amp; Dekoration I Kurato\",\"publisher\":{\"@id\":\"https:\\\/\\\/kurato.ch\\\/#organization\"},\"potentialAction\":[{\"@type\":\"SearchAction\",\"target\":{\"@type\":\"EntryPoint\",\"urlTemplate\":\"https:\\\/\\\/kurato.ch\\\/?s={search_term_string}\"},\"query-input\":{\"@type\":\"PropertyValueSpecification\",\"valueRequired\":true,\"valueName\":\"search_term_string\"}}],\"inLanguage\":\"fr-FR\"},{\"@type\":\"Organization\",\"@id\":\"https:\\\/\\\/kurato.ch\\\/#organization\",\"name\":\"Kurato.\",\"url\":\"https:\\\/\\\/kurato.ch\\\/\",\"logo\":{\"@type\":\"ImageObject\",\"inLanguage\":\"fr-FR\",\"@id\":\"https:\\\/\\\/kurato.ch\\\/#\\\/schema\\\/logo\\\/image\\\/\",\"url\":\"\",\"contentUrl\":\"\",\"caption\":\"Kurato.\"},\"image\":{\"@id\":\"https:\\\/\\\/kurato.ch\\\/#\\\/schema\\\/logo\\\/image\\\/\"},\"sameAs\":[\"https:\\\/\\\/www.facebook.com\\\/kuratoswitzerland\",\"https:\\\/\\\/www.instagram.com\\\/kurato.ch\\\/\",\"https:\\\/\\\/www.pinterest.ch\\\/kurato_ch\\\/_created\\\/\"]}]}<\/script>\n<!-- \/ Yoast SEO plugin. -->","yoast_head_json":{"title":"Set J\u00fcrg Bally St\u00fchlen von Dietiker 1960er Jahre | Vintage M\u00f6bel kaufen auf KURATO.CH","description":"Entdecke Vintage M\u00f6bel & Dekoration \u27a4 Set J\u00fcrg Bally St\u00fchlen von Dietiker 1960er Jahre auf Kurato. \u2713Lieferung Schweiz \u271314-Tage R\u00fcckgabe \u2713Secondhand Unikat","robots":{"index":"index","follow":"follow","max-snippet":"max-snippet:-1","max-image-preview":"max-image-preview:large","max-video-preview":"max-video-preview:-1"},"canonical":"https:\/\/kurato.ch\/fr\/product\/set-juerg-bally-stuehlen-von-dietiker-1960er-jahre\/","og_locale":"fr_FR","og_type":"article","og_title":"Set J\u00fcrg Bally St\u00fchlen von Dietiker 1960er Jahre | Vintage M\u00f6bel kaufen auf KURATO.CH","og_description":"Entdecke Vintage M\u00f6bel & Dekoration \u27a4 Set J\u00fcrg Bally St\u00fchlen von Dietiker 1960er Jahre auf Kurato. \u2713Lieferung Schweiz \u271314-Tage R\u00fcckgabe \u2713Secondhand Unikat","og_url":"https:\/\/kurato.ch\/fr\/product\/set-juerg-bally-stuehlen-von-dietiker-1960er-jahre\/","og_site_name":"Vintage M\u00f6bel &amp; Dekoration I Kurato","article_publisher":"https:\/\/www.facebook.com\/kuratoswitzerland","article_modified_time":"2024-05-08T05:37:50+00:00","og_image":[{"width":800,"height":800,"url":"https:\/\/kurato.ch\/wp-content\/uploads\/2024\/05\/Set-Juerg-Bally-Stuehlen-von-Dietiker-1960er-Jahre-vintage-secondhand-gebraucht-schweiz.jpg","type":"image\/jpeg"}],"twitter_misc":{"Dur\u00e9e de lecture estim\u00e9e":"1 minute"},"schema":{"@context":"https:\/\/schema.org","@graph":[{"@type":"WebPage","@id":"https:\/\/kurato.ch\/product\/set-juerg-bally-stuehlen-von-dietiker-1960er-jahre\/","url":"https:\/\/kurato.ch\/product\/set-juerg-bally-stuehlen-von-dietiker-1960er-jahre\/","name":"Set J\u00fcrg Bally St\u00fchlen von Dietiker 1960er Jahre | Vintage M\u00f6bel kaufen auf KURATO.CH","isPartOf":{"@id":"https:\/\/kurato.ch\/#website"},"primaryImageOfPage":{"@id":"https:\/\/kurato.ch\/product\/set-juerg-bally-stuehlen-von-dietiker-1960er-jahre\/#primaryimage"},"image":{"@id":"https:\/\/kurato.ch\/product\/set-juerg-bally-stuehlen-von-dietiker-1960er-jahre\/#primaryimage"},"thumbnailUrl":"https:\/\/kurato.ch\/wp-content\/uploads\/2024\/05\/Set-Juerg-Bally-Stuehlen-von-Dietiker-1960er-Jahre-vintage-secondhand-gebraucht-schweiz.jpg","datePublished":"2024-04-23T13:49:25+00:00","dateModified":"2024-05-08T05:37:50+00:00","description":"Entdecke Vintage M\u00f6bel & Dekoration \u27a4 Set J\u00fcrg Bally St\u00fchlen von Dietiker 1960er Jahre auf Kurato. \u2713Lieferung Schweiz \u271314-Tage R\u00fcckgabe \u2713Secondhand Unikat","breadcrumb":{"@id":"https:\/\/kurato.ch\/product\/set-juerg-bally-stuehlen-von-dietiker-1960er-jahre\/#breadcrumb"},"inLanguage":"fr-FR","potentialAction":[{"@type":"ReadAction","target":["https:\/\/kurato.ch\/product\/set-juerg-bally-stuehlen-von-dietiker-1960er-jahre\/"]}]},{"@type":"ImageObject","inLanguage":"fr-FR","@id":"https:\/\/kurato.ch\/product\/set-juerg-bally-stuehlen-von-dietiker-1960er-jahre\/#primaryimage","url":"https:\/\/kurato.ch\/wp-content\/uploads\/2024\/05\/Set-Juerg-Bally-Stuehlen-von-Dietiker-1960er-Jahre-vintage-secondhand-gebraucht-schweiz.jpg","contentUrl":"https:\/\/kurato.ch\/wp-content\/uploads\/2024\/05\/Set-Juerg-Bally-Stuehlen-von-Dietiker-1960er-Jahre-vintage-secondhand-gebraucht-schweiz.jpg","width":800,"height":800,"caption":"Set Ju\u0308rg Bally Stu\u0308hlen von Dietiker 1960er Jahre"},{"@type":"BreadcrumbList","@id":"https:\/\/kurato.ch\/product\/set-juerg-bally-stuehlen-von-dietiker-1960er-jahre\/#breadcrumb","itemListElement":[{"@type":"ListItem","position":1,"name":"Home","item":"https:\/\/kurato.ch\/"},{"@type":"ListItem","position":2,"name":"Neuheiten","item":"https:\/\/kurato.ch\/neuheiten\/"},{"@type":"ListItem","position":3,"name":"Set J\u00fcrg Bally St\u00fchlen von Dietiker 1960er Jahre"}]},{"@type":"WebSite","@id":"https:\/\/kurato.ch\/#website","url":"https:\/\/kurato.ch\/","name":"Meubles vintage &amp; d\u00e9coration I Kurato","description":"Meubles vintage &amp; d\u00e9coration I Kurato","publisher":{"@id":"https:\/\/kurato.ch\/#organization"},"potentialAction":[{"@type":"SearchAction","target":{"@type":"EntryPoint","urlTemplate":"https:\/\/kurato.ch\/?s={search_term_string}"},"query-input":{"@type":"PropertyValueSpecification","valueRequired":true,"valueName":"search_term_string"}}],"inLanguage":"fr-FR"},{"@type":"Organization","@id":"https:\/\/kurato.ch\/#organization","name":"Kurato.","url":"https:\/\/kurato.ch\/","logo":{"@type":"ImageObject","inLanguage":"fr-FR","@id":"https:\/\/kurato.ch\/#\/schema\/logo\/image\/","url":"","contentUrl":"","caption":"Kurato."},"image":{"@id":"https:\/\/kurato.ch\/#\/schema\/logo\/image\/"},"sameAs":["https:\/\/www.facebook.com\/kuratoswitzerland","https:\/\/www.instagram.com\/kurato.ch\/","https:\/\/www.pinterest.ch\/kurato_ch\/_created\/"]}]}},"_links":{"self":[{"href":"https:\/\/kurato.ch\/fr\/wp-json\/wp\/v2\/product\/53987","targetHints":{"allow":["GET"]}}],"collection":[{"href":"https:\/\/kurato.ch\/fr\/wp-json\/wp\/v2\/product"}],"about":[{"href":"https:\/\/kurato.ch\/fr\/wp-json\/wp\/v2\/types\/product"}],"wp:featuredmedia":[{"embeddable":true,"href":"https:\/\/kurato.ch\/fr\/wp-json\/wp\/v2\/media\/54788"}],"wp:attachment":[{"href":"https:\/\/kurato.ch\/fr\/wp-json\/wp\/v2\/media?parent=53987"}],"wp:term":[{"taxonomy":"product_brand","embeddable":true,"href":"https:\/\/kurato.ch\/fr\/wp-json\/wp\/v2\/product_brand?post=53987"},{"taxonomy":"product_cat","embeddable":true,"href":"https:\/\/kurato.ch\/fr\/wp-json\/wp\/v2\/product_cat?post=53987"},{"taxonomy":"product_tag","embeddable":true,"href":"https:\/\/kurato.ch\/fr\/wp-json\/wp\/v2\/product_tag?post=53987"}],"curies":[{"name":"wp","href":"https:\/\/api.w.org\/{rel}","templated":true}]}}