{"id":56266,"date":"2024-06-01T10:55:35","date_gmt":"2024-06-01T08:55:35","guid":{"rendered":"https:\/\/kurato.ch\/?post_type=product&#038;p=56266"},"modified":"2024-06-01T10:55:36","modified_gmt":"2024-06-01T08:55:36","slug":"piure-nes-pur-kleiderschrank-hochglanz-weiss","status":"publish","type":"product","link":"https:\/\/kurato.ch\/fr\/product\/piure-nes-pur-kleiderschrank-hochglanz-weiss\/","title":{"rendered":"PIURE Nes Pur Armoire blanc brillant"},"content":{"rendered":"<p>La penderie Nex Pur incarne une esth\u00e9tique intemporelle, une \u00e9l\u00e9gance simple et un minimalisme moderne. Son design \u00e9pur\u00e9, ses c\u00f4t\u00e9s ext\u00e9rieurs tr\u00e8s fins et ses joints d'ombre en font un espace de rangement qui s'int\u00e8gre sans effort dans n'importe quelle pi\u00e8ce.<\/p>\n<p>PIURE con\u00e7oit des meubles sophistiqu\u00e9s d'une simplicit\u00e9 luxueuse et est Made in Germany. La marque propose des mati\u00e8res premi\u00e8res certifi\u00e9es, des ferrures haut de gamme et une qualit\u00e9 durable.<\/p>\n<p>Ma Piure a \u00e9t\u00e9 un coup de foudre et je l'ai trait\u00e9e en cons\u00e9quence (\u00e9tat 5\/5 \u00e9toiles). Malheureusement, je dois l'abandonner pour cause de d\u00e9m\u00e9nagement. Je serais tr\u00e8s heureuse qu'il arrive chez quelqu'un qui le meuble et le serve avec le m\u00eame amour !<\/p>\n<p>Armoire Piure Nex Finition : blanc brillant :<br \/>- 2 \u00e9l\u00e9ments d'armoire de 100cm de large avec 4 portes \/ push-pull<br \/>- 2 \u00e9tag\u00e8res avec tringle \u00e0 v\u00eatements, \u00e9clairage inclus<br \/>- 2 tiroirs int\u00e9rieurs de 25 cm de hauteur<br \/>- 3 tiroirs ext\u00e9rieurs de 12,5 cm \/ 25 cm \/ 37,5 cm de hauteur<br \/>- Dimensions : 201.2 x 62.2 x 253.5<\/p>\n<p>Cette armoire est un classique absolu qui allie fonctionnalit\u00e9 et style, id\u00e9al pour les chambres \u00e0 coucher modernes avec un petit quelque chose en plus.<\/p>\n<p>Le prix neuf en 2021 \u00e9tait de 13146 CHF<\/p>\n<p><br data-mce-bogus=\"1\"><\/p>\n<div style=\"direction: ltr;border-width: 100%\" data-mce-style=\"direction: ltr; border-width: 100%;\">\n<div style=\"direction: ltr;margin-top: 0in;margin-left: 0in;width: 6.0187in\" data-mce-style=\"direction: ltr; margin-top: 0in; margin-left: 0in; width: 6.0187in;\">\n<div style=\"direction: ltr;margin-top: 0in;margin-left: 0in;width: 6.0187in\" data-mce-style=\"direction: ltr; margin-top: 0in; margin-left: 0in; width: 6.0187in;\">\n<p style=\"margin: 0in;font-family: Calibri;font-size: 11.0pt\" data-mce-style=\"margin: 0in; font-family: Calibri; font-size: 11.0pt;\"><span style=\"font-weight: bold\" data-mce-style=\"font-weight: bold;\">Vous souhaitez recevoir l'article chez vous ?<\/span><\/p>\n<p style=\"margin: 0in;font-family: Calibri;font-size: 11.0pt\" data-mce-style=\"margin: 0in; font-family: Calibri; font-size: 11.0pt;\"><span lang=\"en-GB\">Contactez le service client\u00e8le de Kurato <\/span><a href=\"mailto:hello@kurato.ch\" data-mce-href=\"mailto:hello@kurato.ch\"><span lang=\"de-CH\" style=\"font-weight: bold\" data-mce-style=\"font-weight: bold;\">hello@kurato.ch<\/span><\/a><span lang=\"en-GB\"> et demandez une offre de livraison personnalis\u00e9e.<\/span><\/p>\n<\/div>\n<\/div>\n<\/div>","protected":false},"excerpt":{"rendered":"<p>Der Nex Pur Kleiderschrank verk\u00f6rpert zeitlose \u00c4sthetik, schlichte Eleganz und modernen Minimalismus. Sein klares Design, die hauchd\u00fcnnen Aussenseiten und Schattenfugen machen ihn zu einem Stauraum, der sich m\u00fchelos in jeden Raum integriert. PIURE entwirft anspruchsvolle M\u00f6bel von luxuri\u00f6ser Schlichtheit und ist Made in Germany. Die Marke bietet zertifizierte Rohstoffe, hochwertige Beschl\u00e4ge und nachhaltige Qualit\u00e4t. Mein [&hellip;]<\/p>\n","protected":false},"featured_media":56511,"template":"","meta":{"_acf_changed":false,"site-sidebar-layout":"default","site-content-layout":"","ast-site-content-layout":"default","site-content-style":"default","site-sidebar-style":"default","ast-global-header-display":"","ast-banner-title-visibility":"","ast-main-header-display":"","ast-hfb-above-header-display":"","ast-hfb-below-header-display":"","ast-hfb-mobile-header-display":"","site-post-title":"","ast-breadcrumbs-content":"","ast-featured-img":"","footer-sml-layout":"","ast-disable-related-posts":"","theme-transparent-header-meta":"","adv-header-id-meta":"","stick-header-meta":"","header-above-stick-meta":"","header-main-stick-meta":"","header-below-stick-meta":"","astra-migrate-meta-layouts":"default","ast-page-background-enabled":"default","ast-page-background-meta":{"desktop":{"background-color":"","background-image":"","background-repeat":"repeat","background-position":"center center","background-size":"auto","background-attachment":"scroll","background-type":"","background-media":"","overlay-type":"","overlay-color":"","overlay-opacity":"","overlay-gradient":""},"tablet":{"background-color":"","background-image":"","background-repeat":"repeat","background-position":"center center","background-size":"auto","background-attachment":"scroll","background-type":"","background-media":"","overlay-type":"","overlay-color":"","overlay-opacity":"","overlay-gradient":""},"mobile":{"background-color":"","background-image":"","background-repeat":"repeat","background-position":"center center","background-size":"auto","background-attachment":"scroll","background-type":"","background-media":"","overlay-type":"","overlay-color":"","overlay-opacity":"","overlay-gradient":""}},"ast-content-background-meta":{"desktop":{"background-color":"var(--ast-global-color-5)","background-image":"","background-repeat":"repeat","background-position":"center center","background-size":"auto","background-attachment":"scroll","background-type":"","background-media":"","overlay-type":"","overlay-color":"","overlay-opacity":"","overlay-gradient":""},"tablet":{"background-color":"var(--ast-global-color-5)","background-image":"","background-repeat":"repeat","background-position":"center center","background-size":"auto","background-attachment":"scroll","background-type":"","background-media":"","overlay-type":"","overlay-color":"","overlay-opacity":"","overlay-gradient":""},"mobile":{"background-color":"var(--ast-global-color-5)","background-image":"","background-repeat":"repeat","background-position":"center center","background-size":"auto","background-attachment":"scroll","background-type":"","background-media":"","overlay-type":"","overlay-color":"","overlay-opacity":"","overlay-gradient":""}}},"product_brand":[],"product_cat":[133],"product_tag":[],"class_list":{"0":"post-56266","1":"product","2":"type-product","3":"status-publish","4":"has-post-thumbnail","6":"product_cat-vintage-schrank","7":"pa_farbe-weiss","8":"pa_material-holz","9":"pa_standort-zurich","10":"pa_stil-design","11":"desktop-align-left","12":"tablet-align-left","13":"mobile-align-left","15":"first","16":"instock","17":"sold-individually","18":"shipping-taxable","19":"purchasable","20":"product-type-simple"},"acf":[],"yoast_head":"<!-- This site is optimized with the Yoast SEO plugin v27.5 - https:\/\/yoast.com\/product\/yoast-seo-wordpress\/ -->\n<title>PIURE Nes Pur Kleiderschrank hochglanz Weiss | Vintage M\u00f6bel kaufen auf KURATO.CH<\/title>\n<meta name=\"description\" content=\"Entdecke Vintage M\u00f6bel &amp; Dekoration \u27a4 PIURE Nes Pur Kleiderschrank hochglanz Weiss auf Kurato. \u2713Lieferung Schweiz \u271314-Tage R\u00fcckgabe \u2713Secondhand Unikat\" \/>\n<meta name=\"robots\" content=\"index, follow, max-snippet:-1, max-image-preview:large, max-video-preview:-1\" \/>\n<link rel=\"canonical\" href=\"https:\/\/kurato.ch\/fr\/product\/piure-nes-pur-kleiderschrank-hochglanz-weiss\/\" \/>\n<meta property=\"og:locale\" content=\"fr_FR\" \/>\n<meta property=\"og:type\" content=\"article\" \/>\n<meta property=\"og:title\" content=\"PIURE Nes Pur Kleiderschrank hochglanz Weiss | Vintage M\u00f6bel kaufen auf KURATO.CH\" \/>\n<meta property=\"og:description\" content=\"Entdecke Vintage M\u00f6bel &amp; Dekoration \u27a4 PIURE Nes Pur Kleiderschrank hochglanz Weiss auf Kurato. \u2713Lieferung Schweiz \u271314-Tage R\u00fcckgabe \u2713Secondhand Unikat\" \/>\n<meta property=\"og:url\" content=\"https:\/\/kurato.ch\/fr\/product\/piure-nes-pur-kleiderschrank-hochglanz-weiss\/\" \/>\n<meta property=\"og:site_name\" content=\"Vintage M\u00f6bel &amp; Dekoration I Kurato\" \/>\n<meta property=\"article:publisher\" content=\"https:\/\/www.facebook.com\/kuratoswitzerland\" \/>\n<meta property=\"article:modified_time\" content=\"2024-06-01T08:55:36+00:00\" \/>\n<meta property=\"og:image\" content=\"https:\/\/kurato.ch\/wp-content\/uploads\/2024\/06\/PIURE-Nes-Pur-Kleiderschrank-hochglanz-Weiss-vintage-secondhand-gebraucht-schweiz.jpg\" \/>\n\t<meta property=\"og:image:width\" content=\"800\" \/>\n\t<meta property=\"og:image:height\" content=\"800\" \/>\n\t<meta property=\"og:image:type\" content=\"image\/jpeg\" \/>\n<meta name=\"twitter:label1\" content=\"Dur\u00e9e de lecture estim\u00e9e\" \/>\n\t<meta name=\"twitter:data1\" content=\"1 minute\" \/>\n<script type=\"application\/ld+json\" class=\"yoast-schema-graph\">{\"@context\":\"https:\\\/\\\/schema.org\",\"@graph\":[{\"@type\":\"WebPage\",\"@id\":\"https:\\\/\\\/kurato.ch\\\/product\\\/piure-nes-pur-kleiderschrank-hochglanz-weiss\\\/\",\"url\":\"https:\\\/\\\/kurato.ch\\\/product\\\/piure-nes-pur-kleiderschrank-hochglanz-weiss\\\/\",\"name\":\"PIURE Nes Pur Kleiderschrank hochglanz Weiss | Vintage M\u00f6bel kaufen auf KURATO.CH\",\"isPartOf\":{\"@id\":\"https:\\\/\\\/kurato.ch\\\/#website\"},\"primaryImageOfPage\":{\"@id\":\"https:\\\/\\\/kurato.ch\\\/product\\\/piure-nes-pur-kleiderschrank-hochglanz-weiss\\\/#primaryimage\"},\"image\":{\"@id\":\"https:\\\/\\\/kurato.ch\\\/product\\\/piure-nes-pur-kleiderschrank-hochglanz-weiss\\\/#primaryimage\"},\"thumbnailUrl\":\"https:\\\/\\\/kurato.ch\\\/wp-content\\\/uploads\\\/2024\\\/06\\\/PIURE-Nes-Pur-Kleiderschrank-hochglanz-Weiss-vintage-secondhand-gebraucht-schweiz.jpg\",\"datePublished\":\"2024-06-01T08:55:35+00:00\",\"dateModified\":\"2024-06-01T08:55:36+00:00\",\"description\":\"Entdecke Vintage M\u00f6bel & Dekoration \u27a4 PIURE Nes Pur Kleiderschrank hochglanz Weiss auf Kurato. \u2713Lieferung Schweiz \u271314-Tage R\u00fcckgabe \u2713Secondhand Unikat\",\"breadcrumb\":{\"@id\":\"https:\\\/\\\/kurato.ch\\\/product\\\/piure-nes-pur-kleiderschrank-hochglanz-weiss\\\/#breadcrumb\"},\"inLanguage\":\"fr-FR\",\"potentialAction\":[{\"@type\":\"ReadAction\",\"target\":[\"https:\\\/\\\/kurato.ch\\\/product\\\/piure-nes-pur-kleiderschrank-hochglanz-weiss\\\/\"]}]},{\"@type\":\"ImageObject\",\"inLanguage\":\"fr-FR\",\"@id\":\"https:\\\/\\\/kurato.ch\\\/product\\\/piure-nes-pur-kleiderschrank-hochglanz-weiss\\\/#primaryimage\",\"url\":\"https:\\\/\\\/kurato.ch\\\/wp-content\\\/uploads\\\/2024\\\/06\\\/PIURE-Nes-Pur-Kleiderschrank-hochglanz-Weiss-vintage-secondhand-gebraucht-schweiz.jpg\",\"contentUrl\":\"https:\\\/\\\/kurato.ch\\\/wp-content\\\/uploads\\\/2024\\\/06\\\/PIURE-Nes-Pur-Kleiderschrank-hochglanz-Weiss-vintage-secondhand-gebraucht-schweiz.jpg\",\"width\":800,\"height\":800,\"caption\":\"PIURE Nes Pur Kleiderschrank hochglanz Weiss\"},{\"@type\":\"BreadcrumbList\",\"@id\":\"https:\\\/\\\/kurato.ch\\\/product\\\/piure-nes-pur-kleiderschrank-hochglanz-weiss\\\/#breadcrumb\",\"itemListElement\":[{\"@type\":\"ListItem\",\"position\":1,\"name\":\"Home\",\"item\":\"https:\\\/\\\/kurato.ch\\\/\"},{\"@type\":\"ListItem\",\"position\":2,\"name\":\"Neuheiten\",\"item\":\"https:\\\/\\\/kurato.ch\\\/neuheiten\\\/\"},{\"@type\":\"ListItem\",\"position\":3,\"name\":\"PIURE Nes Pur Kleiderschrank hochglanz Weiss\"}]},{\"@type\":\"WebSite\",\"@id\":\"https:\\\/\\\/kurato.ch\\\/#website\",\"url\":\"https:\\\/\\\/kurato.ch\\\/\",\"name\":\"Vintage M\u00f6bel &amp; Dekoration I Kurato\",\"description\":\"Vintage M\u00f6bel &amp; Dekoration I Kurato\",\"publisher\":{\"@id\":\"https:\\\/\\\/kurato.ch\\\/#organization\"},\"potentialAction\":[{\"@type\":\"SearchAction\",\"target\":{\"@type\":\"EntryPoint\",\"urlTemplate\":\"https:\\\/\\\/kurato.ch\\\/?s={search_term_string}\"},\"query-input\":{\"@type\":\"PropertyValueSpecification\",\"valueRequired\":true,\"valueName\":\"search_term_string\"}}],\"inLanguage\":\"fr-FR\"},{\"@type\":\"Organization\",\"@id\":\"https:\\\/\\\/kurato.ch\\\/#organization\",\"name\":\"Kurato.\",\"url\":\"https:\\\/\\\/kurato.ch\\\/\",\"logo\":{\"@type\":\"ImageObject\",\"inLanguage\":\"fr-FR\",\"@id\":\"https:\\\/\\\/kurato.ch\\\/#\\\/schema\\\/logo\\\/image\\\/\",\"url\":\"\",\"contentUrl\":\"\",\"caption\":\"Kurato.\"},\"image\":{\"@id\":\"https:\\\/\\\/kurato.ch\\\/#\\\/schema\\\/logo\\\/image\\\/\"},\"sameAs\":[\"https:\\\/\\\/www.facebook.com\\\/kuratoswitzerland\",\"https:\\\/\\\/www.instagram.com\\\/kurato.ch\\\/\",\"https:\\\/\\\/www.pinterest.ch\\\/kurato_ch\\\/_created\\\/\"]}]}<\/script>\n<!-- \/ Yoast SEO plugin. -->","yoast_head_json":{"title":"PIURE Nes Pur Kleiderschrank hochglanz Weiss | Vintage M\u00f6bel kaufen auf KURATO.CH","description":"Entdecke Vintage M\u00f6bel & Dekoration \u27a4 PIURE Nes Pur Kleiderschrank hochglanz Weiss auf Kurato. \u2713Lieferung Schweiz \u271314-Tage R\u00fcckgabe \u2713Secondhand Unikat","robots":{"index":"index","follow":"follow","max-snippet":"max-snippet:-1","max-image-preview":"max-image-preview:large","max-video-preview":"max-video-preview:-1"},"canonical":"https:\/\/kurato.ch\/fr\/product\/piure-nes-pur-kleiderschrank-hochglanz-weiss\/","og_locale":"fr_FR","og_type":"article","og_title":"PIURE Nes Pur Kleiderschrank hochglanz Weiss | Vintage M\u00f6bel kaufen auf KURATO.CH","og_description":"Entdecke Vintage M\u00f6bel & Dekoration \u27a4 PIURE Nes Pur Kleiderschrank hochglanz Weiss auf Kurato. \u2713Lieferung Schweiz \u271314-Tage R\u00fcckgabe \u2713Secondhand Unikat","og_url":"https:\/\/kurato.ch\/fr\/product\/piure-nes-pur-kleiderschrank-hochglanz-weiss\/","og_site_name":"Vintage M\u00f6bel &amp; Dekoration I Kurato","article_publisher":"https:\/\/www.facebook.com\/kuratoswitzerland","article_modified_time":"2024-06-01T08:55:36+00:00","og_image":[{"width":800,"height":800,"url":"https:\/\/kurato.ch\/wp-content\/uploads\/2024\/06\/PIURE-Nes-Pur-Kleiderschrank-hochglanz-Weiss-vintage-secondhand-gebraucht-schweiz.jpg","type":"image\/jpeg"}],"twitter_misc":{"Dur\u00e9e de lecture estim\u00e9e":"1 minute"},"schema":{"@context":"https:\/\/schema.org","@graph":[{"@type":"WebPage","@id":"https:\/\/kurato.ch\/product\/piure-nes-pur-kleiderschrank-hochglanz-weiss\/","url":"https:\/\/kurato.ch\/product\/piure-nes-pur-kleiderschrank-hochglanz-weiss\/","name":"PIURE Nes Pur Kleiderschrank hochglanz Weiss | Vintage M\u00f6bel kaufen auf KURATO.CH","isPartOf":{"@id":"https:\/\/kurato.ch\/#website"},"primaryImageOfPage":{"@id":"https:\/\/kurato.ch\/product\/piure-nes-pur-kleiderschrank-hochglanz-weiss\/#primaryimage"},"image":{"@id":"https:\/\/kurato.ch\/product\/piure-nes-pur-kleiderschrank-hochglanz-weiss\/#primaryimage"},"thumbnailUrl":"https:\/\/kurato.ch\/wp-content\/uploads\/2024\/06\/PIURE-Nes-Pur-Kleiderschrank-hochglanz-Weiss-vintage-secondhand-gebraucht-schweiz.jpg","datePublished":"2024-06-01T08:55:35+00:00","dateModified":"2024-06-01T08:55:36+00:00","description":"Entdecke Vintage M\u00f6bel & Dekoration \u27a4 PIURE Nes Pur Kleiderschrank hochglanz Weiss auf Kurato. \u2713Lieferung Schweiz \u271314-Tage R\u00fcckgabe \u2713Secondhand Unikat","breadcrumb":{"@id":"https:\/\/kurato.ch\/product\/piure-nes-pur-kleiderschrank-hochglanz-weiss\/#breadcrumb"},"inLanguage":"fr-FR","potentialAction":[{"@type":"ReadAction","target":["https:\/\/kurato.ch\/product\/piure-nes-pur-kleiderschrank-hochglanz-weiss\/"]}]},{"@type":"ImageObject","inLanguage":"fr-FR","@id":"https:\/\/kurato.ch\/product\/piure-nes-pur-kleiderschrank-hochglanz-weiss\/#primaryimage","url":"https:\/\/kurato.ch\/wp-content\/uploads\/2024\/06\/PIURE-Nes-Pur-Kleiderschrank-hochglanz-Weiss-vintage-secondhand-gebraucht-schweiz.jpg","contentUrl":"https:\/\/kurato.ch\/wp-content\/uploads\/2024\/06\/PIURE-Nes-Pur-Kleiderschrank-hochglanz-Weiss-vintage-secondhand-gebraucht-schweiz.jpg","width":800,"height":800,"caption":"PIURE Nes Pur Kleiderschrank hochglanz Weiss"},{"@type":"BreadcrumbList","@id":"https:\/\/kurato.ch\/product\/piure-nes-pur-kleiderschrank-hochglanz-weiss\/#breadcrumb","itemListElement":[{"@type":"ListItem","position":1,"name":"Home","item":"https:\/\/kurato.ch\/"},{"@type":"ListItem","position":2,"name":"Neuheiten","item":"https:\/\/kurato.ch\/neuheiten\/"},{"@type":"ListItem","position":3,"name":"PIURE Nes Pur Kleiderschrank hochglanz Weiss"}]},{"@type":"WebSite","@id":"https:\/\/kurato.ch\/#website","url":"https:\/\/kurato.ch\/","name":"Meubles vintage &amp; d\u00e9coration I Kurato","description":"Meubles vintage &amp; d\u00e9coration I Kurato","publisher":{"@id":"https:\/\/kurato.ch\/#organization"},"potentialAction":[{"@type":"SearchAction","target":{"@type":"EntryPoint","urlTemplate":"https:\/\/kurato.ch\/?s={search_term_string}"},"query-input":{"@type":"PropertyValueSpecification","valueRequired":true,"valueName":"search_term_string"}}],"inLanguage":"fr-FR"},{"@type":"Organization","@id":"https:\/\/kurato.ch\/#organization","name":"Kurato.","url":"https:\/\/kurato.ch\/","logo":{"@type":"ImageObject","inLanguage":"fr-FR","@id":"https:\/\/kurato.ch\/#\/schema\/logo\/image\/","url":"","contentUrl":"","caption":"Kurato."},"image":{"@id":"https:\/\/kurato.ch\/#\/schema\/logo\/image\/"},"sameAs":["https:\/\/www.facebook.com\/kuratoswitzerland","https:\/\/www.instagram.com\/kurato.ch\/","https:\/\/www.pinterest.ch\/kurato_ch\/_created\/"]}]}},"_links":{"self":[{"href":"https:\/\/kurato.ch\/fr\/wp-json\/wp\/v2\/product\/56266","targetHints":{"allow":["GET"]}}],"collection":[{"href":"https:\/\/kurato.ch\/fr\/wp-json\/wp\/v2\/product"}],"about":[{"href":"https:\/\/kurato.ch\/fr\/wp-json\/wp\/v2\/types\/product"}],"wp:featuredmedia":[{"embeddable":true,"href":"https:\/\/kurato.ch\/fr\/wp-json\/wp\/v2\/media\/56511"}],"wp:attachment":[{"href":"https:\/\/kurato.ch\/fr\/wp-json\/wp\/v2\/media?parent=56266"}],"wp:term":[{"taxonomy":"product_brand","embeddable":true,"href":"https:\/\/kurato.ch\/fr\/wp-json\/wp\/v2\/product_brand?post=56266"},{"taxonomy":"product_cat","embeddable":true,"href":"https:\/\/kurato.ch\/fr\/wp-json\/wp\/v2\/product_cat?post=56266"},{"taxonomy":"product_tag","embeddable":true,"href":"https:\/\/kurato.ch\/fr\/wp-json\/wp\/v2\/product_tag?post=56266"}],"curies":[{"name":"wp","href":"https:\/\/api.w.org\/{rel}","templated":true}]}}