{"id":56882,"date":"2024-06-11T07:36:14","date_gmt":"2024-06-11T05:36:14","guid":{"rendered":"https:\/\/kurato.ch\/?post_type=product&#038;p=56882"},"modified":"2024-06-11T07:36:14","modified_gmt":"2024-06-11T05:36:14","slug":"2er-set-glasvasen-von-riihimaen-lasi-oy-finland-60er-jahre","status":"publish","type":"product","link":"https:\/\/kurato.ch\/fr\/product\/2er-set-glasvasen-von-riihimaen-lasi-oy-finland-60er-jahre\/","title":{"rendered":"2er Set Glasvasen von Riihimaen Lasi Oy Finland 60er Jahre"},"content":{"rendered":"<p>zauberhaftes 2er Set Glasvasen von Riihimaen Lasi Oy Finland (gemarkt) aus den 60er Jahren in Gr\u00fcn und Aubergine, tadelloser Originalzustand mit minimalen Gebrauchsspuren der Zeit, keine Abplatzer, auf Wunsch k\u00f6nnen die Objekte auch einzeln erworben werden, bitte eine Anfrage senden, der Preis gilt f\u00fcr das 2er Set, exkl. Accessoires<\/p>\n<p>H. ca. 10 cm, max. D. ca. 11 cm<\/p>","protected":false},"excerpt":{"rendered":"<p>zauberhaftes 2er Set Glasvasen von Riihimaen Lasi Oy Finland (gemarkt) aus den 60er Jahren in Gr\u00fcn und Aubergine, tadelloser Originalzustand mit minimalen Gebrauchsspuren der Zeit, keine Abplatzer, auf Wunsch k\u00f6nnen die Objekte auch einzeln erworben werden, bitte eine Anfrage senden, der Preis gilt f\u00fcr das 2er Set, exkl. Accessoires H. ca. 10 cm, max. D. [&hellip;]<\/p>\n","protected":false},"featured_media":56979,"template":"","meta":{"_acf_changed":false,"site-sidebar-layout":"default","site-content-layout":"","ast-site-content-layout":"default","site-content-style":"default","site-sidebar-style":"default","ast-global-header-display":"","ast-banner-title-visibility":"","ast-main-header-display":"","ast-hfb-above-header-display":"","ast-hfb-below-header-display":"","ast-hfb-mobile-header-display":"","site-post-title":"","ast-breadcrumbs-content":"","ast-featured-img":"","footer-sml-layout":"","ast-disable-related-posts":"","theme-transparent-header-meta":"","adv-header-id-meta":"","stick-header-meta":"","header-above-stick-meta":"","header-main-stick-meta":"","header-below-stick-meta":"","astra-migrate-meta-layouts":"default","ast-page-background-enabled":"default","ast-page-background-meta":{"desktop":{"background-color":"","background-image":"","background-repeat":"repeat","background-position":"center center","background-size":"auto","background-attachment":"scroll","background-type":"","background-media":"","overlay-type":"","overlay-color":"","overlay-opacity":"","overlay-gradient":""},"tablet":{"background-color":"","background-image":"","background-repeat":"repeat","background-position":"center center","background-size":"auto","background-attachment":"scroll","background-type":"","background-media":"","overlay-type":"","overlay-color":"","overlay-opacity":"","overlay-gradient":""},"mobile":{"background-color":"","background-image":"","background-repeat":"repeat","background-position":"center center","background-size":"auto","background-attachment":"scroll","background-type":"","background-media":"","overlay-type":"","overlay-color":"","overlay-opacity":"","overlay-gradient":""}},"ast-content-background-meta":{"desktop":{"background-color":"var(--ast-global-color-5)","background-image":"","background-repeat":"repeat","background-position":"center center","background-size":"auto","background-attachment":"scroll","background-type":"","background-media":"","overlay-type":"","overlay-color":"","overlay-opacity":"","overlay-gradient":""},"tablet":{"background-color":"var(--ast-global-color-5)","background-image":"","background-repeat":"repeat","background-position":"center center","background-size":"auto","background-attachment":"scroll","background-type":"","background-media":"","overlay-type":"","overlay-color":"","overlay-opacity":"","overlay-gradient":""},"mobile":{"background-color":"var(--ast-global-color-5)","background-image":"","background-repeat":"repeat","background-position":"center center","background-size":"auto","background-attachment":"scroll","background-type":"","background-media":"","overlay-type":"","overlay-color":"","overlay-opacity":"","overlay-gradient":""}}},"product_brand":[],"product_cat":[90],"product_tag":[],"class_list":{"0":"post-56882","1":"product","2":"type-product","3":"status-publish","4":"has-post-thumbnail","6":"product_cat-vintage-vasen-keramik","7":"pa_farbe-gruen","8":"pa_farbe-lila","9":"pa_material-glas-kristall","10":"pa_standort-zurich","11":"pa_stil-skandinavisch-mid-century","12":"desktop-align-left","13":"tablet-align-left","14":"mobile-align-left","16":"first","17":"instock","18":"sold-individually","19":"shipping-taxable","20":"purchasable","21":"product-type-simple"},"acf":[],"yoast_head":"<!-- This site is optimized with the Yoast SEO plugin v27.4 - https:\/\/yoast.com\/product\/yoast-seo-wordpress\/ -->\n<title>2er Set Glasvasen von Riihimaen Lasi Oy Finland 60er Jahre | Vintage M\u00f6bel kaufen auf KURATO.CH<\/title>\n<meta name=\"description\" content=\"Entdecke Vintage M\u00f6bel &amp; Dekoration \u27a4 2er Set Glasvasen von Riihimaen Lasi Oy Finland 60er Jahre auf Kurato. \u2713Lieferung Schweiz \u271314-Tage R\u00fcckgabe \u2713Secondhand Unikat\" \/>\n<meta name=\"robots\" content=\"index, follow, max-snippet:-1, max-image-preview:large, max-video-preview:-1\" \/>\n<link rel=\"canonical\" href=\"https:\/\/kurato.ch\/fr\/product\/2er-set-glasvasen-von-riihimaen-lasi-oy-finland-60er-jahre\/\" \/>\n<meta property=\"og:locale\" content=\"fr_FR\" \/>\n<meta property=\"og:type\" content=\"article\" \/>\n<meta property=\"og:title\" content=\"2er Set Glasvasen von Riihimaen Lasi Oy Finland 60er Jahre | Vintage M\u00f6bel kaufen auf KURATO.CH\" \/>\n<meta property=\"og:description\" content=\"Entdecke Vintage M\u00f6bel &amp; Dekoration \u27a4 2er Set Glasvasen von Riihimaen Lasi Oy Finland 60er Jahre auf Kurato. \u2713Lieferung Schweiz \u271314-Tage R\u00fcckgabe \u2713Secondhand Unikat\" \/>\n<meta property=\"og:url\" content=\"https:\/\/kurato.ch\/fr\/product\/2er-set-glasvasen-von-riihimaen-lasi-oy-finland-60er-jahre\/\" \/>\n<meta property=\"og:site_name\" content=\"Vintage M\u00f6bel &amp; Dekoration I Kurato\" \/>\n<meta property=\"article:publisher\" content=\"https:\/\/www.facebook.com\/kuratoswitzerland\" \/>\n<meta property=\"og:image\" content=\"https:\/\/kurato.ch\/wp-content\/uploads\/2024\/06\/2er-Set-Glasvasen-von-Riihimaen-Lasi-Oy-Finland-60er-Jahre-vintage-secondhand-gebraucht-schweiz.jpg\" \/>\n\t<meta property=\"og:image:width\" content=\"800\" \/>\n\t<meta property=\"og:image:height\" content=\"800\" \/>\n\t<meta property=\"og:image:type\" content=\"image\/jpeg\" \/>\n<script type=\"application\/ld+json\" class=\"yoast-schema-graph\">{\"@context\":\"https:\\\/\\\/schema.org\",\"@graph\":[{\"@type\":\"WebPage\",\"@id\":\"https:\\\/\\\/kurato.ch\\\/product\\\/2er-set-glasvasen-von-riihimaen-lasi-oy-finland-60er-jahre\\\/\",\"url\":\"https:\\\/\\\/kurato.ch\\\/product\\\/2er-set-glasvasen-von-riihimaen-lasi-oy-finland-60er-jahre\\\/\",\"name\":\"2er Set Glasvasen von Riihimaen Lasi Oy Finland 60er Jahre | Vintage M\u00f6bel kaufen auf KURATO.CH\",\"isPartOf\":{\"@id\":\"https:\\\/\\\/kurato.ch\\\/#website\"},\"primaryImageOfPage\":{\"@id\":\"https:\\\/\\\/kurato.ch\\\/product\\\/2er-set-glasvasen-von-riihimaen-lasi-oy-finland-60er-jahre\\\/#primaryimage\"},\"image\":{\"@id\":\"https:\\\/\\\/kurato.ch\\\/product\\\/2er-set-glasvasen-von-riihimaen-lasi-oy-finland-60er-jahre\\\/#primaryimage\"},\"thumbnailUrl\":\"https:\\\/\\\/kurato.ch\\\/wp-content\\\/uploads\\\/2024\\\/06\\\/2er-Set-Glasvasen-von-Riihimaen-Lasi-Oy-Finland-60er-Jahre-vintage-secondhand-gebraucht-schweiz.jpg\",\"datePublished\":\"2024-06-11T05:36:14+00:00\",\"description\":\"Entdecke Vintage M\u00f6bel & Dekoration \u27a4 2er Set Glasvasen von Riihimaen Lasi Oy Finland 60er Jahre auf Kurato. \u2713Lieferung Schweiz \u271314-Tage R\u00fcckgabe \u2713Secondhand Unikat\",\"breadcrumb\":{\"@id\":\"https:\\\/\\\/kurato.ch\\\/product\\\/2er-set-glasvasen-von-riihimaen-lasi-oy-finland-60er-jahre\\\/#breadcrumb\"},\"inLanguage\":\"fr-FR\",\"potentialAction\":[{\"@type\":\"ReadAction\",\"target\":[\"https:\\\/\\\/kurato.ch\\\/product\\\/2er-set-glasvasen-von-riihimaen-lasi-oy-finland-60er-jahre\\\/\"]}]},{\"@type\":\"ImageObject\",\"inLanguage\":\"fr-FR\",\"@id\":\"https:\\\/\\\/kurato.ch\\\/product\\\/2er-set-glasvasen-von-riihimaen-lasi-oy-finland-60er-jahre\\\/#primaryimage\",\"url\":\"https:\\\/\\\/kurato.ch\\\/wp-content\\\/uploads\\\/2024\\\/06\\\/2er-Set-Glasvasen-von-Riihimaen-Lasi-Oy-Finland-60er-Jahre-vintage-secondhand-gebraucht-schweiz.jpg\",\"contentUrl\":\"https:\\\/\\\/kurato.ch\\\/wp-content\\\/uploads\\\/2024\\\/06\\\/2er-Set-Glasvasen-von-Riihimaen-Lasi-Oy-Finland-60er-Jahre-vintage-secondhand-gebraucht-schweiz.jpg\",\"width\":800,\"height\":800,\"caption\":\"2er Set Glasvasen von Riihimaen Lasi Oy Finland 60er Jahre\"},{\"@type\":\"BreadcrumbList\",\"@id\":\"https:\\\/\\\/kurato.ch\\\/product\\\/2er-set-glasvasen-von-riihimaen-lasi-oy-finland-60er-jahre\\\/#breadcrumb\",\"itemListElement\":[{\"@type\":\"ListItem\",\"position\":1,\"name\":\"Home\",\"item\":\"https:\\\/\\\/kurato.ch\\\/\"},{\"@type\":\"ListItem\",\"position\":2,\"name\":\"Neuheiten\",\"item\":\"https:\\\/\\\/kurato.ch\\\/neuheiten\\\/\"},{\"@type\":\"ListItem\",\"position\":3,\"name\":\"2er Set Glasvasen von Riihimaen Lasi Oy Finland 60er Jahre\"}]},{\"@type\":\"WebSite\",\"@id\":\"https:\\\/\\\/kurato.ch\\\/#website\",\"url\":\"https:\\\/\\\/kurato.ch\\\/\",\"name\":\"Vintage M\u00f6bel &amp; Dekoration I Kurato\",\"description\":\"Vintage M\u00f6bel &amp; Dekoration I Kurato\",\"publisher\":{\"@id\":\"https:\\\/\\\/kurato.ch\\\/#organization\"},\"potentialAction\":[{\"@type\":\"SearchAction\",\"target\":{\"@type\":\"EntryPoint\",\"urlTemplate\":\"https:\\\/\\\/kurato.ch\\\/?s={search_term_string}\"},\"query-input\":{\"@type\":\"PropertyValueSpecification\",\"valueRequired\":true,\"valueName\":\"search_term_string\"}}],\"inLanguage\":\"fr-FR\"},{\"@type\":\"Organization\",\"@id\":\"https:\\\/\\\/kurato.ch\\\/#organization\",\"name\":\"Kurato.\",\"url\":\"https:\\\/\\\/kurato.ch\\\/\",\"logo\":{\"@type\":\"ImageObject\",\"inLanguage\":\"fr-FR\",\"@id\":\"https:\\\/\\\/kurato.ch\\\/#\\\/schema\\\/logo\\\/image\\\/\",\"url\":\"\",\"contentUrl\":\"\",\"caption\":\"Kurato.\"},\"image\":{\"@id\":\"https:\\\/\\\/kurato.ch\\\/#\\\/schema\\\/logo\\\/image\\\/\"},\"sameAs\":[\"https:\\\/\\\/www.facebook.com\\\/kuratoswitzerland\",\"https:\\\/\\\/www.instagram.com\\\/kurato.ch\\\/\",\"https:\\\/\\\/www.pinterest.ch\\\/kurato_ch\\\/_created\\\/\"]}]}<\/script>\n<!-- \/ Yoast SEO plugin. -->","yoast_head_json":{"title":"2er Set Glasvasen von Riihimaen Lasi Oy Finland 60er Jahre | Vintage M\u00f6bel kaufen auf KURATO.CH","description":"Entdecke Vintage M\u00f6bel & Dekoration \u27a4 2er Set Glasvasen von Riihimaen Lasi Oy Finland 60er Jahre auf Kurato. \u2713Lieferung Schweiz \u271314-Tage R\u00fcckgabe \u2713Secondhand Unikat","robots":{"index":"index","follow":"follow","max-snippet":"max-snippet:-1","max-image-preview":"max-image-preview:large","max-video-preview":"max-video-preview:-1"},"canonical":"https:\/\/kurato.ch\/fr\/product\/2er-set-glasvasen-von-riihimaen-lasi-oy-finland-60er-jahre\/","og_locale":"fr_FR","og_type":"article","og_title":"2er Set Glasvasen von Riihimaen Lasi Oy Finland 60er Jahre | Vintage M\u00f6bel kaufen auf KURATO.CH","og_description":"Entdecke Vintage M\u00f6bel & Dekoration \u27a4 2er Set Glasvasen von Riihimaen Lasi Oy Finland 60er Jahre auf Kurato. \u2713Lieferung Schweiz \u271314-Tage R\u00fcckgabe \u2713Secondhand Unikat","og_url":"https:\/\/kurato.ch\/fr\/product\/2er-set-glasvasen-von-riihimaen-lasi-oy-finland-60er-jahre\/","og_site_name":"Vintage M\u00f6bel &amp; Dekoration I Kurato","article_publisher":"https:\/\/www.facebook.com\/kuratoswitzerland","og_image":[{"width":800,"height":800,"url":"https:\/\/kurato.ch\/wp-content\/uploads\/2024\/06\/2er-Set-Glasvasen-von-Riihimaen-Lasi-Oy-Finland-60er-Jahre-vintage-secondhand-gebraucht-schweiz.jpg","type":"image\/jpeg"}],"schema":{"@context":"https:\/\/schema.org","@graph":[{"@type":"WebPage","@id":"https:\/\/kurato.ch\/product\/2er-set-glasvasen-von-riihimaen-lasi-oy-finland-60er-jahre\/","url":"https:\/\/kurato.ch\/product\/2er-set-glasvasen-von-riihimaen-lasi-oy-finland-60er-jahre\/","name":"2er Set Glasvasen von Riihimaen Lasi Oy Finland 60er Jahre | Vintage M\u00f6bel kaufen auf KURATO.CH","isPartOf":{"@id":"https:\/\/kurato.ch\/#website"},"primaryImageOfPage":{"@id":"https:\/\/kurato.ch\/product\/2er-set-glasvasen-von-riihimaen-lasi-oy-finland-60er-jahre\/#primaryimage"},"image":{"@id":"https:\/\/kurato.ch\/product\/2er-set-glasvasen-von-riihimaen-lasi-oy-finland-60er-jahre\/#primaryimage"},"thumbnailUrl":"https:\/\/kurato.ch\/wp-content\/uploads\/2024\/06\/2er-Set-Glasvasen-von-Riihimaen-Lasi-Oy-Finland-60er-Jahre-vintage-secondhand-gebraucht-schweiz.jpg","datePublished":"2024-06-11T05:36:14+00:00","description":"Entdecke Vintage M\u00f6bel & Dekoration \u27a4 2er Set Glasvasen von Riihimaen Lasi Oy Finland 60er Jahre auf Kurato. \u2713Lieferung Schweiz \u271314-Tage R\u00fcckgabe \u2713Secondhand Unikat","breadcrumb":{"@id":"https:\/\/kurato.ch\/product\/2er-set-glasvasen-von-riihimaen-lasi-oy-finland-60er-jahre\/#breadcrumb"},"inLanguage":"fr-FR","potentialAction":[{"@type":"ReadAction","target":["https:\/\/kurato.ch\/product\/2er-set-glasvasen-von-riihimaen-lasi-oy-finland-60er-jahre\/"]}]},{"@type":"ImageObject","inLanguage":"fr-FR","@id":"https:\/\/kurato.ch\/product\/2er-set-glasvasen-von-riihimaen-lasi-oy-finland-60er-jahre\/#primaryimage","url":"https:\/\/kurato.ch\/wp-content\/uploads\/2024\/06\/2er-Set-Glasvasen-von-Riihimaen-Lasi-Oy-Finland-60er-Jahre-vintage-secondhand-gebraucht-schweiz.jpg","contentUrl":"https:\/\/kurato.ch\/wp-content\/uploads\/2024\/06\/2er-Set-Glasvasen-von-Riihimaen-Lasi-Oy-Finland-60er-Jahre-vintage-secondhand-gebraucht-schweiz.jpg","width":800,"height":800,"caption":"2er Set Glasvasen von Riihimaen Lasi Oy Finland 60er Jahre"},{"@type":"BreadcrumbList","@id":"https:\/\/kurato.ch\/product\/2er-set-glasvasen-von-riihimaen-lasi-oy-finland-60er-jahre\/#breadcrumb","itemListElement":[{"@type":"ListItem","position":1,"name":"Home","item":"https:\/\/kurato.ch\/"},{"@type":"ListItem","position":2,"name":"Neuheiten","item":"https:\/\/kurato.ch\/neuheiten\/"},{"@type":"ListItem","position":3,"name":"2er Set Glasvasen von Riihimaen Lasi Oy Finland 60er Jahre"}]},{"@type":"WebSite","@id":"https:\/\/kurato.ch\/#website","url":"https:\/\/kurato.ch\/","name":"Meubles vintage &amp; d\u00e9coration I Kurato","description":"Meubles vintage &amp; d\u00e9coration I Kurato","publisher":{"@id":"https:\/\/kurato.ch\/#organization"},"potentialAction":[{"@type":"SearchAction","target":{"@type":"EntryPoint","urlTemplate":"https:\/\/kurato.ch\/?s={search_term_string}"},"query-input":{"@type":"PropertyValueSpecification","valueRequired":true,"valueName":"search_term_string"}}],"inLanguage":"fr-FR"},{"@type":"Organization","@id":"https:\/\/kurato.ch\/#organization","name":"Kurato.","url":"https:\/\/kurato.ch\/","logo":{"@type":"ImageObject","inLanguage":"fr-FR","@id":"https:\/\/kurato.ch\/#\/schema\/logo\/image\/","url":"","contentUrl":"","caption":"Kurato."},"image":{"@id":"https:\/\/kurato.ch\/#\/schema\/logo\/image\/"},"sameAs":["https:\/\/www.facebook.com\/kuratoswitzerland","https:\/\/www.instagram.com\/kurato.ch\/","https:\/\/www.pinterest.ch\/kurato_ch\/_created\/"]}]}},"_links":{"self":[{"href":"https:\/\/kurato.ch\/fr\/wp-json\/wp\/v2\/product\/56882","targetHints":{"allow":["GET"]}}],"collection":[{"href":"https:\/\/kurato.ch\/fr\/wp-json\/wp\/v2\/product"}],"about":[{"href":"https:\/\/kurato.ch\/fr\/wp-json\/wp\/v2\/types\/product"}],"wp:featuredmedia":[{"embeddable":true,"href":"https:\/\/kurato.ch\/fr\/wp-json\/wp\/v2\/media\/56979"}],"wp:attachment":[{"href":"https:\/\/kurato.ch\/fr\/wp-json\/wp\/v2\/media?parent=56882"}],"wp:term":[{"taxonomy":"product_brand","embeddable":true,"href":"https:\/\/kurato.ch\/fr\/wp-json\/wp\/v2\/product_brand?post=56882"},{"taxonomy":"product_cat","embeddable":true,"href":"https:\/\/kurato.ch\/fr\/wp-json\/wp\/v2\/product_cat?post=56882"},{"taxonomy":"product_tag","embeddable":true,"href":"https:\/\/kurato.ch\/fr\/wp-json\/wp\/v2\/product_tag?post=56882"}],"curies":[{"name":"wp","href":"https:\/\/api.w.org\/{rel}","templated":true}]}}