{"id":57114,"date":"2024-06-12T12:09:08","date_gmt":"2024-06-12T10:09:08","guid":{"rendered":"https:\/\/kurato.ch\/fr\/?post_type=product&#038;p=57114"},"modified":"2024-06-12T12:09:08","modified_gmt":"2024-06-12T10:09:08","slug":"tischlampe-600p-gino-sarfatti-arteluce-1966","status":"publish","type":"product","link":"https:\/\/kurato.ch\/fr\/product\/tischlampe-600p-gino-sarfatti-arteluce-1966\/","title":{"rendered":"Tischlampe 600P, Gino Sarfatti \/ Arteluce, 1966"},"content":{"rendered":"<p>Tischleuchte, Modell 600 P<\/p>\n<p>Design Gino Sarfatti (1912-1985), italienischer Industriedesigner.<\/p>\n<p>Edition Arteluce, Italien, 1966<\/p>\n<p>Schwarz lackiertes Metall und lederummantelter, mit Bleikugeln beschwerter Sockel, mit dem die Lampe stabil in jede Position geneigt werden kann.<br \/>Reflektor ist schwenkbar<\/p>\n<p>H. 22 cm x Durchm. Sockel 7 cm.<\/p>\n<p>\u00c9tat parfait<\/p>\n<p>Gino Sarfatti war das \u00e4lteste von drei Kindern und stammte aus einer b\u00fcrgerlichen Kaufmannsfamilie. Nach einer klassischen Ausbildung besuchte er die Universit\u00e4t von Genua und spezialisierte sich auf Luftfahrttechnik. 1935 zog die Familie nach Mailand, wo er nach einer Erfahrung als Verk\u00e4ufer von Kunstglaswaren eine kleine Ladenpassage mit dem Namen Lumen, illuminazione razionale er\u00f6ffnete. Ab 1939 arbeitet er im Bereich der Beleuchtungstechnik und gr\u00fcndet die Firma Arteluce.<\/p>\n<p>Als der 2. Weltkrieg ausgerufen wird, flieht die Familie, deren Vater Jude ist, aus Italien und l\u00e4sst sich im Tessin nieder.<br \/>Nach Kriegsende kehrte er nach Mailand zur\u00fcck und \u00fcbernahm die Leitung seines Unternehmens. 1951 war es die erste Arteluce-Verkaufsstelle auf dem belebten Corso Vittorio im Zentrum von Mailand (heute bekannt als Corso Matteotti). Er gewann zahlreiche internationale Preise, darunter den Compasso d&#8217;Oro in den Jahren 1954 und 55.<br \/>Nachdem er 1973 auf der Triennale in Mailand die Goldmedaille erhalten hatte, verkaufte Sarfatti sein Unternehmen an Flos und zog sich an den Comer See zur\u00fcck.<\/p>\n<p>Viele Arteluce-Produkte werden heute noch hergestellt und einige der urspr\u00fcnglichen Modelle sind cons<\/p>","protected":false},"excerpt":{"rendered":"<p>Tischleuchte, Modell 600 P Design Gino Sarfatti (1912-1985), italienischer Industriedesigner. Edition Arteluce, Italien, 1966 Schwarz lackiertes Metall und lederummantelter, mit Bleikugeln beschwerter Sockel, mit dem die Lampe stabil in jede Position geneigt werden kann.Reflektor ist schwenkbar H. 22 cm x Durchm. Sockel 7 cm. Perfekter Zustand Gino Sarfatti war das \u00e4lteste von drei Kindern und [&hellip;]<\/p>\n","protected":false},"featured_media":57186,"template":"","meta":{"_acf_changed":false,"site-sidebar-layout":"default","site-content-layout":"","ast-site-content-layout":"default","site-content-style":"default","site-sidebar-style":"default","ast-global-header-display":"","ast-banner-title-visibility":"","ast-main-header-display":"","ast-hfb-above-header-display":"","ast-hfb-below-header-display":"","ast-hfb-mobile-header-display":"","site-post-title":"","ast-breadcrumbs-content":"","ast-featured-img":"","footer-sml-layout":"","ast-disable-related-posts":"","theme-transparent-header-meta":"","adv-header-id-meta":"","stick-header-meta":"","header-above-stick-meta":"","header-main-stick-meta":"","header-below-stick-meta":"","astra-migrate-meta-layouts":"default","ast-page-background-enabled":"default","ast-page-background-meta":{"desktop":{"background-color":"","background-image":"","background-repeat":"repeat","background-position":"center center","background-size":"auto","background-attachment":"scroll","background-type":"","background-media":"","overlay-type":"","overlay-color":"","overlay-opacity":"","overlay-gradient":""},"tablet":{"background-color":"","background-image":"","background-repeat":"repeat","background-position":"center center","background-size":"auto","background-attachment":"scroll","background-type":"","background-media":"","overlay-type":"","overlay-color":"","overlay-opacity":"","overlay-gradient":""},"mobile":{"background-color":"","background-image":"","background-repeat":"repeat","background-position":"center center","background-size":"auto","background-attachment":"scroll","background-type":"","background-media":"","overlay-type":"","overlay-color":"","overlay-opacity":"","overlay-gradient":""}},"ast-content-background-meta":{"desktop":{"background-color":"var(--ast-global-color-5)","background-image":"","background-repeat":"repeat","background-position":"center center","background-size":"auto","background-attachment":"scroll","background-type":"","background-media":"","overlay-type":"","overlay-color":"","overlay-opacity":"","overlay-gradient":""},"tablet":{"background-color":"var(--ast-global-color-5)","background-image":"","background-repeat":"repeat","background-position":"center center","background-size":"auto","background-attachment":"scroll","background-type":"","background-media":"","overlay-type":"","overlay-color":"","overlay-opacity":"","overlay-gradient":""},"mobile":{"background-color":"var(--ast-global-color-5)","background-image":"","background-repeat":"repeat","background-position":"center center","background-size":"auto","background-attachment":"scroll","background-type":"","background-media":"","overlay-type":"","overlay-color":"","overlay-opacity":"","overlay-gradient":""}}},"product_brand":[],"product_cat":[66],"product_tag":[],"class_list":{"0":"post-57114","1":"product","2":"type-product","3":"status-publish","4":"has-post-thumbnail","6":"product_cat-tischlampe","7":"pa_designer-arteluce","8":"pa_farbe-schwarz","9":"pa_material-metall","10":"pa_standort-genferseeregion","11":"pa_stil-design","12":"desktop-align-left","13":"tablet-align-left","14":"mobile-align-left","16":"first","17":"instock","18":"sold-individually","19":"shipping-taxable","20":"purchasable","21":"product-type-simple"},"acf":[],"yoast_head":"<!-- This site is optimized with the Yoast SEO plugin v27.4 - https:\/\/yoast.com\/product\/yoast-seo-wordpress\/ -->\n<title>Tischlampe 600P, Gino Sarfatti \/ Arteluce, 1966 | Vintage M\u00f6bel kaufen auf KURATO.CH<\/title>\n<meta name=\"description\" content=\"Entdecke Vintage M\u00f6bel &amp; Dekoration \u27a4 Tischlampe 600P, Gino Sarfatti \/ Arteluce, 1966 auf Kurato. \u2713Lieferung Schweiz \u271314-Tage R\u00fcckgabe \u2713Secondhand Unikat\" \/>\n<meta name=\"robots\" content=\"index, follow, max-snippet:-1, max-image-preview:large, max-video-preview:-1\" \/>\n<link rel=\"canonical\" href=\"https:\/\/kurato.ch\/fr\/product\/tischlampe-600p-gino-sarfatti-arteluce-1966\/\" \/>\n<meta property=\"og:locale\" content=\"fr_FR\" \/>\n<meta property=\"og:type\" content=\"article\" \/>\n<meta property=\"og:title\" content=\"Tischlampe 600P, Gino Sarfatti \/ Arteluce, 1966 | Vintage M\u00f6bel kaufen auf KURATO.CH\" \/>\n<meta property=\"og:description\" content=\"Entdecke Vintage M\u00f6bel &amp; Dekoration \u27a4 Tischlampe 600P, Gino Sarfatti \/ Arteluce, 1966 auf Kurato. \u2713Lieferung Schweiz \u271314-Tage R\u00fcckgabe \u2713Secondhand Unikat\" \/>\n<meta property=\"og:url\" content=\"https:\/\/kurato.ch\/fr\/product\/tischlampe-600p-gino-sarfatti-arteluce-1966\/\" \/>\n<meta property=\"og:site_name\" content=\"Vintage M\u00f6bel &amp; Dekoration I Kurato\" \/>\n<meta property=\"article:publisher\" content=\"https:\/\/www.facebook.com\/kuratoswitzerland\" \/>\n<meta property=\"og:image\" content=\"https:\/\/kurato.ch\/wp-content\/uploads\/2024\/06\/Tischlampe-600P-Gino-Sarfatti-Arteluce-1966-vintage-secondhand-gebraucht-schweiz.jpg\" \/>\n\t<meta property=\"og:image:width\" content=\"800\" \/>\n\t<meta property=\"og:image:height\" content=\"800\" \/>\n\t<meta property=\"og:image:type\" content=\"image\/jpeg\" \/>\n<meta name=\"twitter:label1\" content=\"Dur\u00e9e de lecture estim\u00e9e\" \/>\n\t<meta name=\"twitter:data1\" content=\"1 minute\" \/>\n<script type=\"application\/ld+json\" class=\"yoast-schema-graph\">{\"@context\":\"https:\\\/\\\/schema.org\",\"@graph\":[{\"@type\":\"WebPage\",\"@id\":\"https:\\\/\\\/kurato.ch\\\/product\\\/tischlampe-600p-gino-sarfatti-arteluce-1966\\\/\",\"url\":\"https:\\\/\\\/kurato.ch\\\/product\\\/tischlampe-600p-gino-sarfatti-arteluce-1966\\\/\",\"name\":\"Tischlampe 600P, Gino Sarfatti \\\/ Arteluce, 1966 | Vintage M\u00f6bel kaufen auf KURATO.CH\",\"isPartOf\":{\"@id\":\"https:\\\/\\\/kurato.ch\\\/#website\"},\"primaryImageOfPage\":{\"@id\":\"https:\\\/\\\/kurato.ch\\\/product\\\/tischlampe-600p-gino-sarfatti-arteluce-1966\\\/#primaryimage\"},\"image\":{\"@id\":\"https:\\\/\\\/kurato.ch\\\/product\\\/tischlampe-600p-gino-sarfatti-arteluce-1966\\\/#primaryimage\"},\"thumbnailUrl\":\"https:\\\/\\\/kurato.ch\\\/wp-content\\\/uploads\\\/2024\\\/06\\\/Tischlampe-600P-Gino-Sarfatti-Arteluce-1966-vintage-secondhand-gebraucht-schweiz.jpg\",\"datePublished\":\"2024-06-12T10:09:08+00:00\",\"description\":\"Entdecke Vintage M\u00f6bel & Dekoration \u27a4 Tischlampe 600P, Gino Sarfatti \\\/ Arteluce, 1966 auf Kurato. \u2713Lieferung Schweiz \u271314-Tage R\u00fcckgabe \u2713Secondhand Unikat\",\"breadcrumb\":{\"@id\":\"https:\\\/\\\/kurato.ch\\\/product\\\/tischlampe-600p-gino-sarfatti-arteluce-1966\\\/#breadcrumb\"},\"inLanguage\":\"fr-FR\",\"potentialAction\":[{\"@type\":\"ReadAction\",\"target\":[\"https:\\\/\\\/kurato.ch\\\/product\\\/tischlampe-600p-gino-sarfatti-arteluce-1966\\\/\"]}]},{\"@type\":\"ImageObject\",\"inLanguage\":\"fr-FR\",\"@id\":\"https:\\\/\\\/kurato.ch\\\/product\\\/tischlampe-600p-gino-sarfatti-arteluce-1966\\\/#primaryimage\",\"url\":\"https:\\\/\\\/kurato.ch\\\/wp-content\\\/uploads\\\/2024\\\/06\\\/Tischlampe-600P-Gino-Sarfatti-Arteluce-1966-vintage-secondhand-gebraucht-schweiz.jpg\",\"contentUrl\":\"https:\\\/\\\/kurato.ch\\\/wp-content\\\/uploads\\\/2024\\\/06\\\/Tischlampe-600P-Gino-Sarfatti-Arteluce-1966-vintage-secondhand-gebraucht-schweiz.jpg\",\"width\":800,\"height\":800,\"caption\":\"Tischlampe 600P, Gino Sarfatti \\\/ Arteluce, 1966\"},{\"@type\":\"BreadcrumbList\",\"@id\":\"https:\\\/\\\/kurato.ch\\\/product\\\/tischlampe-600p-gino-sarfatti-arteluce-1966\\\/#breadcrumb\",\"itemListElement\":[{\"@type\":\"ListItem\",\"position\":1,\"name\":\"Home\",\"item\":\"https:\\\/\\\/kurato.ch\\\/\"},{\"@type\":\"ListItem\",\"position\":2,\"name\":\"Neuheiten\",\"item\":\"https:\\\/\\\/kurato.ch\\\/neuheiten\\\/\"},{\"@type\":\"ListItem\",\"position\":3,\"name\":\"Tischlampe 600P, Gino Sarfatti \\\/ Arteluce, 1966\"}]},{\"@type\":\"WebSite\",\"@id\":\"https:\\\/\\\/kurato.ch\\\/#website\",\"url\":\"https:\\\/\\\/kurato.ch\\\/\",\"name\":\"Vintage M\u00f6bel &amp; Dekoration I Kurato\",\"description\":\"Vintage M\u00f6bel &amp; Dekoration I Kurato\",\"publisher\":{\"@id\":\"https:\\\/\\\/kurato.ch\\\/#organization\"},\"potentialAction\":[{\"@type\":\"SearchAction\",\"target\":{\"@type\":\"EntryPoint\",\"urlTemplate\":\"https:\\\/\\\/kurato.ch\\\/?s={search_term_string}\"},\"query-input\":{\"@type\":\"PropertyValueSpecification\",\"valueRequired\":true,\"valueName\":\"search_term_string\"}}],\"inLanguage\":\"fr-FR\"},{\"@type\":\"Organization\",\"@id\":\"https:\\\/\\\/kurato.ch\\\/#organization\",\"name\":\"Kurato.\",\"url\":\"https:\\\/\\\/kurato.ch\\\/\",\"logo\":{\"@type\":\"ImageObject\",\"inLanguage\":\"fr-FR\",\"@id\":\"https:\\\/\\\/kurato.ch\\\/#\\\/schema\\\/logo\\\/image\\\/\",\"url\":\"\",\"contentUrl\":\"\",\"caption\":\"Kurato.\"},\"image\":{\"@id\":\"https:\\\/\\\/kurato.ch\\\/#\\\/schema\\\/logo\\\/image\\\/\"},\"sameAs\":[\"https:\\\/\\\/www.facebook.com\\\/kuratoswitzerland\",\"https:\\\/\\\/www.instagram.com\\\/kurato.ch\\\/\",\"https:\\\/\\\/www.pinterest.ch\\\/kurato_ch\\\/_created\\\/\"]}]}<\/script>\n<!-- \/ Yoast SEO plugin. -->","yoast_head_json":{"title":"Tischlampe 600P, Gino Sarfatti \/ Arteluce, 1966 | Vintage M\u00f6bel kaufen auf KURATO.CH","description":"Entdecke Vintage M\u00f6bel & Dekoration \u27a4 Tischlampe 600P, Gino Sarfatti \/ Arteluce, 1966 auf Kurato. \u2713Lieferung Schweiz \u271314-Tage R\u00fcckgabe \u2713Secondhand Unikat","robots":{"index":"index","follow":"follow","max-snippet":"max-snippet:-1","max-image-preview":"max-image-preview:large","max-video-preview":"max-video-preview:-1"},"canonical":"https:\/\/kurato.ch\/fr\/product\/tischlampe-600p-gino-sarfatti-arteluce-1966\/","og_locale":"fr_FR","og_type":"article","og_title":"Tischlampe 600P, Gino Sarfatti \/ Arteluce, 1966 | Vintage M\u00f6bel kaufen auf KURATO.CH","og_description":"Entdecke Vintage M\u00f6bel & Dekoration \u27a4 Tischlampe 600P, Gino Sarfatti \/ Arteluce, 1966 auf Kurato. \u2713Lieferung Schweiz \u271314-Tage R\u00fcckgabe \u2713Secondhand Unikat","og_url":"https:\/\/kurato.ch\/fr\/product\/tischlampe-600p-gino-sarfatti-arteluce-1966\/","og_site_name":"Vintage M\u00f6bel &amp; Dekoration I Kurato","article_publisher":"https:\/\/www.facebook.com\/kuratoswitzerland","og_image":[{"width":800,"height":800,"url":"https:\/\/kurato.ch\/wp-content\/uploads\/2024\/06\/Tischlampe-600P-Gino-Sarfatti-Arteluce-1966-vintage-secondhand-gebraucht-schweiz.jpg","type":"image\/jpeg"}],"twitter_misc":{"Dur\u00e9e de lecture estim\u00e9e":"1 minute"},"schema":{"@context":"https:\/\/schema.org","@graph":[{"@type":"WebPage","@id":"https:\/\/kurato.ch\/product\/tischlampe-600p-gino-sarfatti-arteluce-1966\/","url":"https:\/\/kurato.ch\/product\/tischlampe-600p-gino-sarfatti-arteluce-1966\/","name":"Tischlampe 600P, Gino Sarfatti \/ Arteluce, 1966 | Vintage M\u00f6bel kaufen auf KURATO.CH","isPartOf":{"@id":"https:\/\/kurato.ch\/#website"},"primaryImageOfPage":{"@id":"https:\/\/kurato.ch\/product\/tischlampe-600p-gino-sarfatti-arteluce-1966\/#primaryimage"},"image":{"@id":"https:\/\/kurato.ch\/product\/tischlampe-600p-gino-sarfatti-arteluce-1966\/#primaryimage"},"thumbnailUrl":"https:\/\/kurato.ch\/wp-content\/uploads\/2024\/06\/Tischlampe-600P-Gino-Sarfatti-Arteluce-1966-vintage-secondhand-gebraucht-schweiz.jpg","datePublished":"2024-06-12T10:09:08+00:00","description":"Entdecke Vintage M\u00f6bel & Dekoration \u27a4 Tischlampe 600P, Gino Sarfatti \/ Arteluce, 1966 auf Kurato. \u2713Lieferung Schweiz \u271314-Tage R\u00fcckgabe \u2713Secondhand Unikat","breadcrumb":{"@id":"https:\/\/kurato.ch\/product\/tischlampe-600p-gino-sarfatti-arteluce-1966\/#breadcrumb"},"inLanguage":"fr-FR","potentialAction":[{"@type":"ReadAction","target":["https:\/\/kurato.ch\/product\/tischlampe-600p-gino-sarfatti-arteluce-1966\/"]}]},{"@type":"ImageObject","inLanguage":"fr-FR","@id":"https:\/\/kurato.ch\/product\/tischlampe-600p-gino-sarfatti-arteluce-1966\/#primaryimage","url":"https:\/\/kurato.ch\/wp-content\/uploads\/2024\/06\/Tischlampe-600P-Gino-Sarfatti-Arteluce-1966-vintage-secondhand-gebraucht-schweiz.jpg","contentUrl":"https:\/\/kurato.ch\/wp-content\/uploads\/2024\/06\/Tischlampe-600P-Gino-Sarfatti-Arteluce-1966-vintage-secondhand-gebraucht-schweiz.jpg","width":800,"height":800,"caption":"Tischlampe 600P, Gino Sarfatti \/ Arteluce, 1966"},{"@type":"BreadcrumbList","@id":"https:\/\/kurato.ch\/product\/tischlampe-600p-gino-sarfatti-arteluce-1966\/#breadcrumb","itemListElement":[{"@type":"ListItem","position":1,"name":"Home","item":"https:\/\/kurato.ch\/"},{"@type":"ListItem","position":2,"name":"Neuheiten","item":"https:\/\/kurato.ch\/neuheiten\/"},{"@type":"ListItem","position":3,"name":"Tischlampe 600P, Gino Sarfatti \/ Arteluce, 1966"}]},{"@type":"WebSite","@id":"https:\/\/kurato.ch\/#website","url":"https:\/\/kurato.ch\/","name":"Meubles vintage &amp; d\u00e9coration I Kurato","description":"Meubles vintage &amp; d\u00e9coration I Kurato","publisher":{"@id":"https:\/\/kurato.ch\/#organization"},"potentialAction":[{"@type":"SearchAction","target":{"@type":"EntryPoint","urlTemplate":"https:\/\/kurato.ch\/?s={search_term_string}"},"query-input":{"@type":"PropertyValueSpecification","valueRequired":true,"valueName":"search_term_string"}}],"inLanguage":"fr-FR"},{"@type":"Organization","@id":"https:\/\/kurato.ch\/#organization","name":"Kurato.","url":"https:\/\/kurato.ch\/","logo":{"@type":"ImageObject","inLanguage":"fr-FR","@id":"https:\/\/kurato.ch\/#\/schema\/logo\/image\/","url":"","contentUrl":"","caption":"Kurato."},"image":{"@id":"https:\/\/kurato.ch\/#\/schema\/logo\/image\/"},"sameAs":["https:\/\/www.facebook.com\/kuratoswitzerland","https:\/\/www.instagram.com\/kurato.ch\/","https:\/\/www.pinterest.ch\/kurato_ch\/_created\/"]}]}},"_links":{"self":[{"href":"https:\/\/kurato.ch\/fr\/wp-json\/wp\/v2\/product\/57114","targetHints":{"allow":["GET"]}}],"collection":[{"href":"https:\/\/kurato.ch\/fr\/wp-json\/wp\/v2\/product"}],"about":[{"href":"https:\/\/kurato.ch\/fr\/wp-json\/wp\/v2\/types\/product"}],"wp:featuredmedia":[{"embeddable":true,"href":"https:\/\/kurato.ch\/fr\/wp-json\/wp\/v2\/media\/57186"}],"wp:attachment":[{"href":"https:\/\/kurato.ch\/fr\/wp-json\/wp\/v2\/media?parent=57114"}],"wp:term":[{"taxonomy":"product_brand","embeddable":true,"href":"https:\/\/kurato.ch\/fr\/wp-json\/wp\/v2\/product_brand?post=57114"},{"taxonomy":"product_cat","embeddable":true,"href":"https:\/\/kurato.ch\/fr\/wp-json\/wp\/v2\/product_cat?post=57114"},{"taxonomy":"product_tag","embeddable":true,"href":"https:\/\/kurato.ch\/fr\/wp-json\/wp\/v2\/product_tag?post=57114"}],"curies":[{"name":"wp","href":"https:\/\/api.w.org\/{rel}","templated":true}]}}