{"id":57237,"date":"2024-06-14T14:09:54","date_gmt":"2024-06-14T12:09:54","guid":{"rendered":"https:\/\/kurato.ch\/?post_type=product&#038;p=57237"},"modified":"2024-06-14T14:10:19","modified_gmt":"2024-06-14T12:10:19","slug":"set-aus-4-sprossenstuehlen-victoria-moebel","status":"publish","type":"product","link":"https:\/\/kurato.ch\/fr\/product\/set-aus-4-sprossenstuehlen-victoria-moebel\/","title":{"rendered":"Set aus 4 Sprossenst\u00fchlen Victoria-M\u00f6bel"},"content":{"rendered":"<p>Set aus 4 Zeitlosen Sprossenst\u00fchlen von Victoria-M\u00f6bel<\/p>\n<p>Die St\u00fchle haben eine R\u00fcckenlehne mit f\u00fcnf Sprossen und vier abgerundeten Holzf\u00fcssen. Auf der Unterseite der Sitzfl\u00e4che sind 13 Schlitzschrauben eingearbeitet (zur Befestigung der R\u00fcckenlehne sowie der vier Holzf\u00fcsse). Das Firmenlogo und das Qualit\u00e4tssiegel der Victoria Werke AG Baar sind auf der Unterseite der Sitzfl\u00e4che abgebildet. Es handelt sich dabei um eine Wort-Bild-Marke mit dem Victoria-Gl\u00fccksk\u00e4fer und der Inschrift &#8218;Victoria-M\u00f6bel \/ formsch\u00f6ne Schweizer Qualit\u00e4t \/ le beau meuble suisse de qualit\u00e9 6812\u00bb.<\/p>\n<p>Beim abgebildeten Victoria-Gl\u00fccksk\u00e4fer handelt es sich um den stilisierten Gl\u00fccksk\u00e4fer mit markanten geometrischen Formen (runder K\u00f6rper, darauf zwei schwarze Punkte, in der Mitte ein schwarzer vertikaler Strich und oben eine schwarze Fl\u00e4che in Form eines Kreissegments, dar\u00fcber zwei schwarze Vierecke als F\u00fchler), welcher von 1957\/58 bis 1980 in Gebrauch war und vom Baarer Grafiker und K\u00fcnstler Elso Schiavo (geb. 1934) geschaffen wurde. Davor, von 1939 bis 1956\/57, war der naturalistische Victoria-Gl\u00fccksk\u00e4fer in Gebrauch.<\/p>\n<p>Caract\u00e9ristiques :<br \/>\n&#8211; Design: Werksdesign<br \/>\n&#8211; Logo: Stilisierter Gl\u00fccksk\u00e4fer, geschaffen von Elso Schiavo<br \/>\n&#8211; Datierung:\u00a01957\u20131980 (Sch\u00e4tzung gem\u00e4ss Firmenlogo)<br \/>\n&#8211; Herstellerin:\u00a0Victoria Werke AG Baar (1938\u20131998)<\/p>\n<p>Die Victoria-Werke in Baar haben von 1939 bis 1998 M\u00f6bel von h\u00f6chster Schweizer Qualit\u00e4t produziert. Diese St\u00fchle sind ein herausragendes Beispiel f\u00fcr zeitloses Design und erstklassige Handwerkskunst. Die M\u00f6bel von Victoria Baar, einschlie\u00dflich Wohnw\u00e4nde, Regale, St\u00fchle und Sofas, f\u00fcgen sich auch nach Jahrzehnten nahtlos in moderne Wohn-, Schlaf- oder Arbeitszimmer ein.<\/p>\n<p>Masse: 36 x 42 x 84 cm<\/p>\n<p>Geniessen Sie zeitlose Eleganz und setzen Sie auf die bew\u00e4hrte Qualit\u00e4t der Schweizer M\u00f6beltradition mit diesen 4 Sprossenst\u00fchlen von Victoria-M\u00f6bel!<\/p>\n<p>Preis: 2008 -CHF. (f\u00fcr das Set)<\/p>\n<p>&#8211; Abholung in 8047 Z\u00fcrich.<br \/>\n- La livraison ? Bien s\u00fbr, possible dans toute la Suisse ! Demandez simplement le prix, qui est calcul\u00e9 en fonction de la distance.<\/p>","protected":false},"excerpt":{"rendered":"<p>Set aus 4 Zeitlosen Sprossenst\u00fchlen von Victoria-M\u00f6bel Die St\u00fchle haben eine R\u00fcckenlehne mit f\u00fcnf Sprossen und vier abgerundeten Holzf\u00fcssen. Auf der Unterseite der Sitzfl\u00e4che sind 13 Schlitzschrauben eingearbeitet (zur Befestigung der R\u00fcckenlehne sowie der vier Holzf\u00fcsse). Das Firmenlogo und das Qualit\u00e4tssiegel der Victoria Werke AG Baar sind auf der Unterseite der Sitzfl\u00e4che abgebildet. Es handelt [&hellip;]<\/p>\n","protected":false},"featured_media":57451,"template":"","meta":{"_acf_changed":false,"site-sidebar-layout":"default","site-content-layout":"","ast-site-content-layout":"default","site-content-style":"default","site-sidebar-style":"default","ast-global-header-display":"","ast-banner-title-visibility":"","ast-main-header-display":"","ast-hfb-above-header-display":"","ast-hfb-below-header-display":"","ast-hfb-mobile-header-display":"","site-post-title":"","ast-breadcrumbs-content":"","ast-featured-img":"","footer-sml-layout":"","ast-disable-related-posts":"","theme-transparent-header-meta":"default","adv-header-id-meta":"","stick-header-meta":"default","header-above-stick-meta":"","header-main-stick-meta":"","header-below-stick-meta":"","astra-migrate-meta-layouts":"set","ast-page-background-enabled":"default","ast-page-background-meta":{"desktop":{"background-color":"","background-image":"","background-repeat":"repeat","background-position":"center center","background-size":"auto","background-attachment":"scroll","background-type":"","background-media":"","overlay-type":"","overlay-color":"","overlay-opacity":"","overlay-gradient":""},"tablet":{"background-color":"","background-image":"","background-repeat":"repeat","background-position":"center center","background-size":"auto","background-attachment":"scroll","background-type":"","background-media":"","overlay-type":"","overlay-color":"","overlay-opacity":"","overlay-gradient":""},"mobile":{"background-color":"","background-image":"","background-repeat":"repeat","background-position":"center center","background-size":"auto","background-attachment":"scroll","background-type":"","background-media":"","overlay-type":"","overlay-color":"","overlay-opacity":"","overlay-gradient":""}},"ast-content-background-meta":{"desktop":{"background-color":"var(--ast-global-color-5)","background-image":"","background-repeat":"repeat","background-position":"center center","background-size":"auto","background-attachment":"scroll","background-type":"","background-media":"","overlay-type":"","overlay-color":"","overlay-opacity":"","overlay-gradient":""},"tablet":{"background-color":"var(--ast-global-color-5)","background-image":"","background-repeat":"repeat","background-position":"center center","background-size":"auto","background-attachment":"scroll","background-type":"","background-media":"","overlay-type":"","overlay-color":"","overlay-opacity":"","overlay-gradient":""},"mobile":{"background-color":"var(--ast-global-color-5)","background-image":"","background-repeat":"repeat","background-position":"center center","background-size":"auto","background-attachment":"scroll","background-type":"","background-media":"","overlay-type":"","overlay-color":"","overlay-opacity":"","overlay-gradient":""}}},"product_brand":[],"product_cat":[165],"product_tag":[],"class_list":{"0":"post-57237","1":"product","2":"type-product","3":"status-publish","4":"has-post-thumbnail","6":"product_cat-vintage-esszimmerstuehle","7":"pa_farbe-gelb","8":"pa_material-holz","9":"pa_standort-zurich","10":"pa_stil-klassisch","11":"desktop-align-left","12":"tablet-align-left","13":"mobile-align-left","15":"first","16":"instock","17":"sold-individually","18":"shipping-taxable","19":"purchasable","20":"product-type-simple"},"acf":[],"yoast_head":"<!-- This site is optimized with the Yoast SEO plugin v27.3 - https:\/\/yoast.com\/product\/yoast-seo-wordpress\/ -->\n<title>Set aus 4 Sprossenst\u00fchlen Victoria-M\u00f6bel | Vintage M\u00f6bel kaufen auf KURATO.CH<\/title>\n<meta name=\"description\" content=\"Entdecke Vintage M\u00f6bel &amp; Dekoration \u27a4 Set aus 4 Sprossenst\u00fchlen Victoria-M\u00f6bel auf Kurato. \u2713Lieferung Schweiz \u271314-Tage R\u00fcckgabe \u2713Secondhand Unikat\" \/>\n<meta name=\"robots\" content=\"index, follow, max-snippet:-1, max-image-preview:large, max-video-preview:-1\" \/>\n<link rel=\"canonical\" href=\"https:\/\/kurato.ch\/fr\/product\/set-aus-4-sprossenstuehlen-victoria-moebel\/\" \/>\n<meta property=\"og:locale\" content=\"fr_FR\" \/>\n<meta property=\"og:type\" content=\"article\" \/>\n<meta property=\"og:title\" content=\"Set aus 4 Sprossenst\u00fchlen Victoria-M\u00f6bel | Vintage M\u00f6bel kaufen auf KURATO.CH\" \/>\n<meta property=\"og:description\" content=\"Entdecke Vintage M\u00f6bel &amp; Dekoration \u27a4 Set aus 4 Sprossenst\u00fchlen Victoria-M\u00f6bel auf Kurato. \u2713Lieferung Schweiz \u271314-Tage R\u00fcckgabe \u2713Secondhand Unikat\" \/>\n<meta property=\"og:url\" content=\"https:\/\/kurato.ch\/fr\/product\/set-aus-4-sprossenstuehlen-victoria-moebel\/\" \/>\n<meta property=\"og:site_name\" content=\"Vintage M\u00f6bel &amp; Dekoration I Kurato\" \/>\n<meta property=\"article:publisher\" content=\"https:\/\/www.facebook.com\/kuratoswitzerland\" \/>\n<meta property=\"article:modified_time\" content=\"2024-06-14T12:10:19+00:00\" \/>\n<meta property=\"og:image\" content=\"https:\/\/kurato.ch\/wp-content\/uploads\/2024\/06\/Set-aus-4-Sprossenstuehlen-Victoria-Moebel-vintage-secondhand-gebraucht-schweiz-60.jpg\" \/>\n\t<meta property=\"og:image:width\" content=\"800\" \/>\n\t<meta property=\"og:image:height\" content=\"800\" \/>\n\t<meta property=\"og:image:type\" content=\"image\/jpeg\" \/>\n<meta name=\"twitter:label1\" content=\"Dur\u00e9e de lecture estim\u00e9e\" \/>\n\t<meta name=\"twitter:data1\" content=\"2 minutes\" \/>\n<script type=\"application\/ld+json\" class=\"yoast-schema-graph\">{\"@context\":\"https:\\\/\\\/schema.org\",\"@graph\":[{\"@type\":\"WebPage\",\"@id\":\"https:\\\/\\\/kurato.ch\\\/product\\\/set-aus-4-sprossenstuehlen-victoria-moebel\\\/\",\"url\":\"https:\\\/\\\/kurato.ch\\\/product\\\/set-aus-4-sprossenstuehlen-victoria-moebel\\\/\",\"name\":\"Set aus 4 Sprossenst\u00fchlen Victoria-M\u00f6bel | Vintage M\u00f6bel kaufen auf KURATO.CH\",\"isPartOf\":{\"@id\":\"https:\\\/\\\/kurato.ch\\\/#website\"},\"primaryImageOfPage\":{\"@id\":\"https:\\\/\\\/kurato.ch\\\/product\\\/set-aus-4-sprossenstuehlen-victoria-moebel\\\/#primaryimage\"},\"image\":{\"@id\":\"https:\\\/\\\/kurato.ch\\\/product\\\/set-aus-4-sprossenstuehlen-victoria-moebel\\\/#primaryimage\"},\"thumbnailUrl\":\"https:\\\/\\\/kurato.ch\\\/wp-content\\\/uploads\\\/2024\\\/06\\\/Set-aus-4-Sprossenstuehlen-Victoria-Moebel-vintage-secondhand-gebraucht-schweiz-60.jpg\",\"datePublished\":\"2024-06-14T12:09:54+00:00\",\"dateModified\":\"2024-06-14T12:10:19+00:00\",\"description\":\"Entdecke Vintage M\u00f6bel & Dekoration \u27a4 Set aus 4 Sprossenst\u00fchlen Victoria-M\u00f6bel auf Kurato. \u2713Lieferung Schweiz \u271314-Tage R\u00fcckgabe \u2713Secondhand Unikat\",\"breadcrumb\":{\"@id\":\"https:\\\/\\\/kurato.ch\\\/product\\\/set-aus-4-sprossenstuehlen-victoria-moebel\\\/#breadcrumb\"},\"inLanguage\":\"fr-FR\",\"potentialAction\":[{\"@type\":\"ReadAction\",\"target\":[\"https:\\\/\\\/kurato.ch\\\/product\\\/set-aus-4-sprossenstuehlen-victoria-moebel\\\/\"]}]},{\"@type\":\"ImageObject\",\"inLanguage\":\"fr-FR\",\"@id\":\"https:\\\/\\\/kurato.ch\\\/product\\\/set-aus-4-sprossenstuehlen-victoria-moebel\\\/#primaryimage\",\"url\":\"https:\\\/\\\/kurato.ch\\\/wp-content\\\/uploads\\\/2024\\\/06\\\/Set-aus-4-Sprossenstuehlen-Victoria-Moebel-vintage-secondhand-gebraucht-schweiz-60.jpg\",\"contentUrl\":\"https:\\\/\\\/kurato.ch\\\/wp-content\\\/uploads\\\/2024\\\/06\\\/Set-aus-4-Sprossenstuehlen-Victoria-Moebel-vintage-secondhand-gebraucht-schweiz-60.jpg\",\"width\":800,\"height\":800},{\"@type\":\"BreadcrumbList\",\"@id\":\"https:\\\/\\\/kurato.ch\\\/product\\\/set-aus-4-sprossenstuehlen-victoria-moebel\\\/#breadcrumb\",\"itemListElement\":[{\"@type\":\"ListItem\",\"position\":1,\"name\":\"Home\",\"item\":\"https:\\\/\\\/kurato.ch\\\/\"},{\"@type\":\"ListItem\",\"position\":2,\"name\":\"Neuheiten\",\"item\":\"https:\\\/\\\/kurato.ch\\\/neuheiten\\\/\"},{\"@type\":\"ListItem\",\"position\":3,\"name\":\"Set aus 4 Sprossenst\u00fchlen Victoria-M\u00f6bel\"}]},{\"@type\":\"WebSite\",\"@id\":\"https:\\\/\\\/kurato.ch\\\/#website\",\"url\":\"https:\\\/\\\/kurato.ch\\\/\",\"name\":\"Vintage M\u00f6bel &amp; Dekoration I Kurato\",\"description\":\"Vintage M\u00f6bel &amp; Dekoration I Kurato\",\"publisher\":{\"@id\":\"https:\\\/\\\/kurato.ch\\\/#organization\"},\"potentialAction\":[{\"@type\":\"SearchAction\",\"target\":{\"@type\":\"EntryPoint\",\"urlTemplate\":\"https:\\\/\\\/kurato.ch\\\/?s={search_term_string}\"},\"query-input\":{\"@type\":\"PropertyValueSpecification\",\"valueRequired\":true,\"valueName\":\"search_term_string\"}}],\"inLanguage\":\"fr-FR\"},{\"@type\":\"Organization\",\"@id\":\"https:\\\/\\\/kurato.ch\\\/#organization\",\"name\":\"Kurato.\",\"url\":\"https:\\\/\\\/kurato.ch\\\/\",\"logo\":{\"@type\":\"ImageObject\",\"inLanguage\":\"fr-FR\",\"@id\":\"https:\\\/\\\/kurato.ch\\\/#\\\/schema\\\/logo\\\/image\\\/\",\"url\":\"\",\"contentUrl\":\"\",\"caption\":\"Kurato.\"},\"image\":{\"@id\":\"https:\\\/\\\/kurato.ch\\\/#\\\/schema\\\/logo\\\/image\\\/\"},\"sameAs\":[\"https:\\\/\\\/www.facebook.com\\\/kuratoswitzerland\",\"https:\\\/\\\/www.instagram.com\\\/kurato.ch\\\/\",\"https:\\\/\\\/www.pinterest.ch\\\/kurato_ch\\\/_created\\\/\"]}]}<\/script>\n<!-- \/ Yoast SEO plugin. -->","yoast_head_json":{"title":"Set aus 4 Sprossenst\u00fchlen Victoria-M\u00f6bel | Vintage M\u00f6bel kaufen auf KURATO.CH","description":"Entdecke Vintage M\u00f6bel & Dekoration \u27a4 Set aus 4 Sprossenst\u00fchlen Victoria-M\u00f6bel auf Kurato. \u2713Lieferung Schweiz \u271314-Tage R\u00fcckgabe \u2713Secondhand Unikat","robots":{"index":"index","follow":"follow","max-snippet":"max-snippet:-1","max-image-preview":"max-image-preview:large","max-video-preview":"max-video-preview:-1"},"canonical":"https:\/\/kurato.ch\/fr\/product\/set-aus-4-sprossenstuehlen-victoria-moebel\/","og_locale":"fr_FR","og_type":"article","og_title":"Set aus 4 Sprossenst\u00fchlen Victoria-M\u00f6bel | Vintage M\u00f6bel kaufen auf KURATO.CH","og_description":"Entdecke Vintage M\u00f6bel & Dekoration \u27a4 Set aus 4 Sprossenst\u00fchlen Victoria-M\u00f6bel auf Kurato. \u2713Lieferung Schweiz \u271314-Tage R\u00fcckgabe \u2713Secondhand Unikat","og_url":"https:\/\/kurato.ch\/fr\/product\/set-aus-4-sprossenstuehlen-victoria-moebel\/","og_site_name":"Vintage M\u00f6bel &amp; Dekoration I Kurato","article_publisher":"https:\/\/www.facebook.com\/kuratoswitzerland","article_modified_time":"2024-06-14T12:10:19+00:00","og_image":[{"width":800,"height":800,"url":"https:\/\/kurato.ch\/wp-content\/uploads\/2024\/06\/Set-aus-4-Sprossenstuehlen-Victoria-Moebel-vintage-secondhand-gebraucht-schweiz-60.jpg","type":"image\/jpeg"}],"twitter_misc":{"Dur\u00e9e de lecture estim\u00e9e":"2 minutes"},"schema":{"@context":"https:\/\/schema.org","@graph":[{"@type":"WebPage","@id":"https:\/\/kurato.ch\/product\/set-aus-4-sprossenstuehlen-victoria-moebel\/","url":"https:\/\/kurato.ch\/product\/set-aus-4-sprossenstuehlen-victoria-moebel\/","name":"Set aus 4 Sprossenst\u00fchlen Victoria-M\u00f6bel | Vintage M\u00f6bel kaufen auf KURATO.CH","isPartOf":{"@id":"https:\/\/kurato.ch\/#website"},"primaryImageOfPage":{"@id":"https:\/\/kurato.ch\/product\/set-aus-4-sprossenstuehlen-victoria-moebel\/#primaryimage"},"image":{"@id":"https:\/\/kurato.ch\/product\/set-aus-4-sprossenstuehlen-victoria-moebel\/#primaryimage"},"thumbnailUrl":"https:\/\/kurato.ch\/wp-content\/uploads\/2024\/06\/Set-aus-4-Sprossenstuehlen-Victoria-Moebel-vintage-secondhand-gebraucht-schweiz-60.jpg","datePublished":"2024-06-14T12:09:54+00:00","dateModified":"2024-06-14T12:10:19+00:00","description":"Entdecke Vintage M\u00f6bel & Dekoration \u27a4 Set aus 4 Sprossenst\u00fchlen Victoria-M\u00f6bel auf Kurato. \u2713Lieferung Schweiz \u271314-Tage R\u00fcckgabe \u2713Secondhand Unikat","breadcrumb":{"@id":"https:\/\/kurato.ch\/product\/set-aus-4-sprossenstuehlen-victoria-moebel\/#breadcrumb"},"inLanguage":"fr-FR","potentialAction":[{"@type":"ReadAction","target":["https:\/\/kurato.ch\/product\/set-aus-4-sprossenstuehlen-victoria-moebel\/"]}]},{"@type":"ImageObject","inLanguage":"fr-FR","@id":"https:\/\/kurato.ch\/product\/set-aus-4-sprossenstuehlen-victoria-moebel\/#primaryimage","url":"https:\/\/kurato.ch\/wp-content\/uploads\/2024\/06\/Set-aus-4-Sprossenstuehlen-Victoria-Moebel-vintage-secondhand-gebraucht-schweiz-60.jpg","contentUrl":"https:\/\/kurato.ch\/wp-content\/uploads\/2024\/06\/Set-aus-4-Sprossenstuehlen-Victoria-Moebel-vintage-secondhand-gebraucht-schweiz-60.jpg","width":800,"height":800},{"@type":"BreadcrumbList","@id":"https:\/\/kurato.ch\/product\/set-aus-4-sprossenstuehlen-victoria-moebel\/#breadcrumb","itemListElement":[{"@type":"ListItem","position":1,"name":"Home","item":"https:\/\/kurato.ch\/"},{"@type":"ListItem","position":2,"name":"Neuheiten","item":"https:\/\/kurato.ch\/neuheiten\/"},{"@type":"ListItem","position":3,"name":"Set aus 4 Sprossenst\u00fchlen Victoria-M\u00f6bel"}]},{"@type":"WebSite","@id":"https:\/\/kurato.ch\/#website","url":"https:\/\/kurato.ch\/","name":"Meubles vintage &amp; d\u00e9coration I Kurato","description":"Meubles vintage &amp; d\u00e9coration I Kurato","publisher":{"@id":"https:\/\/kurato.ch\/#organization"},"potentialAction":[{"@type":"SearchAction","target":{"@type":"EntryPoint","urlTemplate":"https:\/\/kurato.ch\/?s={search_term_string}"},"query-input":{"@type":"PropertyValueSpecification","valueRequired":true,"valueName":"search_term_string"}}],"inLanguage":"fr-FR"},{"@type":"Organization","@id":"https:\/\/kurato.ch\/#organization","name":"Kurato.","url":"https:\/\/kurato.ch\/","logo":{"@type":"ImageObject","inLanguage":"fr-FR","@id":"https:\/\/kurato.ch\/#\/schema\/logo\/image\/","url":"","contentUrl":"","caption":"Kurato."},"image":{"@id":"https:\/\/kurato.ch\/#\/schema\/logo\/image\/"},"sameAs":["https:\/\/www.facebook.com\/kuratoswitzerland","https:\/\/www.instagram.com\/kurato.ch\/","https:\/\/www.pinterest.ch\/kurato_ch\/_created\/"]}]}},"_links":{"self":[{"href":"https:\/\/kurato.ch\/fr\/wp-json\/wp\/v2\/product\/57237","targetHints":{"allow":["GET"]}}],"collection":[{"href":"https:\/\/kurato.ch\/fr\/wp-json\/wp\/v2\/product"}],"about":[{"href":"https:\/\/kurato.ch\/fr\/wp-json\/wp\/v2\/types\/product"}],"wp:featuredmedia":[{"embeddable":true,"href":"https:\/\/kurato.ch\/fr\/wp-json\/wp\/v2\/media\/57451"}],"wp:attachment":[{"href":"https:\/\/kurato.ch\/fr\/wp-json\/wp\/v2\/media?parent=57237"}],"wp:term":[{"taxonomy":"product_brand","embeddable":true,"href":"https:\/\/kurato.ch\/fr\/wp-json\/wp\/v2\/product_brand?post=57237"},{"taxonomy":"product_cat","embeddable":true,"href":"https:\/\/kurato.ch\/fr\/wp-json\/wp\/v2\/product_cat?post=57237"},{"taxonomy":"product_tag","embeddable":true,"href":"https:\/\/kurato.ch\/fr\/wp-json\/wp\/v2\/product_tag?post=57237"}],"curies":[{"name":"wp","href":"https:\/\/api.w.org\/{rel}","templated":true}]}}