{"id":57564,"date":"2024-06-15T16:16:21","date_gmt":"2024-06-15T14:16:21","guid":{"rendered":"https:\/\/kurato.ch\/?post_type=product&#038;p=57564"},"modified":"2024-07-04T23:56:37","modified_gmt":"2024-07-04T21:56:37","slug":"freischwinger-stuehle-s34-mart-stam-70er","status":"publish","type":"product","link":"https:\/\/kurato.ch\/fr\/product\/freischwinger-stuehle-s34-mart-stam-70er\/","title":{"rendered":"Freischwinger-St\u00fchle S34 Mart Stam 70er"},"content":{"rendered":"<p>Diese ikonischen Freischwinger-St\u00fchle von Mart Stam sind ein herausragendes Beispiel modernen Designs der 1970er Jahre. Die Kombination aus verchromtem Metall und cognacfarbenem Leder verleiht den St\u00fchlen einen eleganten, zeitgem\u00e4\u00dfen, jedoch gleichzeitig vintage Charme.<\/p>\n<p>Die St\u00fchle zeichnen sich durch eine verchromte Metallrohrstruktur aus, die f\u00fcr Stabilit\u00e4t und Langlebigkeit sorgt. R\u00fcckenlehne, Sitzfl\u00e4che und Armlehnen sind aus hochwertigem Leder gefertigt. Die geschwungenen Linien verbinden Komfort und zeitlose \u00c4sthetik auf beeindruckende Weise.<\/p>\n<p>Diese St\u00fchle sind eine ideale Erg\u00e4nzung f\u00fcr Esszimmer, B\u00fcros oder Wohnr\u00e4ume und setzen stilvolle Akzente.<\/p>\n<p>Zustand: Die St\u00fchle befinden sich in einem guten Zustand und weisen eine wunderbare Patina auf, die ihnen einen charmanten Vintage-Vibe verleiht.<\/p>\n<p>Masse: L59 x B55 x H81 cm<br \/>Hauteur du si\u00e8ge : 48 cm<br \/>Hauteur des accoudoirs : 63 cm<\/p>\n<p>- Enl\u00e8vement possible 365 jours par an entre 09:00 et 19:00 \u00e0 8047 Zurich avec prise de rendez-vous.<br \/>- La livraison ? Bien s\u00fbr, possible dans toute la Suisse ! Demandez simplement le prix, qui est calcul\u00e9 en fonction de la distance.<\/p>","protected":false},"excerpt":{"rendered":"<p>Diese ikonischen Freischwinger-St\u00fchle von Mart Stam sind ein herausragendes Beispiel modernen Designs der 1970er Jahre. Die Kombination aus verchromtem Metall und cognacfarbenem Leder verleiht den St\u00fchlen einen eleganten, zeitgem\u00e4\u00dfen, jedoch gleichzeitig vintage Charme. Die St\u00fchle zeichnen sich durch eine verchromte Metallrohrstruktur aus, die f\u00fcr Stabilit\u00e4t und Langlebigkeit sorgt. R\u00fcckenlehne, Sitzfl\u00e4che und Armlehnen sind aus hochwertigem [&hellip;]<\/p>\n","protected":false},"featured_media":57831,"template":"","meta":{"_acf_changed":false,"site-sidebar-layout":"default","site-content-layout":"","ast-site-content-layout":"default","site-content-style":"default","site-sidebar-style":"default","ast-global-header-display":"","ast-banner-title-visibility":"","ast-main-header-display":"","ast-hfb-above-header-display":"","ast-hfb-below-header-display":"","ast-hfb-mobile-header-display":"","site-post-title":"","ast-breadcrumbs-content":"","ast-featured-img":"","footer-sml-layout":"","ast-disable-related-posts":"","theme-transparent-header-meta":"","adv-header-id-meta":"","stick-header-meta":"","header-above-stick-meta":"","header-main-stick-meta":"","header-below-stick-meta":"","astra-migrate-meta-layouts":"default","ast-page-background-enabled":"default","ast-page-background-meta":{"desktop":{"background-color":"","background-image":"","background-repeat":"repeat","background-position":"center center","background-size":"auto","background-attachment":"scroll","background-type":"","background-media":"","overlay-type":"","overlay-color":"","overlay-opacity":"","overlay-gradient":""},"tablet":{"background-color":"","background-image":"","background-repeat":"repeat","background-position":"center center","background-size":"auto","background-attachment":"scroll","background-type":"","background-media":"","overlay-type":"","overlay-color":"","overlay-opacity":"","overlay-gradient":""},"mobile":{"background-color":"","background-image":"","background-repeat":"repeat","background-position":"center center","background-size":"auto","background-attachment":"scroll","background-type":"","background-media":"","overlay-type":"","overlay-color":"","overlay-opacity":"","overlay-gradient":""}},"ast-content-background-meta":{"desktop":{"background-color":"var(--ast-global-color-5)","background-image":"","background-repeat":"repeat","background-position":"center center","background-size":"auto","background-attachment":"scroll","background-type":"","background-media":"","overlay-type":"","overlay-color":"","overlay-opacity":"","overlay-gradient":""},"tablet":{"background-color":"var(--ast-global-color-5)","background-image":"","background-repeat":"repeat","background-position":"center center","background-size":"auto","background-attachment":"scroll","background-type":"","background-media":"","overlay-type":"","overlay-color":"","overlay-opacity":"","overlay-gradient":""},"mobile":{"background-color":"var(--ast-global-color-5)","background-image":"","background-repeat":"repeat","background-position":"center center","background-size":"auto","background-attachment":"scroll","background-type":"","background-media":"","overlay-type":"","overlay-color":"","overlay-opacity":"","overlay-gradient":""}}},"product_brand":[],"product_cat":[165],"product_tag":[],"class_list":{"0":"post-57564","1":"product","2":"type-product","3":"status-publish","4":"has-post-thumbnail","6":"product_cat-vintage-esszimmerstuehle","7":"pa_designer-stam-mart","8":"pa_farbe-braun","9":"pa_material-leder","10":"pa_standort-zurich","11":"pa_stil-design","12":"desktop-align-left","13":"tablet-align-left","14":"mobile-align-left","16":"first","17":"outofstock","18":"shipping-taxable","19":"purchasable","20":"product-type-simple"},"acf":[],"yoast_head":"<!-- This site is optimized with the Yoast SEO plugin v27.5 - https:\/\/yoast.com\/product\/yoast-seo-wordpress\/ -->\n<title>Freischwinger-St\u00fchle S34 Mart Stam 70er | Vintage M\u00f6bel kaufen auf KURATO.CH<\/title>\n<meta name=\"description\" content=\"Entdecke Vintage M\u00f6bel &amp; Dekoration \u27a4 Freischwinger-St\u00fchle S34 Mart Stam 70er auf Kurato. \u2713Lieferung Schweiz \u271314-Tage R\u00fcckgabe \u2713Secondhand Unikat\" \/>\n<meta name=\"robots\" content=\"index, follow, max-snippet:-1, max-image-preview:large, max-video-preview:-1\" \/>\n<link rel=\"canonical\" href=\"https:\/\/kurato.ch\/fr\/product\/freischwinger-stuehle-s34-mart-stam-70er\/\" \/>\n<meta property=\"og:locale\" content=\"fr_FR\" \/>\n<meta property=\"og:type\" content=\"article\" \/>\n<meta property=\"og:title\" content=\"Freischwinger-St\u00fchle S34 Mart Stam 70er | Vintage M\u00f6bel kaufen auf KURATO.CH\" \/>\n<meta property=\"og:description\" content=\"Entdecke Vintage M\u00f6bel &amp; Dekoration \u27a4 Freischwinger-St\u00fchle S34 Mart Stam 70er auf Kurato. \u2713Lieferung Schweiz \u271314-Tage R\u00fcckgabe \u2713Secondhand Unikat\" \/>\n<meta property=\"og:url\" content=\"https:\/\/kurato.ch\/fr\/product\/freischwinger-stuehle-s34-mart-stam-70er\/\" \/>\n<meta property=\"og:site_name\" content=\"Vintage M\u00f6bel &amp; Dekoration I Kurato\" \/>\n<meta property=\"article:publisher\" content=\"https:\/\/www.facebook.com\/kuratoswitzerland\" \/>\n<meta property=\"article:modified_time\" content=\"2024-07-04T21:56:37+00:00\" \/>\n<meta property=\"og:image\" content=\"https:\/\/kurato.ch\/wp-content\/uploads\/2024\/06\/2-Freischwinger-Stuehle-S34-Mart-Stam-70er-vintage-secondhand-gebraucht-schweiz-61.jpg\" \/>\n\t<meta property=\"og:image:width\" content=\"800\" \/>\n\t<meta property=\"og:image:height\" content=\"800\" \/>\n\t<meta property=\"og:image:type\" content=\"image\/jpeg\" \/>\n<meta name=\"twitter:label1\" content=\"Dur\u00e9e de lecture estim\u00e9e\" \/>\n\t<meta name=\"twitter:data1\" content=\"1 minute\" \/>\n<script type=\"application\/ld+json\" class=\"yoast-schema-graph\">{\"@context\":\"https:\\\/\\\/schema.org\",\"@graph\":[{\"@type\":\"WebPage\",\"@id\":\"https:\\\/\\\/kurato.ch\\\/product\\\/freischwinger-stuehle-s34-mart-stam-70er\\\/\",\"url\":\"https:\\\/\\\/kurato.ch\\\/product\\\/freischwinger-stuehle-s34-mart-stam-70er\\\/\",\"name\":\"Freischwinger-St\u00fchle S34 Mart Stam 70er | Vintage M\u00f6bel kaufen auf KURATO.CH\",\"isPartOf\":{\"@id\":\"https:\\\/\\\/kurato.ch\\\/#website\"},\"primaryImageOfPage\":{\"@id\":\"https:\\\/\\\/kurato.ch\\\/product\\\/freischwinger-stuehle-s34-mart-stam-70er\\\/#primaryimage\"},\"image\":{\"@id\":\"https:\\\/\\\/kurato.ch\\\/product\\\/freischwinger-stuehle-s34-mart-stam-70er\\\/#primaryimage\"},\"thumbnailUrl\":\"https:\\\/\\\/kurato.ch\\\/wp-content\\\/uploads\\\/2024\\\/06\\\/2-Freischwinger-Stuehle-S34-Mart-Stam-70er-vintage-secondhand-gebraucht-schweiz-61.jpg\",\"datePublished\":\"2024-06-15T14:16:21+00:00\",\"dateModified\":\"2024-07-04T21:56:37+00:00\",\"description\":\"Entdecke Vintage M\u00f6bel & Dekoration \u27a4 Freischwinger-St\u00fchle S34 Mart Stam 70er auf Kurato. \u2713Lieferung Schweiz \u271314-Tage R\u00fcckgabe \u2713Secondhand Unikat\",\"breadcrumb\":{\"@id\":\"https:\\\/\\\/kurato.ch\\\/product\\\/freischwinger-stuehle-s34-mart-stam-70er\\\/#breadcrumb\"},\"inLanguage\":\"fr-FR\",\"potentialAction\":[{\"@type\":\"ReadAction\",\"target\":[\"https:\\\/\\\/kurato.ch\\\/product\\\/freischwinger-stuehle-s34-mart-stam-70er\\\/\"]}]},{\"@type\":\"ImageObject\",\"inLanguage\":\"fr-FR\",\"@id\":\"https:\\\/\\\/kurato.ch\\\/product\\\/freischwinger-stuehle-s34-mart-stam-70er\\\/#primaryimage\",\"url\":\"https:\\\/\\\/kurato.ch\\\/wp-content\\\/uploads\\\/2024\\\/06\\\/2-Freischwinger-Stuehle-S34-Mart-Stam-70er-vintage-secondhand-gebraucht-schweiz-61.jpg\",\"contentUrl\":\"https:\\\/\\\/kurato.ch\\\/wp-content\\\/uploads\\\/2024\\\/06\\\/2-Freischwinger-Stuehle-S34-Mart-Stam-70er-vintage-secondhand-gebraucht-schweiz-61.jpg\",\"width\":800,\"height\":800},{\"@type\":\"BreadcrumbList\",\"@id\":\"https:\\\/\\\/kurato.ch\\\/product\\\/freischwinger-stuehle-s34-mart-stam-70er\\\/#breadcrumb\",\"itemListElement\":[{\"@type\":\"ListItem\",\"position\":1,\"name\":\"Home\",\"item\":\"https:\\\/\\\/kurato.ch\\\/\"},{\"@type\":\"ListItem\",\"position\":2,\"name\":\"Neuheiten\",\"item\":\"https:\\\/\\\/kurato.ch\\\/neuheiten\\\/\"},{\"@type\":\"ListItem\",\"position\":3,\"name\":\"Freischwinger-St\u00fchle S34 Mart Stam 70er\"}]},{\"@type\":\"WebSite\",\"@id\":\"https:\\\/\\\/kurato.ch\\\/#website\",\"url\":\"https:\\\/\\\/kurato.ch\\\/\",\"name\":\"Vintage M\u00f6bel &amp; Dekoration I Kurato\",\"description\":\"Vintage M\u00f6bel &amp; Dekoration I Kurato\",\"publisher\":{\"@id\":\"https:\\\/\\\/kurato.ch\\\/#organization\"},\"potentialAction\":[{\"@type\":\"SearchAction\",\"target\":{\"@type\":\"EntryPoint\",\"urlTemplate\":\"https:\\\/\\\/kurato.ch\\\/?s={search_term_string}\"},\"query-input\":{\"@type\":\"PropertyValueSpecification\",\"valueRequired\":true,\"valueName\":\"search_term_string\"}}],\"inLanguage\":\"fr-FR\"},{\"@type\":\"Organization\",\"@id\":\"https:\\\/\\\/kurato.ch\\\/#organization\",\"name\":\"Kurato.\",\"url\":\"https:\\\/\\\/kurato.ch\\\/\",\"logo\":{\"@type\":\"ImageObject\",\"inLanguage\":\"fr-FR\",\"@id\":\"https:\\\/\\\/kurato.ch\\\/#\\\/schema\\\/logo\\\/image\\\/\",\"url\":\"\",\"contentUrl\":\"\",\"caption\":\"Kurato.\"},\"image\":{\"@id\":\"https:\\\/\\\/kurato.ch\\\/#\\\/schema\\\/logo\\\/image\\\/\"},\"sameAs\":[\"https:\\\/\\\/www.facebook.com\\\/kuratoswitzerland\",\"https:\\\/\\\/www.instagram.com\\\/kurato.ch\\\/\",\"https:\\\/\\\/www.pinterest.ch\\\/kurato_ch\\\/_created\\\/\"]}]}<\/script>\n<!-- \/ Yoast SEO plugin. -->","yoast_head_json":{"title":"Freischwinger-St\u00fchle S34 Mart Stam 70er | Vintage M\u00f6bel kaufen auf KURATO.CH","description":"Entdecke Vintage M\u00f6bel & Dekoration \u27a4 Freischwinger-St\u00fchle S34 Mart Stam 70er auf Kurato. \u2713Lieferung Schweiz \u271314-Tage R\u00fcckgabe \u2713Secondhand Unikat","robots":{"index":"index","follow":"follow","max-snippet":"max-snippet:-1","max-image-preview":"max-image-preview:large","max-video-preview":"max-video-preview:-1"},"canonical":"https:\/\/kurato.ch\/fr\/product\/freischwinger-stuehle-s34-mart-stam-70er\/","og_locale":"fr_FR","og_type":"article","og_title":"Freischwinger-St\u00fchle S34 Mart Stam 70er | Vintage M\u00f6bel kaufen auf KURATO.CH","og_description":"Entdecke Vintage M\u00f6bel & Dekoration \u27a4 Freischwinger-St\u00fchle S34 Mart Stam 70er auf Kurato. \u2713Lieferung Schweiz \u271314-Tage R\u00fcckgabe \u2713Secondhand Unikat","og_url":"https:\/\/kurato.ch\/fr\/product\/freischwinger-stuehle-s34-mart-stam-70er\/","og_site_name":"Vintage M\u00f6bel &amp; Dekoration I Kurato","article_publisher":"https:\/\/www.facebook.com\/kuratoswitzerland","article_modified_time":"2024-07-04T21:56:37+00:00","og_image":[{"width":800,"height":800,"url":"https:\/\/kurato.ch\/wp-content\/uploads\/2024\/06\/2-Freischwinger-Stuehle-S34-Mart-Stam-70er-vintage-secondhand-gebraucht-schweiz-61.jpg","type":"image\/jpeg"}],"twitter_misc":{"Dur\u00e9e de lecture estim\u00e9e":"1 minute"},"schema":{"@context":"https:\/\/schema.org","@graph":[{"@type":"WebPage","@id":"https:\/\/kurato.ch\/product\/freischwinger-stuehle-s34-mart-stam-70er\/","url":"https:\/\/kurato.ch\/product\/freischwinger-stuehle-s34-mart-stam-70er\/","name":"Freischwinger-St\u00fchle S34 Mart Stam 70er | Vintage M\u00f6bel kaufen auf KURATO.CH","isPartOf":{"@id":"https:\/\/kurato.ch\/#website"},"primaryImageOfPage":{"@id":"https:\/\/kurato.ch\/product\/freischwinger-stuehle-s34-mart-stam-70er\/#primaryimage"},"image":{"@id":"https:\/\/kurato.ch\/product\/freischwinger-stuehle-s34-mart-stam-70er\/#primaryimage"},"thumbnailUrl":"https:\/\/kurato.ch\/wp-content\/uploads\/2024\/06\/2-Freischwinger-Stuehle-S34-Mart-Stam-70er-vintage-secondhand-gebraucht-schweiz-61.jpg","datePublished":"2024-06-15T14:16:21+00:00","dateModified":"2024-07-04T21:56:37+00:00","description":"Entdecke Vintage M\u00f6bel & Dekoration \u27a4 Freischwinger-St\u00fchle S34 Mart Stam 70er auf Kurato. \u2713Lieferung Schweiz \u271314-Tage R\u00fcckgabe \u2713Secondhand Unikat","breadcrumb":{"@id":"https:\/\/kurato.ch\/product\/freischwinger-stuehle-s34-mart-stam-70er\/#breadcrumb"},"inLanguage":"fr-FR","potentialAction":[{"@type":"ReadAction","target":["https:\/\/kurato.ch\/product\/freischwinger-stuehle-s34-mart-stam-70er\/"]}]},{"@type":"ImageObject","inLanguage":"fr-FR","@id":"https:\/\/kurato.ch\/product\/freischwinger-stuehle-s34-mart-stam-70er\/#primaryimage","url":"https:\/\/kurato.ch\/wp-content\/uploads\/2024\/06\/2-Freischwinger-Stuehle-S34-Mart-Stam-70er-vintage-secondhand-gebraucht-schweiz-61.jpg","contentUrl":"https:\/\/kurato.ch\/wp-content\/uploads\/2024\/06\/2-Freischwinger-Stuehle-S34-Mart-Stam-70er-vintage-secondhand-gebraucht-schweiz-61.jpg","width":800,"height":800},{"@type":"BreadcrumbList","@id":"https:\/\/kurato.ch\/product\/freischwinger-stuehle-s34-mart-stam-70er\/#breadcrumb","itemListElement":[{"@type":"ListItem","position":1,"name":"Home","item":"https:\/\/kurato.ch\/"},{"@type":"ListItem","position":2,"name":"Neuheiten","item":"https:\/\/kurato.ch\/neuheiten\/"},{"@type":"ListItem","position":3,"name":"Freischwinger-St\u00fchle S34 Mart Stam 70er"}]},{"@type":"WebSite","@id":"https:\/\/kurato.ch\/#website","url":"https:\/\/kurato.ch\/","name":"Meubles vintage &amp; d\u00e9coration I Kurato","description":"Meubles vintage &amp; d\u00e9coration I Kurato","publisher":{"@id":"https:\/\/kurato.ch\/#organization"},"potentialAction":[{"@type":"SearchAction","target":{"@type":"EntryPoint","urlTemplate":"https:\/\/kurato.ch\/?s={search_term_string}"},"query-input":{"@type":"PropertyValueSpecification","valueRequired":true,"valueName":"search_term_string"}}],"inLanguage":"fr-FR"},{"@type":"Organization","@id":"https:\/\/kurato.ch\/#organization","name":"Kurato.","url":"https:\/\/kurato.ch\/","logo":{"@type":"ImageObject","inLanguage":"fr-FR","@id":"https:\/\/kurato.ch\/#\/schema\/logo\/image\/","url":"","contentUrl":"","caption":"Kurato."},"image":{"@id":"https:\/\/kurato.ch\/#\/schema\/logo\/image\/"},"sameAs":["https:\/\/www.facebook.com\/kuratoswitzerland","https:\/\/www.instagram.com\/kurato.ch\/","https:\/\/www.pinterest.ch\/kurato_ch\/_created\/"]}]}},"_links":{"self":[{"href":"https:\/\/kurato.ch\/fr\/wp-json\/wp\/v2\/product\/57564","targetHints":{"allow":["GET"]}}],"collection":[{"href":"https:\/\/kurato.ch\/fr\/wp-json\/wp\/v2\/product"}],"about":[{"href":"https:\/\/kurato.ch\/fr\/wp-json\/wp\/v2\/types\/product"}],"wp:featuredmedia":[{"embeddable":true,"href":"https:\/\/kurato.ch\/fr\/wp-json\/wp\/v2\/media\/57831"}],"wp:attachment":[{"href":"https:\/\/kurato.ch\/fr\/wp-json\/wp\/v2\/media?parent=57564"}],"wp:term":[{"taxonomy":"product_brand","embeddable":true,"href":"https:\/\/kurato.ch\/fr\/wp-json\/wp\/v2\/product_brand?post=57564"},{"taxonomy":"product_cat","embeddable":true,"href":"https:\/\/kurato.ch\/fr\/wp-json\/wp\/v2\/product_cat?post=57564"},{"taxonomy":"product_tag","embeddable":true,"href":"https:\/\/kurato.ch\/fr\/wp-json\/wp\/v2\/product_tag?post=57564"}],"curies":[{"name":"wp","href":"https:\/\/api.w.org\/{rel}","templated":true}]}}