{"id":58327,"date":"2024-06-25T07:11:47","date_gmt":"2024-06-25T05:11:47","guid":{"rendered":"https:\/\/kurato.ch\/?post_type=product&#038;p=58327"},"modified":"2025-03-12T22:10:35","modified_gmt":"2025-03-12T20:10:35","slug":"eames-armchair-dar-mit-rotem-polster-von-vitra","status":"publish","type":"product","link":"https:\/\/kurato.ch\/fr\/product\/eames-armchair-dar-mit-rotem-polster-von-vitra\/","title":{"rendered":"Eames Armchair DAR mit rotem Polster von Vitra"},"content":{"rendered":"<p>Diese &#8222;Charles &amp; Ray Eames Armchairs&#8220; sind ein authentisches DAR-Modell-Armlehnenst\u00fchle (f\u00fcr Dining Armchair Rodbase) mit dem gepr\u00e4gten Design &#8222;Eames for Vitra&#8220;. Das zeitlose Modell zeichnet sich durch einen sogenannten Eiffelturm-Unterbau aus verchromtem Stahl aus, der eine breite Sitzschale mit frei geformten Armlehnen st\u00fctzt. Der Stuhl bietet exzellenten ergonomischen Komfort und ist mit elegantem, feinem Polsterstoff in korallenroter Hopsak-Farbe versehen. Der Zustand ist gut erhalten, mit stabilen Fundamenten und sauberen Stoffen.<\/p>\n<p>Die Armchairs, die von Charles und Ray Eames 1950 entworfen wurden, wurden erstmals im Rahmen des Wettbewerbs \u201eLow Cost Furniture Design\u201c des Museum of Modern Arts in New York pr\u00e4sentiert. Die organisch geformte Sitzschale aus Kunststoff wurde sp\u00e4ter mit unterschiedlichen Untergestellen kombiniert und millionenfach produziert. In ihrer aktuellen Version aus Polypropylen bieten die Armchairs einen nochmals verbesserten Sitzkomfort.<\/p>\n<p>D\u00e9tails :<br \/>* K\u00fcnstler: Charles &amp; Ray Eames<br \/>* Modell: DAR Armchairs<br \/>* Design f\u00fcr Vitra<br \/>* Material: Verchromter Stahl, Hopsak-Stoff in Korallenrot<br \/>* Zustand: Top-Zustand<br \/>* Masse: 62 x 65 x 80 cm (Sitzh\u00f6he 47 cm)<\/p>\n<p>-Abholung in Z\u00fcrich.<\/p>","protected":false},"excerpt":{"rendered":"<p>Diese &#8222;Charles &amp; Ray Eames Armchairs&#8220; sind ein authentisches DAR-Modell-Armlehnenst\u00fchle (f\u00fcr Dining Armchair Rodbase) mit dem gepr\u00e4gten Design &#8222;Eames for Vitra&#8220;. Das zeitlose Modell zeichnet sich durch einen sogenannten Eiffelturm-Unterbau aus verchromtem Stahl aus, der eine breite Sitzschale mit frei geformten Armlehnen st\u00fctzt. Der Stuhl bietet exzellenten ergonomischen Komfort und ist mit elegantem, feinem Polsterstoff [&hellip;]<\/p>\n","protected":false},"featured_media":58368,"template":"","meta":{"_acf_changed":false,"site-sidebar-layout":"default","site-content-layout":"","ast-site-content-layout":"default","site-content-style":"default","site-sidebar-style":"default","ast-global-header-display":"","ast-banner-title-visibility":"","ast-main-header-display":"","ast-hfb-above-header-display":"","ast-hfb-below-header-display":"","ast-hfb-mobile-header-display":"","site-post-title":"","ast-breadcrumbs-content":"","ast-featured-img":"","footer-sml-layout":"","ast-disable-related-posts":"","theme-transparent-header-meta":"","adv-header-id-meta":"","stick-header-meta":"","header-above-stick-meta":"","header-main-stick-meta":"","header-below-stick-meta":"","astra-migrate-meta-layouts":"default","ast-page-background-enabled":"default","ast-page-background-meta":{"desktop":{"background-color":"","background-image":"","background-repeat":"repeat","background-position":"center center","background-size":"auto","background-attachment":"scroll","background-type":"","background-media":"","overlay-type":"","overlay-color":"","overlay-opacity":"","overlay-gradient":""},"tablet":{"background-color":"","background-image":"","background-repeat":"repeat","background-position":"center center","background-size":"auto","background-attachment":"scroll","background-type":"","background-media":"","overlay-type":"","overlay-color":"","overlay-opacity":"","overlay-gradient":""},"mobile":{"background-color":"","background-image":"","background-repeat":"repeat","background-position":"center center","background-size":"auto","background-attachment":"scroll","background-type":"","background-media":"","overlay-type":"","overlay-color":"","overlay-opacity":"","overlay-gradient":""}},"ast-content-background-meta":{"desktop":{"background-color":"var(--ast-global-color-5)","background-image":"","background-repeat":"repeat","background-position":"center center","background-size":"auto","background-attachment":"scroll","background-type":"","background-media":"","overlay-type":"","overlay-color":"","overlay-opacity":"","overlay-gradient":""},"tablet":{"background-color":"var(--ast-global-color-5)","background-image":"","background-repeat":"repeat","background-position":"center center","background-size":"auto","background-attachment":"scroll","background-type":"","background-media":"","overlay-type":"","overlay-color":"","overlay-opacity":"","overlay-gradient":""},"mobile":{"background-color":"var(--ast-global-color-5)","background-image":"","background-repeat":"repeat","background-position":"center center","background-size":"auto","background-attachment":"scroll","background-type":"","background-media":"","overlay-type":"","overlay-color":"","overlay-opacity":"","overlay-gradient":""}}},"product_brand":[],"product_cat":[409,164,165,163],"product_tag":[],"class_list":{"0":"post-58327","1":"product","2":"type-product","3":"status-publish","4":"has-post-thumbnail","6":"product_cat-vintage-beistellstuhl","7":"product_cat-vintage-buerostuhl","8":"product_cat-vintage-esszimmerstuehle","9":"product_cat-vintage-stuhl","10":"pa_designer-eames-charles-ray","11":"pa_designer-vitra","12":"pa_farbe-rot","13":"pa_farbe-weiss","14":"pa_material-plastik","15":"pa_material-stoff","16":"pa_standort-zurich","17":"pa_stil-design","18":"desktop-align-left","19":"tablet-align-left","20":"mobile-align-left","22":"first","23":"outofstock","24":"sold-individually","25":"shipping-taxable","26":"purchasable","27":"product-type-simple"},"acf":[],"yoast_head":"<!-- This site is optimized with the Yoast SEO plugin v27.4 - https:\/\/yoast.com\/product\/yoast-seo-wordpress\/ -->\n<title>Eames Armchair DAR mit rotem Polster von Vitra | Vintage M\u00f6bel kaufen auf KURATO.CH<\/title>\n<meta name=\"description\" content=\"Entdecke Vintage M\u00f6bel &amp; Dekoration \u27a4 Eames Armchair DAR mit rotem Polster von Vitra auf Kurato. \u2713Lieferung Schweiz \u271314-Tage R\u00fcckgabe \u2713Secondhand Unikat\" \/>\n<meta name=\"robots\" content=\"index, follow, max-snippet:-1, max-image-preview:large, max-video-preview:-1\" \/>\n<link rel=\"canonical\" href=\"https:\/\/kurato.ch\/fr\/product\/eames-armchair-dar-mit-rotem-polster-von-vitra\/\" \/>\n<meta property=\"og:locale\" content=\"fr_FR\" \/>\n<meta property=\"og:type\" content=\"article\" \/>\n<meta property=\"og:title\" content=\"Eames Armchair DAR mit rotem Polster von Vitra | Vintage M\u00f6bel kaufen auf KURATO.CH\" \/>\n<meta property=\"og:description\" content=\"Entdecke Vintage M\u00f6bel &amp; Dekoration \u27a4 Eames Armchair DAR mit rotem Polster von Vitra auf Kurato. \u2713Lieferung Schweiz \u271314-Tage R\u00fcckgabe \u2713Secondhand Unikat\" \/>\n<meta property=\"og:url\" content=\"https:\/\/kurato.ch\/fr\/product\/eames-armchair-dar-mit-rotem-polster-von-vitra\/\" \/>\n<meta property=\"og:site_name\" content=\"Vintage M\u00f6bel &amp; Dekoration I Kurato\" \/>\n<meta property=\"article:publisher\" content=\"https:\/\/www.facebook.com\/kuratoswitzerland\" \/>\n<meta property=\"article:modified_time\" content=\"2025-03-12T20:10:35+00:00\" \/>\n<meta property=\"og:image\" content=\"https:\/\/kurato.ch\/wp-content\/uploads\/2024\/06\/Eames-Armchair-DAR-mit-rotem-Polster-von-Vitra-vintage-secondhand-gebraucht-schweiz.jpg\" \/>\n\t<meta property=\"og:image:width\" content=\"800\" \/>\n\t<meta property=\"og:image:height\" content=\"800\" \/>\n\t<meta property=\"og:image:type\" content=\"image\/jpeg\" \/>\n<meta name=\"twitter:label1\" content=\"Dur\u00e9e de lecture estim\u00e9e\" \/>\n\t<meta name=\"twitter:data1\" content=\"1 minute\" \/>\n<script type=\"application\/ld+json\" class=\"yoast-schema-graph\">{\"@context\":\"https:\\\/\\\/schema.org\",\"@graph\":[{\"@type\":\"WebPage\",\"@id\":\"https:\\\/\\\/kurato.ch\\\/product\\\/eames-armchair-dar-mit-rotem-polster-von-vitra\\\/\",\"url\":\"https:\\\/\\\/kurato.ch\\\/product\\\/eames-armchair-dar-mit-rotem-polster-von-vitra\\\/\",\"name\":\"Eames Armchair DAR mit rotem Polster von Vitra | Vintage M\u00f6bel kaufen auf KURATO.CH\",\"isPartOf\":{\"@id\":\"https:\\\/\\\/kurato.ch\\\/#website\"},\"primaryImageOfPage\":{\"@id\":\"https:\\\/\\\/kurato.ch\\\/product\\\/eames-armchair-dar-mit-rotem-polster-von-vitra\\\/#primaryimage\"},\"image\":{\"@id\":\"https:\\\/\\\/kurato.ch\\\/product\\\/eames-armchair-dar-mit-rotem-polster-von-vitra\\\/#primaryimage\"},\"thumbnailUrl\":\"https:\\\/\\\/kurato.ch\\\/wp-content\\\/uploads\\\/2024\\\/06\\\/Eames-Armchair-DAR-mit-rotem-Polster-von-Vitra-vintage-secondhand-gebraucht-schweiz.jpg\",\"datePublished\":\"2024-06-25T05:11:47+00:00\",\"dateModified\":\"2025-03-12T20:10:35+00:00\",\"description\":\"Entdecke Vintage M\u00f6bel & Dekoration \u27a4 Eames Armchair DAR mit rotem Polster von Vitra auf Kurato. \u2713Lieferung Schweiz \u271314-Tage R\u00fcckgabe \u2713Secondhand Unikat\",\"breadcrumb\":{\"@id\":\"https:\\\/\\\/kurato.ch\\\/product\\\/eames-armchair-dar-mit-rotem-polster-von-vitra\\\/#breadcrumb\"},\"inLanguage\":\"fr-FR\",\"potentialAction\":[{\"@type\":\"ReadAction\",\"target\":[\"https:\\\/\\\/kurato.ch\\\/product\\\/eames-armchair-dar-mit-rotem-polster-von-vitra\\\/\"]}]},{\"@type\":\"ImageObject\",\"inLanguage\":\"fr-FR\",\"@id\":\"https:\\\/\\\/kurato.ch\\\/product\\\/eames-armchair-dar-mit-rotem-polster-von-vitra\\\/#primaryimage\",\"url\":\"https:\\\/\\\/kurato.ch\\\/wp-content\\\/uploads\\\/2024\\\/06\\\/Eames-Armchair-DAR-mit-rotem-Polster-von-Vitra-vintage-secondhand-gebraucht-schweiz.jpg\",\"contentUrl\":\"https:\\\/\\\/kurato.ch\\\/wp-content\\\/uploads\\\/2024\\\/06\\\/Eames-Armchair-DAR-mit-rotem-Polster-von-Vitra-vintage-secondhand-gebraucht-schweiz.jpg\",\"width\":800,\"height\":800,\"caption\":\"Eames Armchair DAR mit rotem Polster von Vitra\"},{\"@type\":\"BreadcrumbList\",\"@id\":\"https:\\\/\\\/kurato.ch\\\/product\\\/eames-armchair-dar-mit-rotem-polster-von-vitra\\\/#breadcrumb\",\"itemListElement\":[{\"@type\":\"ListItem\",\"position\":1,\"name\":\"Home\",\"item\":\"https:\\\/\\\/kurato.ch\\\/\"},{\"@type\":\"ListItem\",\"position\":2,\"name\":\"Neuheiten\",\"item\":\"https:\\\/\\\/kurato.ch\\\/neuheiten\\\/\"},{\"@type\":\"ListItem\",\"position\":3,\"name\":\"Eames Armchair DAR mit rotem Polster von Vitra\"}]},{\"@type\":\"WebSite\",\"@id\":\"https:\\\/\\\/kurato.ch\\\/#website\",\"url\":\"https:\\\/\\\/kurato.ch\\\/\",\"name\":\"Vintage M\u00f6bel &amp; Dekoration I Kurato\",\"description\":\"Vintage M\u00f6bel &amp; Dekoration I Kurato\",\"publisher\":{\"@id\":\"https:\\\/\\\/kurato.ch\\\/#organization\"},\"potentialAction\":[{\"@type\":\"SearchAction\",\"target\":{\"@type\":\"EntryPoint\",\"urlTemplate\":\"https:\\\/\\\/kurato.ch\\\/?s={search_term_string}\"},\"query-input\":{\"@type\":\"PropertyValueSpecification\",\"valueRequired\":true,\"valueName\":\"search_term_string\"}}],\"inLanguage\":\"fr-FR\"},{\"@type\":\"Organization\",\"@id\":\"https:\\\/\\\/kurato.ch\\\/#organization\",\"name\":\"Kurato.\",\"url\":\"https:\\\/\\\/kurato.ch\\\/\",\"logo\":{\"@type\":\"ImageObject\",\"inLanguage\":\"fr-FR\",\"@id\":\"https:\\\/\\\/kurato.ch\\\/#\\\/schema\\\/logo\\\/image\\\/\",\"url\":\"\",\"contentUrl\":\"\",\"caption\":\"Kurato.\"},\"image\":{\"@id\":\"https:\\\/\\\/kurato.ch\\\/#\\\/schema\\\/logo\\\/image\\\/\"},\"sameAs\":[\"https:\\\/\\\/www.facebook.com\\\/kuratoswitzerland\",\"https:\\\/\\\/www.instagram.com\\\/kurato.ch\\\/\",\"https:\\\/\\\/www.pinterest.ch\\\/kurato_ch\\\/_created\\\/\"]}]}<\/script>\n<!-- \/ Yoast SEO plugin. -->","yoast_head_json":{"title":"Eames Armchair DAR mit rotem Polster von Vitra | Vintage M\u00f6bel kaufen auf KURATO.CH","description":"Entdecke Vintage M\u00f6bel & Dekoration \u27a4 Eames Armchair DAR mit rotem Polster von Vitra auf Kurato. \u2713Lieferung Schweiz \u271314-Tage R\u00fcckgabe \u2713Secondhand Unikat","robots":{"index":"index","follow":"follow","max-snippet":"max-snippet:-1","max-image-preview":"max-image-preview:large","max-video-preview":"max-video-preview:-1"},"canonical":"https:\/\/kurato.ch\/fr\/product\/eames-armchair-dar-mit-rotem-polster-von-vitra\/","og_locale":"fr_FR","og_type":"article","og_title":"Eames Armchair DAR mit rotem Polster von Vitra | Vintage M\u00f6bel kaufen auf KURATO.CH","og_description":"Entdecke Vintage M\u00f6bel & Dekoration \u27a4 Eames Armchair DAR mit rotem Polster von Vitra auf Kurato. \u2713Lieferung Schweiz \u271314-Tage R\u00fcckgabe \u2713Secondhand Unikat","og_url":"https:\/\/kurato.ch\/fr\/product\/eames-armchair-dar-mit-rotem-polster-von-vitra\/","og_site_name":"Vintage M\u00f6bel &amp; Dekoration I Kurato","article_publisher":"https:\/\/www.facebook.com\/kuratoswitzerland","article_modified_time":"2025-03-12T20:10:35+00:00","og_image":[{"width":800,"height":800,"url":"https:\/\/kurato.ch\/wp-content\/uploads\/2024\/06\/Eames-Armchair-DAR-mit-rotem-Polster-von-Vitra-vintage-secondhand-gebraucht-schweiz.jpg","type":"image\/jpeg"}],"twitter_misc":{"Dur\u00e9e de lecture estim\u00e9e":"1 minute"},"schema":{"@context":"https:\/\/schema.org","@graph":[{"@type":"WebPage","@id":"https:\/\/kurato.ch\/product\/eames-armchair-dar-mit-rotem-polster-von-vitra\/","url":"https:\/\/kurato.ch\/product\/eames-armchair-dar-mit-rotem-polster-von-vitra\/","name":"Eames Armchair DAR mit rotem Polster von Vitra | Vintage M\u00f6bel kaufen auf KURATO.CH","isPartOf":{"@id":"https:\/\/kurato.ch\/#website"},"primaryImageOfPage":{"@id":"https:\/\/kurato.ch\/product\/eames-armchair-dar-mit-rotem-polster-von-vitra\/#primaryimage"},"image":{"@id":"https:\/\/kurato.ch\/product\/eames-armchair-dar-mit-rotem-polster-von-vitra\/#primaryimage"},"thumbnailUrl":"https:\/\/kurato.ch\/wp-content\/uploads\/2024\/06\/Eames-Armchair-DAR-mit-rotem-Polster-von-Vitra-vintage-secondhand-gebraucht-schweiz.jpg","datePublished":"2024-06-25T05:11:47+00:00","dateModified":"2025-03-12T20:10:35+00:00","description":"Entdecke Vintage M\u00f6bel & Dekoration \u27a4 Eames Armchair DAR mit rotem Polster von Vitra auf Kurato. \u2713Lieferung Schweiz \u271314-Tage R\u00fcckgabe \u2713Secondhand Unikat","breadcrumb":{"@id":"https:\/\/kurato.ch\/product\/eames-armchair-dar-mit-rotem-polster-von-vitra\/#breadcrumb"},"inLanguage":"fr-FR","potentialAction":[{"@type":"ReadAction","target":["https:\/\/kurato.ch\/product\/eames-armchair-dar-mit-rotem-polster-von-vitra\/"]}]},{"@type":"ImageObject","inLanguage":"fr-FR","@id":"https:\/\/kurato.ch\/product\/eames-armchair-dar-mit-rotem-polster-von-vitra\/#primaryimage","url":"https:\/\/kurato.ch\/wp-content\/uploads\/2024\/06\/Eames-Armchair-DAR-mit-rotem-Polster-von-Vitra-vintage-secondhand-gebraucht-schweiz.jpg","contentUrl":"https:\/\/kurato.ch\/wp-content\/uploads\/2024\/06\/Eames-Armchair-DAR-mit-rotem-Polster-von-Vitra-vintage-secondhand-gebraucht-schweiz.jpg","width":800,"height":800,"caption":"Eames Armchair DAR mit rotem Polster von Vitra"},{"@type":"BreadcrumbList","@id":"https:\/\/kurato.ch\/product\/eames-armchair-dar-mit-rotem-polster-von-vitra\/#breadcrumb","itemListElement":[{"@type":"ListItem","position":1,"name":"Home","item":"https:\/\/kurato.ch\/"},{"@type":"ListItem","position":2,"name":"Neuheiten","item":"https:\/\/kurato.ch\/neuheiten\/"},{"@type":"ListItem","position":3,"name":"Eames Armchair DAR mit rotem Polster von Vitra"}]},{"@type":"WebSite","@id":"https:\/\/kurato.ch\/#website","url":"https:\/\/kurato.ch\/","name":"Meubles vintage &amp; d\u00e9coration I Kurato","description":"Meubles vintage &amp; d\u00e9coration I Kurato","publisher":{"@id":"https:\/\/kurato.ch\/#organization"},"potentialAction":[{"@type":"SearchAction","target":{"@type":"EntryPoint","urlTemplate":"https:\/\/kurato.ch\/?s={search_term_string}"},"query-input":{"@type":"PropertyValueSpecification","valueRequired":true,"valueName":"search_term_string"}}],"inLanguage":"fr-FR"},{"@type":"Organization","@id":"https:\/\/kurato.ch\/#organization","name":"Kurato.","url":"https:\/\/kurato.ch\/","logo":{"@type":"ImageObject","inLanguage":"fr-FR","@id":"https:\/\/kurato.ch\/#\/schema\/logo\/image\/","url":"","contentUrl":"","caption":"Kurato."},"image":{"@id":"https:\/\/kurato.ch\/#\/schema\/logo\/image\/"},"sameAs":["https:\/\/www.facebook.com\/kuratoswitzerland","https:\/\/www.instagram.com\/kurato.ch\/","https:\/\/www.pinterest.ch\/kurato_ch\/_created\/"]}]}},"_links":{"self":[{"href":"https:\/\/kurato.ch\/fr\/wp-json\/wp\/v2\/product\/58327","targetHints":{"allow":["GET"]}}],"collection":[{"href":"https:\/\/kurato.ch\/fr\/wp-json\/wp\/v2\/product"}],"about":[{"href":"https:\/\/kurato.ch\/fr\/wp-json\/wp\/v2\/types\/product"}],"wp:featuredmedia":[{"embeddable":true,"href":"https:\/\/kurato.ch\/fr\/wp-json\/wp\/v2\/media\/58368"}],"wp:attachment":[{"href":"https:\/\/kurato.ch\/fr\/wp-json\/wp\/v2\/media?parent=58327"}],"wp:term":[{"taxonomy":"product_brand","embeddable":true,"href":"https:\/\/kurato.ch\/fr\/wp-json\/wp\/v2\/product_brand?post=58327"},{"taxonomy":"product_cat","embeddable":true,"href":"https:\/\/kurato.ch\/fr\/wp-json\/wp\/v2\/product_cat?post=58327"},{"taxonomy":"product_tag","embeddable":true,"href":"https:\/\/kurato.ch\/fr\/wp-json\/wp\/v2\/product_tag?post=58327"}],"curies":[{"name":"wp","href":"https:\/\/api.w.org\/{rel}","templated":true}]}}