{"id":58523,"date":"2024-07-01T22:31:19","date_gmt":"2024-07-01T20:31:19","guid":{"rendered":"https:\/\/kurato.ch\/?post_type=product&#038;p=58523"},"modified":"2024-07-01T22:31:19","modified_gmt":"2024-07-01T20:31:19","slug":"ovaler-esstisch-aus-eiche-von-conan","status":"publish","type":"product","link":"https:\/\/kurato.ch\/fr\/product\/ovaler-esstisch-aus-eiche-von-conan\/","title":{"rendered":"Ovaler Esstisch aus Eiche von Conan"},"content":{"rendered":"<p>Ovaler Esstisch aus Eiche von Conan<\/p>\n<p>Dieser Esstisch von Conan Collection verk\u00f6rpert Eleganz und Funktionalit\u00e4t in einem zeitlosen Design. Mit seiner grossz\u00fcgigen ovalen Form und hochwertigen Materialien ist er eine Bereicherung f\u00fcr jedes Esszimmer.<\/p>\n<p>Der Esstisch besticht durch sein markantes Design und seine vielseitige Verwendbarkeit. Die Furnierholzplatte in Sonnenstrahl-Optik verleiht dem Tisch eine glamour\u00f6se Note, w\u00e4hrend das dynamische Design des zentralen Beins ihm eine skulpturale \u00c4sthetik verleiht. Die soliden Holzbeine sorgen f\u00fcr Stabilit\u00e4t und eine robuste Konstruktion, die f\u00fcr den t\u00e4glichen Gebrauch ausgelegt ist.<\/p>\n<p>Zustand: Der Tisch zeigt Gebrauchsspuren, insbesondere einige Flecken auf der Platte. Dennoch ist der Tisch stabil und in gutem Zustand, ohne Wackeln oder strukturelle Probleme.<\/p>\n<p>Masse: L190 x B110 x H74 cm<\/p>\n<p>Preis:\u00a0281 -CHF.<\/p>\n<p>&#8211; Abholung in Z\u00fcrich nach Terminvereinbarung.<br \/>&#8211; Lieferung schweizweit m\u00f6glich! Frage einfach nach dem Preis, der sich je nach Entfernung berechnet.<\/p>","protected":false},"excerpt":{"rendered":"<p>Ovaler Esstisch aus Eiche von Conan Dieser Esstisch von Conan Collection verk\u00f6rpert Eleganz und Funktionalit\u00e4t in einem zeitlosen Design. Mit seiner grossz\u00fcgigen ovalen Form und hochwertigen Materialien ist er eine Bereicherung f\u00fcr jedes Esszimmer. Der Esstisch besticht durch sein markantes Design und seine vielseitige Verwendbarkeit. Die Furnierholzplatte in Sonnenstrahl-Optik verleiht dem Tisch eine glamour\u00f6se Note, [&hellip;]<\/p>\n","protected":false},"featured_media":58923,"template":"","meta":{"_acf_changed":false,"site-sidebar-layout":"default","site-content-layout":"","ast-site-content-layout":"default","site-content-style":"default","site-sidebar-style":"default","ast-global-header-display":"","ast-banner-title-visibility":"","ast-main-header-display":"","ast-hfb-above-header-display":"","ast-hfb-below-header-display":"","ast-hfb-mobile-header-display":"","site-post-title":"","ast-breadcrumbs-content":"","ast-featured-img":"","footer-sml-layout":"","ast-disable-related-posts":"","theme-transparent-header-meta":"","adv-header-id-meta":"","stick-header-meta":"","header-above-stick-meta":"","header-main-stick-meta":"","header-below-stick-meta":"","astra-migrate-meta-layouts":"default","ast-page-background-enabled":"default","ast-page-background-meta":{"desktop":{"background-color":"","background-image":"","background-repeat":"repeat","background-position":"center center","background-size":"auto","background-attachment":"scroll","background-type":"","background-media":"","overlay-type":"","overlay-color":"","overlay-opacity":"","overlay-gradient":""},"tablet":{"background-color":"","background-image":"","background-repeat":"repeat","background-position":"center center","background-size":"auto","background-attachment":"scroll","background-type":"","background-media":"","overlay-type":"","overlay-color":"","overlay-opacity":"","overlay-gradient":""},"mobile":{"background-color":"","background-image":"","background-repeat":"repeat","background-position":"center center","background-size":"auto","background-attachment":"scroll","background-type":"","background-media":"","overlay-type":"","overlay-color":"","overlay-opacity":"","overlay-gradient":""}},"ast-content-background-meta":{"desktop":{"background-color":"var(--ast-global-color-5)","background-image":"","background-repeat":"repeat","background-position":"center center","background-size":"auto","background-attachment":"scroll","background-type":"","background-media":"","overlay-type":"","overlay-color":"","overlay-opacity":"","overlay-gradient":""},"tablet":{"background-color":"var(--ast-global-color-5)","background-image":"","background-repeat":"repeat","background-position":"center center","background-size":"auto","background-attachment":"scroll","background-type":"","background-media":"","overlay-type":"","overlay-color":"","overlay-opacity":"","overlay-gradient":""},"mobile":{"background-color":"var(--ast-global-color-5)","background-image":"","background-repeat":"repeat","background-position":"center center","background-size":"auto","background-attachment":"scroll","background-type":"","background-media":"","overlay-type":"","overlay-color":"","overlay-opacity":"","overlay-gradient":""}}},"product_brand":[],"product_cat":[168],"product_tag":[],"class_list":{"0":"post-58523","1":"product","2":"type-product","3":"status-publish","4":"has-post-thumbnail","6":"product_cat-vintage-esstisch","7":"pa_farbe-braun","8":"pa_farbe-gelb","9":"pa_material-holz","10":"pa_stil-design","11":"pa_stil-skandinavisch-mid-century","12":"desktop-align-left","13":"tablet-align-left","14":"mobile-align-left","16":"first","17":"instock","18":"sold-individually","19":"shipping-taxable","20":"purchasable","21":"product-type-simple"},"acf":[],"yoast_head":"<!-- This site is optimized with the Yoast SEO plugin v27.3 - https:\/\/yoast.com\/product\/yoast-seo-wordpress\/ -->\n<title>Ovaler Esstisch aus Eiche von Conan | Vintage M\u00f6bel kaufen auf KURATO.CH<\/title>\n<meta name=\"description\" content=\"Entdecke Vintage M\u00f6bel &amp; Dekoration \u27a4 Ovaler Esstisch aus Eiche von Conan auf Kurato. \u2713Lieferung Schweiz \u271314-Tage R\u00fcckgabe \u2713Secondhand Unikat\" \/>\n<meta name=\"robots\" content=\"index, follow, max-snippet:-1, max-image-preview:large, max-video-preview:-1\" \/>\n<link rel=\"canonical\" href=\"https:\/\/kurato.ch\/fr\/product\/ovaler-esstisch-aus-eiche-von-conan\/\" \/>\n<meta property=\"og:locale\" content=\"fr_FR\" \/>\n<meta property=\"og:type\" content=\"article\" \/>\n<meta property=\"og:title\" content=\"Ovaler Esstisch aus Eiche von Conan | Vintage M\u00f6bel kaufen auf KURATO.CH\" \/>\n<meta property=\"og:description\" content=\"Entdecke Vintage M\u00f6bel &amp; Dekoration \u27a4 Ovaler Esstisch aus Eiche von Conan auf Kurato. \u2713Lieferung Schweiz \u271314-Tage R\u00fcckgabe \u2713Secondhand Unikat\" \/>\n<meta property=\"og:url\" content=\"https:\/\/kurato.ch\/fr\/product\/ovaler-esstisch-aus-eiche-von-conan\/\" \/>\n<meta property=\"og:site_name\" content=\"Vintage M\u00f6bel &amp; Dekoration I Kurato\" \/>\n<meta property=\"article:publisher\" content=\"https:\/\/www.facebook.com\/kuratoswitzerland\" \/>\n<meta property=\"og:image\" content=\"https:\/\/kurato.ch\/wp-content\/uploads\/2024\/07\/Ovaler-Esstisch-aus-Eiche-von-Conanvintage-secondhand-gebraucht-schweiz-2.jpg\" \/>\n\t<meta property=\"og:image:width\" content=\"800\" \/>\n\t<meta property=\"og:image:height\" content=\"800\" \/>\n\t<meta property=\"og:image:type\" content=\"image\/jpeg\" \/>\n<meta name=\"twitter:label1\" content=\"Dur\u00e9e de lecture estim\u00e9e\" \/>\n\t<meta name=\"twitter:data1\" content=\"1 minute\" \/>\n<script type=\"application\/ld+json\" class=\"yoast-schema-graph\">{\"@context\":\"https:\\\/\\\/schema.org\",\"@graph\":[{\"@type\":\"WebPage\",\"@id\":\"https:\\\/\\\/kurato.ch\\\/product\\\/ovaler-esstisch-aus-eiche-von-conan\\\/\",\"url\":\"https:\\\/\\\/kurato.ch\\\/product\\\/ovaler-esstisch-aus-eiche-von-conan\\\/\",\"name\":\"Ovaler Esstisch aus Eiche von Conan | Vintage M\u00f6bel kaufen auf KURATO.CH\",\"isPartOf\":{\"@id\":\"https:\\\/\\\/kurato.ch\\\/#website\"},\"primaryImageOfPage\":{\"@id\":\"https:\\\/\\\/kurato.ch\\\/product\\\/ovaler-esstisch-aus-eiche-von-conan\\\/#primaryimage\"},\"image\":{\"@id\":\"https:\\\/\\\/kurato.ch\\\/product\\\/ovaler-esstisch-aus-eiche-von-conan\\\/#primaryimage\"},\"thumbnailUrl\":\"https:\\\/\\\/kurato.ch\\\/wp-content\\\/uploads\\\/2024\\\/07\\\/Ovaler-Esstisch-aus-Eiche-von-Conanvintage-secondhand-gebraucht-schweiz-2.jpg\",\"datePublished\":\"2024-07-01T20:31:19+00:00\",\"description\":\"Entdecke Vintage M\u00f6bel & Dekoration \u27a4 Ovaler Esstisch aus Eiche von Conan auf Kurato. \u2713Lieferung Schweiz \u271314-Tage R\u00fcckgabe \u2713Secondhand Unikat\",\"breadcrumb\":{\"@id\":\"https:\\\/\\\/kurato.ch\\\/product\\\/ovaler-esstisch-aus-eiche-von-conan\\\/#breadcrumb\"},\"inLanguage\":\"fr-FR\",\"potentialAction\":[{\"@type\":\"ReadAction\",\"target\":[\"https:\\\/\\\/kurato.ch\\\/product\\\/ovaler-esstisch-aus-eiche-von-conan\\\/\"]}]},{\"@type\":\"ImageObject\",\"inLanguage\":\"fr-FR\",\"@id\":\"https:\\\/\\\/kurato.ch\\\/product\\\/ovaler-esstisch-aus-eiche-von-conan\\\/#primaryimage\",\"url\":\"https:\\\/\\\/kurato.ch\\\/wp-content\\\/uploads\\\/2024\\\/07\\\/Ovaler-Esstisch-aus-Eiche-von-Conanvintage-secondhand-gebraucht-schweiz-2.jpg\",\"contentUrl\":\"https:\\\/\\\/kurato.ch\\\/wp-content\\\/uploads\\\/2024\\\/07\\\/Ovaler-Esstisch-aus-Eiche-von-Conanvintage-secondhand-gebraucht-schweiz-2.jpg\",\"width\":800,\"height\":800,\"caption\":\"Ovaler-Esstisch-aus-Eiche-von-Conan\"},{\"@type\":\"BreadcrumbList\",\"@id\":\"https:\\\/\\\/kurato.ch\\\/product\\\/ovaler-esstisch-aus-eiche-von-conan\\\/#breadcrumb\",\"itemListElement\":[{\"@type\":\"ListItem\",\"position\":1,\"name\":\"Home\",\"item\":\"https:\\\/\\\/kurato.ch\\\/\"},{\"@type\":\"ListItem\",\"position\":2,\"name\":\"Neuheiten\",\"item\":\"https:\\\/\\\/kurato.ch\\\/neuheiten\\\/\"},{\"@type\":\"ListItem\",\"position\":3,\"name\":\"Ovaler Esstisch aus Eiche von Conan\"}]},{\"@type\":\"WebSite\",\"@id\":\"https:\\\/\\\/kurato.ch\\\/#website\",\"url\":\"https:\\\/\\\/kurato.ch\\\/\",\"name\":\"Vintage M\u00f6bel &amp; Dekoration I Kurato\",\"description\":\"Vintage M\u00f6bel &amp; Dekoration I Kurato\",\"publisher\":{\"@id\":\"https:\\\/\\\/kurato.ch\\\/#organization\"},\"potentialAction\":[{\"@type\":\"SearchAction\",\"target\":{\"@type\":\"EntryPoint\",\"urlTemplate\":\"https:\\\/\\\/kurato.ch\\\/?s={search_term_string}\"},\"query-input\":{\"@type\":\"PropertyValueSpecification\",\"valueRequired\":true,\"valueName\":\"search_term_string\"}}],\"inLanguage\":\"fr-FR\"},{\"@type\":\"Organization\",\"@id\":\"https:\\\/\\\/kurato.ch\\\/#organization\",\"name\":\"Kurato.\",\"url\":\"https:\\\/\\\/kurato.ch\\\/\",\"logo\":{\"@type\":\"ImageObject\",\"inLanguage\":\"fr-FR\",\"@id\":\"https:\\\/\\\/kurato.ch\\\/#\\\/schema\\\/logo\\\/image\\\/\",\"url\":\"\",\"contentUrl\":\"\",\"caption\":\"Kurato.\"},\"image\":{\"@id\":\"https:\\\/\\\/kurato.ch\\\/#\\\/schema\\\/logo\\\/image\\\/\"},\"sameAs\":[\"https:\\\/\\\/www.facebook.com\\\/kuratoswitzerland\",\"https:\\\/\\\/www.instagram.com\\\/kurato.ch\\\/\",\"https:\\\/\\\/www.pinterest.ch\\\/kurato_ch\\\/_created\\\/\"]}]}<\/script>\n<!-- \/ Yoast SEO plugin. -->","yoast_head_json":{"title":"Ovaler Esstisch aus Eiche von Conan | Vintage M\u00f6bel kaufen auf KURATO.CH","description":"Entdecke Vintage M\u00f6bel & Dekoration \u27a4 Ovaler Esstisch aus Eiche von Conan auf Kurato. \u2713Lieferung Schweiz \u271314-Tage R\u00fcckgabe \u2713Secondhand Unikat","robots":{"index":"index","follow":"follow","max-snippet":"max-snippet:-1","max-image-preview":"max-image-preview:large","max-video-preview":"max-video-preview:-1"},"canonical":"https:\/\/kurato.ch\/fr\/product\/ovaler-esstisch-aus-eiche-von-conan\/","og_locale":"fr_FR","og_type":"article","og_title":"Ovaler Esstisch aus Eiche von Conan | Vintage M\u00f6bel kaufen auf KURATO.CH","og_description":"Entdecke Vintage M\u00f6bel & Dekoration \u27a4 Ovaler Esstisch aus Eiche von Conan auf Kurato. \u2713Lieferung Schweiz \u271314-Tage R\u00fcckgabe \u2713Secondhand Unikat","og_url":"https:\/\/kurato.ch\/fr\/product\/ovaler-esstisch-aus-eiche-von-conan\/","og_site_name":"Vintage M\u00f6bel &amp; Dekoration I Kurato","article_publisher":"https:\/\/www.facebook.com\/kuratoswitzerland","og_image":[{"width":800,"height":800,"url":"https:\/\/kurato.ch\/wp-content\/uploads\/2024\/07\/Ovaler-Esstisch-aus-Eiche-von-Conanvintage-secondhand-gebraucht-schweiz-2.jpg","type":"image\/jpeg"}],"twitter_misc":{"Dur\u00e9e de lecture estim\u00e9e":"1 minute"},"schema":{"@context":"https:\/\/schema.org","@graph":[{"@type":"WebPage","@id":"https:\/\/kurato.ch\/product\/ovaler-esstisch-aus-eiche-von-conan\/","url":"https:\/\/kurato.ch\/product\/ovaler-esstisch-aus-eiche-von-conan\/","name":"Ovaler Esstisch aus Eiche von Conan | Vintage M\u00f6bel kaufen auf KURATO.CH","isPartOf":{"@id":"https:\/\/kurato.ch\/#website"},"primaryImageOfPage":{"@id":"https:\/\/kurato.ch\/product\/ovaler-esstisch-aus-eiche-von-conan\/#primaryimage"},"image":{"@id":"https:\/\/kurato.ch\/product\/ovaler-esstisch-aus-eiche-von-conan\/#primaryimage"},"thumbnailUrl":"https:\/\/kurato.ch\/wp-content\/uploads\/2024\/07\/Ovaler-Esstisch-aus-Eiche-von-Conanvintage-secondhand-gebraucht-schweiz-2.jpg","datePublished":"2024-07-01T20:31:19+00:00","description":"Entdecke Vintage M\u00f6bel & Dekoration \u27a4 Ovaler Esstisch aus Eiche von Conan auf Kurato. \u2713Lieferung Schweiz \u271314-Tage R\u00fcckgabe \u2713Secondhand Unikat","breadcrumb":{"@id":"https:\/\/kurato.ch\/product\/ovaler-esstisch-aus-eiche-von-conan\/#breadcrumb"},"inLanguage":"fr-FR","potentialAction":[{"@type":"ReadAction","target":["https:\/\/kurato.ch\/product\/ovaler-esstisch-aus-eiche-von-conan\/"]}]},{"@type":"ImageObject","inLanguage":"fr-FR","@id":"https:\/\/kurato.ch\/product\/ovaler-esstisch-aus-eiche-von-conan\/#primaryimage","url":"https:\/\/kurato.ch\/wp-content\/uploads\/2024\/07\/Ovaler-Esstisch-aus-Eiche-von-Conanvintage-secondhand-gebraucht-schweiz-2.jpg","contentUrl":"https:\/\/kurato.ch\/wp-content\/uploads\/2024\/07\/Ovaler-Esstisch-aus-Eiche-von-Conanvintage-secondhand-gebraucht-schweiz-2.jpg","width":800,"height":800,"caption":"Ovaler-Esstisch-aus-Eiche-von-Conan"},{"@type":"BreadcrumbList","@id":"https:\/\/kurato.ch\/product\/ovaler-esstisch-aus-eiche-von-conan\/#breadcrumb","itemListElement":[{"@type":"ListItem","position":1,"name":"Home","item":"https:\/\/kurato.ch\/"},{"@type":"ListItem","position":2,"name":"Neuheiten","item":"https:\/\/kurato.ch\/neuheiten\/"},{"@type":"ListItem","position":3,"name":"Ovaler Esstisch aus Eiche von Conan"}]},{"@type":"WebSite","@id":"https:\/\/kurato.ch\/#website","url":"https:\/\/kurato.ch\/","name":"Meubles vintage &amp; d\u00e9coration I Kurato","description":"Meubles vintage &amp; d\u00e9coration I Kurato","publisher":{"@id":"https:\/\/kurato.ch\/#organization"},"potentialAction":[{"@type":"SearchAction","target":{"@type":"EntryPoint","urlTemplate":"https:\/\/kurato.ch\/?s={search_term_string}"},"query-input":{"@type":"PropertyValueSpecification","valueRequired":true,"valueName":"search_term_string"}}],"inLanguage":"fr-FR"},{"@type":"Organization","@id":"https:\/\/kurato.ch\/#organization","name":"Kurato.","url":"https:\/\/kurato.ch\/","logo":{"@type":"ImageObject","inLanguage":"fr-FR","@id":"https:\/\/kurato.ch\/#\/schema\/logo\/image\/","url":"","contentUrl":"","caption":"Kurato."},"image":{"@id":"https:\/\/kurato.ch\/#\/schema\/logo\/image\/"},"sameAs":["https:\/\/www.facebook.com\/kuratoswitzerland","https:\/\/www.instagram.com\/kurato.ch\/","https:\/\/www.pinterest.ch\/kurato_ch\/_created\/"]}]}},"_links":{"self":[{"href":"https:\/\/kurato.ch\/fr\/wp-json\/wp\/v2\/product\/58523","targetHints":{"allow":["GET"]}}],"collection":[{"href":"https:\/\/kurato.ch\/fr\/wp-json\/wp\/v2\/product"}],"about":[{"href":"https:\/\/kurato.ch\/fr\/wp-json\/wp\/v2\/types\/product"}],"wp:featuredmedia":[{"embeddable":true,"href":"https:\/\/kurato.ch\/fr\/wp-json\/wp\/v2\/media\/58923"}],"wp:attachment":[{"href":"https:\/\/kurato.ch\/fr\/wp-json\/wp\/v2\/media?parent=58523"}],"wp:term":[{"taxonomy":"product_brand","embeddable":true,"href":"https:\/\/kurato.ch\/fr\/wp-json\/wp\/v2\/product_brand?post=58523"},{"taxonomy":"product_cat","embeddable":true,"href":"https:\/\/kurato.ch\/fr\/wp-json\/wp\/v2\/product_cat?post=58523"},{"taxonomy":"product_tag","embeddable":true,"href":"https:\/\/kurato.ch\/fr\/wp-json\/wp\/v2\/product_tag?post=58523"}],"curies":[{"name":"wp","href":"https:\/\/api.w.org\/{rel}","templated":true}]}}