{"id":60171,"date":"2024-07-23T18:14:06","date_gmt":"2024-07-23T16:14:06","guid":{"rendered":"https:\/\/kurato.ch\/?post_type=product&#038;p=60171"},"modified":"2024-07-23T18:14:06","modified_gmt":"2024-07-23T16:14:06","slug":"sessel-proud-to-be-woman-ikea-vintage","status":"publish","type":"product","link":"https:\/\/kurato.ch\/fr\/product\/sessel-proud-to-be-woman-ikea-vintage\/","title":{"rendered":"Sessel \u201cPROUD TO BE WOMAN\u201d IKEA Vintage"},"content":{"rendered":"<p>\u201cPROUD TO BE WOMAN\u201d ist ein vintage Ikea Sessel, den wir vor dem M\u00fcll gerettet haben. Mit dem neuen Bezug und dem aufgefrischten Gestell ist der Sessel wieder bereit f\u00fcr ein Zuhause.<\/p>\n<p>Mit dem neuen Erscheinungsbild, der knalligen Farbe und der politischen Message, passt \u201cPROUD TO BE WOMAN\u201d gro\u00dfartig in eine moderne Wohnung f\u00fcr progressiv denkende Menschen. Auf unserem selbst kreierten Stoff w\u00fcrdigen wir starke Frauen. Malala Yousafzai, Rosa Parks, Emmeline Pankhurst &amp; Rigoberta Mench\u00fa Tum.<\/p>\n<p>Masse:\u00a0 L\u00e4nge 62 cm\u00a0 Breite 85 cm H\u00f6he 67 cm<\/p>\n<p>Preis:\u00a0 CHF 680.00<\/p>","protected":false},"excerpt":{"rendered":"<p>\u201cPROUD TO BE WOMAN\u201d ist ein vintage Ikea Sessel, den wir vor dem M\u00fcll gerettet haben. Mit dem neuen Bezug und dem aufgefrischten Gestell ist der Sessel wieder bereit f\u00fcr ein Zuhause. Mit dem neuen Erscheinungsbild, der knalligen Farbe und der politischen Message, passt \u201cPROUD TO BE WOMAN\u201d gro\u00dfartig in eine moderne Wohnung f\u00fcr progressiv [&hellip;]<\/p>\n","protected":false},"featured_media":60184,"template":"","meta":{"_acf_changed":false,"site-sidebar-layout":"default","site-content-layout":"","ast-site-content-layout":"default","site-content-style":"default","site-sidebar-style":"default","ast-global-header-display":"","ast-banner-title-visibility":"","ast-main-header-display":"","ast-hfb-above-header-display":"","ast-hfb-below-header-display":"","ast-hfb-mobile-header-display":"","site-post-title":"","ast-breadcrumbs-content":"","ast-featured-img":"","footer-sml-layout":"","ast-disable-related-posts":"","theme-transparent-header-meta":"","adv-header-id-meta":"","stick-header-meta":"","header-above-stick-meta":"","header-main-stick-meta":"","header-below-stick-meta":"","astra-migrate-meta-layouts":"default","ast-page-background-enabled":"default","ast-page-background-meta":{"desktop":{"background-color":"","background-image":"","background-repeat":"repeat","background-position":"center center","background-size":"auto","background-attachment":"scroll","background-type":"","background-media":"","overlay-type":"","overlay-color":"","overlay-opacity":"","overlay-gradient":""},"tablet":{"background-color":"","background-image":"","background-repeat":"repeat","background-position":"center center","background-size":"auto","background-attachment":"scroll","background-type":"","background-media":"","overlay-type":"","overlay-color":"","overlay-opacity":"","overlay-gradient":""},"mobile":{"background-color":"","background-image":"","background-repeat":"repeat","background-position":"center center","background-size":"auto","background-attachment":"scroll","background-type":"","background-media":"","overlay-type":"","overlay-color":"","overlay-opacity":"","overlay-gradient":""}},"ast-content-background-meta":{"desktop":{"background-color":"var(--ast-global-color-5)","background-image":"","background-repeat":"repeat","background-position":"center center","background-size":"auto","background-attachment":"scroll","background-type":"","background-media":"","overlay-type":"","overlay-color":"","overlay-opacity":"","overlay-gradient":""},"tablet":{"background-color":"var(--ast-global-color-5)","background-image":"","background-repeat":"repeat","background-position":"center center","background-size":"auto","background-attachment":"scroll","background-type":"","background-media":"","overlay-type":"","overlay-color":"","overlay-opacity":"","overlay-gradient":""},"mobile":{"background-color":"var(--ast-global-color-5)","background-image":"","background-repeat":"repeat","background-position":"center center","background-size":"auto","background-attachment":"scroll","background-type":"","background-media":"","overlay-type":"","overlay-color":"","overlay-opacity":"","overlay-gradient":""}}},"product_brand":[],"product_cat":[152],"product_tag":[],"class_list":{"0":"post-60171","1":"product","2":"type-product","3":"status-publish","4":"has-post-thumbnail","6":"product_cat-vintage-sessel-liege","7":"pa_designer-ikea","8":"pa_farbe-blau","9":"pa_farbe-weiss","10":"pa_material-metall","11":"pa_material-stoff","12":"pa_stil-design","13":"pa_stil-vintage","14":"desktop-align-left","15":"tablet-align-left","16":"mobile-align-left","18":"first","19":"instock","20":"sold-individually","21":"shipping-taxable","22":"purchasable","23":"product-type-simple"},"acf":[],"yoast_head":"<!-- This site is optimized with the Yoast SEO plugin v27.5 - https:\/\/yoast.com\/product\/yoast-seo-wordpress\/ -->\n<title>Sessel \u201cPROUD TO BE WOMAN\u201d IKEA Vintage | Vintage M\u00f6bel kaufen auf KURATO.CH<\/title>\n<meta name=\"description\" content=\"Entdecke Vintage M\u00f6bel &amp; Dekoration \u27a4 Sessel \u201cPROUD TO BE WOMAN\u201d IKEA Vintage auf Kurato. \u2713Lieferung Schweiz \u271314-Tage R\u00fcckgabe \u2713Secondhand Unikat\" \/>\n<meta name=\"robots\" content=\"index, follow, max-snippet:-1, max-image-preview:large, max-video-preview:-1\" \/>\n<link rel=\"canonical\" href=\"https:\/\/kurato.ch\/fr\/product\/sessel-proud-to-be-woman-ikea-vintage\/\" \/>\n<meta property=\"og:locale\" content=\"fr_FR\" \/>\n<meta property=\"og:type\" content=\"article\" \/>\n<meta property=\"og:title\" content=\"Sessel \u201cPROUD TO BE WOMAN\u201d IKEA Vintage | Vintage M\u00f6bel kaufen auf KURATO.CH\" \/>\n<meta property=\"og:description\" content=\"Entdecke Vintage M\u00f6bel &amp; Dekoration \u27a4 Sessel \u201cPROUD TO BE WOMAN\u201d IKEA Vintage auf Kurato. \u2713Lieferung Schweiz \u271314-Tage R\u00fcckgabe \u2713Secondhand Unikat\" \/>\n<meta property=\"og:url\" content=\"https:\/\/kurato.ch\/fr\/product\/sessel-proud-to-be-woman-ikea-vintage\/\" \/>\n<meta property=\"og:site_name\" content=\"Vintage M\u00f6bel &amp; Dekoration I Kurato\" \/>\n<meta property=\"article:publisher\" content=\"https:\/\/www.facebook.com\/kuratoswitzerland\" \/>\n<meta property=\"og:image\" content=\"https:\/\/kurato.ch\/wp-content\/uploads\/2024\/07\/Sessel-PROUD-TO-BE-WOMAN-IKEA-Vintage-vintage-secondhand-gebraucht-schweiz-5.jpg\" \/>\n\t<meta property=\"og:image:width\" content=\"800\" \/>\n\t<meta property=\"og:image:height\" content=\"800\" \/>\n\t<meta property=\"og:image:type\" content=\"image\/jpeg\" \/>\n<script type=\"application\/ld+json\" class=\"yoast-schema-graph\">{\"@context\":\"https:\\\/\\\/schema.org\",\"@graph\":[{\"@type\":\"WebPage\",\"@id\":\"https:\\\/\\\/kurato.ch\\\/product\\\/sessel-proud-to-be-woman-ikea-vintage\\\/\",\"url\":\"https:\\\/\\\/kurato.ch\\\/product\\\/sessel-proud-to-be-woman-ikea-vintage\\\/\",\"name\":\"Sessel \u201cPROUD TO BE WOMAN\u201d IKEA Vintage | Vintage M\u00f6bel kaufen auf KURATO.CH\",\"isPartOf\":{\"@id\":\"https:\\\/\\\/kurato.ch\\\/#website\"},\"primaryImageOfPage\":{\"@id\":\"https:\\\/\\\/kurato.ch\\\/product\\\/sessel-proud-to-be-woman-ikea-vintage\\\/#primaryimage\"},\"image\":{\"@id\":\"https:\\\/\\\/kurato.ch\\\/product\\\/sessel-proud-to-be-woman-ikea-vintage\\\/#primaryimage\"},\"thumbnailUrl\":\"https:\\\/\\\/kurato.ch\\\/wp-content\\\/uploads\\\/2024\\\/07\\\/Sessel-PROUD-TO-BE-WOMAN-IKEA-Vintage-vintage-secondhand-gebraucht-schweiz-5.jpg\",\"datePublished\":\"2024-07-23T16:14:06+00:00\",\"description\":\"Entdecke Vintage M\u00f6bel & Dekoration \u27a4 Sessel \u201cPROUD TO BE WOMAN\u201d IKEA Vintage auf Kurato. \u2713Lieferung Schweiz \u271314-Tage R\u00fcckgabe \u2713Secondhand Unikat\",\"breadcrumb\":{\"@id\":\"https:\\\/\\\/kurato.ch\\\/product\\\/sessel-proud-to-be-woman-ikea-vintage\\\/#breadcrumb\"},\"inLanguage\":\"fr-FR\",\"potentialAction\":[{\"@type\":\"ReadAction\",\"target\":[\"https:\\\/\\\/kurato.ch\\\/product\\\/sessel-proud-to-be-woman-ikea-vintage\\\/\"]}]},{\"@type\":\"ImageObject\",\"inLanguage\":\"fr-FR\",\"@id\":\"https:\\\/\\\/kurato.ch\\\/product\\\/sessel-proud-to-be-woman-ikea-vintage\\\/#primaryimage\",\"url\":\"https:\\\/\\\/kurato.ch\\\/wp-content\\\/uploads\\\/2024\\\/07\\\/Sessel-PROUD-TO-BE-WOMAN-IKEA-Vintage-vintage-secondhand-gebraucht-schweiz-5.jpg\",\"contentUrl\":\"https:\\\/\\\/kurato.ch\\\/wp-content\\\/uploads\\\/2024\\\/07\\\/Sessel-PROUD-TO-BE-WOMAN-IKEA-Vintage-vintage-secondhand-gebraucht-schweiz-5.jpg\",\"width\":800,\"height\":800,\"caption\":\"Sessel \u201cPROUD TO BE WOMAN\u201d IKEA Vintage\"},{\"@type\":\"BreadcrumbList\",\"@id\":\"https:\\\/\\\/kurato.ch\\\/product\\\/sessel-proud-to-be-woman-ikea-vintage\\\/#breadcrumb\",\"itemListElement\":[{\"@type\":\"ListItem\",\"position\":1,\"name\":\"Home\",\"item\":\"https:\\\/\\\/kurato.ch\\\/\"},{\"@type\":\"ListItem\",\"position\":2,\"name\":\"Neuheiten\",\"item\":\"https:\\\/\\\/kurato.ch\\\/neuheiten\\\/\"},{\"@type\":\"ListItem\",\"position\":3,\"name\":\"Sessel \u201cPROUD TO BE WOMAN\u201d IKEA Vintage\"}]},{\"@type\":\"WebSite\",\"@id\":\"https:\\\/\\\/kurato.ch\\\/#website\",\"url\":\"https:\\\/\\\/kurato.ch\\\/\",\"name\":\"Vintage M\u00f6bel &amp; Dekoration I Kurato\",\"description\":\"Vintage M\u00f6bel &amp; Dekoration I Kurato\",\"publisher\":{\"@id\":\"https:\\\/\\\/kurato.ch\\\/#organization\"},\"potentialAction\":[{\"@type\":\"SearchAction\",\"target\":{\"@type\":\"EntryPoint\",\"urlTemplate\":\"https:\\\/\\\/kurato.ch\\\/?s={search_term_string}\"},\"query-input\":{\"@type\":\"PropertyValueSpecification\",\"valueRequired\":true,\"valueName\":\"search_term_string\"}}],\"inLanguage\":\"fr-FR\"},{\"@type\":\"Organization\",\"@id\":\"https:\\\/\\\/kurato.ch\\\/#organization\",\"name\":\"Kurato.\",\"url\":\"https:\\\/\\\/kurato.ch\\\/\",\"logo\":{\"@type\":\"ImageObject\",\"inLanguage\":\"fr-FR\",\"@id\":\"https:\\\/\\\/kurato.ch\\\/#\\\/schema\\\/logo\\\/image\\\/\",\"url\":\"\",\"contentUrl\":\"\",\"caption\":\"Kurato.\"},\"image\":{\"@id\":\"https:\\\/\\\/kurato.ch\\\/#\\\/schema\\\/logo\\\/image\\\/\"},\"sameAs\":[\"https:\\\/\\\/www.facebook.com\\\/kuratoswitzerland\",\"https:\\\/\\\/www.instagram.com\\\/kurato.ch\\\/\",\"https:\\\/\\\/www.pinterest.ch\\\/kurato_ch\\\/_created\\\/\"]}]}<\/script>\n<!-- \/ Yoast SEO plugin. -->","yoast_head_json":{"title":"Sessel \u201cPROUD TO BE WOMAN\u201d IKEA Vintage | Vintage M\u00f6bel kaufen auf KURATO.CH","description":"Entdecke Vintage M\u00f6bel & Dekoration \u27a4 Sessel \u201cPROUD TO BE WOMAN\u201d IKEA Vintage auf Kurato. \u2713Lieferung Schweiz \u271314-Tage R\u00fcckgabe \u2713Secondhand Unikat","robots":{"index":"index","follow":"follow","max-snippet":"max-snippet:-1","max-image-preview":"max-image-preview:large","max-video-preview":"max-video-preview:-1"},"canonical":"https:\/\/kurato.ch\/fr\/product\/sessel-proud-to-be-woman-ikea-vintage\/","og_locale":"fr_FR","og_type":"article","og_title":"Sessel \u201cPROUD TO BE WOMAN\u201d IKEA Vintage | Vintage M\u00f6bel kaufen auf KURATO.CH","og_description":"Entdecke Vintage M\u00f6bel & Dekoration \u27a4 Sessel \u201cPROUD TO BE WOMAN\u201d IKEA Vintage auf Kurato. \u2713Lieferung Schweiz \u271314-Tage R\u00fcckgabe \u2713Secondhand Unikat","og_url":"https:\/\/kurato.ch\/fr\/product\/sessel-proud-to-be-woman-ikea-vintage\/","og_site_name":"Vintage M\u00f6bel &amp; Dekoration I Kurato","article_publisher":"https:\/\/www.facebook.com\/kuratoswitzerland","og_image":[{"width":800,"height":800,"url":"https:\/\/kurato.ch\/wp-content\/uploads\/2024\/07\/Sessel-PROUD-TO-BE-WOMAN-IKEA-Vintage-vintage-secondhand-gebraucht-schweiz-5.jpg","type":"image\/jpeg"}],"schema":{"@context":"https:\/\/schema.org","@graph":[{"@type":"WebPage","@id":"https:\/\/kurato.ch\/product\/sessel-proud-to-be-woman-ikea-vintage\/","url":"https:\/\/kurato.ch\/product\/sessel-proud-to-be-woman-ikea-vintage\/","name":"Sessel \u201cPROUD TO BE WOMAN\u201d IKEA Vintage | Vintage M\u00f6bel kaufen auf KURATO.CH","isPartOf":{"@id":"https:\/\/kurato.ch\/#website"},"primaryImageOfPage":{"@id":"https:\/\/kurato.ch\/product\/sessel-proud-to-be-woman-ikea-vintage\/#primaryimage"},"image":{"@id":"https:\/\/kurato.ch\/product\/sessel-proud-to-be-woman-ikea-vintage\/#primaryimage"},"thumbnailUrl":"https:\/\/kurato.ch\/wp-content\/uploads\/2024\/07\/Sessel-PROUD-TO-BE-WOMAN-IKEA-Vintage-vintage-secondhand-gebraucht-schweiz-5.jpg","datePublished":"2024-07-23T16:14:06+00:00","description":"Entdecke Vintage M\u00f6bel & Dekoration \u27a4 Sessel \u201cPROUD TO BE WOMAN\u201d IKEA Vintage auf Kurato. \u2713Lieferung Schweiz \u271314-Tage R\u00fcckgabe \u2713Secondhand Unikat","breadcrumb":{"@id":"https:\/\/kurato.ch\/product\/sessel-proud-to-be-woman-ikea-vintage\/#breadcrumb"},"inLanguage":"fr-FR","potentialAction":[{"@type":"ReadAction","target":["https:\/\/kurato.ch\/product\/sessel-proud-to-be-woman-ikea-vintage\/"]}]},{"@type":"ImageObject","inLanguage":"fr-FR","@id":"https:\/\/kurato.ch\/product\/sessel-proud-to-be-woman-ikea-vintage\/#primaryimage","url":"https:\/\/kurato.ch\/wp-content\/uploads\/2024\/07\/Sessel-PROUD-TO-BE-WOMAN-IKEA-Vintage-vintage-secondhand-gebraucht-schweiz-5.jpg","contentUrl":"https:\/\/kurato.ch\/wp-content\/uploads\/2024\/07\/Sessel-PROUD-TO-BE-WOMAN-IKEA-Vintage-vintage-secondhand-gebraucht-schweiz-5.jpg","width":800,"height":800,"caption":"Sessel \u201cPROUD TO BE WOMAN\u201d IKEA Vintage"},{"@type":"BreadcrumbList","@id":"https:\/\/kurato.ch\/product\/sessel-proud-to-be-woman-ikea-vintage\/#breadcrumb","itemListElement":[{"@type":"ListItem","position":1,"name":"Home","item":"https:\/\/kurato.ch\/"},{"@type":"ListItem","position":2,"name":"Neuheiten","item":"https:\/\/kurato.ch\/neuheiten\/"},{"@type":"ListItem","position":3,"name":"Sessel \u201cPROUD TO BE WOMAN\u201d IKEA Vintage"}]},{"@type":"WebSite","@id":"https:\/\/kurato.ch\/#website","url":"https:\/\/kurato.ch\/","name":"Meubles vintage &amp; d\u00e9coration I Kurato","description":"Meubles vintage &amp; d\u00e9coration I Kurato","publisher":{"@id":"https:\/\/kurato.ch\/#organization"},"potentialAction":[{"@type":"SearchAction","target":{"@type":"EntryPoint","urlTemplate":"https:\/\/kurato.ch\/?s={search_term_string}"},"query-input":{"@type":"PropertyValueSpecification","valueRequired":true,"valueName":"search_term_string"}}],"inLanguage":"fr-FR"},{"@type":"Organization","@id":"https:\/\/kurato.ch\/#organization","name":"Kurato.","url":"https:\/\/kurato.ch\/","logo":{"@type":"ImageObject","inLanguage":"fr-FR","@id":"https:\/\/kurato.ch\/#\/schema\/logo\/image\/","url":"","contentUrl":"","caption":"Kurato."},"image":{"@id":"https:\/\/kurato.ch\/#\/schema\/logo\/image\/"},"sameAs":["https:\/\/www.facebook.com\/kuratoswitzerland","https:\/\/www.instagram.com\/kurato.ch\/","https:\/\/www.pinterest.ch\/kurato_ch\/_created\/"]}]}},"_links":{"self":[{"href":"https:\/\/kurato.ch\/fr\/wp-json\/wp\/v2\/product\/60171","targetHints":{"allow":["GET"]}}],"collection":[{"href":"https:\/\/kurato.ch\/fr\/wp-json\/wp\/v2\/product"}],"about":[{"href":"https:\/\/kurato.ch\/fr\/wp-json\/wp\/v2\/types\/product"}],"wp:featuredmedia":[{"embeddable":true,"href":"https:\/\/kurato.ch\/fr\/wp-json\/wp\/v2\/media\/60184"}],"wp:attachment":[{"href":"https:\/\/kurato.ch\/fr\/wp-json\/wp\/v2\/media?parent=60171"}],"wp:term":[{"taxonomy":"product_brand","embeddable":true,"href":"https:\/\/kurato.ch\/fr\/wp-json\/wp\/v2\/product_brand?post=60171"},{"taxonomy":"product_cat","embeddable":true,"href":"https:\/\/kurato.ch\/fr\/wp-json\/wp\/v2\/product_cat?post=60171"},{"taxonomy":"product_tag","embeddable":true,"href":"https:\/\/kurato.ch\/fr\/wp-json\/wp\/v2\/product_tag?post=60171"}],"curies":[{"name":"wp","href":"https:\/\/api.w.org\/{rel}","templated":true}]}}