{"id":60188,"date":"2024-07-24T12:08:14","date_gmt":"2024-07-24T10:08:14","guid":{"rendered":"https:\/\/kurato.ch\/?post_type=product&#038;p=60188"},"modified":"2024-07-24T12:09:11","modified_gmt":"2024-07-24T10:09:11","slug":"wogg-amor-kofferschrank-design-hans-eichenberger-1983","status":"publish","type":"product","link":"https:\/\/kurato.ch\/fr\/product\/wogg-amor-kofferschrank-design-hans-eichenberger-1983\/","title":{"rendered":"WOGG AMOR Kofferschrank Design Hans Eichenberger 1983"},"content":{"rendered":"<p>Eine einmalige Gelegenheit bietet sich hier:<\/p>\n<p>Verkauft wird ein Kofferschrank\u00a0 AMOR designt in den 1980ier Jahren von Hans Eichenberger f\u00fcr WOGG. WOGG steht f\u00fcr beste Schweizer Qualit\u00e4tsm\u00f6bel gepaart mit der Handschrift Internationaler Designer\u00a0\u00a0<\/p>\n<p>Aussehen und Funktion des\u00a0 AMOR Schrankkoffers leiten sich von fr\u00fcheren Kabinenkoffern ab. Offen oder geschlossen, freistehend im Raum oder an der Wand angelehnt, wie auch immer, es bleibt ein raffiniertes M\u00f6belst\u00fcck mit viel Stauraum. Es gibt viele h\u00f6henverstellbare\u00a0 Tablare und Schubladen (s. Fotos).<\/p>\n<p>Sehr gute Erhaltung.<\/p>\n<p>Masse: L\u00e4nge 102 cm\u00a0 Breite 51 cm\u00a0 H\u00f6he\u00a0 180 cm<\/p>\n<p>Preis:\u00a0 \u00a0CHF 2&#8217;250.00\u00a0 \u00a0 \u00a0 \u00a0 (Neupreis um 11&#8217;000.-)<\/p>\n<p>Kann abgeholt werden oder schweizweit durch KURATO geliefert werden<\/p>","protected":false},"excerpt":{"rendered":"<p>Eine einmalige Gelegenheit bietet sich hier: Verkauft wird ein Kofferschrank\u00a0 AMOR designt in den 1980ier Jahren von Hans Eichenberger f\u00fcr WOGG. WOGG steht f\u00fcr beste Schweizer Qualit\u00e4tsm\u00f6bel gepaart mit der Handschrift Internationaler Designer\u00a0\u00a0 Aussehen und Funktion des\u00a0 AMOR Schrankkoffers leiten sich von fr\u00fcheren Kabinenkoffern ab. Offen oder geschlossen, freistehend im Raum oder an der Wand [&hellip;]<\/p>\n","protected":false},"featured_media":60193,"template":"","meta":{"_acf_changed":false,"site-sidebar-layout":"default","site-content-layout":"","ast-site-content-layout":"default","site-content-style":"default","site-sidebar-style":"default","ast-global-header-display":"","ast-banner-title-visibility":"","ast-main-header-display":"","ast-hfb-above-header-display":"","ast-hfb-below-header-display":"","ast-hfb-mobile-header-display":"","site-post-title":"","ast-breadcrumbs-content":"","ast-featured-img":"","footer-sml-layout":"","ast-disable-related-posts":"","theme-transparent-header-meta":"default","adv-header-id-meta":"","stick-header-meta":"default","header-above-stick-meta":"","header-main-stick-meta":"","header-below-stick-meta":"","astra-migrate-meta-layouts":"set","ast-page-background-enabled":"default","ast-page-background-meta":{"desktop":{"background-color":"","background-image":"","background-repeat":"repeat","background-position":"center center","background-size":"auto","background-attachment":"scroll","background-type":"","background-media":"","overlay-type":"","overlay-color":"","overlay-opacity":"","overlay-gradient":""},"tablet":{"background-color":"","background-image":"","background-repeat":"repeat","background-position":"center center","background-size":"auto","background-attachment":"scroll","background-type":"","background-media":"","overlay-type":"","overlay-color":"","overlay-opacity":"","overlay-gradient":""},"mobile":{"background-color":"","background-image":"","background-repeat":"repeat","background-position":"center center","background-size":"auto","background-attachment":"scroll","background-type":"","background-media":"","overlay-type":"","overlay-color":"","overlay-opacity":"","overlay-gradient":""}},"ast-content-background-meta":{"desktop":{"background-color":"var(--ast-global-color-5)","background-image":"","background-repeat":"repeat","background-position":"center center","background-size":"auto","background-attachment":"scroll","background-type":"","background-media":"","overlay-type":"","overlay-color":"","overlay-opacity":"","overlay-gradient":""},"tablet":{"background-color":"var(--ast-global-color-5)","background-image":"","background-repeat":"repeat","background-position":"center center","background-size":"auto","background-attachment":"scroll","background-type":"","background-media":"","overlay-type":"","overlay-color":"","overlay-opacity":"","overlay-gradient":""},"mobile":{"background-color":"var(--ast-global-color-5)","background-image":"","background-repeat":"repeat","background-position":"center center","background-size":"auto","background-attachment":"scroll","background-type":"","background-media":"","overlay-type":"","overlay-color":"","overlay-opacity":"","overlay-gradient":""}}},"product_brand":[],"product_cat":[133,136],"product_tag":[],"class_list":{"0":"post-60188","1":"product","2":"type-product","3":"status-publish","4":"has-post-thumbnail","6":"product_cat-vintage-schrank","7":"product_cat-vintage-wandregal-bibliothek","8":"pa_designer-eichenberger","9":"pa_farbe-schwarz","10":"pa_material-holz","11":"pa_stil-design","12":"desktop-align-left","13":"tablet-align-left","14":"mobile-align-left","16":"first","17":"instock","18":"sold-individually","19":"shipping-taxable","20":"purchasable","21":"product-type-simple"},"acf":[],"yoast_head":"<!-- This site is optimized with the Yoast SEO plugin v27.4 - https:\/\/yoast.com\/product\/yoast-seo-wordpress\/ -->\n<title>WOGG AMOR Kofferschrank Design Hans Eichenberger 1983 | Vintage M\u00f6bel kaufen auf KURATO.CH<\/title>\n<meta name=\"description\" content=\"Entdecke Vintage M\u00f6bel &amp; Dekoration \u27a4 WOGG AMOR Kofferschrank Design Hans Eichenberger 1983 auf Kurato. \u2713Lieferung Schweiz \u271314-Tage R\u00fcckgabe \u2713Secondhand Unikat\" \/>\n<meta name=\"robots\" content=\"index, follow, max-snippet:-1, max-image-preview:large, max-video-preview:-1\" \/>\n<link rel=\"canonical\" href=\"https:\/\/kurato.ch\/fr\/product\/wogg-amor-kofferschrank-design-hans-eichenberger-1983\/\" \/>\n<meta property=\"og:locale\" content=\"fr_FR\" \/>\n<meta property=\"og:type\" content=\"article\" \/>\n<meta property=\"og:title\" content=\"WOGG AMOR Kofferschrank Design Hans Eichenberger 1983 | Vintage M\u00f6bel kaufen auf KURATO.CH\" \/>\n<meta property=\"og:description\" content=\"Entdecke Vintage M\u00f6bel &amp; Dekoration \u27a4 WOGG AMOR Kofferschrank Design Hans Eichenberger 1983 auf Kurato. \u2713Lieferung Schweiz \u271314-Tage R\u00fcckgabe \u2713Secondhand Unikat\" \/>\n<meta property=\"og:url\" content=\"https:\/\/kurato.ch\/fr\/product\/wogg-amor-kofferschrank-design-hans-eichenberger-1983\/\" \/>\n<meta property=\"og:site_name\" content=\"Vintage M\u00f6bel &amp; Dekoration I Kurato\" \/>\n<meta property=\"article:publisher\" content=\"https:\/\/www.facebook.com\/kuratoswitzerland\" \/>\n<meta property=\"article:modified_time\" content=\"2024-07-24T10:09:11+00:00\" \/>\n<meta property=\"og:image\" content=\"https:\/\/kurato.ch\/wp-content\/uploads\/2024\/07\/WOGG-AMOR-Kofferschrank-vintage-secondhand-gebraucht-schweiz-5.jpg\" \/>\n\t<meta property=\"og:image:width\" content=\"800\" \/>\n\t<meta property=\"og:image:height\" content=\"800\" \/>\n\t<meta property=\"og:image:type\" content=\"image\/jpeg\" \/>\n<meta name=\"twitter:label1\" content=\"Dur\u00e9e de lecture estim\u00e9e\" \/>\n\t<meta name=\"twitter:data1\" content=\"1 minute\" \/>\n<script type=\"application\/ld+json\" class=\"yoast-schema-graph\">{\"@context\":\"https:\\\/\\\/schema.org\",\"@graph\":[{\"@type\":\"WebPage\",\"@id\":\"https:\\\/\\\/kurato.ch\\\/product\\\/wogg-amor-kofferschrank-design-hans-eichenberger-1983\\\/\",\"url\":\"https:\\\/\\\/kurato.ch\\\/product\\\/wogg-amor-kofferschrank-design-hans-eichenberger-1983\\\/\",\"name\":\"WOGG AMOR Kofferschrank Design Hans Eichenberger 1983 | Vintage M\u00f6bel kaufen auf KURATO.CH\",\"isPartOf\":{\"@id\":\"https:\\\/\\\/kurato.ch\\\/#website\"},\"primaryImageOfPage\":{\"@id\":\"https:\\\/\\\/kurato.ch\\\/product\\\/wogg-amor-kofferschrank-design-hans-eichenberger-1983\\\/#primaryimage\"},\"image\":{\"@id\":\"https:\\\/\\\/kurato.ch\\\/product\\\/wogg-amor-kofferschrank-design-hans-eichenberger-1983\\\/#primaryimage\"},\"thumbnailUrl\":\"https:\\\/\\\/kurato.ch\\\/wp-content\\\/uploads\\\/2024\\\/07\\\/WOGG-AMOR-Kofferschrank-vintage-secondhand-gebraucht-schweiz-5.jpg\",\"datePublished\":\"2024-07-24T10:08:14+00:00\",\"dateModified\":\"2024-07-24T10:09:11+00:00\",\"description\":\"Entdecke Vintage M\u00f6bel & Dekoration \u27a4 WOGG AMOR Kofferschrank Design Hans Eichenberger 1983 auf Kurato. \u2713Lieferung Schweiz \u271314-Tage R\u00fcckgabe \u2713Secondhand Unikat\",\"breadcrumb\":{\"@id\":\"https:\\\/\\\/kurato.ch\\\/product\\\/wogg-amor-kofferschrank-design-hans-eichenberger-1983\\\/#breadcrumb\"},\"inLanguage\":\"fr-FR\",\"potentialAction\":[{\"@type\":\"ReadAction\",\"target\":[\"https:\\\/\\\/kurato.ch\\\/product\\\/wogg-amor-kofferschrank-design-hans-eichenberger-1983\\\/\"]}]},{\"@type\":\"ImageObject\",\"inLanguage\":\"fr-FR\",\"@id\":\"https:\\\/\\\/kurato.ch\\\/product\\\/wogg-amor-kofferschrank-design-hans-eichenberger-1983\\\/#primaryimage\",\"url\":\"https:\\\/\\\/kurato.ch\\\/wp-content\\\/uploads\\\/2024\\\/07\\\/WOGG-AMOR-Kofferschrank-vintage-secondhand-gebraucht-schweiz-5.jpg\",\"contentUrl\":\"https:\\\/\\\/kurato.ch\\\/wp-content\\\/uploads\\\/2024\\\/07\\\/WOGG-AMOR-Kofferschrank-vintage-secondhand-gebraucht-schweiz-5.jpg\",\"width\":800,\"height\":800,\"caption\":\"WOGG AMOR Kofferschrank\"},{\"@type\":\"BreadcrumbList\",\"@id\":\"https:\\\/\\\/kurato.ch\\\/product\\\/wogg-amor-kofferschrank-design-hans-eichenberger-1983\\\/#breadcrumb\",\"itemListElement\":[{\"@type\":\"ListItem\",\"position\":1,\"name\":\"Home\",\"item\":\"https:\\\/\\\/kurato.ch\\\/\"},{\"@type\":\"ListItem\",\"position\":2,\"name\":\"Neuheiten\",\"item\":\"https:\\\/\\\/kurato.ch\\\/neuheiten\\\/\"},{\"@type\":\"ListItem\",\"position\":3,\"name\":\"WOGG AMOR Kofferschrank Design Hans Eichenberger 1983\"}]},{\"@type\":\"WebSite\",\"@id\":\"https:\\\/\\\/kurato.ch\\\/#website\",\"url\":\"https:\\\/\\\/kurato.ch\\\/\",\"name\":\"Vintage M\u00f6bel &amp; Dekoration I Kurato\",\"description\":\"Vintage M\u00f6bel &amp; Dekoration I Kurato\",\"publisher\":{\"@id\":\"https:\\\/\\\/kurato.ch\\\/#organization\"},\"potentialAction\":[{\"@type\":\"SearchAction\",\"target\":{\"@type\":\"EntryPoint\",\"urlTemplate\":\"https:\\\/\\\/kurato.ch\\\/?s={search_term_string}\"},\"query-input\":{\"@type\":\"PropertyValueSpecification\",\"valueRequired\":true,\"valueName\":\"search_term_string\"}}],\"inLanguage\":\"fr-FR\"},{\"@type\":\"Organization\",\"@id\":\"https:\\\/\\\/kurato.ch\\\/#organization\",\"name\":\"Kurato.\",\"url\":\"https:\\\/\\\/kurato.ch\\\/\",\"logo\":{\"@type\":\"ImageObject\",\"inLanguage\":\"fr-FR\",\"@id\":\"https:\\\/\\\/kurato.ch\\\/#\\\/schema\\\/logo\\\/image\\\/\",\"url\":\"\",\"contentUrl\":\"\",\"caption\":\"Kurato.\"},\"image\":{\"@id\":\"https:\\\/\\\/kurato.ch\\\/#\\\/schema\\\/logo\\\/image\\\/\"},\"sameAs\":[\"https:\\\/\\\/www.facebook.com\\\/kuratoswitzerland\",\"https:\\\/\\\/www.instagram.com\\\/kurato.ch\\\/\",\"https:\\\/\\\/www.pinterest.ch\\\/kurato_ch\\\/_created\\\/\"]}]}<\/script>\n<!-- \/ Yoast SEO plugin. -->","yoast_head_json":{"title":"WOGG AMOR Kofferschrank Design Hans Eichenberger 1983 | Vintage M\u00f6bel kaufen auf KURATO.CH","description":"Entdecke Vintage M\u00f6bel & Dekoration \u27a4 WOGG AMOR Kofferschrank Design Hans Eichenberger 1983 auf Kurato. \u2713Lieferung Schweiz \u271314-Tage R\u00fcckgabe \u2713Secondhand Unikat","robots":{"index":"index","follow":"follow","max-snippet":"max-snippet:-1","max-image-preview":"max-image-preview:large","max-video-preview":"max-video-preview:-1"},"canonical":"https:\/\/kurato.ch\/fr\/product\/wogg-amor-kofferschrank-design-hans-eichenberger-1983\/","og_locale":"fr_FR","og_type":"article","og_title":"WOGG AMOR Kofferschrank Design Hans Eichenberger 1983 | Vintage M\u00f6bel kaufen auf KURATO.CH","og_description":"Entdecke Vintage M\u00f6bel & Dekoration \u27a4 WOGG AMOR Kofferschrank Design Hans Eichenberger 1983 auf Kurato. \u2713Lieferung Schweiz \u271314-Tage R\u00fcckgabe \u2713Secondhand Unikat","og_url":"https:\/\/kurato.ch\/fr\/product\/wogg-amor-kofferschrank-design-hans-eichenberger-1983\/","og_site_name":"Vintage M\u00f6bel &amp; Dekoration I Kurato","article_publisher":"https:\/\/www.facebook.com\/kuratoswitzerland","article_modified_time":"2024-07-24T10:09:11+00:00","og_image":[{"width":800,"height":800,"url":"https:\/\/kurato.ch\/wp-content\/uploads\/2024\/07\/WOGG-AMOR-Kofferschrank-vintage-secondhand-gebraucht-schweiz-5.jpg","type":"image\/jpeg"}],"twitter_misc":{"Dur\u00e9e de lecture estim\u00e9e":"1 minute"},"schema":{"@context":"https:\/\/schema.org","@graph":[{"@type":"WebPage","@id":"https:\/\/kurato.ch\/product\/wogg-amor-kofferschrank-design-hans-eichenberger-1983\/","url":"https:\/\/kurato.ch\/product\/wogg-amor-kofferschrank-design-hans-eichenberger-1983\/","name":"WOGG AMOR Kofferschrank Design Hans Eichenberger 1983 | Vintage M\u00f6bel kaufen auf KURATO.CH","isPartOf":{"@id":"https:\/\/kurato.ch\/#website"},"primaryImageOfPage":{"@id":"https:\/\/kurato.ch\/product\/wogg-amor-kofferschrank-design-hans-eichenberger-1983\/#primaryimage"},"image":{"@id":"https:\/\/kurato.ch\/product\/wogg-amor-kofferschrank-design-hans-eichenberger-1983\/#primaryimage"},"thumbnailUrl":"https:\/\/kurato.ch\/wp-content\/uploads\/2024\/07\/WOGG-AMOR-Kofferschrank-vintage-secondhand-gebraucht-schweiz-5.jpg","datePublished":"2024-07-24T10:08:14+00:00","dateModified":"2024-07-24T10:09:11+00:00","description":"Entdecke Vintage M\u00f6bel & Dekoration \u27a4 WOGG AMOR Kofferschrank Design Hans Eichenberger 1983 auf Kurato. \u2713Lieferung Schweiz \u271314-Tage R\u00fcckgabe \u2713Secondhand Unikat","breadcrumb":{"@id":"https:\/\/kurato.ch\/product\/wogg-amor-kofferschrank-design-hans-eichenberger-1983\/#breadcrumb"},"inLanguage":"fr-FR","potentialAction":[{"@type":"ReadAction","target":["https:\/\/kurato.ch\/product\/wogg-amor-kofferschrank-design-hans-eichenberger-1983\/"]}]},{"@type":"ImageObject","inLanguage":"fr-FR","@id":"https:\/\/kurato.ch\/product\/wogg-amor-kofferschrank-design-hans-eichenberger-1983\/#primaryimage","url":"https:\/\/kurato.ch\/wp-content\/uploads\/2024\/07\/WOGG-AMOR-Kofferschrank-vintage-secondhand-gebraucht-schweiz-5.jpg","contentUrl":"https:\/\/kurato.ch\/wp-content\/uploads\/2024\/07\/WOGG-AMOR-Kofferschrank-vintage-secondhand-gebraucht-schweiz-5.jpg","width":800,"height":800,"caption":"WOGG AMOR Kofferschrank"},{"@type":"BreadcrumbList","@id":"https:\/\/kurato.ch\/product\/wogg-amor-kofferschrank-design-hans-eichenberger-1983\/#breadcrumb","itemListElement":[{"@type":"ListItem","position":1,"name":"Home","item":"https:\/\/kurato.ch\/"},{"@type":"ListItem","position":2,"name":"Neuheiten","item":"https:\/\/kurato.ch\/neuheiten\/"},{"@type":"ListItem","position":3,"name":"WOGG AMOR Kofferschrank Design Hans Eichenberger 1983"}]},{"@type":"WebSite","@id":"https:\/\/kurato.ch\/#website","url":"https:\/\/kurato.ch\/","name":"Meubles vintage &amp; d\u00e9coration I Kurato","description":"Meubles vintage &amp; d\u00e9coration I Kurato","publisher":{"@id":"https:\/\/kurato.ch\/#organization"},"potentialAction":[{"@type":"SearchAction","target":{"@type":"EntryPoint","urlTemplate":"https:\/\/kurato.ch\/?s={search_term_string}"},"query-input":{"@type":"PropertyValueSpecification","valueRequired":true,"valueName":"search_term_string"}}],"inLanguage":"fr-FR"},{"@type":"Organization","@id":"https:\/\/kurato.ch\/#organization","name":"Kurato.","url":"https:\/\/kurato.ch\/","logo":{"@type":"ImageObject","inLanguage":"fr-FR","@id":"https:\/\/kurato.ch\/#\/schema\/logo\/image\/","url":"","contentUrl":"","caption":"Kurato."},"image":{"@id":"https:\/\/kurato.ch\/#\/schema\/logo\/image\/"},"sameAs":["https:\/\/www.facebook.com\/kuratoswitzerland","https:\/\/www.instagram.com\/kurato.ch\/","https:\/\/www.pinterest.ch\/kurato_ch\/_created\/"]}]}},"_links":{"self":[{"href":"https:\/\/kurato.ch\/fr\/wp-json\/wp\/v2\/product\/60188","targetHints":{"allow":["GET"]}}],"collection":[{"href":"https:\/\/kurato.ch\/fr\/wp-json\/wp\/v2\/product"}],"about":[{"href":"https:\/\/kurato.ch\/fr\/wp-json\/wp\/v2\/types\/product"}],"wp:featuredmedia":[{"embeddable":true,"href":"https:\/\/kurato.ch\/fr\/wp-json\/wp\/v2\/media\/60193"}],"wp:attachment":[{"href":"https:\/\/kurato.ch\/fr\/wp-json\/wp\/v2\/media?parent=60188"}],"wp:term":[{"taxonomy":"product_brand","embeddable":true,"href":"https:\/\/kurato.ch\/fr\/wp-json\/wp\/v2\/product_brand?post=60188"},{"taxonomy":"product_cat","embeddable":true,"href":"https:\/\/kurato.ch\/fr\/wp-json\/wp\/v2\/product_cat?post=60188"},{"taxonomy":"product_tag","embeddable":true,"href":"https:\/\/kurato.ch\/fr\/wp-json\/wp\/v2\/product_tag?post=60188"}],"curies":[{"name":"wp","href":"https:\/\/api.w.org\/{rel}","templated":true}]}}