{"id":60524,"date":"2024-08-03T21:49:55","date_gmt":"2024-08-03T19:49:55","guid":{"rendered":"https:\/\/kurato.ch\/?post_type=product&#038;p=60524"},"modified":"2024-12-14T12:35:11","modified_gmt":"2024-12-14T10:35:11","slug":"originalplakat-kunstausstellung-meret-oppenheim-kunstmuseum-bern-1987","status":"publish","type":"product","link":"https:\/\/kurato.ch\/fr\/product\/originalplakat-kunstausstellung-meret-oppenheim-kunstmuseum-bern-1987\/","title":{"rendered":"Originalplakat Kunstausstellung Meret Oppenheim Kunstmuseum Bern 1987"},"content":{"rendered":"<p>Original Plakat der Ausstellung Legate Meret Oppenheim Kunstmuseum Bern 1987 (Gestalterin Trix Wetter)<\/p>\n<p>Das Plakat befindet sich in einem Wechselrahmen aus den 80iger Jahren Metall mit Plexiglas (das Gesamtmass mit Rahmen ist etwas gr\u00f6sser als die Massangaben zum Plakat)<\/p>\n<p>Vintage Zustand, keine gr\u00f6sseren Besch\u00e4digungen, Plakat war wohl einmal mit Reissn\u00e4geln irgendwo angeheftet worden.<\/p>","protected":false},"excerpt":{"rendered":"<p>Original Plakat der Ausstellung Legate Meret Oppenheim Kunstmuseum Bern 1987 (Gestalterin Trix Wetter) Das Plakat befindet sich in einem Wechselrahmen aus den 80iger Jahren Metall mit Plexiglas (das Gesamtmass mit Rahmen ist etwas gr\u00f6sser als die Massangaben zum Plakat) Vintage Zustand, keine gr\u00f6sseren Besch\u00e4digungen, Plakat war wohl einmal mit Reissn\u00e4geln irgendwo angeheftet worden.<\/p>","protected":false},"featured_media":60652,"template":"","meta":{"_acf_changed":false,"site-sidebar-layout":"default","site-content-layout":"","ast-site-content-layout":"default","site-content-style":"default","site-sidebar-style":"default","ast-global-header-display":"","ast-banner-title-visibility":"","ast-main-header-display":"","ast-hfb-above-header-display":"","ast-hfb-below-header-display":"","ast-hfb-mobile-header-display":"","site-post-title":"","ast-breadcrumbs-content":"","ast-featured-img":"","footer-sml-layout":"","ast-disable-related-posts":"","theme-transparent-header-meta":"default","adv-header-id-meta":"","stick-header-meta":"default","header-above-stick-meta":"","header-main-stick-meta":"","header-below-stick-meta":"","astra-migrate-meta-layouts":"set","ast-page-background-enabled":"default","ast-page-background-meta":{"desktop":{"background-color":"","background-image":"","background-repeat":"repeat","background-position":"center center","background-size":"auto","background-attachment":"scroll","background-type":"","background-media":"","overlay-type":"","overlay-color":"","overlay-opacity":"","overlay-gradient":""},"tablet":{"background-color":"","background-image":"","background-repeat":"repeat","background-position":"center center","background-size":"auto","background-attachment":"scroll","background-type":"","background-media":"","overlay-type":"","overlay-color":"","overlay-opacity":"","overlay-gradient":""},"mobile":{"background-color":"","background-image":"","background-repeat":"repeat","background-position":"center center","background-size":"auto","background-attachment":"scroll","background-type":"","background-media":"","overlay-type":"","overlay-color":"","overlay-opacity":"","overlay-gradient":""}},"ast-content-background-meta":{"desktop":{"background-color":"var(--ast-global-color-5)","background-image":"","background-repeat":"repeat","background-position":"center center","background-size":"auto","background-attachment":"scroll","background-type":"","background-media":"","overlay-type":"","overlay-color":"","overlay-opacity":"","overlay-gradient":""},"tablet":{"background-color":"var(--ast-global-color-5)","background-image":"","background-repeat":"repeat","background-position":"center center","background-size":"auto","background-attachment":"scroll","background-type":"","background-media":"","overlay-type":"","overlay-color":"","overlay-opacity":"","overlay-gradient":""},"mobile":{"background-color":"var(--ast-global-color-5)","background-image":"","background-repeat":"repeat","background-position":"center center","background-size":"auto","background-attachment":"scroll","background-type":"","background-media":"","overlay-type":"","overlay-color":"","overlay-opacity":"","overlay-gradient":""}}},"product_brand":[],"product_cat":[378],"product_tag":[],"class_list":{"0":"post-60524","1":"product","2":"type-product","3":"status-publish","4":"has-post-thumbnail","6":"product_cat-vintage-plakate","7":"pa_farbe-blau","8":"pa_material-papier","9":"pa_stil-vintage","10":"desktop-align-left","11":"tablet-align-left","12":"mobile-align-left","14":"first","15":"instock","16":"sale","17":"sold-individually","18":"shipping-taxable","19":"purchasable","20":"product-type-simple"},"acf":[],"yoast_head":"<!-- This site is optimized with the Yoast SEO plugin v27.4 - https:\/\/yoast.com\/product\/yoast-seo-wordpress\/ -->\n<title>Originalplakat Kunstausstellung Meret Oppenheim Kunstmuseum Bern 1987 | Vintage M\u00f6bel kaufen auf KURATO.CH<\/title>\n<meta name=\"description\" content=\"Entdecke Vintage M\u00f6bel &amp; Dekoration \u27a4 Originalplakat Kunstausstellung Meret Oppenheim Kunstmuseum Bern 1987 auf Kurato. \u2713Lieferung Schweiz \u271314-Tage R\u00fcckgabe \u2713Secondhand Unikat\" \/>\n<meta name=\"robots\" content=\"index, follow, max-snippet:-1, max-image-preview:large, max-video-preview:-1\" \/>\n<link rel=\"canonical\" href=\"https:\/\/kurato.ch\/fr\/product\/originalplakat-kunstausstellung-meret-oppenheim-kunstmuseum-bern-1987\/\" \/>\n<meta property=\"og:locale\" content=\"fr_FR\" \/>\n<meta property=\"og:type\" content=\"article\" \/>\n<meta property=\"og:title\" content=\"Originalplakat Kunstausstellung Meret Oppenheim Kunstmuseum Bern 1987 | Vintage M\u00f6bel kaufen auf KURATO.CH\" \/>\n<meta property=\"og:description\" content=\"Entdecke Vintage M\u00f6bel &amp; Dekoration \u27a4 Originalplakat Kunstausstellung Meret Oppenheim Kunstmuseum Bern 1987 auf Kurato. \u2713Lieferung Schweiz \u271314-Tage R\u00fcckgabe \u2713Secondhand Unikat\" \/>\n<meta property=\"og:url\" content=\"https:\/\/kurato.ch\/fr\/product\/originalplakat-kunstausstellung-meret-oppenheim-kunstmuseum-bern-1987\/\" \/>\n<meta property=\"og:site_name\" content=\"Vintage M\u00f6bel &amp; Dekoration I Kurato\" \/>\n<meta property=\"article:publisher\" content=\"https:\/\/www.facebook.com\/kuratoswitzerland\" \/>\n<meta property=\"article:modified_time\" content=\"2024-12-14T10:35:11+00:00\" \/>\n<meta property=\"og:image\" content=\"https:\/\/kurato.ch\/wp-content\/uploads\/2024\/08\/Originalplakat-Kunstausstellung-Meret-Oppenheim-Kunstmuseum-Bern-1987-vintage-secondhand-gebraucht-schweiz-5-1.jpg\" \/>\n\t<meta property=\"og:image:width\" content=\"800\" \/>\n\t<meta property=\"og:image:height\" content=\"800\" \/>\n\t<meta property=\"og:image:type\" content=\"image\/jpeg\" \/>\n<meta name=\"twitter:label1\" content=\"Dur\u00e9e de lecture estim\u00e9e\" \/>\n\t<meta name=\"twitter:data1\" content=\"1 minute\" \/>\n<script type=\"application\/ld+json\" class=\"yoast-schema-graph\">{\"@context\":\"https:\\\/\\\/schema.org\",\"@graph\":[{\"@type\":\"WebPage\",\"@id\":\"https:\\\/\\\/kurato.ch\\\/product\\\/originalplakat-kunstausstellung-meret-oppenheim-kunstmuseum-bern-1987\\\/\",\"url\":\"https:\\\/\\\/kurato.ch\\\/product\\\/originalplakat-kunstausstellung-meret-oppenheim-kunstmuseum-bern-1987\\\/\",\"name\":\"Originalplakat Kunstausstellung Meret Oppenheim Kunstmuseum Bern 1987 | Vintage M\u00f6bel kaufen auf KURATO.CH\",\"isPartOf\":{\"@id\":\"https:\\\/\\\/kurato.ch\\\/#website\"},\"primaryImageOfPage\":{\"@id\":\"https:\\\/\\\/kurato.ch\\\/product\\\/originalplakat-kunstausstellung-meret-oppenheim-kunstmuseum-bern-1987\\\/#primaryimage\"},\"image\":{\"@id\":\"https:\\\/\\\/kurato.ch\\\/product\\\/originalplakat-kunstausstellung-meret-oppenheim-kunstmuseum-bern-1987\\\/#primaryimage\"},\"thumbnailUrl\":\"https:\\\/\\\/kurato.ch\\\/wp-content\\\/uploads\\\/2024\\\/08\\\/Originalplakat-Kunstausstellung-Meret-Oppenheim-Kunstmuseum-Bern-1987-vintage-secondhand-gebraucht-schweiz-5-1.jpg\",\"datePublished\":\"2024-08-03T19:49:55+00:00\",\"dateModified\":\"2024-12-14T10:35:11+00:00\",\"description\":\"Entdecke Vintage M\u00f6bel & Dekoration \u27a4 Originalplakat Kunstausstellung Meret Oppenheim Kunstmuseum Bern 1987 auf Kurato. \u2713Lieferung Schweiz \u271314-Tage R\u00fcckgabe \u2713Secondhand Unikat\",\"breadcrumb\":{\"@id\":\"https:\\\/\\\/kurato.ch\\\/product\\\/originalplakat-kunstausstellung-meret-oppenheim-kunstmuseum-bern-1987\\\/#breadcrumb\"},\"inLanguage\":\"fr-FR\",\"potentialAction\":[{\"@type\":\"ReadAction\",\"target\":[\"https:\\\/\\\/kurato.ch\\\/product\\\/originalplakat-kunstausstellung-meret-oppenheim-kunstmuseum-bern-1987\\\/\"]}]},{\"@type\":\"ImageObject\",\"inLanguage\":\"fr-FR\",\"@id\":\"https:\\\/\\\/kurato.ch\\\/product\\\/originalplakat-kunstausstellung-meret-oppenheim-kunstmuseum-bern-1987\\\/#primaryimage\",\"url\":\"https:\\\/\\\/kurato.ch\\\/wp-content\\\/uploads\\\/2024\\\/08\\\/Originalplakat-Kunstausstellung-Meret-Oppenheim-Kunstmuseum-Bern-1987-vintage-secondhand-gebraucht-schweiz-5-1.jpg\",\"contentUrl\":\"https:\\\/\\\/kurato.ch\\\/wp-content\\\/uploads\\\/2024\\\/08\\\/Originalplakat-Kunstausstellung-Meret-Oppenheim-Kunstmuseum-Bern-1987-vintage-secondhand-gebraucht-schweiz-5-1.jpg\",\"width\":800,\"height\":800},{\"@type\":\"BreadcrumbList\",\"@id\":\"https:\\\/\\\/kurato.ch\\\/product\\\/originalplakat-kunstausstellung-meret-oppenheim-kunstmuseum-bern-1987\\\/#breadcrumb\",\"itemListElement\":[{\"@type\":\"ListItem\",\"position\":1,\"name\":\"Home\",\"item\":\"https:\\\/\\\/kurato.ch\\\/\"},{\"@type\":\"ListItem\",\"position\":2,\"name\":\"Neuheiten\",\"item\":\"https:\\\/\\\/kurato.ch\\\/neuheiten\\\/\"},{\"@type\":\"ListItem\",\"position\":3,\"name\":\"Originalplakat Kunstausstellung Meret Oppenheim Kunstmuseum Bern 1987\"}]},{\"@type\":\"WebSite\",\"@id\":\"https:\\\/\\\/kurato.ch\\\/#website\",\"url\":\"https:\\\/\\\/kurato.ch\\\/\",\"name\":\"Vintage M\u00f6bel &amp; Dekoration I Kurato\",\"description\":\"Vintage M\u00f6bel &amp; Dekoration I Kurato\",\"publisher\":{\"@id\":\"https:\\\/\\\/kurato.ch\\\/#organization\"},\"potentialAction\":[{\"@type\":\"SearchAction\",\"target\":{\"@type\":\"EntryPoint\",\"urlTemplate\":\"https:\\\/\\\/kurato.ch\\\/?s={search_term_string}\"},\"query-input\":{\"@type\":\"PropertyValueSpecification\",\"valueRequired\":true,\"valueName\":\"search_term_string\"}}],\"inLanguage\":\"fr-FR\"},{\"@type\":\"Organization\",\"@id\":\"https:\\\/\\\/kurato.ch\\\/#organization\",\"name\":\"Kurato.\",\"url\":\"https:\\\/\\\/kurato.ch\\\/\",\"logo\":{\"@type\":\"ImageObject\",\"inLanguage\":\"fr-FR\",\"@id\":\"https:\\\/\\\/kurato.ch\\\/#\\\/schema\\\/logo\\\/image\\\/\",\"url\":\"\",\"contentUrl\":\"\",\"caption\":\"Kurato.\"},\"image\":{\"@id\":\"https:\\\/\\\/kurato.ch\\\/#\\\/schema\\\/logo\\\/image\\\/\"},\"sameAs\":[\"https:\\\/\\\/www.facebook.com\\\/kuratoswitzerland\",\"https:\\\/\\\/www.instagram.com\\\/kurato.ch\\\/\",\"https:\\\/\\\/www.pinterest.ch\\\/kurato_ch\\\/_created\\\/\"]}]}<\/script>\n<!-- \/ Yoast SEO plugin. -->","yoast_head_json":{"title":"Originalplakat Kunstausstellung Meret Oppenheim Kunstmuseum Bern 1987 | Vintage M\u00f6bel kaufen auf KURATO.CH","description":"Entdecke Vintage M\u00f6bel & Dekoration \u27a4 Originalplakat Kunstausstellung Meret Oppenheim Kunstmuseum Bern 1987 auf Kurato. \u2713Lieferung Schweiz \u271314-Tage R\u00fcckgabe \u2713Secondhand Unikat","robots":{"index":"index","follow":"follow","max-snippet":"max-snippet:-1","max-image-preview":"max-image-preview:large","max-video-preview":"max-video-preview:-1"},"canonical":"https:\/\/kurato.ch\/fr\/product\/originalplakat-kunstausstellung-meret-oppenheim-kunstmuseum-bern-1987\/","og_locale":"fr_FR","og_type":"article","og_title":"Originalplakat Kunstausstellung Meret Oppenheim Kunstmuseum Bern 1987 | Vintage M\u00f6bel kaufen auf KURATO.CH","og_description":"Entdecke Vintage M\u00f6bel & Dekoration \u27a4 Originalplakat Kunstausstellung Meret Oppenheim Kunstmuseum Bern 1987 auf Kurato. \u2713Lieferung Schweiz \u271314-Tage R\u00fcckgabe \u2713Secondhand Unikat","og_url":"https:\/\/kurato.ch\/fr\/product\/originalplakat-kunstausstellung-meret-oppenheim-kunstmuseum-bern-1987\/","og_site_name":"Vintage M\u00f6bel &amp; Dekoration I Kurato","article_publisher":"https:\/\/www.facebook.com\/kuratoswitzerland","article_modified_time":"2024-12-14T10:35:11+00:00","og_image":[{"width":800,"height":800,"url":"https:\/\/kurato.ch\/wp-content\/uploads\/2024\/08\/Originalplakat-Kunstausstellung-Meret-Oppenheim-Kunstmuseum-Bern-1987-vintage-secondhand-gebraucht-schweiz-5-1.jpg","type":"image\/jpeg"}],"twitter_misc":{"Dur\u00e9e de lecture estim\u00e9e":"1 minute"},"schema":{"@context":"https:\/\/schema.org","@graph":[{"@type":"WebPage","@id":"https:\/\/kurato.ch\/product\/originalplakat-kunstausstellung-meret-oppenheim-kunstmuseum-bern-1987\/","url":"https:\/\/kurato.ch\/product\/originalplakat-kunstausstellung-meret-oppenheim-kunstmuseum-bern-1987\/","name":"Originalplakat Kunstausstellung Meret Oppenheim Kunstmuseum Bern 1987 | Vintage M\u00f6bel kaufen auf KURATO.CH","isPartOf":{"@id":"https:\/\/kurato.ch\/#website"},"primaryImageOfPage":{"@id":"https:\/\/kurato.ch\/product\/originalplakat-kunstausstellung-meret-oppenheim-kunstmuseum-bern-1987\/#primaryimage"},"image":{"@id":"https:\/\/kurato.ch\/product\/originalplakat-kunstausstellung-meret-oppenheim-kunstmuseum-bern-1987\/#primaryimage"},"thumbnailUrl":"https:\/\/kurato.ch\/wp-content\/uploads\/2024\/08\/Originalplakat-Kunstausstellung-Meret-Oppenheim-Kunstmuseum-Bern-1987-vintage-secondhand-gebraucht-schweiz-5-1.jpg","datePublished":"2024-08-03T19:49:55+00:00","dateModified":"2024-12-14T10:35:11+00:00","description":"Entdecke Vintage M\u00f6bel & Dekoration \u27a4 Originalplakat Kunstausstellung Meret Oppenheim Kunstmuseum Bern 1987 auf Kurato. \u2713Lieferung Schweiz \u271314-Tage R\u00fcckgabe \u2713Secondhand Unikat","breadcrumb":{"@id":"https:\/\/kurato.ch\/product\/originalplakat-kunstausstellung-meret-oppenheim-kunstmuseum-bern-1987\/#breadcrumb"},"inLanguage":"fr-FR","potentialAction":[{"@type":"ReadAction","target":["https:\/\/kurato.ch\/product\/originalplakat-kunstausstellung-meret-oppenheim-kunstmuseum-bern-1987\/"]}]},{"@type":"ImageObject","inLanguage":"fr-FR","@id":"https:\/\/kurato.ch\/product\/originalplakat-kunstausstellung-meret-oppenheim-kunstmuseum-bern-1987\/#primaryimage","url":"https:\/\/kurato.ch\/wp-content\/uploads\/2024\/08\/Originalplakat-Kunstausstellung-Meret-Oppenheim-Kunstmuseum-Bern-1987-vintage-secondhand-gebraucht-schweiz-5-1.jpg","contentUrl":"https:\/\/kurato.ch\/wp-content\/uploads\/2024\/08\/Originalplakat-Kunstausstellung-Meret-Oppenheim-Kunstmuseum-Bern-1987-vintage-secondhand-gebraucht-schweiz-5-1.jpg","width":800,"height":800},{"@type":"BreadcrumbList","@id":"https:\/\/kurato.ch\/product\/originalplakat-kunstausstellung-meret-oppenheim-kunstmuseum-bern-1987\/#breadcrumb","itemListElement":[{"@type":"ListItem","position":1,"name":"Home","item":"https:\/\/kurato.ch\/"},{"@type":"ListItem","position":2,"name":"Neuheiten","item":"https:\/\/kurato.ch\/neuheiten\/"},{"@type":"ListItem","position":3,"name":"Originalplakat Kunstausstellung Meret Oppenheim Kunstmuseum Bern 1987"}]},{"@type":"WebSite","@id":"https:\/\/kurato.ch\/#website","url":"https:\/\/kurato.ch\/","name":"Meubles vintage &amp; d\u00e9coration I Kurato","description":"Meubles vintage &amp; d\u00e9coration I Kurato","publisher":{"@id":"https:\/\/kurato.ch\/#organization"},"potentialAction":[{"@type":"SearchAction","target":{"@type":"EntryPoint","urlTemplate":"https:\/\/kurato.ch\/?s={search_term_string}"},"query-input":{"@type":"PropertyValueSpecification","valueRequired":true,"valueName":"search_term_string"}}],"inLanguage":"fr-FR"},{"@type":"Organization","@id":"https:\/\/kurato.ch\/#organization","name":"Kurato.","url":"https:\/\/kurato.ch\/","logo":{"@type":"ImageObject","inLanguage":"fr-FR","@id":"https:\/\/kurato.ch\/#\/schema\/logo\/image\/","url":"","contentUrl":"","caption":"Kurato."},"image":{"@id":"https:\/\/kurato.ch\/#\/schema\/logo\/image\/"},"sameAs":["https:\/\/www.facebook.com\/kuratoswitzerland","https:\/\/www.instagram.com\/kurato.ch\/","https:\/\/www.pinterest.ch\/kurato_ch\/_created\/"]}]}},"_links":{"self":[{"href":"https:\/\/kurato.ch\/fr\/wp-json\/wp\/v2\/product\/60524","targetHints":{"allow":["GET"]}}],"collection":[{"href":"https:\/\/kurato.ch\/fr\/wp-json\/wp\/v2\/product"}],"about":[{"href":"https:\/\/kurato.ch\/fr\/wp-json\/wp\/v2\/types\/product"}],"wp:featuredmedia":[{"embeddable":true,"href":"https:\/\/kurato.ch\/fr\/wp-json\/wp\/v2\/media\/60652"}],"wp:attachment":[{"href":"https:\/\/kurato.ch\/fr\/wp-json\/wp\/v2\/media?parent=60524"}],"wp:term":[{"taxonomy":"product_brand","embeddable":true,"href":"https:\/\/kurato.ch\/fr\/wp-json\/wp\/v2\/product_brand?post=60524"},{"taxonomy":"product_cat","embeddable":true,"href":"https:\/\/kurato.ch\/fr\/wp-json\/wp\/v2\/product_cat?post=60524"},{"taxonomy":"product_tag","embeddable":true,"href":"https:\/\/kurato.ch\/fr\/wp-json\/wp\/v2\/product_tag?post=60524"}],"curies":[{"name":"wp","href":"https:\/\/api.w.org\/{rel}","templated":true}]}}