{"id":60642,"date":"2024-08-08T20:09:28","date_gmt":"2024-08-08T18:09:28","guid":{"rendered":"https:\/\/kurato.ch\/?post_type=product&#038;p=60642"},"modified":"2024-08-08T20:11:18","modified_gmt":"2024-08-08T18:11:18","slug":"illum-wikkelso-capella-2er-sofa-leder","status":"publish","type":"product","link":"https:\/\/kurato.ch\/fr\/product\/illum-wikkelso-capella-2er-sofa-leder\/","title":{"rendered":"Illum Wikkels\u00f8 Capella 2er Sofa Leder"},"content":{"rendered":"<p>Bei dem Artikel handelt es sich um ein Illum Wikkels\u00f8 Capella 2er Sofa aus den 1960er Jahren mit Lederpolster.<\/p>\n<p>Das Sofa ist in gutem Zustand, die Sitzpolster sind ein wenig eingesessen. Beim Holz handelt es sich entweder um Palisander oder Teak.<\/p>\n<p>Das Sofa ist 128 cm breit (Sitzfl\u00e4che 118 cm), 76 cm tief (Sitztiefe 52 cm), und 70 cm hoch (43 cm ab Sitzfl\u00e4che).<\/p>\n<p>Preis: CHF 1&#8217;700.00<\/p>","protected":false},"excerpt":{"rendered":"<p>Bei dem Artikel handelt es sich um ein Illum Wikkels\u00f8 Capella 2er Sofa aus den 1960er Jahren mit Lederpolster. Das Sofa ist in gutem Zustand, die Sitzpolster sind ein wenig eingesessen. Beim Holz handelt es sich entweder um Palisander oder Teak. Das Sofa ist 128 cm breit (Sitzfl\u00e4che 118 cm), 76 cm tief (Sitztiefe 52 [&hellip;]<\/p>\n","protected":false},"featured_media":60650,"template":"","meta":{"_acf_changed":false,"site-sidebar-layout":"default","site-content-layout":"","ast-site-content-layout":"default","site-content-style":"default","site-sidebar-style":"default","ast-global-header-display":"","ast-banner-title-visibility":"","ast-main-header-display":"","ast-hfb-above-header-display":"","ast-hfb-below-header-display":"","ast-hfb-mobile-header-display":"","site-post-title":"","ast-breadcrumbs-content":"","ast-featured-img":"","footer-sml-layout":"","ast-disable-related-posts":"","theme-transparent-header-meta":"default","adv-header-id-meta":"","stick-header-meta":"default","header-above-stick-meta":"","header-main-stick-meta":"","header-below-stick-meta":"","astra-migrate-meta-layouts":"set","ast-page-background-enabled":"default","ast-page-background-meta":{"desktop":{"background-color":"","background-image":"","background-repeat":"repeat","background-position":"center center","background-size":"auto","background-attachment":"scroll","background-type":"","background-media":"","overlay-type":"","overlay-color":"","overlay-opacity":"","overlay-gradient":""},"tablet":{"background-color":"","background-image":"","background-repeat":"repeat","background-position":"center center","background-size":"auto","background-attachment":"scroll","background-type":"","background-media":"","overlay-type":"","overlay-color":"","overlay-opacity":"","overlay-gradient":""},"mobile":{"background-color":"","background-image":"","background-repeat":"repeat","background-position":"center center","background-size":"auto","background-attachment":"scroll","background-type":"","background-media":"","overlay-type":"","overlay-color":"","overlay-opacity":"","overlay-gradient":""}},"ast-content-background-meta":{"desktop":{"background-color":"var(--ast-global-color-5)","background-image":"","background-repeat":"repeat","background-position":"center center","background-size":"auto","background-attachment":"scroll","background-type":"","background-media":"","overlay-type":"","overlay-color":"","overlay-opacity":"","overlay-gradient":""},"tablet":{"background-color":"var(--ast-global-color-5)","background-image":"","background-repeat":"repeat","background-position":"center center","background-size":"auto","background-attachment":"scroll","background-type":"","background-media":"","overlay-type":"","overlay-color":"","overlay-opacity":"","overlay-gradient":""},"mobile":{"background-color":"var(--ast-global-color-5)","background-image":"","background-repeat":"repeat","background-position":"center center","background-size":"auto","background-attachment":"scroll","background-type":"","background-media":"","overlay-type":"","overlay-color":"","overlay-opacity":"","overlay-gradient":""}}},"product_brand":[],"product_cat":[157,156],"product_tag":[],"class_list":{"0":"post-60642","1":"product","2":"type-product","3":"status-publish","4":"has-post-thumbnail","6":"product_cat-2-sitzer","7":"product_cat-vintage-sofas-sitzbank","8":"pa_designer-wikkelso-illum","9":"pa_farbe-braun","10":"pa_material-holz","11":"pa_material-leder","12":"pa_stil-skandinavisch-mid-century","13":"desktop-align-left","14":"tablet-align-left","15":"mobile-align-left","17":"first","18":"instock","19":"sold-individually","20":"shipping-taxable","21":"purchasable","22":"product-type-simple"},"acf":[],"yoast_head":"<!-- This site is optimized with the Yoast SEO plugin v27.4 - https:\/\/yoast.com\/product\/yoast-seo-wordpress\/ -->\n<title>Illum Wikkels\u00f8 Capella 2er Sofa Leder | Vintage M\u00f6bel kaufen auf KURATO.CH<\/title>\n<meta name=\"description\" content=\"Entdecke Vintage M\u00f6bel &amp; Dekoration \u27a4 Illum Wikkels\u00f8 Capella 2er Sofa Leder auf Kurato. \u2713Lieferung Schweiz \u271314-Tage R\u00fcckgabe \u2713Secondhand Unikat\" \/>\n<meta name=\"robots\" content=\"index, follow, max-snippet:-1, max-image-preview:large, max-video-preview:-1\" \/>\n<link rel=\"canonical\" href=\"https:\/\/kurato.ch\/fr\/product\/illum-wikkelso-capella-2er-sofa-leder\/\" \/>\n<meta property=\"og:locale\" content=\"fr_FR\" \/>\n<meta property=\"og:type\" content=\"article\" \/>\n<meta property=\"og:title\" content=\"Illum Wikkels\u00f8 Capella 2er Sofa Leder | Vintage M\u00f6bel kaufen auf KURATO.CH\" \/>\n<meta property=\"og:description\" content=\"Entdecke Vintage M\u00f6bel &amp; Dekoration \u27a4 Illum Wikkels\u00f8 Capella 2er Sofa Leder auf Kurato. \u2713Lieferung Schweiz \u271314-Tage R\u00fcckgabe \u2713Secondhand Unikat\" \/>\n<meta property=\"og:url\" content=\"https:\/\/kurato.ch\/fr\/product\/illum-wikkelso-capella-2er-sofa-leder\/\" \/>\n<meta property=\"og:site_name\" content=\"Vintage M\u00f6bel &amp; Dekoration I Kurato\" \/>\n<meta property=\"article:publisher\" content=\"https:\/\/www.facebook.com\/kuratoswitzerland\" \/>\n<meta property=\"article:modified_time\" content=\"2024-08-08T18:11:18+00:00\" \/>\n<meta property=\"og:image\" content=\"https:\/\/kurato.ch\/wp-content\/uploads\/2024\/08\/Illum-Wikkelso-Capella-2er-Sofa-Leder-vintage-secondhand-gebraucht-schweiz-6.jpg\" \/>\n\t<meta property=\"og:image:width\" content=\"800\" \/>\n\t<meta property=\"og:image:height\" content=\"800\" \/>\n\t<meta property=\"og:image:type\" content=\"image\/jpeg\" \/>\n<meta name=\"twitter:label1\" content=\"Dur\u00e9e de lecture estim\u00e9e\" \/>\n\t<meta name=\"twitter:data1\" content=\"1 minute\" \/>\n<script type=\"application\/ld+json\" class=\"yoast-schema-graph\">{\"@context\":\"https:\\\/\\\/schema.org\",\"@graph\":[{\"@type\":\"WebPage\",\"@id\":\"https:\\\/\\\/kurato.ch\\\/product\\\/illum-wikkelso-capella-2er-sofa-leder\\\/\",\"url\":\"https:\\\/\\\/kurato.ch\\\/product\\\/illum-wikkelso-capella-2er-sofa-leder\\\/\",\"name\":\"Illum Wikkels\u00f8 Capella 2er Sofa Leder | Vintage M\u00f6bel kaufen auf KURATO.CH\",\"isPartOf\":{\"@id\":\"https:\\\/\\\/kurato.ch\\\/#website\"},\"primaryImageOfPage\":{\"@id\":\"https:\\\/\\\/kurato.ch\\\/product\\\/illum-wikkelso-capella-2er-sofa-leder\\\/#primaryimage\"},\"image\":{\"@id\":\"https:\\\/\\\/kurato.ch\\\/product\\\/illum-wikkelso-capella-2er-sofa-leder\\\/#primaryimage\"},\"thumbnailUrl\":\"https:\\\/\\\/kurato.ch\\\/wp-content\\\/uploads\\\/2024\\\/08\\\/Illum-Wikkelso-Capella-2er-Sofa-Leder-vintage-secondhand-gebraucht-schweiz-6.jpg\",\"datePublished\":\"2024-08-08T18:09:28+00:00\",\"dateModified\":\"2024-08-08T18:11:18+00:00\",\"description\":\"Entdecke Vintage M\u00f6bel & Dekoration \u27a4 Illum Wikkels\u00f8 Capella 2er Sofa Leder auf Kurato. \u2713Lieferung Schweiz \u271314-Tage R\u00fcckgabe \u2713Secondhand Unikat\",\"breadcrumb\":{\"@id\":\"https:\\\/\\\/kurato.ch\\\/product\\\/illum-wikkelso-capella-2er-sofa-leder\\\/#breadcrumb\"},\"inLanguage\":\"fr-FR\",\"potentialAction\":[{\"@type\":\"ReadAction\",\"target\":[\"https:\\\/\\\/kurato.ch\\\/product\\\/illum-wikkelso-capella-2er-sofa-leder\\\/\"]}]},{\"@type\":\"ImageObject\",\"inLanguage\":\"fr-FR\",\"@id\":\"https:\\\/\\\/kurato.ch\\\/product\\\/illum-wikkelso-capella-2er-sofa-leder\\\/#primaryimage\",\"url\":\"https:\\\/\\\/kurato.ch\\\/wp-content\\\/uploads\\\/2024\\\/08\\\/Illum-Wikkelso-Capella-2er-Sofa-Leder-vintage-secondhand-gebraucht-schweiz-6.jpg\",\"contentUrl\":\"https:\\\/\\\/kurato.ch\\\/wp-content\\\/uploads\\\/2024\\\/08\\\/Illum-Wikkelso-Capella-2er-Sofa-Leder-vintage-secondhand-gebraucht-schweiz-6.jpg\",\"width\":800,\"height\":800,\"caption\":\"Illum Wikkels\u00f8 Capella 2er Sofa Leder\"},{\"@type\":\"BreadcrumbList\",\"@id\":\"https:\\\/\\\/kurato.ch\\\/product\\\/illum-wikkelso-capella-2er-sofa-leder\\\/#breadcrumb\",\"itemListElement\":[{\"@type\":\"ListItem\",\"position\":1,\"name\":\"Home\",\"item\":\"https:\\\/\\\/kurato.ch\\\/\"},{\"@type\":\"ListItem\",\"position\":2,\"name\":\"Neuheiten\",\"item\":\"https:\\\/\\\/kurato.ch\\\/neuheiten\\\/\"},{\"@type\":\"ListItem\",\"position\":3,\"name\":\"Illum Wikkels\u00f8 Capella 2er Sofa Leder\"}]},{\"@type\":\"WebSite\",\"@id\":\"https:\\\/\\\/kurato.ch\\\/#website\",\"url\":\"https:\\\/\\\/kurato.ch\\\/\",\"name\":\"Vintage M\u00f6bel &amp; Dekoration I Kurato\",\"description\":\"Vintage M\u00f6bel &amp; Dekoration I Kurato\",\"publisher\":{\"@id\":\"https:\\\/\\\/kurato.ch\\\/#organization\"},\"potentialAction\":[{\"@type\":\"SearchAction\",\"target\":{\"@type\":\"EntryPoint\",\"urlTemplate\":\"https:\\\/\\\/kurato.ch\\\/?s={search_term_string}\"},\"query-input\":{\"@type\":\"PropertyValueSpecification\",\"valueRequired\":true,\"valueName\":\"search_term_string\"}}],\"inLanguage\":\"fr-FR\"},{\"@type\":\"Organization\",\"@id\":\"https:\\\/\\\/kurato.ch\\\/#organization\",\"name\":\"Kurato.\",\"url\":\"https:\\\/\\\/kurato.ch\\\/\",\"logo\":{\"@type\":\"ImageObject\",\"inLanguage\":\"fr-FR\",\"@id\":\"https:\\\/\\\/kurato.ch\\\/#\\\/schema\\\/logo\\\/image\\\/\",\"url\":\"\",\"contentUrl\":\"\",\"caption\":\"Kurato.\"},\"image\":{\"@id\":\"https:\\\/\\\/kurato.ch\\\/#\\\/schema\\\/logo\\\/image\\\/\"},\"sameAs\":[\"https:\\\/\\\/www.facebook.com\\\/kuratoswitzerland\",\"https:\\\/\\\/www.instagram.com\\\/kurato.ch\\\/\",\"https:\\\/\\\/www.pinterest.ch\\\/kurato_ch\\\/_created\\\/\"]}]}<\/script>\n<!-- \/ Yoast SEO plugin. -->","yoast_head_json":{"title":"Illum Wikkels\u00f8 Capella 2er Sofa Leder | Vintage M\u00f6bel kaufen auf KURATO.CH","description":"Entdecke Vintage M\u00f6bel & Dekoration \u27a4 Illum Wikkels\u00f8 Capella 2er Sofa Leder auf Kurato. \u2713Lieferung Schweiz \u271314-Tage R\u00fcckgabe \u2713Secondhand Unikat","robots":{"index":"index","follow":"follow","max-snippet":"max-snippet:-1","max-image-preview":"max-image-preview:large","max-video-preview":"max-video-preview:-1"},"canonical":"https:\/\/kurato.ch\/fr\/product\/illum-wikkelso-capella-2er-sofa-leder\/","og_locale":"fr_FR","og_type":"article","og_title":"Illum Wikkels\u00f8 Capella 2er Sofa Leder | Vintage M\u00f6bel kaufen auf KURATO.CH","og_description":"Entdecke Vintage M\u00f6bel & Dekoration \u27a4 Illum Wikkels\u00f8 Capella 2er Sofa Leder auf Kurato. \u2713Lieferung Schweiz \u271314-Tage R\u00fcckgabe \u2713Secondhand Unikat","og_url":"https:\/\/kurato.ch\/fr\/product\/illum-wikkelso-capella-2er-sofa-leder\/","og_site_name":"Vintage M\u00f6bel &amp; Dekoration I Kurato","article_publisher":"https:\/\/www.facebook.com\/kuratoswitzerland","article_modified_time":"2024-08-08T18:11:18+00:00","og_image":[{"width":800,"height":800,"url":"https:\/\/kurato.ch\/wp-content\/uploads\/2024\/08\/Illum-Wikkelso-Capella-2er-Sofa-Leder-vintage-secondhand-gebraucht-schweiz-6.jpg","type":"image\/jpeg"}],"twitter_misc":{"Dur\u00e9e de lecture estim\u00e9e":"1 minute"},"schema":{"@context":"https:\/\/schema.org","@graph":[{"@type":"WebPage","@id":"https:\/\/kurato.ch\/product\/illum-wikkelso-capella-2er-sofa-leder\/","url":"https:\/\/kurato.ch\/product\/illum-wikkelso-capella-2er-sofa-leder\/","name":"Illum Wikkels\u00f8 Capella 2er Sofa Leder | Vintage M\u00f6bel kaufen auf KURATO.CH","isPartOf":{"@id":"https:\/\/kurato.ch\/#website"},"primaryImageOfPage":{"@id":"https:\/\/kurato.ch\/product\/illum-wikkelso-capella-2er-sofa-leder\/#primaryimage"},"image":{"@id":"https:\/\/kurato.ch\/product\/illum-wikkelso-capella-2er-sofa-leder\/#primaryimage"},"thumbnailUrl":"https:\/\/kurato.ch\/wp-content\/uploads\/2024\/08\/Illum-Wikkelso-Capella-2er-Sofa-Leder-vintage-secondhand-gebraucht-schweiz-6.jpg","datePublished":"2024-08-08T18:09:28+00:00","dateModified":"2024-08-08T18:11:18+00:00","description":"Entdecke Vintage M\u00f6bel & Dekoration \u27a4 Illum Wikkels\u00f8 Capella 2er Sofa Leder auf Kurato. \u2713Lieferung Schweiz \u271314-Tage R\u00fcckgabe \u2713Secondhand Unikat","breadcrumb":{"@id":"https:\/\/kurato.ch\/product\/illum-wikkelso-capella-2er-sofa-leder\/#breadcrumb"},"inLanguage":"fr-FR","potentialAction":[{"@type":"ReadAction","target":["https:\/\/kurato.ch\/product\/illum-wikkelso-capella-2er-sofa-leder\/"]}]},{"@type":"ImageObject","inLanguage":"fr-FR","@id":"https:\/\/kurato.ch\/product\/illum-wikkelso-capella-2er-sofa-leder\/#primaryimage","url":"https:\/\/kurato.ch\/wp-content\/uploads\/2024\/08\/Illum-Wikkelso-Capella-2er-Sofa-Leder-vintage-secondhand-gebraucht-schweiz-6.jpg","contentUrl":"https:\/\/kurato.ch\/wp-content\/uploads\/2024\/08\/Illum-Wikkelso-Capella-2er-Sofa-Leder-vintage-secondhand-gebraucht-schweiz-6.jpg","width":800,"height":800,"caption":"Illum Wikkels\u00f8 Capella 2er Sofa Leder"},{"@type":"BreadcrumbList","@id":"https:\/\/kurato.ch\/product\/illum-wikkelso-capella-2er-sofa-leder\/#breadcrumb","itemListElement":[{"@type":"ListItem","position":1,"name":"Home","item":"https:\/\/kurato.ch\/"},{"@type":"ListItem","position":2,"name":"Neuheiten","item":"https:\/\/kurato.ch\/neuheiten\/"},{"@type":"ListItem","position":3,"name":"Illum Wikkels\u00f8 Capella 2er Sofa Leder"}]},{"@type":"WebSite","@id":"https:\/\/kurato.ch\/#website","url":"https:\/\/kurato.ch\/","name":"Meubles vintage &amp; d\u00e9coration I Kurato","description":"Meubles vintage &amp; d\u00e9coration I Kurato","publisher":{"@id":"https:\/\/kurato.ch\/#organization"},"potentialAction":[{"@type":"SearchAction","target":{"@type":"EntryPoint","urlTemplate":"https:\/\/kurato.ch\/?s={search_term_string}"},"query-input":{"@type":"PropertyValueSpecification","valueRequired":true,"valueName":"search_term_string"}}],"inLanguage":"fr-FR"},{"@type":"Organization","@id":"https:\/\/kurato.ch\/#organization","name":"Kurato.","url":"https:\/\/kurato.ch\/","logo":{"@type":"ImageObject","inLanguage":"fr-FR","@id":"https:\/\/kurato.ch\/#\/schema\/logo\/image\/","url":"","contentUrl":"","caption":"Kurato."},"image":{"@id":"https:\/\/kurato.ch\/#\/schema\/logo\/image\/"},"sameAs":["https:\/\/www.facebook.com\/kuratoswitzerland","https:\/\/www.instagram.com\/kurato.ch\/","https:\/\/www.pinterest.ch\/kurato_ch\/_created\/"]}]}},"_links":{"self":[{"href":"https:\/\/kurato.ch\/fr\/wp-json\/wp\/v2\/product\/60642","targetHints":{"allow":["GET"]}}],"collection":[{"href":"https:\/\/kurato.ch\/fr\/wp-json\/wp\/v2\/product"}],"about":[{"href":"https:\/\/kurato.ch\/fr\/wp-json\/wp\/v2\/types\/product"}],"wp:featuredmedia":[{"embeddable":true,"href":"https:\/\/kurato.ch\/fr\/wp-json\/wp\/v2\/media\/60650"}],"wp:attachment":[{"href":"https:\/\/kurato.ch\/fr\/wp-json\/wp\/v2\/media?parent=60642"}],"wp:term":[{"taxonomy":"product_brand","embeddable":true,"href":"https:\/\/kurato.ch\/fr\/wp-json\/wp\/v2\/product_brand?post=60642"},{"taxonomy":"product_cat","embeddable":true,"href":"https:\/\/kurato.ch\/fr\/wp-json\/wp\/v2\/product_cat?post=60642"},{"taxonomy":"product_tag","embeddable":true,"href":"https:\/\/kurato.ch\/fr\/wp-json\/wp\/v2\/product_tag?post=60642"}],"curies":[{"name":"wp","href":"https:\/\/api.w.org\/{rel}","templated":true}]}}