{"id":61547,"date":"2024-08-25T17:39:05","date_gmt":"2024-08-25T15:39:05","guid":{"rendered":"https:\/\/kurato.ch\/?post_type=product&#038;p=61547"},"modified":"2024-08-26T13:00:53","modified_gmt":"2024-08-26T11:00:53","slug":"bogen-stehlampen-spaceage-italienische-mid-century-2-stk","status":"publish","type":"product","link":"https:\/\/kurato.ch\/fr\/product\/bogen-stehlampen-spaceage-italienische-mid-century-2-stk\/","title":{"rendered":"Bogen Stehlampen SpaceAge Italienische Mid- Century. 2 Stk."},"content":{"rendered":"<p>Moderne italienische Bogen Stehleuchten aus der Jahrhundertmitte.<\/p>\n<p>Angeboten werden\u00a0 zwei sehr seltene Italienische Mid- Century Bogen Stehlampe SpaceAge. Es handelt sich hier um Desingklassiker. Derartig wertvolle\u00a0 Klassiker sind singul\u00e4r, da vor allem kaum mehr in brauchbaren Zustand anzutreffen.<\/p>\n<p>Die Lampen sind in der H\u00f6he verstellbar. Auch der Bogen kann ausgezogen werden. Die SpaceAge Bubble-Spots k\u00f6nnen in diversen Richtungen verstellt werden. Auch der ganze Lampenkopf, an welchem die Bubble-Spots befestigt sind, kann um die eigene Achse gedreht werden.<\/p>\n<p>Die Lampen sind gesamthaft\u00a0 ist in massiver Ausf\u00fchrung und mit unschlagbarem Qualit\u00e4tsmaterial aus jener Zeit gefertigt.<\/p>\n<p>Die beiden Stehlampen sind in einem guten Original Zustand und funktionst\u00fcchtig. Da es sich um Stehlampen aus den 60\/70er handelt, weisen sie ihrem alter endsprechende Gebrauchspuren auf. Die Stehlampen haben einen massive Betonsockel von ca. 50kg. Das Kabel ist im Originalzustand und muss m\u00f6glicherweise erneuert werden, denn es\u00a0 hat einige Scheuerstellen.<\/p>\n<p>Preis:\u00a0 CHF 4&#8217;600.00\u00a0<\/p>","protected":false},"excerpt":{"rendered":"<p>Moderne italienische Bogen Stehleuchten aus der Jahrhundertmitte. Angeboten werden\u00a0 zwei sehr seltene Italienische Mid- Century Bogen Stehlampe SpaceAge. Es handelt sich hier um Desingklassiker. Derartig wertvolle\u00a0 Klassiker sind singul\u00e4r, da vor allem kaum mehr in brauchbaren Zustand anzutreffen. Die Lampen sind in der H\u00f6he verstellbar. Auch der Bogen kann ausgezogen werden. Die SpaceAge Bubble-Spots k\u00f6nnen [&hellip;]<\/p>\n","protected":false},"featured_media":61554,"template":"","meta":{"_acf_changed":false,"site-sidebar-layout":"default","site-content-layout":"","ast-site-content-layout":"default","site-content-style":"default","site-sidebar-style":"default","ast-global-header-display":"","ast-banner-title-visibility":"","ast-main-header-display":"","ast-hfb-above-header-display":"","ast-hfb-below-header-display":"","ast-hfb-mobile-header-display":"","site-post-title":"","ast-breadcrumbs-content":"","ast-featured-img":"","footer-sml-layout":"","ast-disable-related-posts":"","theme-transparent-header-meta":"","adv-header-id-meta":"","stick-header-meta":"","header-above-stick-meta":"","header-main-stick-meta":"","header-below-stick-meta":"","astra-migrate-meta-layouts":"default","ast-page-background-enabled":"default","ast-page-background-meta":{"desktop":{"background-color":"","background-image":"","background-repeat":"repeat","background-position":"center center","background-size":"auto","background-attachment":"scroll","background-type":"","background-media":"","overlay-type":"","overlay-color":"","overlay-opacity":"","overlay-gradient":""},"tablet":{"background-color":"","background-image":"","background-repeat":"repeat","background-position":"center center","background-size":"auto","background-attachment":"scroll","background-type":"","background-media":"","overlay-type":"","overlay-color":"","overlay-opacity":"","overlay-gradient":""},"mobile":{"background-color":"","background-image":"","background-repeat":"repeat","background-position":"center center","background-size":"auto","background-attachment":"scroll","background-type":"","background-media":"","overlay-type":"","overlay-color":"","overlay-opacity":"","overlay-gradient":""}},"ast-content-background-meta":{"desktop":{"background-color":"var(--ast-global-color-5)","background-image":"","background-repeat":"repeat","background-position":"center center","background-size":"auto","background-attachment":"scroll","background-type":"","background-media":"","overlay-type":"","overlay-color":"","overlay-opacity":"","overlay-gradient":""},"tablet":{"background-color":"var(--ast-global-color-5)","background-image":"","background-repeat":"repeat","background-position":"center center","background-size":"auto","background-attachment":"scroll","background-type":"","background-media":"","overlay-type":"","overlay-color":"","overlay-opacity":"","overlay-gradient":""},"mobile":{"background-color":"var(--ast-global-color-5)","background-image":"","background-repeat":"repeat","background-position":"center center","background-size":"auto","background-attachment":"scroll","background-type":"","background-media":"","overlay-type":"","overlay-color":"","overlay-opacity":"","overlay-gradient":""}}},"product_brand":[],"product_cat":[69],"product_tag":[],"class_list":{"0":"post-61547","1":"product","2":"type-product","3":"status-publish","4":"has-post-thumbnail","6":"product_cat-vintage-stehlampe","7":"pa_farbe-silber","8":"pa_material-metall","9":"pa_stil-design","10":"pa_stil-vintage","11":"desktop-align-left","12":"tablet-align-left","13":"mobile-align-left","15":"first","16":"instock","17":"sold-individually","18":"shipping-taxable","19":"purchasable","20":"product-type-simple"},"acf":[],"yoast_head":"<!-- This site is optimized with the Yoast SEO plugin v27.4 - https:\/\/yoast.com\/product\/yoast-seo-wordpress\/ -->\n<title>Bogen Stehlampen SpaceAge Italienische Mid- Century. 2 Stk. | Vintage M\u00f6bel kaufen auf KURATO.CH<\/title>\n<meta name=\"description\" content=\"Entdecke Vintage M\u00f6bel &amp; Dekoration \u27a4 Bogen Stehlampen SpaceAge Italienische Mid- Century. 2 Stk. auf Kurato. \u2713Lieferung Schweiz \u271314-Tage R\u00fcckgabe \u2713Secondhand Unikat\" \/>\n<meta name=\"robots\" content=\"index, follow, max-snippet:-1, max-image-preview:large, max-video-preview:-1\" \/>\n<link rel=\"canonical\" href=\"https:\/\/kurato.ch\/fr\/product\/bogen-stehlampen-spaceage-italienische-mid-century-2-stk\/\" \/>\n<meta property=\"og:locale\" content=\"fr_FR\" \/>\n<meta property=\"og:type\" content=\"article\" \/>\n<meta property=\"og:title\" content=\"Bogen Stehlampen SpaceAge Italienische Mid- Century. 2 Stk. | Vintage M\u00f6bel kaufen auf KURATO.CH\" \/>\n<meta property=\"og:description\" content=\"Entdecke Vintage M\u00f6bel &amp; Dekoration \u27a4 Bogen Stehlampen SpaceAge Italienische Mid- Century. 2 Stk. auf Kurato. \u2713Lieferung Schweiz \u271314-Tage R\u00fcckgabe \u2713Secondhand Unikat\" \/>\n<meta property=\"og:url\" content=\"https:\/\/kurato.ch\/fr\/product\/bogen-stehlampen-spaceage-italienische-mid-century-2-stk\/\" \/>\n<meta property=\"og:site_name\" content=\"Vintage M\u00f6bel &amp; Dekoration I Kurato\" \/>\n<meta property=\"article:publisher\" content=\"https:\/\/www.facebook.com\/kuratoswitzerland\" \/>\n<meta property=\"article:modified_time\" content=\"2024-08-26T11:00:53+00:00\" \/>\n<meta property=\"og:image\" content=\"https:\/\/kurato.ch\/wp-content\/uploads\/2024\/08\/Bogen-Stehlampe-SpaceAge-Italienische-Mid-Century.-2-Stk.-vintage-secondhand-gebraucht-schweiz-8.jpg\" \/>\n\t<meta property=\"og:image:width\" content=\"800\" \/>\n\t<meta property=\"og:image:height\" content=\"800\" \/>\n\t<meta property=\"og:image:type\" content=\"image\/jpeg\" \/>\n<meta name=\"twitter:label1\" content=\"Dur\u00e9e de lecture estim\u00e9e\" \/>\n\t<meta name=\"twitter:data1\" content=\"1 minute\" \/>\n<script type=\"application\/ld+json\" class=\"yoast-schema-graph\">{\"@context\":\"https:\\\/\\\/schema.org\",\"@graph\":[{\"@type\":\"WebPage\",\"@id\":\"https:\\\/\\\/kurato.ch\\\/product\\\/bogen-stehlampen-spaceage-italienische-mid-century-2-stk\\\/\",\"url\":\"https:\\\/\\\/kurato.ch\\\/product\\\/bogen-stehlampen-spaceage-italienische-mid-century-2-stk\\\/\",\"name\":\"Bogen Stehlampen SpaceAge Italienische Mid- Century. 2 Stk. | Vintage M\u00f6bel kaufen auf KURATO.CH\",\"isPartOf\":{\"@id\":\"https:\\\/\\\/kurato.ch\\\/#website\"},\"primaryImageOfPage\":{\"@id\":\"https:\\\/\\\/kurato.ch\\\/product\\\/bogen-stehlampen-spaceage-italienische-mid-century-2-stk\\\/#primaryimage\"},\"image\":{\"@id\":\"https:\\\/\\\/kurato.ch\\\/product\\\/bogen-stehlampen-spaceage-italienische-mid-century-2-stk\\\/#primaryimage\"},\"thumbnailUrl\":\"https:\\\/\\\/kurato.ch\\\/wp-content\\\/uploads\\\/2024\\\/08\\\/Bogen-Stehlampe-SpaceAge-Italienische-Mid-Century.-2-Stk.-vintage-secondhand-gebraucht-schweiz-8.jpg\",\"datePublished\":\"2024-08-25T15:39:05+00:00\",\"dateModified\":\"2024-08-26T11:00:53+00:00\",\"description\":\"Entdecke Vintage M\u00f6bel & Dekoration \u27a4 Bogen Stehlampen SpaceAge Italienische Mid- Century. 2 Stk. auf Kurato. \u2713Lieferung Schweiz \u271314-Tage R\u00fcckgabe \u2713Secondhand Unikat\",\"breadcrumb\":{\"@id\":\"https:\\\/\\\/kurato.ch\\\/product\\\/bogen-stehlampen-spaceage-italienische-mid-century-2-stk\\\/#breadcrumb\"},\"inLanguage\":\"fr-FR\",\"potentialAction\":[{\"@type\":\"ReadAction\",\"target\":[\"https:\\\/\\\/kurato.ch\\\/product\\\/bogen-stehlampen-spaceage-italienische-mid-century-2-stk\\\/\"]}]},{\"@type\":\"ImageObject\",\"inLanguage\":\"fr-FR\",\"@id\":\"https:\\\/\\\/kurato.ch\\\/product\\\/bogen-stehlampen-spaceage-italienische-mid-century-2-stk\\\/#primaryimage\",\"url\":\"https:\\\/\\\/kurato.ch\\\/wp-content\\\/uploads\\\/2024\\\/08\\\/Bogen-Stehlampe-SpaceAge-Italienische-Mid-Century.-2-Stk.-vintage-secondhand-gebraucht-schweiz-8.jpg\",\"contentUrl\":\"https:\\\/\\\/kurato.ch\\\/wp-content\\\/uploads\\\/2024\\\/08\\\/Bogen-Stehlampe-SpaceAge-Italienische-Mid-Century.-2-Stk.-vintage-secondhand-gebraucht-schweiz-8.jpg\",\"width\":800,\"height\":800,\"caption\":\"Bogen Stehlampe SpaceAge Italienische Mid- Century. 2 Stk.\"},{\"@type\":\"BreadcrumbList\",\"@id\":\"https:\\\/\\\/kurato.ch\\\/product\\\/bogen-stehlampen-spaceage-italienische-mid-century-2-stk\\\/#breadcrumb\",\"itemListElement\":[{\"@type\":\"ListItem\",\"position\":1,\"name\":\"Home\",\"item\":\"https:\\\/\\\/kurato.ch\\\/\"},{\"@type\":\"ListItem\",\"position\":2,\"name\":\"Neuheiten\",\"item\":\"https:\\\/\\\/kurato.ch\\\/neuheiten\\\/\"},{\"@type\":\"ListItem\",\"position\":3,\"name\":\"Bogen Stehlampen SpaceAge Italienische Mid- Century. 2 Stk.\"}]},{\"@type\":\"WebSite\",\"@id\":\"https:\\\/\\\/kurato.ch\\\/#website\",\"url\":\"https:\\\/\\\/kurato.ch\\\/\",\"name\":\"Vintage M\u00f6bel &amp; Dekoration I Kurato\",\"description\":\"Vintage M\u00f6bel &amp; Dekoration I Kurato\",\"publisher\":{\"@id\":\"https:\\\/\\\/kurato.ch\\\/#organization\"},\"potentialAction\":[{\"@type\":\"SearchAction\",\"target\":{\"@type\":\"EntryPoint\",\"urlTemplate\":\"https:\\\/\\\/kurato.ch\\\/?s={search_term_string}\"},\"query-input\":{\"@type\":\"PropertyValueSpecification\",\"valueRequired\":true,\"valueName\":\"search_term_string\"}}],\"inLanguage\":\"fr-FR\"},{\"@type\":\"Organization\",\"@id\":\"https:\\\/\\\/kurato.ch\\\/#organization\",\"name\":\"Kurato.\",\"url\":\"https:\\\/\\\/kurato.ch\\\/\",\"logo\":{\"@type\":\"ImageObject\",\"inLanguage\":\"fr-FR\",\"@id\":\"https:\\\/\\\/kurato.ch\\\/#\\\/schema\\\/logo\\\/image\\\/\",\"url\":\"\",\"contentUrl\":\"\",\"caption\":\"Kurato.\"},\"image\":{\"@id\":\"https:\\\/\\\/kurato.ch\\\/#\\\/schema\\\/logo\\\/image\\\/\"},\"sameAs\":[\"https:\\\/\\\/www.facebook.com\\\/kuratoswitzerland\",\"https:\\\/\\\/www.instagram.com\\\/kurato.ch\\\/\",\"https:\\\/\\\/www.pinterest.ch\\\/kurato_ch\\\/_created\\\/\"]}]}<\/script>\n<!-- \/ Yoast SEO plugin. -->","yoast_head_json":{"title":"Bogen Stehlampen SpaceAge Italienische Mid- Century. 2 Stk. | Vintage M\u00f6bel kaufen auf KURATO.CH","description":"Entdecke Vintage M\u00f6bel & Dekoration \u27a4 Bogen Stehlampen SpaceAge Italienische Mid- Century. 2 Stk. auf Kurato. \u2713Lieferung Schweiz \u271314-Tage R\u00fcckgabe \u2713Secondhand Unikat","robots":{"index":"index","follow":"follow","max-snippet":"max-snippet:-1","max-image-preview":"max-image-preview:large","max-video-preview":"max-video-preview:-1"},"canonical":"https:\/\/kurato.ch\/fr\/product\/bogen-stehlampen-spaceage-italienische-mid-century-2-stk\/","og_locale":"fr_FR","og_type":"article","og_title":"Bogen Stehlampen SpaceAge Italienische Mid- Century. 2 Stk. | Vintage M\u00f6bel kaufen auf KURATO.CH","og_description":"Entdecke Vintage M\u00f6bel & Dekoration \u27a4 Bogen Stehlampen SpaceAge Italienische Mid- Century. 2 Stk. auf Kurato. \u2713Lieferung Schweiz \u271314-Tage R\u00fcckgabe \u2713Secondhand Unikat","og_url":"https:\/\/kurato.ch\/fr\/product\/bogen-stehlampen-spaceage-italienische-mid-century-2-stk\/","og_site_name":"Vintage M\u00f6bel &amp; Dekoration I Kurato","article_publisher":"https:\/\/www.facebook.com\/kuratoswitzerland","article_modified_time":"2024-08-26T11:00:53+00:00","og_image":[{"width":800,"height":800,"url":"https:\/\/kurato.ch\/wp-content\/uploads\/2024\/08\/Bogen-Stehlampe-SpaceAge-Italienische-Mid-Century.-2-Stk.-vintage-secondhand-gebraucht-schweiz-8.jpg","type":"image\/jpeg"}],"twitter_misc":{"Dur\u00e9e de lecture estim\u00e9e":"1 minute"},"schema":{"@context":"https:\/\/schema.org","@graph":[{"@type":"WebPage","@id":"https:\/\/kurato.ch\/product\/bogen-stehlampen-spaceage-italienische-mid-century-2-stk\/","url":"https:\/\/kurato.ch\/product\/bogen-stehlampen-spaceage-italienische-mid-century-2-stk\/","name":"Bogen Stehlampen SpaceAge Italienische Mid- Century. 2 Stk. | Vintage M\u00f6bel kaufen auf KURATO.CH","isPartOf":{"@id":"https:\/\/kurato.ch\/#website"},"primaryImageOfPage":{"@id":"https:\/\/kurato.ch\/product\/bogen-stehlampen-spaceage-italienische-mid-century-2-stk\/#primaryimage"},"image":{"@id":"https:\/\/kurato.ch\/product\/bogen-stehlampen-spaceage-italienische-mid-century-2-stk\/#primaryimage"},"thumbnailUrl":"https:\/\/kurato.ch\/wp-content\/uploads\/2024\/08\/Bogen-Stehlampe-SpaceAge-Italienische-Mid-Century.-2-Stk.-vintage-secondhand-gebraucht-schweiz-8.jpg","datePublished":"2024-08-25T15:39:05+00:00","dateModified":"2024-08-26T11:00:53+00:00","description":"Entdecke Vintage M\u00f6bel & Dekoration \u27a4 Bogen Stehlampen SpaceAge Italienische Mid- Century. 2 Stk. auf Kurato. \u2713Lieferung Schweiz \u271314-Tage R\u00fcckgabe \u2713Secondhand Unikat","breadcrumb":{"@id":"https:\/\/kurato.ch\/product\/bogen-stehlampen-spaceage-italienische-mid-century-2-stk\/#breadcrumb"},"inLanguage":"fr-FR","potentialAction":[{"@type":"ReadAction","target":["https:\/\/kurato.ch\/product\/bogen-stehlampen-spaceage-italienische-mid-century-2-stk\/"]}]},{"@type":"ImageObject","inLanguage":"fr-FR","@id":"https:\/\/kurato.ch\/product\/bogen-stehlampen-spaceage-italienische-mid-century-2-stk\/#primaryimage","url":"https:\/\/kurato.ch\/wp-content\/uploads\/2024\/08\/Bogen-Stehlampe-SpaceAge-Italienische-Mid-Century.-2-Stk.-vintage-secondhand-gebraucht-schweiz-8.jpg","contentUrl":"https:\/\/kurato.ch\/wp-content\/uploads\/2024\/08\/Bogen-Stehlampe-SpaceAge-Italienische-Mid-Century.-2-Stk.-vintage-secondhand-gebraucht-schweiz-8.jpg","width":800,"height":800,"caption":"Bogen Stehlampe SpaceAge Italienische Mid- Century. 2 Stk."},{"@type":"BreadcrumbList","@id":"https:\/\/kurato.ch\/product\/bogen-stehlampen-spaceage-italienische-mid-century-2-stk\/#breadcrumb","itemListElement":[{"@type":"ListItem","position":1,"name":"Home","item":"https:\/\/kurato.ch\/"},{"@type":"ListItem","position":2,"name":"Neuheiten","item":"https:\/\/kurato.ch\/neuheiten\/"},{"@type":"ListItem","position":3,"name":"Bogen Stehlampen SpaceAge Italienische Mid- Century. 2 Stk."}]},{"@type":"WebSite","@id":"https:\/\/kurato.ch\/#website","url":"https:\/\/kurato.ch\/","name":"Meubles vintage &amp; d\u00e9coration I Kurato","description":"Meubles vintage &amp; d\u00e9coration I Kurato","publisher":{"@id":"https:\/\/kurato.ch\/#organization"},"potentialAction":[{"@type":"SearchAction","target":{"@type":"EntryPoint","urlTemplate":"https:\/\/kurato.ch\/?s={search_term_string}"},"query-input":{"@type":"PropertyValueSpecification","valueRequired":true,"valueName":"search_term_string"}}],"inLanguage":"fr-FR"},{"@type":"Organization","@id":"https:\/\/kurato.ch\/#organization","name":"Kurato.","url":"https:\/\/kurato.ch\/","logo":{"@type":"ImageObject","inLanguage":"fr-FR","@id":"https:\/\/kurato.ch\/#\/schema\/logo\/image\/","url":"","contentUrl":"","caption":"Kurato."},"image":{"@id":"https:\/\/kurato.ch\/#\/schema\/logo\/image\/"},"sameAs":["https:\/\/www.facebook.com\/kuratoswitzerland","https:\/\/www.instagram.com\/kurato.ch\/","https:\/\/www.pinterest.ch\/kurato_ch\/_created\/"]}]}},"_links":{"self":[{"href":"https:\/\/kurato.ch\/fr\/wp-json\/wp\/v2\/product\/61547","targetHints":{"allow":["GET"]}}],"collection":[{"href":"https:\/\/kurato.ch\/fr\/wp-json\/wp\/v2\/product"}],"about":[{"href":"https:\/\/kurato.ch\/fr\/wp-json\/wp\/v2\/types\/product"}],"wp:featuredmedia":[{"embeddable":true,"href":"https:\/\/kurato.ch\/fr\/wp-json\/wp\/v2\/media\/61554"}],"wp:attachment":[{"href":"https:\/\/kurato.ch\/fr\/wp-json\/wp\/v2\/media?parent=61547"}],"wp:term":[{"taxonomy":"product_brand","embeddable":true,"href":"https:\/\/kurato.ch\/fr\/wp-json\/wp\/v2\/product_brand?post=61547"},{"taxonomy":"product_cat","embeddable":true,"href":"https:\/\/kurato.ch\/fr\/wp-json\/wp\/v2\/product_cat?post=61547"},{"taxonomy":"product_tag","embeddable":true,"href":"https:\/\/kurato.ch\/fr\/wp-json\/wp\/v2\/product_tag?post=61547"}],"curies":[{"name":"wp","href":"https:\/\/api.w.org\/{rel}","templated":true}]}}