{"id":61956,"date":"2024-09-07T21:10:28","date_gmt":"2024-09-07T19:10:28","guid":{"rendered":"https:\/\/kurato.ch\/fr\/?post_type=product&#038;p=61956"},"modified":"2026-03-27T17:50:27","modified_gmt":"2026-03-27T15:50:27","slug":"verchromter-kronleuchter-reggiani-sciolari-70er-jahre","status":"publish","type":"product","link":"https:\/\/kurato.ch\/fr\/product\/verchromter-kronleuchter-reggiani-sciolari-70er-jahre\/","title":{"rendered":"Verchromter Kronleuchter Reggiani\/Sciolari 70er Jahre"},"content":{"rendered":"<p>Unglaublicher\u00a0 italienischer Kronleuchter,\u00a0 in den 1970er Jahren ediert. Dieser monumentale Kronleuchter aus verchromtem Metall besteht aus drei\u00dfig abnehmbaren Armen, die, wenn sie einmal angebracht sind, eine perfekte Spirale bilden. Drei\u00dfig Gl\u00fchbirnen mit Chromkappen vervollst\u00e4ndigen das Ganze und sorgen f\u00fcr ein Licht, das einer Palace-Halle w\u00fcrdig ist.<\/p>\n<p>Es herrscht jedoch Unklarheit \u00fcber die Zuschreibung dieses Kronleuchters. Einige schreiben ihn Gaetano Sciolari f\u00fcr Stilnovo zu, andere wiederum\u00a0 sind der Meinung, er sei von\u00a0 Reggiani herausgegeben worden.<\/p>\n<p>Masse: H\u00f6he 85 cm, Durchmesser 90 cm, Durchmesser der Deckeneinfassung 25 cm. Gl\u00fchbirnen E14.<\/p>\n<p>Auf Angebot ist eine Lieferung in die Schweiz m\u00f6glich.<\/p>","protected":false},"excerpt":{"rendered":"<p>Unglaublicher\u00a0 italienischer Kronleuchter,\u00a0 in den 1970er Jahren ediert. Dieser monumentale Kronleuchter aus verchromtem Metall besteht aus drei\u00dfig abnehmbaren Armen, die, wenn sie einmal angebracht sind, eine perfekte Spirale bilden. Drei\u00dfig Gl\u00fchbirnen mit Chromkappen vervollst\u00e4ndigen das Ganze und sorgen f\u00fcr ein Licht, das einer Palace-Halle w\u00fcrdig ist. Es herrscht jedoch Unklarheit \u00fcber die Zuschreibung dieses Kronleuchters. [&hellip;]<\/p>\n","protected":false},"featured_media":62025,"template":"","meta":{"_acf_changed":false,"site-sidebar-layout":"default","site-content-layout":"","ast-site-content-layout":"default","site-content-style":"default","site-sidebar-style":"default","ast-global-header-display":"","ast-banner-title-visibility":"","ast-main-header-display":"","ast-hfb-above-header-display":"","ast-hfb-below-header-display":"","ast-hfb-mobile-header-display":"","site-post-title":"","ast-breadcrumbs-content":"","ast-featured-img":"","footer-sml-layout":"","ast-disable-related-posts":"","theme-transparent-header-meta":"","adv-header-id-meta":"","stick-header-meta":"","header-above-stick-meta":"","header-main-stick-meta":"","header-below-stick-meta":"","astra-migrate-meta-layouts":"default","ast-page-background-enabled":"default","ast-page-background-meta":{"desktop":{"background-color":"","background-image":"","background-repeat":"repeat","background-position":"center center","background-size":"auto","background-attachment":"scroll","background-type":"","background-media":"","overlay-type":"","overlay-color":"","overlay-opacity":"","overlay-gradient":""},"tablet":{"background-color":"","background-image":"","background-repeat":"repeat","background-position":"center center","background-size":"auto","background-attachment":"scroll","background-type":"","background-media":"","overlay-type":"","overlay-color":"","overlay-opacity":"","overlay-gradient":""},"mobile":{"background-color":"","background-image":"","background-repeat":"repeat","background-position":"center center","background-size":"auto","background-attachment":"scroll","background-type":"","background-media":"","overlay-type":"","overlay-color":"","overlay-opacity":"","overlay-gradient":""}},"ast-content-background-meta":{"desktop":{"background-color":"var(--ast-global-color-5)","background-image":"","background-repeat":"repeat","background-position":"center center","background-size":"auto","background-attachment":"scroll","background-type":"","background-media":"","overlay-type":"","overlay-color":"","overlay-opacity":"","overlay-gradient":""},"tablet":{"background-color":"var(--ast-global-color-5)","background-image":"","background-repeat":"repeat","background-position":"center center","background-size":"auto","background-attachment":"scroll","background-type":"","background-media":"","overlay-type":"","overlay-color":"","overlay-opacity":"","overlay-gradient":""},"mobile":{"background-color":"var(--ast-global-color-5)","background-image":"","background-repeat":"repeat","background-position":"center center","background-size":"auto","background-attachment":"scroll","background-type":"","background-media":"","overlay-type":"","overlay-color":"","overlay-opacity":"","overlay-gradient":""}}},"product_brand":[],"product_cat":[61,290,60],"product_tag":[],"class_list":{"0":"post-61956","1":"product","2":"type-product","3":"status-publish","4":"has-post-thumbnail","6":"product_cat-vintage-deckenlampe-leuchter","7":"product_cat-vintage-haengeleuchte","8":"product_cat-vintage-lampen","9":"pa_farbe-silber","10":"pa_material-chromstahl","11":"pa_stil-design","12":"pa_stil-vintage","13":"desktop-align-left","14":"tablet-align-left","15":"mobile-align-left","17":"first","18":"instock","19":"sold-individually","20":"shipping-taxable","21":"purchasable","22":"product-type-simple"},"acf":[],"yoast_head":"<!-- This site is optimized with the Yoast SEO plugin v27.6 - https:\/\/yoast.com\/product\/yoast-seo-wordpress\/ -->\n<title>Verchromter Kronleuchter Reggiani\/Sciolari 70er Jahre | Vintage M\u00f6bel kaufen auf KURATO.CH<\/title>\n<meta name=\"description\" content=\"Entdecke Vintage M\u00f6bel &amp; Dekoration \u27a4 Verchromter Kronleuchter Reggiani\/Sciolari 70er Jahre auf Kurato. \u2713Lieferung Schweiz \u271314-Tage R\u00fcckgabe \u2713Secondhand Unikat\" \/>\n<meta name=\"robots\" content=\"index, follow, max-snippet:-1, max-image-preview:large, max-video-preview:-1\" \/>\n<link rel=\"canonical\" href=\"https:\/\/kurato.ch\/fr\/product\/verchromter-kronleuchter-reggiani-sciolari-70er-jahre\/\" \/>\n<meta property=\"og:locale\" content=\"fr_FR\" \/>\n<meta property=\"og:type\" content=\"article\" \/>\n<meta property=\"og:title\" content=\"Verchromter Kronleuchter Reggiani\/Sciolari 70er Jahre | Vintage M\u00f6bel kaufen auf KURATO.CH\" \/>\n<meta property=\"og:description\" content=\"Entdecke Vintage M\u00f6bel &amp; Dekoration \u27a4 Verchromter Kronleuchter Reggiani\/Sciolari 70er Jahre auf Kurato. \u2713Lieferung Schweiz \u271314-Tage R\u00fcckgabe \u2713Secondhand Unikat\" \/>\n<meta property=\"og:url\" content=\"https:\/\/kurato.ch\/fr\/product\/verchromter-kronleuchter-reggiani-sciolari-70er-jahre\/\" \/>\n<meta property=\"og:site_name\" content=\"Vintage M\u00f6bel &amp; Dekoration I Kurato\" \/>\n<meta property=\"article:publisher\" content=\"https:\/\/www.facebook.com\/kuratoswitzerland\" \/>\n<meta property=\"article:modified_time\" content=\"2026-03-27T15:50:27+00:00\" \/>\n<meta property=\"og:image\" content=\"https:\/\/kurato.ch\/wp-content\/uploads\/2024\/09\/Lustre-chrome-italien-Reggiani-Sciolari-annees-70-vintage-secondhand-gebraucht-schweiz-8.jpg\" \/>\n\t<meta property=\"og:image:width\" content=\"800\" \/>\n\t<meta property=\"og:image:height\" content=\"800\" \/>\n\t<meta property=\"og:image:type\" content=\"image\/jpeg\" \/>\n<meta name=\"twitter:label1\" content=\"Dur\u00e9e de lecture estim\u00e9e\" \/>\n\t<meta name=\"twitter:data1\" content=\"1 minute\" \/>\n<script type=\"application\/ld+json\" class=\"yoast-schema-graph\">{\"@context\":\"https:\\\/\\\/schema.org\",\"@graph\":[{\"@type\":\"WebPage\",\"@id\":\"https:\\\/\\\/kurato.ch\\\/product\\\/verchromter-kronleuchter-reggiani-sciolari-70er-jahre\\\/\",\"url\":\"https:\\\/\\\/kurato.ch\\\/product\\\/verchromter-kronleuchter-reggiani-sciolari-70er-jahre\\\/\",\"name\":\"Verchromter Kronleuchter Reggiani\\\/Sciolari 70er Jahre | Vintage M\u00f6bel kaufen auf KURATO.CH\",\"isPartOf\":{\"@id\":\"https:\\\/\\\/kurato.ch\\\/#website\"},\"primaryImageOfPage\":{\"@id\":\"https:\\\/\\\/kurato.ch\\\/product\\\/verchromter-kronleuchter-reggiani-sciolari-70er-jahre\\\/#primaryimage\"},\"image\":{\"@id\":\"https:\\\/\\\/kurato.ch\\\/product\\\/verchromter-kronleuchter-reggiani-sciolari-70er-jahre\\\/#primaryimage\"},\"thumbnailUrl\":\"https:\\\/\\\/kurato.ch\\\/wp-content\\\/uploads\\\/2024\\\/09\\\/Lustre-chrome-italien-Reggiani-Sciolari-annees-70-vintage-secondhand-gebraucht-schweiz-8.jpg\",\"datePublished\":\"2024-09-07T19:10:28+00:00\",\"dateModified\":\"2026-03-27T15:50:27+00:00\",\"description\":\"Entdecke Vintage M\u00f6bel & Dekoration \u27a4 Verchromter Kronleuchter Reggiani\\\/Sciolari 70er Jahre auf Kurato. \u2713Lieferung Schweiz \u271314-Tage R\u00fcckgabe \u2713Secondhand Unikat\",\"breadcrumb\":{\"@id\":\"https:\\\/\\\/kurato.ch\\\/product\\\/verchromter-kronleuchter-reggiani-sciolari-70er-jahre\\\/#breadcrumb\"},\"inLanguage\":\"fr-FR\",\"potentialAction\":[{\"@type\":\"ReadAction\",\"target\":[\"https:\\\/\\\/kurato.ch\\\/product\\\/verchromter-kronleuchter-reggiani-sciolari-70er-jahre\\\/\"]}]},{\"@type\":\"ImageObject\",\"inLanguage\":\"fr-FR\",\"@id\":\"https:\\\/\\\/kurato.ch\\\/product\\\/verchromter-kronleuchter-reggiani-sciolari-70er-jahre\\\/#primaryimage\",\"url\":\"https:\\\/\\\/kurato.ch\\\/wp-content\\\/uploads\\\/2024\\\/09\\\/Lustre-chrome-italien-Reggiani-Sciolari-annees-70-vintage-secondhand-gebraucht-schweiz-8.jpg\",\"contentUrl\":\"https:\\\/\\\/kurato.ch\\\/wp-content\\\/uploads\\\/2024\\\/09\\\/Lustre-chrome-italien-Reggiani-Sciolari-annees-70-vintage-secondhand-gebraucht-schweiz-8.jpg\",\"width\":800,\"height\":800,\"caption\":\"Lustre chrom\u00e9 italien Reggiani\\\/Sciolari ann\u00e9es 70\"},{\"@type\":\"BreadcrumbList\",\"@id\":\"https:\\\/\\\/kurato.ch\\\/product\\\/verchromter-kronleuchter-reggiani-sciolari-70er-jahre\\\/#breadcrumb\",\"itemListElement\":[{\"@type\":\"ListItem\",\"position\":1,\"name\":\"Home\",\"item\":\"https:\\\/\\\/kurato.ch\\\/\"},{\"@type\":\"ListItem\",\"position\":2,\"name\":\"Neuheiten\",\"item\":\"https:\\\/\\\/kurato.ch\\\/neuheiten\\\/\"},{\"@type\":\"ListItem\",\"position\":3,\"name\":\"Verchromter Kronleuchter Reggiani\\\/Sciolari 70er Jahre\"}]},{\"@type\":\"WebSite\",\"@id\":\"https:\\\/\\\/kurato.ch\\\/#website\",\"url\":\"https:\\\/\\\/kurato.ch\\\/\",\"name\":\"Vintage M\u00f6bel &amp; Dekoration I Kurato\",\"description\":\"Vintage M\u00f6bel &amp; Dekoration I Kurato\",\"publisher\":{\"@id\":\"https:\\\/\\\/kurato.ch\\\/#organization\"},\"potentialAction\":[{\"@type\":\"SearchAction\",\"target\":{\"@type\":\"EntryPoint\",\"urlTemplate\":\"https:\\\/\\\/kurato.ch\\\/?s={search_term_string}\"},\"query-input\":{\"@type\":\"PropertyValueSpecification\",\"valueRequired\":true,\"valueName\":\"search_term_string\"}}],\"inLanguage\":\"fr-FR\"},{\"@type\":\"Organization\",\"@id\":\"https:\\\/\\\/kurato.ch\\\/#organization\",\"name\":\"Kurato.\",\"url\":\"https:\\\/\\\/kurato.ch\\\/\",\"logo\":{\"@type\":\"ImageObject\",\"inLanguage\":\"fr-FR\",\"@id\":\"https:\\\/\\\/kurato.ch\\\/#\\\/schema\\\/logo\\\/image\\\/\",\"url\":\"\",\"contentUrl\":\"\",\"caption\":\"Kurato.\"},\"image\":{\"@id\":\"https:\\\/\\\/kurato.ch\\\/#\\\/schema\\\/logo\\\/image\\\/\"},\"sameAs\":[\"https:\\\/\\\/www.facebook.com\\\/kuratoswitzerland\",\"https:\\\/\\\/www.instagram.com\\\/kurato.ch\\\/\",\"https:\\\/\\\/www.pinterest.ch\\\/kurato_ch\\\/_created\\\/\"]}]}<\/script>\n<!-- \/ Yoast SEO plugin. -->","yoast_head_json":{"title":"Verchromter Kronleuchter Reggiani\/Sciolari 70er Jahre | Vintage M\u00f6bel kaufen auf KURATO.CH","description":"Entdecke Vintage M\u00f6bel & Dekoration \u27a4 Verchromter Kronleuchter Reggiani\/Sciolari 70er Jahre auf Kurato. \u2713Lieferung Schweiz \u271314-Tage R\u00fcckgabe \u2713Secondhand Unikat","robots":{"index":"index","follow":"follow","max-snippet":"max-snippet:-1","max-image-preview":"max-image-preview:large","max-video-preview":"max-video-preview:-1"},"canonical":"https:\/\/kurato.ch\/fr\/product\/verchromter-kronleuchter-reggiani-sciolari-70er-jahre\/","og_locale":"fr_FR","og_type":"article","og_title":"Verchromter Kronleuchter Reggiani\/Sciolari 70er Jahre | Vintage M\u00f6bel kaufen auf KURATO.CH","og_description":"Entdecke Vintage M\u00f6bel & Dekoration \u27a4 Verchromter Kronleuchter Reggiani\/Sciolari 70er Jahre auf Kurato. \u2713Lieferung Schweiz \u271314-Tage R\u00fcckgabe \u2713Secondhand Unikat","og_url":"https:\/\/kurato.ch\/fr\/product\/verchromter-kronleuchter-reggiani-sciolari-70er-jahre\/","og_site_name":"Vintage M\u00f6bel &amp; Dekoration I Kurato","article_publisher":"https:\/\/www.facebook.com\/kuratoswitzerland","article_modified_time":"2026-03-27T15:50:27+00:00","og_image":[{"width":800,"height":800,"url":"https:\/\/kurato.ch\/wp-content\/uploads\/2024\/09\/Lustre-chrome-italien-Reggiani-Sciolari-annees-70-vintage-secondhand-gebraucht-schweiz-8.jpg","type":"image\/jpeg"}],"twitter_misc":{"Dur\u00e9e de lecture estim\u00e9e":"1 minute"},"schema":{"@context":"https:\/\/schema.org","@graph":[{"@type":"WebPage","@id":"https:\/\/kurato.ch\/product\/verchromter-kronleuchter-reggiani-sciolari-70er-jahre\/","url":"https:\/\/kurato.ch\/product\/verchromter-kronleuchter-reggiani-sciolari-70er-jahre\/","name":"Verchromter Kronleuchter Reggiani\/Sciolari 70er Jahre | Vintage M\u00f6bel kaufen auf KURATO.CH","isPartOf":{"@id":"https:\/\/kurato.ch\/#website"},"primaryImageOfPage":{"@id":"https:\/\/kurato.ch\/product\/verchromter-kronleuchter-reggiani-sciolari-70er-jahre\/#primaryimage"},"image":{"@id":"https:\/\/kurato.ch\/product\/verchromter-kronleuchter-reggiani-sciolari-70er-jahre\/#primaryimage"},"thumbnailUrl":"https:\/\/kurato.ch\/wp-content\/uploads\/2024\/09\/Lustre-chrome-italien-Reggiani-Sciolari-annees-70-vintage-secondhand-gebraucht-schweiz-8.jpg","datePublished":"2024-09-07T19:10:28+00:00","dateModified":"2026-03-27T15:50:27+00:00","description":"Entdecke Vintage M\u00f6bel & Dekoration \u27a4 Verchromter Kronleuchter Reggiani\/Sciolari 70er Jahre auf Kurato. \u2713Lieferung Schweiz \u271314-Tage R\u00fcckgabe \u2713Secondhand Unikat","breadcrumb":{"@id":"https:\/\/kurato.ch\/product\/verchromter-kronleuchter-reggiani-sciolari-70er-jahre\/#breadcrumb"},"inLanguage":"fr-FR","potentialAction":[{"@type":"ReadAction","target":["https:\/\/kurato.ch\/product\/verchromter-kronleuchter-reggiani-sciolari-70er-jahre\/"]}]},{"@type":"ImageObject","inLanguage":"fr-FR","@id":"https:\/\/kurato.ch\/product\/verchromter-kronleuchter-reggiani-sciolari-70er-jahre\/#primaryimage","url":"https:\/\/kurato.ch\/wp-content\/uploads\/2024\/09\/Lustre-chrome-italien-Reggiani-Sciolari-annees-70-vintage-secondhand-gebraucht-schweiz-8.jpg","contentUrl":"https:\/\/kurato.ch\/wp-content\/uploads\/2024\/09\/Lustre-chrome-italien-Reggiani-Sciolari-annees-70-vintage-secondhand-gebraucht-schweiz-8.jpg","width":800,"height":800,"caption":"Lustre chrom\u00e9 italien Reggiani\/Sciolari ann\u00e9es 70"},{"@type":"BreadcrumbList","@id":"https:\/\/kurato.ch\/product\/verchromter-kronleuchter-reggiani-sciolari-70er-jahre\/#breadcrumb","itemListElement":[{"@type":"ListItem","position":1,"name":"Home","item":"https:\/\/kurato.ch\/"},{"@type":"ListItem","position":2,"name":"Neuheiten","item":"https:\/\/kurato.ch\/neuheiten\/"},{"@type":"ListItem","position":3,"name":"Verchromter Kronleuchter Reggiani\/Sciolari 70er Jahre"}]},{"@type":"WebSite","@id":"https:\/\/kurato.ch\/#website","url":"https:\/\/kurato.ch\/","name":"Meubles vintage &amp; d\u00e9coration I Kurato","description":"Meubles vintage &amp; d\u00e9coration I Kurato","publisher":{"@id":"https:\/\/kurato.ch\/#organization"},"potentialAction":[{"@type":"SearchAction","target":{"@type":"EntryPoint","urlTemplate":"https:\/\/kurato.ch\/?s={search_term_string}"},"query-input":{"@type":"PropertyValueSpecification","valueRequired":true,"valueName":"search_term_string"}}],"inLanguage":"fr-FR"},{"@type":"Organization","@id":"https:\/\/kurato.ch\/#organization","name":"Kurato.","url":"https:\/\/kurato.ch\/","logo":{"@type":"ImageObject","inLanguage":"fr-FR","@id":"https:\/\/kurato.ch\/#\/schema\/logo\/image\/","url":"","contentUrl":"","caption":"Kurato."},"image":{"@id":"https:\/\/kurato.ch\/#\/schema\/logo\/image\/"},"sameAs":["https:\/\/www.facebook.com\/kuratoswitzerland","https:\/\/www.instagram.com\/kurato.ch\/","https:\/\/www.pinterest.ch\/kurato_ch\/_created\/"]}]}},"_links":{"self":[{"href":"https:\/\/kurato.ch\/fr\/wp-json\/wp\/v2\/product\/61956","targetHints":{"allow":["GET"]}}],"collection":[{"href":"https:\/\/kurato.ch\/fr\/wp-json\/wp\/v2\/product"}],"about":[{"href":"https:\/\/kurato.ch\/fr\/wp-json\/wp\/v2\/types\/product"}],"wp:featuredmedia":[{"embeddable":true,"href":"https:\/\/kurato.ch\/fr\/wp-json\/wp\/v2\/media\/62025"}],"wp:attachment":[{"href":"https:\/\/kurato.ch\/fr\/wp-json\/wp\/v2\/media?parent=61956"}],"wp:term":[{"taxonomy":"product_brand","embeddable":true,"href":"https:\/\/kurato.ch\/fr\/wp-json\/wp\/v2\/product_brand?post=61956"},{"taxonomy":"product_cat","embeddable":true,"href":"https:\/\/kurato.ch\/fr\/wp-json\/wp\/v2\/product_cat?post=61956"},{"taxonomy":"product_tag","embeddable":true,"href":"https:\/\/kurato.ch\/fr\/wp-json\/wp\/v2\/product_tag?post=61956"}],"curies":[{"name":"wp","href":"https:\/\/api.w.org\/{rel}","templated":true}]}}