{"id":61996,"date":"2024-09-08T11:16:01","date_gmt":"2024-09-08T09:16:01","guid":{"rendered":"https:\/\/kurato.ch\/?post_type=product&#038;p=61996"},"modified":"2024-09-08T11:16:02","modified_gmt":"2024-09-08T09:16:02","slug":"modulares-stoffsofa-schweiz-1960er-jahre","status":"publish","type":"product","link":"https:\/\/kurato.ch\/fr\/product\/modulares-stoffsofa-schweiz-1960er-jahre\/","title":{"rendered":"Modulares Stoffsofa, Schweiz, 1960er Jahre"},"content":{"rendered":"<p>Dieses dreisitzige Sofa im &#8222;internationalen Stil&#8220; erinnert an die Entw\u00fcrfe einiger Sofas des Niederl\u00e4nders Kho Liang Ie in den sp\u00e4ten 60er Jahren. Minimalistisch und doch verspielt, lassen sich die Sitzfl\u00e4chen untereinander austauschen. Das Gestell aus Massivholz ist vollst\u00e4ndig von mehreren schwarzen Metallb\u00e4ndern umgeben, die den perfekten Halt der Sitzfl\u00e4chen garantieren. <\/p>\n<p>Zustand: gut, keine Risse im Stoff<\/p>\n<p><br data-mce-bogus=\"1\"><\/p>","protected":false},"excerpt":{"rendered":"<p>Dieses dreisitzige Sofa im &#8222;internationalen Stil&#8220; erinnert an die Entw\u00fcrfe einiger Sofas des Niederl\u00e4nders Kho Liang Ie in den sp\u00e4ten 60er Jahren. Minimalistisch und doch verspielt, lassen sich die Sitzfl\u00e4chen untereinander austauschen. Das Gestell aus Massivholz ist vollst\u00e4ndig von mehreren schwarzen Metallb\u00e4ndern umgeben, die den perfekten Halt der Sitzfl\u00e4chen garantieren. Zustand: gut, keine Risse im [&hellip;]<\/p>\n","protected":false},"featured_media":62048,"template":"","meta":{"_acf_changed":false,"site-sidebar-layout":"default","site-content-layout":"","ast-site-content-layout":"default","site-content-style":"default","site-sidebar-style":"default","ast-global-header-display":"","ast-banner-title-visibility":"","ast-main-header-display":"","ast-hfb-above-header-display":"","ast-hfb-below-header-display":"","ast-hfb-mobile-header-display":"","site-post-title":"","ast-breadcrumbs-content":"","ast-featured-img":"","footer-sml-layout":"","ast-disable-related-posts":"","theme-transparent-header-meta":"","adv-header-id-meta":"","stick-header-meta":"","header-above-stick-meta":"","header-main-stick-meta":"","header-below-stick-meta":"","astra-migrate-meta-layouts":"default","ast-page-background-enabled":"default","ast-page-background-meta":{"desktop":{"background-color":"","background-image":"","background-repeat":"repeat","background-position":"center center","background-size":"auto","background-attachment":"scroll","background-type":"","background-media":"","overlay-type":"","overlay-color":"","overlay-opacity":"","overlay-gradient":""},"tablet":{"background-color":"","background-image":"","background-repeat":"repeat","background-position":"center center","background-size":"auto","background-attachment":"scroll","background-type":"","background-media":"","overlay-type":"","overlay-color":"","overlay-opacity":"","overlay-gradient":""},"mobile":{"background-color":"","background-image":"","background-repeat":"repeat","background-position":"center center","background-size":"auto","background-attachment":"scroll","background-type":"","background-media":"","overlay-type":"","overlay-color":"","overlay-opacity":"","overlay-gradient":""}},"ast-content-background-meta":{"desktop":{"background-color":"var(--ast-global-color-5)","background-image":"","background-repeat":"repeat","background-position":"center center","background-size":"auto","background-attachment":"scroll","background-type":"","background-media":"","overlay-type":"","overlay-color":"","overlay-opacity":"","overlay-gradient":""},"tablet":{"background-color":"var(--ast-global-color-5)","background-image":"","background-repeat":"repeat","background-position":"center center","background-size":"auto","background-attachment":"scroll","background-type":"","background-media":"","overlay-type":"","overlay-color":"","overlay-opacity":"","overlay-gradient":""},"mobile":{"background-color":"var(--ast-global-color-5)","background-image":"","background-repeat":"repeat","background-position":"center center","background-size":"auto","background-attachment":"scroll","background-type":"","background-media":"","overlay-type":"","overlay-color":"","overlay-opacity":"","overlay-gradient":""}}},"product_brand":[],"product_cat":[158,156],"product_tag":[],"class_list":{"0":"post-61996","1":"product","2":"type-product","3":"status-publish","4":"has-post-thumbnail","6":"product_cat-3-sitzer","7":"product_cat-vintage-sofas-sitzbank","8":"pa_farbe-blau","9":"pa_farbe-grau","10":"pa_material-metall","11":"pa_material-stoff","12":"pa_stil-skandinavisch-mid-century","13":"desktop-align-left","14":"tablet-align-left","15":"mobile-align-left","17":"first","18":"instock","19":"sold-individually","20":"shipping-taxable","21":"purchasable","22":"product-type-simple"},"acf":[],"yoast_head":"<!-- This site is optimized with the Yoast SEO plugin v27.4 - https:\/\/yoast.com\/product\/yoast-seo-wordpress\/ -->\n<title>Modulares Stoffsofa, Schweiz, 1960er Jahre | Vintage M\u00f6bel kaufen auf KURATO.CH<\/title>\n<meta name=\"description\" content=\"Entdecke Vintage M\u00f6bel &amp; Dekoration \u27a4 Modulares Stoffsofa, Schweiz, 1960er Jahre auf Kurato. \u2713Lieferung Schweiz \u271314-Tage R\u00fcckgabe \u2713Secondhand Unikat\" \/>\n<meta name=\"robots\" content=\"index, follow, max-snippet:-1, max-image-preview:large, max-video-preview:-1\" \/>\n<link rel=\"canonical\" href=\"https:\/\/kurato.ch\/fr\/product\/modulares-stoffsofa-schweiz-1960er-jahre\/\" \/>\n<meta property=\"og:locale\" content=\"fr_FR\" \/>\n<meta property=\"og:type\" content=\"article\" \/>\n<meta property=\"og:title\" content=\"Modulares Stoffsofa, Schweiz, 1960er Jahre | Vintage M\u00f6bel kaufen auf KURATO.CH\" \/>\n<meta property=\"og:description\" content=\"Entdecke Vintage M\u00f6bel &amp; Dekoration \u27a4 Modulares Stoffsofa, Schweiz, 1960er Jahre auf Kurato. \u2713Lieferung Schweiz \u271314-Tage R\u00fcckgabe \u2713Secondhand Unikat\" \/>\n<meta property=\"og:url\" content=\"https:\/\/kurato.ch\/fr\/product\/modulares-stoffsofa-schweiz-1960er-jahre\/\" \/>\n<meta property=\"og:site_name\" content=\"Vintage M\u00f6bel &amp; Dekoration I Kurato\" \/>\n<meta property=\"article:publisher\" content=\"https:\/\/www.facebook.com\/kuratoswitzerland\" \/>\n<meta property=\"article:modified_time\" content=\"2024-09-08T09:16:02+00:00\" \/>\n<meta property=\"og:image\" content=\"https:\/\/kurato.ch\/wp-content\/uploads\/2024\/09\/Modulares-Stoffsofa-Schweiz-1960er-Jahre-vintage-secondhand-gebraucht-schweiz-8.jpg\" \/>\n\t<meta property=\"og:image:width\" content=\"800\" \/>\n\t<meta property=\"og:image:height\" content=\"800\" \/>\n\t<meta property=\"og:image:type\" content=\"image\/jpeg\" \/>\n<script type=\"application\/ld+json\" class=\"yoast-schema-graph\">{\"@context\":\"https:\\\/\\\/schema.org\",\"@graph\":[{\"@type\":\"WebPage\",\"@id\":\"https:\\\/\\\/kurato.ch\\\/product\\\/modulares-stoffsofa-schweiz-1960er-jahre\\\/\",\"url\":\"https:\\\/\\\/kurato.ch\\\/product\\\/modulares-stoffsofa-schweiz-1960er-jahre\\\/\",\"name\":\"Modulares Stoffsofa, Schweiz, 1960er Jahre | Vintage M\u00f6bel kaufen auf KURATO.CH\",\"isPartOf\":{\"@id\":\"https:\\\/\\\/kurato.ch\\\/#website\"},\"primaryImageOfPage\":{\"@id\":\"https:\\\/\\\/kurato.ch\\\/product\\\/modulares-stoffsofa-schweiz-1960er-jahre\\\/#primaryimage\"},\"image\":{\"@id\":\"https:\\\/\\\/kurato.ch\\\/product\\\/modulares-stoffsofa-schweiz-1960er-jahre\\\/#primaryimage\"},\"thumbnailUrl\":\"https:\\\/\\\/kurato.ch\\\/wp-content\\\/uploads\\\/2024\\\/09\\\/Modulares-Stoffsofa-Schweiz-1960er-Jahre-vintage-secondhand-gebraucht-schweiz-8.jpg\",\"datePublished\":\"2024-09-08T09:16:01+00:00\",\"dateModified\":\"2024-09-08T09:16:02+00:00\",\"description\":\"Entdecke Vintage M\u00f6bel & Dekoration \u27a4 Modulares Stoffsofa, Schweiz, 1960er Jahre auf Kurato. \u2713Lieferung Schweiz \u271314-Tage R\u00fcckgabe \u2713Secondhand Unikat\",\"breadcrumb\":{\"@id\":\"https:\\\/\\\/kurato.ch\\\/product\\\/modulares-stoffsofa-schweiz-1960er-jahre\\\/#breadcrumb\"},\"inLanguage\":\"fr-FR\",\"potentialAction\":[{\"@type\":\"ReadAction\",\"target\":[\"https:\\\/\\\/kurato.ch\\\/product\\\/modulares-stoffsofa-schweiz-1960er-jahre\\\/\"]}]},{\"@type\":\"ImageObject\",\"inLanguage\":\"fr-FR\",\"@id\":\"https:\\\/\\\/kurato.ch\\\/product\\\/modulares-stoffsofa-schweiz-1960er-jahre\\\/#primaryimage\",\"url\":\"https:\\\/\\\/kurato.ch\\\/wp-content\\\/uploads\\\/2024\\\/09\\\/Modulares-Stoffsofa-Schweiz-1960er-Jahre-vintage-secondhand-gebraucht-schweiz-8.jpg\",\"contentUrl\":\"https:\\\/\\\/kurato.ch\\\/wp-content\\\/uploads\\\/2024\\\/09\\\/Modulares-Stoffsofa-Schweiz-1960er-Jahre-vintage-secondhand-gebraucht-schweiz-8.jpg\",\"width\":800,\"height\":800,\"caption\":\"Modulares Stoffsofa, Schweiz, 1960er Jahre\"},{\"@type\":\"BreadcrumbList\",\"@id\":\"https:\\\/\\\/kurato.ch\\\/product\\\/modulares-stoffsofa-schweiz-1960er-jahre\\\/#breadcrumb\",\"itemListElement\":[{\"@type\":\"ListItem\",\"position\":1,\"name\":\"Home\",\"item\":\"https:\\\/\\\/kurato.ch\\\/\"},{\"@type\":\"ListItem\",\"position\":2,\"name\":\"Neuheiten\",\"item\":\"https:\\\/\\\/kurato.ch\\\/neuheiten\\\/\"},{\"@type\":\"ListItem\",\"position\":3,\"name\":\"Modulares Stoffsofa, Schweiz, 1960er Jahre\"}]},{\"@type\":\"WebSite\",\"@id\":\"https:\\\/\\\/kurato.ch\\\/#website\",\"url\":\"https:\\\/\\\/kurato.ch\\\/\",\"name\":\"Vintage M\u00f6bel &amp; Dekoration I Kurato\",\"description\":\"Vintage M\u00f6bel &amp; Dekoration I Kurato\",\"publisher\":{\"@id\":\"https:\\\/\\\/kurato.ch\\\/#organization\"},\"potentialAction\":[{\"@type\":\"SearchAction\",\"target\":{\"@type\":\"EntryPoint\",\"urlTemplate\":\"https:\\\/\\\/kurato.ch\\\/?s={search_term_string}\"},\"query-input\":{\"@type\":\"PropertyValueSpecification\",\"valueRequired\":true,\"valueName\":\"search_term_string\"}}],\"inLanguage\":\"fr-FR\"},{\"@type\":\"Organization\",\"@id\":\"https:\\\/\\\/kurato.ch\\\/#organization\",\"name\":\"Kurato.\",\"url\":\"https:\\\/\\\/kurato.ch\\\/\",\"logo\":{\"@type\":\"ImageObject\",\"inLanguage\":\"fr-FR\",\"@id\":\"https:\\\/\\\/kurato.ch\\\/#\\\/schema\\\/logo\\\/image\\\/\",\"url\":\"\",\"contentUrl\":\"\",\"caption\":\"Kurato.\"},\"image\":{\"@id\":\"https:\\\/\\\/kurato.ch\\\/#\\\/schema\\\/logo\\\/image\\\/\"},\"sameAs\":[\"https:\\\/\\\/www.facebook.com\\\/kuratoswitzerland\",\"https:\\\/\\\/www.instagram.com\\\/kurato.ch\\\/\",\"https:\\\/\\\/www.pinterest.ch\\\/kurato_ch\\\/_created\\\/\"]}]}<\/script>\n<!-- \/ Yoast SEO plugin. -->","yoast_head_json":{"title":"Modulares Stoffsofa, Schweiz, 1960er Jahre | Vintage M\u00f6bel kaufen auf KURATO.CH","description":"Entdecke Vintage M\u00f6bel & Dekoration \u27a4 Modulares Stoffsofa, Schweiz, 1960er Jahre auf Kurato. \u2713Lieferung Schweiz \u271314-Tage R\u00fcckgabe \u2713Secondhand Unikat","robots":{"index":"index","follow":"follow","max-snippet":"max-snippet:-1","max-image-preview":"max-image-preview:large","max-video-preview":"max-video-preview:-1"},"canonical":"https:\/\/kurato.ch\/fr\/product\/modulares-stoffsofa-schweiz-1960er-jahre\/","og_locale":"fr_FR","og_type":"article","og_title":"Modulares Stoffsofa, Schweiz, 1960er Jahre | Vintage M\u00f6bel kaufen auf KURATO.CH","og_description":"Entdecke Vintage M\u00f6bel & Dekoration \u27a4 Modulares Stoffsofa, Schweiz, 1960er Jahre auf Kurato. \u2713Lieferung Schweiz \u271314-Tage R\u00fcckgabe \u2713Secondhand Unikat","og_url":"https:\/\/kurato.ch\/fr\/product\/modulares-stoffsofa-schweiz-1960er-jahre\/","og_site_name":"Vintage M\u00f6bel &amp; Dekoration I Kurato","article_publisher":"https:\/\/www.facebook.com\/kuratoswitzerland","article_modified_time":"2024-09-08T09:16:02+00:00","og_image":[{"width":800,"height":800,"url":"https:\/\/kurato.ch\/wp-content\/uploads\/2024\/09\/Modulares-Stoffsofa-Schweiz-1960er-Jahre-vintage-secondhand-gebraucht-schweiz-8.jpg","type":"image\/jpeg"}],"schema":{"@context":"https:\/\/schema.org","@graph":[{"@type":"WebPage","@id":"https:\/\/kurato.ch\/product\/modulares-stoffsofa-schweiz-1960er-jahre\/","url":"https:\/\/kurato.ch\/product\/modulares-stoffsofa-schweiz-1960er-jahre\/","name":"Modulares Stoffsofa, Schweiz, 1960er Jahre | Vintage M\u00f6bel kaufen auf KURATO.CH","isPartOf":{"@id":"https:\/\/kurato.ch\/#website"},"primaryImageOfPage":{"@id":"https:\/\/kurato.ch\/product\/modulares-stoffsofa-schweiz-1960er-jahre\/#primaryimage"},"image":{"@id":"https:\/\/kurato.ch\/product\/modulares-stoffsofa-schweiz-1960er-jahre\/#primaryimage"},"thumbnailUrl":"https:\/\/kurato.ch\/wp-content\/uploads\/2024\/09\/Modulares-Stoffsofa-Schweiz-1960er-Jahre-vintage-secondhand-gebraucht-schweiz-8.jpg","datePublished":"2024-09-08T09:16:01+00:00","dateModified":"2024-09-08T09:16:02+00:00","description":"Entdecke Vintage M\u00f6bel & Dekoration \u27a4 Modulares Stoffsofa, Schweiz, 1960er Jahre auf Kurato. \u2713Lieferung Schweiz \u271314-Tage R\u00fcckgabe \u2713Secondhand Unikat","breadcrumb":{"@id":"https:\/\/kurato.ch\/product\/modulares-stoffsofa-schweiz-1960er-jahre\/#breadcrumb"},"inLanguage":"fr-FR","potentialAction":[{"@type":"ReadAction","target":["https:\/\/kurato.ch\/product\/modulares-stoffsofa-schweiz-1960er-jahre\/"]}]},{"@type":"ImageObject","inLanguage":"fr-FR","@id":"https:\/\/kurato.ch\/product\/modulares-stoffsofa-schweiz-1960er-jahre\/#primaryimage","url":"https:\/\/kurato.ch\/wp-content\/uploads\/2024\/09\/Modulares-Stoffsofa-Schweiz-1960er-Jahre-vintage-secondhand-gebraucht-schweiz-8.jpg","contentUrl":"https:\/\/kurato.ch\/wp-content\/uploads\/2024\/09\/Modulares-Stoffsofa-Schweiz-1960er-Jahre-vintage-secondhand-gebraucht-schweiz-8.jpg","width":800,"height":800,"caption":"Modulares Stoffsofa, Schweiz, 1960er Jahre"},{"@type":"BreadcrumbList","@id":"https:\/\/kurato.ch\/product\/modulares-stoffsofa-schweiz-1960er-jahre\/#breadcrumb","itemListElement":[{"@type":"ListItem","position":1,"name":"Home","item":"https:\/\/kurato.ch\/"},{"@type":"ListItem","position":2,"name":"Neuheiten","item":"https:\/\/kurato.ch\/neuheiten\/"},{"@type":"ListItem","position":3,"name":"Modulares Stoffsofa, Schweiz, 1960er Jahre"}]},{"@type":"WebSite","@id":"https:\/\/kurato.ch\/#website","url":"https:\/\/kurato.ch\/","name":"Meubles vintage &amp; d\u00e9coration I Kurato","description":"Meubles vintage &amp; d\u00e9coration I Kurato","publisher":{"@id":"https:\/\/kurato.ch\/#organization"},"potentialAction":[{"@type":"SearchAction","target":{"@type":"EntryPoint","urlTemplate":"https:\/\/kurato.ch\/?s={search_term_string}"},"query-input":{"@type":"PropertyValueSpecification","valueRequired":true,"valueName":"search_term_string"}}],"inLanguage":"fr-FR"},{"@type":"Organization","@id":"https:\/\/kurato.ch\/#organization","name":"Kurato.","url":"https:\/\/kurato.ch\/","logo":{"@type":"ImageObject","inLanguage":"fr-FR","@id":"https:\/\/kurato.ch\/#\/schema\/logo\/image\/","url":"","contentUrl":"","caption":"Kurato."},"image":{"@id":"https:\/\/kurato.ch\/#\/schema\/logo\/image\/"},"sameAs":["https:\/\/www.facebook.com\/kuratoswitzerland","https:\/\/www.instagram.com\/kurato.ch\/","https:\/\/www.pinterest.ch\/kurato_ch\/_created\/"]}]}},"_links":{"self":[{"href":"https:\/\/kurato.ch\/fr\/wp-json\/wp\/v2\/product\/61996","targetHints":{"allow":["GET"]}}],"collection":[{"href":"https:\/\/kurato.ch\/fr\/wp-json\/wp\/v2\/product"}],"about":[{"href":"https:\/\/kurato.ch\/fr\/wp-json\/wp\/v2\/types\/product"}],"wp:featuredmedia":[{"embeddable":true,"href":"https:\/\/kurato.ch\/fr\/wp-json\/wp\/v2\/media\/62048"}],"wp:attachment":[{"href":"https:\/\/kurato.ch\/fr\/wp-json\/wp\/v2\/media?parent=61996"}],"wp:term":[{"taxonomy":"product_brand","embeddable":true,"href":"https:\/\/kurato.ch\/fr\/wp-json\/wp\/v2\/product_brand?post=61996"},{"taxonomy":"product_cat","embeddable":true,"href":"https:\/\/kurato.ch\/fr\/wp-json\/wp\/v2\/product_cat?post=61996"},{"taxonomy":"product_tag","embeddable":true,"href":"https:\/\/kurato.ch\/fr\/wp-json\/wp\/v2\/product_tag?post=61996"}],"curies":[{"name":"wp","href":"https:\/\/api.w.org\/{rel}","templated":true}]}}