{"id":62026,"date":"2024-09-08T11:04:37","date_gmt":"2024-09-08T09:04:37","guid":{"rendered":"https:\/\/kurato.ch\/fr\/?post_type=product&#038;p=62026"},"modified":"2026-03-27T17:50:21","modified_gmt":"2026-03-27T15:50:21","slug":"wandteppich-von-heike-schildhauer-fuer-kus-design","status":"publish","type":"product","link":"https:\/\/kurato.ch\/fr\/product\/wandteppich-von-heike-schildhauer-fuer-kus-design\/","title":{"rendered":"Wandteppich von Heike Schildhauer f\u00fcr kus.design"},"content":{"rendered":"<p>Einziartiger\u00a0 Wandteppich oder Wandbehang, von der K\u00fcnstlerin Heike Schildhauer f\u00fcr kus.design entworfen und von vier H\u00e4nden im S\u00fcden Marokkos hergestellt. In der Absicht, handgefertigte heimische Objekte zu f\u00f6rdern,\u00a0 welche basierend auf dem Know-how der Berberfrauen in S\u00fcdmarokko hergestellt wurden, verbrachte die K\u00fcnstlerin Heike Schildhauer mehrere Wochen vor Ort in einem kleinen Dorf, in welchem beinahe alle Frauen weben und ihr\u00a0 Know-how m\u00fcndlich weitergeben.<\/p>\n<p>Von der Schur der Sirois-Schafe, dem Sortieren und Waschen der Wolle, dem Spinnen bis hin zum F\u00e4rben wurde der gesamte Entstehungsprozess des Wandbehangs vor Ort von Hand und mit nat\u00fcrlichen Produkten ausgef\u00fchrt. Das Muster wurde von der Originalzeichnung\u00a0 &#8222;J\u00fcrgen&#8220; der K\u00fcnstlerin inspiriert und ma\u00dfstabsgetreu direkt auf die Kettf\u00e4den des Webstuhls gezeichnet. Die Ausarbeitung erfolgt mit unterschiedlichen Farben, verschiedenen Techniken, Kn\u00f6tchenstich, Flachweben, Schadeway- und Broschiertechnik, um so ein Motiv zu erhalten, das sich als Relief mit starker Ausdruckkraft pr\u00e4sentiert.<\/p>\n<p>Masse:\u00a0 Breite 118\u00a0 H\u00f6he 112 cm<\/p>\n<p>Auf Angebot ist eine Lieferung in die Schweiz m\u00f6glich.<\/p>","protected":false},"excerpt":{"rendered":"<p>Einziartiger\u00a0 Wandteppich oder Wandbehang, von der K\u00fcnstlerin Heike Schildhauer f\u00fcr kus.design entworfen und von vier H\u00e4nden im S\u00fcden Marokkos hergestellt. In der Absicht, handgefertigte heimische Objekte zu f\u00f6rdern,\u00a0 welche basierend auf dem Know-how der Berberfrauen in S\u00fcdmarokko hergestellt wurden, verbrachte die K\u00fcnstlerin Heike Schildhauer mehrere Wochen vor Ort in einem kleinen Dorf, in welchem beinahe [&hellip;]<\/p>\n","protected":false},"featured_media":62047,"template":"","meta":{"_acf_changed":false,"site-sidebar-layout":"default","site-content-layout":"","ast-site-content-layout":"default","site-content-style":"default","site-sidebar-style":"default","ast-global-header-display":"","ast-banner-title-visibility":"","ast-main-header-display":"","ast-hfb-above-header-display":"","ast-hfb-below-header-display":"","ast-hfb-mobile-header-display":"","site-post-title":"","ast-breadcrumbs-content":"","ast-featured-img":"","footer-sml-layout":"","ast-disable-related-posts":"","theme-transparent-header-meta":"","adv-header-id-meta":"","stick-header-meta":"","header-above-stick-meta":"","header-main-stick-meta":"","header-below-stick-meta":"","astra-migrate-meta-layouts":"default","ast-page-background-enabled":"default","ast-page-background-meta":{"desktop":{"background-color":"","background-image":"","background-repeat":"repeat","background-position":"center center","background-size":"auto","background-attachment":"scroll","background-type":"","background-media":"","overlay-type":"","overlay-color":"","overlay-opacity":"","overlay-gradient":""},"tablet":{"background-color":"","background-image":"","background-repeat":"repeat","background-position":"center center","background-size":"auto","background-attachment":"scroll","background-type":"","background-media":"","overlay-type":"","overlay-color":"","overlay-opacity":"","overlay-gradient":""},"mobile":{"background-color":"","background-image":"","background-repeat":"repeat","background-position":"center center","background-size":"auto","background-attachment":"scroll","background-type":"","background-media":"","overlay-type":"","overlay-color":"","overlay-opacity":"","overlay-gradient":""}},"ast-content-background-meta":{"desktop":{"background-color":"var(--ast-global-color-5)","background-image":"","background-repeat":"repeat","background-position":"center center","background-size":"auto","background-attachment":"scroll","background-type":"","background-media":"","overlay-type":"","overlay-color":"","overlay-opacity":"","overlay-gradient":""},"tablet":{"background-color":"var(--ast-global-color-5)","background-image":"","background-repeat":"repeat","background-position":"center center","background-size":"auto","background-attachment":"scroll","background-type":"","background-media":"","overlay-type":"","overlay-color":"","overlay-opacity":"","overlay-gradient":""},"mobile":{"background-color":"var(--ast-global-color-5)","background-image":"","background-repeat":"repeat","background-position":"center center","background-size":"auto","background-attachment":"scroll","background-type":"","background-media":"","overlay-type":"","overlay-color":"","overlay-opacity":"","overlay-gradient":""}}},"product_brand":[],"product_cat":[15],"product_tag":[],"class_list":{"0":"post-62026","1":"product","2":"type-product","3":"status-publish","4":"has-post-thumbnail","6":"product_cat-uncategorized","7":"pa_farbe-mehrfarbig","8":"pa_material-wolle-auf-wolle","9":"pa_stil-zeitgenossisch","10":"desktop-align-left","11":"tablet-align-left","12":"mobile-align-left","14":"first","15":"instock","16":"sold-individually","17":"shipping-taxable","18":"purchasable","19":"product-type-simple"},"acf":[],"yoast_head":"<!-- This site is optimized with the Yoast SEO plugin v27.3 - https:\/\/yoast.com\/product\/yoast-seo-wordpress\/ -->\n<title>Wandteppich von Heike Schildhauer f\u00fcr kus.design | Vintage M\u00f6bel kaufen auf KURATO.CH<\/title>\n<meta name=\"description\" content=\"Entdecke Vintage M\u00f6bel &amp; Dekoration \u27a4 Wandteppich von Heike Schildhauer f\u00fcr kus.design auf Kurato. \u2713Lieferung Schweiz \u271314-Tage R\u00fcckgabe \u2713Secondhand Unikat\" \/>\n<meta name=\"robots\" content=\"index, follow, max-snippet:-1, max-image-preview:large, max-video-preview:-1\" \/>\n<link rel=\"canonical\" href=\"https:\/\/kurato.ch\/fr\/product\/wandteppich-von-heike-schildhauer-fuer-kus-design\/\" \/>\n<meta property=\"og:locale\" content=\"fr_FR\" \/>\n<meta property=\"og:type\" content=\"article\" \/>\n<meta property=\"og:title\" content=\"Wandteppich von Heike Schildhauer f\u00fcr kus.design | Vintage M\u00f6bel kaufen auf KURATO.CH\" \/>\n<meta property=\"og:description\" content=\"Entdecke Vintage M\u00f6bel &amp; Dekoration \u27a4 Wandteppich von Heike Schildhauer f\u00fcr kus.design auf Kurato. \u2713Lieferung Schweiz \u271314-Tage R\u00fcckgabe \u2713Secondhand Unikat\" \/>\n<meta property=\"og:url\" content=\"https:\/\/kurato.ch\/fr\/product\/wandteppich-von-heike-schildhauer-fuer-kus-design\/\" \/>\n<meta property=\"og:site_name\" content=\"Vintage M\u00f6bel &amp; Dekoration I Kurato\" \/>\n<meta property=\"article:publisher\" content=\"https:\/\/www.facebook.com\/kuratoswitzerland\" \/>\n<meta property=\"article:modified_time\" content=\"2026-03-27T15:50:21+00:00\" \/>\n<meta property=\"og:image\" content=\"https:\/\/kurato.ch\/wp-content\/uploads\/2024\/09\/Wandteppich-aus-Designerwolle-vintage-secondhand-gebraucht-schweiz-8.jpg\" \/>\n\t<meta property=\"og:image:width\" content=\"800\" \/>\n\t<meta property=\"og:image:height\" content=\"800\" \/>\n\t<meta property=\"og:image:type\" content=\"image\/jpeg\" \/>\n<meta name=\"twitter:label1\" content=\"Dur\u00e9e de lecture estim\u00e9e\" \/>\n\t<meta name=\"twitter:data1\" content=\"1 minute\" \/>\n<script type=\"application\/ld+json\" class=\"yoast-schema-graph\">{\"@context\":\"https:\\\/\\\/schema.org\",\"@graph\":[{\"@type\":\"WebPage\",\"@id\":\"https:\\\/\\\/kurato.ch\\\/product\\\/wandteppich-von-heike-schildhauer-fuer-kus-design\\\/\",\"url\":\"https:\\\/\\\/kurato.ch\\\/product\\\/wandteppich-von-heike-schildhauer-fuer-kus-design\\\/\",\"name\":\"Wandteppich von Heike Schildhauer f\u00fcr kus.design | Vintage M\u00f6bel kaufen auf KURATO.CH\",\"isPartOf\":{\"@id\":\"https:\\\/\\\/kurato.ch\\\/#website\"},\"primaryImageOfPage\":{\"@id\":\"https:\\\/\\\/kurato.ch\\\/product\\\/wandteppich-von-heike-schildhauer-fuer-kus-design\\\/#primaryimage\"},\"image\":{\"@id\":\"https:\\\/\\\/kurato.ch\\\/product\\\/wandteppich-von-heike-schildhauer-fuer-kus-design\\\/#primaryimage\"},\"thumbnailUrl\":\"https:\\\/\\\/kurato.ch\\\/wp-content\\\/uploads\\\/2024\\\/09\\\/Wandteppich-aus-Designerwolle-vintage-secondhand-gebraucht-schweiz-8.jpg\",\"datePublished\":\"2024-09-08T09:04:37+00:00\",\"dateModified\":\"2026-03-27T15:50:21+00:00\",\"description\":\"Entdecke Vintage M\u00f6bel & Dekoration \u27a4 Wandteppich von Heike Schildhauer f\u00fcr kus.design auf Kurato. \u2713Lieferung Schweiz \u271314-Tage R\u00fcckgabe \u2713Secondhand Unikat\",\"breadcrumb\":{\"@id\":\"https:\\\/\\\/kurato.ch\\\/product\\\/wandteppich-von-heike-schildhauer-fuer-kus-design\\\/#breadcrumb\"},\"inLanguage\":\"fr-FR\",\"potentialAction\":[{\"@type\":\"ReadAction\",\"target\":[\"https:\\\/\\\/kurato.ch\\\/product\\\/wandteppich-von-heike-schildhauer-fuer-kus-design\\\/\"]}]},{\"@type\":\"ImageObject\",\"inLanguage\":\"fr-FR\",\"@id\":\"https:\\\/\\\/kurato.ch\\\/product\\\/wandteppich-von-heike-schildhauer-fuer-kus-design\\\/#primaryimage\",\"url\":\"https:\\\/\\\/kurato.ch\\\/wp-content\\\/uploads\\\/2024\\\/09\\\/Wandteppich-aus-Designerwolle-vintage-secondhand-gebraucht-schweiz-8.jpg\",\"contentUrl\":\"https:\\\/\\\/kurato.ch\\\/wp-content\\\/uploads\\\/2024\\\/09\\\/Wandteppich-aus-Designerwolle-vintage-secondhand-gebraucht-schweiz-8.jpg\",\"width\":800,\"height\":800,\"caption\":\"Wandteppich aus Designerwolle\"},{\"@type\":\"BreadcrumbList\",\"@id\":\"https:\\\/\\\/kurato.ch\\\/product\\\/wandteppich-von-heike-schildhauer-fuer-kus-design\\\/#breadcrumb\",\"itemListElement\":[{\"@type\":\"ListItem\",\"position\":1,\"name\":\"Home\",\"item\":\"https:\\\/\\\/kurato.ch\\\/\"},{\"@type\":\"ListItem\",\"position\":2,\"name\":\"Neuheiten\",\"item\":\"https:\\\/\\\/kurato.ch\\\/neuheiten\\\/\"},{\"@type\":\"ListItem\",\"position\":3,\"name\":\"Wandteppich von Heike Schildhauer f\u00fcr kus.design\"}]},{\"@type\":\"WebSite\",\"@id\":\"https:\\\/\\\/kurato.ch\\\/#website\",\"url\":\"https:\\\/\\\/kurato.ch\\\/\",\"name\":\"Vintage M\u00f6bel &amp; Dekoration I Kurato\",\"description\":\"Vintage M\u00f6bel &amp; Dekoration I Kurato\",\"publisher\":{\"@id\":\"https:\\\/\\\/kurato.ch\\\/#organization\"},\"potentialAction\":[{\"@type\":\"SearchAction\",\"target\":{\"@type\":\"EntryPoint\",\"urlTemplate\":\"https:\\\/\\\/kurato.ch\\\/?s={search_term_string}\"},\"query-input\":{\"@type\":\"PropertyValueSpecification\",\"valueRequired\":true,\"valueName\":\"search_term_string\"}}],\"inLanguage\":\"fr-FR\"},{\"@type\":\"Organization\",\"@id\":\"https:\\\/\\\/kurato.ch\\\/#organization\",\"name\":\"Kurato.\",\"url\":\"https:\\\/\\\/kurato.ch\\\/\",\"logo\":{\"@type\":\"ImageObject\",\"inLanguage\":\"fr-FR\",\"@id\":\"https:\\\/\\\/kurato.ch\\\/#\\\/schema\\\/logo\\\/image\\\/\",\"url\":\"\",\"contentUrl\":\"\",\"caption\":\"Kurato.\"},\"image\":{\"@id\":\"https:\\\/\\\/kurato.ch\\\/#\\\/schema\\\/logo\\\/image\\\/\"},\"sameAs\":[\"https:\\\/\\\/www.facebook.com\\\/kuratoswitzerland\",\"https:\\\/\\\/www.instagram.com\\\/kurato.ch\\\/\",\"https:\\\/\\\/www.pinterest.ch\\\/kurato_ch\\\/_created\\\/\"]}]}<\/script>\n<!-- \/ Yoast SEO plugin. -->","yoast_head_json":{"title":"Wandteppich von Heike Schildhauer f\u00fcr kus.design | Vintage M\u00f6bel kaufen auf KURATO.CH","description":"Entdecke Vintage M\u00f6bel & Dekoration \u27a4 Wandteppich von Heike Schildhauer f\u00fcr kus.design auf Kurato. \u2713Lieferung Schweiz \u271314-Tage R\u00fcckgabe \u2713Secondhand Unikat","robots":{"index":"index","follow":"follow","max-snippet":"max-snippet:-1","max-image-preview":"max-image-preview:large","max-video-preview":"max-video-preview:-1"},"canonical":"https:\/\/kurato.ch\/fr\/product\/wandteppich-von-heike-schildhauer-fuer-kus-design\/","og_locale":"fr_FR","og_type":"article","og_title":"Wandteppich von Heike Schildhauer f\u00fcr kus.design | Vintage M\u00f6bel kaufen auf KURATO.CH","og_description":"Entdecke Vintage M\u00f6bel & Dekoration \u27a4 Wandteppich von Heike Schildhauer f\u00fcr kus.design auf Kurato. \u2713Lieferung Schweiz \u271314-Tage R\u00fcckgabe \u2713Secondhand Unikat","og_url":"https:\/\/kurato.ch\/fr\/product\/wandteppich-von-heike-schildhauer-fuer-kus-design\/","og_site_name":"Vintage M\u00f6bel &amp; Dekoration I Kurato","article_publisher":"https:\/\/www.facebook.com\/kuratoswitzerland","article_modified_time":"2026-03-27T15:50:21+00:00","og_image":[{"width":800,"height":800,"url":"https:\/\/kurato.ch\/wp-content\/uploads\/2024\/09\/Wandteppich-aus-Designerwolle-vintage-secondhand-gebraucht-schweiz-8.jpg","type":"image\/jpeg"}],"twitter_misc":{"Dur\u00e9e de lecture estim\u00e9e":"1 minute"},"schema":{"@context":"https:\/\/schema.org","@graph":[{"@type":"WebPage","@id":"https:\/\/kurato.ch\/product\/wandteppich-von-heike-schildhauer-fuer-kus-design\/","url":"https:\/\/kurato.ch\/product\/wandteppich-von-heike-schildhauer-fuer-kus-design\/","name":"Wandteppich von Heike Schildhauer f\u00fcr kus.design | Vintage M\u00f6bel kaufen auf KURATO.CH","isPartOf":{"@id":"https:\/\/kurato.ch\/#website"},"primaryImageOfPage":{"@id":"https:\/\/kurato.ch\/product\/wandteppich-von-heike-schildhauer-fuer-kus-design\/#primaryimage"},"image":{"@id":"https:\/\/kurato.ch\/product\/wandteppich-von-heike-schildhauer-fuer-kus-design\/#primaryimage"},"thumbnailUrl":"https:\/\/kurato.ch\/wp-content\/uploads\/2024\/09\/Wandteppich-aus-Designerwolle-vintage-secondhand-gebraucht-schweiz-8.jpg","datePublished":"2024-09-08T09:04:37+00:00","dateModified":"2026-03-27T15:50:21+00:00","description":"Entdecke Vintage M\u00f6bel & Dekoration \u27a4 Wandteppich von Heike Schildhauer f\u00fcr kus.design auf Kurato. \u2713Lieferung Schweiz \u271314-Tage R\u00fcckgabe \u2713Secondhand Unikat","breadcrumb":{"@id":"https:\/\/kurato.ch\/product\/wandteppich-von-heike-schildhauer-fuer-kus-design\/#breadcrumb"},"inLanguage":"fr-FR","potentialAction":[{"@type":"ReadAction","target":["https:\/\/kurato.ch\/product\/wandteppich-von-heike-schildhauer-fuer-kus-design\/"]}]},{"@type":"ImageObject","inLanguage":"fr-FR","@id":"https:\/\/kurato.ch\/product\/wandteppich-von-heike-schildhauer-fuer-kus-design\/#primaryimage","url":"https:\/\/kurato.ch\/wp-content\/uploads\/2024\/09\/Wandteppich-aus-Designerwolle-vintage-secondhand-gebraucht-schweiz-8.jpg","contentUrl":"https:\/\/kurato.ch\/wp-content\/uploads\/2024\/09\/Wandteppich-aus-Designerwolle-vintage-secondhand-gebraucht-schweiz-8.jpg","width":800,"height":800,"caption":"Wandteppich aus Designerwolle"},{"@type":"BreadcrumbList","@id":"https:\/\/kurato.ch\/product\/wandteppich-von-heike-schildhauer-fuer-kus-design\/#breadcrumb","itemListElement":[{"@type":"ListItem","position":1,"name":"Home","item":"https:\/\/kurato.ch\/"},{"@type":"ListItem","position":2,"name":"Neuheiten","item":"https:\/\/kurato.ch\/neuheiten\/"},{"@type":"ListItem","position":3,"name":"Wandteppich von Heike Schildhauer f\u00fcr kus.design"}]},{"@type":"WebSite","@id":"https:\/\/kurato.ch\/#website","url":"https:\/\/kurato.ch\/","name":"Meubles vintage &amp; d\u00e9coration I Kurato","description":"Meubles vintage &amp; d\u00e9coration I Kurato","publisher":{"@id":"https:\/\/kurato.ch\/#organization"},"potentialAction":[{"@type":"SearchAction","target":{"@type":"EntryPoint","urlTemplate":"https:\/\/kurato.ch\/?s={search_term_string}"},"query-input":{"@type":"PropertyValueSpecification","valueRequired":true,"valueName":"search_term_string"}}],"inLanguage":"fr-FR"},{"@type":"Organization","@id":"https:\/\/kurato.ch\/#organization","name":"Kurato.","url":"https:\/\/kurato.ch\/","logo":{"@type":"ImageObject","inLanguage":"fr-FR","@id":"https:\/\/kurato.ch\/#\/schema\/logo\/image\/","url":"","contentUrl":"","caption":"Kurato."},"image":{"@id":"https:\/\/kurato.ch\/#\/schema\/logo\/image\/"},"sameAs":["https:\/\/www.facebook.com\/kuratoswitzerland","https:\/\/www.instagram.com\/kurato.ch\/","https:\/\/www.pinterest.ch\/kurato_ch\/_created\/"]}]}},"_links":{"self":[{"href":"https:\/\/kurato.ch\/fr\/wp-json\/wp\/v2\/product\/62026","targetHints":{"allow":["GET"]}}],"collection":[{"href":"https:\/\/kurato.ch\/fr\/wp-json\/wp\/v2\/product"}],"about":[{"href":"https:\/\/kurato.ch\/fr\/wp-json\/wp\/v2\/types\/product"}],"wp:featuredmedia":[{"embeddable":true,"href":"https:\/\/kurato.ch\/fr\/wp-json\/wp\/v2\/media\/62047"}],"wp:attachment":[{"href":"https:\/\/kurato.ch\/fr\/wp-json\/wp\/v2\/media?parent=62026"}],"wp:term":[{"taxonomy":"product_brand","embeddable":true,"href":"https:\/\/kurato.ch\/fr\/wp-json\/wp\/v2\/product_brand?post=62026"},{"taxonomy":"product_cat","embeddable":true,"href":"https:\/\/kurato.ch\/fr\/wp-json\/wp\/v2\/product_cat?post=62026"},{"taxonomy":"product_tag","embeddable":true,"href":"https:\/\/kurato.ch\/fr\/wp-json\/wp\/v2\/product_tag?post=62026"}],"curies":[{"name":"wp","href":"https:\/\/api.w.org\/{rel}","templated":true}]}}