{"id":62283,"date":"2024-09-22T13:10:45","date_gmt":"2024-09-22T11:10:45","guid":{"rendered":"https:\/\/kurato.ch\/?post_type=product&#038;p=62283"},"modified":"2026-02-22T16:33:45","modified_gmt":"2026-02-22T14:33:45","slug":"italienisches-modulares-sofa-divano-europa-3-sitzer-aus-leder-von-gianfranco-gualtierotti-alessandro-mazzoni-delle-stelle","status":"publish","type":"product","link":"https:\/\/kurato.ch\/fr\/product\/italienisches-modulares-sofa-divano-europa-3-sitzer-aus-leder-von-gianfranco-gualtierotti-alessandro-mazzoni-delle-stelle\/","title":{"rendered":"Italienisches modulares Sofa Divano Europa 3-Sitzer aus Leder von Gianfranco Gualtierotti &#038; Alessandro Mazzoni Delle Stelle"},"content":{"rendered":"<p>Das multifunktionale und modulare Sofa Divano Europa wurde von Gianfranco Gualtierotti und Alessandro Mazzoni delle Stelle entworfen, von Zanotta Italien, hergestellt und tr\u00e4gt die Kontrollnr. 042344. Dieser Designklassiker des Italian Modern stammt aus der Epoche 1980 bis 1989.<\/p>\n<p>Dieses Vintageobjekt ist in nahezu originalem Zustand und weist minimale Gebrauchsspuren auf. Die Sitzgarnitur aus Rindsleder besteht aus einer geraden Bank von 190 x 90 cm, zwei Armlehnen (die als Fu\u00dfst\u00fctzen verwendet werden k\u00f6nnen) und zwei daunengef\u00fcllten R\u00fcckenlehnen von 90 cm. Die Position der R\u00fccken- und Armlehnen kann nach Belieben variiert werden, so dass\u00a0 sich das Sofa \u00fcberall aufstellen l\u00e4sst. Die Konfigurationen sind vielf\u00e4ltig: die Sofagarnitur kann entweder als gro\u00dfes Sofa, als Liege, als Sitzinsel, als gegen\u00fcberliegende Bank oder als Schlafsofa verwendet werden.<\/p>","protected":false},"excerpt":{"rendered":"<p>Das multifunktionale und modulare Sofa Divano Europa wurde von Gianfranco Gualtierotti und Alessandro Mazzoni delle Stelle entworfen, von Zanotta Italien, hergestellt und tr\u00e4gt die Kontrollnr. 042344. Dieser Designklassiker des Italian Modern stammt aus der Epoche 1980 bis 1989. Dieses Vintageobjekt ist in nahezu originalem Zustand und weist minimale Gebrauchsspuren auf. Die Sitzgarnitur aus Rindsleder besteht [&hellip;]<\/p>\n","protected":false},"featured_media":62319,"template":"","meta":{"_acf_changed":false,"site-sidebar-layout":"default","site-content-layout":"","ast-site-content-layout":"default","site-content-style":"default","site-sidebar-style":"default","ast-global-header-display":"","ast-banner-title-visibility":"","ast-main-header-display":"","ast-hfb-above-header-display":"","ast-hfb-below-header-display":"","ast-hfb-mobile-header-display":"","site-post-title":"","ast-breadcrumbs-content":"","ast-featured-img":"","footer-sml-layout":"","ast-disable-related-posts":"","theme-transparent-header-meta":"default","adv-header-id-meta":"","stick-header-meta":"default","header-above-stick-meta":"","header-main-stick-meta":"","header-below-stick-meta":"","astra-migrate-meta-layouts":"set","ast-page-background-enabled":"default","ast-page-background-meta":{"desktop":{"background-color":"","background-image":"","background-repeat":"repeat","background-position":"center center","background-size":"auto","background-attachment":"scroll","background-type":"","background-media":"","overlay-type":"","overlay-color":"","overlay-opacity":"","overlay-gradient":""},"tablet":{"background-color":"","background-image":"","background-repeat":"repeat","background-position":"center center","background-size":"auto","background-attachment":"scroll","background-type":"","background-media":"","overlay-type":"","overlay-color":"","overlay-opacity":"","overlay-gradient":""},"mobile":{"background-color":"","background-image":"","background-repeat":"repeat","background-position":"center center","background-size":"auto","background-attachment":"scroll","background-type":"","background-media":"","overlay-type":"","overlay-color":"","overlay-opacity":"","overlay-gradient":""}},"ast-content-background-meta":{"desktop":{"background-color":"var(--ast-global-color-5)","background-image":"","background-repeat":"repeat","background-position":"center center","background-size":"auto","background-attachment":"scroll","background-type":"","background-media":"","overlay-type":"","overlay-color":"","overlay-opacity":"","overlay-gradient":""},"tablet":{"background-color":"var(--ast-global-color-5)","background-image":"","background-repeat":"repeat","background-position":"center center","background-size":"auto","background-attachment":"scroll","background-type":"","background-media":"","overlay-type":"","overlay-color":"","overlay-opacity":"","overlay-gradient":""},"mobile":{"background-color":"var(--ast-global-color-5)","background-image":"","background-repeat":"repeat","background-position":"center center","background-size":"auto","background-attachment":"scroll","background-type":"","background-media":"","overlay-type":"","overlay-color":"","overlay-opacity":"","overlay-gradient":""}}},"product_brand":[],"product_cat":[159,152],"product_tag":[],"class_list":{"0":"post-62283","1":"product","2":"type-product","3":"status-publish","4":"has-post-thumbnail","6":"product_cat-4-sitzer-und-mehr","7":"product_cat-vintage-sessel-liege","8":"pa_designer-zanotta","9":"pa_farbe-mehrfarbig","10":"pa_material-leder","11":"pa_stil-vintage","12":"desktop-align-left","13":"tablet-align-left","14":"mobile-align-left","16":"first","17":"instock","18":"sold-individually","19":"shipping-taxable","20":"purchasable","21":"product-type-simple"},"acf":[],"yoast_head":"<!-- This site is optimized with the Yoast SEO plugin v27.3 - https:\/\/yoast.com\/product\/yoast-seo-wordpress\/ -->\n<title>Italienisches modulares Sofa Divano Europa 3-Sitzer aus Leder von Gianfranco Gualtierotti &amp; Alessandro Mazzoni Delle Stelle | Vintage M\u00f6bel kaufen auf KURATO.CH<\/title>\n<meta name=\"description\" content=\"Entdecke Vintage M\u00f6bel &amp; Dekoration \u27a4 Italienisches modulares Sofa Divano Europa 3-Sitzer aus Leder von Gianfranco Gualtierotti &amp; Alessandro Mazzoni Delle Stelle auf Kurato. \u2713Lieferung Schweiz \u271314-Tage R\u00fcckgabe \u2713Secondhand Unikat\" \/>\n<meta name=\"robots\" content=\"index, follow, max-snippet:-1, max-image-preview:large, max-video-preview:-1\" \/>\n<link rel=\"canonical\" href=\"https:\/\/kurato.ch\/fr\/product\/italienisches-modulares-sofa-divano-europa-3-sitzer-aus-leder-von-gianfranco-gualtierotti-alessandro-mazzoni-delle-stelle\/\" \/>\n<meta property=\"og:locale\" content=\"fr_FR\" \/>\n<meta property=\"og:type\" content=\"article\" \/>\n<meta property=\"og:title\" content=\"Italienisches modulares Sofa Divano Europa 3-Sitzer aus Leder von Gianfranco Gualtierotti &amp; Alessandro Mazzoni Delle Stelle | Vintage M\u00f6bel kaufen auf KURATO.CH\" \/>\n<meta property=\"og:description\" content=\"Entdecke Vintage M\u00f6bel &amp; Dekoration \u27a4 Italienisches modulares Sofa Divano Europa 3-Sitzer aus Leder von Gianfranco Gualtierotti &amp; Alessandro Mazzoni Delle Stelle auf Kurato. \u2713Lieferung Schweiz \u271314-Tage R\u00fcckgabe \u2713Secondhand Unikat\" \/>\n<meta property=\"og:url\" content=\"https:\/\/kurato.ch\/fr\/product\/italienisches-modulares-sofa-divano-europa-3-sitzer-aus-leder-von-gianfranco-gualtierotti-alessandro-mazzoni-delle-stelle\/\" \/>\n<meta property=\"og:site_name\" content=\"Vintage M\u00f6bel &amp; Dekoration I Kurato\" \/>\n<meta property=\"article:publisher\" content=\"https:\/\/www.facebook.com\/kuratoswitzerland\" \/>\n<meta property=\"article:modified_time\" content=\"2026-02-22T14:33:45+00:00\" \/>\n<meta property=\"og:image\" content=\"https:\/\/kurato.ch\/wp-content\/uploads\/2024\/09\/Italienisches-Modulares-Sofa-Divano-Europa-3-Sitzer-aus-Leder-von-Gianfranco-Gualtierotti-Alessandro-Mazzoni-Delle-Stelle-vintage-secondhand-gebraucht-schweiz-8.jpg\" \/>\n\t<meta property=\"og:image:width\" content=\"800\" \/>\n\t<meta property=\"og:image:height\" content=\"800\" \/>\n\t<meta property=\"og:image:type\" content=\"image\/jpeg\" \/>\n<meta name=\"twitter:label1\" content=\"Dur\u00e9e de lecture estim\u00e9e\" \/>\n\t<meta name=\"twitter:data1\" content=\"1 minute\" \/>\n<script type=\"application\/ld+json\" class=\"yoast-schema-graph\">{\"@context\":\"https:\\\/\\\/schema.org\",\"@graph\":[{\"@type\":\"WebPage\",\"@id\":\"https:\\\/\\\/kurato.ch\\\/product\\\/italienisches-modulares-sofa-divano-europa-3-sitzer-aus-leder-von-gianfranco-gualtierotti-alessandro-mazzoni-delle-stelle\\\/\",\"url\":\"https:\\\/\\\/kurato.ch\\\/product\\\/italienisches-modulares-sofa-divano-europa-3-sitzer-aus-leder-von-gianfranco-gualtierotti-alessandro-mazzoni-delle-stelle\\\/\",\"name\":\"Italienisches modulares Sofa Divano Europa 3-Sitzer aus Leder von Gianfranco Gualtierotti & Alessandro Mazzoni Delle Stelle | Vintage M\u00f6bel kaufen auf KURATO.CH\",\"isPartOf\":{\"@id\":\"https:\\\/\\\/kurato.ch\\\/#website\"},\"primaryImageOfPage\":{\"@id\":\"https:\\\/\\\/kurato.ch\\\/product\\\/italienisches-modulares-sofa-divano-europa-3-sitzer-aus-leder-von-gianfranco-gualtierotti-alessandro-mazzoni-delle-stelle\\\/#primaryimage\"},\"image\":{\"@id\":\"https:\\\/\\\/kurato.ch\\\/product\\\/italienisches-modulares-sofa-divano-europa-3-sitzer-aus-leder-von-gianfranco-gualtierotti-alessandro-mazzoni-delle-stelle\\\/#primaryimage\"},\"thumbnailUrl\":\"https:\\\/\\\/kurato.ch\\\/wp-content\\\/uploads\\\/2024\\\/09\\\/Italienisches-Modulares-Sofa-Divano-Europa-3-Sitzer-aus-Leder-von-Gianfranco-Gualtierotti-Alessandro-Mazzoni-Delle-Stelle-vintage-secondhand-gebraucht-schweiz-8.jpg\",\"datePublished\":\"2024-09-22T11:10:45+00:00\",\"dateModified\":\"2026-02-22T14:33:45+00:00\",\"description\":\"Entdecke Vintage M\u00f6bel & Dekoration \u27a4 Italienisches modulares Sofa Divano Europa 3-Sitzer aus Leder von Gianfranco Gualtierotti & Alessandro Mazzoni Delle Stelle auf Kurato. \u2713Lieferung Schweiz \u271314-Tage R\u00fcckgabe \u2713Secondhand Unikat\",\"breadcrumb\":{\"@id\":\"https:\\\/\\\/kurato.ch\\\/product\\\/italienisches-modulares-sofa-divano-europa-3-sitzer-aus-leder-von-gianfranco-gualtierotti-alessandro-mazzoni-delle-stelle\\\/#breadcrumb\"},\"inLanguage\":\"fr-FR\",\"potentialAction\":[{\"@type\":\"ReadAction\",\"target\":[\"https:\\\/\\\/kurato.ch\\\/product\\\/italienisches-modulares-sofa-divano-europa-3-sitzer-aus-leder-von-gianfranco-gualtierotti-alessandro-mazzoni-delle-stelle\\\/\"]}]},{\"@type\":\"ImageObject\",\"inLanguage\":\"fr-FR\",\"@id\":\"https:\\\/\\\/kurato.ch\\\/product\\\/italienisches-modulares-sofa-divano-europa-3-sitzer-aus-leder-von-gianfranco-gualtierotti-alessandro-mazzoni-delle-stelle\\\/#primaryimage\",\"url\":\"https:\\\/\\\/kurato.ch\\\/wp-content\\\/uploads\\\/2024\\\/09\\\/Italienisches-Modulares-Sofa-Divano-Europa-3-Sitzer-aus-Leder-von-Gianfranco-Gualtierotti-Alessandro-Mazzoni-Delle-Stelle-vintage-secondhand-gebraucht-schweiz-8.jpg\",\"contentUrl\":\"https:\\\/\\\/kurato.ch\\\/wp-content\\\/uploads\\\/2024\\\/09\\\/Italienisches-Modulares-Sofa-Divano-Europa-3-Sitzer-aus-Leder-von-Gianfranco-Gualtierotti-Alessandro-Mazzoni-Delle-Stelle-vintage-secondhand-gebraucht-schweiz-8.jpg\",\"width\":800,\"height\":800,\"caption\":\"Italienisches Modulares Sofa Divano Europa 3-Sitzer aus Leder von Gianfranco Gualtierotti & Alessandro Mazzoni Delle Stelle\"},{\"@type\":\"BreadcrumbList\",\"@id\":\"https:\\\/\\\/kurato.ch\\\/product\\\/italienisches-modulares-sofa-divano-europa-3-sitzer-aus-leder-von-gianfranco-gualtierotti-alessandro-mazzoni-delle-stelle\\\/#breadcrumb\",\"itemListElement\":[{\"@type\":\"ListItem\",\"position\":1,\"name\":\"Home\",\"item\":\"https:\\\/\\\/kurato.ch\\\/\"},{\"@type\":\"ListItem\",\"position\":2,\"name\":\"Neuheiten\",\"item\":\"https:\\\/\\\/kurato.ch\\\/neuheiten\\\/\"},{\"@type\":\"ListItem\",\"position\":3,\"name\":\"Italienisches modulares Sofa Divano Europa 3-Sitzer aus Leder von Gianfranco Gualtierotti &#038; Alessandro Mazzoni Delle Stelle\"}]},{\"@type\":\"WebSite\",\"@id\":\"https:\\\/\\\/kurato.ch\\\/#website\",\"url\":\"https:\\\/\\\/kurato.ch\\\/\",\"name\":\"Vintage M\u00f6bel &amp; Dekoration I Kurato\",\"description\":\"Vintage M\u00f6bel &amp; Dekoration I Kurato\",\"publisher\":{\"@id\":\"https:\\\/\\\/kurato.ch\\\/#organization\"},\"potentialAction\":[{\"@type\":\"SearchAction\",\"target\":{\"@type\":\"EntryPoint\",\"urlTemplate\":\"https:\\\/\\\/kurato.ch\\\/?s={search_term_string}\"},\"query-input\":{\"@type\":\"PropertyValueSpecification\",\"valueRequired\":true,\"valueName\":\"search_term_string\"}}],\"inLanguage\":\"fr-FR\"},{\"@type\":\"Organization\",\"@id\":\"https:\\\/\\\/kurato.ch\\\/#organization\",\"name\":\"Kurato.\",\"url\":\"https:\\\/\\\/kurato.ch\\\/\",\"logo\":{\"@type\":\"ImageObject\",\"inLanguage\":\"fr-FR\",\"@id\":\"https:\\\/\\\/kurato.ch\\\/#\\\/schema\\\/logo\\\/image\\\/\",\"url\":\"\",\"contentUrl\":\"\",\"caption\":\"Kurato.\"},\"image\":{\"@id\":\"https:\\\/\\\/kurato.ch\\\/#\\\/schema\\\/logo\\\/image\\\/\"},\"sameAs\":[\"https:\\\/\\\/www.facebook.com\\\/kuratoswitzerland\",\"https:\\\/\\\/www.instagram.com\\\/kurato.ch\\\/\",\"https:\\\/\\\/www.pinterest.ch\\\/kurato_ch\\\/_created\\\/\"]}]}<\/script>\n<!-- \/ Yoast SEO plugin. -->","yoast_head_json":{"title":"Italienisches modulares Sofa Divano Europa 3-Sitzer aus Leder von Gianfranco Gualtierotti & Alessandro Mazzoni Delle Stelle | Vintage M\u00f6bel kaufen auf KURATO.CH","description":"Entdecke Vintage M\u00f6bel & Dekoration \u27a4 Italienisches modulares Sofa Divano Europa 3-Sitzer aus Leder von Gianfranco Gualtierotti & Alessandro Mazzoni Delle Stelle auf Kurato. \u2713Lieferung Schweiz \u271314-Tage R\u00fcckgabe \u2713Secondhand Unikat","robots":{"index":"index","follow":"follow","max-snippet":"max-snippet:-1","max-image-preview":"max-image-preview:large","max-video-preview":"max-video-preview:-1"},"canonical":"https:\/\/kurato.ch\/fr\/product\/italienisches-modulares-sofa-divano-europa-3-sitzer-aus-leder-von-gianfranco-gualtierotti-alessandro-mazzoni-delle-stelle\/","og_locale":"fr_FR","og_type":"article","og_title":"Italienisches modulares Sofa Divano Europa 3-Sitzer aus Leder von Gianfranco Gualtierotti & Alessandro Mazzoni Delle Stelle | Vintage M\u00f6bel kaufen auf KURATO.CH","og_description":"Entdecke Vintage M\u00f6bel & Dekoration \u27a4 Italienisches modulares Sofa Divano Europa 3-Sitzer aus Leder von Gianfranco Gualtierotti & Alessandro Mazzoni Delle Stelle auf Kurato. \u2713Lieferung Schweiz \u271314-Tage R\u00fcckgabe \u2713Secondhand Unikat","og_url":"https:\/\/kurato.ch\/fr\/product\/italienisches-modulares-sofa-divano-europa-3-sitzer-aus-leder-von-gianfranco-gualtierotti-alessandro-mazzoni-delle-stelle\/","og_site_name":"Vintage M\u00f6bel &amp; Dekoration I Kurato","article_publisher":"https:\/\/www.facebook.com\/kuratoswitzerland","article_modified_time":"2026-02-22T14:33:45+00:00","og_image":[{"width":800,"height":800,"url":"https:\/\/kurato.ch\/wp-content\/uploads\/2024\/09\/Italienisches-Modulares-Sofa-Divano-Europa-3-Sitzer-aus-Leder-von-Gianfranco-Gualtierotti-Alessandro-Mazzoni-Delle-Stelle-vintage-secondhand-gebraucht-schweiz-8.jpg","type":"image\/jpeg"}],"twitter_misc":{"Dur\u00e9e de lecture estim\u00e9e":"1 minute"},"schema":{"@context":"https:\/\/schema.org","@graph":[{"@type":"WebPage","@id":"https:\/\/kurato.ch\/product\/italienisches-modulares-sofa-divano-europa-3-sitzer-aus-leder-von-gianfranco-gualtierotti-alessandro-mazzoni-delle-stelle\/","url":"https:\/\/kurato.ch\/product\/italienisches-modulares-sofa-divano-europa-3-sitzer-aus-leder-von-gianfranco-gualtierotti-alessandro-mazzoni-delle-stelle\/","name":"Italienisches modulares Sofa Divano Europa 3-Sitzer aus Leder von Gianfranco Gualtierotti & Alessandro Mazzoni Delle Stelle | Vintage M\u00f6bel kaufen auf KURATO.CH","isPartOf":{"@id":"https:\/\/kurato.ch\/#website"},"primaryImageOfPage":{"@id":"https:\/\/kurato.ch\/product\/italienisches-modulares-sofa-divano-europa-3-sitzer-aus-leder-von-gianfranco-gualtierotti-alessandro-mazzoni-delle-stelle\/#primaryimage"},"image":{"@id":"https:\/\/kurato.ch\/product\/italienisches-modulares-sofa-divano-europa-3-sitzer-aus-leder-von-gianfranco-gualtierotti-alessandro-mazzoni-delle-stelle\/#primaryimage"},"thumbnailUrl":"https:\/\/kurato.ch\/wp-content\/uploads\/2024\/09\/Italienisches-Modulares-Sofa-Divano-Europa-3-Sitzer-aus-Leder-von-Gianfranco-Gualtierotti-Alessandro-Mazzoni-Delle-Stelle-vintage-secondhand-gebraucht-schweiz-8.jpg","datePublished":"2024-09-22T11:10:45+00:00","dateModified":"2026-02-22T14:33:45+00:00","description":"Entdecke Vintage M\u00f6bel & Dekoration \u27a4 Italienisches modulares Sofa Divano Europa 3-Sitzer aus Leder von Gianfranco Gualtierotti & Alessandro Mazzoni Delle Stelle auf Kurato. \u2713Lieferung Schweiz \u271314-Tage R\u00fcckgabe \u2713Secondhand Unikat","breadcrumb":{"@id":"https:\/\/kurato.ch\/product\/italienisches-modulares-sofa-divano-europa-3-sitzer-aus-leder-von-gianfranco-gualtierotti-alessandro-mazzoni-delle-stelle\/#breadcrumb"},"inLanguage":"fr-FR","potentialAction":[{"@type":"ReadAction","target":["https:\/\/kurato.ch\/product\/italienisches-modulares-sofa-divano-europa-3-sitzer-aus-leder-von-gianfranco-gualtierotti-alessandro-mazzoni-delle-stelle\/"]}]},{"@type":"ImageObject","inLanguage":"fr-FR","@id":"https:\/\/kurato.ch\/product\/italienisches-modulares-sofa-divano-europa-3-sitzer-aus-leder-von-gianfranco-gualtierotti-alessandro-mazzoni-delle-stelle\/#primaryimage","url":"https:\/\/kurato.ch\/wp-content\/uploads\/2024\/09\/Italienisches-Modulares-Sofa-Divano-Europa-3-Sitzer-aus-Leder-von-Gianfranco-Gualtierotti-Alessandro-Mazzoni-Delle-Stelle-vintage-secondhand-gebraucht-schweiz-8.jpg","contentUrl":"https:\/\/kurato.ch\/wp-content\/uploads\/2024\/09\/Italienisches-Modulares-Sofa-Divano-Europa-3-Sitzer-aus-Leder-von-Gianfranco-Gualtierotti-Alessandro-Mazzoni-Delle-Stelle-vintage-secondhand-gebraucht-schweiz-8.jpg","width":800,"height":800,"caption":"Italienisches Modulares Sofa Divano Europa 3-Sitzer aus Leder von Gianfranco Gualtierotti & Alessandro Mazzoni Delle Stelle"},{"@type":"BreadcrumbList","@id":"https:\/\/kurato.ch\/product\/italienisches-modulares-sofa-divano-europa-3-sitzer-aus-leder-von-gianfranco-gualtierotti-alessandro-mazzoni-delle-stelle\/#breadcrumb","itemListElement":[{"@type":"ListItem","position":1,"name":"Home","item":"https:\/\/kurato.ch\/"},{"@type":"ListItem","position":2,"name":"Neuheiten","item":"https:\/\/kurato.ch\/neuheiten\/"},{"@type":"ListItem","position":3,"name":"Italienisches modulares Sofa Divano Europa 3-Sitzer aus Leder von Gianfranco Gualtierotti &#038; Alessandro Mazzoni Delle Stelle"}]},{"@type":"WebSite","@id":"https:\/\/kurato.ch\/#website","url":"https:\/\/kurato.ch\/","name":"Meubles vintage &amp; d\u00e9coration I Kurato","description":"Meubles vintage &amp; d\u00e9coration I Kurato","publisher":{"@id":"https:\/\/kurato.ch\/#organization"},"potentialAction":[{"@type":"SearchAction","target":{"@type":"EntryPoint","urlTemplate":"https:\/\/kurato.ch\/?s={search_term_string}"},"query-input":{"@type":"PropertyValueSpecification","valueRequired":true,"valueName":"search_term_string"}}],"inLanguage":"fr-FR"},{"@type":"Organization","@id":"https:\/\/kurato.ch\/#organization","name":"Kurato.","url":"https:\/\/kurato.ch\/","logo":{"@type":"ImageObject","inLanguage":"fr-FR","@id":"https:\/\/kurato.ch\/#\/schema\/logo\/image\/","url":"","contentUrl":"","caption":"Kurato."},"image":{"@id":"https:\/\/kurato.ch\/#\/schema\/logo\/image\/"},"sameAs":["https:\/\/www.facebook.com\/kuratoswitzerland","https:\/\/www.instagram.com\/kurato.ch\/","https:\/\/www.pinterest.ch\/kurato_ch\/_created\/"]}]}},"_links":{"self":[{"href":"https:\/\/kurato.ch\/fr\/wp-json\/wp\/v2\/product\/62283","targetHints":{"allow":["GET"]}}],"collection":[{"href":"https:\/\/kurato.ch\/fr\/wp-json\/wp\/v2\/product"}],"about":[{"href":"https:\/\/kurato.ch\/fr\/wp-json\/wp\/v2\/types\/product"}],"wp:featuredmedia":[{"embeddable":true,"href":"https:\/\/kurato.ch\/fr\/wp-json\/wp\/v2\/media\/62319"}],"wp:attachment":[{"href":"https:\/\/kurato.ch\/fr\/wp-json\/wp\/v2\/media?parent=62283"}],"wp:term":[{"taxonomy":"product_brand","embeddable":true,"href":"https:\/\/kurato.ch\/fr\/wp-json\/wp\/v2\/product_brand?post=62283"},{"taxonomy":"product_cat","embeddable":true,"href":"https:\/\/kurato.ch\/fr\/wp-json\/wp\/v2\/product_cat?post=62283"},{"taxonomy":"product_tag","embeddable":true,"href":"https:\/\/kurato.ch\/fr\/wp-json\/wp\/v2\/product_tag?post=62283"}],"curies":[{"name":"wp","href":"https:\/\/api.w.org\/{rel}","templated":true}]}}