{"id":62656,"date":"2024-10-05T19:34:09","date_gmt":"2024-10-05T17:34:09","guid":{"rendered":"https:\/\/kurato.ch\/?post_type=product&#038;p=62656"},"modified":"2024-10-05T19:34:09","modified_gmt":"2024-10-05T17:34:09","slug":"tisch-von-dante-rubli-design-by-dante-1994","status":"publish","type":"product","link":"https:\/\/kurato.ch\/fr\/product\/tisch-von-dante-rubli-design-by-dante-1994\/","title":{"rendered":"Tisch von Dante Rubli, Design by Dante, 1994"},"content":{"rendered":"<p>Monumentaler Tisch von Dante Rubli, Design by Dante, 1994<\/p>\n<p>Dieser seltene ikonische Tisch wurde vom international renommierten Schweizer Designer Dante Rubli entworfen, der f\u00fcr seine preisgekr\u00f6nten Arbeiten bekannt ist. Der Tisch verk\u00f6rpert Rubli&#8217;s einzigartige Kombination aus Handwerkskunst und k\u00fcnstlerischer Vision, die durch seine Erfahrung in der Metallverarbeitung und im Automobildesign inspiriert wurde.<\/p>\n<p>Dante Rubli begann seine Karriere als Metallhandwerker und gewann 1984 die Schweizer Meisterschaft in Bern. Er kombinierte seine Leidenschaft f\u00fcr Design und Handwerkskunst, arbeitete an Luxusautos wie Ferrari und Lamborghini und entwarf schliesslich seine eigenen M\u00f6bel und Kleidungsst\u00fccke. 1991 gr\u00fcndete er Design by Dante, seine innovativen Produkte wurden regelm\u00e4\u00dfig in verschiedenen Innenarchitekturmagazinen vorgestellt.<\/p>\n<p>Dieser Tisch ist eine Investition in Qualit\u00e4t und Einzigartigkeit, ein wahres Sammlerst\u00fcck, das durch seine massive Bauweise und das aussergew\u00f6hnliche Design besticht. Er L\u00e4sst sich vielseitig einsetzen (Esstisch- Schreibtisch etc.)<\/p>\n<p>Designer: Dante Rubli<br \/>Hersteller: Design by Dante<br \/>Entwurfsjahr: 1994<br \/>Material: Eisen, Holz, Linoleum<\/p>\n<p>Zustand: Der Tisch befindet sich in einem sehr guten Zustand mit leichten Gebrauchsspuren. Bitte beachten Sie die Fotos als Teil der Beschreibung.<\/p>\n<p>Masse: L260x B123 x H75 cm<\/p>\n<p>&#8211; Abholung in Z\u00fcrich mit Terminvereinbarung m\u00f6glich.<br \/>&#8211; Lieferung schweizweit m\u00f6glich! Frage einfach nach dem Preis, der sich je nach Entfernung berechnet.<\/p>\n<p><\/p>","protected":false},"excerpt":{"rendered":"<p>Monumentaler Tisch von Dante Rubli, Design by Dante, 1994 Dieser seltene ikonische Tisch wurde vom international renommierten Schweizer Designer Dante Rubli entworfen, der f\u00fcr seine preisgekr\u00f6nten Arbeiten bekannt ist. Der Tisch verk\u00f6rpert Rubli&#8217;s einzigartige Kombination aus Handwerkskunst und k\u00fcnstlerischer Vision, die durch seine Erfahrung in der Metallverarbeitung und im Automobildesign inspiriert wurde. Dante Rubli begann [&hellip;]<\/p>\n","protected":false},"featured_media":62731,"template":"","meta":{"_acf_changed":false,"site-sidebar-layout":"default","site-content-layout":"","ast-site-content-layout":"default","site-content-style":"default","site-sidebar-style":"default","ast-global-header-display":"","ast-banner-title-visibility":"","ast-main-header-display":"","ast-hfb-above-header-display":"","ast-hfb-below-header-display":"","ast-hfb-mobile-header-display":"","site-post-title":"","ast-breadcrumbs-content":"","ast-featured-img":"","footer-sml-layout":"","ast-disable-related-posts":"","theme-transparent-header-meta":"","adv-header-id-meta":"","stick-header-meta":"","header-above-stick-meta":"","header-main-stick-meta":"","header-below-stick-meta":"","astra-migrate-meta-layouts":"default","ast-page-background-enabled":"default","ast-page-background-meta":{"desktop":{"background-color":"","background-image":"","background-repeat":"repeat","background-position":"center center","background-size":"auto","background-attachment":"scroll","background-type":"","background-media":"","overlay-type":"","overlay-color":"","overlay-opacity":"","overlay-gradient":""},"tablet":{"background-color":"","background-image":"","background-repeat":"repeat","background-position":"center center","background-size":"auto","background-attachment":"scroll","background-type":"","background-media":"","overlay-type":"","overlay-color":"","overlay-opacity":"","overlay-gradient":""},"mobile":{"background-color":"","background-image":"","background-repeat":"repeat","background-position":"center center","background-size":"auto","background-attachment":"scroll","background-type":"","background-media":"","overlay-type":"","overlay-color":"","overlay-opacity":"","overlay-gradient":""}},"ast-content-background-meta":{"desktop":{"background-color":"var(--ast-global-color-5)","background-image":"","background-repeat":"repeat","background-position":"center center","background-size":"auto","background-attachment":"scroll","background-type":"","background-media":"","overlay-type":"","overlay-color":"","overlay-opacity":"","overlay-gradient":""},"tablet":{"background-color":"var(--ast-global-color-5)","background-image":"","background-repeat":"repeat","background-position":"center center","background-size":"auto","background-attachment":"scroll","background-type":"","background-media":"","overlay-type":"","overlay-color":"","overlay-opacity":"","overlay-gradient":""},"mobile":{"background-color":"var(--ast-global-color-5)","background-image":"","background-repeat":"repeat","background-position":"center center","background-size":"auto","background-attachment":"scroll","background-type":"","background-media":"","overlay-type":"","overlay-color":"","overlay-opacity":"","overlay-gradient":""}}},"product_brand":[],"product_cat":[168],"product_tag":[],"class_list":{"0":"post-62656","1":"product","2":"type-product","3":"status-publish","4":"has-post-thumbnail","6":"product_cat-vintage-esstisch","7":"pa_farbe-schwarz","8":"pa_material-eisen","9":"pa_stil-design","10":"desktop-align-left","11":"tablet-align-left","12":"mobile-align-left","14":"first","15":"instock","16":"sold-individually","17":"shipping-taxable","18":"purchasable","19":"product-type-simple"},"acf":[],"yoast_head":"<!-- This site is optimized with the Yoast SEO plugin v27.3 - https:\/\/yoast.com\/product\/yoast-seo-wordpress\/ -->\n<title>Tisch von Dante Rubli, Design by Dante, 1994 | Vintage M\u00f6bel kaufen auf KURATO.CH<\/title>\n<meta name=\"description\" content=\"Entdecke Vintage M\u00f6bel &amp; Dekoration \u27a4 Tisch von Dante Rubli, Design by Dante, 1994 auf Kurato. \u2713Lieferung Schweiz \u271314-Tage R\u00fcckgabe \u2713Secondhand Unikat\" \/>\n<meta name=\"robots\" content=\"index, follow, max-snippet:-1, max-image-preview:large, max-video-preview:-1\" \/>\n<link rel=\"canonical\" href=\"https:\/\/kurato.ch\/fr\/product\/tisch-von-dante-rubli-design-by-dante-1994\/\" \/>\n<meta property=\"og:locale\" content=\"fr_FR\" \/>\n<meta property=\"og:type\" content=\"article\" \/>\n<meta property=\"og:title\" content=\"Tisch von Dante Rubli, Design by Dante, 1994 | Vintage M\u00f6bel kaufen auf KURATO.CH\" \/>\n<meta property=\"og:description\" content=\"Entdecke Vintage M\u00f6bel &amp; Dekoration \u27a4 Tisch von Dante Rubli, Design by Dante, 1994 auf Kurato. \u2713Lieferung Schweiz \u271314-Tage R\u00fcckgabe \u2713Secondhand Unikat\" \/>\n<meta property=\"og:url\" content=\"https:\/\/kurato.ch\/fr\/product\/tisch-von-dante-rubli-design-by-dante-1994\/\" \/>\n<meta property=\"og:site_name\" content=\"Vintage M\u00f6bel &amp; Dekoration I Kurato\" \/>\n<meta property=\"article:publisher\" content=\"https:\/\/www.facebook.com\/kuratoswitzerland\" \/>\n<meta property=\"og:image\" content=\"https:\/\/kurato.ch\/wp-content\/uploads\/2024\/10\/Tisch-von-Dante-Rubelli-vintage-secondhand-gebraucht-schweiz-8.jpg\" \/>\n\t<meta property=\"og:image:width\" content=\"800\" \/>\n\t<meta property=\"og:image:height\" content=\"800\" \/>\n\t<meta property=\"og:image:type\" content=\"image\/jpeg\" \/>\n<meta name=\"twitter:label1\" content=\"Dur\u00e9e de lecture estim\u00e9e\" \/>\n\t<meta name=\"twitter:data1\" content=\"1 minute\" \/>\n<script type=\"application\/ld+json\" class=\"yoast-schema-graph\">{\"@context\":\"https:\\\/\\\/schema.org\",\"@graph\":[{\"@type\":\"WebPage\",\"@id\":\"https:\\\/\\\/kurato.ch\\\/product\\\/tisch-von-dante-rubli-design-by-dante-1994\\\/\",\"url\":\"https:\\\/\\\/kurato.ch\\\/product\\\/tisch-von-dante-rubli-design-by-dante-1994\\\/\",\"name\":\"Tisch von Dante Rubli, Design by Dante, 1994 | Vintage M\u00f6bel kaufen auf KURATO.CH\",\"isPartOf\":{\"@id\":\"https:\\\/\\\/kurato.ch\\\/#website\"},\"primaryImageOfPage\":{\"@id\":\"https:\\\/\\\/kurato.ch\\\/product\\\/tisch-von-dante-rubli-design-by-dante-1994\\\/#primaryimage\"},\"image\":{\"@id\":\"https:\\\/\\\/kurato.ch\\\/product\\\/tisch-von-dante-rubli-design-by-dante-1994\\\/#primaryimage\"},\"thumbnailUrl\":\"https:\\\/\\\/kurato.ch\\\/wp-content\\\/uploads\\\/2024\\\/10\\\/Tisch-von-Dante-Rubelli-vintage-secondhand-gebraucht-schweiz-8.jpg\",\"datePublished\":\"2024-10-05T17:34:09+00:00\",\"description\":\"Entdecke Vintage M\u00f6bel & Dekoration \u27a4 Tisch von Dante Rubli, Design by Dante, 1994 auf Kurato. \u2713Lieferung Schweiz \u271314-Tage R\u00fcckgabe \u2713Secondhand Unikat\",\"breadcrumb\":{\"@id\":\"https:\\\/\\\/kurato.ch\\\/product\\\/tisch-von-dante-rubli-design-by-dante-1994\\\/#breadcrumb\"},\"inLanguage\":\"fr-FR\",\"potentialAction\":[{\"@type\":\"ReadAction\",\"target\":[\"https:\\\/\\\/kurato.ch\\\/product\\\/tisch-von-dante-rubli-design-by-dante-1994\\\/\"]}]},{\"@type\":\"ImageObject\",\"inLanguage\":\"fr-FR\",\"@id\":\"https:\\\/\\\/kurato.ch\\\/product\\\/tisch-von-dante-rubli-design-by-dante-1994\\\/#primaryimage\",\"url\":\"https:\\\/\\\/kurato.ch\\\/wp-content\\\/uploads\\\/2024\\\/10\\\/Tisch-von-Dante-Rubelli-vintage-secondhand-gebraucht-schweiz-8.jpg\",\"contentUrl\":\"https:\\\/\\\/kurato.ch\\\/wp-content\\\/uploads\\\/2024\\\/10\\\/Tisch-von-Dante-Rubelli-vintage-secondhand-gebraucht-schweiz-8.jpg\",\"width\":800,\"height\":800,\"caption\":\"Tisch von Dante Rubelli\"},{\"@type\":\"BreadcrumbList\",\"@id\":\"https:\\\/\\\/kurato.ch\\\/product\\\/tisch-von-dante-rubli-design-by-dante-1994\\\/#breadcrumb\",\"itemListElement\":[{\"@type\":\"ListItem\",\"position\":1,\"name\":\"Home\",\"item\":\"https:\\\/\\\/kurato.ch\\\/\"},{\"@type\":\"ListItem\",\"position\":2,\"name\":\"Neuheiten\",\"item\":\"https:\\\/\\\/kurato.ch\\\/neuheiten\\\/\"},{\"@type\":\"ListItem\",\"position\":3,\"name\":\"Tisch von Dante Rubli, Design by Dante, 1994\"}]},{\"@type\":\"WebSite\",\"@id\":\"https:\\\/\\\/kurato.ch\\\/#website\",\"url\":\"https:\\\/\\\/kurato.ch\\\/\",\"name\":\"Vintage M\u00f6bel &amp; Dekoration I Kurato\",\"description\":\"Vintage M\u00f6bel &amp; Dekoration I Kurato\",\"publisher\":{\"@id\":\"https:\\\/\\\/kurato.ch\\\/#organization\"},\"potentialAction\":[{\"@type\":\"SearchAction\",\"target\":{\"@type\":\"EntryPoint\",\"urlTemplate\":\"https:\\\/\\\/kurato.ch\\\/?s={search_term_string}\"},\"query-input\":{\"@type\":\"PropertyValueSpecification\",\"valueRequired\":true,\"valueName\":\"search_term_string\"}}],\"inLanguage\":\"fr-FR\"},{\"@type\":\"Organization\",\"@id\":\"https:\\\/\\\/kurato.ch\\\/#organization\",\"name\":\"Kurato.\",\"url\":\"https:\\\/\\\/kurato.ch\\\/\",\"logo\":{\"@type\":\"ImageObject\",\"inLanguage\":\"fr-FR\",\"@id\":\"https:\\\/\\\/kurato.ch\\\/#\\\/schema\\\/logo\\\/image\\\/\",\"url\":\"\",\"contentUrl\":\"\",\"caption\":\"Kurato.\"},\"image\":{\"@id\":\"https:\\\/\\\/kurato.ch\\\/#\\\/schema\\\/logo\\\/image\\\/\"},\"sameAs\":[\"https:\\\/\\\/www.facebook.com\\\/kuratoswitzerland\",\"https:\\\/\\\/www.instagram.com\\\/kurato.ch\\\/\",\"https:\\\/\\\/www.pinterest.ch\\\/kurato_ch\\\/_created\\\/\"]}]}<\/script>\n<!-- \/ Yoast SEO plugin. -->","yoast_head_json":{"title":"Tisch von Dante Rubli, Design by Dante, 1994 | Vintage M\u00f6bel kaufen auf KURATO.CH","description":"Entdecke Vintage M\u00f6bel & Dekoration \u27a4 Tisch von Dante Rubli, Design by Dante, 1994 auf Kurato. \u2713Lieferung Schweiz \u271314-Tage R\u00fcckgabe \u2713Secondhand Unikat","robots":{"index":"index","follow":"follow","max-snippet":"max-snippet:-1","max-image-preview":"max-image-preview:large","max-video-preview":"max-video-preview:-1"},"canonical":"https:\/\/kurato.ch\/fr\/product\/tisch-von-dante-rubli-design-by-dante-1994\/","og_locale":"fr_FR","og_type":"article","og_title":"Tisch von Dante Rubli, Design by Dante, 1994 | Vintage M\u00f6bel kaufen auf KURATO.CH","og_description":"Entdecke Vintage M\u00f6bel & Dekoration \u27a4 Tisch von Dante Rubli, Design by Dante, 1994 auf Kurato. \u2713Lieferung Schweiz \u271314-Tage R\u00fcckgabe \u2713Secondhand Unikat","og_url":"https:\/\/kurato.ch\/fr\/product\/tisch-von-dante-rubli-design-by-dante-1994\/","og_site_name":"Vintage M\u00f6bel &amp; Dekoration I Kurato","article_publisher":"https:\/\/www.facebook.com\/kuratoswitzerland","og_image":[{"width":800,"height":800,"url":"https:\/\/kurato.ch\/wp-content\/uploads\/2024\/10\/Tisch-von-Dante-Rubelli-vintage-secondhand-gebraucht-schweiz-8.jpg","type":"image\/jpeg"}],"twitter_misc":{"Dur\u00e9e de lecture estim\u00e9e":"1 minute"},"schema":{"@context":"https:\/\/schema.org","@graph":[{"@type":"WebPage","@id":"https:\/\/kurato.ch\/product\/tisch-von-dante-rubli-design-by-dante-1994\/","url":"https:\/\/kurato.ch\/product\/tisch-von-dante-rubli-design-by-dante-1994\/","name":"Tisch von Dante Rubli, Design by Dante, 1994 | Vintage M\u00f6bel kaufen auf KURATO.CH","isPartOf":{"@id":"https:\/\/kurato.ch\/#website"},"primaryImageOfPage":{"@id":"https:\/\/kurato.ch\/product\/tisch-von-dante-rubli-design-by-dante-1994\/#primaryimage"},"image":{"@id":"https:\/\/kurato.ch\/product\/tisch-von-dante-rubli-design-by-dante-1994\/#primaryimage"},"thumbnailUrl":"https:\/\/kurato.ch\/wp-content\/uploads\/2024\/10\/Tisch-von-Dante-Rubelli-vintage-secondhand-gebraucht-schweiz-8.jpg","datePublished":"2024-10-05T17:34:09+00:00","description":"Entdecke Vintage M\u00f6bel & Dekoration \u27a4 Tisch von Dante Rubli, Design by Dante, 1994 auf Kurato. \u2713Lieferung Schweiz \u271314-Tage R\u00fcckgabe \u2713Secondhand Unikat","breadcrumb":{"@id":"https:\/\/kurato.ch\/product\/tisch-von-dante-rubli-design-by-dante-1994\/#breadcrumb"},"inLanguage":"fr-FR","potentialAction":[{"@type":"ReadAction","target":["https:\/\/kurato.ch\/product\/tisch-von-dante-rubli-design-by-dante-1994\/"]}]},{"@type":"ImageObject","inLanguage":"fr-FR","@id":"https:\/\/kurato.ch\/product\/tisch-von-dante-rubli-design-by-dante-1994\/#primaryimage","url":"https:\/\/kurato.ch\/wp-content\/uploads\/2024\/10\/Tisch-von-Dante-Rubelli-vintage-secondhand-gebraucht-schweiz-8.jpg","contentUrl":"https:\/\/kurato.ch\/wp-content\/uploads\/2024\/10\/Tisch-von-Dante-Rubelli-vintage-secondhand-gebraucht-schweiz-8.jpg","width":800,"height":800,"caption":"Tisch von Dante Rubelli"},{"@type":"BreadcrumbList","@id":"https:\/\/kurato.ch\/product\/tisch-von-dante-rubli-design-by-dante-1994\/#breadcrumb","itemListElement":[{"@type":"ListItem","position":1,"name":"Home","item":"https:\/\/kurato.ch\/"},{"@type":"ListItem","position":2,"name":"Neuheiten","item":"https:\/\/kurato.ch\/neuheiten\/"},{"@type":"ListItem","position":3,"name":"Tisch von Dante Rubli, Design by Dante, 1994"}]},{"@type":"WebSite","@id":"https:\/\/kurato.ch\/#website","url":"https:\/\/kurato.ch\/","name":"Meubles vintage &amp; d\u00e9coration I Kurato","description":"Meubles vintage &amp; d\u00e9coration I Kurato","publisher":{"@id":"https:\/\/kurato.ch\/#organization"},"potentialAction":[{"@type":"SearchAction","target":{"@type":"EntryPoint","urlTemplate":"https:\/\/kurato.ch\/?s={search_term_string}"},"query-input":{"@type":"PropertyValueSpecification","valueRequired":true,"valueName":"search_term_string"}}],"inLanguage":"fr-FR"},{"@type":"Organization","@id":"https:\/\/kurato.ch\/#organization","name":"Kurato.","url":"https:\/\/kurato.ch\/","logo":{"@type":"ImageObject","inLanguage":"fr-FR","@id":"https:\/\/kurato.ch\/#\/schema\/logo\/image\/","url":"","contentUrl":"","caption":"Kurato."},"image":{"@id":"https:\/\/kurato.ch\/#\/schema\/logo\/image\/"},"sameAs":["https:\/\/www.facebook.com\/kuratoswitzerland","https:\/\/www.instagram.com\/kurato.ch\/","https:\/\/www.pinterest.ch\/kurato_ch\/_created\/"]}]}},"_links":{"self":[{"href":"https:\/\/kurato.ch\/fr\/wp-json\/wp\/v2\/product\/62656","targetHints":{"allow":["GET"]}}],"collection":[{"href":"https:\/\/kurato.ch\/fr\/wp-json\/wp\/v2\/product"}],"about":[{"href":"https:\/\/kurato.ch\/fr\/wp-json\/wp\/v2\/types\/product"}],"wp:featuredmedia":[{"embeddable":true,"href":"https:\/\/kurato.ch\/fr\/wp-json\/wp\/v2\/media\/62731"}],"wp:attachment":[{"href":"https:\/\/kurato.ch\/fr\/wp-json\/wp\/v2\/media?parent=62656"}],"wp:term":[{"taxonomy":"product_brand","embeddable":true,"href":"https:\/\/kurato.ch\/fr\/wp-json\/wp\/v2\/product_brand?post=62656"},{"taxonomy":"product_cat","embeddable":true,"href":"https:\/\/kurato.ch\/fr\/wp-json\/wp\/v2\/product_cat?post=62656"},{"taxonomy":"product_tag","embeddable":true,"href":"https:\/\/kurato.ch\/fr\/wp-json\/wp\/v2\/product_tag?post=62656"}],"curies":[{"name":"wp","href":"https:\/\/api.w.org\/{rel}","templated":true}]}}