{"id":62686,"date":"2024-10-05T18:58:22","date_gmt":"2024-10-05T16:58:22","guid":{"rendered":"https:\/\/kurato.ch\/?post_type=product&#038;p=62686"},"modified":"2025-09-02T17:51:27","modified_gmt":"2025-09-02T15:51:27","slug":"kleiderstaender-von-michele-de-lucchi-tadao-takaichi-fuer-kartell","status":"publish","type":"product","link":"https:\/\/kurato.ch\/fr\/product\/kleiderstaender-von-michele-de-lucchi-tadao-takaichi-fuer-kartell\/","title":{"rendered":"Kleiderst\u00e4nder von Michele De Lucchi &#038; Tadao Takaichi f\u00fcr Kartell"},"content":{"rendered":"<p>Kleiderst\u00e4nder von Michele De Lucchi &amp; Tadao Takaichi f\u00fcr Kartell<\/p>\n<p>Der Kleiderst\u00e4nder Segmenti 5160 wurde von den renommierten Designern Michele De Lucchi und Tadao Takaichi entworfen und von Kartell im Jahr 1991 produziert. Der Kleiderst\u00e4nder besticht durch seine klare, minimalistische Formgebung, die funktionale Elemente wie einen integrierten Schirmst\u00e4nder geschickt kombiniert. Er geh\u00f6rt zur Serie von Segmenti-M\u00f6beln und wurde in schwarz gefertigt, was ihm eine zeitlose und vielseitige Eleganz verleiht.<\/p>\n<p>Designer: Michele De Lucchi &amp; Tadao Takaichi<br \/>Hersteller: Kartell<br \/>Modell: Segmenti 5160<br \/>Design-Epoche: Sp\u00e4te 1980er bis fr\u00fche 1990er Jahre<br \/>Jahr der ersten Produktion: 1991<br \/>Herkunft: Italien<br \/>Material: Kunststoff (ABS)<br \/>Couleur : Noir<br \/>Hakenanzahl: 8 Haken<\/p>\n<p>Zustand: Der Kleiderst\u00e4nder befindet sich in einem sehr guten Zustand mit nur leichten Gebrauchsspuren. Bitte beachten Sie die Fotos als Teil der Beschreibung.<\/p>\n<p>Masse: H\u00f6he: 170 cm, Durchmesser: 46,3 cm<\/p>\n<p>&#8211; Abholung in Z\u00fcrich mit Terminvereinbarung m\u00f6glich.<br \/>&#8211; Lieferung schweizweit m\u00f6glich! Frage einfach nach dem Preis, der sich je nach Entfernung berechnet.<\/p>","protected":false},"excerpt":{"rendered":"<p>Kleiderst\u00e4nder von Michele De Lucchi &amp; Tadao Takaichi f\u00fcr Kartell Der Kleiderst\u00e4nder Segmenti 5160 wurde von den renommierten Designern Michele De Lucchi und Tadao Takaichi entworfen und von Kartell im Jahr 1991 produziert. Der Kleiderst\u00e4nder besticht durch seine klare, minimalistische Formgebung, die funktionale Elemente wie einen integrierten Schirmst\u00e4nder geschickt kombiniert. Er geh\u00f6rt zur Serie von [&hellip;]<\/p>\n","protected":false},"featured_media":62726,"template":"","meta":{"_acf_changed":false,"site-sidebar-layout":"default","site-content-layout":"","ast-site-content-layout":"default","site-content-style":"default","site-sidebar-style":"default","ast-global-header-display":"","ast-banner-title-visibility":"","ast-main-header-display":"","ast-hfb-above-header-display":"","ast-hfb-below-header-display":"","ast-hfb-mobile-header-display":"","site-post-title":"","ast-breadcrumbs-content":"","ast-featured-img":"","footer-sml-layout":"","ast-disable-related-posts":"","theme-transparent-header-meta":"","adv-header-id-meta":"","stick-header-meta":"","header-above-stick-meta":"","header-main-stick-meta":"","header-below-stick-meta":"","astra-migrate-meta-layouts":"default","ast-page-background-enabled":"default","ast-page-background-meta":{"desktop":{"background-color":"","background-image":"","background-repeat":"repeat","background-position":"center center","background-size":"auto","background-attachment":"scroll","background-type":"","background-media":"","overlay-type":"","overlay-color":"","overlay-opacity":"","overlay-gradient":""},"tablet":{"background-color":"","background-image":"","background-repeat":"repeat","background-position":"center center","background-size":"auto","background-attachment":"scroll","background-type":"","background-media":"","overlay-type":"","overlay-color":"","overlay-opacity":"","overlay-gradient":""},"mobile":{"background-color":"","background-image":"","background-repeat":"repeat","background-position":"center center","background-size":"auto","background-attachment":"scroll","background-type":"","background-media":"","overlay-type":"","overlay-color":"","overlay-opacity":"","overlay-gradient":""}},"ast-content-background-meta":{"desktop":{"background-color":"var(--ast-global-color-5)","background-image":"","background-repeat":"repeat","background-position":"center center","background-size":"auto","background-attachment":"scroll","background-type":"","background-media":"","overlay-type":"","overlay-color":"","overlay-opacity":"","overlay-gradient":""},"tablet":{"background-color":"var(--ast-global-color-5)","background-image":"","background-repeat":"repeat","background-position":"center center","background-size":"auto","background-attachment":"scroll","background-type":"","background-media":"","overlay-type":"","overlay-color":"","overlay-opacity":"","overlay-gradient":""},"mobile":{"background-color":"var(--ast-global-color-5)","background-image":"","background-repeat":"repeat","background-position":"center center","background-size":"auto","background-attachment":"scroll","background-type":"","background-media":"","overlay-type":"","overlay-color":"","overlay-opacity":"","overlay-gradient":""}}},"product_brand":[],"product_cat":[77],"product_tag":[],"class_list":{"0":"post-62686","1":"product","2":"type-product","3":"status-publish","4":"has-post-thumbnail","6":"product_cat-vintage-kleiderstaender","7":"pa_designer-kartell","8":"pa_farbe-schwarz","9":"pa_material-plastik","10":"pa_stil-design","11":"desktop-align-left","12":"tablet-align-left","13":"mobile-align-left","15":"first","16":"instock","17":"sold-individually","18":"shipping-taxable","19":"purchasable","20":"product-type-simple"},"acf":[],"yoast_head":"<!-- This site is optimized with the Yoast SEO plugin v27.4 - https:\/\/yoast.com\/product\/yoast-seo-wordpress\/ -->\n<title>Kleiderst\u00e4nder von Michele De Lucchi &amp; Tadao Takaichi f\u00fcr Kartell | Vintage M\u00f6bel kaufen auf KURATO.CH<\/title>\n<meta name=\"description\" content=\"Entdecke Vintage M\u00f6bel &amp; Dekoration \u27a4 Kleiderst\u00e4nder von Michele De Lucchi &amp; Tadao Takaichi f\u00fcr Kartell auf Kurato. \u2713Lieferung Schweiz \u271314-Tage R\u00fcckgabe \u2713Secondhand Unikat\" \/>\n<meta name=\"robots\" content=\"index, follow, max-snippet:-1, max-image-preview:large, max-video-preview:-1\" \/>\n<link rel=\"canonical\" href=\"https:\/\/kurato.ch\/fr\/product\/kleiderstaender-von-michele-de-lucchi-tadao-takaichi-fuer-kartell\/\" \/>\n<meta property=\"og:locale\" content=\"fr_FR\" \/>\n<meta property=\"og:type\" content=\"article\" \/>\n<meta property=\"og:title\" content=\"Kleiderst\u00e4nder von Michele De Lucchi &amp; Tadao Takaichi f\u00fcr Kartell | Vintage M\u00f6bel kaufen auf KURATO.CH\" \/>\n<meta property=\"og:description\" content=\"Entdecke Vintage M\u00f6bel &amp; Dekoration \u27a4 Kleiderst\u00e4nder von Michele De Lucchi &amp; Tadao Takaichi f\u00fcr Kartell auf Kurato. \u2713Lieferung Schweiz \u271314-Tage R\u00fcckgabe \u2713Secondhand Unikat\" \/>\n<meta property=\"og:url\" content=\"https:\/\/kurato.ch\/fr\/product\/kleiderstaender-von-michele-de-lucchi-tadao-takaichi-fuer-kartell\/\" \/>\n<meta property=\"og:site_name\" content=\"Vintage M\u00f6bel &amp; Dekoration I Kurato\" \/>\n<meta property=\"article:publisher\" content=\"https:\/\/www.facebook.com\/kuratoswitzerland\" \/>\n<meta property=\"article:modified_time\" content=\"2025-09-02T15:51:27+00:00\" \/>\n<meta property=\"og:image\" content=\"https:\/\/kurato.ch\/wp-content\/uploads\/2024\/10\/Kleiderstaender-von-Michele-De-Lucchi-Tadao-Takaichi-fuer-Kartell-vintage-secondhand-gebraucht-schweiz-8.jpg\" \/>\n\t<meta property=\"og:image:width\" content=\"800\" \/>\n\t<meta property=\"og:image:height\" content=\"800\" \/>\n\t<meta property=\"og:image:type\" content=\"image\/jpeg\" \/>\n<meta name=\"twitter:label1\" content=\"Dur\u00e9e de lecture estim\u00e9e\" \/>\n\t<meta name=\"twitter:data1\" content=\"1 minute\" \/>\n<script type=\"application\/ld+json\" class=\"yoast-schema-graph\">{\"@context\":\"https:\\\/\\\/schema.org\",\"@graph\":[{\"@type\":\"WebPage\",\"@id\":\"https:\\\/\\\/kurato.ch\\\/product\\\/kleiderstaender-von-michele-de-lucchi-tadao-takaichi-fuer-kartell\\\/\",\"url\":\"https:\\\/\\\/kurato.ch\\\/product\\\/kleiderstaender-von-michele-de-lucchi-tadao-takaichi-fuer-kartell\\\/\",\"name\":\"Kleiderst\u00e4nder von Michele De Lucchi & Tadao Takaichi f\u00fcr Kartell | Vintage M\u00f6bel kaufen auf KURATO.CH\",\"isPartOf\":{\"@id\":\"https:\\\/\\\/kurato.ch\\\/#website\"},\"primaryImageOfPage\":{\"@id\":\"https:\\\/\\\/kurato.ch\\\/product\\\/kleiderstaender-von-michele-de-lucchi-tadao-takaichi-fuer-kartell\\\/#primaryimage\"},\"image\":{\"@id\":\"https:\\\/\\\/kurato.ch\\\/product\\\/kleiderstaender-von-michele-de-lucchi-tadao-takaichi-fuer-kartell\\\/#primaryimage\"},\"thumbnailUrl\":\"https:\\\/\\\/kurato.ch\\\/wp-content\\\/uploads\\\/2024\\\/10\\\/Kleiderstaender-von-Michele-De-Lucchi-Tadao-Takaichi-fuer-Kartell-vintage-secondhand-gebraucht-schweiz-8.jpg\",\"datePublished\":\"2024-10-05T16:58:22+00:00\",\"dateModified\":\"2025-09-02T15:51:27+00:00\",\"description\":\"Entdecke Vintage M\u00f6bel & Dekoration \u27a4 Kleiderst\u00e4nder von Michele De Lucchi & Tadao Takaichi f\u00fcr Kartell auf Kurato. \u2713Lieferung Schweiz \u271314-Tage R\u00fcckgabe \u2713Secondhand Unikat\",\"breadcrumb\":{\"@id\":\"https:\\\/\\\/kurato.ch\\\/product\\\/kleiderstaender-von-michele-de-lucchi-tadao-takaichi-fuer-kartell\\\/#breadcrumb\"},\"inLanguage\":\"fr-FR\",\"potentialAction\":[{\"@type\":\"ReadAction\",\"target\":[\"https:\\\/\\\/kurato.ch\\\/product\\\/kleiderstaender-von-michele-de-lucchi-tadao-takaichi-fuer-kartell\\\/\"]}]},{\"@type\":\"ImageObject\",\"inLanguage\":\"fr-FR\",\"@id\":\"https:\\\/\\\/kurato.ch\\\/product\\\/kleiderstaender-von-michele-de-lucchi-tadao-takaichi-fuer-kartell\\\/#primaryimage\",\"url\":\"https:\\\/\\\/kurato.ch\\\/wp-content\\\/uploads\\\/2024\\\/10\\\/Kleiderstaender-von-Michele-De-Lucchi-Tadao-Takaichi-fuer-Kartell-vintage-secondhand-gebraucht-schweiz-8.jpg\",\"contentUrl\":\"https:\\\/\\\/kurato.ch\\\/wp-content\\\/uploads\\\/2024\\\/10\\\/Kleiderstaender-von-Michele-De-Lucchi-Tadao-Takaichi-fuer-Kartell-vintage-secondhand-gebraucht-schweiz-8.jpg\",\"width\":800,\"height\":800,\"caption\":\"Kleiderst\u00e4nder von Michele De Lucchi & Tadao Takaichi f\u00fcr Kartell\"},{\"@type\":\"BreadcrumbList\",\"@id\":\"https:\\\/\\\/kurato.ch\\\/product\\\/kleiderstaender-von-michele-de-lucchi-tadao-takaichi-fuer-kartell\\\/#breadcrumb\",\"itemListElement\":[{\"@type\":\"ListItem\",\"position\":1,\"name\":\"Home\",\"item\":\"https:\\\/\\\/kurato.ch\\\/\"},{\"@type\":\"ListItem\",\"position\":2,\"name\":\"Neuheiten\",\"item\":\"https:\\\/\\\/kurato.ch\\\/neuheiten\\\/\"},{\"@type\":\"ListItem\",\"position\":3,\"name\":\"Kleiderst\u00e4nder von Michele De Lucchi &#038; Tadao Takaichi f\u00fcr Kartell\"}]},{\"@type\":\"WebSite\",\"@id\":\"https:\\\/\\\/kurato.ch\\\/#website\",\"url\":\"https:\\\/\\\/kurato.ch\\\/\",\"name\":\"Vintage M\u00f6bel &amp; Dekoration I Kurato\",\"description\":\"Vintage M\u00f6bel &amp; Dekoration I Kurato\",\"publisher\":{\"@id\":\"https:\\\/\\\/kurato.ch\\\/#organization\"},\"potentialAction\":[{\"@type\":\"SearchAction\",\"target\":{\"@type\":\"EntryPoint\",\"urlTemplate\":\"https:\\\/\\\/kurato.ch\\\/?s={search_term_string}\"},\"query-input\":{\"@type\":\"PropertyValueSpecification\",\"valueRequired\":true,\"valueName\":\"search_term_string\"}}],\"inLanguage\":\"fr-FR\"},{\"@type\":\"Organization\",\"@id\":\"https:\\\/\\\/kurato.ch\\\/#organization\",\"name\":\"Kurato.\",\"url\":\"https:\\\/\\\/kurato.ch\\\/\",\"logo\":{\"@type\":\"ImageObject\",\"inLanguage\":\"fr-FR\",\"@id\":\"https:\\\/\\\/kurato.ch\\\/#\\\/schema\\\/logo\\\/image\\\/\",\"url\":\"\",\"contentUrl\":\"\",\"caption\":\"Kurato.\"},\"image\":{\"@id\":\"https:\\\/\\\/kurato.ch\\\/#\\\/schema\\\/logo\\\/image\\\/\"},\"sameAs\":[\"https:\\\/\\\/www.facebook.com\\\/kuratoswitzerland\",\"https:\\\/\\\/www.instagram.com\\\/kurato.ch\\\/\",\"https:\\\/\\\/www.pinterest.ch\\\/kurato_ch\\\/_created\\\/\"]}]}<\/script>\n<!-- \/ Yoast SEO plugin. -->","yoast_head_json":{"title":"Kleiderst\u00e4nder von Michele De Lucchi & Tadao Takaichi f\u00fcr Kartell | Vintage M\u00f6bel kaufen auf KURATO.CH","description":"Entdecke Vintage M\u00f6bel & Dekoration \u27a4 Kleiderst\u00e4nder von Michele De Lucchi & Tadao Takaichi f\u00fcr Kartell auf Kurato. \u2713Lieferung Schweiz \u271314-Tage R\u00fcckgabe \u2713Secondhand Unikat","robots":{"index":"index","follow":"follow","max-snippet":"max-snippet:-1","max-image-preview":"max-image-preview:large","max-video-preview":"max-video-preview:-1"},"canonical":"https:\/\/kurato.ch\/fr\/product\/kleiderstaender-von-michele-de-lucchi-tadao-takaichi-fuer-kartell\/","og_locale":"fr_FR","og_type":"article","og_title":"Kleiderst\u00e4nder von Michele De Lucchi & Tadao Takaichi f\u00fcr Kartell | Vintage M\u00f6bel kaufen auf KURATO.CH","og_description":"Entdecke Vintage M\u00f6bel & Dekoration \u27a4 Kleiderst\u00e4nder von Michele De Lucchi & Tadao Takaichi f\u00fcr Kartell auf Kurato. \u2713Lieferung Schweiz \u271314-Tage R\u00fcckgabe \u2713Secondhand Unikat","og_url":"https:\/\/kurato.ch\/fr\/product\/kleiderstaender-von-michele-de-lucchi-tadao-takaichi-fuer-kartell\/","og_site_name":"Vintage M\u00f6bel &amp; Dekoration I Kurato","article_publisher":"https:\/\/www.facebook.com\/kuratoswitzerland","article_modified_time":"2025-09-02T15:51:27+00:00","og_image":[{"width":800,"height":800,"url":"https:\/\/kurato.ch\/wp-content\/uploads\/2024\/10\/Kleiderstaender-von-Michele-De-Lucchi-Tadao-Takaichi-fuer-Kartell-vintage-secondhand-gebraucht-schweiz-8.jpg","type":"image\/jpeg"}],"twitter_misc":{"Dur\u00e9e de lecture estim\u00e9e":"1 minute"},"schema":{"@context":"https:\/\/schema.org","@graph":[{"@type":"WebPage","@id":"https:\/\/kurato.ch\/product\/kleiderstaender-von-michele-de-lucchi-tadao-takaichi-fuer-kartell\/","url":"https:\/\/kurato.ch\/product\/kleiderstaender-von-michele-de-lucchi-tadao-takaichi-fuer-kartell\/","name":"Kleiderst\u00e4nder von Michele De Lucchi & Tadao Takaichi f\u00fcr Kartell | Vintage M\u00f6bel kaufen auf KURATO.CH","isPartOf":{"@id":"https:\/\/kurato.ch\/#website"},"primaryImageOfPage":{"@id":"https:\/\/kurato.ch\/product\/kleiderstaender-von-michele-de-lucchi-tadao-takaichi-fuer-kartell\/#primaryimage"},"image":{"@id":"https:\/\/kurato.ch\/product\/kleiderstaender-von-michele-de-lucchi-tadao-takaichi-fuer-kartell\/#primaryimage"},"thumbnailUrl":"https:\/\/kurato.ch\/wp-content\/uploads\/2024\/10\/Kleiderstaender-von-Michele-De-Lucchi-Tadao-Takaichi-fuer-Kartell-vintage-secondhand-gebraucht-schweiz-8.jpg","datePublished":"2024-10-05T16:58:22+00:00","dateModified":"2025-09-02T15:51:27+00:00","description":"Entdecke Vintage M\u00f6bel & Dekoration \u27a4 Kleiderst\u00e4nder von Michele De Lucchi & Tadao Takaichi f\u00fcr Kartell auf Kurato. \u2713Lieferung Schweiz \u271314-Tage R\u00fcckgabe \u2713Secondhand Unikat","breadcrumb":{"@id":"https:\/\/kurato.ch\/product\/kleiderstaender-von-michele-de-lucchi-tadao-takaichi-fuer-kartell\/#breadcrumb"},"inLanguage":"fr-FR","potentialAction":[{"@type":"ReadAction","target":["https:\/\/kurato.ch\/product\/kleiderstaender-von-michele-de-lucchi-tadao-takaichi-fuer-kartell\/"]}]},{"@type":"ImageObject","inLanguage":"fr-FR","@id":"https:\/\/kurato.ch\/product\/kleiderstaender-von-michele-de-lucchi-tadao-takaichi-fuer-kartell\/#primaryimage","url":"https:\/\/kurato.ch\/wp-content\/uploads\/2024\/10\/Kleiderstaender-von-Michele-De-Lucchi-Tadao-Takaichi-fuer-Kartell-vintage-secondhand-gebraucht-schweiz-8.jpg","contentUrl":"https:\/\/kurato.ch\/wp-content\/uploads\/2024\/10\/Kleiderstaender-von-Michele-De-Lucchi-Tadao-Takaichi-fuer-Kartell-vintage-secondhand-gebraucht-schweiz-8.jpg","width":800,"height":800,"caption":"Kleiderst\u00e4nder von Michele De Lucchi & Tadao Takaichi f\u00fcr Kartell"},{"@type":"BreadcrumbList","@id":"https:\/\/kurato.ch\/product\/kleiderstaender-von-michele-de-lucchi-tadao-takaichi-fuer-kartell\/#breadcrumb","itemListElement":[{"@type":"ListItem","position":1,"name":"Home","item":"https:\/\/kurato.ch\/"},{"@type":"ListItem","position":2,"name":"Neuheiten","item":"https:\/\/kurato.ch\/neuheiten\/"},{"@type":"ListItem","position":3,"name":"Kleiderst\u00e4nder von Michele De Lucchi &#038; Tadao Takaichi f\u00fcr Kartell"}]},{"@type":"WebSite","@id":"https:\/\/kurato.ch\/#website","url":"https:\/\/kurato.ch\/","name":"Meubles vintage &amp; d\u00e9coration I Kurato","description":"Meubles vintage &amp; d\u00e9coration I Kurato","publisher":{"@id":"https:\/\/kurato.ch\/#organization"},"potentialAction":[{"@type":"SearchAction","target":{"@type":"EntryPoint","urlTemplate":"https:\/\/kurato.ch\/?s={search_term_string}"},"query-input":{"@type":"PropertyValueSpecification","valueRequired":true,"valueName":"search_term_string"}}],"inLanguage":"fr-FR"},{"@type":"Organization","@id":"https:\/\/kurato.ch\/#organization","name":"Kurato.","url":"https:\/\/kurato.ch\/","logo":{"@type":"ImageObject","inLanguage":"fr-FR","@id":"https:\/\/kurato.ch\/#\/schema\/logo\/image\/","url":"","contentUrl":"","caption":"Kurato."},"image":{"@id":"https:\/\/kurato.ch\/#\/schema\/logo\/image\/"},"sameAs":["https:\/\/www.facebook.com\/kuratoswitzerland","https:\/\/www.instagram.com\/kurato.ch\/","https:\/\/www.pinterest.ch\/kurato_ch\/_created\/"]}]}},"_links":{"self":[{"href":"https:\/\/kurato.ch\/fr\/wp-json\/wp\/v2\/product\/62686","targetHints":{"allow":["GET"]}}],"collection":[{"href":"https:\/\/kurato.ch\/fr\/wp-json\/wp\/v2\/product"}],"about":[{"href":"https:\/\/kurato.ch\/fr\/wp-json\/wp\/v2\/types\/product"}],"wp:featuredmedia":[{"embeddable":true,"href":"https:\/\/kurato.ch\/fr\/wp-json\/wp\/v2\/media\/62726"}],"wp:attachment":[{"href":"https:\/\/kurato.ch\/fr\/wp-json\/wp\/v2\/media?parent=62686"}],"wp:term":[{"taxonomy":"product_brand","embeddable":true,"href":"https:\/\/kurato.ch\/fr\/wp-json\/wp\/v2\/product_brand?post=62686"},{"taxonomy":"product_cat","embeddable":true,"href":"https:\/\/kurato.ch\/fr\/wp-json\/wp\/v2\/product_cat?post=62686"},{"taxonomy":"product_tag","embeddable":true,"href":"https:\/\/kurato.ch\/fr\/wp-json\/wp\/v2\/product_tag?post=62686"}],"curies":[{"name":"wp","href":"https:\/\/api.w.org\/{rel}","templated":true}]}}