{"id":62973,"date":"2024-10-10T15:50:45","date_gmt":"2024-10-10T13:50:45","guid":{"rendered":"https:\/\/kurato.ch\/?post_type=product&#038;p=62973"},"modified":"2024-10-23T14:35:40","modified_gmt":"2024-10-23T12:35:40","slug":"modell-3107-arne-jacobsen-fuer-fritz-hansen-2","status":"publish","type":"product","link":"https:\/\/kurato.ch\/fr\/product\/modell-3107-arne-jacobsen-fuer-fritz-hansen-2\/","title":{"rendered":"Mod\u00e8le 3107 Arne Jacobsen pour Fritz Hansen"},"content":{"rendered":"<p>Ein Klassiker unter den St\u00fchlen, das Modell 3107 auch bekannt als Butterfly Chair. Designt wurde der Stuhl 1955 von Arne Jacobsen und hergestellt von Fritz Hansen. Der Stuhlsitz ist aus gebogenem Sperrholz gefertigt und ruht auf verchromten Stuhlbeinen.<\/p>\n<p>Die R\u00fcckenlehne des Stuhls wackelt leicht, deshalb wird er zu diesem bescheidenen Preis verkauft (s. ein zweiter intakter Stuhl auf Kurato).<\/p>","protected":false},"excerpt":{"rendered":"<p>Ein Klassiker unter den St\u00fchlen, das Modell 3107 auch bekannt als Butterfly Chair. Designt wurde der Stuhl 1955 von Arne Jacobsen und hergestellt von Fritz Hansen. Der Stuhlsitz ist aus gebogenem Sperrholz gefertigt und ruht auf verchromten Stuhlbeinen. Die R\u00fcckenlehne des Stuhls wackelt leicht, deshalb wird er zu diesem bescheidenen Preis verkauft (s. ein zweiter [&hellip;]<\/p>\n","protected":false},"featured_media":62999,"template":"","meta":{"_acf_changed":false,"site-sidebar-layout":"default","site-content-layout":"","ast-site-content-layout":"default","site-content-style":"default","site-sidebar-style":"default","ast-global-header-display":"","ast-banner-title-visibility":"","ast-main-header-display":"","ast-hfb-above-header-display":"","ast-hfb-below-header-display":"","ast-hfb-mobile-header-display":"","site-post-title":"","ast-breadcrumbs-content":"","ast-featured-img":"","footer-sml-layout":"","ast-disable-related-posts":"","theme-transparent-header-meta":"","adv-header-id-meta":"","stick-header-meta":"","header-above-stick-meta":"","header-main-stick-meta":"","header-below-stick-meta":"","astra-migrate-meta-layouts":"default","ast-page-background-enabled":"default","ast-page-background-meta":{"desktop":{"background-color":"","background-image":"","background-repeat":"repeat","background-position":"center center","background-size":"auto","background-attachment":"scroll","background-type":"","background-media":"","overlay-type":"","overlay-color":"","overlay-opacity":"","overlay-gradient":""},"tablet":{"background-color":"","background-image":"","background-repeat":"repeat","background-position":"center center","background-size":"auto","background-attachment":"scroll","background-type":"","background-media":"","overlay-type":"","overlay-color":"","overlay-opacity":"","overlay-gradient":""},"mobile":{"background-color":"","background-image":"","background-repeat":"repeat","background-position":"center center","background-size":"auto","background-attachment":"scroll","background-type":"","background-media":"","overlay-type":"","overlay-color":"","overlay-opacity":"","overlay-gradient":""}},"ast-content-background-meta":{"desktop":{"background-color":"var(--ast-global-color-5)","background-image":"","background-repeat":"repeat","background-position":"center center","background-size":"auto","background-attachment":"scroll","background-type":"","background-media":"","overlay-type":"","overlay-color":"","overlay-opacity":"","overlay-gradient":""},"tablet":{"background-color":"var(--ast-global-color-5)","background-image":"","background-repeat":"repeat","background-position":"center center","background-size":"auto","background-attachment":"scroll","background-type":"","background-media":"","overlay-type":"","overlay-color":"","overlay-opacity":"","overlay-gradient":""},"mobile":{"background-color":"var(--ast-global-color-5)","background-image":"","background-repeat":"repeat","background-position":"center center","background-size":"auto","background-attachment":"scroll","background-type":"","background-media":"","overlay-type":"","overlay-color":"","overlay-opacity":"","overlay-gradient":""}}},"product_brand":[],"product_cat":[163],"product_tag":[],"class_list":{"0":"post-62973","1":"product","2":"type-product","3":"status-publish","4":"has-post-thumbnail","6":"product_cat-vintage-stuhl","7":"pa_designer-fritz-hansen","8":"pa_material-holz","9":"pa_stil-klassisch","10":"desktop-align-left","11":"tablet-align-left","12":"mobile-align-left","14":"first","15":"outofstock","16":"sold-individually","17":"shipping-taxable","18":"purchasable","19":"product-type-simple"},"acf":[],"yoast_head":"<!-- This site is optimized with the Yoast SEO plugin v27.4 - https:\/\/yoast.com\/product\/yoast-seo-wordpress\/ -->\n<title>Modell 3107 Arne Jacobsen f\u00fcr Fritz Hansen | Vintage M\u00f6bel kaufen auf KURATO.CH<\/title>\n<meta name=\"description\" content=\"Entdecke Vintage M\u00f6bel &amp; Dekoration \u27a4 Modell 3107 Arne Jacobsen f\u00fcr Fritz Hansen auf Kurato. \u2713Lieferung Schweiz \u271314-Tage R\u00fcckgabe \u2713Secondhand Unikat\" \/>\n<meta name=\"robots\" content=\"index, follow, max-snippet:-1, max-image-preview:large, max-video-preview:-1\" \/>\n<link rel=\"canonical\" href=\"https:\/\/kurato.ch\/fr\/product\/modell-3107-arne-jacobsen-fuer-fritz-hansen-2\/\" \/>\n<meta property=\"og:locale\" content=\"fr_FR\" \/>\n<meta property=\"og:type\" content=\"article\" \/>\n<meta property=\"og:title\" content=\"Modell 3107 Arne Jacobsen f\u00fcr Fritz Hansen | Vintage M\u00f6bel kaufen auf KURATO.CH\" \/>\n<meta property=\"og:description\" content=\"Entdecke Vintage M\u00f6bel &amp; Dekoration \u27a4 Modell 3107 Arne Jacobsen f\u00fcr Fritz Hansen auf Kurato. \u2713Lieferung Schweiz \u271314-Tage R\u00fcckgabe \u2713Secondhand Unikat\" \/>\n<meta property=\"og:url\" content=\"https:\/\/kurato.ch\/fr\/product\/modell-3107-arne-jacobsen-fuer-fritz-hansen-2\/\" \/>\n<meta property=\"og:site_name\" content=\"Vintage M\u00f6bel &amp; Dekoration I Kurato\" \/>\n<meta property=\"article:publisher\" content=\"https:\/\/www.facebook.com\/kuratoswitzerland\" \/>\n<meta property=\"article:modified_time\" content=\"2024-10-23T12:35:40+00:00\" \/>\n<meta property=\"og:image\" content=\"https:\/\/kurato.ch\/wp-content\/uploads\/2024\/10\/Modell-3107-Arne-Jacobsen-fuer-Fritz-Hansen-vintage-secondhand-gebraucht-schweiz-8-1.jpg\" \/>\n\t<meta property=\"og:image:width\" content=\"800\" \/>\n\t<meta property=\"og:image:height\" content=\"800\" \/>\n\t<meta property=\"og:image:type\" content=\"image\/jpeg\" \/>\n<script type=\"application\/ld+json\" class=\"yoast-schema-graph\">{\"@context\":\"https:\\\/\\\/schema.org\",\"@graph\":[{\"@type\":\"WebPage\",\"@id\":\"https:\\\/\\\/kurato.ch\\\/product\\\/modell-3107-arne-jacobsen-fuer-fritz-hansen-2\\\/\",\"url\":\"https:\\\/\\\/kurato.ch\\\/product\\\/modell-3107-arne-jacobsen-fuer-fritz-hansen-2\\\/\",\"name\":\"Modell 3107 Arne Jacobsen f\u00fcr Fritz Hansen | Vintage M\u00f6bel kaufen auf KURATO.CH\",\"isPartOf\":{\"@id\":\"https:\\\/\\\/kurato.ch\\\/#website\"},\"primaryImageOfPage\":{\"@id\":\"https:\\\/\\\/kurato.ch\\\/product\\\/modell-3107-arne-jacobsen-fuer-fritz-hansen-2\\\/#primaryimage\"},\"image\":{\"@id\":\"https:\\\/\\\/kurato.ch\\\/product\\\/modell-3107-arne-jacobsen-fuer-fritz-hansen-2\\\/#primaryimage\"},\"thumbnailUrl\":\"https:\\\/\\\/kurato.ch\\\/wp-content\\\/uploads\\\/2024\\\/10\\\/Modell-3107-Arne-Jacobsen-fuer-Fritz-Hansen-vintage-secondhand-gebraucht-schweiz-8-1.jpg\",\"datePublished\":\"2024-10-10T13:50:45+00:00\",\"dateModified\":\"2024-10-23T12:35:40+00:00\",\"description\":\"Entdecke Vintage M\u00f6bel & Dekoration \u27a4 Modell 3107 Arne Jacobsen f\u00fcr Fritz Hansen auf Kurato. \u2713Lieferung Schweiz \u271314-Tage R\u00fcckgabe \u2713Secondhand Unikat\",\"breadcrumb\":{\"@id\":\"https:\\\/\\\/kurato.ch\\\/product\\\/modell-3107-arne-jacobsen-fuer-fritz-hansen-2\\\/#breadcrumb\"},\"inLanguage\":\"fr-FR\",\"potentialAction\":[{\"@type\":\"ReadAction\",\"target\":[\"https:\\\/\\\/kurato.ch\\\/product\\\/modell-3107-arne-jacobsen-fuer-fritz-hansen-2\\\/\"]}]},{\"@type\":\"ImageObject\",\"inLanguage\":\"fr-FR\",\"@id\":\"https:\\\/\\\/kurato.ch\\\/product\\\/modell-3107-arne-jacobsen-fuer-fritz-hansen-2\\\/#primaryimage\",\"url\":\"https:\\\/\\\/kurato.ch\\\/wp-content\\\/uploads\\\/2024\\\/10\\\/Modell-3107-Arne-Jacobsen-fuer-Fritz-Hansen-vintage-secondhand-gebraucht-schweiz-8-1.jpg\",\"contentUrl\":\"https:\\\/\\\/kurato.ch\\\/wp-content\\\/uploads\\\/2024\\\/10\\\/Modell-3107-Arne-Jacobsen-fuer-Fritz-Hansen-vintage-secondhand-gebraucht-schweiz-8-1.jpg\",\"width\":800,\"height\":800,\"caption\":\"Modell 3107 Arne Jacobsen f\u00fcr Fritz Hansen\"},{\"@type\":\"BreadcrumbList\",\"@id\":\"https:\\\/\\\/kurato.ch\\\/product\\\/modell-3107-arne-jacobsen-fuer-fritz-hansen-2\\\/#breadcrumb\",\"itemListElement\":[{\"@type\":\"ListItem\",\"position\":1,\"name\":\"Home\",\"item\":\"https:\\\/\\\/kurato.ch\\\/\"},{\"@type\":\"ListItem\",\"position\":2,\"name\":\"Neuheiten\",\"item\":\"https:\\\/\\\/kurato.ch\\\/neuheiten\\\/\"},{\"@type\":\"ListItem\",\"position\":3,\"name\":\"Modell 3107 Arne Jacobsen f\u00fcr Fritz Hansen\"}]},{\"@type\":\"WebSite\",\"@id\":\"https:\\\/\\\/kurato.ch\\\/#website\",\"url\":\"https:\\\/\\\/kurato.ch\\\/\",\"name\":\"Vintage M\u00f6bel &amp; Dekoration I Kurato\",\"description\":\"Vintage M\u00f6bel &amp; Dekoration I Kurato\",\"publisher\":{\"@id\":\"https:\\\/\\\/kurato.ch\\\/#organization\"},\"potentialAction\":[{\"@type\":\"SearchAction\",\"target\":{\"@type\":\"EntryPoint\",\"urlTemplate\":\"https:\\\/\\\/kurato.ch\\\/?s={search_term_string}\"},\"query-input\":{\"@type\":\"PropertyValueSpecification\",\"valueRequired\":true,\"valueName\":\"search_term_string\"}}],\"inLanguage\":\"fr-FR\"},{\"@type\":\"Organization\",\"@id\":\"https:\\\/\\\/kurato.ch\\\/#organization\",\"name\":\"Kurato.\",\"url\":\"https:\\\/\\\/kurato.ch\\\/\",\"logo\":{\"@type\":\"ImageObject\",\"inLanguage\":\"fr-FR\",\"@id\":\"https:\\\/\\\/kurato.ch\\\/#\\\/schema\\\/logo\\\/image\\\/\",\"url\":\"\",\"contentUrl\":\"\",\"caption\":\"Kurato.\"},\"image\":{\"@id\":\"https:\\\/\\\/kurato.ch\\\/#\\\/schema\\\/logo\\\/image\\\/\"},\"sameAs\":[\"https:\\\/\\\/www.facebook.com\\\/kuratoswitzerland\",\"https:\\\/\\\/www.instagram.com\\\/kurato.ch\\\/\",\"https:\\\/\\\/www.pinterest.ch\\\/kurato_ch\\\/_created\\\/\"]}]}<\/script>\n<!-- \/ Yoast SEO plugin. -->","yoast_head_json":{"title":"Modell 3107 Arne Jacobsen f\u00fcr Fritz Hansen | Vintage M\u00f6bel kaufen auf KURATO.CH","description":"Entdecke Vintage M\u00f6bel & Dekoration \u27a4 Modell 3107 Arne Jacobsen f\u00fcr Fritz Hansen auf Kurato. \u2713Lieferung Schweiz \u271314-Tage R\u00fcckgabe \u2713Secondhand Unikat","robots":{"index":"index","follow":"follow","max-snippet":"max-snippet:-1","max-image-preview":"max-image-preview:large","max-video-preview":"max-video-preview:-1"},"canonical":"https:\/\/kurato.ch\/fr\/product\/modell-3107-arne-jacobsen-fuer-fritz-hansen-2\/","og_locale":"fr_FR","og_type":"article","og_title":"Modell 3107 Arne Jacobsen f\u00fcr Fritz Hansen | Vintage M\u00f6bel kaufen auf KURATO.CH","og_description":"Entdecke Vintage M\u00f6bel & Dekoration \u27a4 Modell 3107 Arne Jacobsen f\u00fcr Fritz Hansen auf Kurato. \u2713Lieferung Schweiz \u271314-Tage R\u00fcckgabe \u2713Secondhand Unikat","og_url":"https:\/\/kurato.ch\/fr\/product\/modell-3107-arne-jacobsen-fuer-fritz-hansen-2\/","og_site_name":"Vintage M\u00f6bel &amp; Dekoration I Kurato","article_publisher":"https:\/\/www.facebook.com\/kuratoswitzerland","article_modified_time":"2024-10-23T12:35:40+00:00","og_image":[{"width":800,"height":800,"url":"https:\/\/kurato.ch\/wp-content\/uploads\/2024\/10\/Modell-3107-Arne-Jacobsen-fuer-Fritz-Hansen-vintage-secondhand-gebraucht-schweiz-8-1.jpg","type":"image\/jpeg"}],"schema":{"@context":"https:\/\/schema.org","@graph":[{"@type":"WebPage","@id":"https:\/\/kurato.ch\/product\/modell-3107-arne-jacobsen-fuer-fritz-hansen-2\/","url":"https:\/\/kurato.ch\/product\/modell-3107-arne-jacobsen-fuer-fritz-hansen-2\/","name":"Modell 3107 Arne Jacobsen f\u00fcr Fritz Hansen | Vintage M\u00f6bel kaufen auf KURATO.CH","isPartOf":{"@id":"https:\/\/kurato.ch\/#website"},"primaryImageOfPage":{"@id":"https:\/\/kurato.ch\/product\/modell-3107-arne-jacobsen-fuer-fritz-hansen-2\/#primaryimage"},"image":{"@id":"https:\/\/kurato.ch\/product\/modell-3107-arne-jacobsen-fuer-fritz-hansen-2\/#primaryimage"},"thumbnailUrl":"https:\/\/kurato.ch\/wp-content\/uploads\/2024\/10\/Modell-3107-Arne-Jacobsen-fuer-Fritz-Hansen-vintage-secondhand-gebraucht-schweiz-8-1.jpg","datePublished":"2024-10-10T13:50:45+00:00","dateModified":"2024-10-23T12:35:40+00:00","description":"Entdecke Vintage M\u00f6bel & Dekoration \u27a4 Modell 3107 Arne Jacobsen f\u00fcr Fritz Hansen auf Kurato. \u2713Lieferung Schweiz \u271314-Tage R\u00fcckgabe \u2713Secondhand Unikat","breadcrumb":{"@id":"https:\/\/kurato.ch\/product\/modell-3107-arne-jacobsen-fuer-fritz-hansen-2\/#breadcrumb"},"inLanguage":"fr-FR","potentialAction":[{"@type":"ReadAction","target":["https:\/\/kurato.ch\/product\/modell-3107-arne-jacobsen-fuer-fritz-hansen-2\/"]}]},{"@type":"ImageObject","inLanguage":"fr-FR","@id":"https:\/\/kurato.ch\/product\/modell-3107-arne-jacobsen-fuer-fritz-hansen-2\/#primaryimage","url":"https:\/\/kurato.ch\/wp-content\/uploads\/2024\/10\/Modell-3107-Arne-Jacobsen-fuer-Fritz-Hansen-vintage-secondhand-gebraucht-schweiz-8-1.jpg","contentUrl":"https:\/\/kurato.ch\/wp-content\/uploads\/2024\/10\/Modell-3107-Arne-Jacobsen-fuer-Fritz-Hansen-vintage-secondhand-gebraucht-schweiz-8-1.jpg","width":800,"height":800,"caption":"Modell 3107 Arne Jacobsen f\u00fcr Fritz Hansen"},{"@type":"BreadcrumbList","@id":"https:\/\/kurato.ch\/product\/modell-3107-arne-jacobsen-fuer-fritz-hansen-2\/#breadcrumb","itemListElement":[{"@type":"ListItem","position":1,"name":"Home","item":"https:\/\/kurato.ch\/"},{"@type":"ListItem","position":2,"name":"Neuheiten","item":"https:\/\/kurato.ch\/neuheiten\/"},{"@type":"ListItem","position":3,"name":"Modell 3107 Arne Jacobsen f\u00fcr Fritz Hansen"}]},{"@type":"WebSite","@id":"https:\/\/kurato.ch\/#website","url":"https:\/\/kurato.ch\/","name":"Meubles vintage &amp; d\u00e9coration I Kurato","description":"Meubles vintage &amp; d\u00e9coration I Kurato","publisher":{"@id":"https:\/\/kurato.ch\/#organization"},"potentialAction":[{"@type":"SearchAction","target":{"@type":"EntryPoint","urlTemplate":"https:\/\/kurato.ch\/?s={search_term_string}"},"query-input":{"@type":"PropertyValueSpecification","valueRequired":true,"valueName":"search_term_string"}}],"inLanguage":"fr-FR"},{"@type":"Organization","@id":"https:\/\/kurato.ch\/#organization","name":"Kurato.","url":"https:\/\/kurato.ch\/","logo":{"@type":"ImageObject","inLanguage":"fr-FR","@id":"https:\/\/kurato.ch\/#\/schema\/logo\/image\/","url":"","contentUrl":"","caption":"Kurato."},"image":{"@id":"https:\/\/kurato.ch\/#\/schema\/logo\/image\/"},"sameAs":["https:\/\/www.facebook.com\/kuratoswitzerland","https:\/\/www.instagram.com\/kurato.ch\/","https:\/\/www.pinterest.ch\/kurato_ch\/_created\/"]}]}},"_links":{"self":[{"href":"https:\/\/kurato.ch\/fr\/wp-json\/wp\/v2\/product\/62973","targetHints":{"allow":["GET"]}}],"collection":[{"href":"https:\/\/kurato.ch\/fr\/wp-json\/wp\/v2\/product"}],"about":[{"href":"https:\/\/kurato.ch\/fr\/wp-json\/wp\/v2\/types\/product"}],"wp:featuredmedia":[{"embeddable":true,"href":"https:\/\/kurato.ch\/fr\/wp-json\/wp\/v2\/media\/62999"}],"wp:attachment":[{"href":"https:\/\/kurato.ch\/fr\/wp-json\/wp\/v2\/media?parent=62973"}],"wp:term":[{"taxonomy":"product_brand","embeddable":true,"href":"https:\/\/kurato.ch\/fr\/wp-json\/wp\/v2\/product_brand?post=62973"},{"taxonomy":"product_cat","embeddable":true,"href":"https:\/\/kurato.ch\/fr\/wp-json\/wp\/v2\/product_cat?post=62973"},{"taxonomy":"product_tag","embeddable":true,"href":"https:\/\/kurato.ch\/fr\/wp-json\/wp\/v2\/product_tag?post=62973"}],"curies":[{"name":"wp","href":"https:\/\/api.w.org\/{rel}","templated":true}]}}