{"id":63638,"date":"2024-11-19T14:25:02","date_gmt":"2024-11-19T12:25:02","guid":{"rendered":"https:\/\/kurato.ch\/?post_type=product&#038;p=63638"},"modified":"2024-11-19T14:25:48","modified_gmt":"2024-11-19T12:25:48","slug":"2-er-hirschsofa-antik-mit-losem-sitzkissen","status":"publish","type":"product","link":"https:\/\/kurato.ch\/fr\/product\/2-er-hirschsofa-antik-mit-losem-sitzkissen\/","title":{"rendered":"2-er Hirschsofa antik mit losem Sitzkissen"},"content":{"rendered":"<p>2er Hirschsofa antik modern gepolstert mit losem Sitzkissen \/ Nussbaumgestell neu restauriert<\/p>\n<p>Polsterung: modern mit Poly\u00e4ther- und Kaltschaum<br \/>\nBezugsstoff: Manuel Canovas Paris<br \/>\nGestell: Nussbaumholz restauriert seidenmatt lackiert<br \/>\nAbmessungen: 158 x 66 x 97 cm (LxBxH)<br \/>\nHauteur du si\u00e8ge : 46 cm<br \/>\nSitztiefe: 57 cm<\/p>\n<p>\u00e9tat :<br \/>\nDas Sofa ist ungebraucht und stammt aus einer Innendekorations-Ausstellung. Das Sofa wurde 2017 professionell restauriert, neu gepolstert und bezogen.<\/p>\n<p>Description :<br \/>\nDie Polsterausf\u00fchrung vom Sitz wurde innovativ modernisiert mit einem losen Sitzkissen und Kederausbildung. Dadurch wirkt das Sofa viel moderner als herk\u00f6mmliche konventionell gepolsterte Hirschsofas. Wundersch\u00f6n freistehend im Entre\u00e9bereich oder als zus\u00e4tzliche Sitzgelegenheit kombiniert mit modernen M\u00f6beln.<br \/>\nDas Nussbaumgestell wurde vom Antikschreiner vor der Polsterung komplett verst\u00e4rkt, abgeschliffen und neu seidenmatt lackiert.<\/p>\n<p>Bemerkung:<br \/>\nDie Kissen auf den Fotos sind nicht inklusive! Sie k\u00f6nnen aber gerne auf Anfrage dazugekauft werden.<\/p>\n<p>&nbsp;<\/p>","protected":false},"excerpt":{"rendered":"<p>2er Hirschsofa antik modern gepolstert mit losem Sitzkissen \/ Nussbaumgestell neu restauriert Polsterung: modern mit Poly\u00e4ther- und Kaltschaum Bezugsstoff: Manuel Canovas Paris Gestell: Nussbaumholz restauriert seidenmatt lackiert Abmessungen: 158 x 66 x 97 cm (LxBxH) Sitzh\u00f6he: 46 cm Sitztiefe: 57 cm Zustand: Das Sofa ist ungebraucht und stammt aus einer Innendekorations-Ausstellung. Das Sofa wurde 2017 [&hellip;]<\/p>\n","protected":false},"featured_media":63822,"template":"","meta":{"_acf_changed":false,"site-sidebar-layout":"default","site-content-layout":"","ast-site-content-layout":"default","site-content-style":"default","site-sidebar-style":"default","ast-global-header-display":"","ast-banner-title-visibility":"","ast-main-header-display":"","ast-hfb-above-header-display":"","ast-hfb-below-header-display":"","ast-hfb-mobile-header-display":"","site-post-title":"","ast-breadcrumbs-content":"","ast-featured-img":"","footer-sml-layout":"","ast-disable-related-posts":"","theme-transparent-header-meta":"default","adv-header-id-meta":"","stick-header-meta":"default","header-above-stick-meta":"","header-main-stick-meta":"","header-below-stick-meta":"","astra-migrate-meta-layouts":"set","ast-page-background-enabled":"default","ast-page-background-meta":{"desktop":{"background-color":"","background-image":"","background-repeat":"repeat","background-position":"center center","background-size":"auto","background-attachment":"scroll","background-type":"","background-media":"","overlay-type":"","overlay-color":"","overlay-opacity":"","overlay-gradient":""},"tablet":{"background-color":"","background-image":"","background-repeat":"repeat","background-position":"center center","background-size":"auto","background-attachment":"scroll","background-type":"","background-media":"","overlay-type":"","overlay-color":"","overlay-opacity":"","overlay-gradient":""},"mobile":{"background-color":"","background-image":"","background-repeat":"repeat","background-position":"center center","background-size":"auto","background-attachment":"scroll","background-type":"","background-media":"","overlay-type":"","overlay-color":"","overlay-opacity":"","overlay-gradient":""}},"ast-content-background-meta":{"desktop":{"background-color":"var(--ast-global-color-5)","background-image":"","background-repeat":"repeat","background-position":"center center","background-size":"auto","background-attachment":"scroll","background-type":"","background-media":"","overlay-type":"","overlay-color":"","overlay-opacity":"","overlay-gradient":""},"tablet":{"background-color":"var(--ast-global-color-5)","background-image":"","background-repeat":"repeat","background-position":"center center","background-size":"auto","background-attachment":"scroll","background-type":"","background-media":"","overlay-type":"","overlay-color":"","overlay-opacity":"","overlay-gradient":""},"mobile":{"background-color":"var(--ast-global-color-5)","background-image":"","background-repeat":"repeat","background-position":"center center","background-size":"auto","background-attachment":"scroll","background-type":"","background-media":"","overlay-type":"","overlay-color":"","overlay-opacity":"","overlay-gradient":""}}},"product_brand":[],"product_cat":[156],"product_tag":[],"class_list":{"0":"post-63638","1":"product","2":"type-product","3":"status-publish","4":"has-post-thumbnail","6":"product_cat-vintage-sofas-sitzbank","7":"pa_farbe-farbebeige","8":"pa_material-holz","9":"pa_material-stoff","10":"pa_stil-klassisch","11":"desktop-align-left","12":"tablet-align-left","13":"mobile-align-left","15":"first","16":"instock","17":"sold-individually","18":"shipping-taxable","19":"purchasable","20":"product-type-simple"},"acf":[],"yoast_head":"<!-- This site is optimized with the Yoast SEO plugin v27.4 - https:\/\/yoast.com\/product\/yoast-seo-wordpress\/ -->\n<title>2-er Hirschsofa antik mit losem Sitzkissen | Vintage M\u00f6bel kaufen auf KURATO.CH<\/title>\n<meta name=\"description\" content=\"Entdecke Vintage M\u00f6bel &amp; Dekoration \u27a4 2-er Hirschsofa antik mit losem Sitzkissen auf Kurato. \u2713Lieferung Schweiz \u271314-Tage R\u00fcckgabe \u2713Secondhand Unikat\" \/>\n<meta name=\"robots\" content=\"index, follow, max-snippet:-1, max-image-preview:large, max-video-preview:-1\" \/>\n<link rel=\"canonical\" href=\"https:\/\/kurato.ch\/fr\/product\/2-er-hirschsofa-antik-mit-losem-sitzkissen\/\" \/>\n<meta property=\"og:locale\" content=\"fr_FR\" \/>\n<meta property=\"og:type\" content=\"article\" \/>\n<meta property=\"og:title\" content=\"2-er Hirschsofa antik mit losem Sitzkissen | Vintage M\u00f6bel kaufen auf KURATO.CH\" \/>\n<meta property=\"og:description\" content=\"Entdecke Vintage M\u00f6bel &amp; Dekoration \u27a4 2-er Hirschsofa antik mit losem Sitzkissen auf Kurato. \u2713Lieferung Schweiz \u271314-Tage R\u00fcckgabe \u2713Secondhand Unikat\" \/>\n<meta property=\"og:url\" content=\"https:\/\/kurato.ch\/fr\/product\/2-er-hirschsofa-antik-mit-losem-sitzkissen\/\" \/>\n<meta property=\"og:site_name\" content=\"Vintage M\u00f6bel &amp; Dekoration I Kurato\" \/>\n<meta property=\"article:publisher\" content=\"https:\/\/www.facebook.com\/kuratoswitzerland\" \/>\n<meta property=\"article:modified_time\" content=\"2024-11-19T12:25:48+00:00\" \/>\n<meta property=\"og:image\" content=\"https:\/\/kurato.ch\/wp-content\/uploads\/2024\/11\/2-er-Hirschsofa-antik-mit-losem-Sitzkissen-vintage-secondhand-gebraucht-schweiz-8.jpg\" \/>\n\t<meta property=\"og:image:width\" content=\"800\" \/>\n\t<meta property=\"og:image:height\" content=\"800\" \/>\n\t<meta property=\"og:image:type\" content=\"image\/jpeg\" \/>\n<meta name=\"twitter:label1\" content=\"Dur\u00e9e de lecture estim\u00e9e\" \/>\n\t<meta name=\"twitter:data1\" content=\"1 minute\" \/>\n<script type=\"application\/ld+json\" class=\"yoast-schema-graph\">{\"@context\":\"https:\\\/\\\/schema.org\",\"@graph\":[{\"@type\":\"WebPage\",\"@id\":\"https:\\\/\\\/kurato.ch\\\/product\\\/2-er-hirschsofa-antik-mit-losem-sitzkissen\\\/\",\"url\":\"https:\\\/\\\/kurato.ch\\\/product\\\/2-er-hirschsofa-antik-mit-losem-sitzkissen\\\/\",\"name\":\"2-er Hirschsofa antik mit losem Sitzkissen | Vintage M\u00f6bel kaufen auf KURATO.CH\",\"isPartOf\":{\"@id\":\"https:\\\/\\\/kurato.ch\\\/#website\"},\"primaryImageOfPage\":{\"@id\":\"https:\\\/\\\/kurato.ch\\\/product\\\/2-er-hirschsofa-antik-mit-losem-sitzkissen\\\/#primaryimage\"},\"image\":{\"@id\":\"https:\\\/\\\/kurato.ch\\\/product\\\/2-er-hirschsofa-antik-mit-losem-sitzkissen\\\/#primaryimage\"},\"thumbnailUrl\":\"https:\\\/\\\/kurato.ch\\\/wp-content\\\/uploads\\\/2024\\\/11\\\/2-er-Hirschsofa-antik-mit-losem-Sitzkissen-vintage-secondhand-gebraucht-schweiz-8.jpg\",\"datePublished\":\"2024-11-19T12:25:02+00:00\",\"dateModified\":\"2024-11-19T12:25:48+00:00\",\"description\":\"Entdecke Vintage M\u00f6bel & Dekoration \u27a4 2-er Hirschsofa antik mit losem Sitzkissen auf Kurato. \u2713Lieferung Schweiz \u271314-Tage R\u00fcckgabe \u2713Secondhand Unikat\",\"breadcrumb\":{\"@id\":\"https:\\\/\\\/kurato.ch\\\/product\\\/2-er-hirschsofa-antik-mit-losem-sitzkissen\\\/#breadcrumb\"},\"inLanguage\":\"fr-FR\",\"potentialAction\":[{\"@type\":\"ReadAction\",\"target\":[\"https:\\\/\\\/kurato.ch\\\/product\\\/2-er-hirschsofa-antik-mit-losem-sitzkissen\\\/\"]}]},{\"@type\":\"ImageObject\",\"inLanguage\":\"fr-FR\",\"@id\":\"https:\\\/\\\/kurato.ch\\\/product\\\/2-er-hirschsofa-antik-mit-losem-sitzkissen\\\/#primaryimage\",\"url\":\"https:\\\/\\\/kurato.ch\\\/wp-content\\\/uploads\\\/2024\\\/11\\\/2-er-Hirschsofa-antik-mit-losem-Sitzkissen-vintage-secondhand-gebraucht-schweiz-8.jpg\",\"contentUrl\":\"https:\\\/\\\/kurato.ch\\\/wp-content\\\/uploads\\\/2024\\\/11\\\/2-er-Hirschsofa-antik-mit-losem-Sitzkissen-vintage-secondhand-gebraucht-schweiz-8.jpg\",\"width\":800,\"height\":800,\"caption\":\"2-er Hirschsofa antik mit losem Sitzkissen\"},{\"@type\":\"BreadcrumbList\",\"@id\":\"https:\\\/\\\/kurato.ch\\\/product\\\/2-er-hirschsofa-antik-mit-losem-sitzkissen\\\/#breadcrumb\",\"itemListElement\":[{\"@type\":\"ListItem\",\"position\":1,\"name\":\"Home\",\"item\":\"https:\\\/\\\/kurato.ch\\\/\"},{\"@type\":\"ListItem\",\"position\":2,\"name\":\"Neuheiten\",\"item\":\"https:\\\/\\\/kurato.ch\\\/neuheiten\\\/\"},{\"@type\":\"ListItem\",\"position\":3,\"name\":\"2-er Hirschsofa antik mit losem Sitzkissen\"}]},{\"@type\":\"WebSite\",\"@id\":\"https:\\\/\\\/kurato.ch\\\/#website\",\"url\":\"https:\\\/\\\/kurato.ch\\\/\",\"name\":\"Vintage M\u00f6bel &amp; Dekoration I Kurato\",\"description\":\"Vintage M\u00f6bel &amp; Dekoration I Kurato\",\"publisher\":{\"@id\":\"https:\\\/\\\/kurato.ch\\\/#organization\"},\"potentialAction\":[{\"@type\":\"SearchAction\",\"target\":{\"@type\":\"EntryPoint\",\"urlTemplate\":\"https:\\\/\\\/kurato.ch\\\/?s={search_term_string}\"},\"query-input\":{\"@type\":\"PropertyValueSpecification\",\"valueRequired\":true,\"valueName\":\"search_term_string\"}}],\"inLanguage\":\"fr-FR\"},{\"@type\":\"Organization\",\"@id\":\"https:\\\/\\\/kurato.ch\\\/#organization\",\"name\":\"Kurato.\",\"url\":\"https:\\\/\\\/kurato.ch\\\/\",\"logo\":{\"@type\":\"ImageObject\",\"inLanguage\":\"fr-FR\",\"@id\":\"https:\\\/\\\/kurato.ch\\\/#\\\/schema\\\/logo\\\/image\\\/\",\"url\":\"\",\"contentUrl\":\"\",\"caption\":\"Kurato.\"},\"image\":{\"@id\":\"https:\\\/\\\/kurato.ch\\\/#\\\/schema\\\/logo\\\/image\\\/\"},\"sameAs\":[\"https:\\\/\\\/www.facebook.com\\\/kuratoswitzerland\",\"https:\\\/\\\/www.instagram.com\\\/kurato.ch\\\/\",\"https:\\\/\\\/www.pinterest.ch\\\/kurato_ch\\\/_created\\\/\"]}]}<\/script>\n<!-- \/ Yoast SEO plugin. -->","yoast_head_json":{"title":"2-er Hirschsofa antik mit losem Sitzkissen | Vintage M\u00f6bel kaufen auf KURATO.CH","description":"Entdecke Vintage M\u00f6bel & Dekoration \u27a4 2-er Hirschsofa antik mit losem Sitzkissen auf Kurato. \u2713Lieferung Schweiz \u271314-Tage R\u00fcckgabe \u2713Secondhand Unikat","robots":{"index":"index","follow":"follow","max-snippet":"max-snippet:-1","max-image-preview":"max-image-preview:large","max-video-preview":"max-video-preview:-1"},"canonical":"https:\/\/kurato.ch\/fr\/product\/2-er-hirschsofa-antik-mit-losem-sitzkissen\/","og_locale":"fr_FR","og_type":"article","og_title":"2-er Hirschsofa antik mit losem Sitzkissen | Vintage M\u00f6bel kaufen auf KURATO.CH","og_description":"Entdecke Vintage M\u00f6bel & Dekoration \u27a4 2-er Hirschsofa antik mit losem Sitzkissen auf Kurato. \u2713Lieferung Schweiz \u271314-Tage R\u00fcckgabe \u2713Secondhand Unikat","og_url":"https:\/\/kurato.ch\/fr\/product\/2-er-hirschsofa-antik-mit-losem-sitzkissen\/","og_site_name":"Vintage M\u00f6bel &amp; Dekoration I Kurato","article_publisher":"https:\/\/www.facebook.com\/kuratoswitzerland","article_modified_time":"2024-11-19T12:25:48+00:00","og_image":[{"width":800,"height":800,"url":"https:\/\/kurato.ch\/wp-content\/uploads\/2024\/11\/2-er-Hirschsofa-antik-mit-losem-Sitzkissen-vintage-secondhand-gebraucht-schweiz-8.jpg","type":"image\/jpeg"}],"twitter_misc":{"Dur\u00e9e de lecture estim\u00e9e":"1 minute"},"schema":{"@context":"https:\/\/schema.org","@graph":[{"@type":"WebPage","@id":"https:\/\/kurato.ch\/product\/2-er-hirschsofa-antik-mit-losem-sitzkissen\/","url":"https:\/\/kurato.ch\/product\/2-er-hirschsofa-antik-mit-losem-sitzkissen\/","name":"2-er Hirschsofa antik mit losem Sitzkissen | Vintage M\u00f6bel kaufen auf KURATO.CH","isPartOf":{"@id":"https:\/\/kurato.ch\/#website"},"primaryImageOfPage":{"@id":"https:\/\/kurato.ch\/product\/2-er-hirschsofa-antik-mit-losem-sitzkissen\/#primaryimage"},"image":{"@id":"https:\/\/kurato.ch\/product\/2-er-hirschsofa-antik-mit-losem-sitzkissen\/#primaryimage"},"thumbnailUrl":"https:\/\/kurato.ch\/wp-content\/uploads\/2024\/11\/2-er-Hirschsofa-antik-mit-losem-Sitzkissen-vintage-secondhand-gebraucht-schweiz-8.jpg","datePublished":"2024-11-19T12:25:02+00:00","dateModified":"2024-11-19T12:25:48+00:00","description":"Entdecke Vintage M\u00f6bel & Dekoration \u27a4 2-er Hirschsofa antik mit losem Sitzkissen auf Kurato. \u2713Lieferung Schweiz \u271314-Tage R\u00fcckgabe \u2713Secondhand Unikat","breadcrumb":{"@id":"https:\/\/kurato.ch\/product\/2-er-hirschsofa-antik-mit-losem-sitzkissen\/#breadcrumb"},"inLanguage":"fr-FR","potentialAction":[{"@type":"ReadAction","target":["https:\/\/kurato.ch\/product\/2-er-hirschsofa-antik-mit-losem-sitzkissen\/"]}]},{"@type":"ImageObject","inLanguage":"fr-FR","@id":"https:\/\/kurato.ch\/product\/2-er-hirschsofa-antik-mit-losem-sitzkissen\/#primaryimage","url":"https:\/\/kurato.ch\/wp-content\/uploads\/2024\/11\/2-er-Hirschsofa-antik-mit-losem-Sitzkissen-vintage-secondhand-gebraucht-schweiz-8.jpg","contentUrl":"https:\/\/kurato.ch\/wp-content\/uploads\/2024\/11\/2-er-Hirschsofa-antik-mit-losem-Sitzkissen-vintage-secondhand-gebraucht-schweiz-8.jpg","width":800,"height":800,"caption":"2-er Hirschsofa antik mit losem Sitzkissen"},{"@type":"BreadcrumbList","@id":"https:\/\/kurato.ch\/product\/2-er-hirschsofa-antik-mit-losem-sitzkissen\/#breadcrumb","itemListElement":[{"@type":"ListItem","position":1,"name":"Home","item":"https:\/\/kurato.ch\/"},{"@type":"ListItem","position":2,"name":"Neuheiten","item":"https:\/\/kurato.ch\/neuheiten\/"},{"@type":"ListItem","position":3,"name":"2-er Hirschsofa antik mit losem Sitzkissen"}]},{"@type":"WebSite","@id":"https:\/\/kurato.ch\/#website","url":"https:\/\/kurato.ch\/","name":"Meubles vintage &amp; d\u00e9coration I Kurato","description":"Meubles vintage &amp; d\u00e9coration I Kurato","publisher":{"@id":"https:\/\/kurato.ch\/#organization"},"potentialAction":[{"@type":"SearchAction","target":{"@type":"EntryPoint","urlTemplate":"https:\/\/kurato.ch\/?s={search_term_string}"},"query-input":{"@type":"PropertyValueSpecification","valueRequired":true,"valueName":"search_term_string"}}],"inLanguage":"fr-FR"},{"@type":"Organization","@id":"https:\/\/kurato.ch\/#organization","name":"Kurato.","url":"https:\/\/kurato.ch\/","logo":{"@type":"ImageObject","inLanguage":"fr-FR","@id":"https:\/\/kurato.ch\/#\/schema\/logo\/image\/","url":"","contentUrl":"","caption":"Kurato."},"image":{"@id":"https:\/\/kurato.ch\/#\/schema\/logo\/image\/"},"sameAs":["https:\/\/www.facebook.com\/kuratoswitzerland","https:\/\/www.instagram.com\/kurato.ch\/","https:\/\/www.pinterest.ch\/kurato_ch\/_created\/"]}]}},"_links":{"self":[{"href":"https:\/\/kurato.ch\/fr\/wp-json\/wp\/v2\/product\/63638","targetHints":{"allow":["GET"]}}],"collection":[{"href":"https:\/\/kurato.ch\/fr\/wp-json\/wp\/v2\/product"}],"about":[{"href":"https:\/\/kurato.ch\/fr\/wp-json\/wp\/v2\/types\/product"}],"wp:featuredmedia":[{"embeddable":true,"href":"https:\/\/kurato.ch\/fr\/wp-json\/wp\/v2\/media\/63822"}],"wp:attachment":[{"href":"https:\/\/kurato.ch\/fr\/wp-json\/wp\/v2\/media?parent=63638"}],"wp:term":[{"taxonomy":"product_brand","embeddable":true,"href":"https:\/\/kurato.ch\/fr\/wp-json\/wp\/v2\/product_brand?post=63638"},{"taxonomy":"product_cat","embeddable":true,"href":"https:\/\/kurato.ch\/fr\/wp-json\/wp\/v2\/product_cat?post=63638"},{"taxonomy":"product_tag","embeddable":true,"href":"https:\/\/kurato.ch\/fr\/wp-json\/wp\/v2\/product_tag?post=63638"}],"curies":[{"name":"wp","href":"https:\/\/api.w.org\/{rel}","templated":true}]}}