{"id":63673,"date":"2024-11-10T22:49:25","date_gmt":"2024-11-10T20:49:25","guid":{"rendered":"https:\/\/kurato.ch\/?post_type=product&#038;p=63673"},"modified":"2024-11-10T22:49:26","modified_gmt":"2024-11-10T20:49:26","slug":"charles-ray-eames-original-fonda-chair","status":"publish","type":"product","link":"https:\/\/kurato.ch\/fr\/product\/charles-ray-eames-original-fonda-chair\/","title":{"rendered":"Charles &#038; Ray Eames &#8211; Original Fonda Chair"},"content":{"rendered":"<p>Original Eames Fonda Stuhl \u2013 Ein Meisterwerk der Moderne<\/p>\n<p>Dieser Original Fonda-Stuhl von Charles und Ray Eames ist weit mehr als nur ein M\u00f6belst\u00fcck; er ist ein Designklassiker, der Komfort, \u00c4sthetik und Innovation auf unnachahmliche Weise vereint. Mit seinem ikonischen Aussehen und einer Struktur, die \u00fcber Jahrzehnte hinweg stilistisch unverg\u00e4nglich geblieben ist, verleiht der Stuhl jedem Raum eine besondere Note. Seine geschwungenen Linien und seine perfekt ausbalancierte Ergonomie bieten einen Sitzkomfort, der auch nach vielen Stunden nicht nachl\u00e4sst. Der Stuhl vereint Form und Funktion in einer Weise, wie es nur wenigen Designs gelingt, und hat die Innenarchitektur nachhaltig gepr\u00e4gt.<\/p>\n<p>Obwohl er noch in gutem Zustand ist, hat der Stuhl eine leichte Besch\u00e4digung an einer Naht. Diese kleine Unvollkommenheit beeintr\u00e4chtigt weder den Komfort noch die Stabilit\u00e4t und stellt lediglich ein charmantes Detail dar, das den authentischen Charakter des Stuhls unterstreicht. Wer diesen Stuhl besitzt, besitzt nicht nur ein M\u00f6belst\u00fcck, sondern ein St\u00fcck Designgeschichte, das durch die zeitlose Kreativit\u00e4t und das meisterhafte Handwerk des Designer-Duos Charles und Ray Eames gepr\u00e4gt ist. Weil wir mehr Platz im Keller brauchen, trenne ich mich schweren Herzens.<\/p>","protected":false},"excerpt":{"rendered":"<p>Original Eames Fonda Stuhl \u2013 Ein Meisterwerk der Moderne Dieser Original Fonda-Stuhl von Charles und Ray Eames ist weit mehr als nur ein M\u00f6belst\u00fcck; er ist ein Designklassiker, der Komfort, \u00c4sthetik und Innovation auf unnachahmliche Weise vereint. Mit seinem ikonischen Aussehen und einer Struktur, die \u00fcber Jahrzehnte hinweg stilistisch unverg\u00e4nglich geblieben ist, verleiht der Stuhl [&hellip;]<\/p>\n","protected":false},"featured_media":63689,"template":"","meta":{"_acf_changed":false,"site-sidebar-layout":"default","site-content-layout":"","ast-site-content-layout":"default","site-content-style":"default","site-sidebar-style":"default","ast-global-header-display":"","ast-banner-title-visibility":"","ast-main-header-display":"","ast-hfb-above-header-display":"","ast-hfb-below-header-display":"","ast-hfb-mobile-header-display":"","site-post-title":"","ast-breadcrumbs-content":"","ast-featured-img":"","footer-sml-layout":"","ast-disable-related-posts":"","theme-transparent-header-meta":"","adv-header-id-meta":"","stick-header-meta":"","header-above-stick-meta":"","header-main-stick-meta":"","header-below-stick-meta":"","astra-migrate-meta-layouts":"default","ast-page-background-enabled":"default","ast-page-background-meta":{"desktop":{"background-color":"","background-image":"","background-repeat":"repeat","background-position":"center center","background-size":"auto","background-attachment":"scroll","background-type":"","background-media":"","overlay-type":"","overlay-color":"","overlay-opacity":"","overlay-gradient":""},"tablet":{"background-color":"","background-image":"","background-repeat":"repeat","background-position":"center center","background-size":"auto","background-attachment":"scroll","background-type":"","background-media":"","overlay-type":"","overlay-color":"","overlay-opacity":"","overlay-gradient":""},"mobile":{"background-color":"","background-image":"","background-repeat":"repeat","background-position":"center center","background-size":"auto","background-attachment":"scroll","background-type":"","background-media":"","overlay-type":"","overlay-color":"","overlay-opacity":"","overlay-gradient":""}},"ast-content-background-meta":{"desktop":{"background-color":"var(--ast-global-color-5)","background-image":"","background-repeat":"repeat","background-position":"center center","background-size":"auto","background-attachment":"scroll","background-type":"","background-media":"","overlay-type":"","overlay-color":"","overlay-opacity":"","overlay-gradient":""},"tablet":{"background-color":"var(--ast-global-color-5)","background-image":"","background-repeat":"repeat","background-position":"center center","background-size":"auto","background-attachment":"scroll","background-type":"","background-media":"","overlay-type":"","overlay-color":"","overlay-opacity":"","overlay-gradient":""},"mobile":{"background-color":"var(--ast-global-color-5)","background-image":"","background-repeat":"repeat","background-position":"center center","background-size":"auto","background-attachment":"scroll","background-type":"","background-media":"","overlay-type":"","overlay-color":"","overlay-opacity":"","overlay-gradient":""}}},"product_brand":[],"product_cat":[164,165,163],"product_tag":[],"class_list":{"0":"post-63673","1":"product","2":"type-product","3":"status-publish","4":"has-post-thumbnail","6":"product_cat-vintage-buerostuhl","7":"product_cat-vintage-esszimmerstuehle","8":"product_cat-vintage-stuhl","9":"pa_designer-eames-charles-ray","10":"pa_farbe-braun","11":"pa_farbe-farbeorange","12":"pa_material-fiberglas","13":"pa_material-leder","14":"pa_stil-design","15":"desktop-align-left","16":"tablet-align-left","17":"mobile-align-left","19":"first","20":"instock","21":"sold-individually","22":"shipping-taxable","23":"purchasable","24":"product-type-simple"},"acf":[],"yoast_head":"<!-- This site is optimized with the Yoast SEO plugin v27.4 - https:\/\/yoast.com\/product\/yoast-seo-wordpress\/ -->\n<title>Charles &amp; Ray Eames - Original Fonda Chair | Vintage M\u00f6bel kaufen auf KURATO.CH<\/title>\n<meta name=\"description\" content=\"Entdecke Vintage M\u00f6bel &amp; Dekoration \u27a4 Charles &amp; Ray Eames - Original Fonda Chair auf Kurato. \u2713Lieferung Schweiz \u271314-Tage R\u00fcckgabe \u2713Secondhand Unikat\" \/>\n<meta name=\"robots\" content=\"index, follow, max-snippet:-1, max-image-preview:large, max-video-preview:-1\" \/>\n<link rel=\"canonical\" href=\"https:\/\/kurato.ch\/fr\/product\/charles-ray-eames-original-fonda-chair\/\" \/>\n<meta property=\"og:locale\" content=\"fr_FR\" \/>\n<meta property=\"og:type\" content=\"article\" \/>\n<meta property=\"og:title\" content=\"Charles &amp; Ray Eames - Original Fonda Chair | Vintage M\u00f6bel kaufen auf KURATO.CH\" \/>\n<meta property=\"og:description\" content=\"Entdecke Vintage M\u00f6bel &amp; Dekoration \u27a4 Charles &amp; Ray Eames - Original Fonda Chair auf Kurato. \u2713Lieferung Schweiz \u271314-Tage R\u00fcckgabe \u2713Secondhand Unikat\" \/>\n<meta property=\"og:url\" content=\"https:\/\/kurato.ch\/fr\/product\/charles-ray-eames-original-fonda-chair\/\" \/>\n<meta property=\"og:site_name\" content=\"Vintage M\u00f6bel &amp; Dekoration I Kurato\" \/>\n<meta property=\"article:publisher\" content=\"https:\/\/www.facebook.com\/kuratoswitzerland\" \/>\n<meta property=\"article:modified_time\" content=\"2024-11-10T20:49:26+00:00\" \/>\n<meta property=\"og:image\" content=\"https:\/\/kurato.ch\/wp-content\/uploads\/2024\/11\/Charles-Ray-Eames-Original-Fonda-Chair-vintage-secondhand-gebraucht-schweiz-8.jpg\" \/>\n\t<meta property=\"og:image:width\" content=\"800\" \/>\n\t<meta property=\"og:image:height\" content=\"800\" \/>\n\t<meta property=\"og:image:type\" content=\"image\/jpeg\" \/>\n<meta name=\"twitter:label1\" content=\"Dur\u00e9e de lecture estim\u00e9e\" \/>\n\t<meta name=\"twitter:data1\" content=\"1 minute\" \/>\n<script type=\"application\/ld+json\" class=\"yoast-schema-graph\">{\"@context\":\"https:\\\/\\\/schema.org\",\"@graph\":[{\"@type\":\"WebPage\",\"@id\":\"https:\\\/\\\/kurato.ch\\\/product\\\/charles-ray-eames-original-fonda-chair\\\/\",\"url\":\"https:\\\/\\\/kurato.ch\\\/product\\\/charles-ray-eames-original-fonda-chair\\\/\",\"name\":\"Charles & Ray Eames - Original Fonda Chair | Vintage M\u00f6bel kaufen auf KURATO.CH\",\"isPartOf\":{\"@id\":\"https:\\\/\\\/kurato.ch\\\/#website\"},\"primaryImageOfPage\":{\"@id\":\"https:\\\/\\\/kurato.ch\\\/product\\\/charles-ray-eames-original-fonda-chair\\\/#primaryimage\"},\"image\":{\"@id\":\"https:\\\/\\\/kurato.ch\\\/product\\\/charles-ray-eames-original-fonda-chair\\\/#primaryimage\"},\"thumbnailUrl\":\"https:\\\/\\\/kurato.ch\\\/wp-content\\\/uploads\\\/2024\\\/11\\\/Charles-Ray-Eames-Original-Fonda-Chair-vintage-secondhand-gebraucht-schweiz-8.jpg\",\"datePublished\":\"2024-11-10T20:49:25+00:00\",\"dateModified\":\"2024-11-10T20:49:26+00:00\",\"description\":\"Entdecke Vintage M\u00f6bel & Dekoration \u27a4 Charles & Ray Eames - Original Fonda Chair auf Kurato. \u2713Lieferung Schweiz \u271314-Tage R\u00fcckgabe \u2713Secondhand Unikat\",\"breadcrumb\":{\"@id\":\"https:\\\/\\\/kurato.ch\\\/product\\\/charles-ray-eames-original-fonda-chair\\\/#breadcrumb\"},\"inLanguage\":\"fr-FR\",\"potentialAction\":[{\"@type\":\"ReadAction\",\"target\":[\"https:\\\/\\\/kurato.ch\\\/product\\\/charles-ray-eames-original-fonda-chair\\\/\"]}]},{\"@type\":\"ImageObject\",\"inLanguage\":\"fr-FR\",\"@id\":\"https:\\\/\\\/kurato.ch\\\/product\\\/charles-ray-eames-original-fonda-chair\\\/#primaryimage\",\"url\":\"https:\\\/\\\/kurato.ch\\\/wp-content\\\/uploads\\\/2024\\\/11\\\/Charles-Ray-Eames-Original-Fonda-Chair-vintage-secondhand-gebraucht-schweiz-8.jpg\",\"contentUrl\":\"https:\\\/\\\/kurato.ch\\\/wp-content\\\/uploads\\\/2024\\\/11\\\/Charles-Ray-Eames-Original-Fonda-Chair-vintage-secondhand-gebraucht-schweiz-8.jpg\",\"width\":800,\"height\":800,\"caption\":\"Charles & Ray Eames - Original Fonda Chair\"},{\"@type\":\"BreadcrumbList\",\"@id\":\"https:\\\/\\\/kurato.ch\\\/product\\\/charles-ray-eames-original-fonda-chair\\\/#breadcrumb\",\"itemListElement\":[{\"@type\":\"ListItem\",\"position\":1,\"name\":\"Home\",\"item\":\"https:\\\/\\\/kurato.ch\\\/\"},{\"@type\":\"ListItem\",\"position\":2,\"name\":\"Neuheiten\",\"item\":\"https:\\\/\\\/kurato.ch\\\/neuheiten\\\/\"},{\"@type\":\"ListItem\",\"position\":3,\"name\":\"Charles &#038; Ray Eames &#8211; Original Fonda Chair\"}]},{\"@type\":\"WebSite\",\"@id\":\"https:\\\/\\\/kurato.ch\\\/#website\",\"url\":\"https:\\\/\\\/kurato.ch\\\/\",\"name\":\"Vintage M\u00f6bel &amp; Dekoration I Kurato\",\"description\":\"Vintage M\u00f6bel &amp; Dekoration I Kurato\",\"publisher\":{\"@id\":\"https:\\\/\\\/kurato.ch\\\/#organization\"},\"potentialAction\":[{\"@type\":\"SearchAction\",\"target\":{\"@type\":\"EntryPoint\",\"urlTemplate\":\"https:\\\/\\\/kurato.ch\\\/?s={search_term_string}\"},\"query-input\":{\"@type\":\"PropertyValueSpecification\",\"valueRequired\":true,\"valueName\":\"search_term_string\"}}],\"inLanguage\":\"fr-FR\"},{\"@type\":\"Organization\",\"@id\":\"https:\\\/\\\/kurato.ch\\\/#organization\",\"name\":\"Kurato.\",\"url\":\"https:\\\/\\\/kurato.ch\\\/\",\"logo\":{\"@type\":\"ImageObject\",\"inLanguage\":\"fr-FR\",\"@id\":\"https:\\\/\\\/kurato.ch\\\/#\\\/schema\\\/logo\\\/image\\\/\",\"url\":\"\",\"contentUrl\":\"\",\"caption\":\"Kurato.\"},\"image\":{\"@id\":\"https:\\\/\\\/kurato.ch\\\/#\\\/schema\\\/logo\\\/image\\\/\"},\"sameAs\":[\"https:\\\/\\\/www.facebook.com\\\/kuratoswitzerland\",\"https:\\\/\\\/www.instagram.com\\\/kurato.ch\\\/\",\"https:\\\/\\\/www.pinterest.ch\\\/kurato_ch\\\/_created\\\/\"]}]}<\/script>\n<!-- \/ Yoast SEO plugin. -->","yoast_head_json":{"title":"Charles & Ray Eames - Original Fonda Chair | Vintage M\u00f6bel kaufen auf KURATO.CH","description":"Entdecke Vintage M\u00f6bel & Dekoration \u27a4 Charles & Ray Eames - Original Fonda Chair auf Kurato. \u2713Lieferung Schweiz \u271314-Tage R\u00fcckgabe \u2713Secondhand Unikat","robots":{"index":"index","follow":"follow","max-snippet":"max-snippet:-1","max-image-preview":"max-image-preview:large","max-video-preview":"max-video-preview:-1"},"canonical":"https:\/\/kurato.ch\/fr\/product\/charles-ray-eames-original-fonda-chair\/","og_locale":"fr_FR","og_type":"article","og_title":"Charles & Ray Eames - Original Fonda Chair | Vintage M\u00f6bel kaufen auf KURATO.CH","og_description":"Entdecke Vintage M\u00f6bel & Dekoration \u27a4 Charles & Ray Eames - Original Fonda Chair auf Kurato. \u2713Lieferung Schweiz \u271314-Tage R\u00fcckgabe \u2713Secondhand Unikat","og_url":"https:\/\/kurato.ch\/fr\/product\/charles-ray-eames-original-fonda-chair\/","og_site_name":"Vintage M\u00f6bel &amp; Dekoration I Kurato","article_publisher":"https:\/\/www.facebook.com\/kuratoswitzerland","article_modified_time":"2024-11-10T20:49:26+00:00","og_image":[{"width":800,"height":800,"url":"https:\/\/kurato.ch\/wp-content\/uploads\/2024\/11\/Charles-Ray-Eames-Original-Fonda-Chair-vintage-secondhand-gebraucht-schweiz-8.jpg","type":"image\/jpeg"}],"twitter_misc":{"Dur\u00e9e de lecture estim\u00e9e":"1 minute"},"schema":{"@context":"https:\/\/schema.org","@graph":[{"@type":"WebPage","@id":"https:\/\/kurato.ch\/product\/charles-ray-eames-original-fonda-chair\/","url":"https:\/\/kurato.ch\/product\/charles-ray-eames-original-fonda-chair\/","name":"Charles & Ray Eames - Original Fonda Chair | Vintage M\u00f6bel kaufen auf KURATO.CH","isPartOf":{"@id":"https:\/\/kurato.ch\/#website"},"primaryImageOfPage":{"@id":"https:\/\/kurato.ch\/product\/charles-ray-eames-original-fonda-chair\/#primaryimage"},"image":{"@id":"https:\/\/kurato.ch\/product\/charles-ray-eames-original-fonda-chair\/#primaryimage"},"thumbnailUrl":"https:\/\/kurato.ch\/wp-content\/uploads\/2024\/11\/Charles-Ray-Eames-Original-Fonda-Chair-vintage-secondhand-gebraucht-schweiz-8.jpg","datePublished":"2024-11-10T20:49:25+00:00","dateModified":"2024-11-10T20:49:26+00:00","description":"Entdecke Vintage M\u00f6bel & Dekoration \u27a4 Charles & Ray Eames - Original Fonda Chair auf Kurato. \u2713Lieferung Schweiz \u271314-Tage R\u00fcckgabe \u2713Secondhand Unikat","breadcrumb":{"@id":"https:\/\/kurato.ch\/product\/charles-ray-eames-original-fonda-chair\/#breadcrumb"},"inLanguage":"fr-FR","potentialAction":[{"@type":"ReadAction","target":["https:\/\/kurato.ch\/product\/charles-ray-eames-original-fonda-chair\/"]}]},{"@type":"ImageObject","inLanguage":"fr-FR","@id":"https:\/\/kurato.ch\/product\/charles-ray-eames-original-fonda-chair\/#primaryimage","url":"https:\/\/kurato.ch\/wp-content\/uploads\/2024\/11\/Charles-Ray-Eames-Original-Fonda-Chair-vintage-secondhand-gebraucht-schweiz-8.jpg","contentUrl":"https:\/\/kurato.ch\/wp-content\/uploads\/2024\/11\/Charles-Ray-Eames-Original-Fonda-Chair-vintage-secondhand-gebraucht-schweiz-8.jpg","width":800,"height":800,"caption":"Charles & Ray Eames - Original Fonda Chair"},{"@type":"BreadcrumbList","@id":"https:\/\/kurato.ch\/product\/charles-ray-eames-original-fonda-chair\/#breadcrumb","itemListElement":[{"@type":"ListItem","position":1,"name":"Home","item":"https:\/\/kurato.ch\/"},{"@type":"ListItem","position":2,"name":"Neuheiten","item":"https:\/\/kurato.ch\/neuheiten\/"},{"@type":"ListItem","position":3,"name":"Charles &#038; Ray Eames &#8211; Original Fonda Chair"}]},{"@type":"WebSite","@id":"https:\/\/kurato.ch\/#website","url":"https:\/\/kurato.ch\/","name":"Meubles vintage &amp; d\u00e9coration I Kurato","description":"Meubles vintage &amp; d\u00e9coration I Kurato","publisher":{"@id":"https:\/\/kurato.ch\/#organization"},"potentialAction":[{"@type":"SearchAction","target":{"@type":"EntryPoint","urlTemplate":"https:\/\/kurato.ch\/?s={search_term_string}"},"query-input":{"@type":"PropertyValueSpecification","valueRequired":true,"valueName":"search_term_string"}}],"inLanguage":"fr-FR"},{"@type":"Organization","@id":"https:\/\/kurato.ch\/#organization","name":"Kurato.","url":"https:\/\/kurato.ch\/","logo":{"@type":"ImageObject","inLanguage":"fr-FR","@id":"https:\/\/kurato.ch\/#\/schema\/logo\/image\/","url":"","contentUrl":"","caption":"Kurato."},"image":{"@id":"https:\/\/kurato.ch\/#\/schema\/logo\/image\/"},"sameAs":["https:\/\/www.facebook.com\/kuratoswitzerland","https:\/\/www.instagram.com\/kurato.ch\/","https:\/\/www.pinterest.ch\/kurato_ch\/_created\/"]}]}},"_links":{"self":[{"href":"https:\/\/kurato.ch\/fr\/wp-json\/wp\/v2\/product\/63673","targetHints":{"allow":["GET"]}}],"collection":[{"href":"https:\/\/kurato.ch\/fr\/wp-json\/wp\/v2\/product"}],"about":[{"href":"https:\/\/kurato.ch\/fr\/wp-json\/wp\/v2\/types\/product"}],"wp:featuredmedia":[{"embeddable":true,"href":"https:\/\/kurato.ch\/fr\/wp-json\/wp\/v2\/media\/63689"}],"wp:attachment":[{"href":"https:\/\/kurato.ch\/fr\/wp-json\/wp\/v2\/media?parent=63673"}],"wp:term":[{"taxonomy":"product_brand","embeddable":true,"href":"https:\/\/kurato.ch\/fr\/wp-json\/wp\/v2\/product_brand?post=63673"},{"taxonomy":"product_cat","embeddable":true,"href":"https:\/\/kurato.ch\/fr\/wp-json\/wp\/v2\/product_cat?post=63673"},{"taxonomy":"product_tag","embeddable":true,"href":"https:\/\/kurato.ch\/fr\/wp-json\/wp\/v2\/product_tag?post=63673"}],"curies":[{"name":"wp","href":"https:\/\/api.w.org\/{rel}","templated":true}]}}