{"id":64094,"date":"2024-12-02T16:01:36","date_gmt":"2024-12-02T14:01:36","guid":{"rendered":"https:\/\/kurato.ch\/?post_type=product&#038;p=64094"},"modified":"2024-12-02T16:10:23","modified_gmt":"2024-12-02T14:10:23","slug":"set-aus-4-mid-century-sprossenstuehlen-set-von-paul-mccobb-planner-group-1920er","status":"publish","type":"product","link":"https:\/\/kurato.ch\/fr\/product\/set-aus-4-mid-century-sprossenstuehlen-set-von-paul-mccobb-planner-group-1920er\/","title":{"rendered":"Set aus 4 Mid-Century Sprossenst\u00fchlen Set von Paul McCobb Planner Group 1920er"},"content":{"rendered":"<p>4er- Set von Mid-Century Sprossenst\u00fchlen erschaffen von der Paul McCobb Planner Group. Die St\u00fchle zeichnen sich durch ihr minimalistisches, funktionales Design aus, das typisch f\u00fcr die 1920er Jahre ist. Sie haben eine klare Linienf\u00fchrung mit schlanken, konischen Beinen und einer leicht geschwungenen R\u00fcckenlehne mit Sprossen, die Komfort und Stil vereinen. Gefertigt aus hochwertigem Holz, strahlen sie eine nat\u00fcrliche W\u00e4rme und Zeitlosigkeit aus. Sie sind perfekt f\u00fcr Liebhaber des Mid-Century-Designs und passen gut in moderne wie auch klassische Wohnumgebungen.<\/p>\n<p>Diese Sprossenst\u00fchle sind ein ebenfalls ein wahres Meisterwerk der Handwerkskunst. Bemerkenswert ist, dass ihre Konstruktion komplett ohne Schrauben, Leim oder andere Verbindungen erfolgte. Stattdessen werden die einzelnen Holzkomponenten durch pr\u00e4zise Steckverbindungen zusammengehalten, was die Stabilit\u00e4t und Haltbarkeit des Designs unterstreicht. Diese traditionelle Technik hebt das minimalistische Design hervor und verleiht den St\u00fchlen eine au\u00dfergew\u00f6hnliche Authentizit\u00e4t und Eleganz. Perfekt f\u00fcr Liebhaber des Mid-Century-Stils, vereinen sie auf kunstvolle Weise \u00c4sthetik und Funktionalit\u00e4t.<\/p>\n<p>Zustand: Die St\u00fchle befinden sich in einem sehr guten Vintage-Zustand. Sie sind aus den 1920er Jahren was sie knapp 100 Jahre alt macht. Die Holzoberfl\u00e4chen sind glatt und sehr gepflegt, ohne Kratzer oder Macken, was auf eine sorgsame Handhabung hinweist. Die Stuhlbeine sind stabil und weisen keinerlei Anzeichen von Besch\u00e4digungen auf. Die nat\u00fcrliche Holzfarbe ist gleichm\u00e4\u00dfig erhalten, und das schlichte, zeitlose Design macht die St\u00fchle zu einer idealen Erg\u00e4nzung f\u00fcr ein stilvolles, modernes oder klassisches Interieur.<\/p>\n<p>Masse: L43 x B44.5 x H75.5 cm<br \/>\nSitzh\u00f6he 43.5 cm<\/p>\n<p>Preis f\u00fcr das Set:\u00a0 CHF 4075.00\u00a0 (4 St\u00fchle)<\/p>\n<p>&#8211; Abholung in\u00a0 Z\u00fcrich mit Terminvereinbarung m\u00f6glich.<br \/>\n&#8211; Lieferung\u00a0 schweizweit m\u00f6glich! Frage einfach nach dem Preis, der sich je nach Entfernung berechnet.<\/p>","protected":false},"excerpt":{"rendered":"<p>4er- Set von Mid-Century Sprossenst\u00fchlen erschaffen von der Paul McCobb Planner Group. Die St\u00fchle zeichnen sich durch ihr minimalistisches, funktionales Design aus, das typisch f\u00fcr die 1920er Jahre ist. Sie haben eine klare Linienf\u00fchrung mit schlanken, konischen Beinen und einer leicht geschwungenen R\u00fcckenlehne mit Sprossen, die Komfort und Stil vereinen. Gefertigt aus hochwertigem Holz, strahlen [&hellip;]<\/p>\n","protected":false},"featured_media":64277,"template":"","meta":{"_acf_changed":false,"site-sidebar-layout":"default","site-content-layout":"","ast-site-content-layout":"default","site-content-style":"default","site-sidebar-style":"default","ast-global-header-display":"","ast-banner-title-visibility":"","ast-main-header-display":"","ast-hfb-above-header-display":"","ast-hfb-below-header-display":"","ast-hfb-mobile-header-display":"","site-post-title":"","ast-breadcrumbs-content":"","ast-featured-img":"","footer-sml-layout":"","ast-disable-related-posts":"","theme-transparent-header-meta":"default","adv-header-id-meta":"","stick-header-meta":"default","header-above-stick-meta":"","header-main-stick-meta":"","header-below-stick-meta":"","astra-migrate-meta-layouts":"set","ast-page-background-enabled":"default","ast-page-background-meta":{"desktop":{"background-color":"","background-image":"","background-repeat":"repeat","background-position":"center center","background-size":"auto","background-attachment":"scroll","background-type":"","background-media":"","overlay-type":"","overlay-color":"","overlay-opacity":"","overlay-gradient":""},"tablet":{"background-color":"","background-image":"","background-repeat":"repeat","background-position":"center center","background-size":"auto","background-attachment":"scroll","background-type":"","background-media":"","overlay-type":"","overlay-color":"","overlay-opacity":"","overlay-gradient":""},"mobile":{"background-color":"","background-image":"","background-repeat":"repeat","background-position":"center center","background-size":"auto","background-attachment":"scroll","background-type":"","background-media":"","overlay-type":"","overlay-color":"","overlay-opacity":"","overlay-gradient":""}},"ast-content-background-meta":{"desktop":{"background-color":"var(--ast-global-color-5)","background-image":"","background-repeat":"repeat","background-position":"center center","background-size":"auto","background-attachment":"scroll","background-type":"","background-media":"","overlay-type":"","overlay-color":"","overlay-opacity":"","overlay-gradient":""},"tablet":{"background-color":"var(--ast-global-color-5)","background-image":"","background-repeat":"repeat","background-position":"center center","background-size":"auto","background-attachment":"scroll","background-type":"","background-media":"","overlay-type":"","overlay-color":"","overlay-opacity":"","overlay-gradient":""},"mobile":{"background-color":"var(--ast-global-color-5)","background-image":"","background-repeat":"repeat","background-position":"center center","background-size":"auto","background-attachment":"scroll","background-type":"","background-media":"","overlay-type":"","overlay-color":"","overlay-opacity":"","overlay-gradient":""}}},"product_brand":[],"product_cat":[165,163],"product_tag":[],"class_list":{"0":"post-64094","1":"product","2":"type-product","3":"status-publish","4":"has-post-thumbnail","6":"product_cat-vintage-esszimmerstuehle","7":"product_cat-vintage-stuhl","8":"pa_farbe-braun","9":"pa_material-holz","10":"pa_stil-skandinavisch-mid-century","11":"desktop-align-left","12":"tablet-align-left","13":"mobile-align-left","15":"first","16":"instock","17":"sold-individually","18":"shipping-taxable","19":"purchasable","20":"product-type-simple"},"acf":[],"yoast_head":"<!-- This site is optimized with the Yoast SEO plugin v27.3 - https:\/\/yoast.com\/product\/yoast-seo-wordpress\/ -->\n<title>Set aus 4 Mid-Century Sprossenst\u00fchlen Set von Paul McCobb Planner Group 1920er | Vintage M\u00f6bel kaufen auf KURATO.CH<\/title>\n<meta name=\"description\" content=\"Entdecke Vintage M\u00f6bel &amp; Dekoration \u27a4 Set aus 4 Mid-Century Sprossenst\u00fchlen Set von Paul McCobb Planner Group 1920er auf Kurato. \u2713Lieferung Schweiz \u271314-Tage R\u00fcckgabe \u2713Secondhand Unikat\" \/>\n<meta name=\"robots\" content=\"index, follow, max-snippet:-1, max-image-preview:large, max-video-preview:-1\" \/>\n<link rel=\"canonical\" href=\"https:\/\/kurato.ch\/fr\/product\/set-aus-4-mid-century-sprossenstuehlen-set-von-paul-mccobb-planner-group-1920er\/\" \/>\n<meta property=\"og:locale\" content=\"fr_FR\" \/>\n<meta property=\"og:type\" content=\"article\" \/>\n<meta property=\"og:title\" content=\"Set aus 4 Mid-Century Sprossenst\u00fchlen Set von Paul McCobb Planner Group 1920er | Vintage M\u00f6bel kaufen auf KURATO.CH\" \/>\n<meta property=\"og:description\" content=\"Entdecke Vintage M\u00f6bel &amp; Dekoration \u27a4 Set aus 4 Mid-Century Sprossenst\u00fchlen Set von Paul McCobb Planner Group 1920er auf Kurato. \u2713Lieferung Schweiz \u271314-Tage R\u00fcckgabe \u2713Secondhand Unikat\" \/>\n<meta property=\"og:url\" content=\"https:\/\/kurato.ch\/fr\/product\/set-aus-4-mid-century-sprossenstuehlen-set-von-paul-mccobb-planner-group-1920er\/\" \/>\n<meta property=\"og:site_name\" content=\"Vintage M\u00f6bel &amp; Dekoration I Kurato\" \/>\n<meta property=\"article:publisher\" content=\"https:\/\/www.facebook.com\/kuratoswitzerland\" \/>\n<meta property=\"article:modified_time\" content=\"2024-12-02T14:10:23+00:00\" \/>\n<meta property=\"og:image\" content=\"https:\/\/kurato.ch\/wp-content\/uploads\/2024\/12\/Set-aus-4-Mid-Century-Sprossenstuehlen-Set-von-Paul-McCobb-Planner-Group-1920er-vintage-secondhand-gebraucht-schweiz-8.jpg\" \/>\n\t<meta property=\"og:image:width\" content=\"800\" \/>\n\t<meta property=\"og:image:height\" content=\"800\" \/>\n\t<meta property=\"og:image:type\" content=\"image\/jpeg\" \/>\n<meta name=\"twitter:label1\" content=\"Dur\u00e9e de lecture estim\u00e9e\" \/>\n\t<meta name=\"twitter:data1\" content=\"2 minutes\" \/>\n<script type=\"application\/ld+json\" class=\"yoast-schema-graph\">{\"@context\":\"https:\\\/\\\/schema.org\",\"@graph\":[{\"@type\":\"WebPage\",\"@id\":\"https:\\\/\\\/kurato.ch\\\/product\\\/set-aus-4-mid-century-sprossenstuehlen-set-von-paul-mccobb-planner-group-1920er\\\/\",\"url\":\"https:\\\/\\\/kurato.ch\\\/product\\\/set-aus-4-mid-century-sprossenstuehlen-set-von-paul-mccobb-planner-group-1920er\\\/\",\"name\":\"Set aus 4 Mid-Century Sprossenst\u00fchlen Set von Paul McCobb Planner Group 1920er | Vintage M\u00f6bel kaufen auf KURATO.CH\",\"isPartOf\":{\"@id\":\"https:\\\/\\\/kurato.ch\\\/#website\"},\"primaryImageOfPage\":{\"@id\":\"https:\\\/\\\/kurato.ch\\\/product\\\/set-aus-4-mid-century-sprossenstuehlen-set-von-paul-mccobb-planner-group-1920er\\\/#primaryimage\"},\"image\":{\"@id\":\"https:\\\/\\\/kurato.ch\\\/product\\\/set-aus-4-mid-century-sprossenstuehlen-set-von-paul-mccobb-planner-group-1920er\\\/#primaryimage\"},\"thumbnailUrl\":\"https:\\\/\\\/kurato.ch\\\/wp-content\\\/uploads\\\/2024\\\/12\\\/Set-aus-4-Mid-Century-Sprossenstuehlen-Set-von-Paul-McCobb-Planner-Group-1920er-vintage-secondhand-gebraucht-schweiz-8.jpg\",\"datePublished\":\"2024-12-02T14:01:36+00:00\",\"dateModified\":\"2024-12-02T14:10:23+00:00\",\"description\":\"Entdecke Vintage M\u00f6bel & Dekoration \u27a4 Set aus 4 Mid-Century Sprossenst\u00fchlen Set von Paul McCobb Planner Group 1920er auf Kurato. \u2713Lieferung Schweiz \u271314-Tage R\u00fcckgabe \u2713Secondhand Unikat\",\"breadcrumb\":{\"@id\":\"https:\\\/\\\/kurato.ch\\\/product\\\/set-aus-4-mid-century-sprossenstuehlen-set-von-paul-mccobb-planner-group-1920er\\\/#breadcrumb\"},\"inLanguage\":\"fr-FR\",\"potentialAction\":[{\"@type\":\"ReadAction\",\"target\":[\"https:\\\/\\\/kurato.ch\\\/product\\\/set-aus-4-mid-century-sprossenstuehlen-set-von-paul-mccobb-planner-group-1920er\\\/\"]}]},{\"@type\":\"ImageObject\",\"inLanguage\":\"fr-FR\",\"@id\":\"https:\\\/\\\/kurato.ch\\\/product\\\/set-aus-4-mid-century-sprossenstuehlen-set-von-paul-mccobb-planner-group-1920er\\\/#primaryimage\",\"url\":\"https:\\\/\\\/kurato.ch\\\/wp-content\\\/uploads\\\/2024\\\/12\\\/Set-aus-4-Mid-Century-Sprossenstuehlen-Set-von-Paul-McCobb-Planner-Group-1920er-vintage-secondhand-gebraucht-schweiz-8.jpg\",\"contentUrl\":\"https:\\\/\\\/kurato.ch\\\/wp-content\\\/uploads\\\/2024\\\/12\\\/Set-aus-4-Mid-Century-Sprossenstuehlen-Set-von-Paul-McCobb-Planner-Group-1920er-vintage-secondhand-gebraucht-schweiz-8.jpg\",\"width\":800,\"height\":800,\"caption\":\"Set aus 4 Mid-Century Sprossenst\u00fchlen Set von Paul McCobb Planner Group 1920er\"},{\"@type\":\"BreadcrumbList\",\"@id\":\"https:\\\/\\\/kurato.ch\\\/product\\\/set-aus-4-mid-century-sprossenstuehlen-set-von-paul-mccobb-planner-group-1920er\\\/#breadcrumb\",\"itemListElement\":[{\"@type\":\"ListItem\",\"position\":1,\"name\":\"Home\",\"item\":\"https:\\\/\\\/kurato.ch\\\/\"},{\"@type\":\"ListItem\",\"position\":2,\"name\":\"Neuheiten\",\"item\":\"https:\\\/\\\/kurato.ch\\\/neuheiten\\\/\"},{\"@type\":\"ListItem\",\"position\":3,\"name\":\"Set aus 4 Mid-Century Sprossenst\u00fchlen Set von Paul McCobb Planner Group 1920er\"}]},{\"@type\":\"WebSite\",\"@id\":\"https:\\\/\\\/kurato.ch\\\/#website\",\"url\":\"https:\\\/\\\/kurato.ch\\\/\",\"name\":\"Vintage M\u00f6bel &amp; Dekoration I Kurato\",\"description\":\"Vintage M\u00f6bel &amp; Dekoration I Kurato\",\"publisher\":{\"@id\":\"https:\\\/\\\/kurato.ch\\\/#organization\"},\"potentialAction\":[{\"@type\":\"SearchAction\",\"target\":{\"@type\":\"EntryPoint\",\"urlTemplate\":\"https:\\\/\\\/kurato.ch\\\/?s={search_term_string}\"},\"query-input\":{\"@type\":\"PropertyValueSpecification\",\"valueRequired\":true,\"valueName\":\"search_term_string\"}}],\"inLanguage\":\"fr-FR\"},{\"@type\":\"Organization\",\"@id\":\"https:\\\/\\\/kurato.ch\\\/#organization\",\"name\":\"Kurato.\",\"url\":\"https:\\\/\\\/kurato.ch\\\/\",\"logo\":{\"@type\":\"ImageObject\",\"inLanguage\":\"fr-FR\",\"@id\":\"https:\\\/\\\/kurato.ch\\\/#\\\/schema\\\/logo\\\/image\\\/\",\"url\":\"\",\"contentUrl\":\"\",\"caption\":\"Kurato.\"},\"image\":{\"@id\":\"https:\\\/\\\/kurato.ch\\\/#\\\/schema\\\/logo\\\/image\\\/\"},\"sameAs\":[\"https:\\\/\\\/www.facebook.com\\\/kuratoswitzerland\",\"https:\\\/\\\/www.instagram.com\\\/kurato.ch\\\/\",\"https:\\\/\\\/www.pinterest.ch\\\/kurato_ch\\\/_created\\\/\"]}]}<\/script>\n<!-- \/ Yoast SEO plugin. -->","yoast_head_json":{"title":"Set aus 4 Mid-Century Sprossenst\u00fchlen Set von Paul McCobb Planner Group 1920er | Vintage M\u00f6bel kaufen auf KURATO.CH","description":"Entdecke Vintage M\u00f6bel & Dekoration \u27a4 Set aus 4 Mid-Century Sprossenst\u00fchlen Set von Paul McCobb Planner Group 1920er auf Kurato. \u2713Lieferung Schweiz \u271314-Tage R\u00fcckgabe \u2713Secondhand Unikat","robots":{"index":"index","follow":"follow","max-snippet":"max-snippet:-1","max-image-preview":"max-image-preview:large","max-video-preview":"max-video-preview:-1"},"canonical":"https:\/\/kurato.ch\/fr\/product\/set-aus-4-mid-century-sprossenstuehlen-set-von-paul-mccobb-planner-group-1920er\/","og_locale":"fr_FR","og_type":"article","og_title":"Set aus 4 Mid-Century Sprossenst\u00fchlen Set von Paul McCobb Planner Group 1920er | Vintage M\u00f6bel kaufen auf KURATO.CH","og_description":"Entdecke Vintage M\u00f6bel & Dekoration \u27a4 Set aus 4 Mid-Century Sprossenst\u00fchlen Set von Paul McCobb Planner Group 1920er auf Kurato. \u2713Lieferung Schweiz \u271314-Tage R\u00fcckgabe \u2713Secondhand Unikat","og_url":"https:\/\/kurato.ch\/fr\/product\/set-aus-4-mid-century-sprossenstuehlen-set-von-paul-mccobb-planner-group-1920er\/","og_site_name":"Vintage M\u00f6bel &amp; Dekoration I Kurato","article_publisher":"https:\/\/www.facebook.com\/kuratoswitzerland","article_modified_time":"2024-12-02T14:10:23+00:00","og_image":[{"width":800,"height":800,"url":"https:\/\/kurato.ch\/wp-content\/uploads\/2024\/12\/Set-aus-4-Mid-Century-Sprossenstuehlen-Set-von-Paul-McCobb-Planner-Group-1920er-vintage-secondhand-gebraucht-schweiz-8.jpg","type":"image\/jpeg"}],"twitter_misc":{"Dur\u00e9e de lecture estim\u00e9e":"2 minutes"},"schema":{"@context":"https:\/\/schema.org","@graph":[{"@type":"WebPage","@id":"https:\/\/kurato.ch\/product\/set-aus-4-mid-century-sprossenstuehlen-set-von-paul-mccobb-planner-group-1920er\/","url":"https:\/\/kurato.ch\/product\/set-aus-4-mid-century-sprossenstuehlen-set-von-paul-mccobb-planner-group-1920er\/","name":"Set aus 4 Mid-Century Sprossenst\u00fchlen Set von Paul McCobb Planner Group 1920er | Vintage M\u00f6bel kaufen auf KURATO.CH","isPartOf":{"@id":"https:\/\/kurato.ch\/#website"},"primaryImageOfPage":{"@id":"https:\/\/kurato.ch\/product\/set-aus-4-mid-century-sprossenstuehlen-set-von-paul-mccobb-planner-group-1920er\/#primaryimage"},"image":{"@id":"https:\/\/kurato.ch\/product\/set-aus-4-mid-century-sprossenstuehlen-set-von-paul-mccobb-planner-group-1920er\/#primaryimage"},"thumbnailUrl":"https:\/\/kurato.ch\/wp-content\/uploads\/2024\/12\/Set-aus-4-Mid-Century-Sprossenstuehlen-Set-von-Paul-McCobb-Planner-Group-1920er-vintage-secondhand-gebraucht-schweiz-8.jpg","datePublished":"2024-12-02T14:01:36+00:00","dateModified":"2024-12-02T14:10:23+00:00","description":"Entdecke Vintage M\u00f6bel & Dekoration \u27a4 Set aus 4 Mid-Century Sprossenst\u00fchlen Set von Paul McCobb Planner Group 1920er auf Kurato. \u2713Lieferung Schweiz \u271314-Tage R\u00fcckgabe \u2713Secondhand Unikat","breadcrumb":{"@id":"https:\/\/kurato.ch\/product\/set-aus-4-mid-century-sprossenstuehlen-set-von-paul-mccobb-planner-group-1920er\/#breadcrumb"},"inLanguage":"fr-FR","potentialAction":[{"@type":"ReadAction","target":["https:\/\/kurato.ch\/product\/set-aus-4-mid-century-sprossenstuehlen-set-von-paul-mccobb-planner-group-1920er\/"]}]},{"@type":"ImageObject","inLanguage":"fr-FR","@id":"https:\/\/kurato.ch\/product\/set-aus-4-mid-century-sprossenstuehlen-set-von-paul-mccobb-planner-group-1920er\/#primaryimage","url":"https:\/\/kurato.ch\/wp-content\/uploads\/2024\/12\/Set-aus-4-Mid-Century-Sprossenstuehlen-Set-von-Paul-McCobb-Planner-Group-1920er-vintage-secondhand-gebraucht-schweiz-8.jpg","contentUrl":"https:\/\/kurato.ch\/wp-content\/uploads\/2024\/12\/Set-aus-4-Mid-Century-Sprossenstuehlen-Set-von-Paul-McCobb-Planner-Group-1920er-vintage-secondhand-gebraucht-schweiz-8.jpg","width":800,"height":800,"caption":"Set aus 4 Mid-Century Sprossenst\u00fchlen Set von Paul McCobb Planner Group 1920er"},{"@type":"BreadcrumbList","@id":"https:\/\/kurato.ch\/product\/set-aus-4-mid-century-sprossenstuehlen-set-von-paul-mccobb-planner-group-1920er\/#breadcrumb","itemListElement":[{"@type":"ListItem","position":1,"name":"Home","item":"https:\/\/kurato.ch\/"},{"@type":"ListItem","position":2,"name":"Neuheiten","item":"https:\/\/kurato.ch\/neuheiten\/"},{"@type":"ListItem","position":3,"name":"Set aus 4 Mid-Century Sprossenst\u00fchlen Set von Paul McCobb Planner Group 1920er"}]},{"@type":"WebSite","@id":"https:\/\/kurato.ch\/#website","url":"https:\/\/kurato.ch\/","name":"Meubles vintage &amp; d\u00e9coration I Kurato","description":"Meubles vintage &amp; d\u00e9coration I Kurato","publisher":{"@id":"https:\/\/kurato.ch\/#organization"},"potentialAction":[{"@type":"SearchAction","target":{"@type":"EntryPoint","urlTemplate":"https:\/\/kurato.ch\/?s={search_term_string}"},"query-input":{"@type":"PropertyValueSpecification","valueRequired":true,"valueName":"search_term_string"}}],"inLanguage":"fr-FR"},{"@type":"Organization","@id":"https:\/\/kurato.ch\/#organization","name":"Kurato.","url":"https:\/\/kurato.ch\/","logo":{"@type":"ImageObject","inLanguage":"fr-FR","@id":"https:\/\/kurato.ch\/#\/schema\/logo\/image\/","url":"","contentUrl":"","caption":"Kurato."},"image":{"@id":"https:\/\/kurato.ch\/#\/schema\/logo\/image\/"},"sameAs":["https:\/\/www.facebook.com\/kuratoswitzerland","https:\/\/www.instagram.com\/kurato.ch\/","https:\/\/www.pinterest.ch\/kurato_ch\/_created\/"]}]}},"_links":{"self":[{"href":"https:\/\/kurato.ch\/fr\/wp-json\/wp\/v2\/product\/64094","targetHints":{"allow":["GET"]}}],"collection":[{"href":"https:\/\/kurato.ch\/fr\/wp-json\/wp\/v2\/product"}],"about":[{"href":"https:\/\/kurato.ch\/fr\/wp-json\/wp\/v2\/types\/product"}],"wp:featuredmedia":[{"embeddable":true,"href":"https:\/\/kurato.ch\/fr\/wp-json\/wp\/v2\/media\/64277"}],"wp:attachment":[{"href":"https:\/\/kurato.ch\/fr\/wp-json\/wp\/v2\/media?parent=64094"}],"wp:term":[{"taxonomy":"product_brand","embeddable":true,"href":"https:\/\/kurato.ch\/fr\/wp-json\/wp\/v2\/product_brand?post=64094"},{"taxonomy":"product_cat","embeddable":true,"href":"https:\/\/kurato.ch\/fr\/wp-json\/wp\/v2\/product_cat?post=64094"},{"taxonomy":"product_tag","embeddable":true,"href":"https:\/\/kurato.ch\/fr\/wp-json\/wp\/v2\/product_tag?post=64094"}],"curies":[{"name":"wp","href":"https:\/\/api.w.org\/{rel}","templated":true}]}}