{"id":64134,"date":"2024-12-01T16:56:37","date_gmt":"2024-12-01T14:56:37","guid":{"rendered":"https:\/\/kurato.ch\/?post_type=product&#038;p=64134"},"modified":"2024-12-01T16:56:38","modified_gmt":"2024-12-01T14:56:38","slug":"elfenbeinfarbener-sessel-von-de-sede-modell-ds-2011-01","status":"publish","type":"product","link":"https:\/\/kurato.ch\/fr\/product\/elfenbeinfarbener-sessel-von-de-sede-modell-ds-2011-01\/","title":{"rendered":"Elfenbeinfarbener Sessel von de Sede Modell DS-2011\/01"},"content":{"rendered":"<p>Elfenbeinfarbener Sessel von de Sede Modell DS-2011\/01<\/p>\n<p>Der elfenbeinfarbene Sessel Modell DS-2011\/01 von de Sede ist ein elegantes und komfortables M\u00f6belst\u00fcck, das sich durch au\u00dfergew\u00f6hnliche Handwerkskunst und zeitloses Design auszeichnet. Die Sitzfl\u00e4che und R\u00fcckenlehne sind mit hochwertigem, weichem Leder in einem warmen Elfenbeinton bezogen, der dem Sessel eine luxuri\u00f6se und beruhigende Ausstrahlung verleiht.<\/p>\n<p>Der Sessel zeichnet sich durch seine klare, minimalistische Form aus, mit sanft geschwungenen Linien, die sowohl modern als auch klassisch wirken. Die Polsterung bietet au\u00dfergew\u00f6hnlichen Sitzkomfort und passt sich optimal der K\u00f6rperform an, was f\u00fcr eine entspannte Sitzposition sorgt.<\/p>\n<p>Der DS-2011\/01 Sessel ist nicht nur ein funktionales M\u00f6belst\u00fcck, sondern ein wahres Statement in jedem Raum. Mit seiner stabilen Konstruktion, den feinen N\u00e4hten und der Verwendung hochwertiger Materialien stellt er die Handwerkskunst von de Sede unter Beweis und eignet sich perfekt f\u00fcr anspruchsvolle Wohn- oder B\u00fcroeinrichtungen.<\/p>\n<p>Zustand: Der elfenbeinfarbene Sessel Modell DS-2011\/01 von de Sede befindet sich in einem sehr guten Zustand. Das hochwertige Leder ist weich und geschmeidig, mit nur minimalen Gebrauchsspuren. Die Farbe des Leders ist gleichm\u00e4\u00dfig erhalten, ohne gr\u00f6\u00dfere Verf\u00e4rbungen oder Abnutzungen.<\/p>\n<p>Die Polsterung ist noch straff und bietet exzellenten Komfort. Es gibt keine Risse, Flecken oder andere sichtbare Besch\u00e4digungen. Die N\u00e4hte und Kanten sind in einwandfreiem Zustand, und die gesamte Struktur des Sessels ist stabil und funktional.<\/p>\n<p>Masse: L113 x B80 x H83 cm<br \/>Hauteur d'assise : 37 cm<br \/>Armlehnh\u00f6he: 53 cm<\/p>\n<p>&#8211; Abholung in Z\u00fcrich mit Terminvereinbarung m\u00f6glich.<br \/>&#8211; Lieferung schweizweit m\u00f6glich! Frage einfach nach dem Preis, der sich je nach Entfernung berechnet.<\/p>\n<p><\/p>","protected":false},"excerpt":{"rendered":"<p>Elfenbeinfarbener Sessel von de Sede Modell DS-2011\/01 Der elfenbeinfarbene Sessel Modell DS-2011\/01 von de Sede ist ein elegantes und komfortables M\u00f6belst\u00fcck, das sich durch au\u00dfergew\u00f6hnliche Handwerkskunst und zeitloses Design auszeichnet. Die Sitzfl\u00e4che und R\u00fcckenlehne sind mit hochwertigem, weichem Leder in einem warmen Elfenbeinton bezogen, der dem Sessel eine luxuri\u00f6se und beruhigende Ausstrahlung verleiht. Der Sessel [&hellip;]<\/p>\n","protected":false},"featured_media":64262,"template":"","meta":{"_acf_changed":false,"site-sidebar-layout":"default","site-content-layout":"","ast-site-content-layout":"default","site-content-style":"default","site-sidebar-style":"default","ast-global-header-display":"","ast-banner-title-visibility":"","ast-main-header-display":"","ast-hfb-above-header-display":"","ast-hfb-below-header-display":"","ast-hfb-mobile-header-display":"","site-post-title":"","ast-breadcrumbs-content":"","ast-featured-img":"","footer-sml-layout":"","ast-disable-related-posts":"","theme-transparent-header-meta":"","adv-header-id-meta":"","stick-header-meta":"","header-above-stick-meta":"","header-main-stick-meta":"","header-below-stick-meta":"","astra-migrate-meta-layouts":"default","ast-page-background-enabled":"default","ast-page-background-meta":{"desktop":{"background-color":"","background-image":"","background-repeat":"repeat","background-position":"center center","background-size":"auto","background-attachment":"scroll","background-type":"","background-media":"","overlay-type":"","overlay-color":"","overlay-opacity":"","overlay-gradient":""},"tablet":{"background-color":"","background-image":"","background-repeat":"repeat","background-position":"center center","background-size":"auto","background-attachment":"scroll","background-type":"","background-media":"","overlay-type":"","overlay-color":"","overlay-opacity":"","overlay-gradient":""},"mobile":{"background-color":"","background-image":"","background-repeat":"repeat","background-position":"center center","background-size":"auto","background-attachment":"scroll","background-type":"","background-media":"","overlay-type":"","overlay-color":"","overlay-opacity":"","overlay-gradient":""}},"ast-content-background-meta":{"desktop":{"background-color":"var(--ast-global-color-5)","background-image":"","background-repeat":"repeat","background-position":"center center","background-size":"auto","background-attachment":"scroll","background-type":"","background-media":"","overlay-type":"","overlay-color":"","overlay-opacity":"","overlay-gradient":""},"tablet":{"background-color":"var(--ast-global-color-5)","background-image":"","background-repeat":"repeat","background-position":"center center","background-size":"auto","background-attachment":"scroll","background-type":"","background-media":"","overlay-type":"","overlay-color":"","overlay-opacity":"","overlay-gradient":""},"mobile":{"background-color":"var(--ast-global-color-5)","background-image":"","background-repeat":"repeat","background-position":"center center","background-size":"auto","background-attachment":"scroll","background-type":"","background-media":"","overlay-type":"","overlay-color":"","overlay-opacity":"","overlay-gradient":""}}},"product_brand":[],"product_cat":[152],"product_tag":[],"class_list":{"0":"post-64134","1":"product","2":"type-product","3":"status-publish","4":"has-post-thumbnail","6":"product_cat-vintage-sessel-liege","7":"pa_designer-de-sede","8":"pa_farbe-farbebeige","9":"pa_material-leder","10":"pa_stil-design","11":"pa_stil-klassisch","12":"desktop-align-left","13":"tablet-align-left","14":"mobile-align-left","16":"first","17":"instock","18":"sold-individually","19":"shipping-taxable","20":"purchasable","21":"product-type-simple"},"acf":[],"yoast_head":"<!-- This site is optimized with the Yoast SEO plugin v27.4 - https:\/\/yoast.com\/product\/yoast-seo-wordpress\/ -->\n<title>Elfenbeinfarbener Sessel von de Sede Modell DS-2011\/01 | Vintage M\u00f6bel kaufen auf KURATO.CH<\/title>\n<meta name=\"description\" content=\"Entdecke Vintage M\u00f6bel &amp; Dekoration \u27a4 Elfenbeinfarbener Sessel von de Sede Modell DS-2011\/01 auf Kurato. \u2713Lieferung Schweiz \u271314-Tage R\u00fcckgabe \u2713Secondhand Unikat\" \/>\n<meta name=\"robots\" content=\"index, follow, max-snippet:-1, max-image-preview:large, max-video-preview:-1\" \/>\n<link rel=\"canonical\" href=\"https:\/\/kurato.ch\/fr\/product\/elfenbeinfarbener-sessel-von-de-sede-modell-ds-2011-01\/\" \/>\n<meta property=\"og:locale\" content=\"fr_FR\" \/>\n<meta property=\"og:type\" content=\"article\" \/>\n<meta property=\"og:title\" content=\"Elfenbeinfarbener Sessel von de Sede Modell DS-2011\/01 | Vintage M\u00f6bel kaufen auf KURATO.CH\" \/>\n<meta property=\"og:description\" content=\"Entdecke Vintage M\u00f6bel &amp; Dekoration \u27a4 Elfenbeinfarbener Sessel von de Sede Modell DS-2011\/01 auf Kurato. \u2713Lieferung Schweiz \u271314-Tage R\u00fcckgabe \u2713Secondhand Unikat\" \/>\n<meta property=\"og:url\" content=\"https:\/\/kurato.ch\/fr\/product\/elfenbeinfarbener-sessel-von-de-sede-modell-ds-2011-01\/\" \/>\n<meta property=\"og:site_name\" content=\"Vintage M\u00f6bel &amp; Dekoration I Kurato\" \/>\n<meta property=\"article:publisher\" content=\"https:\/\/www.facebook.com\/kuratoswitzerland\" \/>\n<meta property=\"article:modified_time\" content=\"2024-12-01T14:56:38+00:00\" \/>\n<meta property=\"og:image\" content=\"https:\/\/kurato.ch\/wp-content\/uploads\/2024\/12\/Elfenbeinfarbener-Sessel-von-de-Sede-Modell-DS-2011-01-vintage-secondhand-gebraucht-schweiz-8.jpg\" \/>\n\t<meta property=\"og:image:width\" content=\"800\" \/>\n\t<meta property=\"og:image:height\" content=\"800\" \/>\n\t<meta property=\"og:image:type\" content=\"image\/jpeg\" \/>\n<meta name=\"twitter:label1\" content=\"Dur\u00e9e de lecture estim\u00e9e\" \/>\n\t<meta name=\"twitter:data1\" content=\"1 minute\" \/>\n<script type=\"application\/ld+json\" class=\"yoast-schema-graph\">{\"@context\":\"https:\\\/\\\/schema.org\",\"@graph\":[{\"@type\":\"WebPage\",\"@id\":\"https:\\\/\\\/kurato.ch\\\/product\\\/elfenbeinfarbener-sessel-von-de-sede-modell-ds-2011-01\\\/\",\"url\":\"https:\\\/\\\/kurato.ch\\\/product\\\/elfenbeinfarbener-sessel-von-de-sede-modell-ds-2011-01\\\/\",\"name\":\"Elfenbeinfarbener Sessel von de Sede Modell DS-2011\\\/01 | Vintage M\u00f6bel kaufen auf KURATO.CH\",\"isPartOf\":{\"@id\":\"https:\\\/\\\/kurato.ch\\\/#website\"},\"primaryImageOfPage\":{\"@id\":\"https:\\\/\\\/kurato.ch\\\/product\\\/elfenbeinfarbener-sessel-von-de-sede-modell-ds-2011-01\\\/#primaryimage\"},\"image\":{\"@id\":\"https:\\\/\\\/kurato.ch\\\/product\\\/elfenbeinfarbener-sessel-von-de-sede-modell-ds-2011-01\\\/#primaryimage\"},\"thumbnailUrl\":\"https:\\\/\\\/kurato.ch\\\/wp-content\\\/uploads\\\/2024\\\/12\\\/Elfenbeinfarbener-Sessel-von-de-Sede-Modell-DS-2011-01-vintage-secondhand-gebraucht-schweiz-8.jpg\",\"datePublished\":\"2024-12-01T14:56:37+00:00\",\"dateModified\":\"2024-12-01T14:56:38+00:00\",\"description\":\"Entdecke Vintage M\u00f6bel & Dekoration \u27a4 Elfenbeinfarbener Sessel von de Sede Modell DS-2011\\\/01 auf Kurato. \u2713Lieferung Schweiz \u271314-Tage R\u00fcckgabe \u2713Secondhand Unikat\",\"breadcrumb\":{\"@id\":\"https:\\\/\\\/kurato.ch\\\/product\\\/elfenbeinfarbener-sessel-von-de-sede-modell-ds-2011-01\\\/#breadcrumb\"},\"inLanguage\":\"fr-FR\",\"potentialAction\":[{\"@type\":\"ReadAction\",\"target\":[\"https:\\\/\\\/kurato.ch\\\/product\\\/elfenbeinfarbener-sessel-von-de-sede-modell-ds-2011-01\\\/\"]}]},{\"@type\":\"ImageObject\",\"inLanguage\":\"fr-FR\",\"@id\":\"https:\\\/\\\/kurato.ch\\\/product\\\/elfenbeinfarbener-sessel-von-de-sede-modell-ds-2011-01\\\/#primaryimage\",\"url\":\"https:\\\/\\\/kurato.ch\\\/wp-content\\\/uploads\\\/2024\\\/12\\\/Elfenbeinfarbener-Sessel-von-de-Sede-Modell-DS-2011-01-vintage-secondhand-gebraucht-schweiz-8.jpg\",\"contentUrl\":\"https:\\\/\\\/kurato.ch\\\/wp-content\\\/uploads\\\/2024\\\/12\\\/Elfenbeinfarbener-Sessel-von-de-Sede-Modell-DS-2011-01-vintage-secondhand-gebraucht-schweiz-8.jpg\",\"width\":800,\"height\":800,\"caption\":\"Elfenbeinfarbener Sessel von de Sede Modell DS-2011\\\/01\"},{\"@type\":\"BreadcrumbList\",\"@id\":\"https:\\\/\\\/kurato.ch\\\/product\\\/elfenbeinfarbener-sessel-von-de-sede-modell-ds-2011-01\\\/#breadcrumb\",\"itemListElement\":[{\"@type\":\"ListItem\",\"position\":1,\"name\":\"Home\",\"item\":\"https:\\\/\\\/kurato.ch\\\/\"},{\"@type\":\"ListItem\",\"position\":2,\"name\":\"Neuheiten\",\"item\":\"https:\\\/\\\/kurato.ch\\\/neuheiten\\\/\"},{\"@type\":\"ListItem\",\"position\":3,\"name\":\"Elfenbeinfarbener Sessel von de Sede Modell DS-2011\\\/01\"}]},{\"@type\":\"WebSite\",\"@id\":\"https:\\\/\\\/kurato.ch\\\/#website\",\"url\":\"https:\\\/\\\/kurato.ch\\\/\",\"name\":\"Vintage M\u00f6bel &amp; Dekoration I Kurato\",\"description\":\"Vintage M\u00f6bel &amp; Dekoration I Kurato\",\"publisher\":{\"@id\":\"https:\\\/\\\/kurato.ch\\\/#organization\"},\"potentialAction\":[{\"@type\":\"SearchAction\",\"target\":{\"@type\":\"EntryPoint\",\"urlTemplate\":\"https:\\\/\\\/kurato.ch\\\/?s={search_term_string}\"},\"query-input\":{\"@type\":\"PropertyValueSpecification\",\"valueRequired\":true,\"valueName\":\"search_term_string\"}}],\"inLanguage\":\"fr-FR\"},{\"@type\":\"Organization\",\"@id\":\"https:\\\/\\\/kurato.ch\\\/#organization\",\"name\":\"Kurato.\",\"url\":\"https:\\\/\\\/kurato.ch\\\/\",\"logo\":{\"@type\":\"ImageObject\",\"inLanguage\":\"fr-FR\",\"@id\":\"https:\\\/\\\/kurato.ch\\\/#\\\/schema\\\/logo\\\/image\\\/\",\"url\":\"\",\"contentUrl\":\"\",\"caption\":\"Kurato.\"},\"image\":{\"@id\":\"https:\\\/\\\/kurato.ch\\\/#\\\/schema\\\/logo\\\/image\\\/\"},\"sameAs\":[\"https:\\\/\\\/www.facebook.com\\\/kuratoswitzerland\",\"https:\\\/\\\/www.instagram.com\\\/kurato.ch\\\/\",\"https:\\\/\\\/www.pinterest.ch\\\/kurato_ch\\\/_created\\\/\"]}]}<\/script>\n<!-- \/ Yoast SEO plugin. -->","yoast_head_json":{"title":"Elfenbeinfarbener Sessel von de Sede Modell DS-2011\/01 | Vintage M\u00f6bel kaufen auf KURATO.CH","description":"Entdecke Vintage M\u00f6bel & Dekoration \u27a4 Elfenbeinfarbener Sessel von de Sede Modell DS-2011\/01 auf Kurato. \u2713Lieferung Schweiz \u271314-Tage R\u00fcckgabe \u2713Secondhand Unikat","robots":{"index":"index","follow":"follow","max-snippet":"max-snippet:-1","max-image-preview":"max-image-preview:large","max-video-preview":"max-video-preview:-1"},"canonical":"https:\/\/kurato.ch\/fr\/product\/elfenbeinfarbener-sessel-von-de-sede-modell-ds-2011-01\/","og_locale":"fr_FR","og_type":"article","og_title":"Elfenbeinfarbener Sessel von de Sede Modell DS-2011\/01 | Vintage M\u00f6bel kaufen auf KURATO.CH","og_description":"Entdecke Vintage M\u00f6bel & Dekoration \u27a4 Elfenbeinfarbener Sessel von de Sede Modell DS-2011\/01 auf Kurato. \u2713Lieferung Schweiz \u271314-Tage R\u00fcckgabe \u2713Secondhand Unikat","og_url":"https:\/\/kurato.ch\/fr\/product\/elfenbeinfarbener-sessel-von-de-sede-modell-ds-2011-01\/","og_site_name":"Vintage M\u00f6bel &amp; Dekoration I Kurato","article_publisher":"https:\/\/www.facebook.com\/kuratoswitzerland","article_modified_time":"2024-12-01T14:56:38+00:00","og_image":[{"width":800,"height":800,"url":"https:\/\/kurato.ch\/wp-content\/uploads\/2024\/12\/Elfenbeinfarbener-Sessel-von-de-Sede-Modell-DS-2011-01-vintage-secondhand-gebraucht-schweiz-8.jpg","type":"image\/jpeg"}],"twitter_misc":{"Dur\u00e9e de lecture estim\u00e9e":"1 minute"},"schema":{"@context":"https:\/\/schema.org","@graph":[{"@type":"WebPage","@id":"https:\/\/kurato.ch\/product\/elfenbeinfarbener-sessel-von-de-sede-modell-ds-2011-01\/","url":"https:\/\/kurato.ch\/product\/elfenbeinfarbener-sessel-von-de-sede-modell-ds-2011-01\/","name":"Elfenbeinfarbener Sessel von de Sede Modell DS-2011\/01 | Vintage M\u00f6bel kaufen auf KURATO.CH","isPartOf":{"@id":"https:\/\/kurato.ch\/#website"},"primaryImageOfPage":{"@id":"https:\/\/kurato.ch\/product\/elfenbeinfarbener-sessel-von-de-sede-modell-ds-2011-01\/#primaryimage"},"image":{"@id":"https:\/\/kurato.ch\/product\/elfenbeinfarbener-sessel-von-de-sede-modell-ds-2011-01\/#primaryimage"},"thumbnailUrl":"https:\/\/kurato.ch\/wp-content\/uploads\/2024\/12\/Elfenbeinfarbener-Sessel-von-de-Sede-Modell-DS-2011-01-vintage-secondhand-gebraucht-schweiz-8.jpg","datePublished":"2024-12-01T14:56:37+00:00","dateModified":"2024-12-01T14:56:38+00:00","description":"Entdecke Vintage M\u00f6bel & Dekoration \u27a4 Elfenbeinfarbener Sessel von de Sede Modell DS-2011\/01 auf Kurato. \u2713Lieferung Schweiz \u271314-Tage R\u00fcckgabe \u2713Secondhand Unikat","breadcrumb":{"@id":"https:\/\/kurato.ch\/product\/elfenbeinfarbener-sessel-von-de-sede-modell-ds-2011-01\/#breadcrumb"},"inLanguage":"fr-FR","potentialAction":[{"@type":"ReadAction","target":["https:\/\/kurato.ch\/product\/elfenbeinfarbener-sessel-von-de-sede-modell-ds-2011-01\/"]}]},{"@type":"ImageObject","inLanguage":"fr-FR","@id":"https:\/\/kurato.ch\/product\/elfenbeinfarbener-sessel-von-de-sede-modell-ds-2011-01\/#primaryimage","url":"https:\/\/kurato.ch\/wp-content\/uploads\/2024\/12\/Elfenbeinfarbener-Sessel-von-de-Sede-Modell-DS-2011-01-vintage-secondhand-gebraucht-schweiz-8.jpg","contentUrl":"https:\/\/kurato.ch\/wp-content\/uploads\/2024\/12\/Elfenbeinfarbener-Sessel-von-de-Sede-Modell-DS-2011-01-vintage-secondhand-gebraucht-schweiz-8.jpg","width":800,"height":800,"caption":"Elfenbeinfarbener Sessel von de Sede Modell DS-2011\/01"},{"@type":"BreadcrumbList","@id":"https:\/\/kurato.ch\/product\/elfenbeinfarbener-sessel-von-de-sede-modell-ds-2011-01\/#breadcrumb","itemListElement":[{"@type":"ListItem","position":1,"name":"Home","item":"https:\/\/kurato.ch\/"},{"@type":"ListItem","position":2,"name":"Neuheiten","item":"https:\/\/kurato.ch\/neuheiten\/"},{"@type":"ListItem","position":3,"name":"Elfenbeinfarbener Sessel von de Sede Modell DS-2011\/01"}]},{"@type":"WebSite","@id":"https:\/\/kurato.ch\/#website","url":"https:\/\/kurato.ch\/","name":"Meubles vintage &amp; d\u00e9coration I Kurato","description":"Meubles vintage &amp; d\u00e9coration I Kurato","publisher":{"@id":"https:\/\/kurato.ch\/#organization"},"potentialAction":[{"@type":"SearchAction","target":{"@type":"EntryPoint","urlTemplate":"https:\/\/kurato.ch\/?s={search_term_string}"},"query-input":{"@type":"PropertyValueSpecification","valueRequired":true,"valueName":"search_term_string"}}],"inLanguage":"fr-FR"},{"@type":"Organization","@id":"https:\/\/kurato.ch\/#organization","name":"Kurato.","url":"https:\/\/kurato.ch\/","logo":{"@type":"ImageObject","inLanguage":"fr-FR","@id":"https:\/\/kurato.ch\/#\/schema\/logo\/image\/","url":"","contentUrl":"","caption":"Kurato."},"image":{"@id":"https:\/\/kurato.ch\/#\/schema\/logo\/image\/"},"sameAs":["https:\/\/www.facebook.com\/kuratoswitzerland","https:\/\/www.instagram.com\/kurato.ch\/","https:\/\/www.pinterest.ch\/kurato_ch\/_created\/"]}]}},"_links":{"self":[{"href":"https:\/\/kurato.ch\/fr\/wp-json\/wp\/v2\/product\/64134","targetHints":{"allow":["GET"]}}],"collection":[{"href":"https:\/\/kurato.ch\/fr\/wp-json\/wp\/v2\/product"}],"about":[{"href":"https:\/\/kurato.ch\/fr\/wp-json\/wp\/v2\/types\/product"}],"wp:featuredmedia":[{"embeddable":true,"href":"https:\/\/kurato.ch\/fr\/wp-json\/wp\/v2\/media\/64262"}],"wp:attachment":[{"href":"https:\/\/kurato.ch\/fr\/wp-json\/wp\/v2\/media?parent=64134"}],"wp:term":[{"taxonomy":"product_brand","embeddable":true,"href":"https:\/\/kurato.ch\/fr\/wp-json\/wp\/v2\/product_brand?post=64134"},{"taxonomy":"product_cat","embeddable":true,"href":"https:\/\/kurato.ch\/fr\/wp-json\/wp\/v2\/product_cat?post=64134"},{"taxonomy":"product_tag","embeddable":true,"href":"https:\/\/kurato.ch\/fr\/wp-json\/wp\/v2\/product_tag?post=64134"}],"curies":[{"name":"wp","href":"https:\/\/api.w.org\/{rel}","templated":true}]}}