{"id":64140,"date":"2024-12-01T16:10:20","date_gmt":"2024-12-01T14:10:20","guid":{"rendered":"https:\/\/kurato.ch\/?post_type=product&#038;p=64140"},"modified":"2024-12-01T16:10:21","modified_gmt":"2024-12-01T14:10:21","slug":"265-wandlampe-von-paolo-rizzatto-fuer-arteluce-entworfen-im-jahr-1973","status":"publish","type":"product","link":"https:\/\/kurato.ch\/fr\/product\/265-wandlampe-von-paolo-rizzatto-fuer-arteluce-entworfen-im-jahr-1973\/","title":{"rendered":"265 Wandlampe von Paolo Rizzatto f\u00fcr Arteluce, entworfen im Jahr 1973"},"content":{"rendered":"<p>265 Wandlampe von Paolo Rizzatto f\u00fcr Arteluce, entworfen im Jahr 1973<\/p>\n<p>Die 265 Wandlampe von Paolo Rizzatto f\u00fcr Arteluce, entworfen im Jahr 1973, ist ein Meisterwerk des italienischen Designs, das funktionale Eleganz mit innovativer Technik vereint.<\/p>\n<p>Die Lampe besticht durch ihr minimalistisches, zugleich aber sehr markantes Design. Sie besteht aus einer schlanken, lang gestreckten Metallarme, die es erm\u00f6glicht, die Lichtquelle flexibel zu verstellen und individuell zu positionieren. Der Leuchtenkopf ist in einem dezenten, funktionalen Design gehalten und sorgt f\u00fcr gerichtetes, warmes Licht. Durch die bewegliche Konstruktion kann das Licht pr\u00e4zise in verschiedene Richtungen ausgerichtet werden, was die Lampe sowohl f\u00fcr Wohnr\u00e4ume als auch f\u00fcr Arbeitsbereiche besonders praktisch macht.<\/p>\n<p>Die 265 Wandlampe ist in hochwertigem, mattem Schwarz gehalten, was sie zu einem vielseitigen und modernen Akzentst\u00fcck macht, das sich in unterschiedliche Einrichtungsstile integriert. Ihr funktionales Design, gepaart mit der charakteristischen \u00c4sthetik der 70er Jahre, macht sie zu einem zeitlosen Klassiker.<\/p>\n<p>Zustand: Die 265 Wandlampe von Paolo Rizzatto f\u00fcr Arteluce befindet sich in einem guten Zustand, besonders f\u00fcr ihr Alter von \u00fcber 50 Jahren. Die Metalloberfl\u00e4chen zeigen kaum Gebrauchsspuren, welche dem authentischen Charakter der Lampe keinen Abbruch tun. Die Lackierung in Schwarz ist gleichm\u00e4\u00dfig erhalten, ohne Verf\u00e4rbungen oder Abbl\u00e4tterungen.<\/p>\n<p>Die beweglichen Teile der Lampe funktionieren einwandfrei und erm\u00f6glichen eine pr\u00e4zise Ausrichtung des Leuchtenkopfs. Die Gelenke sind stabil und lassen sich problemlos einstellen. Der elektrische Anschluss wurde sorgf\u00e4ltig gepr\u00fcft und entspricht den heutigen Sicherheitsstandards.<\/p>\n<p>Masse: L72 x B32 x H200 cm<\/p>\n<p>&#8211; Abholung in Z\u00fcrich mit Terminvereinbarung m\u00f6glich.<br \/>&#8211; Lieferung schweizweit m\u00f6glich! Frage einfach nach dem Preis, der sich je nach Entfernung berechnet.<\/p>\n<p><\/p>","protected":false},"excerpt":{"rendered":"<p>265 Wandlampe von Paolo Rizzatto f\u00fcr Arteluce, entworfen im Jahr 1973 Die 265 Wandlampe von Paolo Rizzatto f\u00fcr Arteluce, entworfen im Jahr 1973, ist ein Meisterwerk des italienischen Designs, das funktionale Eleganz mit innovativer Technik vereint. Die Lampe besticht durch ihr minimalistisches, zugleich aber sehr markantes Design. Sie besteht aus einer schlanken, lang gestreckten Metallarme, [&hellip;]<\/p>\n","protected":false},"featured_media":64252,"template":"","meta":{"_acf_changed":false,"site-sidebar-layout":"default","site-content-layout":"","ast-site-content-layout":"default","site-content-style":"default","site-sidebar-style":"default","ast-global-header-display":"","ast-banner-title-visibility":"","ast-main-header-display":"","ast-hfb-above-header-display":"","ast-hfb-below-header-display":"","ast-hfb-mobile-header-display":"","site-post-title":"","ast-breadcrumbs-content":"","ast-featured-img":"","footer-sml-layout":"","ast-disable-related-posts":"","theme-transparent-header-meta":"","adv-header-id-meta":"","stick-header-meta":"","header-above-stick-meta":"","header-main-stick-meta":"","header-below-stick-meta":"","astra-migrate-meta-layouts":"default","ast-page-background-enabled":"default","ast-page-background-meta":{"desktop":{"background-color":"","background-image":"","background-repeat":"repeat","background-position":"center center","background-size":"auto","background-attachment":"scroll","background-type":"","background-media":"","overlay-type":"","overlay-color":"","overlay-opacity":"","overlay-gradient":""},"tablet":{"background-color":"","background-image":"","background-repeat":"repeat","background-position":"center center","background-size":"auto","background-attachment":"scroll","background-type":"","background-media":"","overlay-type":"","overlay-color":"","overlay-opacity":"","overlay-gradient":""},"mobile":{"background-color":"","background-image":"","background-repeat":"repeat","background-position":"center center","background-size":"auto","background-attachment":"scroll","background-type":"","background-media":"","overlay-type":"","overlay-color":"","overlay-opacity":"","overlay-gradient":""}},"ast-content-background-meta":{"desktop":{"background-color":"var(--ast-global-color-5)","background-image":"","background-repeat":"repeat","background-position":"center center","background-size":"auto","background-attachment":"scroll","background-type":"","background-media":"","overlay-type":"","overlay-color":"","overlay-opacity":"","overlay-gradient":""},"tablet":{"background-color":"var(--ast-global-color-5)","background-image":"","background-repeat":"repeat","background-position":"center center","background-size":"auto","background-attachment":"scroll","background-type":"","background-media":"","overlay-type":"","overlay-color":"","overlay-opacity":"","overlay-gradient":""},"mobile":{"background-color":"var(--ast-global-color-5)","background-image":"","background-repeat":"repeat","background-position":"center center","background-size":"auto","background-attachment":"scroll","background-type":"","background-media":"","overlay-type":"","overlay-color":"","overlay-opacity":"","overlay-gradient":""}}},"product_brand":[],"product_cat":[70],"product_tag":[],"class_list":{"0":"post-64140","1":"product","2":"type-product","3":"status-publish","4":"has-post-thumbnail","6":"product_cat-vintage-wandlampe","7":"pa_designer-arteluce","8":"pa_farbe-schwarz","9":"pa_material-metall","10":"pa_stil-design","11":"pa_stil-industriell","12":"desktop-align-left","13":"tablet-align-left","14":"mobile-align-left","16":"first","17":"instock","18":"sold-individually","19":"shipping-taxable","20":"purchasable","21":"product-type-simple"},"acf":[],"yoast_head":"<!-- This site is optimized with the Yoast SEO plugin v27.4 - https:\/\/yoast.com\/product\/yoast-seo-wordpress\/ -->\n<title>265 Wandlampe von Paolo Rizzatto f\u00fcr Arteluce, entworfen im Jahr 1973 | Vintage M\u00f6bel kaufen auf KURATO.CH<\/title>\n<meta name=\"description\" content=\"Entdecke Vintage M\u00f6bel &amp; Dekoration \u27a4 265 Wandlampe von Paolo Rizzatto f\u00fcr Arteluce, entworfen im Jahr 1973 auf Kurato. \u2713Lieferung Schweiz \u271314-Tage R\u00fcckgabe \u2713Secondhand Unikat\" \/>\n<meta name=\"robots\" content=\"index, follow, max-snippet:-1, max-image-preview:large, max-video-preview:-1\" \/>\n<link rel=\"canonical\" href=\"https:\/\/kurato.ch\/fr\/product\/265-wandlampe-von-paolo-rizzatto-fuer-arteluce-entworfen-im-jahr-1973\/\" \/>\n<meta property=\"og:locale\" content=\"fr_FR\" \/>\n<meta property=\"og:type\" content=\"article\" \/>\n<meta property=\"og:title\" content=\"265 Wandlampe von Paolo Rizzatto f\u00fcr Arteluce, entworfen im Jahr 1973 | Vintage M\u00f6bel kaufen auf KURATO.CH\" \/>\n<meta property=\"og:description\" content=\"Entdecke Vintage M\u00f6bel &amp; Dekoration \u27a4 265 Wandlampe von Paolo Rizzatto f\u00fcr Arteluce, entworfen im Jahr 1973 auf Kurato. \u2713Lieferung Schweiz \u271314-Tage R\u00fcckgabe \u2713Secondhand Unikat\" \/>\n<meta property=\"og:url\" content=\"https:\/\/kurato.ch\/fr\/product\/265-wandlampe-von-paolo-rizzatto-fuer-arteluce-entworfen-im-jahr-1973\/\" \/>\n<meta property=\"og:site_name\" content=\"Vintage M\u00f6bel &amp; Dekoration I Kurato\" \/>\n<meta property=\"article:publisher\" content=\"https:\/\/www.facebook.com\/kuratoswitzerland\" \/>\n<meta property=\"article:modified_time\" content=\"2024-12-01T14:10:21+00:00\" \/>\n<meta property=\"og:image\" content=\"https:\/\/kurato.ch\/wp-content\/uploads\/2024\/12\/265-Wandlampe-von-Paolo-Rizzatto-fuer-Arteluce-entworfen-im-Jahr-1973-vintage-secondhand-gebraucht-schweiz-8.jpg\" \/>\n\t<meta property=\"og:image:width\" content=\"800\" \/>\n\t<meta property=\"og:image:height\" content=\"800\" \/>\n\t<meta property=\"og:image:type\" content=\"image\/jpeg\" \/>\n<meta name=\"twitter:label1\" content=\"Dur\u00e9e de lecture estim\u00e9e\" \/>\n\t<meta name=\"twitter:data1\" content=\"1 minute\" \/>\n<script type=\"application\/ld+json\" class=\"yoast-schema-graph\">{\"@context\":\"https:\\\/\\\/schema.org\",\"@graph\":[{\"@type\":\"WebPage\",\"@id\":\"https:\\\/\\\/kurato.ch\\\/product\\\/265-wandlampe-von-paolo-rizzatto-fuer-arteluce-entworfen-im-jahr-1973\\\/\",\"url\":\"https:\\\/\\\/kurato.ch\\\/product\\\/265-wandlampe-von-paolo-rizzatto-fuer-arteluce-entworfen-im-jahr-1973\\\/\",\"name\":\"265 Wandlampe von Paolo Rizzatto f\u00fcr Arteluce, entworfen im Jahr 1973 | Vintage M\u00f6bel kaufen auf KURATO.CH\",\"isPartOf\":{\"@id\":\"https:\\\/\\\/kurato.ch\\\/#website\"},\"primaryImageOfPage\":{\"@id\":\"https:\\\/\\\/kurato.ch\\\/product\\\/265-wandlampe-von-paolo-rizzatto-fuer-arteluce-entworfen-im-jahr-1973\\\/#primaryimage\"},\"image\":{\"@id\":\"https:\\\/\\\/kurato.ch\\\/product\\\/265-wandlampe-von-paolo-rizzatto-fuer-arteluce-entworfen-im-jahr-1973\\\/#primaryimage\"},\"thumbnailUrl\":\"https:\\\/\\\/kurato.ch\\\/wp-content\\\/uploads\\\/2024\\\/12\\\/265-Wandlampe-von-Paolo-Rizzatto-fuer-Arteluce-entworfen-im-Jahr-1973-vintage-secondhand-gebraucht-schweiz-8.jpg\",\"datePublished\":\"2024-12-01T14:10:20+00:00\",\"dateModified\":\"2024-12-01T14:10:21+00:00\",\"description\":\"Entdecke Vintage M\u00f6bel & Dekoration \u27a4 265 Wandlampe von Paolo Rizzatto f\u00fcr Arteluce, entworfen im Jahr 1973 auf Kurato. \u2713Lieferung Schweiz \u271314-Tage R\u00fcckgabe \u2713Secondhand Unikat\",\"breadcrumb\":{\"@id\":\"https:\\\/\\\/kurato.ch\\\/product\\\/265-wandlampe-von-paolo-rizzatto-fuer-arteluce-entworfen-im-jahr-1973\\\/#breadcrumb\"},\"inLanguage\":\"fr-FR\",\"potentialAction\":[{\"@type\":\"ReadAction\",\"target\":[\"https:\\\/\\\/kurato.ch\\\/product\\\/265-wandlampe-von-paolo-rizzatto-fuer-arteluce-entworfen-im-jahr-1973\\\/\"]}]},{\"@type\":\"ImageObject\",\"inLanguage\":\"fr-FR\",\"@id\":\"https:\\\/\\\/kurato.ch\\\/product\\\/265-wandlampe-von-paolo-rizzatto-fuer-arteluce-entworfen-im-jahr-1973\\\/#primaryimage\",\"url\":\"https:\\\/\\\/kurato.ch\\\/wp-content\\\/uploads\\\/2024\\\/12\\\/265-Wandlampe-von-Paolo-Rizzatto-fuer-Arteluce-entworfen-im-Jahr-1973-vintage-secondhand-gebraucht-schweiz-8.jpg\",\"contentUrl\":\"https:\\\/\\\/kurato.ch\\\/wp-content\\\/uploads\\\/2024\\\/12\\\/265-Wandlampe-von-Paolo-Rizzatto-fuer-Arteluce-entworfen-im-Jahr-1973-vintage-secondhand-gebraucht-schweiz-8.jpg\",\"width\":800,\"height\":800,\"caption\":\"265 Wandlampe von Paolo Rizzatto f\u00fcr Arteluce, entworfen im Jahr 1973\"},{\"@type\":\"BreadcrumbList\",\"@id\":\"https:\\\/\\\/kurato.ch\\\/product\\\/265-wandlampe-von-paolo-rizzatto-fuer-arteluce-entworfen-im-jahr-1973\\\/#breadcrumb\",\"itemListElement\":[{\"@type\":\"ListItem\",\"position\":1,\"name\":\"Home\",\"item\":\"https:\\\/\\\/kurato.ch\\\/\"},{\"@type\":\"ListItem\",\"position\":2,\"name\":\"Neuheiten\",\"item\":\"https:\\\/\\\/kurato.ch\\\/neuheiten\\\/\"},{\"@type\":\"ListItem\",\"position\":3,\"name\":\"265 Wandlampe von Paolo Rizzatto f\u00fcr Arteluce, entworfen im Jahr 1973\"}]},{\"@type\":\"WebSite\",\"@id\":\"https:\\\/\\\/kurato.ch\\\/#website\",\"url\":\"https:\\\/\\\/kurato.ch\\\/\",\"name\":\"Vintage M\u00f6bel &amp; Dekoration I Kurato\",\"description\":\"Vintage M\u00f6bel &amp; Dekoration I Kurato\",\"publisher\":{\"@id\":\"https:\\\/\\\/kurato.ch\\\/#organization\"},\"potentialAction\":[{\"@type\":\"SearchAction\",\"target\":{\"@type\":\"EntryPoint\",\"urlTemplate\":\"https:\\\/\\\/kurato.ch\\\/?s={search_term_string}\"},\"query-input\":{\"@type\":\"PropertyValueSpecification\",\"valueRequired\":true,\"valueName\":\"search_term_string\"}}],\"inLanguage\":\"fr-FR\"},{\"@type\":\"Organization\",\"@id\":\"https:\\\/\\\/kurato.ch\\\/#organization\",\"name\":\"Kurato.\",\"url\":\"https:\\\/\\\/kurato.ch\\\/\",\"logo\":{\"@type\":\"ImageObject\",\"inLanguage\":\"fr-FR\",\"@id\":\"https:\\\/\\\/kurato.ch\\\/#\\\/schema\\\/logo\\\/image\\\/\",\"url\":\"\",\"contentUrl\":\"\",\"caption\":\"Kurato.\"},\"image\":{\"@id\":\"https:\\\/\\\/kurato.ch\\\/#\\\/schema\\\/logo\\\/image\\\/\"},\"sameAs\":[\"https:\\\/\\\/www.facebook.com\\\/kuratoswitzerland\",\"https:\\\/\\\/www.instagram.com\\\/kurato.ch\\\/\",\"https:\\\/\\\/www.pinterest.ch\\\/kurato_ch\\\/_created\\\/\"]}]}<\/script>\n<!-- \/ Yoast SEO plugin. -->","yoast_head_json":{"title":"265 Wandlampe von Paolo Rizzatto f\u00fcr Arteluce, entworfen im Jahr 1973 | Vintage M\u00f6bel kaufen auf KURATO.CH","description":"Entdecke Vintage M\u00f6bel & Dekoration \u27a4 265 Wandlampe von Paolo Rizzatto f\u00fcr Arteluce, entworfen im Jahr 1973 auf Kurato. \u2713Lieferung Schweiz \u271314-Tage R\u00fcckgabe \u2713Secondhand Unikat","robots":{"index":"index","follow":"follow","max-snippet":"max-snippet:-1","max-image-preview":"max-image-preview:large","max-video-preview":"max-video-preview:-1"},"canonical":"https:\/\/kurato.ch\/fr\/product\/265-wandlampe-von-paolo-rizzatto-fuer-arteluce-entworfen-im-jahr-1973\/","og_locale":"fr_FR","og_type":"article","og_title":"265 Wandlampe von Paolo Rizzatto f\u00fcr Arteluce, entworfen im Jahr 1973 | Vintage M\u00f6bel kaufen auf KURATO.CH","og_description":"Entdecke Vintage M\u00f6bel & Dekoration \u27a4 265 Wandlampe von Paolo Rizzatto f\u00fcr Arteluce, entworfen im Jahr 1973 auf Kurato. \u2713Lieferung Schweiz \u271314-Tage R\u00fcckgabe \u2713Secondhand Unikat","og_url":"https:\/\/kurato.ch\/fr\/product\/265-wandlampe-von-paolo-rizzatto-fuer-arteluce-entworfen-im-jahr-1973\/","og_site_name":"Vintage M\u00f6bel &amp; Dekoration I Kurato","article_publisher":"https:\/\/www.facebook.com\/kuratoswitzerland","article_modified_time":"2024-12-01T14:10:21+00:00","og_image":[{"width":800,"height":800,"url":"https:\/\/kurato.ch\/wp-content\/uploads\/2024\/12\/265-Wandlampe-von-Paolo-Rizzatto-fuer-Arteluce-entworfen-im-Jahr-1973-vintage-secondhand-gebraucht-schweiz-8.jpg","type":"image\/jpeg"}],"twitter_misc":{"Dur\u00e9e de lecture estim\u00e9e":"1 minute"},"schema":{"@context":"https:\/\/schema.org","@graph":[{"@type":"WebPage","@id":"https:\/\/kurato.ch\/product\/265-wandlampe-von-paolo-rizzatto-fuer-arteluce-entworfen-im-jahr-1973\/","url":"https:\/\/kurato.ch\/product\/265-wandlampe-von-paolo-rizzatto-fuer-arteluce-entworfen-im-jahr-1973\/","name":"265 Wandlampe von Paolo Rizzatto f\u00fcr Arteluce, entworfen im Jahr 1973 | Vintage M\u00f6bel kaufen auf KURATO.CH","isPartOf":{"@id":"https:\/\/kurato.ch\/#website"},"primaryImageOfPage":{"@id":"https:\/\/kurato.ch\/product\/265-wandlampe-von-paolo-rizzatto-fuer-arteluce-entworfen-im-jahr-1973\/#primaryimage"},"image":{"@id":"https:\/\/kurato.ch\/product\/265-wandlampe-von-paolo-rizzatto-fuer-arteluce-entworfen-im-jahr-1973\/#primaryimage"},"thumbnailUrl":"https:\/\/kurato.ch\/wp-content\/uploads\/2024\/12\/265-Wandlampe-von-Paolo-Rizzatto-fuer-Arteluce-entworfen-im-Jahr-1973-vintage-secondhand-gebraucht-schweiz-8.jpg","datePublished":"2024-12-01T14:10:20+00:00","dateModified":"2024-12-01T14:10:21+00:00","description":"Entdecke Vintage M\u00f6bel & Dekoration \u27a4 265 Wandlampe von Paolo Rizzatto f\u00fcr Arteluce, entworfen im Jahr 1973 auf Kurato. \u2713Lieferung Schweiz \u271314-Tage R\u00fcckgabe \u2713Secondhand Unikat","breadcrumb":{"@id":"https:\/\/kurato.ch\/product\/265-wandlampe-von-paolo-rizzatto-fuer-arteluce-entworfen-im-jahr-1973\/#breadcrumb"},"inLanguage":"fr-FR","potentialAction":[{"@type":"ReadAction","target":["https:\/\/kurato.ch\/product\/265-wandlampe-von-paolo-rizzatto-fuer-arteluce-entworfen-im-jahr-1973\/"]}]},{"@type":"ImageObject","inLanguage":"fr-FR","@id":"https:\/\/kurato.ch\/product\/265-wandlampe-von-paolo-rizzatto-fuer-arteluce-entworfen-im-jahr-1973\/#primaryimage","url":"https:\/\/kurato.ch\/wp-content\/uploads\/2024\/12\/265-Wandlampe-von-Paolo-Rizzatto-fuer-Arteluce-entworfen-im-Jahr-1973-vintage-secondhand-gebraucht-schweiz-8.jpg","contentUrl":"https:\/\/kurato.ch\/wp-content\/uploads\/2024\/12\/265-Wandlampe-von-Paolo-Rizzatto-fuer-Arteluce-entworfen-im-Jahr-1973-vintage-secondhand-gebraucht-schweiz-8.jpg","width":800,"height":800,"caption":"265 Wandlampe von Paolo Rizzatto f\u00fcr Arteluce, entworfen im Jahr 1973"},{"@type":"BreadcrumbList","@id":"https:\/\/kurato.ch\/product\/265-wandlampe-von-paolo-rizzatto-fuer-arteluce-entworfen-im-jahr-1973\/#breadcrumb","itemListElement":[{"@type":"ListItem","position":1,"name":"Home","item":"https:\/\/kurato.ch\/"},{"@type":"ListItem","position":2,"name":"Neuheiten","item":"https:\/\/kurato.ch\/neuheiten\/"},{"@type":"ListItem","position":3,"name":"265 Wandlampe von Paolo Rizzatto f\u00fcr Arteluce, entworfen im Jahr 1973"}]},{"@type":"WebSite","@id":"https:\/\/kurato.ch\/#website","url":"https:\/\/kurato.ch\/","name":"Meubles vintage &amp; d\u00e9coration I Kurato","description":"Meubles vintage &amp; d\u00e9coration I Kurato","publisher":{"@id":"https:\/\/kurato.ch\/#organization"},"potentialAction":[{"@type":"SearchAction","target":{"@type":"EntryPoint","urlTemplate":"https:\/\/kurato.ch\/?s={search_term_string}"},"query-input":{"@type":"PropertyValueSpecification","valueRequired":true,"valueName":"search_term_string"}}],"inLanguage":"fr-FR"},{"@type":"Organization","@id":"https:\/\/kurato.ch\/#organization","name":"Kurato.","url":"https:\/\/kurato.ch\/","logo":{"@type":"ImageObject","inLanguage":"fr-FR","@id":"https:\/\/kurato.ch\/#\/schema\/logo\/image\/","url":"","contentUrl":"","caption":"Kurato."},"image":{"@id":"https:\/\/kurato.ch\/#\/schema\/logo\/image\/"},"sameAs":["https:\/\/www.facebook.com\/kuratoswitzerland","https:\/\/www.instagram.com\/kurato.ch\/","https:\/\/www.pinterest.ch\/kurato_ch\/_created\/"]}]}},"_links":{"self":[{"href":"https:\/\/kurato.ch\/fr\/wp-json\/wp\/v2\/product\/64140","targetHints":{"allow":["GET"]}}],"collection":[{"href":"https:\/\/kurato.ch\/fr\/wp-json\/wp\/v2\/product"}],"about":[{"href":"https:\/\/kurato.ch\/fr\/wp-json\/wp\/v2\/types\/product"}],"wp:featuredmedia":[{"embeddable":true,"href":"https:\/\/kurato.ch\/fr\/wp-json\/wp\/v2\/media\/64252"}],"wp:attachment":[{"href":"https:\/\/kurato.ch\/fr\/wp-json\/wp\/v2\/media?parent=64140"}],"wp:term":[{"taxonomy":"product_brand","embeddable":true,"href":"https:\/\/kurato.ch\/fr\/wp-json\/wp\/v2\/product_brand?post=64140"},{"taxonomy":"product_cat","embeddable":true,"href":"https:\/\/kurato.ch\/fr\/wp-json\/wp\/v2\/product_cat?post=64140"},{"taxonomy":"product_tag","embeddable":true,"href":"https:\/\/kurato.ch\/fr\/wp-json\/wp\/v2\/product_tag?post=64140"}],"curies":[{"name":"wp","href":"https:\/\/api.w.org\/{rel}","templated":true}]}}