{"id":64912,"date":"2024-12-13T17:10:30","date_gmt":"2024-12-13T15:10:30","guid":{"rendered":"https:\/\/kurato.ch\/?post_type=product&#038;p=64912"},"modified":"2024-12-13T17:10:31","modified_gmt":"2024-12-13T15:10:31","slug":"salontisch-aus-gebeiztem-mahagoni-von-gebrueder-thonet-wien-1900er-jahre","status":"publish","type":"product","link":"https:\/\/kurato.ch\/fr\/product\/salontisch-aus-gebeiztem-mahagoni-von-gebrueder-thonet-wien-1900er-jahre\/","title":{"rendered":"Salontisch aus gebeiztem Mahagoni von Gebr\u00fcder Thonet, Wien, 1900er Jahre"},"content":{"rendered":"<p>Salontisch aus gebeiztem Mahagoni von Gebr\u00fcder Thonet, Wien, 1900er Jahre<\/p>\n<p>Dieser elegante Salontisch besticht durch seine runde, originale Tischplatte mit Rollschutz sowie die dekorativen Bugholzverstrebungen und kunstvollen Applikationen mit Voluten am dreiseitigen Fu\u00df. Handgefertigt aus Bugholz, Buche und gebeiztem Mahagoni, ist das M\u00f6belst\u00fcck mit Schellack handpoliert und verk\u00f6rpert die hohe Kunstfertigkeit von Gebr\u00fcder Thonet in der Zeit um 1900.<\/p>\n<p>Ein besonderes Highlight ist die originale, textile Einlage der Tischplatte, die auf den Fotos sichtbar ist. Der Tisch ist in der Bibliographie \u201eIllustrierter Katalog von Michael Thonet, Wien 1904, Seite 70, Lesetisch Nr. 1\u201c dokumentiert und gilt als Original Vintage-M\u00f6belst\u00fcck aus der Manufakturzeit.<\/p>\n<p>Ein zeitloses St\u00fcck, das jedem Raum eine elegante Note verleiht und die Geschichte des Art Nouveau erlebbar macht.<\/p>\n<p>Zustand: Der Tisch befindet sich in einem originalen Zustand mit charmanten Patina, die seine Geschichte widerspiegelt. Bitte beachten Sie die Fotos als Teil der Beschreibung.<\/p>\n<p>Masse :<br \/>Durchmesser: 46 cm<br \/>H\u00f6he: 77 cm<\/p>\n<p>&#8211; Abholung in\u00a0 Z\u00fcrich mit Terminvereinbarung m\u00f6glich.<br \/>&#8211; Lieferung schweizweit m\u00f6glich! Frage einfach nach dem Preis, der sich je nach Entfernung berechnet.<\/p>\n<p><\/p>","protected":false},"excerpt":{"rendered":"<p>Salontisch aus gebeiztem Mahagoni von Gebr\u00fcder Thonet, Wien, 1900er Jahre Dieser elegante Salontisch besticht durch seine runde, originale Tischplatte mit Rollschutz sowie die dekorativen Bugholzverstrebungen und kunstvollen Applikationen mit Voluten am dreiseitigen Fu\u00df. Handgefertigt aus Bugholz, Buche und gebeiztem Mahagoni, ist das M\u00f6belst\u00fcck mit Schellack handpoliert und verk\u00f6rpert die hohe Kunstfertigkeit von Gebr\u00fcder Thonet in [&hellip;]<\/p>\n","protected":false},"featured_media":64964,"template":"","meta":{"_acf_changed":false,"site-sidebar-layout":"default","site-content-layout":"","ast-site-content-layout":"default","site-content-style":"default","site-sidebar-style":"default","ast-global-header-display":"","ast-banner-title-visibility":"","ast-main-header-display":"","ast-hfb-above-header-display":"","ast-hfb-below-header-display":"","ast-hfb-mobile-header-display":"","site-post-title":"","ast-breadcrumbs-content":"","ast-featured-img":"","footer-sml-layout":"","ast-disable-related-posts":"","theme-transparent-header-meta":"","adv-header-id-meta":"","stick-header-meta":"","header-above-stick-meta":"","header-main-stick-meta":"","header-below-stick-meta":"","astra-migrate-meta-layouts":"default","ast-page-background-enabled":"default","ast-page-background-meta":{"desktop":{"background-color":"","background-image":"","background-repeat":"repeat","background-position":"center center","background-size":"auto","background-attachment":"scroll","background-type":"","background-media":"","overlay-type":"","overlay-color":"","overlay-opacity":"","overlay-gradient":""},"tablet":{"background-color":"","background-image":"","background-repeat":"repeat","background-position":"center center","background-size":"auto","background-attachment":"scroll","background-type":"","background-media":"","overlay-type":"","overlay-color":"","overlay-opacity":"","overlay-gradient":""},"mobile":{"background-color":"","background-image":"","background-repeat":"repeat","background-position":"center center","background-size":"auto","background-attachment":"scroll","background-type":"","background-media":"","overlay-type":"","overlay-color":"","overlay-opacity":"","overlay-gradient":""}},"ast-content-background-meta":{"desktop":{"background-color":"var(--ast-global-color-5)","background-image":"","background-repeat":"repeat","background-position":"center center","background-size":"auto","background-attachment":"scroll","background-type":"","background-media":"","overlay-type":"","overlay-color":"","overlay-opacity":"","overlay-gradient":""},"tablet":{"background-color":"var(--ast-global-color-5)","background-image":"","background-repeat":"repeat","background-position":"center center","background-size":"auto","background-attachment":"scroll","background-type":"","background-media":"","overlay-type":"","overlay-color":"","overlay-opacity":"","overlay-gradient":""},"mobile":{"background-color":"var(--ast-global-color-5)","background-image":"","background-repeat":"repeat","background-position":"center center","background-size":"auto","background-attachment":"scroll","background-type":"","background-media":"","overlay-type":"","overlay-color":"","overlay-opacity":"","overlay-gradient":""}}},"product_brand":[],"product_cat":[141],"product_tag":[],"class_list":{"0":"post-64912","1":"product","2":"type-product","3":"status-publish","4":"has-post-thumbnail","6":"product_cat-vintage-couchtisch-barwagen","7":"pa_designer-thonet-michael","8":"pa_farbe-braun","9":"pa_material-holz","10":"pa_stil-vintage","11":"desktop-align-left","12":"tablet-align-left","13":"mobile-align-left","15":"first","16":"instock","17":"sold-individually","18":"shipping-taxable","19":"purchasable","20":"product-type-simple"},"acf":[],"yoast_head":"<!-- This site is optimized with the Yoast SEO plugin v27.3 - https:\/\/yoast.com\/product\/yoast-seo-wordpress\/ -->\n<title>Salontisch aus gebeiztem Mahagoni von Gebr\u00fcder Thonet, Wien, 1900er Jahre | Vintage M\u00f6bel kaufen auf KURATO.CH<\/title>\n<meta name=\"description\" content=\"Entdecke Vintage M\u00f6bel &amp; Dekoration \u27a4 Salontisch aus gebeiztem Mahagoni von Gebr\u00fcder Thonet, Wien, 1900er Jahre auf Kurato. \u2713Lieferung Schweiz \u271314-Tage R\u00fcckgabe \u2713Secondhand Unikat\" \/>\n<meta name=\"robots\" content=\"index, follow, max-snippet:-1, max-image-preview:large, max-video-preview:-1\" \/>\n<link rel=\"canonical\" href=\"https:\/\/kurato.ch\/fr\/product\/salontisch-aus-gebeiztem-mahagoni-von-gebrueder-thonet-wien-1900er-jahre\/\" \/>\n<meta property=\"og:locale\" content=\"fr_FR\" \/>\n<meta property=\"og:type\" content=\"article\" \/>\n<meta property=\"og:title\" content=\"Salontisch aus gebeiztem Mahagoni von Gebr\u00fcder Thonet, Wien, 1900er Jahre | Vintage M\u00f6bel kaufen auf KURATO.CH\" \/>\n<meta property=\"og:description\" content=\"Entdecke Vintage M\u00f6bel &amp; Dekoration \u27a4 Salontisch aus gebeiztem Mahagoni von Gebr\u00fcder Thonet, Wien, 1900er Jahre auf Kurato. \u2713Lieferung Schweiz \u271314-Tage R\u00fcckgabe \u2713Secondhand Unikat\" \/>\n<meta property=\"og:url\" content=\"https:\/\/kurato.ch\/fr\/product\/salontisch-aus-gebeiztem-mahagoni-von-gebrueder-thonet-wien-1900er-jahre\/\" \/>\n<meta property=\"og:site_name\" content=\"Vintage M\u00f6bel &amp; Dekoration I Kurato\" \/>\n<meta property=\"article:publisher\" content=\"https:\/\/www.facebook.com\/kuratoswitzerland\" \/>\n<meta property=\"article:modified_time\" content=\"2024-12-13T15:10:31+00:00\" \/>\n<meta property=\"og:image\" content=\"https:\/\/kurato.ch\/wp-content\/uploads\/2024\/12\/Salontisch-aus-gebeiztem-Mahagoni-von-Gebrueder-Thonet-Wien-1900er-Jahre-vintage-secondhand-gebraucht-schweiz-8-1.jpg\" \/>\n\t<meta property=\"og:image:width\" content=\"800\" \/>\n\t<meta property=\"og:image:height\" content=\"800\" \/>\n\t<meta property=\"og:image:type\" content=\"image\/jpeg\" \/>\n<meta name=\"twitter:label1\" content=\"Dur\u00e9e de lecture estim\u00e9e\" \/>\n\t<meta name=\"twitter:data1\" content=\"1 minute\" \/>\n<script type=\"application\/ld+json\" class=\"yoast-schema-graph\">{\"@context\":\"https:\\\/\\\/schema.org\",\"@graph\":[{\"@type\":\"WebPage\",\"@id\":\"https:\\\/\\\/kurato.ch\\\/product\\\/salontisch-aus-gebeiztem-mahagoni-von-gebrueder-thonet-wien-1900er-jahre\\\/\",\"url\":\"https:\\\/\\\/kurato.ch\\\/product\\\/salontisch-aus-gebeiztem-mahagoni-von-gebrueder-thonet-wien-1900er-jahre\\\/\",\"name\":\"Salontisch aus gebeiztem Mahagoni von Gebr\u00fcder Thonet, Wien, 1900er Jahre | Vintage M\u00f6bel kaufen auf KURATO.CH\",\"isPartOf\":{\"@id\":\"https:\\\/\\\/kurato.ch\\\/#website\"},\"primaryImageOfPage\":{\"@id\":\"https:\\\/\\\/kurato.ch\\\/product\\\/salontisch-aus-gebeiztem-mahagoni-von-gebrueder-thonet-wien-1900er-jahre\\\/#primaryimage\"},\"image\":{\"@id\":\"https:\\\/\\\/kurato.ch\\\/product\\\/salontisch-aus-gebeiztem-mahagoni-von-gebrueder-thonet-wien-1900er-jahre\\\/#primaryimage\"},\"thumbnailUrl\":\"https:\\\/\\\/kurato.ch\\\/wp-content\\\/uploads\\\/2024\\\/12\\\/Salontisch-aus-gebeiztem-Mahagoni-von-Gebrueder-Thonet-Wien-1900er-Jahre-vintage-secondhand-gebraucht-schweiz-8-1.jpg\",\"datePublished\":\"2024-12-13T15:10:30+00:00\",\"dateModified\":\"2024-12-13T15:10:31+00:00\",\"description\":\"Entdecke Vintage M\u00f6bel & Dekoration \u27a4 Salontisch aus gebeiztem Mahagoni von Gebr\u00fcder Thonet, Wien, 1900er Jahre auf Kurato. \u2713Lieferung Schweiz \u271314-Tage R\u00fcckgabe \u2713Secondhand Unikat\",\"breadcrumb\":{\"@id\":\"https:\\\/\\\/kurato.ch\\\/product\\\/salontisch-aus-gebeiztem-mahagoni-von-gebrueder-thonet-wien-1900er-jahre\\\/#breadcrumb\"},\"inLanguage\":\"fr-FR\",\"potentialAction\":[{\"@type\":\"ReadAction\",\"target\":[\"https:\\\/\\\/kurato.ch\\\/product\\\/salontisch-aus-gebeiztem-mahagoni-von-gebrueder-thonet-wien-1900er-jahre\\\/\"]}]},{\"@type\":\"ImageObject\",\"inLanguage\":\"fr-FR\",\"@id\":\"https:\\\/\\\/kurato.ch\\\/product\\\/salontisch-aus-gebeiztem-mahagoni-von-gebrueder-thonet-wien-1900er-jahre\\\/#primaryimage\",\"url\":\"https:\\\/\\\/kurato.ch\\\/wp-content\\\/uploads\\\/2024\\\/12\\\/Salontisch-aus-gebeiztem-Mahagoni-von-Gebrueder-Thonet-Wien-1900er-Jahre-vintage-secondhand-gebraucht-schweiz-8-1.jpg\",\"contentUrl\":\"https:\\\/\\\/kurato.ch\\\/wp-content\\\/uploads\\\/2024\\\/12\\\/Salontisch-aus-gebeiztem-Mahagoni-von-Gebrueder-Thonet-Wien-1900er-Jahre-vintage-secondhand-gebraucht-schweiz-8-1.jpg\",\"width\":800,\"height\":800,\"caption\":\"Salontisch-aus-gebeiztem-Mahagoni-von-Gebrueder-Thonet-Wien-1900er-Jahre\"},{\"@type\":\"BreadcrumbList\",\"@id\":\"https:\\\/\\\/kurato.ch\\\/product\\\/salontisch-aus-gebeiztem-mahagoni-von-gebrueder-thonet-wien-1900er-jahre\\\/#breadcrumb\",\"itemListElement\":[{\"@type\":\"ListItem\",\"position\":1,\"name\":\"Home\",\"item\":\"https:\\\/\\\/kurato.ch\\\/\"},{\"@type\":\"ListItem\",\"position\":2,\"name\":\"Neuheiten\",\"item\":\"https:\\\/\\\/kurato.ch\\\/neuheiten\\\/\"},{\"@type\":\"ListItem\",\"position\":3,\"name\":\"Salontisch aus gebeiztem Mahagoni von Gebr\u00fcder Thonet, Wien, 1900er Jahre\"}]},{\"@type\":\"WebSite\",\"@id\":\"https:\\\/\\\/kurato.ch\\\/#website\",\"url\":\"https:\\\/\\\/kurato.ch\\\/\",\"name\":\"Vintage M\u00f6bel &amp; Dekoration I Kurato\",\"description\":\"Vintage M\u00f6bel &amp; Dekoration I Kurato\",\"publisher\":{\"@id\":\"https:\\\/\\\/kurato.ch\\\/#organization\"},\"potentialAction\":[{\"@type\":\"SearchAction\",\"target\":{\"@type\":\"EntryPoint\",\"urlTemplate\":\"https:\\\/\\\/kurato.ch\\\/?s={search_term_string}\"},\"query-input\":{\"@type\":\"PropertyValueSpecification\",\"valueRequired\":true,\"valueName\":\"search_term_string\"}}],\"inLanguage\":\"fr-FR\"},{\"@type\":\"Organization\",\"@id\":\"https:\\\/\\\/kurato.ch\\\/#organization\",\"name\":\"Kurato.\",\"url\":\"https:\\\/\\\/kurato.ch\\\/\",\"logo\":{\"@type\":\"ImageObject\",\"inLanguage\":\"fr-FR\",\"@id\":\"https:\\\/\\\/kurato.ch\\\/#\\\/schema\\\/logo\\\/image\\\/\",\"url\":\"\",\"contentUrl\":\"\",\"caption\":\"Kurato.\"},\"image\":{\"@id\":\"https:\\\/\\\/kurato.ch\\\/#\\\/schema\\\/logo\\\/image\\\/\"},\"sameAs\":[\"https:\\\/\\\/www.facebook.com\\\/kuratoswitzerland\",\"https:\\\/\\\/www.instagram.com\\\/kurato.ch\\\/\",\"https:\\\/\\\/www.pinterest.ch\\\/kurato_ch\\\/_created\\\/\"]}]}<\/script>\n<!-- \/ Yoast SEO plugin. -->","yoast_head_json":{"title":"Salontisch aus gebeiztem Mahagoni von Gebr\u00fcder Thonet, Wien, 1900er Jahre | Vintage M\u00f6bel kaufen auf KURATO.CH","description":"Entdecke Vintage M\u00f6bel & Dekoration \u27a4 Salontisch aus gebeiztem Mahagoni von Gebr\u00fcder Thonet, Wien, 1900er Jahre auf Kurato. \u2713Lieferung Schweiz \u271314-Tage R\u00fcckgabe \u2713Secondhand Unikat","robots":{"index":"index","follow":"follow","max-snippet":"max-snippet:-1","max-image-preview":"max-image-preview:large","max-video-preview":"max-video-preview:-1"},"canonical":"https:\/\/kurato.ch\/fr\/product\/salontisch-aus-gebeiztem-mahagoni-von-gebrueder-thonet-wien-1900er-jahre\/","og_locale":"fr_FR","og_type":"article","og_title":"Salontisch aus gebeiztem Mahagoni von Gebr\u00fcder Thonet, Wien, 1900er Jahre | Vintage M\u00f6bel kaufen auf KURATO.CH","og_description":"Entdecke Vintage M\u00f6bel & Dekoration \u27a4 Salontisch aus gebeiztem Mahagoni von Gebr\u00fcder Thonet, Wien, 1900er Jahre auf Kurato. \u2713Lieferung Schweiz \u271314-Tage R\u00fcckgabe \u2713Secondhand Unikat","og_url":"https:\/\/kurato.ch\/fr\/product\/salontisch-aus-gebeiztem-mahagoni-von-gebrueder-thonet-wien-1900er-jahre\/","og_site_name":"Vintage M\u00f6bel &amp; Dekoration I Kurato","article_publisher":"https:\/\/www.facebook.com\/kuratoswitzerland","article_modified_time":"2024-12-13T15:10:31+00:00","og_image":[{"width":800,"height":800,"url":"https:\/\/kurato.ch\/wp-content\/uploads\/2024\/12\/Salontisch-aus-gebeiztem-Mahagoni-von-Gebrueder-Thonet-Wien-1900er-Jahre-vintage-secondhand-gebraucht-schweiz-8-1.jpg","type":"image\/jpeg"}],"twitter_misc":{"Dur\u00e9e de lecture estim\u00e9e":"1 minute"},"schema":{"@context":"https:\/\/schema.org","@graph":[{"@type":"WebPage","@id":"https:\/\/kurato.ch\/product\/salontisch-aus-gebeiztem-mahagoni-von-gebrueder-thonet-wien-1900er-jahre\/","url":"https:\/\/kurato.ch\/product\/salontisch-aus-gebeiztem-mahagoni-von-gebrueder-thonet-wien-1900er-jahre\/","name":"Salontisch aus gebeiztem Mahagoni von Gebr\u00fcder Thonet, Wien, 1900er Jahre | Vintage M\u00f6bel kaufen auf KURATO.CH","isPartOf":{"@id":"https:\/\/kurato.ch\/#website"},"primaryImageOfPage":{"@id":"https:\/\/kurato.ch\/product\/salontisch-aus-gebeiztem-mahagoni-von-gebrueder-thonet-wien-1900er-jahre\/#primaryimage"},"image":{"@id":"https:\/\/kurato.ch\/product\/salontisch-aus-gebeiztem-mahagoni-von-gebrueder-thonet-wien-1900er-jahre\/#primaryimage"},"thumbnailUrl":"https:\/\/kurato.ch\/wp-content\/uploads\/2024\/12\/Salontisch-aus-gebeiztem-Mahagoni-von-Gebrueder-Thonet-Wien-1900er-Jahre-vintage-secondhand-gebraucht-schweiz-8-1.jpg","datePublished":"2024-12-13T15:10:30+00:00","dateModified":"2024-12-13T15:10:31+00:00","description":"Entdecke Vintage M\u00f6bel & Dekoration \u27a4 Salontisch aus gebeiztem Mahagoni von Gebr\u00fcder Thonet, Wien, 1900er Jahre auf Kurato. \u2713Lieferung Schweiz \u271314-Tage R\u00fcckgabe \u2713Secondhand Unikat","breadcrumb":{"@id":"https:\/\/kurato.ch\/product\/salontisch-aus-gebeiztem-mahagoni-von-gebrueder-thonet-wien-1900er-jahre\/#breadcrumb"},"inLanguage":"fr-FR","potentialAction":[{"@type":"ReadAction","target":["https:\/\/kurato.ch\/product\/salontisch-aus-gebeiztem-mahagoni-von-gebrueder-thonet-wien-1900er-jahre\/"]}]},{"@type":"ImageObject","inLanguage":"fr-FR","@id":"https:\/\/kurato.ch\/product\/salontisch-aus-gebeiztem-mahagoni-von-gebrueder-thonet-wien-1900er-jahre\/#primaryimage","url":"https:\/\/kurato.ch\/wp-content\/uploads\/2024\/12\/Salontisch-aus-gebeiztem-Mahagoni-von-Gebrueder-Thonet-Wien-1900er-Jahre-vintage-secondhand-gebraucht-schweiz-8-1.jpg","contentUrl":"https:\/\/kurato.ch\/wp-content\/uploads\/2024\/12\/Salontisch-aus-gebeiztem-Mahagoni-von-Gebrueder-Thonet-Wien-1900er-Jahre-vintage-secondhand-gebraucht-schweiz-8-1.jpg","width":800,"height":800,"caption":"Salontisch-aus-gebeiztem-Mahagoni-von-Gebrueder-Thonet-Wien-1900er-Jahre"},{"@type":"BreadcrumbList","@id":"https:\/\/kurato.ch\/product\/salontisch-aus-gebeiztem-mahagoni-von-gebrueder-thonet-wien-1900er-jahre\/#breadcrumb","itemListElement":[{"@type":"ListItem","position":1,"name":"Home","item":"https:\/\/kurato.ch\/"},{"@type":"ListItem","position":2,"name":"Neuheiten","item":"https:\/\/kurato.ch\/neuheiten\/"},{"@type":"ListItem","position":3,"name":"Salontisch aus gebeiztem Mahagoni von Gebr\u00fcder Thonet, Wien, 1900er Jahre"}]},{"@type":"WebSite","@id":"https:\/\/kurato.ch\/#website","url":"https:\/\/kurato.ch\/","name":"Meubles vintage &amp; d\u00e9coration I Kurato","description":"Meubles vintage &amp; d\u00e9coration I Kurato","publisher":{"@id":"https:\/\/kurato.ch\/#organization"},"potentialAction":[{"@type":"SearchAction","target":{"@type":"EntryPoint","urlTemplate":"https:\/\/kurato.ch\/?s={search_term_string}"},"query-input":{"@type":"PropertyValueSpecification","valueRequired":true,"valueName":"search_term_string"}}],"inLanguage":"fr-FR"},{"@type":"Organization","@id":"https:\/\/kurato.ch\/#organization","name":"Kurato.","url":"https:\/\/kurato.ch\/","logo":{"@type":"ImageObject","inLanguage":"fr-FR","@id":"https:\/\/kurato.ch\/#\/schema\/logo\/image\/","url":"","contentUrl":"","caption":"Kurato."},"image":{"@id":"https:\/\/kurato.ch\/#\/schema\/logo\/image\/"},"sameAs":["https:\/\/www.facebook.com\/kuratoswitzerland","https:\/\/www.instagram.com\/kurato.ch\/","https:\/\/www.pinterest.ch\/kurato_ch\/_created\/"]}]}},"_links":{"self":[{"href":"https:\/\/kurato.ch\/fr\/wp-json\/wp\/v2\/product\/64912","targetHints":{"allow":["GET"]}}],"collection":[{"href":"https:\/\/kurato.ch\/fr\/wp-json\/wp\/v2\/product"}],"about":[{"href":"https:\/\/kurato.ch\/fr\/wp-json\/wp\/v2\/types\/product"}],"wp:featuredmedia":[{"embeddable":true,"href":"https:\/\/kurato.ch\/fr\/wp-json\/wp\/v2\/media\/64964"}],"wp:attachment":[{"href":"https:\/\/kurato.ch\/fr\/wp-json\/wp\/v2\/media?parent=64912"}],"wp:term":[{"taxonomy":"product_brand","embeddable":true,"href":"https:\/\/kurato.ch\/fr\/wp-json\/wp\/v2\/product_brand?post=64912"},{"taxonomy":"product_cat","embeddable":true,"href":"https:\/\/kurato.ch\/fr\/wp-json\/wp\/v2\/product_cat?post=64912"},{"taxonomy":"product_tag","embeddable":true,"href":"https:\/\/kurato.ch\/fr\/wp-json\/wp\/v2\/product_tag?post=64912"}],"curies":[{"name":"wp","href":"https:\/\/api.w.org\/{rel}","templated":true}]}}