{"id":64935,"date":"2024-12-13T17:22:45","date_gmt":"2024-12-13T15:22:45","guid":{"rendered":"https:\/\/kurato.ch\/?post_type=product&#038;p=64935"},"modified":"2025-05-24T15:56:01","modified_gmt":"2025-05-24T13:56:01","slug":"ausziehbarer-esstisch-von-silvio-coppola-fuer-bernini-1960er-jahre","status":"publish","type":"product","link":"https:\/\/kurato.ch\/fr\/product\/ausziehbarer-esstisch-von-silvio-coppola-fuer-bernini-1960er-jahre\/","title":{"rendered":"Ausziehbarer Esstisch von Silvio Coppola f\u00fcr Bernini, 1960er Jahre"},"content":{"rendered":"<p>Ausziehbarer Esstisch von Silvio Coppola f\u00fcr Bernini, 1960er Jahre<\/p>\n<p>Dieser beeindruckende, ausziehbare Esstisch von Silvio Coppola f\u00fcr Bernini aus den 1960er Jahren ist ein herausragendes Beispiel f\u00fcr italienische Designkunst. Gefertigt aus edlem Nussbaumholz, das durch seine lebendige Maserung und warmen Farbt\u00f6ne besticht, bringt dieser Tisch eine nat\u00fcrliche, grafische Tiefe in jedes Ambiente.<\/p>\n<p>Die klappbare Tischplatte verleiht dem Design eine besondere Funktionalit\u00e4t und enth\u00fcllt das elegante Untergestell aus massivem Nussbaumholz. Die Nussbaumintarsien sowie die sanft abgerundeten Kanten unterstreichen die Liebe zum Detail, die diesem Tisch seine unverwechselbare \u00c4sthetik verleiht.<\/p>\n<p>Mit seinem grossz\u00fcgigen Design bietet der Tisch Platz f\u00fcr acht bis zehn G\u00e4ste und eignet sich sowohl f\u00fcr elegante Dinnerpartys als auch f\u00fcr den t\u00e4glichen Gebrauch. Der Tisch kombiniert zeitlose Handwerkskunst mit einer minimalistischen, nat\u00fcrlichen Ausstrahlung, die sowohl in Mid-Century-Modern-Interieurs als auch in modernen Wohnwelten perfekt zur Geltung kommt.<\/p>\n<p>Designer: Silvio Coppola<br \/>Hersteller: Bernini<br \/>Designperiode: 1960er Jahre<br \/>Stil: Mid-Century Modern<br \/>Material: Nussbaumholz, Messing<\/p>\n<p>Zustand: Der Tisch befindet sich in einem guten Vintage-Zustand mit leichten, altersbedingten Gebrauchsspuren, die seine Authentizit\u00e4t und seinen Charme unterstreichen. Bitte beachten Sie die Fotos als Teil der Beschreibung.<\/p>\n<p>Masse :<br \/>Geschlossen: 110 cm x 110 cm<br \/>Ausgezogen: 155 cm x 155 cm<br \/>Hauteur : 70 cm<\/p>\n<p>&#8211; Abholung in Z\u00fcrich mit Terminvereinbarung m\u00f6glich.<br \/>&#8211; Lieferung schweizweit m\u00f6glich! Frage einfach nach dem Preis, der sich je nach Entfernung berechnet.<\/p>","protected":false},"excerpt":{"rendered":"<p>Ausziehbarer Esstisch von Silvio Coppola f\u00fcr Bernini, 1960er Jahre Dieser beeindruckende, ausziehbare Esstisch von Silvio Coppola f\u00fcr Bernini aus den 1960er Jahren ist ein herausragendes Beispiel f\u00fcr italienische Designkunst. Gefertigt aus edlem Nussbaumholz, das durch seine lebendige Maserung und warmen Farbt\u00f6ne besticht, bringt dieser Tisch eine nat\u00fcrliche, grafische Tiefe in jedes Ambiente. Die klappbare Tischplatte [&hellip;]<\/p>\n","protected":false},"featured_media":64966,"template":"","meta":{"_acf_changed":false,"site-sidebar-layout":"default","site-content-layout":"","ast-site-content-layout":"default","site-content-style":"default","site-sidebar-style":"default","ast-global-header-display":"","ast-banner-title-visibility":"","ast-main-header-display":"","ast-hfb-above-header-display":"","ast-hfb-below-header-display":"","ast-hfb-mobile-header-display":"","site-post-title":"","ast-breadcrumbs-content":"","ast-featured-img":"","footer-sml-layout":"","ast-disable-related-posts":"","theme-transparent-header-meta":"","adv-header-id-meta":"","stick-header-meta":"","header-above-stick-meta":"","header-main-stick-meta":"","header-below-stick-meta":"","astra-migrate-meta-layouts":"default","ast-page-background-enabled":"default","ast-page-background-meta":{"desktop":{"background-color":"","background-image":"","background-repeat":"repeat","background-position":"center center","background-size":"auto","background-attachment":"scroll","background-type":"","background-media":"","overlay-type":"","overlay-color":"","overlay-opacity":"","overlay-gradient":""},"tablet":{"background-color":"","background-image":"","background-repeat":"repeat","background-position":"center center","background-size":"auto","background-attachment":"scroll","background-type":"","background-media":"","overlay-type":"","overlay-color":"","overlay-opacity":"","overlay-gradient":""},"mobile":{"background-color":"","background-image":"","background-repeat":"repeat","background-position":"center center","background-size":"auto","background-attachment":"scroll","background-type":"","background-media":"","overlay-type":"","overlay-color":"","overlay-opacity":"","overlay-gradient":""}},"ast-content-background-meta":{"desktop":{"background-color":"var(--ast-global-color-5)","background-image":"","background-repeat":"repeat","background-position":"center center","background-size":"auto","background-attachment":"scroll","background-type":"","background-media":"","overlay-type":"","overlay-color":"","overlay-opacity":"","overlay-gradient":""},"tablet":{"background-color":"var(--ast-global-color-5)","background-image":"","background-repeat":"repeat","background-position":"center center","background-size":"auto","background-attachment":"scroll","background-type":"","background-media":"","overlay-type":"","overlay-color":"","overlay-opacity":"","overlay-gradient":""},"mobile":{"background-color":"var(--ast-global-color-5)","background-image":"","background-repeat":"repeat","background-position":"center center","background-size":"auto","background-attachment":"scroll","background-type":"","background-media":"","overlay-type":"","overlay-color":"","overlay-opacity":"","overlay-gradient":""}}},"product_brand":[],"product_cat":[168],"product_tag":[],"class_list":{"0":"post-64935","1":"product","2":"type-product","3":"status-publish","4":"has-post-thumbnail","6":"product_cat-vintage-esstisch","7":"pa_farbe-braun","8":"pa_material-holz","9":"pa_stil-design","10":"desktop-align-left","11":"tablet-align-left","12":"mobile-align-left","14":"first","15":"instock","16":"sold-individually","17":"shipping-taxable","18":"purchasable","19":"product-type-simple"},"acf":[],"yoast_head":"<!-- This site is optimized with the Yoast SEO plugin v27.3 - https:\/\/yoast.com\/product\/yoast-seo-wordpress\/ -->\n<title>Ausziehbarer Esstisch von Silvio Coppola f\u00fcr Bernini, 1960er Jahre | Vintage M\u00f6bel kaufen auf KURATO.CH<\/title>\n<meta name=\"description\" content=\"Entdecke Vintage M\u00f6bel &amp; Dekoration \u27a4 Ausziehbarer Esstisch von Silvio Coppola f\u00fcr Bernini, 1960er Jahre auf Kurato. \u2713Lieferung Schweiz \u271314-Tage R\u00fcckgabe \u2713Secondhand Unikat\" \/>\n<meta name=\"robots\" content=\"index, follow, max-snippet:-1, max-image-preview:large, max-video-preview:-1\" \/>\n<link rel=\"canonical\" href=\"https:\/\/kurato.ch\/fr\/product\/ausziehbarer-esstisch-von-silvio-coppola-fuer-bernini-1960er-jahre\/\" \/>\n<meta property=\"og:locale\" content=\"fr_FR\" \/>\n<meta property=\"og:type\" content=\"article\" \/>\n<meta property=\"og:title\" content=\"Ausziehbarer Esstisch von Silvio Coppola f\u00fcr Bernini, 1960er Jahre | Vintage M\u00f6bel kaufen auf KURATO.CH\" \/>\n<meta property=\"og:description\" content=\"Entdecke Vintage M\u00f6bel &amp; Dekoration \u27a4 Ausziehbarer Esstisch von Silvio Coppola f\u00fcr Bernini, 1960er Jahre auf Kurato. \u2713Lieferung Schweiz \u271314-Tage R\u00fcckgabe \u2713Secondhand Unikat\" \/>\n<meta property=\"og:url\" content=\"https:\/\/kurato.ch\/fr\/product\/ausziehbarer-esstisch-von-silvio-coppola-fuer-bernini-1960er-jahre\/\" \/>\n<meta property=\"og:site_name\" content=\"Vintage M\u00f6bel &amp; Dekoration I Kurato\" \/>\n<meta property=\"article:publisher\" content=\"https:\/\/www.facebook.com\/kuratoswitzerland\" \/>\n<meta property=\"article:modified_time\" content=\"2025-05-24T13:56:01+00:00\" \/>\n<meta property=\"og:image\" content=\"https:\/\/kurato.ch\/wp-content\/uploads\/2024\/12\/Ausziehbarer-Esstisch-von-Silvio-Coppola-fuer-Bernini-1960er-Jahre-vintage-secondhand-gebraucht-schweiz-8.jpg\" \/>\n\t<meta property=\"og:image:width\" content=\"800\" \/>\n\t<meta property=\"og:image:height\" content=\"800\" \/>\n\t<meta property=\"og:image:type\" content=\"image\/jpeg\" \/>\n<meta name=\"twitter:label1\" content=\"Dur\u00e9e de lecture estim\u00e9e\" \/>\n\t<meta name=\"twitter:data1\" content=\"1 minute\" \/>\n<script type=\"application\/ld+json\" class=\"yoast-schema-graph\">{\"@context\":\"https:\\\/\\\/schema.org\",\"@graph\":[{\"@type\":\"WebPage\",\"@id\":\"https:\\\/\\\/kurato.ch\\\/product\\\/ausziehbarer-esstisch-von-silvio-coppola-fuer-bernini-1960er-jahre\\\/\",\"url\":\"https:\\\/\\\/kurato.ch\\\/product\\\/ausziehbarer-esstisch-von-silvio-coppola-fuer-bernini-1960er-jahre\\\/\",\"name\":\"Ausziehbarer Esstisch von Silvio Coppola f\u00fcr Bernini, 1960er Jahre | Vintage M\u00f6bel kaufen auf KURATO.CH\",\"isPartOf\":{\"@id\":\"https:\\\/\\\/kurato.ch\\\/#website\"},\"primaryImageOfPage\":{\"@id\":\"https:\\\/\\\/kurato.ch\\\/product\\\/ausziehbarer-esstisch-von-silvio-coppola-fuer-bernini-1960er-jahre\\\/#primaryimage\"},\"image\":{\"@id\":\"https:\\\/\\\/kurato.ch\\\/product\\\/ausziehbarer-esstisch-von-silvio-coppola-fuer-bernini-1960er-jahre\\\/#primaryimage\"},\"thumbnailUrl\":\"https:\\\/\\\/kurato.ch\\\/wp-content\\\/uploads\\\/2024\\\/12\\\/Ausziehbarer-Esstisch-von-Silvio-Coppola-fuer-Bernini-1960er-Jahre-vintage-secondhand-gebraucht-schweiz-8.jpg\",\"datePublished\":\"2024-12-13T15:22:45+00:00\",\"dateModified\":\"2025-05-24T13:56:01+00:00\",\"description\":\"Entdecke Vintage M\u00f6bel & Dekoration \u27a4 Ausziehbarer Esstisch von Silvio Coppola f\u00fcr Bernini, 1960er Jahre auf Kurato. \u2713Lieferung Schweiz \u271314-Tage R\u00fcckgabe \u2713Secondhand Unikat\",\"breadcrumb\":{\"@id\":\"https:\\\/\\\/kurato.ch\\\/product\\\/ausziehbarer-esstisch-von-silvio-coppola-fuer-bernini-1960er-jahre\\\/#breadcrumb\"},\"inLanguage\":\"fr-FR\",\"potentialAction\":[{\"@type\":\"ReadAction\",\"target\":[\"https:\\\/\\\/kurato.ch\\\/product\\\/ausziehbarer-esstisch-von-silvio-coppola-fuer-bernini-1960er-jahre\\\/\"]}]},{\"@type\":\"ImageObject\",\"inLanguage\":\"fr-FR\",\"@id\":\"https:\\\/\\\/kurato.ch\\\/product\\\/ausziehbarer-esstisch-von-silvio-coppola-fuer-bernini-1960er-jahre\\\/#primaryimage\",\"url\":\"https:\\\/\\\/kurato.ch\\\/wp-content\\\/uploads\\\/2024\\\/12\\\/Ausziehbarer-Esstisch-von-Silvio-Coppola-fuer-Bernini-1960er-Jahre-vintage-secondhand-gebraucht-schweiz-8.jpg\",\"contentUrl\":\"https:\\\/\\\/kurato.ch\\\/wp-content\\\/uploads\\\/2024\\\/12\\\/Ausziehbarer-Esstisch-von-Silvio-Coppola-fuer-Bernini-1960er-Jahre-vintage-secondhand-gebraucht-schweiz-8.jpg\",\"width\":800,\"height\":800,\"caption\":\"Ausziehbarer Esstisch von Silvio Coppola f\u00fcr Bernini, 1960er Jahre\"},{\"@type\":\"BreadcrumbList\",\"@id\":\"https:\\\/\\\/kurato.ch\\\/product\\\/ausziehbarer-esstisch-von-silvio-coppola-fuer-bernini-1960er-jahre\\\/#breadcrumb\",\"itemListElement\":[{\"@type\":\"ListItem\",\"position\":1,\"name\":\"Home\",\"item\":\"https:\\\/\\\/kurato.ch\\\/\"},{\"@type\":\"ListItem\",\"position\":2,\"name\":\"Neuheiten\",\"item\":\"https:\\\/\\\/kurato.ch\\\/neuheiten\\\/\"},{\"@type\":\"ListItem\",\"position\":3,\"name\":\"Ausziehbarer Esstisch von Silvio Coppola f\u00fcr Bernini, 1960er Jahre\"}]},{\"@type\":\"WebSite\",\"@id\":\"https:\\\/\\\/kurato.ch\\\/#website\",\"url\":\"https:\\\/\\\/kurato.ch\\\/\",\"name\":\"Vintage M\u00f6bel &amp; Dekoration I Kurato\",\"description\":\"Vintage M\u00f6bel &amp; Dekoration I Kurato\",\"publisher\":{\"@id\":\"https:\\\/\\\/kurato.ch\\\/#organization\"},\"potentialAction\":[{\"@type\":\"SearchAction\",\"target\":{\"@type\":\"EntryPoint\",\"urlTemplate\":\"https:\\\/\\\/kurato.ch\\\/?s={search_term_string}\"},\"query-input\":{\"@type\":\"PropertyValueSpecification\",\"valueRequired\":true,\"valueName\":\"search_term_string\"}}],\"inLanguage\":\"fr-FR\"},{\"@type\":\"Organization\",\"@id\":\"https:\\\/\\\/kurato.ch\\\/#organization\",\"name\":\"Kurato.\",\"url\":\"https:\\\/\\\/kurato.ch\\\/\",\"logo\":{\"@type\":\"ImageObject\",\"inLanguage\":\"fr-FR\",\"@id\":\"https:\\\/\\\/kurato.ch\\\/#\\\/schema\\\/logo\\\/image\\\/\",\"url\":\"\",\"contentUrl\":\"\",\"caption\":\"Kurato.\"},\"image\":{\"@id\":\"https:\\\/\\\/kurato.ch\\\/#\\\/schema\\\/logo\\\/image\\\/\"},\"sameAs\":[\"https:\\\/\\\/www.facebook.com\\\/kuratoswitzerland\",\"https:\\\/\\\/www.instagram.com\\\/kurato.ch\\\/\",\"https:\\\/\\\/www.pinterest.ch\\\/kurato_ch\\\/_created\\\/\"]}]}<\/script>\n<!-- \/ Yoast SEO plugin. -->","yoast_head_json":{"title":"Ausziehbarer Esstisch von Silvio Coppola f\u00fcr Bernini, 1960er Jahre | Vintage M\u00f6bel kaufen auf KURATO.CH","description":"Entdecke Vintage M\u00f6bel & Dekoration \u27a4 Ausziehbarer Esstisch von Silvio Coppola f\u00fcr Bernini, 1960er Jahre auf Kurato. \u2713Lieferung Schweiz \u271314-Tage R\u00fcckgabe \u2713Secondhand Unikat","robots":{"index":"index","follow":"follow","max-snippet":"max-snippet:-1","max-image-preview":"max-image-preview:large","max-video-preview":"max-video-preview:-1"},"canonical":"https:\/\/kurato.ch\/fr\/product\/ausziehbarer-esstisch-von-silvio-coppola-fuer-bernini-1960er-jahre\/","og_locale":"fr_FR","og_type":"article","og_title":"Ausziehbarer Esstisch von Silvio Coppola f\u00fcr Bernini, 1960er Jahre | Vintage M\u00f6bel kaufen auf KURATO.CH","og_description":"Entdecke Vintage M\u00f6bel & Dekoration \u27a4 Ausziehbarer Esstisch von Silvio Coppola f\u00fcr Bernini, 1960er Jahre auf Kurato. \u2713Lieferung Schweiz \u271314-Tage R\u00fcckgabe \u2713Secondhand Unikat","og_url":"https:\/\/kurato.ch\/fr\/product\/ausziehbarer-esstisch-von-silvio-coppola-fuer-bernini-1960er-jahre\/","og_site_name":"Vintage M\u00f6bel &amp; Dekoration I Kurato","article_publisher":"https:\/\/www.facebook.com\/kuratoswitzerland","article_modified_time":"2025-05-24T13:56:01+00:00","og_image":[{"width":800,"height":800,"url":"https:\/\/kurato.ch\/wp-content\/uploads\/2024\/12\/Ausziehbarer-Esstisch-von-Silvio-Coppola-fuer-Bernini-1960er-Jahre-vintage-secondhand-gebraucht-schweiz-8.jpg","type":"image\/jpeg"}],"twitter_misc":{"Dur\u00e9e de lecture estim\u00e9e":"1 minute"},"schema":{"@context":"https:\/\/schema.org","@graph":[{"@type":"WebPage","@id":"https:\/\/kurato.ch\/product\/ausziehbarer-esstisch-von-silvio-coppola-fuer-bernini-1960er-jahre\/","url":"https:\/\/kurato.ch\/product\/ausziehbarer-esstisch-von-silvio-coppola-fuer-bernini-1960er-jahre\/","name":"Ausziehbarer Esstisch von Silvio Coppola f\u00fcr Bernini, 1960er Jahre | Vintage M\u00f6bel kaufen auf KURATO.CH","isPartOf":{"@id":"https:\/\/kurato.ch\/#website"},"primaryImageOfPage":{"@id":"https:\/\/kurato.ch\/product\/ausziehbarer-esstisch-von-silvio-coppola-fuer-bernini-1960er-jahre\/#primaryimage"},"image":{"@id":"https:\/\/kurato.ch\/product\/ausziehbarer-esstisch-von-silvio-coppola-fuer-bernini-1960er-jahre\/#primaryimage"},"thumbnailUrl":"https:\/\/kurato.ch\/wp-content\/uploads\/2024\/12\/Ausziehbarer-Esstisch-von-Silvio-Coppola-fuer-Bernini-1960er-Jahre-vintage-secondhand-gebraucht-schweiz-8.jpg","datePublished":"2024-12-13T15:22:45+00:00","dateModified":"2025-05-24T13:56:01+00:00","description":"Entdecke Vintage M\u00f6bel & Dekoration \u27a4 Ausziehbarer Esstisch von Silvio Coppola f\u00fcr Bernini, 1960er Jahre auf Kurato. \u2713Lieferung Schweiz \u271314-Tage R\u00fcckgabe \u2713Secondhand Unikat","breadcrumb":{"@id":"https:\/\/kurato.ch\/product\/ausziehbarer-esstisch-von-silvio-coppola-fuer-bernini-1960er-jahre\/#breadcrumb"},"inLanguage":"fr-FR","potentialAction":[{"@type":"ReadAction","target":["https:\/\/kurato.ch\/product\/ausziehbarer-esstisch-von-silvio-coppola-fuer-bernini-1960er-jahre\/"]}]},{"@type":"ImageObject","inLanguage":"fr-FR","@id":"https:\/\/kurato.ch\/product\/ausziehbarer-esstisch-von-silvio-coppola-fuer-bernini-1960er-jahre\/#primaryimage","url":"https:\/\/kurato.ch\/wp-content\/uploads\/2024\/12\/Ausziehbarer-Esstisch-von-Silvio-Coppola-fuer-Bernini-1960er-Jahre-vintage-secondhand-gebraucht-schweiz-8.jpg","contentUrl":"https:\/\/kurato.ch\/wp-content\/uploads\/2024\/12\/Ausziehbarer-Esstisch-von-Silvio-Coppola-fuer-Bernini-1960er-Jahre-vintage-secondhand-gebraucht-schweiz-8.jpg","width":800,"height":800,"caption":"Ausziehbarer Esstisch von Silvio Coppola f\u00fcr Bernini, 1960er Jahre"},{"@type":"BreadcrumbList","@id":"https:\/\/kurato.ch\/product\/ausziehbarer-esstisch-von-silvio-coppola-fuer-bernini-1960er-jahre\/#breadcrumb","itemListElement":[{"@type":"ListItem","position":1,"name":"Home","item":"https:\/\/kurato.ch\/"},{"@type":"ListItem","position":2,"name":"Neuheiten","item":"https:\/\/kurato.ch\/neuheiten\/"},{"@type":"ListItem","position":3,"name":"Ausziehbarer Esstisch von Silvio Coppola f\u00fcr Bernini, 1960er Jahre"}]},{"@type":"WebSite","@id":"https:\/\/kurato.ch\/#website","url":"https:\/\/kurato.ch\/","name":"Meubles vintage &amp; d\u00e9coration I Kurato","description":"Meubles vintage &amp; d\u00e9coration I Kurato","publisher":{"@id":"https:\/\/kurato.ch\/#organization"},"potentialAction":[{"@type":"SearchAction","target":{"@type":"EntryPoint","urlTemplate":"https:\/\/kurato.ch\/?s={search_term_string}"},"query-input":{"@type":"PropertyValueSpecification","valueRequired":true,"valueName":"search_term_string"}}],"inLanguage":"fr-FR"},{"@type":"Organization","@id":"https:\/\/kurato.ch\/#organization","name":"Kurato.","url":"https:\/\/kurato.ch\/","logo":{"@type":"ImageObject","inLanguage":"fr-FR","@id":"https:\/\/kurato.ch\/#\/schema\/logo\/image\/","url":"","contentUrl":"","caption":"Kurato."},"image":{"@id":"https:\/\/kurato.ch\/#\/schema\/logo\/image\/"},"sameAs":["https:\/\/www.facebook.com\/kuratoswitzerland","https:\/\/www.instagram.com\/kurato.ch\/","https:\/\/www.pinterest.ch\/kurato_ch\/_created\/"]}]}},"_links":{"self":[{"href":"https:\/\/kurato.ch\/fr\/wp-json\/wp\/v2\/product\/64935","targetHints":{"allow":["GET"]}}],"collection":[{"href":"https:\/\/kurato.ch\/fr\/wp-json\/wp\/v2\/product"}],"about":[{"href":"https:\/\/kurato.ch\/fr\/wp-json\/wp\/v2\/types\/product"}],"wp:featuredmedia":[{"embeddable":true,"href":"https:\/\/kurato.ch\/fr\/wp-json\/wp\/v2\/media\/64966"}],"wp:attachment":[{"href":"https:\/\/kurato.ch\/fr\/wp-json\/wp\/v2\/media?parent=64935"}],"wp:term":[{"taxonomy":"product_brand","embeddable":true,"href":"https:\/\/kurato.ch\/fr\/wp-json\/wp\/v2\/product_brand?post=64935"},{"taxonomy":"product_cat","embeddable":true,"href":"https:\/\/kurato.ch\/fr\/wp-json\/wp\/v2\/product_cat?post=64935"},{"taxonomy":"product_tag","embeddable":true,"href":"https:\/\/kurato.ch\/fr\/wp-json\/wp\/v2\/product_tag?post=64935"}],"curies":[{"name":"wp","href":"https:\/\/api.w.org\/{rel}","templated":true}]}}