{"id":64993,"date":"2024-12-26T10:37:45","date_gmt":"2024-12-26T08:37:45","guid":{"rendered":"https:\/\/kurato.ch\/?post_type=product&#038;p=64993"},"modified":"2026-02-08T17:18:15","modified_gmt":"2026-02-08T15:18:15","slug":"tecnolumen-hmb-25-500-z-bauhaus-pendelleuchte-von-marianne-brandt","status":"publish","type":"product","link":"https:\/\/kurato.ch\/fr\/product\/tecnolumen-hmb-25-500-z-bauhaus-pendelleuchte-von-marianne-brandt\/","title":{"rendered":"Tecnolumen HMB 25\/500 Z Bauhaus Pendelleuchte von Marianne Brandt"},"content":{"rendered":"<p>Neuauflage der von Marianne Brandt und Hans Przyrembel entworfenen Bauhaus H\u00e4ngeleuchte, produziert von Tecnolumen aus vernickeltem Aluminium. Variante mit Gegengewicht an Seilzug, um die Leuchte in der gew\u00fcnschten H\u00f6he zu positionieren.<\/p>\n<p>Am Baldachin ist von Hand eine kleine Aussparung ausgefr\u00e4st worden, um bei der letzten Montage das Stromkabel hinzuf\u00fchren.<\/p>","protected":false},"excerpt":{"rendered":"<p>Neuauflage der von Marianne Brandt und Hans Przyrembel entworfenen Bauhaus H\u00e4ngeleuchte, produziert von Tecnolumen aus vernickeltem Aluminium. Variante mit Gegengewicht an Seilzug, um die Leuchte in der gew\u00fcnschten H\u00f6he zu positionieren. Am Baldachin ist von Hand eine kleine Aussparung ausgefr\u00e4st worden, um bei der letzten Montage das Stromkabel hinzuf\u00fchren.<\/p>","protected":false},"featured_media":65360,"template":"","meta":{"_acf_changed":false,"site-sidebar-layout":"default","site-content-layout":"","ast-site-content-layout":"default","site-content-style":"default","site-sidebar-style":"default","ast-global-header-display":"","ast-banner-title-visibility":"","ast-main-header-display":"","ast-hfb-above-header-display":"","ast-hfb-below-header-display":"","ast-hfb-mobile-header-display":"","site-post-title":"","ast-breadcrumbs-content":"","ast-featured-img":"","footer-sml-layout":"","ast-disable-related-posts":"","theme-transparent-header-meta":"","adv-header-id-meta":"","stick-header-meta":"","header-above-stick-meta":"","header-main-stick-meta":"","header-below-stick-meta":"","astra-migrate-meta-layouts":"default","ast-page-background-enabled":"default","ast-page-background-meta":{"desktop":{"background-color":"","background-image":"","background-repeat":"repeat","background-position":"center center","background-size":"auto","background-attachment":"scroll","background-type":"","background-media":"","overlay-type":"","overlay-color":"","overlay-opacity":"","overlay-gradient":""},"tablet":{"background-color":"","background-image":"","background-repeat":"repeat","background-position":"center center","background-size":"auto","background-attachment":"scroll","background-type":"","background-media":"","overlay-type":"","overlay-color":"","overlay-opacity":"","overlay-gradient":""},"mobile":{"background-color":"","background-image":"","background-repeat":"repeat","background-position":"center center","background-size":"auto","background-attachment":"scroll","background-type":"","background-media":"","overlay-type":"","overlay-color":"","overlay-opacity":"","overlay-gradient":""}},"ast-content-background-meta":{"desktop":{"background-color":"var(--ast-global-color-5)","background-image":"","background-repeat":"repeat","background-position":"center center","background-size":"auto","background-attachment":"scroll","background-type":"","background-media":"","overlay-type":"","overlay-color":"","overlay-opacity":"","overlay-gradient":""},"tablet":{"background-color":"var(--ast-global-color-5)","background-image":"","background-repeat":"repeat","background-position":"center center","background-size":"auto","background-attachment":"scroll","background-type":"","background-media":"","overlay-type":"","overlay-color":"","overlay-opacity":"","overlay-gradient":""},"mobile":{"background-color":"var(--ast-global-color-5)","background-image":"","background-repeat":"repeat","background-position":"center center","background-size":"auto","background-attachment":"scroll","background-type":"","background-media":"","overlay-type":"","overlay-color":"","overlay-opacity":"","overlay-gradient":""}}},"product_brand":[],"product_cat":[63],"product_tag":[],"class_list":{"0":"post-64993","1":"product","2":"type-product","3":"status-publish","4":"has-post-thumbnail","6":"product_cat-haengelampe-leuchter","7":"pa_farbe-silber","8":"pa_material-metall","9":"pa_stil-design","10":"desktop-align-left","11":"tablet-align-left","12":"mobile-align-left","14":"first","15":"instock","16":"shipping-taxable","17":"purchasable","18":"product-type-simple"},"acf":[],"yoast_head":"<!-- This site is optimized with the Yoast SEO plugin v27.3 - https:\/\/yoast.com\/product\/yoast-seo-wordpress\/ -->\n<title>Tecnolumen HMB 25\/500 Z Bauhaus Pendelleuchte von Marianne Brandt | Vintage M\u00f6bel kaufen auf KURATO.CH<\/title>\n<meta name=\"description\" content=\"Entdecke Vintage M\u00f6bel &amp; Dekoration \u27a4 Tecnolumen HMB 25\/500 Z Bauhaus Pendelleuchte von Marianne Brandt auf Kurato. \u2713Lieferung Schweiz \u271314-Tage R\u00fcckgabe \u2713Secondhand Unikat\" \/>\n<meta name=\"robots\" content=\"index, follow, max-snippet:-1, max-image-preview:large, max-video-preview:-1\" \/>\n<link rel=\"canonical\" href=\"https:\/\/kurato.ch\/fr\/product\/tecnolumen-hmb-25-500-z-bauhaus-pendelleuchte-von-marianne-brandt\/\" \/>\n<meta property=\"og:locale\" content=\"fr_FR\" \/>\n<meta property=\"og:type\" content=\"article\" \/>\n<meta property=\"og:title\" content=\"Tecnolumen HMB 25\/500 Z Bauhaus Pendelleuchte von Marianne Brandt | Vintage M\u00f6bel kaufen auf KURATO.CH\" \/>\n<meta property=\"og:description\" content=\"Entdecke Vintage M\u00f6bel &amp; Dekoration \u27a4 Tecnolumen HMB 25\/500 Z Bauhaus Pendelleuchte von Marianne Brandt auf Kurato. \u2713Lieferung Schweiz \u271314-Tage R\u00fcckgabe \u2713Secondhand Unikat\" \/>\n<meta property=\"og:url\" content=\"https:\/\/kurato.ch\/fr\/product\/tecnolumen-hmb-25-500-z-bauhaus-pendelleuchte-von-marianne-brandt\/\" \/>\n<meta property=\"og:site_name\" content=\"Vintage M\u00f6bel &amp; Dekoration I Kurato\" \/>\n<meta property=\"article:publisher\" content=\"https:\/\/www.facebook.com\/kuratoswitzerland\" \/>\n<meta property=\"article:modified_time\" content=\"2026-02-08T15:18:15+00:00\" \/>\n<meta property=\"og:image\" content=\"https:\/\/kurato.ch\/wp-content\/uploads\/2024\/12\/Tecnolumen-HMB-25-500-Z-Bauhaus-Pendelleuchte-von-Marianne-Brandt-vintage-secondhand-gebraucht-schweiz-8.jpg\" \/>\n\t<meta property=\"og:image:width\" content=\"800\" \/>\n\t<meta property=\"og:image:height\" content=\"800\" \/>\n\t<meta property=\"og:image:type\" content=\"image\/jpeg\" \/>\n<script type=\"application\/ld+json\" class=\"yoast-schema-graph\">{\"@context\":\"https:\\\/\\\/schema.org\",\"@graph\":[{\"@type\":\"WebPage\",\"@id\":\"https:\\\/\\\/kurato.ch\\\/product\\\/tecnolumen-hmb-25-500-z-bauhaus-pendelleuchte-von-marianne-brandt\\\/\",\"url\":\"https:\\\/\\\/kurato.ch\\\/product\\\/tecnolumen-hmb-25-500-z-bauhaus-pendelleuchte-von-marianne-brandt\\\/\",\"name\":\"Tecnolumen HMB 25\\\/500 Z Bauhaus Pendelleuchte von Marianne Brandt | Vintage M\u00f6bel kaufen auf KURATO.CH\",\"isPartOf\":{\"@id\":\"https:\\\/\\\/kurato.ch\\\/#website\"},\"primaryImageOfPage\":{\"@id\":\"https:\\\/\\\/kurato.ch\\\/product\\\/tecnolumen-hmb-25-500-z-bauhaus-pendelleuchte-von-marianne-brandt\\\/#primaryimage\"},\"image\":{\"@id\":\"https:\\\/\\\/kurato.ch\\\/product\\\/tecnolumen-hmb-25-500-z-bauhaus-pendelleuchte-von-marianne-brandt\\\/#primaryimage\"},\"thumbnailUrl\":\"https:\\\/\\\/kurato.ch\\\/wp-content\\\/uploads\\\/2024\\\/12\\\/Tecnolumen-HMB-25-500-Z-Bauhaus-Pendelleuchte-von-Marianne-Brandt-vintage-secondhand-gebraucht-schweiz-8.jpg\",\"datePublished\":\"2024-12-26T08:37:45+00:00\",\"dateModified\":\"2026-02-08T15:18:15+00:00\",\"description\":\"Entdecke Vintage M\u00f6bel & Dekoration \u27a4 Tecnolumen HMB 25\\\/500 Z Bauhaus Pendelleuchte von Marianne Brandt auf Kurato. \u2713Lieferung Schweiz \u271314-Tage R\u00fcckgabe \u2713Secondhand Unikat\",\"breadcrumb\":{\"@id\":\"https:\\\/\\\/kurato.ch\\\/product\\\/tecnolumen-hmb-25-500-z-bauhaus-pendelleuchte-von-marianne-brandt\\\/#breadcrumb\"},\"inLanguage\":\"fr-FR\",\"potentialAction\":[{\"@type\":\"ReadAction\",\"target\":[\"https:\\\/\\\/kurato.ch\\\/product\\\/tecnolumen-hmb-25-500-z-bauhaus-pendelleuchte-von-marianne-brandt\\\/\"]}]},{\"@type\":\"ImageObject\",\"inLanguage\":\"fr-FR\",\"@id\":\"https:\\\/\\\/kurato.ch\\\/product\\\/tecnolumen-hmb-25-500-z-bauhaus-pendelleuchte-von-marianne-brandt\\\/#primaryimage\",\"url\":\"https:\\\/\\\/kurato.ch\\\/wp-content\\\/uploads\\\/2024\\\/12\\\/Tecnolumen-HMB-25-500-Z-Bauhaus-Pendelleuchte-von-Marianne-Brandt-vintage-secondhand-gebraucht-schweiz-8.jpg\",\"contentUrl\":\"https:\\\/\\\/kurato.ch\\\/wp-content\\\/uploads\\\/2024\\\/12\\\/Tecnolumen-HMB-25-500-Z-Bauhaus-Pendelleuchte-von-Marianne-Brandt-vintage-secondhand-gebraucht-schweiz-8.jpg\",\"width\":800,\"height\":800,\"caption\":\"Tecnolumen HMB 25\\\/500 Z Bauhaus Pendelleuchte von Marianne Brandt\"},{\"@type\":\"BreadcrumbList\",\"@id\":\"https:\\\/\\\/kurato.ch\\\/product\\\/tecnolumen-hmb-25-500-z-bauhaus-pendelleuchte-von-marianne-brandt\\\/#breadcrumb\",\"itemListElement\":[{\"@type\":\"ListItem\",\"position\":1,\"name\":\"Home\",\"item\":\"https:\\\/\\\/kurato.ch\\\/\"},{\"@type\":\"ListItem\",\"position\":2,\"name\":\"Neuheiten\",\"item\":\"https:\\\/\\\/kurato.ch\\\/neuheiten\\\/\"},{\"@type\":\"ListItem\",\"position\":3,\"name\":\"Tecnolumen HMB 25\\\/500 Z Bauhaus Pendelleuchte von Marianne Brandt\"}]},{\"@type\":\"WebSite\",\"@id\":\"https:\\\/\\\/kurato.ch\\\/#website\",\"url\":\"https:\\\/\\\/kurato.ch\\\/\",\"name\":\"Vintage M\u00f6bel &amp; Dekoration I Kurato\",\"description\":\"Vintage M\u00f6bel &amp; Dekoration I Kurato\",\"publisher\":{\"@id\":\"https:\\\/\\\/kurato.ch\\\/#organization\"},\"potentialAction\":[{\"@type\":\"SearchAction\",\"target\":{\"@type\":\"EntryPoint\",\"urlTemplate\":\"https:\\\/\\\/kurato.ch\\\/?s={search_term_string}\"},\"query-input\":{\"@type\":\"PropertyValueSpecification\",\"valueRequired\":true,\"valueName\":\"search_term_string\"}}],\"inLanguage\":\"fr-FR\"},{\"@type\":\"Organization\",\"@id\":\"https:\\\/\\\/kurato.ch\\\/#organization\",\"name\":\"Kurato.\",\"url\":\"https:\\\/\\\/kurato.ch\\\/\",\"logo\":{\"@type\":\"ImageObject\",\"inLanguage\":\"fr-FR\",\"@id\":\"https:\\\/\\\/kurato.ch\\\/#\\\/schema\\\/logo\\\/image\\\/\",\"url\":\"\",\"contentUrl\":\"\",\"caption\":\"Kurato.\"},\"image\":{\"@id\":\"https:\\\/\\\/kurato.ch\\\/#\\\/schema\\\/logo\\\/image\\\/\"},\"sameAs\":[\"https:\\\/\\\/www.facebook.com\\\/kuratoswitzerland\",\"https:\\\/\\\/www.instagram.com\\\/kurato.ch\\\/\",\"https:\\\/\\\/www.pinterest.ch\\\/kurato_ch\\\/_created\\\/\"]}]}<\/script>\n<!-- \/ Yoast SEO plugin. -->","yoast_head_json":{"title":"Tecnolumen HMB 25\/500 Z Bauhaus Pendelleuchte von Marianne Brandt | Vintage M\u00f6bel kaufen auf KURATO.CH","description":"Entdecke Vintage M\u00f6bel & Dekoration \u27a4 Tecnolumen HMB 25\/500 Z Bauhaus Pendelleuchte von Marianne Brandt auf Kurato. \u2713Lieferung Schweiz \u271314-Tage R\u00fcckgabe \u2713Secondhand Unikat","robots":{"index":"index","follow":"follow","max-snippet":"max-snippet:-1","max-image-preview":"max-image-preview:large","max-video-preview":"max-video-preview:-1"},"canonical":"https:\/\/kurato.ch\/fr\/product\/tecnolumen-hmb-25-500-z-bauhaus-pendelleuchte-von-marianne-brandt\/","og_locale":"fr_FR","og_type":"article","og_title":"Tecnolumen HMB 25\/500 Z Bauhaus Pendelleuchte von Marianne Brandt | Vintage M\u00f6bel kaufen auf KURATO.CH","og_description":"Entdecke Vintage M\u00f6bel & Dekoration \u27a4 Tecnolumen HMB 25\/500 Z Bauhaus Pendelleuchte von Marianne Brandt auf Kurato. \u2713Lieferung Schweiz \u271314-Tage R\u00fcckgabe \u2713Secondhand Unikat","og_url":"https:\/\/kurato.ch\/fr\/product\/tecnolumen-hmb-25-500-z-bauhaus-pendelleuchte-von-marianne-brandt\/","og_site_name":"Vintage M\u00f6bel &amp; Dekoration I Kurato","article_publisher":"https:\/\/www.facebook.com\/kuratoswitzerland","article_modified_time":"2026-02-08T15:18:15+00:00","og_image":[{"width":800,"height":800,"url":"https:\/\/kurato.ch\/wp-content\/uploads\/2024\/12\/Tecnolumen-HMB-25-500-Z-Bauhaus-Pendelleuchte-von-Marianne-Brandt-vintage-secondhand-gebraucht-schweiz-8.jpg","type":"image\/jpeg"}],"schema":{"@context":"https:\/\/schema.org","@graph":[{"@type":"WebPage","@id":"https:\/\/kurato.ch\/product\/tecnolumen-hmb-25-500-z-bauhaus-pendelleuchte-von-marianne-brandt\/","url":"https:\/\/kurato.ch\/product\/tecnolumen-hmb-25-500-z-bauhaus-pendelleuchte-von-marianne-brandt\/","name":"Tecnolumen HMB 25\/500 Z Bauhaus Pendelleuchte von Marianne Brandt | Vintage M\u00f6bel kaufen auf KURATO.CH","isPartOf":{"@id":"https:\/\/kurato.ch\/#website"},"primaryImageOfPage":{"@id":"https:\/\/kurato.ch\/product\/tecnolumen-hmb-25-500-z-bauhaus-pendelleuchte-von-marianne-brandt\/#primaryimage"},"image":{"@id":"https:\/\/kurato.ch\/product\/tecnolumen-hmb-25-500-z-bauhaus-pendelleuchte-von-marianne-brandt\/#primaryimage"},"thumbnailUrl":"https:\/\/kurato.ch\/wp-content\/uploads\/2024\/12\/Tecnolumen-HMB-25-500-Z-Bauhaus-Pendelleuchte-von-Marianne-Brandt-vintage-secondhand-gebraucht-schweiz-8.jpg","datePublished":"2024-12-26T08:37:45+00:00","dateModified":"2026-02-08T15:18:15+00:00","description":"Entdecke Vintage M\u00f6bel & Dekoration \u27a4 Tecnolumen HMB 25\/500 Z Bauhaus Pendelleuchte von Marianne Brandt auf Kurato. \u2713Lieferung Schweiz \u271314-Tage R\u00fcckgabe \u2713Secondhand Unikat","breadcrumb":{"@id":"https:\/\/kurato.ch\/product\/tecnolumen-hmb-25-500-z-bauhaus-pendelleuchte-von-marianne-brandt\/#breadcrumb"},"inLanguage":"fr-FR","potentialAction":[{"@type":"ReadAction","target":["https:\/\/kurato.ch\/product\/tecnolumen-hmb-25-500-z-bauhaus-pendelleuchte-von-marianne-brandt\/"]}]},{"@type":"ImageObject","inLanguage":"fr-FR","@id":"https:\/\/kurato.ch\/product\/tecnolumen-hmb-25-500-z-bauhaus-pendelleuchte-von-marianne-brandt\/#primaryimage","url":"https:\/\/kurato.ch\/wp-content\/uploads\/2024\/12\/Tecnolumen-HMB-25-500-Z-Bauhaus-Pendelleuchte-von-Marianne-Brandt-vintage-secondhand-gebraucht-schweiz-8.jpg","contentUrl":"https:\/\/kurato.ch\/wp-content\/uploads\/2024\/12\/Tecnolumen-HMB-25-500-Z-Bauhaus-Pendelleuchte-von-Marianne-Brandt-vintage-secondhand-gebraucht-schweiz-8.jpg","width":800,"height":800,"caption":"Tecnolumen HMB 25\/500 Z Bauhaus Pendelleuchte von Marianne Brandt"},{"@type":"BreadcrumbList","@id":"https:\/\/kurato.ch\/product\/tecnolumen-hmb-25-500-z-bauhaus-pendelleuchte-von-marianne-brandt\/#breadcrumb","itemListElement":[{"@type":"ListItem","position":1,"name":"Home","item":"https:\/\/kurato.ch\/"},{"@type":"ListItem","position":2,"name":"Neuheiten","item":"https:\/\/kurato.ch\/neuheiten\/"},{"@type":"ListItem","position":3,"name":"Tecnolumen HMB 25\/500 Z Bauhaus Pendelleuchte von Marianne Brandt"}]},{"@type":"WebSite","@id":"https:\/\/kurato.ch\/#website","url":"https:\/\/kurato.ch\/","name":"Meubles vintage &amp; d\u00e9coration I Kurato","description":"Meubles vintage &amp; d\u00e9coration I Kurato","publisher":{"@id":"https:\/\/kurato.ch\/#organization"},"potentialAction":[{"@type":"SearchAction","target":{"@type":"EntryPoint","urlTemplate":"https:\/\/kurato.ch\/?s={search_term_string}"},"query-input":{"@type":"PropertyValueSpecification","valueRequired":true,"valueName":"search_term_string"}}],"inLanguage":"fr-FR"},{"@type":"Organization","@id":"https:\/\/kurato.ch\/#organization","name":"Kurato.","url":"https:\/\/kurato.ch\/","logo":{"@type":"ImageObject","inLanguage":"fr-FR","@id":"https:\/\/kurato.ch\/#\/schema\/logo\/image\/","url":"","contentUrl":"","caption":"Kurato."},"image":{"@id":"https:\/\/kurato.ch\/#\/schema\/logo\/image\/"},"sameAs":["https:\/\/www.facebook.com\/kuratoswitzerland","https:\/\/www.instagram.com\/kurato.ch\/","https:\/\/www.pinterest.ch\/kurato_ch\/_created\/"]}]}},"_links":{"self":[{"href":"https:\/\/kurato.ch\/fr\/wp-json\/wp\/v2\/product\/64993","targetHints":{"allow":["GET"]}}],"collection":[{"href":"https:\/\/kurato.ch\/fr\/wp-json\/wp\/v2\/product"}],"about":[{"href":"https:\/\/kurato.ch\/fr\/wp-json\/wp\/v2\/types\/product"}],"wp:featuredmedia":[{"embeddable":true,"href":"https:\/\/kurato.ch\/fr\/wp-json\/wp\/v2\/media\/65360"}],"wp:attachment":[{"href":"https:\/\/kurato.ch\/fr\/wp-json\/wp\/v2\/media?parent=64993"}],"wp:term":[{"taxonomy":"product_brand","embeddable":true,"href":"https:\/\/kurato.ch\/fr\/wp-json\/wp\/v2\/product_brand?post=64993"},{"taxonomy":"product_cat","embeddable":true,"href":"https:\/\/kurato.ch\/fr\/wp-json\/wp\/v2\/product_cat?post=64993"},{"taxonomy":"product_tag","embeddable":true,"href":"https:\/\/kurato.ch\/fr\/wp-json\/wp\/v2\/product_tag?post=64993"}],"curies":[{"name":"wp","href":"https:\/\/api.w.org\/{rel}","templated":true}]}}