{"id":65218,"date":"2024-12-18T21:18:26","date_gmt":"2024-12-18T19:18:26","guid":{"rendered":"https:\/\/kurato.ch\/fr\/?post_type=product&#038;p=65218"},"modified":"2024-12-18T21:18:27","modified_gmt":"2024-12-18T19:18:27","slug":"van-hamme-sessel-modell-lexcessif-mit-poufs","status":"publish","type":"product","link":"https:\/\/kurato.ch\/fr\/product\/van-hamme-sessel-modell-lexcessif-mit-poufs\/","title":{"rendered":"VAN HAMME-SESSEL, MODELL \u201eL&#8217;EXCESSIF\u201c MIT POUFS"},"content":{"rendered":"<p>Sehr gro\u00dfe Sessel, die f\u00fcr eine Fernsehecke gekauft wurden. Nach einem Umbau mussten wir andere, kleinere Sessel kaufen. Die Qualit\u00e4t der Verarbeitung ist au\u00dfergew\u00f6hnlich gut, der Stoff schimmert mehrfarbig und ist sehr bequem. Wir brauchen dringend Platz, wo die Sessel vor\u00fcbergehend gelagert werden, und deshalb bieten wir einen so g\u00fcnstigen Preis an. Wir haben die Originalrechnung (CHF 17&#8217;700.-).<br \/>Die genauen Masse der Sessel sind: Breite: 116 cm. H\u00f6he: 80 cm. Tiefe: 140<br \/>cm.<br \/>Die Masse der Hocker: Breite: 116 cm. Tiefe: 116 cm H\u00f6he: 40 cm.<\/p>\n<p>Preis:\u00a0 CHF 1500.00 (pro 1 Sessel und 1 Hocker)<\/p>","protected":false},"excerpt":{"rendered":"<p>Sehr gro\u00dfe Sessel, die f\u00fcr eine Fernsehecke gekauft wurden. Nach einem Umbau mussten wir andere, kleinere Sessel kaufen. Die Qualit\u00e4t der Verarbeitung ist au\u00dfergew\u00f6hnlich gut, der Stoff schimmert mehrfarbig und ist sehr bequem. Wir brauchen dringend Platz, wo die Sessel vor\u00fcbergehend gelagert werden, und deshalb bieten wir einen so g\u00fcnstigen Preis an. Wir haben die [&hellip;]<\/p>\n","protected":false},"featured_media":65224,"template":"","meta":{"_acf_changed":false,"site-sidebar-layout":"default","site-content-layout":"","ast-site-content-layout":"default","site-content-style":"default","site-sidebar-style":"default","ast-global-header-display":"","ast-banner-title-visibility":"","ast-main-header-display":"","ast-hfb-above-header-display":"","ast-hfb-below-header-display":"","ast-hfb-mobile-header-display":"","site-post-title":"","ast-breadcrumbs-content":"","ast-featured-img":"","footer-sml-layout":"","ast-disable-related-posts":"","theme-transparent-header-meta":"","adv-header-id-meta":"","stick-header-meta":"","header-above-stick-meta":"","header-main-stick-meta":"","header-below-stick-meta":"","astra-migrate-meta-layouts":"default","ast-page-background-enabled":"default","ast-page-background-meta":{"desktop":{"background-color":"","background-image":"","background-repeat":"repeat","background-position":"center center","background-size":"auto","background-attachment":"scroll","background-type":"","background-media":"","overlay-type":"","overlay-color":"","overlay-opacity":"","overlay-gradient":""},"tablet":{"background-color":"","background-image":"","background-repeat":"repeat","background-position":"center center","background-size":"auto","background-attachment":"scroll","background-type":"","background-media":"","overlay-type":"","overlay-color":"","overlay-opacity":"","overlay-gradient":""},"mobile":{"background-color":"","background-image":"","background-repeat":"repeat","background-position":"center center","background-size":"auto","background-attachment":"scroll","background-type":"","background-media":"","overlay-type":"","overlay-color":"","overlay-opacity":"","overlay-gradient":""}},"ast-content-background-meta":{"desktop":{"background-color":"var(--ast-global-color-5)","background-image":"","background-repeat":"repeat","background-position":"center center","background-size":"auto","background-attachment":"scroll","background-type":"","background-media":"","overlay-type":"","overlay-color":"","overlay-opacity":"","overlay-gradient":""},"tablet":{"background-color":"var(--ast-global-color-5)","background-image":"","background-repeat":"repeat","background-position":"center center","background-size":"auto","background-attachment":"scroll","background-type":"","background-media":"","overlay-type":"","overlay-color":"","overlay-opacity":"","overlay-gradient":""},"mobile":{"background-color":"var(--ast-global-color-5)","background-image":"","background-repeat":"repeat","background-position":"center center","background-size":"auto","background-attachment":"scroll","background-type":"","background-media":"","overlay-type":"","overlay-color":"","overlay-opacity":"","overlay-gradient":""}}},"product_brand":[],"product_cat":[155,152],"product_tag":[],"class_list":{"0":"post-65218","1":"product","2":"type-product","3":"status-publish","4":"has-post-thumbnail","6":"product_cat-vintage-sessel","7":"product_cat-vintage-sessel-liege","8":"pa_farbe-mehrfarbig","9":"pa_material-samt","10":"pa_stil-zeitgenossisch","11":"desktop-align-left","12":"tablet-align-left","13":"mobile-align-left","15":"first","16":"instock","17":"shipping-taxable","18":"purchasable","19":"product-type-simple"},"acf":[],"yoast_head":"<!-- This site is optimized with the Yoast SEO plugin v27.3 - https:\/\/yoast.com\/product\/yoast-seo-wordpress\/ -->\n<title>VAN HAMME-SESSEL, MODELL \u201eL&#039;EXCESSIF\u201c MIT POUFS | Vintage M\u00f6bel kaufen auf KURATO.CH<\/title>\n<meta name=\"description\" content=\"Entdecke Vintage M\u00f6bel &amp; Dekoration \u27a4 VAN HAMME-SESSEL, MODELL \u201eL&#039;EXCESSIF\u201c MIT POUFS auf Kurato. \u2713Lieferung Schweiz \u271314-Tage R\u00fcckgabe \u2713Secondhand Unikat\" \/>\n<meta name=\"robots\" content=\"index, follow, max-snippet:-1, max-image-preview:large, max-video-preview:-1\" \/>\n<link rel=\"canonical\" href=\"https:\/\/kurato.ch\/fr\/product\/van-hamme-sessel-modell-lexcessif-mit-poufs\/\" \/>\n<meta property=\"og:locale\" content=\"fr_FR\" \/>\n<meta property=\"og:type\" content=\"article\" \/>\n<meta property=\"og:title\" content=\"VAN HAMME-SESSEL, MODELL \u201eL&#039;EXCESSIF\u201c MIT POUFS | Vintage M\u00f6bel kaufen auf KURATO.CH\" \/>\n<meta property=\"og:description\" content=\"Entdecke Vintage M\u00f6bel &amp; Dekoration \u27a4 VAN HAMME-SESSEL, MODELL \u201eL&#039;EXCESSIF\u201c MIT POUFS auf Kurato. \u2713Lieferung Schweiz \u271314-Tage R\u00fcckgabe \u2713Secondhand Unikat\" \/>\n<meta property=\"og:url\" content=\"https:\/\/kurato.ch\/fr\/product\/van-hamme-sessel-modell-lexcessif-mit-poufs\/\" \/>\n<meta property=\"og:site_name\" content=\"Vintage M\u00f6bel &amp; Dekoration I Kurato\" \/>\n<meta property=\"article:publisher\" content=\"https:\/\/www.facebook.com\/kuratoswitzerland\" \/>\n<meta property=\"article:modified_time\" content=\"2024-12-18T19:18:27+00:00\" \/>\n<meta property=\"og:image\" content=\"https:\/\/kurato.ch\/wp-content\/uploads\/2024\/12\/VAN-HAMME-SESSEL-MODELL-\u201eLEXCESSIF-MIT-POUFS-vintage-secondhand-gebraucht-schweiz-8.jpg\" \/>\n\t<meta property=\"og:image:width\" content=\"800\" \/>\n\t<meta property=\"og:image:height\" content=\"800\" \/>\n\t<meta property=\"og:image:type\" content=\"image\/jpeg\" \/>\n<script type=\"application\/ld+json\" class=\"yoast-schema-graph\">{\"@context\":\"https:\\\/\\\/schema.org\",\"@graph\":[{\"@type\":\"WebPage\",\"@id\":\"https:\\\/\\\/kurato.ch\\\/product\\\/van-hamme-sessel-modell-lexcessif-mit-poufs\\\/\",\"url\":\"https:\\\/\\\/kurato.ch\\\/product\\\/van-hamme-sessel-modell-lexcessif-mit-poufs\\\/\",\"name\":\"VAN HAMME-SESSEL, MODELL \u201eL'EXCESSIF\u201c MIT POUFS | Vintage M\u00f6bel kaufen auf KURATO.CH\",\"isPartOf\":{\"@id\":\"https:\\\/\\\/kurato.ch\\\/#website\"},\"primaryImageOfPage\":{\"@id\":\"https:\\\/\\\/kurato.ch\\\/product\\\/van-hamme-sessel-modell-lexcessif-mit-poufs\\\/#primaryimage\"},\"image\":{\"@id\":\"https:\\\/\\\/kurato.ch\\\/product\\\/van-hamme-sessel-modell-lexcessif-mit-poufs\\\/#primaryimage\"},\"thumbnailUrl\":\"https:\\\/\\\/kurato.ch\\\/wp-content\\\/uploads\\\/2024\\\/12\\\/VAN-HAMME-SESSEL-MODELL-\u201eLEXCESSIF-MIT-POUFS-vintage-secondhand-gebraucht-schweiz-8.jpg\",\"datePublished\":\"2024-12-18T19:18:26+00:00\",\"dateModified\":\"2024-12-18T19:18:27+00:00\",\"description\":\"Entdecke Vintage M\u00f6bel & Dekoration \u27a4 VAN HAMME-SESSEL, MODELL \u201eL'EXCESSIF\u201c MIT POUFS auf Kurato. \u2713Lieferung Schweiz \u271314-Tage R\u00fcckgabe \u2713Secondhand Unikat\",\"breadcrumb\":{\"@id\":\"https:\\\/\\\/kurato.ch\\\/product\\\/van-hamme-sessel-modell-lexcessif-mit-poufs\\\/#breadcrumb\"},\"inLanguage\":\"fr-FR\",\"potentialAction\":[{\"@type\":\"ReadAction\",\"target\":[\"https:\\\/\\\/kurato.ch\\\/product\\\/van-hamme-sessel-modell-lexcessif-mit-poufs\\\/\"]}]},{\"@type\":\"ImageObject\",\"inLanguage\":\"fr-FR\",\"@id\":\"https:\\\/\\\/kurato.ch\\\/product\\\/van-hamme-sessel-modell-lexcessif-mit-poufs\\\/#primaryimage\",\"url\":\"https:\\\/\\\/kurato.ch\\\/wp-content\\\/uploads\\\/2024\\\/12\\\/VAN-HAMME-SESSEL-MODELL-\u201eLEXCESSIF-MIT-POUFS-vintage-secondhand-gebraucht-schweiz-8.jpg\",\"contentUrl\":\"https:\\\/\\\/kurato.ch\\\/wp-content\\\/uploads\\\/2024\\\/12\\\/VAN-HAMME-SESSEL-MODELL-\u201eLEXCESSIF-MIT-POUFS-vintage-secondhand-gebraucht-schweiz-8.jpg\",\"width\":800,\"height\":800,\"caption\":\"VAN HAMME-SESSEL, MODELL \u201eL'EXCESSIF\u201c MIT POUFS\"},{\"@type\":\"BreadcrumbList\",\"@id\":\"https:\\\/\\\/kurato.ch\\\/product\\\/van-hamme-sessel-modell-lexcessif-mit-poufs\\\/#breadcrumb\",\"itemListElement\":[{\"@type\":\"ListItem\",\"position\":1,\"name\":\"Home\",\"item\":\"https:\\\/\\\/kurato.ch\\\/\"},{\"@type\":\"ListItem\",\"position\":2,\"name\":\"Neuheiten\",\"item\":\"https:\\\/\\\/kurato.ch\\\/neuheiten\\\/\"},{\"@type\":\"ListItem\",\"position\":3,\"name\":\"VAN HAMME-SESSEL, MODELL \u201eL&#8217;EXCESSIF\u201c MIT POUFS\"}]},{\"@type\":\"WebSite\",\"@id\":\"https:\\\/\\\/kurato.ch\\\/#website\",\"url\":\"https:\\\/\\\/kurato.ch\\\/\",\"name\":\"Vintage M\u00f6bel &amp; Dekoration I Kurato\",\"description\":\"Vintage M\u00f6bel &amp; Dekoration I Kurato\",\"publisher\":{\"@id\":\"https:\\\/\\\/kurato.ch\\\/#organization\"},\"potentialAction\":[{\"@type\":\"SearchAction\",\"target\":{\"@type\":\"EntryPoint\",\"urlTemplate\":\"https:\\\/\\\/kurato.ch\\\/?s={search_term_string}\"},\"query-input\":{\"@type\":\"PropertyValueSpecification\",\"valueRequired\":true,\"valueName\":\"search_term_string\"}}],\"inLanguage\":\"fr-FR\"},{\"@type\":\"Organization\",\"@id\":\"https:\\\/\\\/kurato.ch\\\/#organization\",\"name\":\"Kurato.\",\"url\":\"https:\\\/\\\/kurato.ch\\\/\",\"logo\":{\"@type\":\"ImageObject\",\"inLanguage\":\"fr-FR\",\"@id\":\"https:\\\/\\\/kurato.ch\\\/#\\\/schema\\\/logo\\\/image\\\/\",\"url\":\"\",\"contentUrl\":\"\",\"caption\":\"Kurato.\"},\"image\":{\"@id\":\"https:\\\/\\\/kurato.ch\\\/#\\\/schema\\\/logo\\\/image\\\/\"},\"sameAs\":[\"https:\\\/\\\/www.facebook.com\\\/kuratoswitzerland\",\"https:\\\/\\\/www.instagram.com\\\/kurato.ch\\\/\",\"https:\\\/\\\/www.pinterest.ch\\\/kurato_ch\\\/_created\\\/\"]}]}<\/script>\n<!-- \/ Yoast SEO plugin. -->","yoast_head_json":{"title":"VAN HAMME-SESSEL, MODELL \u201eL'EXCESSIF\u201c MIT POUFS | Vintage M\u00f6bel kaufen auf KURATO.CH","description":"Entdecke Vintage M\u00f6bel & Dekoration \u27a4 VAN HAMME-SESSEL, MODELL \u201eL'EXCESSIF\u201c MIT POUFS auf Kurato. \u2713Lieferung Schweiz \u271314-Tage R\u00fcckgabe \u2713Secondhand Unikat","robots":{"index":"index","follow":"follow","max-snippet":"max-snippet:-1","max-image-preview":"max-image-preview:large","max-video-preview":"max-video-preview:-1"},"canonical":"https:\/\/kurato.ch\/fr\/product\/van-hamme-sessel-modell-lexcessif-mit-poufs\/","og_locale":"fr_FR","og_type":"article","og_title":"VAN HAMME-SESSEL, MODELL \u201eL'EXCESSIF\u201c MIT POUFS | Vintage M\u00f6bel kaufen auf KURATO.CH","og_description":"Entdecke Vintage M\u00f6bel & Dekoration \u27a4 VAN HAMME-SESSEL, MODELL \u201eL'EXCESSIF\u201c MIT POUFS auf Kurato. \u2713Lieferung Schweiz \u271314-Tage R\u00fcckgabe \u2713Secondhand Unikat","og_url":"https:\/\/kurato.ch\/fr\/product\/van-hamme-sessel-modell-lexcessif-mit-poufs\/","og_site_name":"Vintage M\u00f6bel &amp; Dekoration I Kurato","article_publisher":"https:\/\/www.facebook.com\/kuratoswitzerland","article_modified_time":"2024-12-18T19:18:27+00:00","og_image":[{"width":800,"height":800,"url":"https:\/\/kurato.ch\/wp-content\/uploads\/2024\/12\/VAN-HAMME-SESSEL-MODELL-\u201eLEXCESSIF-MIT-POUFS-vintage-secondhand-gebraucht-schweiz-8.jpg","type":"image\/jpeg"}],"schema":{"@context":"https:\/\/schema.org","@graph":[{"@type":"WebPage","@id":"https:\/\/kurato.ch\/product\/van-hamme-sessel-modell-lexcessif-mit-poufs\/","url":"https:\/\/kurato.ch\/product\/van-hamme-sessel-modell-lexcessif-mit-poufs\/","name":"VAN HAMME-SESSEL, MODELL \u201eL'EXCESSIF\u201c MIT POUFS | Vintage M\u00f6bel kaufen auf KURATO.CH","isPartOf":{"@id":"https:\/\/kurato.ch\/#website"},"primaryImageOfPage":{"@id":"https:\/\/kurato.ch\/product\/van-hamme-sessel-modell-lexcessif-mit-poufs\/#primaryimage"},"image":{"@id":"https:\/\/kurato.ch\/product\/van-hamme-sessel-modell-lexcessif-mit-poufs\/#primaryimage"},"thumbnailUrl":"https:\/\/kurato.ch\/wp-content\/uploads\/2024\/12\/VAN-HAMME-SESSEL-MODELL-\u201eLEXCESSIF-MIT-POUFS-vintage-secondhand-gebraucht-schweiz-8.jpg","datePublished":"2024-12-18T19:18:26+00:00","dateModified":"2024-12-18T19:18:27+00:00","description":"Entdecke Vintage M\u00f6bel & Dekoration \u27a4 VAN HAMME-SESSEL, MODELL \u201eL'EXCESSIF\u201c MIT POUFS auf Kurato. \u2713Lieferung Schweiz \u271314-Tage R\u00fcckgabe \u2713Secondhand Unikat","breadcrumb":{"@id":"https:\/\/kurato.ch\/product\/van-hamme-sessel-modell-lexcessif-mit-poufs\/#breadcrumb"},"inLanguage":"fr-FR","potentialAction":[{"@type":"ReadAction","target":["https:\/\/kurato.ch\/product\/van-hamme-sessel-modell-lexcessif-mit-poufs\/"]}]},{"@type":"ImageObject","inLanguage":"fr-FR","@id":"https:\/\/kurato.ch\/product\/van-hamme-sessel-modell-lexcessif-mit-poufs\/#primaryimage","url":"https:\/\/kurato.ch\/wp-content\/uploads\/2024\/12\/VAN-HAMME-SESSEL-MODELL-\u201eLEXCESSIF-MIT-POUFS-vintage-secondhand-gebraucht-schweiz-8.jpg","contentUrl":"https:\/\/kurato.ch\/wp-content\/uploads\/2024\/12\/VAN-HAMME-SESSEL-MODELL-\u201eLEXCESSIF-MIT-POUFS-vintage-secondhand-gebraucht-schweiz-8.jpg","width":800,"height":800,"caption":"VAN HAMME-SESSEL, MODELL \u201eL'EXCESSIF\u201c MIT POUFS"},{"@type":"BreadcrumbList","@id":"https:\/\/kurato.ch\/product\/van-hamme-sessel-modell-lexcessif-mit-poufs\/#breadcrumb","itemListElement":[{"@type":"ListItem","position":1,"name":"Home","item":"https:\/\/kurato.ch\/"},{"@type":"ListItem","position":2,"name":"Neuheiten","item":"https:\/\/kurato.ch\/neuheiten\/"},{"@type":"ListItem","position":3,"name":"VAN HAMME-SESSEL, MODELL \u201eL&#8217;EXCESSIF\u201c MIT POUFS"}]},{"@type":"WebSite","@id":"https:\/\/kurato.ch\/#website","url":"https:\/\/kurato.ch\/","name":"Meubles vintage &amp; d\u00e9coration I Kurato","description":"Meubles vintage &amp; d\u00e9coration I Kurato","publisher":{"@id":"https:\/\/kurato.ch\/#organization"},"potentialAction":[{"@type":"SearchAction","target":{"@type":"EntryPoint","urlTemplate":"https:\/\/kurato.ch\/?s={search_term_string}"},"query-input":{"@type":"PropertyValueSpecification","valueRequired":true,"valueName":"search_term_string"}}],"inLanguage":"fr-FR"},{"@type":"Organization","@id":"https:\/\/kurato.ch\/#organization","name":"Kurato.","url":"https:\/\/kurato.ch\/","logo":{"@type":"ImageObject","inLanguage":"fr-FR","@id":"https:\/\/kurato.ch\/#\/schema\/logo\/image\/","url":"","contentUrl":"","caption":"Kurato."},"image":{"@id":"https:\/\/kurato.ch\/#\/schema\/logo\/image\/"},"sameAs":["https:\/\/www.facebook.com\/kuratoswitzerland","https:\/\/www.instagram.com\/kurato.ch\/","https:\/\/www.pinterest.ch\/kurato_ch\/_created\/"]}]}},"_links":{"self":[{"href":"https:\/\/kurato.ch\/fr\/wp-json\/wp\/v2\/product\/65218","targetHints":{"allow":["GET"]}}],"collection":[{"href":"https:\/\/kurato.ch\/fr\/wp-json\/wp\/v2\/product"}],"about":[{"href":"https:\/\/kurato.ch\/fr\/wp-json\/wp\/v2\/types\/product"}],"wp:featuredmedia":[{"embeddable":true,"href":"https:\/\/kurato.ch\/fr\/wp-json\/wp\/v2\/media\/65224"}],"wp:attachment":[{"href":"https:\/\/kurato.ch\/fr\/wp-json\/wp\/v2\/media?parent=65218"}],"wp:term":[{"taxonomy":"product_brand","embeddable":true,"href":"https:\/\/kurato.ch\/fr\/wp-json\/wp\/v2\/product_brand?post=65218"},{"taxonomy":"product_cat","embeddable":true,"href":"https:\/\/kurato.ch\/fr\/wp-json\/wp\/v2\/product_cat?post=65218"},{"taxonomy":"product_tag","embeddable":true,"href":"https:\/\/kurato.ch\/fr\/wp-json\/wp\/v2\/product_tag?post=65218"}],"curies":[{"name":"wp","href":"https:\/\/api.w.org\/{rel}","templated":true}]}}