{"id":65751,"date":"2025-02-14T11:03:26","date_gmt":"2025-02-14T09:03:26","guid":{"rendered":"https:\/\/kurato.ch\/?post_type=product&#038;p=65751"},"modified":"2025-02-14T11:13:23","modified_gmt":"2025-02-14T09:13:23","slug":"designer-drehstuehle-moderner-stuhl-anthrazit-filz","status":"publish","type":"product","link":"https:\/\/kurato.ch\/fr\/product\/designer-drehstuehle-moderner-stuhl-anthrazit-filz\/","title":{"rendered":"Designer Drehst\u00fchle &#8211; moderner Stuhl Anthrazit Filz"},"content":{"rendered":"<p>St\u00fchle (8x)<\/p>\n<p>Maple Stativ mit Armlehnen geschlossen<br \/>Uni Bezug Stoff Future middengrijs 1001<br \/>Untergestell BP 100 anthrazit<br \/>Inkl. Fleckschutzbehandlung Top Care<br \/>Die St\u00fchle sind drehbar.<br \/>St\u00fchle sind ebenfalls in einem sehr guten Zustand.<\/p>\n<p>Table<br \/>Der passende Tisch (vgl. Abbildung) steht ebenfalls zum Verkauf.<br \/>Wichtig: der abgebildete Tisch ist NICHT Teil dieses Angebots.<\/p>\n<p>Der Preis f\u00fcr die St\u00fchle ist f\u00fcr das Set mit 8 St\u00fchlen<\/p>\n<p>F\u00fcr Lieferung bitte KURATO kontaktieren: Tel. 079 350 19 88<\/p>","protected":false},"excerpt":{"rendered":"<p>St\u00fchle (8x) Maple Stativ mit Armlehnen geschlossenUni Bezug Stoff Future middengrijs 1001Untergestell BP 100 anthrazitInkl. Fleckschutzbehandlung Top CareDie St\u00fchle sind drehbar.St\u00fchle sind ebenfalls in einem sehr guten Zustand. TischDer passende Tisch (vgl. Abbildung) steht ebenfalls zum Verkauf.Wichtig: der abgebildete Tisch ist NICHT Teil dieses Angebots. Der Preis f\u00fcr die St\u00fchle ist f\u00fcr das Set mit [&hellip;]<\/p>\n","protected":false},"featured_media":66132,"template":"","meta":{"_acf_changed":false,"site-sidebar-layout":"default","site-content-layout":"","ast-site-content-layout":"default","site-content-style":"default","site-sidebar-style":"default","ast-global-header-display":"","ast-banner-title-visibility":"","ast-main-header-display":"","ast-hfb-above-header-display":"","ast-hfb-below-header-display":"","ast-hfb-mobile-header-display":"","site-post-title":"","ast-breadcrumbs-content":"","ast-featured-img":"","footer-sml-layout":"","ast-disable-related-posts":"","theme-transparent-header-meta":"","adv-header-id-meta":"","stick-header-meta":"","header-above-stick-meta":"","header-main-stick-meta":"","header-below-stick-meta":"","astra-migrate-meta-layouts":"default","ast-page-background-enabled":"default","ast-page-background-meta":{"desktop":{"background-color":"","background-image":"","background-repeat":"repeat","background-position":"center center","background-size":"auto","background-attachment":"scroll","background-type":"","background-media":"","overlay-type":"","overlay-color":"","overlay-opacity":"","overlay-gradient":""},"tablet":{"background-color":"","background-image":"","background-repeat":"repeat","background-position":"center center","background-size":"auto","background-attachment":"scroll","background-type":"","background-media":"","overlay-type":"","overlay-color":"","overlay-opacity":"","overlay-gradient":""},"mobile":{"background-color":"","background-image":"","background-repeat":"repeat","background-position":"center center","background-size":"auto","background-attachment":"scroll","background-type":"","background-media":"","overlay-type":"","overlay-color":"","overlay-opacity":"","overlay-gradient":""}},"ast-content-background-meta":{"desktop":{"background-color":"var(--ast-global-color-5)","background-image":"","background-repeat":"repeat","background-position":"center center","background-size":"auto","background-attachment":"scroll","background-type":"","background-media":"","overlay-type":"","overlay-color":"","overlay-opacity":"","overlay-gradient":""},"tablet":{"background-color":"var(--ast-global-color-5)","background-image":"","background-repeat":"repeat","background-position":"center center","background-size":"auto","background-attachment":"scroll","background-type":"","background-media":"","overlay-type":"","overlay-color":"","overlay-opacity":"","overlay-gradient":""},"mobile":{"background-color":"var(--ast-global-color-5)","background-image":"","background-repeat":"repeat","background-position":"center center","background-size":"auto","background-attachment":"scroll","background-type":"","background-media":"","overlay-type":"","overlay-color":"","overlay-opacity":"","overlay-gradient":""}}},"product_brand":[],"product_cat":[164,165,163],"product_tag":[],"class_list":{"0":"post-65751","1":"product","2":"type-product","3":"status-publish","4":"has-post-thumbnail","6":"product_cat-vintage-buerostuhl","7":"product_cat-vintage-esszimmerstuehle","8":"product_cat-vintage-stuhl","9":"pa_farbe-grau","10":"pa_material-metall","11":"pa_material-stoff","12":"pa_stil-zeitgenossisch","13":"desktop-align-left","14":"tablet-align-left","15":"mobile-align-left","17":"first","18":"instock","19":"sold-individually","20":"shipping-taxable","21":"purchasable","22":"product-type-simple"},"acf":[],"yoast_head":"<!-- This site is optimized with the Yoast SEO plugin v27.3 - https:\/\/yoast.com\/product\/yoast-seo-wordpress\/ -->\n<title>Designer Drehst\u00fchle - moderner Stuhl Anthrazit Filz | Vintage M\u00f6bel kaufen auf KURATO.CH<\/title>\n<meta name=\"description\" content=\"Entdecke Vintage M\u00f6bel &amp; Dekoration \u27a4 Designer Drehst\u00fchle - moderner Stuhl Anthrazit Filz auf Kurato. \u2713Lieferung Schweiz \u271314-Tage R\u00fcckgabe \u2713Secondhand Unikat\" \/>\n<meta name=\"robots\" content=\"index, follow, max-snippet:-1, max-image-preview:large, max-video-preview:-1\" \/>\n<link rel=\"canonical\" href=\"https:\/\/kurato.ch\/fr\/product\/designer-drehstuehle-moderner-stuhl-anthrazit-filz\/\" \/>\n<meta property=\"og:locale\" content=\"fr_FR\" \/>\n<meta property=\"og:type\" content=\"article\" \/>\n<meta property=\"og:title\" content=\"Designer Drehst\u00fchle - moderner Stuhl Anthrazit Filz | Vintage M\u00f6bel kaufen auf KURATO.CH\" \/>\n<meta property=\"og:description\" content=\"Entdecke Vintage M\u00f6bel &amp; Dekoration \u27a4 Designer Drehst\u00fchle - moderner Stuhl Anthrazit Filz auf Kurato. \u2713Lieferung Schweiz \u271314-Tage R\u00fcckgabe \u2713Secondhand Unikat\" \/>\n<meta property=\"og:url\" content=\"https:\/\/kurato.ch\/fr\/product\/designer-drehstuehle-moderner-stuhl-anthrazit-filz\/\" \/>\n<meta property=\"og:site_name\" content=\"Vintage M\u00f6bel &amp; Dekoration I Kurato\" \/>\n<meta property=\"article:publisher\" content=\"https:\/\/www.facebook.com\/kuratoswitzerland\" \/>\n<meta property=\"article:modified_time\" content=\"2025-02-14T09:13:23+00:00\" \/>\n<meta property=\"og:image\" content=\"https:\/\/kurato.ch\/wp-content\/uploads\/2025\/02\/Designer-Drehstuehle-moderner-Stuhl-Anthrazit-Filz-vintage-secondhand-gebraucht-schweiz-Instagram-Post.jpg\" \/>\n\t<meta property=\"og:image:width\" content=\"1080\" \/>\n\t<meta property=\"og:image:height\" content=\"1080\" \/>\n\t<meta property=\"og:image:type\" content=\"image\/jpeg\" \/>\n<script type=\"application\/ld+json\" class=\"yoast-schema-graph\">{\"@context\":\"https:\\\/\\\/schema.org\",\"@graph\":[{\"@type\":\"WebPage\",\"@id\":\"https:\\\/\\\/kurato.ch\\\/product\\\/designer-drehstuehle-moderner-stuhl-anthrazit-filz\\\/\",\"url\":\"https:\\\/\\\/kurato.ch\\\/product\\\/designer-drehstuehle-moderner-stuhl-anthrazit-filz\\\/\",\"name\":\"Designer Drehst\u00fchle - moderner Stuhl Anthrazit Filz | Vintage M\u00f6bel kaufen auf KURATO.CH\",\"isPartOf\":{\"@id\":\"https:\\\/\\\/kurato.ch\\\/#website\"},\"primaryImageOfPage\":{\"@id\":\"https:\\\/\\\/kurato.ch\\\/product\\\/designer-drehstuehle-moderner-stuhl-anthrazit-filz\\\/#primaryimage\"},\"image\":{\"@id\":\"https:\\\/\\\/kurato.ch\\\/product\\\/designer-drehstuehle-moderner-stuhl-anthrazit-filz\\\/#primaryimage\"},\"thumbnailUrl\":\"https:\\\/\\\/kurato.ch\\\/wp-content\\\/uploads\\\/2025\\\/02\\\/Designer-Drehstuehle-moderner-Stuhl-Anthrazit-Filz-vintage-secondhand-gebraucht-schweiz-Instagram-Post.jpg\",\"datePublished\":\"2025-02-14T09:03:26+00:00\",\"dateModified\":\"2025-02-14T09:13:23+00:00\",\"description\":\"Entdecke Vintage M\u00f6bel & Dekoration \u27a4 Designer Drehst\u00fchle - moderner Stuhl Anthrazit Filz auf Kurato. \u2713Lieferung Schweiz \u271314-Tage R\u00fcckgabe \u2713Secondhand Unikat\",\"breadcrumb\":{\"@id\":\"https:\\\/\\\/kurato.ch\\\/product\\\/designer-drehstuehle-moderner-stuhl-anthrazit-filz\\\/#breadcrumb\"},\"inLanguage\":\"fr-FR\",\"potentialAction\":[{\"@type\":\"ReadAction\",\"target\":[\"https:\\\/\\\/kurato.ch\\\/product\\\/designer-drehstuehle-moderner-stuhl-anthrazit-filz\\\/\"]}]},{\"@type\":\"ImageObject\",\"inLanguage\":\"fr-FR\",\"@id\":\"https:\\\/\\\/kurato.ch\\\/product\\\/designer-drehstuehle-moderner-stuhl-anthrazit-filz\\\/#primaryimage\",\"url\":\"https:\\\/\\\/kurato.ch\\\/wp-content\\\/uploads\\\/2025\\\/02\\\/Designer-Drehstuehle-moderner-Stuhl-Anthrazit-Filz-vintage-secondhand-gebraucht-schweiz-Instagram-Post.jpg\",\"contentUrl\":\"https:\\\/\\\/kurato.ch\\\/wp-content\\\/uploads\\\/2025\\\/02\\\/Designer-Drehstuehle-moderner-Stuhl-Anthrazit-Filz-vintage-secondhand-gebraucht-schweiz-Instagram-Post.jpg\",\"width\":1080,\"height\":1080,\"caption\":\"Designer Drehst\u00fchle - moderner Stuhl Anthrazit Filz\"},{\"@type\":\"BreadcrumbList\",\"@id\":\"https:\\\/\\\/kurato.ch\\\/product\\\/designer-drehstuehle-moderner-stuhl-anthrazit-filz\\\/#breadcrumb\",\"itemListElement\":[{\"@type\":\"ListItem\",\"position\":1,\"name\":\"Home\",\"item\":\"https:\\\/\\\/kurato.ch\\\/\"},{\"@type\":\"ListItem\",\"position\":2,\"name\":\"Neuheiten\",\"item\":\"https:\\\/\\\/kurato.ch\\\/neuheiten\\\/\"},{\"@type\":\"ListItem\",\"position\":3,\"name\":\"Designer Drehst\u00fchle &#8211; moderner Stuhl Anthrazit Filz\"}]},{\"@type\":\"WebSite\",\"@id\":\"https:\\\/\\\/kurato.ch\\\/#website\",\"url\":\"https:\\\/\\\/kurato.ch\\\/\",\"name\":\"Vintage M\u00f6bel &amp; Dekoration I Kurato\",\"description\":\"Vintage M\u00f6bel &amp; Dekoration I Kurato\",\"publisher\":{\"@id\":\"https:\\\/\\\/kurato.ch\\\/#organization\"},\"potentialAction\":[{\"@type\":\"SearchAction\",\"target\":{\"@type\":\"EntryPoint\",\"urlTemplate\":\"https:\\\/\\\/kurato.ch\\\/?s={search_term_string}\"},\"query-input\":{\"@type\":\"PropertyValueSpecification\",\"valueRequired\":true,\"valueName\":\"search_term_string\"}}],\"inLanguage\":\"fr-FR\"},{\"@type\":\"Organization\",\"@id\":\"https:\\\/\\\/kurato.ch\\\/#organization\",\"name\":\"Kurato.\",\"url\":\"https:\\\/\\\/kurato.ch\\\/\",\"logo\":{\"@type\":\"ImageObject\",\"inLanguage\":\"fr-FR\",\"@id\":\"https:\\\/\\\/kurato.ch\\\/#\\\/schema\\\/logo\\\/image\\\/\",\"url\":\"\",\"contentUrl\":\"\",\"caption\":\"Kurato.\"},\"image\":{\"@id\":\"https:\\\/\\\/kurato.ch\\\/#\\\/schema\\\/logo\\\/image\\\/\"},\"sameAs\":[\"https:\\\/\\\/www.facebook.com\\\/kuratoswitzerland\",\"https:\\\/\\\/www.instagram.com\\\/kurato.ch\\\/\",\"https:\\\/\\\/www.pinterest.ch\\\/kurato_ch\\\/_created\\\/\"]}]}<\/script>\n<!-- \/ Yoast SEO plugin. -->","yoast_head_json":{"title":"Designer Drehst\u00fchle - moderner Stuhl Anthrazit Filz | Vintage M\u00f6bel kaufen auf KURATO.CH","description":"Entdecke Vintage M\u00f6bel & Dekoration \u27a4 Designer Drehst\u00fchle - moderner Stuhl Anthrazit Filz auf Kurato. \u2713Lieferung Schweiz \u271314-Tage R\u00fcckgabe \u2713Secondhand Unikat","robots":{"index":"index","follow":"follow","max-snippet":"max-snippet:-1","max-image-preview":"max-image-preview:large","max-video-preview":"max-video-preview:-1"},"canonical":"https:\/\/kurato.ch\/fr\/product\/designer-drehstuehle-moderner-stuhl-anthrazit-filz\/","og_locale":"fr_FR","og_type":"article","og_title":"Designer Drehst\u00fchle - moderner Stuhl Anthrazit Filz | Vintage M\u00f6bel kaufen auf KURATO.CH","og_description":"Entdecke Vintage M\u00f6bel & Dekoration \u27a4 Designer Drehst\u00fchle - moderner Stuhl Anthrazit Filz auf Kurato. \u2713Lieferung Schweiz \u271314-Tage R\u00fcckgabe \u2713Secondhand Unikat","og_url":"https:\/\/kurato.ch\/fr\/product\/designer-drehstuehle-moderner-stuhl-anthrazit-filz\/","og_site_name":"Vintage M\u00f6bel &amp; Dekoration I Kurato","article_publisher":"https:\/\/www.facebook.com\/kuratoswitzerland","article_modified_time":"2025-02-14T09:13:23+00:00","og_image":[{"width":1080,"height":1080,"url":"https:\/\/kurato.ch\/wp-content\/uploads\/2025\/02\/Designer-Drehstuehle-moderner-Stuhl-Anthrazit-Filz-vintage-secondhand-gebraucht-schweiz-Instagram-Post.jpg","type":"image\/jpeg"}],"schema":{"@context":"https:\/\/schema.org","@graph":[{"@type":"WebPage","@id":"https:\/\/kurato.ch\/product\/designer-drehstuehle-moderner-stuhl-anthrazit-filz\/","url":"https:\/\/kurato.ch\/product\/designer-drehstuehle-moderner-stuhl-anthrazit-filz\/","name":"Designer Drehst\u00fchle - moderner Stuhl Anthrazit Filz | Vintage M\u00f6bel kaufen auf KURATO.CH","isPartOf":{"@id":"https:\/\/kurato.ch\/#website"},"primaryImageOfPage":{"@id":"https:\/\/kurato.ch\/product\/designer-drehstuehle-moderner-stuhl-anthrazit-filz\/#primaryimage"},"image":{"@id":"https:\/\/kurato.ch\/product\/designer-drehstuehle-moderner-stuhl-anthrazit-filz\/#primaryimage"},"thumbnailUrl":"https:\/\/kurato.ch\/wp-content\/uploads\/2025\/02\/Designer-Drehstuehle-moderner-Stuhl-Anthrazit-Filz-vintage-secondhand-gebraucht-schweiz-Instagram-Post.jpg","datePublished":"2025-02-14T09:03:26+00:00","dateModified":"2025-02-14T09:13:23+00:00","description":"Entdecke Vintage M\u00f6bel & Dekoration \u27a4 Designer Drehst\u00fchle - moderner Stuhl Anthrazit Filz auf Kurato. \u2713Lieferung Schweiz \u271314-Tage R\u00fcckgabe \u2713Secondhand Unikat","breadcrumb":{"@id":"https:\/\/kurato.ch\/product\/designer-drehstuehle-moderner-stuhl-anthrazit-filz\/#breadcrumb"},"inLanguage":"fr-FR","potentialAction":[{"@type":"ReadAction","target":["https:\/\/kurato.ch\/product\/designer-drehstuehle-moderner-stuhl-anthrazit-filz\/"]}]},{"@type":"ImageObject","inLanguage":"fr-FR","@id":"https:\/\/kurato.ch\/product\/designer-drehstuehle-moderner-stuhl-anthrazit-filz\/#primaryimage","url":"https:\/\/kurato.ch\/wp-content\/uploads\/2025\/02\/Designer-Drehstuehle-moderner-Stuhl-Anthrazit-Filz-vintage-secondhand-gebraucht-schweiz-Instagram-Post.jpg","contentUrl":"https:\/\/kurato.ch\/wp-content\/uploads\/2025\/02\/Designer-Drehstuehle-moderner-Stuhl-Anthrazit-Filz-vintage-secondhand-gebraucht-schweiz-Instagram-Post.jpg","width":1080,"height":1080,"caption":"Designer Drehst\u00fchle - moderner Stuhl Anthrazit Filz"},{"@type":"BreadcrumbList","@id":"https:\/\/kurato.ch\/product\/designer-drehstuehle-moderner-stuhl-anthrazit-filz\/#breadcrumb","itemListElement":[{"@type":"ListItem","position":1,"name":"Home","item":"https:\/\/kurato.ch\/"},{"@type":"ListItem","position":2,"name":"Neuheiten","item":"https:\/\/kurato.ch\/neuheiten\/"},{"@type":"ListItem","position":3,"name":"Designer Drehst\u00fchle &#8211; moderner Stuhl Anthrazit Filz"}]},{"@type":"WebSite","@id":"https:\/\/kurato.ch\/#website","url":"https:\/\/kurato.ch\/","name":"Meubles vintage &amp; d\u00e9coration I Kurato","description":"Meubles vintage &amp; d\u00e9coration I Kurato","publisher":{"@id":"https:\/\/kurato.ch\/#organization"},"potentialAction":[{"@type":"SearchAction","target":{"@type":"EntryPoint","urlTemplate":"https:\/\/kurato.ch\/?s={search_term_string}"},"query-input":{"@type":"PropertyValueSpecification","valueRequired":true,"valueName":"search_term_string"}}],"inLanguage":"fr-FR"},{"@type":"Organization","@id":"https:\/\/kurato.ch\/#organization","name":"Kurato.","url":"https:\/\/kurato.ch\/","logo":{"@type":"ImageObject","inLanguage":"fr-FR","@id":"https:\/\/kurato.ch\/#\/schema\/logo\/image\/","url":"","contentUrl":"","caption":"Kurato."},"image":{"@id":"https:\/\/kurato.ch\/#\/schema\/logo\/image\/"},"sameAs":["https:\/\/www.facebook.com\/kuratoswitzerland","https:\/\/www.instagram.com\/kurato.ch\/","https:\/\/www.pinterest.ch\/kurato_ch\/_created\/"]}]}},"_links":{"self":[{"href":"https:\/\/kurato.ch\/fr\/wp-json\/wp\/v2\/product\/65751","targetHints":{"allow":["GET"]}}],"collection":[{"href":"https:\/\/kurato.ch\/fr\/wp-json\/wp\/v2\/product"}],"about":[{"href":"https:\/\/kurato.ch\/fr\/wp-json\/wp\/v2\/types\/product"}],"wp:featuredmedia":[{"embeddable":true,"href":"https:\/\/kurato.ch\/fr\/wp-json\/wp\/v2\/media\/66132"}],"wp:attachment":[{"href":"https:\/\/kurato.ch\/fr\/wp-json\/wp\/v2\/media?parent=65751"}],"wp:term":[{"taxonomy":"product_brand","embeddable":true,"href":"https:\/\/kurato.ch\/fr\/wp-json\/wp\/v2\/product_brand?post=65751"},{"taxonomy":"product_cat","embeddable":true,"href":"https:\/\/kurato.ch\/fr\/wp-json\/wp\/v2\/product_cat?post=65751"},{"taxonomy":"product_tag","embeddable":true,"href":"https:\/\/kurato.ch\/fr\/wp-json\/wp\/v2\/product_tag?post=65751"}],"curies":[{"name":"wp","href":"https:\/\/api.w.org\/{rel}","templated":true}]}}