{"id":65975,"date":"2025-02-12T11:41:53","date_gmt":"2025-02-12T09:41:53","guid":{"rendered":"https:\/\/kurato.ch\/?post_type=product&#038;p=65975"},"modified":"2025-02-12T15:46:54","modified_gmt":"2025-02-12T13:46:54","slug":"mid-century-vase-von-steuler-keramik-1970s","status":"publish","type":"product","link":"https:\/\/kurato.ch\/fr\/product\/mid-century-vase-von-steuler-keramik-1970s\/","title":{"rendered":"Mid-Century Vase von Steuler Keramik, 1970s"},"content":{"rendered":"<p>Diese seltene Vase von Steuler, Form 310\/15, ist ein wahres Sammlerst\u00fcck, das sich durch ein schlichtes, modernistisches Design auszeichnet, das typisch f\u00fcr die deutsche Keramik der Mitte des letzten Jahrhunderts ist.<\/p>\n<p>Die obere H\u00e4lfte ist mit einer sch\u00f6nen, gl\u00e4nzenden roten Glasur verziert, die W\u00e4rme und Eleganz ausstrahlt, w\u00e4hrend die untere H\u00e4lfte mit einer tiefbraunen Oberfl\u00e4che kontrastiert, was dem St\u00fcck eine ausgewogene, erdige Ausstrahlung verleiht.<\/p>\n<p>Die minimalistische Form in Verbindung mit einer kr\u00e4ftigen Farbpalette ist ein Beispiel f\u00fcr Steulers innovativen Ansatz in der Keramik. Die Seltenheit der Vase und ihre auffallende \u00c4sthetik machen sie zu einem au\u00dfergew\u00f6hnlichen Dekorationsst\u00fcck, das sich perfekt f\u00fcr Vintage-Liebhaber eignet.<\/p>","protected":false},"excerpt":{"rendered":"<p>Diese seltene Vase von Steuler, Form 310\/15, ist ein wahres Sammlerst\u00fcck, das sich durch ein schlichtes, modernistisches Design auszeichnet, das typisch f\u00fcr die deutsche Keramik der Mitte des letzten Jahrhunderts ist. Die obere H\u00e4lfte ist mit einer sch\u00f6nen, gl\u00e4nzenden roten Glasur verziert, die W\u00e4rme und Eleganz ausstrahlt, w\u00e4hrend die untere H\u00e4lfte mit einer tiefbraunen Oberfl\u00e4che [&hellip;]<\/p>\n","protected":false},"featured_media":66004,"template":"","meta":{"_acf_changed":false,"site-sidebar-layout":"default","site-content-layout":"","ast-site-content-layout":"default","site-content-style":"default","site-sidebar-style":"default","ast-global-header-display":"","ast-banner-title-visibility":"","ast-main-header-display":"","ast-hfb-above-header-display":"","ast-hfb-below-header-display":"","ast-hfb-mobile-header-display":"","site-post-title":"","ast-breadcrumbs-content":"","ast-featured-img":"","footer-sml-layout":"","ast-disable-related-posts":"","theme-transparent-header-meta":"","adv-header-id-meta":"","stick-header-meta":"","header-above-stick-meta":"","header-main-stick-meta":"","header-below-stick-meta":"","astra-migrate-meta-layouts":"default","ast-page-background-enabled":"default","ast-page-background-meta":{"desktop":{"background-color":"","background-image":"","background-repeat":"repeat","background-position":"center center","background-size":"auto","background-attachment":"scroll","background-type":"","background-media":"","overlay-type":"","overlay-color":"","overlay-opacity":"","overlay-gradient":""},"tablet":{"background-color":"","background-image":"","background-repeat":"repeat","background-position":"center center","background-size":"auto","background-attachment":"scroll","background-type":"","background-media":"","overlay-type":"","overlay-color":"","overlay-opacity":"","overlay-gradient":""},"mobile":{"background-color":"","background-image":"","background-repeat":"repeat","background-position":"center center","background-size":"auto","background-attachment":"scroll","background-type":"","background-media":"","overlay-type":"","overlay-color":"","overlay-opacity":"","overlay-gradient":""}},"ast-content-background-meta":{"desktop":{"background-color":"var(--ast-global-color-5)","background-image":"","background-repeat":"repeat","background-position":"center center","background-size":"auto","background-attachment":"scroll","background-type":"","background-media":"","overlay-type":"","overlay-color":"","overlay-opacity":"","overlay-gradient":""},"tablet":{"background-color":"var(--ast-global-color-5)","background-image":"","background-repeat":"repeat","background-position":"center center","background-size":"auto","background-attachment":"scroll","background-type":"","background-media":"","overlay-type":"","overlay-color":"","overlay-opacity":"","overlay-gradient":""},"mobile":{"background-color":"var(--ast-global-color-5)","background-image":"","background-repeat":"repeat","background-position":"center center","background-size":"auto","background-attachment":"scroll","background-type":"","background-media":"","overlay-type":"","overlay-color":"","overlay-opacity":"","overlay-gradient":""}}},"product_brand":[],"product_cat":[90],"product_tag":[],"class_list":{"0":"post-65975","1":"product","2":"type-product","3":"status-publish","4":"has-post-thumbnail","6":"product_cat-vintage-vasen-keramik","7":"pa_farbe-braun","8":"pa_farbe-rot","9":"pa_material-keramik","10":"pa_standort-zentralschweiz","11":"pa_standort-zurich","12":"pa_stil-skandinavisch-mid-century","13":"desktop-align-left","14":"tablet-align-left","15":"mobile-align-left","17":"first","18":"instock","19":"sold-individually","20":"shipping-taxable","21":"purchasable","22":"product-type-simple"},"acf":[],"yoast_head":"<!-- This site is optimized with the Yoast SEO plugin v27.5 - https:\/\/yoast.com\/product\/yoast-seo-wordpress\/ -->\n<title>Mid-Century Vase von Steuler Keramik, 1970s | Vintage M\u00f6bel kaufen auf KURATO.CH<\/title>\n<meta name=\"description\" content=\"Diese seltene Vase von Steuler, Form 310\/15, ist ein wahres Sammlerst\u00fcck, das sich durch ein schlichtes, modernistisches Design auszeichnet, das typisch f\u00fcr die deutsche Keramik der Mitte des letzten Jahrhunderts ist.\" \/>\n<meta name=\"robots\" content=\"index, follow, max-snippet:-1, max-image-preview:large, max-video-preview:-1\" \/>\n<link rel=\"canonical\" href=\"https:\/\/kurato.ch\/fr\/product\/mid-century-vase-von-steuler-keramik-1970s\/\" \/>\n<meta property=\"og:locale\" content=\"fr_FR\" \/>\n<meta property=\"og:type\" content=\"article\" \/>\n<meta property=\"og:title\" content=\"Mid-Century Vase von Steuler Keramik, 1970s | Vintage M\u00f6bel kaufen auf KURATO.CH\" \/>\n<meta property=\"og:description\" content=\"Diese seltene Vase von Steuler, Form 310\/15, ist ein wahres Sammlerst\u00fcck, das sich durch ein schlichtes, modernistisches Design auszeichnet, das typisch f\u00fcr die deutsche Keramik der Mitte des letzten Jahrhunderts ist.\" \/>\n<meta property=\"og:url\" content=\"https:\/\/kurato.ch\/fr\/product\/mid-century-vase-von-steuler-keramik-1970s\/\" \/>\n<meta property=\"og:site_name\" content=\"Vintage M\u00f6bel &amp; Dekoration I Kurato\" \/>\n<meta property=\"article:publisher\" content=\"https:\/\/www.facebook.com\/kuratoswitzerland\" \/>\n<meta property=\"article:modified_time\" content=\"2025-02-12T13:46:54+00:00\" \/>\n<meta property=\"og:image\" content=\"https:\/\/kurato.ch\/wp-content\/uploads\/2025\/02\/Mid-Century-Vase-von-Steuler-Keramik-1970s-gebraucht-schweiz-Instagram-Post.jpg\" \/>\n\t<meta property=\"og:image:width\" content=\"810\" \/>\n\t<meta property=\"og:image:height\" content=\"810\" \/>\n\t<meta property=\"og:image:type\" content=\"image\/jpeg\" \/>\n<meta name=\"twitter:label1\" content=\"Dur\u00e9e de lecture estim\u00e9e\" \/>\n\t<meta name=\"twitter:data1\" content=\"1 minute\" \/>\n<script type=\"application\/ld+json\" class=\"yoast-schema-graph\">{\"@context\":\"https:\\\/\\\/schema.org\",\"@graph\":[{\"@type\":\"WebPage\",\"@id\":\"https:\\\/\\\/kurato.ch\\\/product\\\/mid-century-vase-von-steuler-keramik-1970s\\\/\",\"url\":\"https:\\\/\\\/kurato.ch\\\/product\\\/mid-century-vase-von-steuler-keramik-1970s\\\/\",\"name\":\"Mid-Century Vase von Steuler Keramik, 1970s | Vintage M\u00f6bel kaufen auf KURATO.CH\",\"isPartOf\":{\"@id\":\"https:\\\/\\\/kurato.ch\\\/#website\"},\"primaryImageOfPage\":{\"@id\":\"https:\\\/\\\/kurato.ch\\\/product\\\/mid-century-vase-von-steuler-keramik-1970s\\\/#primaryimage\"},\"image\":{\"@id\":\"https:\\\/\\\/kurato.ch\\\/product\\\/mid-century-vase-von-steuler-keramik-1970s\\\/#primaryimage\"},\"thumbnailUrl\":\"https:\\\/\\\/kurato.ch\\\/wp-content\\\/uploads\\\/2025\\\/02\\\/Mid-Century-Vase-von-Steuler-Keramik-1970s-gebraucht-schweiz-Instagram-Post.jpg\",\"datePublished\":\"2025-02-12T09:41:53+00:00\",\"dateModified\":\"2025-02-12T13:46:54+00:00\",\"description\":\"Diese seltene Vase von Steuler, Form 310\\\/15, ist ein wahres Sammlerst\u00fcck, das sich durch ein schlichtes, modernistisches Design auszeichnet, das typisch f\u00fcr die deutsche Keramik der Mitte des letzten Jahrhunderts ist.\",\"breadcrumb\":{\"@id\":\"https:\\\/\\\/kurato.ch\\\/product\\\/mid-century-vase-von-steuler-keramik-1970s\\\/#breadcrumb\"},\"inLanguage\":\"fr-FR\",\"potentialAction\":[{\"@type\":\"ReadAction\",\"target\":[\"https:\\\/\\\/kurato.ch\\\/product\\\/mid-century-vase-von-steuler-keramik-1970s\\\/\"]}]},{\"@type\":\"ImageObject\",\"inLanguage\":\"fr-FR\",\"@id\":\"https:\\\/\\\/kurato.ch\\\/product\\\/mid-century-vase-von-steuler-keramik-1970s\\\/#primaryimage\",\"url\":\"https:\\\/\\\/kurato.ch\\\/wp-content\\\/uploads\\\/2025\\\/02\\\/Mid-Century-Vase-von-Steuler-Keramik-1970s-gebraucht-schweiz-Instagram-Post.jpg\",\"contentUrl\":\"https:\\\/\\\/kurato.ch\\\/wp-content\\\/uploads\\\/2025\\\/02\\\/Mid-Century-Vase-von-Steuler-Keramik-1970s-gebraucht-schweiz-Instagram-Post.jpg\",\"width\":810,\"height\":810,\"caption\":\"Mid-Century Vase von Steuler Keramik, 1970s\"},{\"@type\":\"BreadcrumbList\",\"@id\":\"https:\\\/\\\/kurato.ch\\\/product\\\/mid-century-vase-von-steuler-keramik-1970s\\\/#breadcrumb\",\"itemListElement\":[{\"@type\":\"ListItem\",\"position\":1,\"name\":\"Home\",\"item\":\"https:\\\/\\\/kurato.ch\\\/\"},{\"@type\":\"ListItem\",\"position\":2,\"name\":\"Neuheiten\",\"item\":\"https:\\\/\\\/kurato.ch\\\/neuheiten\\\/\"},{\"@type\":\"ListItem\",\"position\":3,\"name\":\"Mid-Century Vase von Steuler Keramik, 1970s\"}]},{\"@type\":\"WebSite\",\"@id\":\"https:\\\/\\\/kurato.ch\\\/#website\",\"url\":\"https:\\\/\\\/kurato.ch\\\/\",\"name\":\"Vintage M\u00f6bel &amp; Dekoration I Kurato\",\"description\":\"Vintage M\u00f6bel &amp; Dekoration I Kurato\",\"publisher\":{\"@id\":\"https:\\\/\\\/kurato.ch\\\/#organization\"},\"potentialAction\":[{\"@type\":\"SearchAction\",\"target\":{\"@type\":\"EntryPoint\",\"urlTemplate\":\"https:\\\/\\\/kurato.ch\\\/?s={search_term_string}\"},\"query-input\":{\"@type\":\"PropertyValueSpecification\",\"valueRequired\":true,\"valueName\":\"search_term_string\"}}],\"inLanguage\":\"fr-FR\"},{\"@type\":\"Organization\",\"@id\":\"https:\\\/\\\/kurato.ch\\\/#organization\",\"name\":\"Kurato.\",\"url\":\"https:\\\/\\\/kurato.ch\\\/\",\"logo\":{\"@type\":\"ImageObject\",\"inLanguage\":\"fr-FR\",\"@id\":\"https:\\\/\\\/kurato.ch\\\/#\\\/schema\\\/logo\\\/image\\\/\",\"url\":\"\",\"contentUrl\":\"\",\"caption\":\"Kurato.\"},\"image\":{\"@id\":\"https:\\\/\\\/kurato.ch\\\/#\\\/schema\\\/logo\\\/image\\\/\"},\"sameAs\":[\"https:\\\/\\\/www.facebook.com\\\/kuratoswitzerland\",\"https:\\\/\\\/www.instagram.com\\\/kurato.ch\\\/\",\"https:\\\/\\\/www.pinterest.ch\\\/kurato_ch\\\/_created\\\/\"]}]}<\/script>\n<!-- \/ Yoast SEO plugin. -->","yoast_head_json":{"title":"Mid-Century Vase von Steuler Keramik, 1970s | Vintage M\u00f6bel kaufen auf KURATO.CH","description":"Diese seltene Vase von Steuler, Form 310\/15, ist ein wahres Sammlerst\u00fcck, das sich durch ein schlichtes, modernistisches Design auszeichnet, das typisch f\u00fcr die deutsche Keramik der Mitte des letzten Jahrhunderts ist.","robots":{"index":"index","follow":"follow","max-snippet":"max-snippet:-1","max-image-preview":"max-image-preview:large","max-video-preview":"max-video-preview:-1"},"canonical":"https:\/\/kurato.ch\/fr\/product\/mid-century-vase-von-steuler-keramik-1970s\/","og_locale":"fr_FR","og_type":"article","og_title":"Mid-Century Vase von Steuler Keramik, 1970s | Vintage M\u00f6bel kaufen auf KURATO.CH","og_description":"Diese seltene Vase von Steuler, Form 310\/15, ist ein wahres Sammlerst\u00fcck, das sich durch ein schlichtes, modernistisches Design auszeichnet, das typisch f\u00fcr die deutsche Keramik der Mitte des letzten Jahrhunderts ist.","og_url":"https:\/\/kurato.ch\/fr\/product\/mid-century-vase-von-steuler-keramik-1970s\/","og_site_name":"Vintage M\u00f6bel &amp; Dekoration I Kurato","article_publisher":"https:\/\/www.facebook.com\/kuratoswitzerland","article_modified_time":"2025-02-12T13:46:54+00:00","og_image":[{"width":810,"height":810,"url":"https:\/\/kurato.ch\/wp-content\/uploads\/2025\/02\/Mid-Century-Vase-von-Steuler-Keramik-1970s-gebraucht-schweiz-Instagram-Post.jpg","type":"image\/jpeg"}],"twitter_misc":{"Dur\u00e9e de lecture estim\u00e9e":"1 minute"},"schema":{"@context":"https:\/\/schema.org","@graph":[{"@type":"WebPage","@id":"https:\/\/kurato.ch\/product\/mid-century-vase-von-steuler-keramik-1970s\/","url":"https:\/\/kurato.ch\/product\/mid-century-vase-von-steuler-keramik-1970s\/","name":"Mid-Century Vase von Steuler Keramik, 1970s | Vintage M\u00f6bel kaufen auf KURATO.CH","isPartOf":{"@id":"https:\/\/kurato.ch\/#website"},"primaryImageOfPage":{"@id":"https:\/\/kurato.ch\/product\/mid-century-vase-von-steuler-keramik-1970s\/#primaryimage"},"image":{"@id":"https:\/\/kurato.ch\/product\/mid-century-vase-von-steuler-keramik-1970s\/#primaryimage"},"thumbnailUrl":"https:\/\/kurato.ch\/wp-content\/uploads\/2025\/02\/Mid-Century-Vase-von-Steuler-Keramik-1970s-gebraucht-schweiz-Instagram-Post.jpg","datePublished":"2025-02-12T09:41:53+00:00","dateModified":"2025-02-12T13:46:54+00:00","description":"Diese seltene Vase von Steuler, Form 310\/15, ist ein wahres Sammlerst\u00fcck, das sich durch ein schlichtes, modernistisches Design auszeichnet, das typisch f\u00fcr die deutsche Keramik der Mitte des letzten Jahrhunderts ist.","breadcrumb":{"@id":"https:\/\/kurato.ch\/product\/mid-century-vase-von-steuler-keramik-1970s\/#breadcrumb"},"inLanguage":"fr-FR","potentialAction":[{"@type":"ReadAction","target":["https:\/\/kurato.ch\/product\/mid-century-vase-von-steuler-keramik-1970s\/"]}]},{"@type":"ImageObject","inLanguage":"fr-FR","@id":"https:\/\/kurato.ch\/product\/mid-century-vase-von-steuler-keramik-1970s\/#primaryimage","url":"https:\/\/kurato.ch\/wp-content\/uploads\/2025\/02\/Mid-Century-Vase-von-Steuler-Keramik-1970s-gebraucht-schweiz-Instagram-Post.jpg","contentUrl":"https:\/\/kurato.ch\/wp-content\/uploads\/2025\/02\/Mid-Century-Vase-von-Steuler-Keramik-1970s-gebraucht-schweiz-Instagram-Post.jpg","width":810,"height":810,"caption":"Mid-Century Vase von Steuler Keramik, 1970s"},{"@type":"BreadcrumbList","@id":"https:\/\/kurato.ch\/product\/mid-century-vase-von-steuler-keramik-1970s\/#breadcrumb","itemListElement":[{"@type":"ListItem","position":1,"name":"Home","item":"https:\/\/kurato.ch\/"},{"@type":"ListItem","position":2,"name":"Neuheiten","item":"https:\/\/kurato.ch\/neuheiten\/"},{"@type":"ListItem","position":3,"name":"Mid-Century Vase von Steuler Keramik, 1970s"}]},{"@type":"WebSite","@id":"https:\/\/kurato.ch\/#website","url":"https:\/\/kurato.ch\/","name":"Meubles vintage &amp; d\u00e9coration I Kurato","description":"Meubles vintage &amp; d\u00e9coration I Kurato","publisher":{"@id":"https:\/\/kurato.ch\/#organization"},"potentialAction":[{"@type":"SearchAction","target":{"@type":"EntryPoint","urlTemplate":"https:\/\/kurato.ch\/?s={search_term_string}"},"query-input":{"@type":"PropertyValueSpecification","valueRequired":true,"valueName":"search_term_string"}}],"inLanguage":"fr-FR"},{"@type":"Organization","@id":"https:\/\/kurato.ch\/#organization","name":"Kurato.","url":"https:\/\/kurato.ch\/","logo":{"@type":"ImageObject","inLanguage":"fr-FR","@id":"https:\/\/kurato.ch\/#\/schema\/logo\/image\/","url":"","contentUrl":"","caption":"Kurato."},"image":{"@id":"https:\/\/kurato.ch\/#\/schema\/logo\/image\/"},"sameAs":["https:\/\/www.facebook.com\/kuratoswitzerland","https:\/\/www.instagram.com\/kurato.ch\/","https:\/\/www.pinterest.ch\/kurato_ch\/_created\/"]}]}},"_links":{"self":[{"href":"https:\/\/kurato.ch\/fr\/wp-json\/wp\/v2\/product\/65975","targetHints":{"allow":["GET"]}}],"collection":[{"href":"https:\/\/kurato.ch\/fr\/wp-json\/wp\/v2\/product"}],"about":[{"href":"https:\/\/kurato.ch\/fr\/wp-json\/wp\/v2\/types\/product"}],"wp:featuredmedia":[{"embeddable":true,"href":"https:\/\/kurato.ch\/fr\/wp-json\/wp\/v2\/media\/66004"}],"wp:attachment":[{"href":"https:\/\/kurato.ch\/fr\/wp-json\/wp\/v2\/media?parent=65975"}],"wp:term":[{"taxonomy":"product_brand","embeddable":true,"href":"https:\/\/kurato.ch\/fr\/wp-json\/wp\/v2\/product_brand?post=65975"},{"taxonomy":"product_cat","embeddable":true,"href":"https:\/\/kurato.ch\/fr\/wp-json\/wp\/v2\/product_cat?post=65975"},{"taxonomy":"product_tag","embeddable":true,"href":"https:\/\/kurato.ch\/fr\/wp-json\/wp\/v2\/product_tag?post=65975"}],"curies":[{"name":"wp","href":"https:\/\/api.w.org\/{rel}","templated":true}]}}