{"id":66007,"date":"2025-02-25T17:09:38","date_gmt":"2025-02-25T15:09:38","guid":{"rendered":"https:\/\/kurato.ch\/?post_type=product&#038;p=66007"},"modified":"2025-02-25T17:09:39","modified_gmt":"2025-02-25T15:09:39","slug":"brutalist-vase-in-orange-und-brown-von-strehla-mid-century-1960er","status":"publish","type":"product","link":"https:\/\/kurato.ch\/fr\/product\/brutalist-vase-in-orange-und-brown-von-strehla-mid-century-1960er\/","title":{"rendered":"Brutalist Vase in Orange und Brown, von Strehla, Mid-Century 1960er"},"content":{"rendered":"<p>Diese seltene Vase von Strehla, Form 1293, ist ein eindrucksvolles Beispiel ostdeutscher Handwerkskunst aus der Mitte des letzten Jahrhunderts.<\/p>\n<p>Ihr einzigartiges Design mit den k\u00fchnen, ikonischen Fl\u00fcgelgriffen erinnert an die \u00c4sthetik des Brutalismus und wird durch die tief dunkelbraune Glasur und den leuchtend orangefarbenen Kontrast erg\u00e4nzt. Diese Farbkombination verleiht der Vase ein dramatisches Retro-Flair, das sich in jeder Sammlung sehen lassen kann.<\/p>\n<p>Strehla, bekannt f\u00fcr seine Fat Lava-Objekte aus der Mitte des 20. Jahrhunderts, spielte eine bedeutende Rolle in der keramischen Kunstszene der damaligen Zeit. Bekannt f\u00fcr ihre innovativen und experimentellen Glasuren, unterstreichen Strehla-St\u00fccke wie diese die k\u00fchnen und taktilen Designs, die f\u00fcr diese Bewegung charakteristisch sind.<\/p>","protected":false},"excerpt":{"rendered":"<p>Diese seltene Vase von Strehla, Form 1293, ist ein eindrucksvolles Beispiel ostdeutscher Handwerkskunst aus der Mitte des letzten Jahrhunderts. Ihr einzigartiges Design mit den k\u00fchnen, ikonischen Fl\u00fcgelgriffen erinnert an die \u00c4sthetik des Brutalismus und wird durch die tief dunkelbraune Glasur und den leuchtend orangefarbenen Kontrast erg\u00e4nzt. Diese Farbkombination verleiht der Vase ein dramatisches Retro-Flair, das [&hellip;]<\/p>\n","protected":false},"featured_media":66473,"template":"","meta":{"_acf_changed":false,"site-sidebar-layout":"default","site-content-layout":"","ast-site-content-layout":"default","site-content-style":"default","site-sidebar-style":"default","ast-global-header-display":"","ast-banner-title-visibility":"","ast-main-header-display":"","ast-hfb-above-header-display":"","ast-hfb-below-header-display":"","ast-hfb-mobile-header-display":"","site-post-title":"","ast-breadcrumbs-content":"","ast-featured-img":"","footer-sml-layout":"","ast-disable-related-posts":"","theme-transparent-header-meta":"","adv-header-id-meta":"","stick-header-meta":"","header-above-stick-meta":"","header-main-stick-meta":"","header-below-stick-meta":"","astra-migrate-meta-layouts":"default","ast-page-background-enabled":"default","ast-page-background-meta":{"desktop":{"background-color":"","background-image":"","background-repeat":"repeat","background-position":"center center","background-size":"auto","background-attachment":"scroll","background-type":"","background-media":"","overlay-type":"","overlay-color":"","overlay-opacity":"","overlay-gradient":""},"tablet":{"background-color":"","background-image":"","background-repeat":"repeat","background-position":"center center","background-size":"auto","background-attachment":"scroll","background-type":"","background-media":"","overlay-type":"","overlay-color":"","overlay-opacity":"","overlay-gradient":""},"mobile":{"background-color":"","background-image":"","background-repeat":"repeat","background-position":"center center","background-size":"auto","background-attachment":"scroll","background-type":"","background-media":"","overlay-type":"","overlay-color":"","overlay-opacity":"","overlay-gradient":""}},"ast-content-background-meta":{"desktop":{"background-color":"var(--ast-global-color-5)","background-image":"","background-repeat":"repeat","background-position":"center center","background-size":"auto","background-attachment":"scroll","background-type":"","background-media":"","overlay-type":"","overlay-color":"","overlay-opacity":"","overlay-gradient":""},"tablet":{"background-color":"var(--ast-global-color-5)","background-image":"","background-repeat":"repeat","background-position":"center center","background-size":"auto","background-attachment":"scroll","background-type":"","background-media":"","overlay-type":"","overlay-color":"","overlay-opacity":"","overlay-gradient":""},"mobile":{"background-color":"var(--ast-global-color-5)","background-image":"","background-repeat":"repeat","background-position":"center center","background-size":"auto","background-attachment":"scroll","background-type":"","background-media":"","overlay-type":"","overlay-color":"","overlay-opacity":"","overlay-gradient":""}}},"product_brand":[],"product_cat":[90],"product_tag":[],"class_list":{"0":"post-66007","1":"product","2":"type-product","3":"status-publish","4":"has-post-thumbnail","6":"product_cat-vintage-vasen-keramik","7":"pa_farbe-braun","8":"pa_farbe-mehrfarbig","9":"pa_farbe-farbeorange","10":"pa_material-keramik","11":"pa_stil-skandinavisch-mid-century","12":"desktop-align-left","13":"tablet-align-left","14":"mobile-align-left","16":"first","17":"instock","18":"sold-individually","19":"shipping-taxable","20":"purchasable","21":"product-type-simple"},"acf":[],"yoast_head":"<!-- This site is optimized with the Yoast SEO plugin v27.4 - https:\/\/yoast.com\/product\/yoast-seo-wordpress\/ -->\n<title>Brutalist Vase in Orange und Brown, von Strehla, Mid-Century 1960er | Vintage M\u00f6bel kaufen auf KURATO.CH<\/title>\n<meta name=\"description\" content=\"Entdecke Vintage M\u00f6bel &amp; Dekoration \u27a4 Brutalist Vase in Orange und Brown, von Strehla, Mid-Century 1960er auf Kurato. \u2713Lieferung Schweiz \u271314-Tage R\u00fcckgabe \u2713Secondhand Unikat\" \/>\n<meta name=\"robots\" content=\"index, follow, max-snippet:-1, max-image-preview:large, max-video-preview:-1\" \/>\n<link rel=\"canonical\" href=\"https:\/\/kurato.ch\/fr\/product\/brutalist-vase-in-orange-und-brown-von-strehla-mid-century-1960er\/\" \/>\n<meta property=\"og:locale\" content=\"fr_FR\" \/>\n<meta property=\"og:type\" content=\"article\" \/>\n<meta property=\"og:title\" content=\"Brutalist Vase in Orange und Brown, von Strehla, Mid-Century 1960er | Vintage M\u00f6bel kaufen auf KURATO.CH\" \/>\n<meta property=\"og:description\" content=\"Entdecke Vintage M\u00f6bel &amp; Dekoration \u27a4 Brutalist Vase in Orange und Brown, von Strehla, Mid-Century 1960er auf Kurato. \u2713Lieferung Schweiz \u271314-Tage R\u00fcckgabe \u2713Secondhand Unikat\" \/>\n<meta property=\"og:url\" content=\"https:\/\/kurato.ch\/fr\/product\/brutalist-vase-in-orange-und-brown-von-strehla-mid-century-1960er\/\" \/>\n<meta property=\"og:site_name\" content=\"Vintage M\u00f6bel &amp; Dekoration I Kurato\" \/>\n<meta property=\"article:publisher\" content=\"https:\/\/www.facebook.com\/kuratoswitzerland\" \/>\n<meta property=\"article:modified_time\" content=\"2025-02-25T15:09:39+00:00\" \/>\n<meta property=\"og:image\" content=\"https:\/\/kurato.ch\/wp-content\/uploads\/2025\/02\/Brutalist-Vase-in-Orange-und-Brown-von-Strehla-Mid-Century-1960er-vintage-secondhand-gebraucht-schweiz-Instagram-Post.jpg\" \/>\n\t<meta property=\"og:image:width\" content=\"810\" \/>\n\t<meta property=\"og:image:height\" content=\"810\" \/>\n\t<meta property=\"og:image:type\" content=\"image\/jpeg\" \/>\n<meta name=\"twitter:label1\" content=\"Dur\u00e9e de lecture estim\u00e9e\" \/>\n\t<meta name=\"twitter:data1\" content=\"1 minute\" \/>\n<script type=\"application\/ld+json\" class=\"yoast-schema-graph\">{\"@context\":\"https:\\\/\\\/schema.org\",\"@graph\":[{\"@type\":\"WebPage\",\"@id\":\"https:\\\/\\\/kurato.ch\\\/product\\\/brutalist-vase-in-orange-und-brown-von-strehla-mid-century-1960er\\\/\",\"url\":\"https:\\\/\\\/kurato.ch\\\/product\\\/brutalist-vase-in-orange-und-brown-von-strehla-mid-century-1960er\\\/\",\"name\":\"Brutalist Vase in Orange und Brown, von Strehla, Mid-Century 1960er | Vintage M\u00f6bel kaufen auf KURATO.CH\",\"isPartOf\":{\"@id\":\"https:\\\/\\\/kurato.ch\\\/#website\"},\"primaryImageOfPage\":{\"@id\":\"https:\\\/\\\/kurato.ch\\\/product\\\/brutalist-vase-in-orange-und-brown-von-strehla-mid-century-1960er\\\/#primaryimage\"},\"image\":{\"@id\":\"https:\\\/\\\/kurato.ch\\\/product\\\/brutalist-vase-in-orange-und-brown-von-strehla-mid-century-1960er\\\/#primaryimage\"},\"thumbnailUrl\":\"https:\\\/\\\/kurato.ch\\\/wp-content\\\/uploads\\\/2025\\\/02\\\/Brutalist-Vase-in-Orange-und-Brown-von-Strehla-Mid-Century-1960er-vintage-secondhand-gebraucht-schweiz-Instagram-Post.jpg\",\"datePublished\":\"2025-02-25T15:09:38+00:00\",\"dateModified\":\"2025-02-25T15:09:39+00:00\",\"description\":\"Entdecke Vintage M\u00f6bel & Dekoration \u27a4 Brutalist Vase in Orange und Brown, von Strehla, Mid-Century 1960er auf Kurato. \u2713Lieferung Schweiz \u271314-Tage R\u00fcckgabe \u2713Secondhand Unikat\",\"breadcrumb\":{\"@id\":\"https:\\\/\\\/kurato.ch\\\/product\\\/brutalist-vase-in-orange-und-brown-von-strehla-mid-century-1960er\\\/#breadcrumb\"},\"inLanguage\":\"fr-FR\",\"potentialAction\":[{\"@type\":\"ReadAction\",\"target\":[\"https:\\\/\\\/kurato.ch\\\/product\\\/brutalist-vase-in-orange-und-brown-von-strehla-mid-century-1960er\\\/\"]}]},{\"@type\":\"ImageObject\",\"inLanguage\":\"fr-FR\",\"@id\":\"https:\\\/\\\/kurato.ch\\\/product\\\/brutalist-vase-in-orange-und-brown-von-strehla-mid-century-1960er\\\/#primaryimage\",\"url\":\"https:\\\/\\\/kurato.ch\\\/wp-content\\\/uploads\\\/2025\\\/02\\\/Brutalist-Vase-in-Orange-und-Brown-von-Strehla-Mid-Century-1960er-vintage-secondhand-gebraucht-schweiz-Instagram-Post.jpg\",\"contentUrl\":\"https:\\\/\\\/kurato.ch\\\/wp-content\\\/uploads\\\/2025\\\/02\\\/Brutalist-Vase-in-Orange-und-Brown-von-Strehla-Mid-Century-1960er-vintage-secondhand-gebraucht-schweiz-Instagram-Post.jpg\",\"width\":810,\"height\":810,\"caption\":\"Brutalist Vase in Orange und Brown, von Strehla, Mid-Century 1960er\"},{\"@type\":\"BreadcrumbList\",\"@id\":\"https:\\\/\\\/kurato.ch\\\/product\\\/brutalist-vase-in-orange-und-brown-von-strehla-mid-century-1960er\\\/#breadcrumb\",\"itemListElement\":[{\"@type\":\"ListItem\",\"position\":1,\"name\":\"Home\",\"item\":\"https:\\\/\\\/kurato.ch\\\/\"},{\"@type\":\"ListItem\",\"position\":2,\"name\":\"Neuheiten\",\"item\":\"https:\\\/\\\/kurato.ch\\\/neuheiten\\\/\"},{\"@type\":\"ListItem\",\"position\":3,\"name\":\"Brutalist Vase in Orange und Brown, von Strehla, Mid-Century 1960er\"}]},{\"@type\":\"WebSite\",\"@id\":\"https:\\\/\\\/kurato.ch\\\/#website\",\"url\":\"https:\\\/\\\/kurato.ch\\\/\",\"name\":\"Vintage M\u00f6bel &amp; Dekoration I Kurato\",\"description\":\"Vintage M\u00f6bel &amp; Dekoration I Kurato\",\"publisher\":{\"@id\":\"https:\\\/\\\/kurato.ch\\\/#organization\"},\"potentialAction\":[{\"@type\":\"SearchAction\",\"target\":{\"@type\":\"EntryPoint\",\"urlTemplate\":\"https:\\\/\\\/kurato.ch\\\/?s={search_term_string}\"},\"query-input\":{\"@type\":\"PropertyValueSpecification\",\"valueRequired\":true,\"valueName\":\"search_term_string\"}}],\"inLanguage\":\"fr-FR\"},{\"@type\":\"Organization\",\"@id\":\"https:\\\/\\\/kurato.ch\\\/#organization\",\"name\":\"Kurato.\",\"url\":\"https:\\\/\\\/kurato.ch\\\/\",\"logo\":{\"@type\":\"ImageObject\",\"inLanguage\":\"fr-FR\",\"@id\":\"https:\\\/\\\/kurato.ch\\\/#\\\/schema\\\/logo\\\/image\\\/\",\"url\":\"\",\"contentUrl\":\"\",\"caption\":\"Kurato.\"},\"image\":{\"@id\":\"https:\\\/\\\/kurato.ch\\\/#\\\/schema\\\/logo\\\/image\\\/\"},\"sameAs\":[\"https:\\\/\\\/www.facebook.com\\\/kuratoswitzerland\",\"https:\\\/\\\/www.instagram.com\\\/kurato.ch\\\/\",\"https:\\\/\\\/www.pinterest.ch\\\/kurato_ch\\\/_created\\\/\"]}]}<\/script>\n<!-- \/ Yoast SEO plugin. -->","yoast_head_json":{"title":"Brutalist Vase in Orange und Brown, von Strehla, Mid-Century 1960er | Vintage M\u00f6bel kaufen auf KURATO.CH","description":"Entdecke Vintage M\u00f6bel & Dekoration \u27a4 Brutalist Vase in Orange und Brown, von Strehla, Mid-Century 1960er auf Kurato. \u2713Lieferung Schweiz \u271314-Tage R\u00fcckgabe \u2713Secondhand Unikat","robots":{"index":"index","follow":"follow","max-snippet":"max-snippet:-1","max-image-preview":"max-image-preview:large","max-video-preview":"max-video-preview:-1"},"canonical":"https:\/\/kurato.ch\/fr\/product\/brutalist-vase-in-orange-und-brown-von-strehla-mid-century-1960er\/","og_locale":"fr_FR","og_type":"article","og_title":"Brutalist Vase in Orange und Brown, von Strehla, Mid-Century 1960er | Vintage M\u00f6bel kaufen auf KURATO.CH","og_description":"Entdecke Vintage M\u00f6bel & Dekoration \u27a4 Brutalist Vase in Orange und Brown, von Strehla, Mid-Century 1960er auf Kurato. \u2713Lieferung Schweiz \u271314-Tage R\u00fcckgabe \u2713Secondhand Unikat","og_url":"https:\/\/kurato.ch\/fr\/product\/brutalist-vase-in-orange-und-brown-von-strehla-mid-century-1960er\/","og_site_name":"Vintage M\u00f6bel &amp; Dekoration I Kurato","article_publisher":"https:\/\/www.facebook.com\/kuratoswitzerland","article_modified_time":"2025-02-25T15:09:39+00:00","og_image":[{"width":810,"height":810,"url":"https:\/\/kurato.ch\/wp-content\/uploads\/2025\/02\/Brutalist-Vase-in-Orange-und-Brown-von-Strehla-Mid-Century-1960er-vintage-secondhand-gebraucht-schweiz-Instagram-Post.jpg","type":"image\/jpeg"}],"twitter_misc":{"Dur\u00e9e de lecture estim\u00e9e":"1 minute"},"schema":{"@context":"https:\/\/schema.org","@graph":[{"@type":"WebPage","@id":"https:\/\/kurato.ch\/product\/brutalist-vase-in-orange-und-brown-von-strehla-mid-century-1960er\/","url":"https:\/\/kurato.ch\/product\/brutalist-vase-in-orange-und-brown-von-strehla-mid-century-1960er\/","name":"Brutalist Vase in Orange und Brown, von Strehla, Mid-Century 1960er | Vintage M\u00f6bel kaufen auf KURATO.CH","isPartOf":{"@id":"https:\/\/kurato.ch\/#website"},"primaryImageOfPage":{"@id":"https:\/\/kurato.ch\/product\/brutalist-vase-in-orange-und-brown-von-strehla-mid-century-1960er\/#primaryimage"},"image":{"@id":"https:\/\/kurato.ch\/product\/brutalist-vase-in-orange-und-brown-von-strehla-mid-century-1960er\/#primaryimage"},"thumbnailUrl":"https:\/\/kurato.ch\/wp-content\/uploads\/2025\/02\/Brutalist-Vase-in-Orange-und-Brown-von-Strehla-Mid-Century-1960er-vintage-secondhand-gebraucht-schweiz-Instagram-Post.jpg","datePublished":"2025-02-25T15:09:38+00:00","dateModified":"2025-02-25T15:09:39+00:00","description":"Entdecke Vintage M\u00f6bel & Dekoration \u27a4 Brutalist Vase in Orange und Brown, von Strehla, Mid-Century 1960er auf Kurato. \u2713Lieferung Schweiz \u271314-Tage R\u00fcckgabe \u2713Secondhand Unikat","breadcrumb":{"@id":"https:\/\/kurato.ch\/product\/brutalist-vase-in-orange-und-brown-von-strehla-mid-century-1960er\/#breadcrumb"},"inLanguage":"fr-FR","potentialAction":[{"@type":"ReadAction","target":["https:\/\/kurato.ch\/product\/brutalist-vase-in-orange-und-brown-von-strehla-mid-century-1960er\/"]}]},{"@type":"ImageObject","inLanguage":"fr-FR","@id":"https:\/\/kurato.ch\/product\/brutalist-vase-in-orange-und-brown-von-strehla-mid-century-1960er\/#primaryimage","url":"https:\/\/kurato.ch\/wp-content\/uploads\/2025\/02\/Brutalist-Vase-in-Orange-und-Brown-von-Strehla-Mid-Century-1960er-vintage-secondhand-gebraucht-schweiz-Instagram-Post.jpg","contentUrl":"https:\/\/kurato.ch\/wp-content\/uploads\/2025\/02\/Brutalist-Vase-in-Orange-und-Brown-von-Strehla-Mid-Century-1960er-vintage-secondhand-gebraucht-schweiz-Instagram-Post.jpg","width":810,"height":810,"caption":"Brutalist Vase in Orange und Brown, von Strehla, Mid-Century 1960er"},{"@type":"BreadcrumbList","@id":"https:\/\/kurato.ch\/product\/brutalist-vase-in-orange-und-brown-von-strehla-mid-century-1960er\/#breadcrumb","itemListElement":[{"@type":"ListItem","position":1,"name":"Home","item":"https:\/\/kurato.ch\/"},{"@type":"ListItem","position":2,"name":"Neuheiten","item":"https:\/\/kurato.ch\/neuheiten\/"},{"@type":"ListItem","position":3,"name":"Brutalist Vase in Orange und Brown, von Strehla, Mid-Century 1960er"}]},{"@type":"WebSite","@id":"https:\/\/kurato.ch\/#website","url":"https:\/\/kurato.ch\/","name":"Meubles vintage &amp; d\u00e9coration I Kurato","description":"Meubles vintage &amp; d\u00e9coration I Kurato","publisher":{"@id":"https:\/\/kurato.ch\/#organization"},"potentialAction":[{"@type":"SearchAction","target":{"@type":"EntryPoint","urlTemplate":"https:\/\/kurato.ch\/?s={search_term_string}"},"query-input":{"@type":"PropertyValueSpecification","valueRequired":true,"valueName":"search_term_string"}}],"inLanguage":"fr-FR"},{"@type":"Organization","@id":"https:\/\/kurato.ch\/#organization","name":"Kurato.","url":"https:\/\/kurato.ch\/","logo":{"@type":"ImageObject","inLanguage":"fr-FR","@id":"https:\/\/kurato.ch\/#\/schema\/logo\/image\/","url":"","contentUrl":"","caption":"Kurato."},"image":{"@id":"https:\/\/kurato.ch\/#\/schema\/logo\/image\/"},"sameAs":["https:\/\/www.facebook.com\/kuratoswitzerland","https:\/\/www.instagram.com\/kurato.ch\/","https:\/\/www.pinterest.ch\/kurato_ch\/_created\/"]}]}},"_links":{"self":[{"href":"https:\/\/kurato.ch\/fr\/wp-json\/wp\/v2\/product\/66007","targetHints":{"allow":["GET"]}}],"collection":[{"href":"https:\/\/kurato.ch\/fr\/wp-json\/wp\/v2\/product"}],"about":[{"href":"https:\/\/kurato.ch\/fr\/wp-json\/wp\/v2\/types\/product"}],"wp:featuredmedia":[{"embeddable":true,"href":"https:\/\/kurato.ch\/fr\/wp-json\/wp\/v2\/media\/66473"}],"wp:attachment":[{"href":"https:\/\/kurato.ch\/fr\/wp-json\/wp\/v2\/media?parent=66007"}],"wp:term":[{"taxonomy":"product_brand","embeddable":true,"href":"https:\/\/kurato.ch\/fr\/wp-json\/wp\/v2\/product_brand?post=66007"},{"taxonomy":"product_cat","embeddable":true,"href":"https:\/\/kurato.ch\/fr\/wp-json\/wp\/v2\/product_cat?post=66007"},{"taxonomy":"product_tag","embeddable":true,"href":"https:\/\/kurato.ch\/fr\/wp-json\/wp\/v2\/product_tag?post=66007"}],"curies":[{"name":"wp","href":"https:\/\/api.w.org\/{rel}","templated":true}]}}