{"id":66421,"date":"2025-03-02T18:22:57","date_gmt":"2025-03-02T16:22:57","guid":{"rendered":"https:\/\/kurato.ch\/?post_type=product&#038;p=66421"},"modified":"2025-07-08T20:55:47","modified_gmt":"2025-07-08T18:55:47","slug":"lc1-leder-sessel-von-le-corbusier-fuer-cassina","status":"publish","type":"product","link":"https:\/\/kurato.ch\/fr\/product\/lc1-leder-sessel-von-le-corbusier-fuer-cassina\/","title":{"rendered":"LC1 Leder Sessel von Le Corbusier f\u00fcr Cassina"},"content":{"rendered":"<p>Der Ledersessel \u201cLC1\u201d ist ein ikonisches M\u00f6belst\u00fcck des modernen Designs, entworfen 1928 von Le Corbusier, Pierre Jeanneret und Charlotte Perriand und hergestellt von Cassina. Er kombiniert Eleganz, Funktionalit\u00e4t und h\u00f6chsten Sitzkomfort in einer minimalistischen Formensprache.<\/p>\n<p>Das Gestell besteht aus verchromtem Stahlrohr, das durch seine klaren Linien und polierte Oberfl\u00e4che einen modernen und industriellen Look vermittelt. Die Sitzfl\u00e4che, die R\u00fcckenlehne und die Armlehnen sind aus hochwertigem schwarzen Leder gefertigt, das dem Sessel eine luxuri\u00f6se und zeitlose Ausstrahlung verleiht. Ein besonderes Merkmal dieses Sessels ist die bewegliche R\u00fcckenlehne, die f\u00fcr mehr Flexibilit\u00e4t und Komfort sorgt, indem sie sich leicht an die Sitzhaltung des Nutzers anpasst. Die seitlichen Armlehnen bestehen ebenfalls aus Leder, das \u00fcber eine filigrane Stahlkonstruktion gespannt ist. Die R\u00fcckseite des Sessels offenbart eine raffinierte Konstruktion mit einer verspannten Lederhalterung, die sowohl funktional als auch \u00e4sthetisch ansprechend ist.<\/p>\n<p>\u00e9tat :<br \/>Der Sessel befindet sich insgesamt in einem sehr guten Zustand. Das verchromte Stahlgestell zeigt nur minimale Gebrauchsspuren und gl\u00e4nzt weiterhin makellos. Das schwarze Leder ist gut erhalten, mit nur leichten Alters- und Nutzungsspuren. Die Spannriemen an der R\u00fcckseite sind intakt und fest verspannt. Insgesamt pr\u00e4sentiert sich dieser Klassiker des modernen M\u00f6beldesigns in einer gepflegten und stilvollen Verfassung, bereit f\u00fcr den sofortigen Einsatz.<\/p>\n<p>Masse: L63 x B59 cm x H65<br \/>Hauteur du si\u00e8ge : 38 cm<br \/>Armlehnenh\u00f6he: 59 cm<\/p>\n<p>&#8211; Abholung von Montag bis Samstag (ausser Feiertage) zwischen 10:00 und 19:00 Uhr in\u00a0 Z\u00fcrich mit Terminvereinbarung.<br \/>&#8211; Lieferung schweizweit m\u00f6glich! Frage einfach nach dem Preis, der sich je nach Entfernung berechnet.<\/p>","protected":false},"excerpt":{"rendered":"<p>Der Ledersessel \u201cLC1\u201d ist ein ikonisches M\u00f6belst\u00fcck des modernen Designs, entworfen 1928 von Le Corbusier, Pierre Jeanneret und Charlotte Perriand und hergestellt von Cassina. Er kombiniert Eleganz, Funktionalit\u00e4t und h\u00f6chsten Sitzkomfort in einer minimalistischen Formensprache. Das Gestell besteht aus verchromtem Stahlrohr, das durch seine klaren Linien und polierte Oberfl\u00e4che einen modernen und industriellen Look vermittelt. [&hellip;]<\/p>\n","protected":false},"featured_media":66639,"template":"","meta":{"_acf_changed":false,"site-sidebar-layout":"default","site-content-layout":"","ast-site-content-layout":"default","site-content-style":"default","site-sidebar-style":"default","ast-global-header-display":"","ast-banner-title-visibility":"","ast-main-header-display":"","ast-hfb-above-header-display":"","ast-hfb-below-header-display":"","ast-hfb-mobile-header-display":"","site-post-title":"","ast-breadcrumbs-content":"","ast-featured-img":"","footer-sml-layout":"","ast-disable-related-posts":"","theme-transparent-header-meta":"","adv-header-id-meta":"","stick-header-meta":"","header-above-stick-meta":"","header-main-stick-meta":"","header-below-stick-meta":"","astra-migrate-meta-layouts":"default","ast-page-background-enabled":"default","ast-page-background-meta":{"desktop":{"background-color":"","background-image":"","background-repeat":"repeat","background-position":"center center","background-size":"auto","background-attachment":"scroll","background-type":"","background-media":"","overlay-type":"","overlay-color":"","overlay-opacity":"","overlay-gradient":""},"tablet":{"background-color":"","background-image":"","background-repeat":"repeat","background-position":"center center","background-size":"auto","background-attachment":"scroll","background-type":"","background-media":"","overlay-type":"","overlay-color":"","overlay-opacity":"","overlay-gradient":""},"mobile":{"background-color":"","background-image":"","background-repeat":"repeat","background-position":"center center","background-size":"auto","background-attachment":"scroll","background-type":"","background-media":"","overlay-type":"","overlay-color":"","overlay-opacity":"","overlay-gradient":""}},"ast-content-background-meta":{"desktop":{"background-color":"var(--ast-global-color-5)","background-image":"","background-repeat":"repeat","background-position":"center center","background-size":"auto","background-attachment":"scroll","background-type":"","background-media":"","overlay-type":"","overlay-color":"","overlay-opacity":"","overlay-gradient":""},"tablet":{"background-color":"var(--ast-global-color-5)","background-image":"","background-repeat":"repeat","background-position":"center center","background-size":"auto","background-attachment":"scroll","background-type":"","background-media":"","overlay-type":"","overlay-color":"","overlay-opacity":"","overlay-gradient":""},"mobile":{"background-color":"var(--ast-global-color-5)","background-image":"","background-repeat":"repeat","background-position":"center center","background-size":"auto","background-attachment":"scroll","background-type":"","background-media":"","overlay-type":"","overlay-color":"","overlay-opacity":"","overlay-gradient":""}}},"product_brand":[],"product_cat":[155,152,148],"product_tag":[],"class_list":{"0":"post-66421","1":"product","2":"type-product","3":"status-publish","4":"has-post-thumbnail","6":"product_cat-vintage-sessel","7":"product_cat-vintage-sessel-liege","8":"product_cat-vintage-sitzmoebel","9":"pa_designer-cassina","10":"pa_farbe-schwarz","11":"pa_material-chromstahl","12":"pa_material-leder","13":"pa_stil-design","14":"desktop-align-left","15":"tablet-align-left","16":"mobile-align-left","18":"first","19":"outofstock","20":"sold-individually","21":"shipping-taxable","22":"purchasable","23":"product-type-simple"},"acf":[],"yoast_head":"<!-- This site is optimized with the Yoast SEO plugin v27.6 - https:\/\/yoast.com\/product\/yoast-seo-wordpress\/ -->\n<title>LC1 Leder Sessel von Le Corbusier f\u00fcr Cassina | Vintage M\u00f6bel kaufen auf KURATO.CH<\/title>\n<meta name=\"description\" content=\"Entdecke Vintage M\u00f6bel &amp; Dekoration \u27a4 LC1 Leder Sessel von Le Corbusier f\u00fcr Cassina auf Kurato. \u2713Lieferung Schweiz \u271314-Tage R\u00fcckgabe \u2713Secondhand Unikat\" \/>\n<meta name=\"robots\" content=\"index, follow, max-snippet:-1, max-image-preview:large, max-video-preview:-1\" \/>\n<link rel=\"canonical\" href=\"https:\/\/kurato.ch\/fr\/product\/lc1-leder-sessel-von-le-corbusier-fuer-cassina\/\" \/>\n<meta property=\"og:locale\" content=\"fr_FR\" \/>\n<meta property=\"og:type\" content=\"article\" \/>\n<meta property=\"og:title\" content=\"LC1 Leder Sessel von Le Corbusier f\u00fcr Cassina | Vintage M\u00f6bel kaufen auf KURATO.CH\" \/>\n<meta property=\"og:description\" content=\"Entdecke Vintage M\u00f6bel &amp; Dekoration \u27a4 LC1 Leder Sessel von Le Corbusier f\u00fcr Cassina auf Kurato. \u2713Lieferung Schweiz \u271314-Tage R\u00fcckgabe \u2713Secondhand Unikat\" \/>\n<meta property=\"og:url\" content=\"https:\/\/kurato.ch\/fr\/product\/lc1-leder-sessel-von-le-corbusier-fuer-cassina\/\" \/>\n<meta property=\"og:site_name\" content=\"Vintage M\u00f6bel &amp; Dekoration I Kurato\" \/>\n<meta property=\"article:publisher\" content=\"https:\/\/www.facebook.com\/kuratoswitzerland\" \/>\n<meta property=\"article:modified_time\" content=\"2025-07-08T18:55:47+00:00\" \/>\n<meta property=\"og:image\" content=\"https:\/\/kurato.ch\/wp-content\/uploads\/2025\/03\/LC1-Leder-Sessel-von-Le-Corbusier-fuer-Cassina-vintage-secondhand-gebraucht-schweiz-Instagram-Post.jpg\" \/>\n\t<meta property=\"og:image:width\" content=\"810\" \/>\n\t<meta property=\"og:image:height\" content=\"810\" \/>\n\t<meta property=\"og:image:type\" content=\"image\/jpeg\" \/>\n<meta name=\"twitter:label1\" content=\"Dur\u00e9e de lecture estim\u00e9e\" \/>\n\t<meta name=\"twitter:data1\" content=\"1 minute\" \/>\n<script type=\"application\/ld+json\" class=\"yoast-schema-graph\">{\"@context\":\"https:\\\/\\\/schema.org\",\"@graph\":[{\"@type\":\"WebPage\",\"@id\":\"https:\\\/\\\/kurato.ch\\\/product\\\/lc1-leder-sessel-von-le-corbusier-fuer-cassina\\\/\",\"url\":\"https:\\\/\\\/kurato.ch\\\/product\\\/lc1-leder-sessel-von-le-corbusier-fuer-cassina\\\/\",\"name\":\"LC1 Leder Sessel von Le Corbusier f\u00fcr Cassina | Vintage M\u00f6bel kaufen auf KURATO.CH\",\"isPartOf\":{\"@id\":\"https:\\\/\\\/kurato.ch\\\/#website\"},\"primaryImageOfPage\":{\"@id\":\"https:\\\/\\\/kurato.ch\\\/product\\\/lc1-leder-sessel-von-le-corbusier-fuer-cassina\\\/#primaryimage\"},\"image\":{\"@id\":\"https:\\\/\\\/kurato.ch\\\/product\\\/lc1-leder-sessel-von-le-corbusier-fuer-cassina\\\/#primaryimage\"},\"thumbnailUrl\":\"https:\\\/\\\/kurato.ch\\\/wp-content\\\/uploads\\\/2025\\\/03\\\/LC1-Leder-Sessel-von-Le-Corbusier-fuer-Cassina-vintage-secondhand-gebraucht-schweiz-Instagram-Post.jpg\",\"datePublished\":\"2025-03-02T16:22:57+00:00\",\"dateModified\":\"2025-07-08T18:55:47+00:00\",\"description\":\"Entdecke Vintage M\u00f6bel & Dekoration \u27a4 LC1 Leder Sessel von Le Corbusier f\u00fcr Cassina auf Kurato. \u2713Lieferung Schweiz \u271314-Tage R\u00fcckgabe \u2713Secondhand Unikat\",\"breadcrumb\":{\"@id\":\"https:\\\/\\\/kurato.ch\\\/product\\\/lc1-leder-sessel-von-le-corbusier-fuer-cassina\\\/#breadcrumb\"},\"inLanguage\":\"fr-FR\",\"potentialAction\":[{\"@type\":\"ReadAction\",\"target\":[\"https:\\\/\\\/kurato.ch\\\/product\\\/lc1-leder-sessel-von-le-corbusier-fuer-cassina\\\/\"]}]},{\"@type\":\"ImageObject\",\"inLanguage\":\"fr-FR\",\"@id\":\"https:\\\/\\\/kurato.ch\\\/product\\\/lc1-leder-sessel-von-le-corbusier-fuer-cassina\\\/#primaryimage\",\"url\":\"https:\\\/\\\/kurato.ch\\\/wp-content\\\/uploads\\\/2025\\\/03\\\/LC1-Leder-Sessel-von-Le-Corbusier-fuer-Cassina-vintage-secondhand-gebraucht-schweiz-Instagram-Post.jpg\",\"contentUrl\":\"https:\\\/\\\/kurato.ch\\\/wp-content\\\/uploads\\\/2025\\\/03\\\/LC1-Leder-Sessel-von-Le-Corbusier-fuer-Cassina-vintage-secondhand-gebraucht-schweiz-Instagram-Post.jpg\",\"width\":810,\"height\":810,\"caption\":\"LC1 Leder Sessel von Le Corbusier f\u00fcr Cassina\"},{\"@type\":\"BreadcrumbList\",\"@id\":\"https:\\\/\\\/kurato.ch\\\/product\\\/lc1-leder-sessel-von-le-corbusier-fuer-cassina\\\/#breadcrumb\",\"itemListElement\":[{\"@type\":\"ListItem\",\"position\":1,\"name\":\"Home\",\"item\":\"https:\\\/\\\/kurato.ch\\\/\"},{\"@type\":\"ListItem\",\"position\":2,\"name\":\"Neuheiten\",\"item\":\"https:\\\/\\\/kurato.ch\\\/neuheiten\\\/\"},{\"@type\":\"ListItem\",\"position\":3,\"name\":\"LC1 Leder Sessel von Le Corbusier f\u00fcr Cassina\"}]},{\"@type\":\"WebSite\",\"@id\":\"https:\\\/\\\/kurato.ch\\\/#website\",\"url\":\"https:\\\/\\\/kurato.ch\\\/\",\"name\":\"Vintage M\u00f6bel &amp; Dekoration I Kurato\",\"description\":\"Vintage M\u00f6bel &amp; Dekoration I Kurato\",\"publisher\":{\"@id\":\"https:\\\/\\\/kurato.ch\\\/#organization\"},\"potentialAction\":[{\"@type\":\"SearchAction\",\"target\":{\"@type\":\"EntryPoint\",\"urlTemplate\":\"https:\\\/\\\/kurato.ch\\\/?s={search_term_string}\"},\"query-input\":{\"@type\":\"PropertyValueSpecification\",\"valueRequired\":true,\"valueName\":\"search_term_string\"}}],\"inLanguage\":\"fr-FR\"},{\"@type\":\"Organization\",\"@id\":\"https:\\\/\\\/kurato.ch\\\/#organization\",\"name\":\"Kurato.\",\"url\":\"https:\\\/\\\/kurato.ch\\\/\",\"logo\":{\"@type\":\"ImageObject\",\"inLanguage\":\"fr-FR\",\"@id\":\"https:\\\/\\\/kurato.ch\\\/#\\\/schema\\\/logo\\\/image\\\/\",\"url\":\"\",\"contentUrl\":\"\",\"caption\":\"Kurato.\"},\"image\":{\"@id\":\"https:\\\/\\\/kurato.ch\\\/#\\\/schema\\\/logo\\\/image\\\/\"},\"sameAs\":[\"https:\\\/\\\/www.facebook.com\\\/kuratoswitzerland\",\"https:\\\/\\\/www.instagram.com\\\/kurato.ch\\\/\",\"https:\\\/\\\/www.pinterest.ch\\\/kurato_ch\\\/_created\\\/\"]}]}<\/script>\n<!-- \/ Yoast SEO plugin. -->","yoast_head_json":{"title":"LC1 Leder Sessel von Le Corbusier f\u00fcr Cassina | Vintage M\u00f6bel kaufen auf KURATO.CH","description":"Entdecke Vintage M\u00f6bel & Dekoration \u27a4 LC1 Leder Sessel von Le Corbusier f\u00fcr Cassina auf Kurato. \u2713Lieferung Schweiz \u271314-Tage R\u00fcckgabe \u2713Secondhand Unikat","robots":{"index":"index","follow":"follow","max-snippet":"max-snippet:-1","max-image-preview":"max-image-preview:large","max-video-preview":"max-video-preview:-1"},"canonical":"https:\/\/kurato.ch\/fr\/product\/lc1-leder-sessel-von-le-corbusier-fuer-cassina\/","og_locale":"fr_FR","og_type":"article","og_title":"LC1 Leder Sessel von Le Corbusier f\u00fcr Cassina | Vintage M\u00f6bel kaufen auf KURATO.CH","og_description":"Entdecke Vintage M\u00f6bel & Dekoration \u27a4 LC1 Leder Sessel von Le Corbusier f\u00fcr Cassina auf Kurato. \u2713Lieferung Schweiz \u271314-Tage R\u00fcckgabe \u2713Secondhand Unikat","og_url":"https:\/\/kurato.ch\/fr\/product\/lc1-leder-sessel-von-le-corbusier-fuer-cassina\/","og_site_name":"Vintage M\u00f6bel &amp; Dekoration I Kurato","article_publisher":"https:\/\/www.facebook.com\/kuratoswitzerland","article_modified_time":"2025-07-08T18:55:47+00:00","og_image":[{"width":810,"height":810,"url":"https:\/\/kurato.ch\/wp-content\/uploads\/2025\/03\/LC1-Leder-Sessel-von-Le-Corbusier-fuer-Cassina-vintage-secondhand-gebraucht-schweiz-Instagram-Post.jpg","type":"image\/jpeg"}],"twitter_misc":{"Dur\u00e9e de lecture estim\u00e9e":"1 minute"},"schema":{"@context":"https:\/\/schema.org","@graph":[{"@type":"WebPage","@id":"https:\/\/kurato.ch\/product\/lc1-leder-sessel-von-le-corbusier-fuer-cassina\/","url":"https:\/\/kurato.ch\/product\/lc1-leder-sessel-von-le-corbusier-fuer-cassina\/","name":"LC1 Leder Sessel von Le Corbusier f\u00fcr Cassina | Vintage M\u00f6bel kaufen auf KURATO.CH","isPartOf":{"@id":"https:\/\/kurato.ch\/#website"},"primaryImageOfPage":{"@id":"https:\/\/kurato.ch\/product\/lc1-leder-sessel-von-le-corbusier-fuer-cassina\/#primaryimage"},"image":{"@id":"https:\/\/kurato.ch\/product\/lc1-leder-sessel-von-le-corbusier-fuer-cassina\/#primaryimage"},"thumbnailUrl":"https:\/\/kurato.ch\/wp-content\/uploads\/2025\/03\/LC1-Leder-Sessel-von-Le-Corbusier-fuer-Cassina-vintage-secondhand-gebraucht-schweiz-Instagram-Post.jpg","datePublished":"2025-03-02T16:22:57+00:00","dateModified":"2025-07-08T18:55:47+00:00","description":"Entdecke Vintage M\u00f6bel & Dekoration \u27a4 LC1 Leder Sessel von Le Corbusier f\u00fcr Cassina auf Kurato. \u2713Lieferung Schweiz \u271314-Tage R\u00fcckgabe \u2713Secondhand Unikat","breadcrumb":{"@id":"https:\/\/kurato.ch\/product\/lc1-leder-sessel-von-le-corbusier-fuer-cassina\/#breadcrumb"},"inLanguage":"fr-FR","potentialAction":[{"@type":"ReadAction","target":["https:\/\/kurato.ch\/product\/lc1-leder-sessel-von-le-corbusier-fuer-cassina\/"]}]},{"@type":"ImageObject","inLanguage":"fr-FR","@id":"https:\/\/kurato.ch\/product\/lc1-leder-sessel-von-le-corbusier-fuer-cassina\/#primaryimage","url":"https:\/\/kurato.ch\/wp-content\/uploads\/2025\/03\/LC1-Leder-Sessel-von-Le-Corbusier-fuer-Cassina-vintage-secondhand-gebraucht-schweiz-Instagram-Post.jpg","contentUrl":"https:\/\/kurato.ch\/wp-content\/uploads\/2025\/03\/LC1-Leder-Sessel-von-Le-Corbusier-fuer-Cassina-vintage-secondhand-gebraucht-schweiz-Instagram-Post.jpg","width":810,"height":810,"caption":"LC1 Leder Sessel von Le Corbusier f\u00fcr Cassina"},{"@type":"BreadcrumbList","@id":"https:\/\/kurato.ch\/product\/lc1-leder-sessel-von-le-corbusier-fuer-cassina\/#breadcrumb","itemListElement":[{"@type":"ListItem","position":1,"name":"Home","item":"https:\/\/kurato.ch\/"},{"@type":"ListItem","position":2,"name":"Neuheiten","item":"https:\/\/kurato.ch\/neuheiten\/"},{"@type":"ListItem","position":3,"name":"LC1 Leder Sessel von Le Corbusier f\u00fcr Cassina"}]},{"@type":"WebSite","@id":"https:\/\/kurato.ch\/#website","url":"https:\/\/kurato.ch\/","name":"Meubles vintage &amp; d\u00e9coration I Kurato","description":"Meubles vintage &amp; d\u00e9coration I Kurato","publisher":{"@id":"https:\/\/kurato.ch\/#organization"},"potentialAction":[{"@type":"SearchAction","target":{"@type":"EntryPoint","urlTemplate":"https:\/\/kurato.ch\/?s={search_term_string}"},"query-input":{"@type":"PropertyValueSpecification","valueRequired":true,"valueName":"search_term_string"}}],"inLanguage":"fr-FR"},{"@type":"Organization","@id":"https:\/\/kurato.ch\/#organization","name":"Kurato.","url":"https:\/\/kurato.ch\/","logo":{"@type":"ImageObject","inLanguage":"fr-FR","@id":"https:\/\/kurato.ch\/#\/schema\/logo\/image\/","url":"","contentUrl":"","caption":"Kurato."},"image":{"@id":"https:\/\/kurato.ch\/#\/schema\/logo\/image\/"},"sameAs":["https:\/\/www.facebook.com\/kuratoswitzerland","https:\/\/www.instagram.com\/kurato.ch\/","https:\/\/www.pinterest.ch\/kurato_ch\/_created\/"]}]}},"_links":{"self":[{"href":"https:\/\/kurato.ch\/fr\/wp-json\/wp\/v2\/product\/66421","targetHints":{"allow":["GET"]}}],"collection":[{"href":"https:\/\/kurato.ch\/fr\/wp-json\/wp\/v2\/product"}],"about":[{"href":"https:\/\/kurato.ch\/fr\/wp-json\/wp\/v2\/types\/product"}],"wp:featuredmedia":[{"embeddable":true,"href":"https:\/\/kurato.ch\/fr\/wp-json\/wp\/v2\/media\/66639"}],"wp:attachment":[{"href":"https:\/\/kurato.ch\/fr\/wp-json\/wp\/v2\/media?parent=66421"}],"wp:term":[{"taxonomy":"product_brand","embeddable":true,"href":"https:\/\/kurato.ch\/fr\/wp-json\/wp\/v2\/product_brand?post=66421"},{"taxonomy":"product_cat","embeddable":true,"href":"https:\/\/kurato.ch\/fr\/wp-json\/wp\/v2\/product_cat?post=66421"},{"taxonomy":"product_tag","embeddable":true,"href":"https:\/\/kurato.ch\/fr\/wp-json\/wp\/v2\/product_tag?post=66421"}],"curies":[{"name":"wp","href":"https:\/\/api.w.org\/{rel}","templated":true}]}}