{"id":66777,"date":"2025-03-08T19:31:50","date_gmt":"2025-03-08T17:31:50","guid":{"rendered":"https:\/\/kurato.ch\/?post_type=product&#038;p=66777"},"modified":"2025-03-08T19:31:51","modified_gmt":"2025-03-08T17:31:51","slug":"wandgarderobe-aus-glas-von-cristal-art-turin-italien-ca-1950er-jahre","status":"publish","type":"product","link":"https:\/\/kurato.ch\/fr\/product\/wandgarderobe-aus-glas-von-cristal-art-turin-italien-ca-1950er-jahre\/","title":{"rendered":"Wandgarderobe aus Glas von Cristal Art, Turin, Italien, ca. 1950er Jahre"},"content":{"rendered":"<p>Ein seltener und beeindruckender wandmontierter Mantel- und Hutst\u00e4nder von Cristal Art mit einer atemberaubenden golden Glasplatte und handgeschliffenen Facetten. Die vier Messinghaken sind mit dickem, kreisf\u00f6rmigem Kristallglas \u00fcberzogen und von einem eleganten, vergoldeten Messingrahmen eingefasst. Dieses Designmodell ist ein klassisches Beispiel f\u00fcr die hochwertigen Glasarbeiten, f\u00fcr die Cristal Art ber\u00fchmt ist.<\/p>\n<p>Cristal Art wurde 1944 von Giuseppe und Giovanni Donna in Turin gegr\u00fcndet und spezialisierte sich auf die Gestaltung und Produktion eleganter Glas- und Kristallm\u00f6bel sowie Spiegel.<\/p>\n<p>Ein aussergew\u00f6hnliches Sammlerst\u00fcck, das Eleganz und Funktionalit\u00e4t in jeden Raum bringt.<\/p>\n<p>Hersteller: Cristal Art<br \/>Stil: Art d\u00e9co<br \/>Materialien: Messing, Glas, Spiegel<br \/>Herkunft: Italien<br \/>Herstellungszeitraum: 1950er Jahre<\/p>\n<p>Zustand: Das St\u00fcck weist kleine Abnutzungsspuren auf der Spiegeloberfl\u00e4che auf, die den Gesamteindruck jedoch nicht beeintr\u00e4chtigen. Bitte beachten Sie die Fotos als Teil der Beschreibung.<\/p>\n<p>Masse: H\u00f6he: 33,5 x Breite: 108,5 x Tiefe: 2,5 cm<\/p>\n<p>- Enl\u00e8vement possible 365 jours par an entre 09:00 et 19:00 \u00e0 Zurich avec prise de rendez-vous.<br \/>&#8211; Lieferung schweizweit m\u00f6glich! Frage einfach nach dem Preis, der sich je nach Entfernung berechnet.<\/p>","protected":false},"excerpt":{"rendered":"<p>Ein seltener und beeindruckender wandmontierter Mantel- und Hutst\u00e4nder von Cristal Art mit einer atemberaubenden golden Glasplatte und handgeschliffenen Facetten. Die vier Messinghaken sind mit dickem, kreisf\u00f6rmigem Kristallglas \u00fcberzogen und von einem eleganten, vergoldeten Messingrahmen eingefasst. Dieses Designmodell ist ein klassisches Beispiel f\u00fcr die hochwertigen Glasarbeiten, f\u00fcr die Cristal Art ber\u00fchmt ist. Cristal Art wurde 1944 [&hellip;]<\/p>\n","protected":false},"featured_media":66846,"template":"","meta":{"_acf_changed":false,"site-sidebar-layout":"default","site-content-layout":"","ast-site-content-layout":"default","site-content-style":"default","site-sidebar-style":"default","ast-global-header-display":"","ast-banner-title-visibility":"","ast-main-header-display":"","ast-hfb-above-header-display":"","ast-hfb-below-header-display":"","ast-hfb-mobile-header-display":"","site-post-title":"","ast-breadcrumbs-content":"","ast-featured-img":"","footer-sml-layout":"","ast-disable-related-posts":"","theme-transparent-header-meta":"","adv-header-id-meta":"","stick-header-meta":"","header-above-stick-meta":"","header-main-stick-meta":"","header-below-stick-meta":"","astra-migrate-meta-layouts":"default","ast-page-background-enabled":"default","ast-page-background-meta":{"desktop":{"background-color":"","background-image":"","background-repeat":"repeat","background-position":"center center","background-size":"auto","background-attachment":"scroll","background-type":"","background-media":"","overlay-type":"","overlay-color":"","overlay-opacity":"","overlay-gradient":""},"tablet":{"background-color":"","background-image":"","background-repeat":"repeat","background-position":"center center","background-size":"auto","background-attachment":"scroll","background-type":"","background-media":"","overlay-type":"","overlay-color":"","overlay-opacity":"","overlay-gradient":""},"mobile":{"background-color":"","background-image":"","background-repeat":"repeat","background-position":"center center","background-size":"auto","background-attachment":"scroll","background-type":"","background-media":"","overlay-type":"","overlay-color":"","overlay-opacity":"","overlay-gradient":""}},"ast-content-background-meta":{"desktop":{"background-color":"var(--ast-global-color-5)","background-image":"","background-repeat":"repeat","background-position":"center center","background-size":"auto","background-attachment":"scroll","background-type":"","background-media":"","overlay-type":"","overlay-color":"","overlay-opacity":"","overlay-gradient":""},"tablet":{"background-color":"var(--ast-global-color-5)","background-image":"","background-repeat":"repeat","background-position":"center center","background-size":"auto","background-attachment":"scroll","background-type":"","background-media":"","overlay-type":"","overlay-color":"","overlay-opacity":"","overlay-gradient":""},"mobile":{"background-color":"var(--ast-global-color-5)","background-image":"","background-repeat":"repeat","background-position":"center center","background-size":"auto","background-attachment":"scroll","background-type":"","background-media":"","overlay-type":"","overlay-color":"","overlay-opacity":"","overlay-gradient":""}}},"product_brand":[],"product_cat":[77],"product_tag":[],"class_list":{"0":"post-66777","1":"product","2":"type-product","3":"status-publish","4":"has-post-thumbnail","6":"product_cat-vintage-kleiderstaender","7":"pa_farbe-farbegold","8":"pa_material-glas-kristall","9":"pa_material-messing","10":"pa_stil-vintage","11":"desktop-align-left","12":"tablet-align-left","13":"mobile-align-left","15":"first","16":"instock","17":"sold-individually","18":"shipping-taxable","19":"purchasable","20":"product-type-simple"},"acf":[],"yoast_head":"<!-- This site is optimized with the Yoast SEO plugin v27.5 - https:\/\/yoast.com\/product\/yoast-seo-wordpress\/ -->\n<title>Wandgarderobe aus Glas von Cristal Art, Turin, Italien, ca. 1950er Jahre | Vintage M\u00f6bel kaufen auf KURATO.CH<\/title>\n<meta name=\"description\" content=\"Entdecke Vintage M\u00f6bel &amp; Dekoration \u27a4 Wandgarderobe aus Glas von Cristal Art, Turin, Italien, ca. 1950er Jahre auf Kurato. \u2713Lieferung Schweiz \u271314-Tage R\u00fcckgabe \u2713Secondhand Unikat\" \/>\n<meta name=\"robots\" content=\"index, follow, max-snippet:-1, max-image-preview:large, max-video-preview:-1\" \/>\n<link rel=\"canonical\" href=\"https:\/\/kurato.ch\/fr\/product\/wandgarderobe-aus-glas-von-cristal-art-turin-italien-ca-1950er-jahre\/\" \/>\n<meta property=\"og:locale\" content=\"fr_FR\" \/>\n<meta property=\"og:type\" content=\"article\" \/>\n<meta property=\"og:title\" content=\"Wandgarderobe aus Glas von Cristal Art, Turin, Italien, ca. 1950er Jahre | Vintage M\u00f6bel kaufen auf KURATO.CH\" \/>\n<meta property=\"og:description\" content=\"Entdecke Vintage M\u00f6bel &amp; Dekoration \u27a4 Wandgarderobe aus Glas von Cristal Art, Turin, Italien, ca. 1950er Jahre auf Kurato. \u2713Lieferung Schweiz \u271314-Tage R\u00fcckgabe \u2713Secondhand Unikat\" \/>\n<meta property=\"og:url\" content=\"https:\/\/kurato.ch\/fr\/product\/wandgarderobe-aus-glas-von-cristal-art-turin-italien-ca-1950er-jahre\/\" \/>\n<meta property=\"og:site_name\" content=\"Vintage M\u00f6bel &amp; Dekoration I Kurato\" \/>\n<meta property=\"article:publisher\" content=\"https:\/\/www.facebook.com\/kuratoswitzerland\" \/>\n<meta property=\"article:modified_time\" content=\"2025-03-08T17:31:51+00:00\" \/>\n<meta property=\"og:image\" content=\"https:\/\/kurato.ch\/wp-content\/uploads\/2025\/03\/Wandgarderobe-aus-Glas-von-Cristal-Art-Turin-Italien-ca.-1950er-Jahre-vintage-secondhand-gebraucht-schweiz-Instagram-Post.jpg\" \/>\n\t<meta property=\"og:image:width\" content=\"810\" \/>\n\t<meta property=\"og:image:height\" content=\"810\" \/>\n\t<meta property=\"og:image:type\" content=\"image\/jpeg\" \/>\n<meta name=\"twitter:label1\" content=\"Dur\u00e9e de lecture estim\u00e9e\" \/>\n\t<meta name=\"twitter:data1\" content=\"1 minute\" \/>\n<script type=\"application\/ld+json\" class=\"yoast-schema-graph\">{\"@context\":\"https:\\\/\\\/schema.org\",\"@graph\":[{\"@type\":\"WebPage\",\"@id\":\"https:\\\/\\\/kurato.ch\\\/product\\\/wandgarderobe-aus-glas-von-cristal-art-turin-italien-ca-1950er-jahre\\\/\",\"url\":\"https:\\\/\\\/kurato.ch\\\/product\\\/wandgarderobe-aus-glas-von-cristal-art-turin-italien-ca-1950er-jahre\\\/\",\"name\":\"Wandgarderobe aus Glas von Cristal Art, Turin, Italien, ca. 1950er Jahre | Vintage M\u00f6bel kaufen auf KURATO.CH\",\"isPartOf\":{\"@id\":\"https:\\\/\\\/kurato.ch\\\/#website\"},\"primaryImageOfPage\":{\"@id\":\"https:\\\/\\\/kurato.ch\\\/product\\\/wandgarderobe-aus-glas-von-cristal-art-turin-italien-ca-1950er-jahre\\\/#primaryimage\"},\"image\":{\"@id\":\"https:\\\/\\\/kurato.ch\\\/product\\\/wandgarderobe-aus-glas-von-cristal-art-turin-italien-ca-1950er-jahre\\\/#primaryimage\"},\"thumbnailUrl\":\"https:\\\/\\\/kurato.ch\\\/wp-content\\\/uploads\\\/2025\\\/03\\\/Wandgarderobe-aus-Glas-von-Cristal-Art-Turin-Italien-ca.-1950er-Jahre-vintage-secondhand-gebraucht-schweiz-Instagram-Post.jpg\",\"datePublished\":\"2025-03-08T17:31:50+00:00\",\"dateModified\":\"2025-03-08T17:31:51+00:00\",\"description\":\"Entdecke Vintage M\u00f6bel & Dekoration \u27a4 Wandgarderobe aus Glas von Cristal Art, Turin, Italien, ca. 1950er Jahre auf Kurato. \u2713Lieferung Schweiz \u271314-Tage R\u00fcckgabe \u2713Secondhand Unikat\",\"breadcrumb\":{\"@id\":\"https:\\\/\\\/kurato.ch\\\/product\\\/wandgarderobe-aus-glas-von-cristal-art-turin-italien-ca-1950er-jahre\\\/#breadcrumb\"},\"inLanguage\":\"fr-FR\",\"potentialAction\":[{\"@type\":\"ReadAction\",\"target\":[\"https:\\\/\\\/kurato.ch\\\/product\\\/wandgarderobe-aus-glas-von-cristal-art-turin-italien-ca-1950er-jahre\\\/\"]}]},{\"@type\":\"ImageObject\",\"inLanguage\":\"fr-FR\",\"@id\":\"https:\\\/\\\/kurato.ch\\\/product\\\/wandgarderobe-aus-glas-von-cristal-art-turin-italien-ca-1950er-jahre\\\/#primaryimage\",\"url\":\"https:\\\/\\\/kurato.ch\\\/wp-content\\\/uploads\\\/2025\\\/03\\\/Wandgarderobe-aus-Glas-von-Cristal-Art-Turin-Italien-ca.-1950er-Jahre-vintage-secondhand-gebraucht-schweiz-Instagram-Post.jpg\",\"contentUrl\":\"https:\\\/\\\/kurato.ch\\\/wp-content\\\/uploads\\\/2025\\\/03\\\/Wandgarderobe-aus-Glas-von-Cristal-Art-Turin-Italien-ca.-1950er-Jahre-vintage-secondhand-gebraucht-schweiz-Instagram-Post.jpg\",\"width\":810,\"height\":810,\"caption\":\"Wandgarderobe aus Glas von Cristal Art, Turin, Italien, ca. 1950er Jahre\"},{\"@type\":\"BreadcrumbList\",\"@id\":\"https:\\\/\\\/kurato.ch\\\/product\\\/wandgarderobe-aus-glas-von-cristal-art-turin-italien-ca-1950er-jahre\\\/#breadcrumb\",\"itemListElement\":[{\"@type\":\"ListItem\",\"position\":1,\"name\":\"Home\",\"item\":\"https:\\\/\\\/kurato.ch\\\/\"},{\"@type\":\"ListItem\",\"position\":2,\"name\":\"Neuheiten\",\"item\":\"https:\\\/\\\/kurato.ch\\\/neuheiten\\\/\"},{\"@type\":\"ListItem\",\"position\":3,\"name\":\"Wandgarderobe aus Glas von Cristal Art, Turin, Italien, ca. 1950er Jahre\"}]},{\"@type\":\"WebSite\",\"@id\":\"https:\\\/\\\/kurato.ch\\\/#website\",\"url\":\"https:\\\/\\\/kurato.ch\\\/\",\"name\":\"Vintage M\u00f6bel &amp; Dekoration I Kurato\",\"description\":\"Vintage M\u00f6bel &amp; Dekoration I Kurato\",\"publisher\":{\"@id\":\"https:\\\/\\\/kurato.ch\\\/#organization\"},\"potentialAction\":[{\"@type\":\"SearchAction\",\"target\":{\"@type\":\"EntryPoint\",\"urlTemplate\":\"https:\\\/\\\/kurato.ch\\\/?s={search_term_string}\"},\"query-input\":{\"@type\":\"PropertyValueSpecification\",\"valueRequired\":true,\"valueName\":\"search_term_string\"}}],\"inLanguage\":\"fr-FR\"},{\"@type\":\"Organization\",\"@id\":\"https:\\\/\\\/kurato.ch\\\/#organization\",\"name\":\"Kurato.\",\"url\":\"https:\\\/\\\/kurato.ch\\\/\",\"logo\":{\"@type\":\"ImageObject\",\"inLanguage\":\"fr-FR\",\"@id\":\"https:\\\/\\\/kurato.ch\\\/#\\\/schema\\\/logo\\\/image\\\/\",\"url\":\"\",\"contentUrl\":\"\",\"caption\":\"Kurato.\"},\"image\":{\"@id\":\"https:\\\/\\\/kurato.ch\\\/#\\\/schema\\\/logo\\\/image\\\/\"},\"sameAs\":[\"https:\\\/\\\/www.facebook.com\\\/kuratoswitzerland\",\"https:\\\/\\\/www.instagram.com\\\/kurato.ch\\\/\",\"https:\\\/\\\/www.pinterest.ch\\\/kurato_ch\\\/_created\\\/\"]}]}<\/script>\n<!-- \/ Yoast SEO plugin. -->","yoast_head_json":{"title":"Wandgarderobe aus Glas von Cristal Art, Turin, Italien, ca. 1950er Jahre | Vintage M\u00f6bel kaufen auf KURATO.CH","description":"Entdecke Vintage M\u00f6bel & Dekoration \u27a4 Wandgarderobe aus Glas von Cristal Art, Turin, Italien, ca. 1950er Jahre auf Kurato. \u2713Lieferung Schweiz \u271314-Tage R\u00fcckgabe \u2713Secondhand Unikat","robots":{"index":"index","follow":"follow","max-snippet":"max-snippet:-1","max-image-preview":"max-image-preview:large","max-video-preview":"max-video-preview:-1"},"canonical":"https:\/\/kurato.ch\/fr\/product\/wandgarderobe-aus-glas-von-cristal-art-turin-italien-ca-1950er-jahre\/","og_locale":"fr_FR","og_type":"article","og_title":"Wandgarderobe aus Glas von Cristal Art, Turin, Italien, ca. 1950er Jahre | Vintage M\u00f6bel kaufen auf KURATO.CH","og_description":"Entdecke Vintage M\u00f6bel & Dekoration \u27a4 Wandgarderobe aus Glas von Cristal Art, Turin, Italien, ca. 1950er Jahre auf Kurato. \u2713Lieferung Schweiz \u271314-Tage R\u00fcckgabe \u2713Secondhand Unikat","og_url":"https:\/\/kurato.ch\/fr\/product\/wandgarderobe-aus-glas-von-cristal-art-turin-italien-ca-1950er-jahre\/","og_site_name":"Vintage M\u00f6bel &amp; Dekoration I Kurato","article_publisher":"https:\/\/www.facebook.com\/kuratoswitzerland","article_modified_time":"2025-03-08T17:31:51+00:00","og_image":[{"width":810,"height":810,"url":"https:\/\/kurato.ch\/wp-content\/uploads\/2025\/03\/Wandgarderobe-aus-Glas-von-Cristal-Art-Turin-Italien-ca.-1950er-Jahre-vintage-secondhand-gebraucht-schweiz-Instagram-Post.jpg","type":"image\/jpeg"}],"twitter_misc":{"Dur\u00e9e de lecture estim\u00e9e":"1 minute"},"schema":{"@context":"https:\/\/schema.org","@graph":[{"@type":"WebPage","@id":"https:\/\/kurato.ch\/product\/wandgarderobe-aus-glas-von-cristal-art-turin-italien-ca-1950er-jahre\/","url":"https:\/\/kurato.ch\/product\/wandgarderobe-aus-glas-von-cristal-art-turin-italien-ca-1950er-jahre\/","name":"Wandgarderobe aus Glas von Cristal Art, Turin, Italien, ca. 1950er Jahre | Vintage M\u00f6bel kaufen auf KURATO.CH","isPartOf":{"@id":"https:\/\/kurato.ch\/#website"},"primaryImageOfPage":{"@id":"https:\/\/kurato.ch\/product\/wandgarderobe-aus-glas-von-cristal-art-turin-italien-ca-1950er-jahre\/#primaryimage"},"image":{"@id":"https:\/\/kurato.ch\/product\/wandgarderobe-aus-glas-von-cristal-art-turin-italien-ca-1950er-jahre\/#primaryimage"},"thumbnailUrl":"https:\/\/kurato.ch\/wp-content\/uploads\/2025\/03\/Wandgarderobe-aus-Glas-von-Cristal-Art-Turin-Italien-ca.-1950er-Jahre-vintage-secondhand-gebraucht-schweiz-Instagram-Post.jpg","datePublished":"2025-03-08T17:31:50+00:00","dateModified":"2025-03-08T17:31:51+00:00","description":"Entdecke Vintage M\u00f6bel & Dekoration \u27a4 Wandgarderobe aus Glas von Cristal Art, Turin, Italien, ca. 1950er Jahre auf Kurato. \u2713Lieferung Schweiz \u271314-Tage R\u00fcckgabe \u2713Secondhand Unikat","breadcrumb":{"@id":"https:\/\/kurato.ch\/product\/wandgarderobe-aus-glas-von-cristal-art-turin-italien-ca-1950er-jahre\/#breadcrumb"},"inLanguage":"fr-FR","potentialAction":[{"@type":"ReadAction","target":["https:\/\/kurato.ch\/product\/wandgarderobe-aus-glas-von-cristal-art-turin-italien-ca-1950er-jahre\/"]}]},{"@type":"ImageObject","inLanguage":"fr-FR","@id":"https:\/\/kurato.ch\/product\/wandgarderobe-aus-glas-von-cristal-art-turin-italien-ca-1950er-jahre\/#primaryimage","url":"https:\/\/kurato.ch\/wp-content\/uploads\/2025\/03\/Wandgarderobe-aus-Glas-von-Cristal-Art-Turin-Italien-ca.-1950er-Jahre-vintage-secondhand-gebraucht-schweiz-Instagram-Post.jpg","contentUrl":"https:\/\/kurato.ch\/wp-content\/uploads\/2025\/03\/Wandgarderobe-aus-Glas-von-Cristal-Art-Turin-Italien-ca.-1950er-Jahre-vintage-secondhand-gebraucht-schweiz-Instagram-Post.jpg","width":810,"height":810,"caption":"Wandgarderobe aus Glas von Cristal Art, Turin, Italien, ca. 1950er Jahre"},{"@type":"BreadcrumbList","@id":"https:\/\/kurato.ch\/product\/wandgarderobe-aus-glas-von-cristal-art-turin-italien-ca-1950er-jahre\/#breadcrumb","itemListElement":[{"@type":"ListItem","position":1,"name":"Home","item":"https:\/\/kurato.ch\/"},{"@type":"ListItem","position":2,"name":"Neuheiten","item":"https:\/\/kurato.ch\/neuheiten\/"},{"@type":"ListItem","position":3,"name":"Wandgarderobe aus Glas von Cristal Art, Turin, Italien, ca. 1950er Jahre"}]},{"@type":"WebSite","@id":"https:\/\/kurato.ch\/#website","url":"https:\/\/kurato.ch\/","name":"Meubles vintage &amp; d\u00e9coration I Kurato","description":"Meubles vintage &amp; d\u00e9coration I Kurato","publisher":{"@id":"https:\/\/kurato.ch\/#organization"},"potentialAction":[{"@type":"SearchAction","target":{"@type":"EntryPoint","urlTemplate":"https:\/\/kurato.ch\/?s={search_term_string}"},"query-input":{"@type":"PropertyValueSpecification","valueRequired":true,"valueName":"search_term_string"}}],"inLanguage":"fr-FR"},{"@type":"Organization","@id":"https:\/\/kurato.ch\/#organization","name":"Kurato.","url":"https:\/\/kurato.ch\/","logo":{"@type":"ImageObject","inLanguage":"fr-FR","@id":"https:\/\/kurato.ch\/#\/schema\/logo\/image\/","url":"","contentUrl":"","caption":"Kurato."},"image":{"@id":"https:\/\/kurato.ch\/#\/schema\/logo\/image\/"},"sameAs":["https:\/\/www.facebook.com\/kuratoswitzerland","https:\/\/www.instagram.com\/kurato.ch\/","https:\/\/www.pinterest.ch\/kurato_ch\/_created\/"]}]}},"_links":{"self":[{"href":"https:\/\/kurato.ch\/fr\/wp-json\/wp\/v2\/product\/66777","targetHints":{"allow":["GET"]}}],"collection":[{"href":"https:\/\/kurato.ch\/fr\/wp-json\/wp\/v2\/product"}],"about":[{"href":"https:\/\/kurato.ch\/fr\/wp-json\/wp\/v2\/types\/product"}],"wp:featuredmedia":[{"embeddable":true,"href":"https:\/\/kurato.ch\/fr\/wp-json\/wp\/v2\/media\/66846"}],"wp:attachment":[{"href":"https:\/\/kurato.ch\/fr\/wp-json\/wp\/v2\/media?parent=66777"}],"wp:term":[{"taxonomy":"product_brand","embeddable":true,"href":"https:\/\/kurato.ch\/fr\/wp-json\/wp\/v2\/product_brand?post=66777"},{"taxonomy":"product_cat","embeddable":true,"href":"https:\/\/kurato.ch\/fr\/wp-json\/wp\/v2\/product_cat?post=66777"},{"taxonomy":"product_tag","embeddable":true,"href":"https:\/\/kurato.ch\/fr\/wp-json\/wp\/v2\/product_tag?post=66777"}],"curies":[{"name":"wp","href":"https:\/\/api.w.org\/{rel}","templated":true}]}}