{"id":66981,"date":"2025-05-03T14:42:39","date_gmt":"2025-05-03T12:42:39","guid":{"rendered":"https:\/\/kurato.ch\/?post_type=product&#038;p=66981"},"modified":"2025-05-03T14:42:39","modified_gmt":"2025-05-03T12:42:39","slug":"thonet-s33-all-white-von-mart-stam-1926er-jahre-zz-6-stueck-verfuegbar","status":"publish","type":"product","link":"https:\/\/kurato.ch\/fr\/product\/thonet-s33-all-white-von-mart-stam-1926er-jahre-zz-6-stueck-verfuegbar\/","title":{"rendered":"Thonet S33 All White von Mart Stam 1926er Jahre (zZ. 6 St\u00fcck verf\u00fcgbar)"},"content":{"rendered":"<p>\u00a0Thonet S33 All White von Mart Stam 1926er Jahre<\/p>\n<p>Preis: 564,- CHF pro Stuhl.<br \/>St\u00fcckanzahl: 6 sind Verf\u00fcgbar.<\/p>\n<p>Der Thonet S33 All White von Mart Stam ist ein zeitloser Klassiker des modernen M\u00f6beldesigns und geh\u00f6rt zu den ersten Freischwinger-St\u00fchlen der Geschichte. Entworfen 1926 von Mart Stam, revolutionierte dieser Stuhl die M\u00f6belwelt durch den Einsatz von Stahlrohr und das innovative, schwebende Design ohne hintere Stuhlbeine.<\/p>\n<p>Der S33 All White zeichnet sich durch seine minimalistische und elegante \u00c4sthetik aus. Das durchgehende, wei\u00df lackierte Stahlrohrgestell verleiht dem Stuhl seine charakteristische, freischwingende Form und sorgt gleichzeitig f\u00fcr Stabilit\u00e4t und Leichtigkeit. Der Stuhl hat eine federnde Wirkung, die den Sitzkomfort erh\u00f6ht, da er leicht nachgibt, wenn man sich hineinsetzt.<\/p>\n<p>Zustand: Die St\u00fchle befinden sich in einem guten aber gebrauchten Zustand. Der wei\u00dfe Metallrahmen zeigt leichte Abnutzungsspuren (z.B. Lackabplatzer und Kratzer). Die N\u00e4hte sind intakt und sind sehr gut verarbeitet. Das Leder zeigt zwar auch leichte Gebrauchsspuren, dies unterstreicht aber nur das Alter der St\u00fchle. Insgesamt sind die St\u00fchle f\u00fcr ihr Alter in einem Top Zustand.<\/p>\n<p>Masse: L50.5 x B50 x H85<br \/>Sitzh\u00f6he: 48.5<\/p>\n<p>&#8211; Abholung von Montag bis Samstag (ausser Feiertage) zwischen 10:00 bis 19:00 Uhr in Z\u00fcrich mit Terminvereinbarung.<br \/>&#8211; Lieferung schweizweit m\u00f6glich! Frage einfach nach dem Preis, der sich je nach Entfernung berechnet.<\/p>","protected":false},"excerpt":{"rendered":"<p>\u00a0Thonet S33 All White von Mart Stam 1926er Jahre Preis: 564,- CHF pro Stuhl.St\u00fcckanzahl: 6 sind Verf\u00fcgbar. Der Thonet S33 All White von Mart Stam ist ein zeitloser Klassiker des modernen M\u00f6beldesigns und geh\u00f6rt zu den ersten Freischwinger-St\u00fchlen der Geschichte. Entworfen 1926 von Mart Stam, revolutionierte dieser Stuhl die M\u00f6belwelt durch den Einsatz von Stahlrohr [&hellip;]<\/p>\n","protected":false},"featured_media":67878,"template":"","meta":{"_acf_changed":false,"site-sidebar-layout":"default","site-content-layout":"","ast-site-content-layout":"default","site-content-style":"default","site-sidebar-style":"default","ast-global-header-display":"","ast-banner-title-visibility":"","ast-main-header-display":"","ast-hfb-above-header-display":"","ast-hfb-below-header-display":"","ast-hfb-mobile-header-display":"","site-post-title":"","ast-breadcrumbs-content":"","ast-featured-img":"","footer-sml-layout":"","ast-disable-related-posts":"","theme-transparent-header-meta":"","adv-header-id-meta":"","stick-header-meta":"","header-above-stick-meta":"","header-main-stick-meta":"","header-below-stick-meta":"","astra-migrate-meta-layouts":"default","ast-page-background-enabled":"default","ast-page-background-meta":{"desktop":{"background-color":"","background-image":"","background-repeat":"repeat","background-position":"center center","background-size":"auto","background-attachment":"scroll","background-type":"","background-media":"","overlay-type":"","overlay-color":"","overlay-opacity":"","overlay-gradient":""},"tablet":{"background-color":"","background-image":"","background-repeat":"repeat","background-position":"center center","background-size":"auto","background-attachment":"scroll","background-type":"","background-media":"","overlay-type":"","overlay-color":"","overlay-opacity":"","overlay-gradient":""},"mobile":{"background-color":"","background-image":"","background-repeat":"repeat","background-position":"center center","background-size":"auto","background-attachment":"scroll","background-type":"","background-media":"","overlay-type":"","overlay-color":"","overlay-opacity":"","overlay-gradient":""}},"ast-content-background-meta":{"desktop":{"background-color":"var(--ast-global-color-5)","background-image":"","background-repeat":"repeat","background-position":"center center","background-size":"auto","background-attachment":"scroll","background-type":"","background-media":"","overlay-type":"","overlay-color":"","overlay-opacity":"","overlay-gradient":""},"tablet":{"background-color":"var(--ast-global-color-5)","background-image":"","background-repeat":"repeat","background-position":"center center","background-size":"auto","background-attachment":"scroll","background-type":"","background-media":"","overlay-type":"","overlay-color":"","overlay-opacity":"","overlay-gradient":""},"mobile":{"background-color":"var(--ast-global-color-5)","background-image":"","background-repeat":"repeat","background-position":"center center","background-size":"auto","background-attachment":"scroll","background-type":"","background-media":"","overlay-type":"","overlay-color":"","overlay-opacity":"","overlay-gradient":""}}},"product_brand":[],"product_cat":[163],"product_tag":[],"class_list":{"0":"post-66981","1":"product","2":"type-product","3":"status-publish","4":"has-post-thumbnail","6":"product_cat-vintage-stuhl","7":"pa_designer-thonet","8":"pa_farbe-weiss","9":"pa_material-leder","10":"pa_material-metall","11":"pa_stil-design","12":"desktop-align-left","13":"tablet-align-left","14":"mobile-align-left","16":"first","17":"instock","18":"shipping-taxable","19":"purchasable","20":"product-type-simple"},"acf":[],"yoast_head":"<!-- This site is optimized with the Yoast SEO plugin v27.4 - https:\/\/yoast.com\/product\/yoast-seo-wordpress\/ -->\n<title>Thonet S33 All White von Mart Stam 1926er Jahre (zZ. 6 St\u00fcck verf\u00fcgbar) | Vintage M\u00f6bel kaufen auf KURATO.CH<\/title>\n<meta name=\"description\" content=\"Entdecke Vintage M\u00f6bel &amp; Dekoration \u27a4 Thonet S33 All White von Mart Stam 1926er Jahre (zZ. 6 St\u00fcck verf\u00fcgbar) auf Kurato. \u2713Lieferung Schweiz \u271314-Tage R\u00fcckgabe \u2713Secondhand Unikat\" \/>\n<meta name=\"robots\" content=\"index, follow, max-snippet:-1, max-image-preview:large, max-video-preview:-1\" \/>\n<link rel=\"canonical\" href=\"https:\/\/kurato.ch\/fr\/product\/thonet-s33-all-white-von-mart-stam-1926er-jahre-zz-6-stueck-verfuegbar\/\" \/>\n<meta property=\"og:locale\" content=\"fr_FR\" \/>\n<meta property=\"og:type\" content=\"article\" \/>\n<meta property=\"og:title\" content=\"Thonet S33 All White von Mart Stam 1926er Jahre (zZ. 6 St\u00fcck verf\u00fcgbar) | Vintage M\u00f6bel kaufen auf KURATO.CH\" \/>\n<meta property=\"og:description\" content=\"Entdecke Vintage M\u00f6bel &amp; Dekoration \u27a4 Thonet S33 All White von Mart Stam 1926er Jahre (zZ. 6 St\u00fcck verf\u00fcgbar) auf Kurato. \u2713Lieferung Schweiz \u271314-Tage R\u00fcckgabe \u2713Secondhand Unikat\" \/>\n<meta property=\"og:url\" content=\"https:\/\/kurato.ch\/fr\/product\/thonet-s33-all-white-von-mart-stam-1926er-jahre-zz-6-stueck-verfuegbar\/\" \/>\n<meta property=\"og:site_name\" content=\"Vintage M\u00f6bel &amp; Dekoration I Kurato\" \/>\n<meta property=\"article:publisher\" content=\"https:\/\/www.facebook.com\/kuratoswitzerland\" \/>\n<meta property=\"og:image\" content=\"https:\/\/kurato.ch\/wp-content\/uploads\/2025\/05\/Thonet-S33-All-White-von-Mart-Stam-1926er-Jahre-vintage-secondhand-gebraucht-schweiz-Instagram-Post.jpg\" \/>\n\t<meta property=\"og:image:width\" content=\"810\" \/>\n\t<meta property=\"og:image:height\" content=\"810\" \/>\n\t<meta property=\"og:image:type\" content=\"image\/jpeg\" \/>\n<meta name=\"twitter:label1\" content=\"Dur\u00e9e de lecture estim\u00e9e\" \/>\n\t<meta name=\"twitter:data1\" content=\"1 minute\" \/>\n<script type=\"application\/ld+json\" class=\"yoast-schema-graph\">{\"@context\":\"https:\\\/\\\/schema.org\",\"@graph\":[{\"@type\":\"WebPage\",\"@id\":\"https:\\\/\\\/kurato.ch\\\/product\\\/thonet-s33-all-white-von-mart-stam-1926er-jahre-zz-6-stueck-verfuegbar\\\/\",\"url\":\"https:\\\/\\\/kurato.ch\\\/product\\\/thonet-s33-all-white-von-mart-stam-1926er-jahre-zz-6-stueck-verfuegbar\\\/\",\"name\":\"Thonet S33 All White von Mart Stam 1926er Jahre (zZ. 6 St\u00fcck verf\u00fcgbar) | Vintage M\u00f6bel kaufen auf KURATO.CH\",\"isPartOf\":{\"@id\":\"https:\\\/\\\/kurato.ch\\\/#website\"},\"primaryImageOfPage\":{\"@id\":\"https:\\\/\\\/kurato.ch\\\/product\\\/thonet-s33-all-white-von-mart-stam-1926er-jahre-zz-6-stueck-verfuegbar\\\/#primaryimage\"},\"image\":{\"@id\":\"https:\\\/\\\/kurato.ch\\\/product\\\/thonet-s33-all-white-von-mart-stam-1926er-jahre-zz-6-stueck-verfuegbar\\\/#primaryimage\"},\"thumbnailUrl\":\"https:\\\/\\\/kurato.ch\\\/wp-content\\\/uploads\\\/2025\\\/05\\\/Thonet-S33-All-White-von-Mart-Stam-1926er-Jahre-vintage-secondhand-gebraucht-schweiz-Instagram-Post.jpg\",\"datePublished\":\"2025-05-03T12:42:39+00:00\",\"description\":\"Entdecke Vintage M\u00f6bel & Dekoration \u27a4 Thonet S33 All White von Mart Stam 1926er Jahre (zZ. 6 St\u00fcck verf\u00fcgbar) auf Kurato. \u2713Lieferung Schweiz \u271314-Tage R\u00fcckgabe \u2713Secondhand Unikat\",\"breadcrumb\":{\"@id\":\"https:\\\/\\\/kurato.ch\\\/product\\\/thonet-s33-all-white-von-mart-stam-1926er-jahre-zz-6-stueck-verfuegbar\\\/#breadcrumb\"},\"inLanguage\":\"fr-FR\",\"potentialAction\":[{\"@type\":\"ReadAction\",\"target\":[\"https:\\\/\\\/kurato.ch\\\/product\\\/thonet-s33-all-white-von-mart-stam-1926er-jahre-zz-6-stueck-verfuegbar\\\/\"]}]},{\"@type\":\"ImageObject\",\"inLanguage\":\"fr-FR\",\"@id\":\"https:\\\/\\\/kurato.ch\\\/product\\\/thonet-s33-all-white-von-mart-stam-1926er-jahre-zz-6-stueck-verfuegbar\\\/#primaryimage\",\"url\":\"https:\\\/\\\/kurato.ch\\\/wp-content\\\/uploads\\\/2025\\\/05\\\/Thonet-S33-All-White-von-Mart-Stam-1926er-Jahre-vintage-secondhand-gebraucht-schweiz-Instagram-Post.jpg\",\"contentUrl\":\"https:\\\/\\\/kurato.ch\\\/wp-content\\\/uploads\\\/2025\\\/05\\\/Thonet-S33-All-White-von-Mart-Stam-1926er-Jahre-vintage-secondhand-gebraucht-schweiz-Instagram-Post.jpg\",\"width\":810,\"height\":810,\"caption\":\"Thonet S33 All White von Mart Stam 1926er Jahre\"},{\"@type\":\"BreadcrumbList\",\"@id\":\"https:\\\/\\\/kurato.ch\\\/product\\\/thonet-s33-all-white-von-mart-stam-1926er-jahre-zz-6-stueck-verfuegbar\\\/#breadcrumb\",\"itemListElement\":[{\"@type\":\"ListItem\",\"position\":1,\"name\":\"Home\",\"item\":\"https:\\\/\\\/kurato.ch\\\/\"},{\"@type\":\"ListItem\",\"position\":2,\"name\":\"Neuheiten\",\"item\":\"https:\\\/\\\/kurato.ch\\\/neuheiten\\\/\"},{\"@type\":\"ListItem\",\"position\":3,\"name\":\"Thonet S33 All White von Mart Stam 1926er Jahre (zZ. 6 St\u00fcck verf\u00fcgbar)\"}]},{\"@type\":\"WebSite\",\"@id\":\"https:\\\/\\\/kurato.ch\\\/#website\",\"url\":\"https:\\\/\\\/kurato.ch\\\/\",\"name\":\"Vintage M\u00f6bel &amp; Dekoration I Kurato\",\"description\":\"Vintage M\u00f6bel &amp; Dekoration I Kurato\",\"publisher\":{\"@id\":\"https:\\\/\\\/kurato.ch\\\/#organization\"},\"potentialAction\":[{\"@type\":\"SearchAction\",\"target\":{\"@type\":\"EntryPoint\",\"urlTemplate\":\"https:\\\/\\\/kurato.ch\\\/?s={search_term_string}\"},\"query-input\":{\"@type\":\"PropertyValueSpecification\",\"valueRequired\":true,\"valueName\":\"search_term_string\"}}],\"inLanguage\":\"fr-FR\"},{\"@type\":\"Organization\",\"@id\":\"https:\\\/\\\/kurato.ch\\\/#organization\",\"name\":\"Kurato.\",\"url\":\"https:\\\/\\\/kurato.ch\\\/\",\"logo\":{\"@type\":\"ImageObject\",\"inLanguage\":\"fr-FR\",\"@id\":\"https:\\\/\\\/kurato.ch\\\/#\\\/schema\\\/logo\\\/image\\\/\",\"url\":\"\",\"contentUrl\":\"\",\"caption\":\"Kurato.\"},\"image\":{\"@id\":\"https:\\\/\\\/kurato.ch\\\/#\\\/schema\\\/logo\\\/image\\\/\"},\"sameAs\":[\"https:\\\/\\\/www.facebook.com\\\/kuratoswitzerland\",\"https:\\\/\\\/www.instagram.com\\\/kurato.ch\\\/\",\"https:\\\/\\\/www.pinterest.ch\\\/kurato_ch\\\/_created\\\/\"]}]}<\/script>\n<!-- \/ Yoast SEO plugin. -->","yoast_head_json":{"title":"Thonet S33 All White von Mart Stam 1926er Jahre (zZ. 6 St\u00fcck verf\u00fcgbar) | Vintage M\u00f6bel kaufen auf KURATO.CH","description":"Entdecke Vintage M\u00f6bel & Dekoration \u27a4 Thonet S33 All White von Mart Stam 1926er Jahre (zZ. 6 St\u00fcck verf\u00fcgbar) auf Kurato. \u2713Lieferung Schweiz \u271314-Tage R\u00fcckgabe \u2713Secondhand Unikat","robots":{"index":"index","follow":"follow","max-snippet":"max-snippet:-1","max-image-preview":"max-image-preview:large","max-video-preview":"max-video-preview:-1"},"canonical":"https:\/\/kurato.ch\/fr\/product\/thonet-s33-all-white-von-mart-stam-1926er-jahre-zz-6-stueck-verfuegbar\/","og_locale":"fr_FR","og_type":"article","og_title":"Thonet S33 All White von Mart Stam 1926er Jahre (zZ. 6 St\u00fcck verf\u00fcgbar) | Vintage M\u00f6bel kaufen auf KURATO.CH","og_description":"Entdecke Vintage M\u00f6bel & Dekoration \u27a4 Thonet S33 All White von Mart Stam 1926er Jahre (zZ. 6 St\u00fcck verf\u00fcgbar) auf Kurato. \u2713Lieferung Schweiz \u271314-Tage R\u00fcckgabe \u2713Secondhand Unikat","og_url":"https:\/\/kurato.ch\/fr\/product\/thonet-s33-all-white-von-mart-stam-1926er-jahre-zz-6-stueck-verfuegbar\/","og_site_name":"Vintage M\u00f6bel &amp; Dekoration I Kurato","article_publisher":"https:\/\/www.facebook.com\/kuratoswitzerland","og_image":[{"width":810,"height":810,"url":"https:\/\/kurato.ch\/wp-content\/uploads\/2025\/05\/Thonet-S33-All-White-von-Mart-Stam-1926er-Jahre-vintage-secondhand-gebraucht-schweiz-Instagram-Post.jpg","type":"image\/jpeg"}],"twitter_misc":{"Dur\u00e9e de lecture estim\u00e9e":"1 minute"},"schema":{"@context":"https:\/\/schema.org","@graph":[{"@type":"WebPage","@id":"https:\/\/kurato.ch\/product\/thonet-s33-all-white-von-mart-stam-1926er-jahre-zz-6-stueck-verfuegbar\/","url":"https:\/\/kurato.ch\/product\/thonet-s33-all-white-von-mart-stam-1926er-jahre-zz-6-stueck-verfuegbar\/","name":"Thonet S33 All White von Mart Stam 1926er Jahre (zZ. 6 St\u00fcck verf\u00fcgbar) | Vintage M\u00f6bel kaufen auf KURATO.CH","isPartOf":{"@id":"https:\/\/kurato.ch\/#website"},"primaryImageOfPage":{"@id":"https:\/\/kurato.ch\/product\/thonet-s33-all-white-von-mart-stam-1926er-jahre-zz-6-stueck-verfuegbar\/#primaryimage"},"image":{"@id":"https:\/\/kurato.ch\/product\/thonet-s33-all-white-von-mart-stam-1926er-jahre-zz-6-stueck-verfuegbar\/#primaryimage"},"thumbnailUrl":"https:\/\/kurato.ch\/wp-content\/uploads\/2025\/05\/Thonet-S33-All-White-von-Mart-Stam-1926er-Jahre-vintage-secondhand-gebraucht-schweiz-Instagram-Post.jpg","datePublished":"2025-05-03T12:42:39+00:00","description":"Entdecke Vintage M\u00f6bel & Dekoration \u27a4 Thonet S33 All White von Mart Stam 1926er Jahre (zZ. 6 St\u00fcck verf\u00fcgbar) auf Kurato. \u2713Lieferung Schweiz \u271314-Tage R\u00fcckgabe \u2713Secondhand Unikat","breadcrumb":{"@id":"https:\/\/kurato.ch\/product\/thonet-s33-all-white-von-mart-stam-1926er-jahre-zz-6-stueck-verfuegbar\/#breadcrumb"},"inLanguage":"fr-FR","potentialAction":[{"@type":"ReadAction","target":["https:\/\/kurato.ch\/product\/thonet-s33-all-white-von-mart-stam-1926er-jahre-zz-6-stueck-verfuegbar\/"]}]},{"@type":"ImageObject","inLanguage":"fr-FR","@id":"https:\/\/kurato.ch\/product\/thonet-s33-all-white-von-mart-stam-1926er-jahre-zz-6-stueck-verfuegbar\/#primaryimage","url":"https:\/\/kurato.ch\/wp-content\/uploads\/2025\/05\/Thonet-S33-All-White-von-Mart-Stam-1926er-Jahre-vintage-secondhand-gebraucht-schweiz-Instagram-Post.jpg","contentUrl":"https:\/\/kurato.ch\/wp-content\/uploads\/2025\/05\/Thonet-S33-All-White-von-Mart-Stam-1926er-Jahre-vintage-secondhand-gebraucht-schweiz-Instagram-Post.jpg","width":810,"height":810,"caption":"Thonet S33 All White von Mart Stam 1926er Jahre"},{"@type":"BreadcrumbList","@id":"https:\/\/kurato.ch\/product\/thonet-s33-all-white-von-mart-stam-1926er-jahre-zz-6-stueck-verfuegbar\/#breadcrumb","itemListElement":[{"@type":"ListItem","position":1,"name":"Home","item":"https:\/\/kurato.ch\/"},{"@type":"ListItem","position":2,"name":"Neuheiten","item":"https:\/\/kurato.ch\/neuheiten\/"},{"@type":"ListItem","position":3,"name":"Thonet S33 All White von Mart Stam 1926er Jahre (zZ. 6 St\u00fcck verf\u00fcgbar)"}]},{"@type":"WebSite","@id":"https:\/\/kurato.ch\/#website","url":"https:\/\/kurato.ch\/","name":"Meubles vintage &amp; d\u00e9coration I Kurato","description":"Meubles vintage &amp; d\u00e9coration I Kurato","publisher":{"@id":"https:\/\/kurato.ch\/#organization"},"potentialAction":[{"@type":"SearchAction","target":{"@type":"EntryPoint","urlTemplate":"https:\/\/kurato.ch\/?s={search_term_string}"},"query-input":{"@type":"PropertyValueSpecification","valueRequired":true,"valueName":"search_term_string"}}],"inLanguage":"fr-FR"},{"@type":"Organization","@id":"https:\/\/kurato.ch\/#organization","name":"Kurato.","url":"https:\/\/kurato.ch\/","logo":{"@type":"ImageObject","inLanguage":"fr-FR","@id":"https:\/\/kurato.ch\/#\/schema\/logo\/image\/","url":"","contentUrl":"","caption":"Kurato."},"image":{"@id":"https:\/\/kurato.ch\/#\/schema\/logo\/image\/"},"sameAs":["https:\/\/www.facebook.com\/kuratoswitzerland","https:\/\/www.instagram.com\/kurato.ch\/","https:\/\/www.pinterest.ch\/kurato_ch\/_created\/"]}]}},"_links":{"self":[{"href":"https:\/\/kurato.ch\/fr\/wp-json\/wp\/v2\/product\/66981","targetHints":{"allow":["GET"]}}],"collection":[{"href":"https:\/\/kurato.ch\/fr\/wp-json\/wp\/v2\/product"}],"about":[{"href":"https:\/\/kurato.ch\/fr\/wp-json\/wp\/v2\/types\/product"}],"wp:featuredmedia":[{"embeddable":true,"href":"https:\/\/kurato.ch\/fr\/wp-json\/wp\/v2\/media\/67878"}],"wp:attachment":[{"href":"https:\/\/kurato.ch\/fr\/wp-json\/wp\/v2\/media?parent=66981"}],"wp:term":[{"taxonomy":"product_brand","embeddable":true,"href":"https:\/\/kurato.ch\/fr\/wp-json\/wp\/v2\/product_brand?post=66981"},{"taxonomy":"product_cat","embeddable":true,"href":"https:\/\/kurato.ch\/fr\/wp-json\/wp\/v2\/product_cat?post=66981"},{"taxonomy":"product_tag","embeddable":true,"href":"https:\/\/kurato.ch\/fr\/wp-json\/wp\/v2\/product_tag?post=66981"}],"curies":[{"name":"wp","href":"https:\/\/api.w.org\/{rel}","templated":true}]}}