{"id":67607,"date":"2025-05-07T17:00:43","date_gmt":"2025-05-07T15:00:43","guid":{"rendered":"https:\/\/kurato.ch\/?post_type=product&#038;p=67607"},"modified":"2025-05-07T17:00:44","modified_gmt":"2025-05-07T15:00:44","slug":"design-beistelltisch-luna-von-opal-kleinmoebel-1970er","status":"publish","type":"product","link":"https:\/\/kurato.ch\/fr\/product\/design-beistelltisch-luna-von-opal-kleinmoebel-1970er\/","title":{"rendered":"Design-Beistelltisch Luna von Opal Kleinm\u00f6bel, 1970er"},"content":{"rendered":"<p>Der Beistelltisch Luna ist ein klassisches Beispiel f\u00fcr das Space-Age-Design der 1970er Jahre.<\/p>\n<p>Die runde Tischplatte ruht auf einem eleganten Tulpenfuss aus Metall, der dem M\u00f6belst\u00fcck seine schwebend-leichte Anmutung verleiht.<\/p>\n<p>Der obere Teil des Tisches besteht aus einer einseitig ge\u00f6ffneten Ablage mit gerundeten Kanten, die Stauraum f\u00fcr B\u00fccher oder Kleinteile bietet. Die eingelassene, grau get\u00f6nte Glasplatte rundet das futuristische Erscheinungsbild harmonisch ab.<\/p>\n<p>Zustand: Der Tisch ist in einem perlweissen Ton lackiert und zeigt altersbedingt leichte Gebrauchsspuren, die dem Vintage-Charme jedoch keinen Abbruch tun. Auf der Unterseite ist das originale Herstellerlabel von Opal M\u00f6bel mit Artikelnummer 6627 erhalten.<\/p>\n<p>Ein echtes Liebhaberst\u00fcck \u2013 perfekt als stilvoller Akzent in modernen oder retro-inspirierten Wohnr\u00e4umen.<br \/>Kannst<\/p>\n<p>Masse: Durchmesser 45 x H50 cm<\/p>\n<p>&#8211; Abholung von Montag bis Samstag (ausser Feiertage) zwischen 10:00 und 19:00 Uhr in 8004 Z\u00fcrich mit Terminvereinbarung.<br \/>- La livraison ? Bien s\u00fbr, possible dans toute la Suisse ! Demandez simplement le prix, qui est calcul\u00e9 en fonction de la distance.<\/p>","protected":false},"excerpt":{"rendered":"<p>Der Beistelltisch Luna ist ein klassisches Beispiel f\u00fcr das Space-Age-Design der 1970er Jahre. Die runde Tischplatte ruht auf einem eleganten Tulpenfuss aus Metall, der dem M\u00f6belst\u00fcck seine schwebend-leichte Anmutung verleiht. Der obere Teil des Tisches besteht aus einer einseitig ge\u00f6ffneten Ablage mit gerundeten Kanten, die Stauraum f\u00fcr B\u00fccher oder Kleinteile bietet. Die eingelassene, grau get\u00f6nte [&hellip;]<\/p>\n","protected":false},"featured_media":67945,"template":"","meta":{"_acf_changed":false,"site-sidebar-layout":"default","site-content-layout":"","ast-site-content-layout":"default","site-content-style":"default","site-sidebar-style":"default","ast-global-header-display":"","ast-banner-title-visibility":"","ast-main-header-display":"","ast-hfb-above-header-display":"","ast-hfb-below-header-display":"","ast-hfb-mobile-header-display":"","site-post-title":"","ast-breadcrumbs-content":"","ast-featured-img":"","footer-sml-layout":"","ast-disable-related-posts":"","theme-transparent-header-meta":"","adv-header-id-meta":"","stick-header-meta":"","header-above-stick-meta":"","header-main-stick-meta":"","header-below-stick-meta":"","astra-migrate-meta-layouts":"default","ast-page-background-enabled":"default","ast-page-background-meta":{"desktop":{"background-color":"","background-image":"","background-repeat":"repeat","background-position":"center center","background-size":"auto","background-attachment":"scroll","background-type":"","background-media":"","overlay-type":"","overlay-color":"","overlay-opacity":"","overlay-gradient":""},"tablet":{"background-color":"","background-image":"","background-repeat":"repeat","background-position":"center center","background-size":"auto","background-attachment":"scroll","background-type":"","background-media":"","overlay-type":"","overlay-color":"","overlay-opacity":"","overlay-gradient":""},"mobile":{"background-color":"","background-image":"","background-repeat":"repeat","background-position":"center center","background-size":"auto","background-attachment":"scroll","background-type":"","background-media":"","overlay-type":"","overlay-color":"","overlay-opacity":"","overlay-gradient":""}},"ast-content-background-meta":{"desktop":{"background-color":"var(--ast-global-color-5)","background-image":"","background-repeat":"repeat","background-position":"center center","background-size":"auto","background-attachment":"scroll","background-type":"","background-media":"","overlay-type":"","overlay-color":"","overlay-opacity":"","overlay-gradient":""},"tablet":{"background-color":"var(--ast-global-color-5)","background-image":"","background-repeat":"repeat","background-position":"center center","background-size":"auto","background-attachment":"scroll","background-type":"","background-media":"","overlay-type":"","overlay-color":"","overlay-opacity":"","overlay-gradient":""},"mobile":{"background-color":"var(--ast-global-color-5)","background-image":"","background-repeat":"repeat","background-position":"center center","background-size":"auto","background-attachment":"scroll","background-type":"","background-media":"","overlay-type":"","overlay-color":"","overlay-opacity":"","overlay-gradient":""}}},"product_brand":[],"product_cat":[141],"product_tag":[],"class_list":{"0":"post-67607","1":"product","2":"type-product","3":"status-publish","4":"has-post-thumbnail","6":"product_cat-vintage-couchtisch-barwagen","7":"pa_farbe-grau","8":"pa_farbe-weiss","9":"pa_material-plastik","10":"pa_stil-vintage","11":"desktop-align-left","12":"tablet-align-left","13":"mobile-align-left","15":"first","16":"instock","17":"sold-individually","18":"shipping-taxable","19":"purchasable","20":"product-type-simple"},"acf":[],"yoast_head":"<!-- This site is optimized with the Yoast SEO plugin v27.4 - https:\/\/yoast.com\/product\/yoast-seo-wordpress\/ -->\n<title>Design-Beistelltisch Luna von Opal Kleinm\u00f6bel, 1970er | Vintage M\u00f6bel kaufen auf KURATO.CH<\/title>\n<meta name=\"description\" content=\"Entdecke Vintage M\u00f6bel &amp; Dekoration \u27a4 Design-Beistelltisch Luna von Opal Kleinm\u00f6bel, 1970er auf Kurato. \u2713Lieferung Schweiz \u271314-Tage R\u00fcckgabe \u2713Secondhand Unikat\" \/>\n<meta name=\"robots\" content=\"index, follow, max-snippet:-1, max-image-preview:large, max-video-preview:-1\" \/>\n<link rel=\"canonical\" href=\"https:\/\/kurato.ch\/fr\/product\/design-beistelltisch-luna-von-opal-kleinmoebel-1970er\/\" \/>\n<meta property=\"og:locale\" content=\"fr_FR\" \/>\n<meta property=\"og:type\" content=\"article\" \/>\n<meta property=\"og:title\" content=\"Design-Beistelltisch Luna von Opal Kleinm\u00f6bel, 1970er | Vintage M\u00f6bel kaufen auf KURATO.CH\" \/>\n<meta property=\"og:description\" content=\"Entdecke Vintage M\u00f6bel &amp; Dekoration \u27a4 Design-Beistelltisch Luna von Opal Kleinm\u00f6bel, 1970er auf Kurato. \u2713Lieferung Schweiz \u271314-Tage R\u00fcckgabe \u2713Secondhand Unikat\" \/>\n<meta property=\"og:url\" content=\"https:\/\/kurato.ch\/fr\/product\/design-beistelltisch-luna-von-opal-kleinmoebel-1970er\/\" \/>\n<meta property=\"og:site_name\" content=\"Vintage M\u00f6bel &amp; Dekoration I Kurato\" \/>\n<meta property=\"article:publisher\" content=\"https:\/\/www.facebook.com\/kuratoswitzerland\" \/>\n<meta property=\"article:modified_time\" content=\"2025-05-07T15:00:44+00:00\" \/>\n<meta property=\"og:image\" content=\"https:\/\/kurato.ch\/wp-content\/uploads\/2025\/05\/Design-Beistelltisch-Luna-von-Opal-Kleinmoebel-1970er-vintage-secondhand-gebraucht-schweiz-Instagram-Post.jpg\" \/>\n\t<meta property=\"og:image:width\" content=\"810\" \/>\n\t<meta property=\"og:image:height\" content=\"810\" \/>\n\t<meta property=\"og:image:type\" content=\"image\/jpeg\" \/>\n<meta name=\"twitter:label1\" content=\"Dur\u00e9e de lecture estim\u00e9e\" \/>\n\t<meta name=\"twitter:data1\" content=\"1 minute\" \/>\n<script type=\"application\/ld+json\" class=\"yoast-schema-graph\">{\"@context\":\"https:\\\/\\\/schema.org\",\"@graph\":[{\"@type\":\"WebPage\",\"@id\":\"https:\\\/\\\/kurato.ch\\\/product\\\/design-beistelltisch-luna-von-opal-kleinmoebel-1970er\\\/\",\"url\":\"https:\\\/\\\/kurato.ch\\\/product\\\/design-beistelltisch-luna-von-opal-kleinmoebel-1970er\\\/\",\"name\":\"Design-Beistelltisch Luna von Opal Kleinm\u00f6bel, 1970er | Vintage M\u00f6bel kaufen auf KURATO.CH\",\"isPartOf\":{\"@id\":\"https:\\\/\\\/kurato.ch\\\/#website\"},\"primaryImageOfPage\":{\"@id\":\"https:\\\/\\\/kurato.ch\\\/product\\\/design-beistelltisch-luna-von-opal-kleinmoebel-1970er\\\/#primaryimage\"},\"image\":{\"@id\":\"https:\\\/\\\/kurato.ch\\\/product\\\/design-beistelltisch-luna-von-opal-kleinmoebel-1970er\\\/#primaryimage\"},\"thumbnailUrl\":\"https:\\\/\\\/kurato.ch\\\/wp-content\\\/uploads\\\/2025\\\/05\\\/Design-Beistelltisch-Luna-von-Opal-Kleinmoebel-1970er-vintage-secondhand-gebraucht-schweiz-Instagram-Post.jpg\",\"datePublished\":\"2025-05-07T15:00:43+00:00\",\"dateModified\":\"2025-05-07T15:00:44+00:00\",\"description\":\"Entdecke Vintage M\u00f6bel & Dekoration \u27a4 Design-Beistelltisch Luna von Opal Kleinm\u00f6bel, 1970er auf Kurato. \u2713Lieferung Schweiz \u271314-Tage R\u00fcckgabe \u2713Secondhand Unikat\",\"breadcrumb\":{\"@id\":\"https:\\\/\\\/kurato.ch\\\/product\\\/design-beistelltisch-luna-von-opal-kleinmoebel-1970er\\\/#breadcrumb\"},\"inLanguage\":\"fr-FR\",\"potentialAction\":[{\"@type\":\"ReadAction\",\"target\":[\"https:\\\/\\\/kurato.ch\\\/product\\\/design-beistelltisch-luna-von-opal-kleinmoebel-1970er\\\/\"]}]},{\"@type\":\"ImageObject\",\"inLanguage\":\"fr-FR\",\"@id\":\"https:\\\/\\\/kurato.ch\\\/product\\\/design-beistelltisch-luna-von-opal-kleinmoebel-1970er\\\/#primaryimage\",\"url\":\"https:\\\/\\\/kurato.ch\\\/wp-content\\\/uploads\\\/2025\\\/05\\\/Design-Beistelltisch-Luna-von-Opal-Kleinmoebel-1970er-vintage-secondhand-gebraucht-schweiz-Instagram-Post.jpg\",\"contentUrl\":\"https:\\\/\\\/kurato.ch\\\/wp-content\\\/uploads\\\/2025\\\/05\\\/Design-Beistelltisch-Luna-von-Opal-Kleinmoebel-1970er-vintage-secondhand-gebraucht-schweiz-Instagram-Post.jpg\",\"width\":810,\"height\":810,\"caption\":\"Design-Beistelltisch Luna von Opal Kleinm\u00f6bel, 1970er\"},{\"@type\":\"BreadcrumbList\",\"@id\":\"https:\\\/\\\/kurato.ch\\\/product\\\/design-beistelltisch-luna-von-opal-kleinmoebel-1970er\\\/#breadcrumb\",\"itemListElement\":[{\"@type\":\"ListItem\",\"position\":1,\"name\":\"Home\",\"item\":\"https:\\\/\\\/kurato.ch\\\/\"},{\"@type\":\"ListItem\",\"position\":2,\"name\":\"Neuheiten\",\"item\":\"https:\\\/\\\/kurato.ch\\\/neuheiten\\\/\"},{\"@type\":\"ListItem\",\"position\":3,\"name\":\"Design-Beistelltisch Luna von Opal Kleinm\u00f6bel, 1970er\"}]},{\"@type\":\"WebSite\",\"@id\":\"https:\\\/\\\/kurato.ch\\\/#website\",\"url\":\"https:\\\/\\\/kurato.ch\\\/\",\"name\":\"Vintage M\u00f6bel &amp; Dekoration I Kurato\",\"description\":\"Vintage M\u00f6bel &amp; Dekoration I Kurato\",\"publisher\":{\"@id\":\"https:\\\/\\\/kurato.ch\\\/#organization\"},\"potentialAction\":[{\"@type\":\"SearchAction\",\"target\":{\"@type\":\"EntryPoint\",\"urlTemplate\":\"https:\\\/\\\/kurato.ch\\\/?s={search_term_string}\"},\"query-input\":{\"@type\":\"PropertyValueSpecification\",\"valueRequired\":true,\"valueName\":\"search_term_string\"}}],\"inLanguage\":\"fr-FR\"},{\"@type\":\"Organization\",\"@id\":\"https:\\\/\\\/kurato.ch\\\/#organization\",\"name\":\"Kurato.\",\"url\":\"https:\\\/\\\/kurato.ch\\\/\",\"logo\":{\"@type\":\"ImageObject\",\"inLanguage\":\"fr-FR\",\"@id\":\"https:\\\/\\\/kurato.ch\\\/#\\\/schema\\\/logo\\\/image\\\/\",\"url\":\"\",\"contentUrl\":\"\",\"caption\":\"Kurato.\"},\"image\":{\"@id\":\"https:\\\/\\\/kurato.ch\\\/#\\\/schema\\\/logo\\\/image\\\/\"},\"sameAs\":[\"https:\\\/\\\/www.facebook.com\\\/kuratoswitzerland\",\"https:\\\/\\\/www.instagram.com\\\/kurato.ch\\\/\",\"https:\\\/\\\/www.pinterest.ch\\\/kurato_ch\\\/_created\\\/\"]}]}<\/script>\n<!-- \/ Yoast SEO plugin. -->","yoast_head_json":{"title":"Design-Beistelltisch Luna von Opal Kleinm\u00f6bel, 1970er | Vintage M\u00f6bel kaufen auf KURATO.CH","description":"Entdecke Vintage M\u00f6bel & Dekoration \u27a4 Design-Beistelltisch Luna von Opal Kleinm\u00f6bel, 1970er auf Kurato. \u2713Lieferung Schweiz \u271314-Tage R\u00fcckgabe \u2713Secondhand Unikat","robots":{"index":"index","follow":"follow","max-snippet":"max-snippet:-1","max-image-preview":"max-image-preview:large","max-video-preview":"max-video-preview:-1"},"canonical":"https:\/\/kurato.ch\/fr\/product\/design-beistelltisch-luna-von-opal-kleinmoebel-1970er\/","og_locale":"fr_FR","og_type":"article","og_title":"Design-Beistelltisch Luna von Opal Kleinm\u00f6bel, 1970er | Vintage M\u00f6bel kaufen auf KURATO.CH","og_description":"Entdecke Vintage M\u00f6bel & Dekoration \u27a4 Design-Beistelltisch Luna von Opal Kleinm\u00f6bel, 1970er auf Kurato. \u2713Lieferung Schweiz \u271314-Tage R\u00fcckgabe \u2713Secondhand Unikat","og_url":"https:\/\/kurato.ch\/fr\/product\/design-beistelltisch-luna-von-opal-kleinmoebel-1970er\/","og_site_name":"Vintage M\u00f6bel &amp; Dekoration I Kurato","article_publisher":"https:\/\/www.facebook.com\/kuratoswitzerland","article_modified_time":"2025-05-07T15:00:44+00:00","og_image":[{"width":810,"height":810,"url":"https:\/\/kurato.ch\/wp-content\/uploads\/2025\/05\/Design-Beistelltisch-Luna-von-Opal-Kleinmoebel-1970er-vintage-secondhand-gebraucht-schweiz-Instagram-Post.jpg","type":"image\/jpeg"}],"twitter_misc":{"Dur\u00e9e de lecture estim\u00e9e":"1 minute"},"schema":{"@context":"https:\/\/schema.org","@graph":[{"@type":"WebPage","@id":"https:\/\/kurato.ch\/product\/design-beistelltisch-luna-von-opal-kleinmoebel-1970er\/","url":"https:\/\/kurato.ch\/product\/design-beistelltisch-luna-von-opal-kleinmoebel-1970er\/","name":"Design-Beistelltisch Luna von Opal Kleinm\u00f6bel, 1970er | Vintage M\u00f6bel kaufen auf KURATO.CH","isPartOf":{"@id":"https:\/\/kurato.ch\/#website"},"primaryImageOfPage":{"@id":"https:\/\/kurato.ch\/product\/design-beistelltisch-luna-von-opal-kleinmoebel-1970er\/#primaryimage"},"image":{"@id":"https:\/\/kurato.ch\/product\/design-beistelltisch-luna-von-opal-kleinmoebel-1970er\/#primaryimage"},"thumbnailUrl":"https:\/\/kurato.ch\/wp-content\/uploads\/2025\/05\/Design-Beistelltisch-Luna-von-Opal-Kleinmoebel-1970er-vintage-secondhand-gebraucht-schweiz-Instagram-Post.jpg","datePublished":"2025-05-07T15:00:43+00:00","dateModified":"2025-05-07T15:00:44+00:00","description":"Entdecke Vintage M\u00f6bel & Dekoration \u27a4 Design-Beistelltisch Luna von Opal Kleinm\u00f6bel, 1970er auf Kurato. \u2713Lieferung Schweiz \u271314-Tage R\u00fcckgabe \u2713Secondhand Unikat","breadcrumb":{"@id":"https:\/\/kurato.ch\/product\/design-beistelltisch-luna-von-opal-kleinmoebel-1970er\/#breadcrumb"},"inLanguage":"fr-FR","potentialAction":[{"@type":"ReadAction","target":["https:\/\/kurato.ch\/product\/design-beistelltisch-luna-von-opal-kleinmoebel-1970er\/"]}]},{"@type":"ImageObject","inLanguage":"fr-FR","@id":"https:\/\/kurato.ch\/product\/design-beistelltisch-luna-von-opal-kleinmoebel-1970er\/#primaryimage","url":"https:\/\/kurato.ch\/wp-content\/uploads\/2025\/05\/Design-Beistelltisch-Luna-von-Opal-Kleinmoebel-1970er-vintage-secondhand-gebraucht-schweiz-Instagram-Post.jpg","contentUrl":"https:\/\/kurato.ch\/wp-content\/uploads\/2025\/05\/Design-Beistelltisch-Luna-von-Opal-Kleinmoebel-1970er-vintage-secondhand-gebraucht-schweiz-Instagram-Post.jpg","width":810,"height":810,"caption":"Design-Beistelltisch Luna von Opal Kleinm\u00f6bel, 1970er"},{"@type":"BreadcrumbList","@id":"https:\/\/kurato.ch\/product\/design-beistelltisch-luna-von-opal-kleinmoebel-1970er\/#breadcrumb","itemListElement":[{"@type":"ListItem","position":1,"name":"Home","item":"https:\/\/kurato.ch\/"},{"@type":"ListItem","position":2,"name":"Neuheiten","item":"https:\/\/kurato.ch\/neuheiten\/"},{"@type":"ListItem","position":3,"name":"Design-Beistelltisch Luna von Opal Kleinm\u00f6bel, 1970er"}]},{"@type":"WebSite","@id":"https:\/\/kurato.ch\/#website","url":"https:\/\/kurato.ch\/","name":"Meubles vintage &amp; d\u00e9coration I Kurato","description":"Meubles vintage &amp; d\u00e9coration I Kurato","publisher":{"@id":"https:\/\/kurato.ch\/#organization"},"potentialAction":[{"@type":"SearchAction","target":{"@type":"EntryPoint","urlTemplate":"https:\/\/kurato.ch\/?s={search_term_string}"},"query-input":{"@type":"PropertyValueSpecification","valueRequired":true,"valueName":"search_term_string"}}],"inLanguage":"fr-FR"},{"@type":"Organization","@id":"https:\/\/kurato.ch\/#organization","name":"Kurato.","url":"https:\/\/kurato.ch\/","logo":{"@type":"ImageObject","inLanguage":"fr-FR","@id":"https:\/\/kurato.ch\/#\/schema\/logo\/image\/","url":"","contentUrl":"","caption":"Kurato."},"image":{"@id":"https:\/\/kurato.ch\/#\/schema\/logo\/image\/"},"sameAs":["https:\/\/www.facebook.com\/kuratoswitzerland","https:\/\/www.instagram.com\/kurato.ch\/","https:\/\/www.pinterest.ch\/kurato_ch\/_created\/"]}]}},"_links":{"self":[{"href":"https:\/\/kurato.ch\/fr\/wp-json\/wp\/v2\/product\/67607","targetHints":{"allow":["GET"]}}],"collection":[{"href":"https:\/\/kurato.ch\/fr\/wp-json\/wp\/v2\/product"}],"about":[{"href":"https:\/\/kurato.ch\/fr\/wp-json\/wp\/v2\/types\/product"}],"wp:featuredmedia":[{"embeddable":true,"href":"https:\/\/kurato.ch\/fr\/wp-json\/wp\/v2\/media\/67945"}],"wp:attachment":[{"href":"https:\/\/kurato.ch\/fr\/wp-json\/wp\/v2\/media?parent=67607"}],"wp:term":[{"taxonomy":"product_brand","embeddable":true,"href":"https:\/\/kurato.ch\/fr\/wp-json\/wp\/v2\/product_brand?post=67607"},{"taxonomy":"product_cat","embeddable":true,"href":"https:\/\/kurato.ch\/fr\/wp-json\/wp\/v2\/product_cat?post=67607"},{"taxonomy":"product_tag","embeddable":true,"href":"https:\/\/kurato.ch\/fr\/wp-json\/wp\/v2\/product_tag?post=67607"}],"curies":[{"name":"wp","href":"https:\/\/api.w.org\/{rel}","templated":true}]}}