{"id":68309,"date":"2025-05-27T19:49:59","date_gmt":"2025-05-27T17:49:59","guid":{"rendered":"https:\/\/kurato.ch\/?post_type=product&#038;p=68309"},"modified":"2025-09-18T21:40:16","modified_gmt":"2025-09-18T19:40:16","slug":"suspension-pendelleuchte-le-deun-circle-80-en-cuivre-poli-aus-poliertem-kupfer","status":"publish","type":"product","link":"https:\/\/kurato.ch\/fr\/product\/suspension-pendelleuchte-le-deun-circle-80-en-cuivre-poli-aus-poliertem-kupfer\/","title":{"rendered":"Suspension\/ Pendelleuchte Le Deun &#8211; Circle 80 en cuivre poli\/ aus poliertem Kupfer"},"content":{"rendered":"<p><strong>Fran\u00e7ais<\/strong>: V\u00e9ritable expert en LED depuis 1997, Jean-Luc Le Deun cr\u00e9e des luminaires dans son studio parisien. Le mod\u00e8le propos\u00e9 ici, <strong data-start=\"123\" data-end=\"136\">Circle 80<\/strong>, est une suspension en forme de cercle de LED entour\u00e9 de cuivre brillant. La lumi\u00e8re diffus\u00e9e est chaude. La lampe est dimmable de 0 % \u00e0 100 % \u00e0 l\u2019aide d\u2019une t\u00e9l\u00e9commande.<\/p>\n<p>Source lumineuse : LED blanc chaud, 160 watts, 24 volts, classe 3, IP 20, 2700 \u00b0K, IRC 92, 1400 lumens. Transformateur \u00e9lectronique 220 volts. Variateur avec t\u00e9l\u00e9commande de 0 \u00e0 100 %.<\/p>\n<p data-start=\"494\" data-end=\"520\" data-is-last-node=\"\" data-is-only-node=\"\">Le produit est comme neuf.<\/p>\n<p><strong>Allemand<\/strong>: Als wahrer LED-Experte seit 1997 kreiert Jean-Luc Le Deun in seinem Pariser Studio Leuchten. Die hier angebotene Circle 80 ist eine H\u00e4ngeleuchte bei der ein Kreis aus LEDs von gl\u00e4nzendem Kupfer umgeben ist. Der Beleuchtungston ist warm. Die Lampe ist mit einer Fernbedienung von 0% &#8211; 100% dimmbar.Lichtquelle: LED warmweiss, 160 Watt, 24 Volt, Klasse 3 IP 20 2700 \u00b0 K IRC 92 1400 Lumen. 220 Volt elektronischer Transformator. Dimmschalter mit Fernbedienung 0 bis 100 %.<\/p>\n<p>Das Produkt ist neuwertig.<\/p>\n<p>Pour une livraison dans toute la Suisse, veuillez envoyer votre demande \u00e0 : <a class=\"cursor-pointer\" rel=\"noopener\" data-start=\"76\" data-end=\"90\" data-is-last-node=\"\">help@kurato.ch\/ <\/a>F\u00fcr schweizweite Lieferung senden Sie bitte eine Anfrage an:\u00a0 help@kurato.ch<\/p>","protected":false},"excerpt":{"rendered":"<p>Fran\u00e7ais: V\u00e9ritable expert en LED depuis 1997, Jean-Luc Le Deun cr\u00e9e des luminaires dans son studio parisien. Le mod\u00e8le propos\u00e9 ici, Circle 80, est une suspension en forme de cercle de LED entour\u00e9 de cuivre brillant. La lumi\u00e8re diffus\u00e9e est chaude. La lampe est dimmable de 0 % \u00e0 100 % \u00e0 l\u2019aide d\u2019une t\u00e9l\u00e9commande. [&hellip;]<\/p>\n","protected":false},"featured_media":68350,"template":"","meta":{"_acf_changed":false,"site-sidebar-layout":"default","site-content-layout":"","ast-site-content-layout":"default","site-content-style":"default","site-sidebar-style":"default","ast-global-header-display":"","ast-banner-title-visibility":"","ast-main-header-display":"","ast-hfb-above-header-display":"","ast-hfb-below-header-display":"","ast-hfb-mobile-header-display":"","site-post-title":"","ast-breadcrumbs-content":"","ast-featured-img":"","footer-sml-layout":"","ast-disable-related-posts":"","theme-transparent-header-meta":"default","adv-header-id-meta":"","stick-header-meta":"default","header-above-stick-meta":"","header-main-stick-meta":"","header-below-stick-meta":"","astra-migrate-meta-layouts":"set","ast-page-background-enabled":"default","ast-page-background-meta":{"desktop":{"background-color":"","background-image":"","background-repeat":"repeat","background-position":"center center","background-size":"auto","background-attachment":"scroll","background-type":"","background-media":"","overlay-type":"","overlay-color":"","overlay-opacity":"","overlay-gradient":""},"tablet":{"background-color":"","background-image":"","background-repeat":"repeat","background-position":"center center","background-size":"auto","background-attachment":"scroll","background-type":"","background-media":"","overlay-type":"","overlay-color":"","overlay-opacity":"","overlay-gradient":""},"mobile":{"background-color":"","background-image":"","background-repeat":"repeat","background-position":"center center","background-size":"auto","background-attachment":"scroll","background-type":"","background-media":"","overlay-type":"","overlay-color":"","overlay-opacity":"","overlay-gradient":""}},"ast-content-background-meta":{"desktop":{"background-color":"var(--ast-global-color-5)","background-image":"","background-repeat":"repeat","background-position":"center center","background-size":"auto","background-attachment":"scroll","background-type":"","background-media":"","overlay-type":"","overlay-color":"","overlay-opacity":"","overlay-gradient":""},"tablet":{"background-color":"var(--ast-global-color-5)","background-image":"","background-repeat":"repeat","background-position":"center center","background-size":"auto","background-attachment":"scroll","background-type":"","background-media":"","overlay-type":"","overlay-color":"","overlay-opacity":"","overlay-gradient":""},"mobile":{"background-color":"var(--ast-global-color-5)","background-image":"","background-repeat":"repeat","background-position":"center center","background-size":"auto","background-attachment":"scroll","background-type":"","background-media":"","overlay-type":"","overlay-color":"","overlay-opacity":"","overlay-gradient":""}}},"product_brand":[],"product_cat":[63],"product_tag":[],"class_list":{"0":"post-68309","1":"product","2":"type-product","3":"status-publish","4":"has-post-thumbnail","6":"product_cat-haengelampe-leuchter","7":"pa_farbe-kupfer","8":"pa_material-kupfer","9":"pa_stil-design","10":"pa_stil-zeitgenossisch","11":"desktop-align-left","12":"tablet-align-left","13":"mobile-align-left","15":"first","16":"instock","17":"sale","18":"sold-individually","19":"shipping-taxable","20":"purchasable","21":"product-type-simple"},"acf":[],"yoast_head":"<!-- This site is optimized with the Yoast SEO plugin v27.4 - https:\/\/yoast.com\/product\/yoast-seo-wordpress\/ -->\n<title>Suspension\/ Pendelleuchte Le Deun - Circle 80 en cuivre poli\/ aus poliertem Kupfer | Vintage M\u00f6bel kaufen auf KURATO.CH<\/title>\n<meta name=\"description\" content=\"Entdecke Vintage M\u00f6bel &amp; Dekoration \u27a4 Suspension\/ Pendelleuchte Le Deun - Circle 80 en cuivre poli\/ aus poliertem Kupfer auf Kurato. \u2713Lieferung Schweiz \u271314-Tage R\u00fcckgabe \u2713Secondhand Unikat\" \/>\n<meta name=\"robots\" content=\"index, follow, max-snippet:-1, max-image-preview:large, max-video-preview:-1\" \/>\n<link rel=\"canonical\" href=\"https:\/\/kurato.ch\/fr\/product\/suspension-pendelleuchte-le-deun-circle-80-en-cuivre-poli-aus-poliertem-kupfer\/\" \/>\n<meta property=\"og:locale\" content=\"fr_FR\" \/>\n<meta property=\"og:type\" content=\"article\" \/>\n<meta property=\"og:title\" content=\"Suspension\/ Pendelleuchte Le Deun - Circle 80 en cuivre poli\/ aus poliertem Kupfer | Vintage M\u00f6bel kaufen auf KURATO.CH\" \/>\n<meta property=\"og:description\" content=\"Entdecke Vintage M\u00f6bel &amp; Dekoration \u27a4 Suspension\/ Pendelleuchte Le Deun - Circle 80 en cuivre poli\/ aus poliertem Kupfer auf Kurato. \u2713Lieferung Schweiz \u271314-Tage R\u00fcckgabe \u2713Secondhand Unikat\" \/>\n<meta property=\"og:url\" content=\"https:\/\/kurato.ch\/fr\/product\/suspension-pendelleuchte-le-deun-circle-80-en-cuivre-poli-aus-poliertem-kupfer\/\" \/>\n<meta property=\"og:site_name\" content=\"Vintage M\u00f6bel &amp; Dekoration I Kurato\" \/>\n<meta property=\"article:publisher\" content=\"https:\/\/www.facebook.com\/kuratoswitzerland\" \/>\n<meta property=\"article:modified_time\" content=\"2025-09-18T19:40:16+00:00\" \/>\n<meta property=\"og:image\" content=\"https:\/\/kurato.ch\/wp-content\/uploads\/2025\/05\/Pendelleuchte-von-Le-Don-vintage-secondhand-gebraucht-schweiz-Instagram-Post.jpg\" \/>\n\t<meta property=\"og:image:width\" content=\"810\" \/>\n\t<meta property=\"og:image:height\" content=\"810\" \/>\n\t<meta property=\"og:image:type\" content=\"image\/jpeg\" \/>\n<meta name=\"twitter:label1\" content=\"Dur\u00e9e de lecture estim\u00e9e\" \/>\n\t<meta name=\"twitter:data1\" content=\"2 minutes\" \/>\n<script type=\"application\/ld+json\" class=\"yoast-schema-graph\">{\"@context\":\"https:\\\/\\\/schema.org\",\"@graph\":[{\"@type\":\"WebPage\",\"@id\":\"https:\\\/\\\/kurato.ch\\\/product\\\/suspension-pendelleuchte-le-deun-circle-80-en-cuivre-poli-aus-poliertem-kupfer\\\/\",\"url\":\"https:\\\/\\\/kurato.ch\\\/product\\\/suspension-pendelleuchte-le-deun-circle-80-en-cuivre-poli-aus-poliertem-kupfer\\\/\",\"name\":\"Suspension\\\/ Pendelleuchte Le Deun - Circle 80 en cuivre poli\\\/ aus poliertem Kupfer | Vintage M\u00f6bel kaufen auf KURATO.CH\",\"isPartOf\":{\"@id\":\"https:\\\/\\\/kurato.ch\\\/#website\"},\"primaryImageOfPage\":{\"@id\":\"https:\\\/\\\/kurato.ch\\\/product\\\/suspension-pendelleuchte-le-deun-circle-80-en-cuivre-poli-aus-poliertem-kupfer\\\/#primaryimage\"},\"image\":{\"@id\":\"https:\\\/\\\/kurato.ch\\\/product\\\/suspension-pendelleuchte-le-deun-circle-80-en-cuivre-poli-aus-poliertem-kupfer\\\/#primaryimage\"},\"thumbnailUrl\":\"https:\\\/\\\/kurato.ch\\\/wp-content\\\/uploads\\\/2025\\\/05\\\/Pendelleuchte-von-Le-Don-vintage-secondhand-gebraucht-schweiz-Instagram-Post.jpg\",\"datePublished\":\"2025-05-27T17:49:59+00:00\",\"dateModified\":\"2025-09-18T19:40:16+00:00\",\"description\":\"Entdecke Vintage M\u00f6bel & Dekoration \u27a4 Suspension\\\/ Pendelleuchte Le Deun - Circle 80 en cuivre poli\\\/ aus poliertem Kupfer auf Kurato. \u2713Lieferung Schweiz \u271314-Tage R\u00fcckgabe \u2713Secondhand Unikat\",\"breadcrumb\":{\"@id\":\"https:\\\/\\\/kurato.ch\\\/product\\\/suspension-pendelleuchte-le-deun-circle-80-en-cuivre-poli-aus-poliertem-kupfer\\\/#breadcrumb\"},\"inLanguage\":\"fr-FR\",\"potentialAction\":[{\"@type\":\"ReadAction\",\"target\":[\"https:\\\/\\\/kurato.ch\\\/product\\\/suspension-pendelleuchte-le-deun-circle-80-en-cuivre-poli-aus-poliertem-kupfer\\\/\"]}]},{\"@type\":\"ImageObject\",\"inLanguage\":\"fr-FR\",\"@id\":\"https:\\\/\\\/kurato.ch\\\/product\\\/suspension-pendelleuchte-le-deun-circle-80-en-cuivre-poli-aus-poliertem-kupfer\\\/#primaryimage\",\"url\":\"https:\\\/\\\/kurato.ch\\\/wp-content\\\/uploads\\\/2025\\\/05\\\/Pendelleuchte-von-Le-Don-vintage-secondhand-gebraucht-schweiz-Instagram-Post.jpg\",\"contentUrl\":\"https:\\\/\\\/kurato.ch\\\/wp-content\\\/uploads\\\/2025\\\/05\\\/Pendelleuchte-von-Le-Don-vintage-secondhand-gebraucht-schweiz-Instagram-Post.jpg\",\"width\":810,\"height\":810,\"caption\":\"Pendelleuchte-von-Le-Don\"},{\"@type\":\"BreadcrumbList\",\"@id\":\"https:\\\/\\\/kurato.ch\\\/product\\\/suspension-pendelleuchte-le-deun-circle-80-en-cuivre-poli-aus-poliertem-kupfer\\\/#breadcrumb\",\"itemListElement\":[{\"@type\":\"ListItem\",\"position\":1,\"name\":\"Home\",\"item\":\"https:\\\/\\\/kurato.ch\\\/\"},{\"@type\":\"ListItem\",\"position\":2,\"name\":\"Neuheiten\",\"item\":\"https:\\\/\\\/kurato.ch\\\/neuheiten\\\/\"},{\"@type\":\"ListItem\",\"position\":3,\"name\":\"Suspension\\\/ Pendelleuchte Le Deun &#8211; Circle 80 en cuivre poli\\\/ aus poliertem Kupfer\"}]},{\"@type\":\"WebSite\",\"@id\":\"https:\\\/\\\/kurato.ch\\\/#website\",\"url\":\"https:\\\/\\\/kurato.ch\\\/\",\"name\":\"Vintage M\u00f6bel &amp; Dekoration I Kurato\",\"description\":\"Vintage M\u00f6bel &amp; Dekoration I Kurato\",\"publisher\":{\"@id\":\"https:\\\/\\\/kurato.ch\\\/#organization\"},\"potentialAction\":[{\"@type\":\"SearchAction\",\"target\":{\"@type\":\"EntryPoint\",\"urlTemplate\":\"https:\\\/\\\/kurato.ch\\\/?s={search_term_string}\"},\"query-input\":{\"@type\":\"PropertyValueSpecification\",\"valueRequired\":true,\"valueName\":\"search_term_string\"}}],\"inLanguage\":\"fr-FR\"},{\"@type\":\"Organization\",\"@id\":\"https:\\\/\\\/kurato.ch\\\/#organization\",\"name\":\"Kurato.\",\"url\":\"https:\\\/\\\/kurato.ch\\\/\",\"logo\":{\"@type\":\"ImageObject\",\"inLanguage\":\"fr-FR\",\"@id\":\"https:\\\/\\\/kurato.ch\\\/#\\\/schema\\\/logo\\\/image\\\/\",\"url\":\"\",\"contentUrl\":\"\",\"caption\":\"Kurato.\"},\"image\":{\"@id\":\"https:\\\/\\\/kurato.ch\\\/#\\\/schema\\\/logo\\\/image\\\/\"},\"sameAs\":[\"https:\\\/\\\/www.facebook.com\\\/kuratoswitzerland\",\"https:\\\/\\\/www.instagram.com\\\/kurato.ch\\\/\",\"https:\\\/\\\/www.pinterest.ch\\\/kurato_ch\\\/_created\\\/\"]}]}<\/script>\n<!-- \/ Yoast SEO plugin. -->","yoast_head_json":{"title":"Suspension\/ Pendelleuchte Le Deun - Circle 80 en cuivre poli\/ aus poliertem Kupfer | Vintage M\u00f6bel kaufen auf KURATO.CH","description":"Entdecke Vintage M\u00f6bel & Dekoration \u27a4 Suspension\/ Pendelleuchte Le Deun - Circle 80 en cuivre poli\/ aus poliertem Kupfer auf Kurato. \u2713Lieferung Schweiz \u271314-Tage R\u00fcckgabe \u2713Secondhand Unikat","robots":{"index":"index","follow":"follow","max-snippet":"max-snippet:-1","max-image-preview":"max-image-preview:large","max-video-preview":"max-video-preview:-1"},"canonical":"https:\/\/kurato.ch\/fr\/product\/suspension-pendelleuchte-le-deun-circle-80-en-cuivre-poli-aus-poliertem-kupfer\/","og_locale":"fr_FR","og_type":"article","og_title":"Suspension\/ Pendelleuchte Le Deun - Circle 80 en cuivre poli\/ aus poliertem Kupfer | Vintage M\u00f6bel kaufen auf KURATO.CH","og_description":"Entdecke Vintage M\u00f6bel & Dekoration \u27a4 Suspension\/ Pendelleuchte Le Deun - Circle 80 en cuivre poli\/ aus poliertem Kupfer auf Kurato. \u2713Lieferung Schweiz \u271314-Tage R\u00fcckgabe \u2713Secondhand Unikat","og_url":"https:\/\/kurato.ch\/fr\/product\/suspension-pendelleuchte-le-deun-circle-80-en-cuivre-poli-aus-poliertem-kupfer\/","og_site_name":"Vintage M\u00f6bel &amp; Dekoration I Kurato","article_publisher":"https:\/\/www.facebook.com\/kuratoswitzerland","article_modified_time":"2025-09-18T19:40:16+00:00","og_image":[{"width":810,"height":810,"url":"https:\/\/kurato.ch\/wp-content\/uploads\/2025\/05\/Pendelleuchte-von-Le-Don-vintage-secondhand-gebraucht-schweiz-Instagram-Post.jpg","type":"image\/jpeg"}],"twitter_misc":{"Dur\u00e9e de lecture estim\u00e9e":"2 minutes"},"schema":{"@context":"https:\/\/schema.org","@graph":[{"@type":"WebPage","@id":"https:\/\/kurato.ch\/product\/suspension-pendelleuchte-le-deun-circle-80-en-cuivre-poli-aus-poliertem-kupfer\/","url":"https:\/\/kurato.ch\/product\/suspension-pendelleuchte-le-deun-circle-80-en-cuivre-poli-aus-poliertem-kupfer\/","name":"Suspension\/ Pendelleuchte Le Deun - Circle 80 en cuivre poli\/ aus poliertem Kupfer | Vintage M\u00f6bel kaufen auf KURATO.CH","isPartOf":{"@id":"https:\/\/kurato.ch\/#website"},"primaryImageOfPage":{"@id":"https:\/\/kurato.ch\/product\/suspension-pendelleuchte-le-deun-circle-80-en-cuivre-poli-aus-poliertem-kupfer\/#primaryimage"},"image":{"@id":"https:\/\/kurato.ch\/product\/suspension-pendelleuchte-le-deun-circle-80-en-cuivre-poli-aus-poliertem-kupfer\/#primaryimage"},"thumbnailUrl":"https:\/\/kurato.ch\/wp-content\/uploads\/2025\/05\/Pendelleuchte-von-Le-Don-vintage-secondhand-gebraucht-schweiz-Instagram-Post.jpg","datePublished":"2025-05-27T17:49:59+00:00","dateModified":"2025-09-18T19:40:16+00:00","description":"Entdecke Vintage M\u00f6bel & Dekoration \u27a4 Suspension\/ Pendelleuchte Le Deun - Circle 80 en cuivre poli\/ aus poliertem Kupfer auf Kurato. \u2713Lieferung Schweiz \u271314-Tage R\u00fcckgabe \u2713Secondhand Unikat","breadcrumb":{"@id":"https:\/\/kurato.ch\/product\/suspension-pendelleuchte-le-deun-circle-80-en-cuivre-poli-aus-poliertem-kupfer\/#breadcrumb"},"inLanguage":"fr-FR","potentialAction":[{"@type":"ReadAction","target":["https:\/\/kurato.ch\/product\/suspension-pendelleuchte-le-deun-circle-80-en-cuivre-poli-aus-poliertem-kupfer\/"]}]},{"@type":"ImageObject","inLanguage":"fr-FR","@id":"https:\/\/kurato.ch\/product\/suspension-pendelleuchte-le-deun-circle-80-en-cuivre-poli-aus-poliertem-kupfer\/#primaryimage","url":"https:\/\/kurato.ch\/wp-content\/uploads\/2025\/05\/Pendelleuchte-von-Le-Don-vintage-secondhand-gebraucht-schweiz-Instagram-Post.jpg","contentUrl":"https:\/\/kurato.ch\/wp-content\/uploads\/2025\/05\/Pendelleuchte-von-Le-Don-vintage-secondhand-gebraucht-schweiz-Instagram-Post.jpg","width":810,"height":810,"caption":"Pendelleuchte-von-Le-Don"},{"@type":"BreadcrumbList","@id":"https:\/\/kurato.ch\/product\/suspension-pendelleuchte-le-deun-circle-80-en-cuivre-poli-aus-poliertem-kupfer\/#breadcrumb","itemListElement":[{"@type":"ListItem","position":1,"name":"Home","item":"https:\/\/kurato.ch\/"},{"@type":"ListItem","position":2,"name":"Neuheiten","item":"https:\/\/kurato.ch\/neuheiten\/"},{"@type":"ListItem","position":3,"name":"Suspension\/ Pendelleuchte Le Deun &#8211; Circle 80 en cuivre poli\/ aus poliertem Kupfer"}]},{"@type":"WebSite","@id":"https:\/\/kurato.ch\/#website","url":"https:\/\/kurato.ch\/","name":"Meubles vintage &amp; d\u00e9coration I Kurato","description":"Meubles vintage &amp; d\u00e9coration I Kurato","publisher":{"@id":"https:\/\/kurato.ch\/#organization"},"potentialAction":[{"@type":"SearchAction","target":{"@type":"EntryPoint","urlTemplate":"https:\/\/kurato.ch\/?s={search_term_string}"},"query-input":{"@type":"PropertyValueSpecification","valueRequired":true,"valueName":"search_term_string"}}],"inLanguage":"fr-FR"},{"@type":"Organization","@id":"https:\/\/kurato.ch\/#organization","name":"Kurato.","url":"https:\/\/kurato.ch\/","logo":{"@type":"ImageObject","inLanguage":"fr-FR","@id":"https:\/\/kurato.ch\/#\/schema\/logo\/image\/","url":"","contentUrl":"","caption":"Kurato."},"image":{"@id":"https:\/\/kurato.ch\/#\/schema\/logo\/image\/"},"sameAs":["https:\/\/www.facebook.com\/kuratoswitzerland","https:\/\/www.instagram.com\/kurato.ch\/","https:\/\/www.pinterest.ch\/kurato_ch\/_created\/"]}]}},"_links":{"self":[{"href":"https:\/\/kurato.ch\/fr\/wp-json\/wp\/v2\/product\/68309","targetHints":{"allow":["GET"]}}],"collection":[{"href":"https:\/\/kurato.ch\/fr\/wp-json\/wp\/v2\/product"}],"about":[{"href":"https:\/\/kurato.ch\/fr\/wp-json\/wp\/v2\/types\/product"}],"wp:featuredmedia":[{"embeddable":true,"href":"https:\/\/kurato.ch\/fr\/wp-json\/wp\/v2\/media\/68350"}],"wp:attachment":[{"href":"https:\/\/kurato.ch\/fr\/wp-json\/wp\/v2\/media?parent=68309"}],"wp:term":[{"taxonomy":"product_brand","embeddable":true,"href":"https:\/\/kurato.ch\/fr\/wp-json\/wp\/v2\/product_brand?post=68309"},{"taxonomy":"product_cat","embeddable":true,"href":"https:\/\/kurato.ch\/fr\/wp-json\/wp\/v2\/product_cat?post=68309"},{"taxonomy":"product_tag","embeddable":true,"href":"https:\/\/kurato.ch\/fr\/wp-json\/wp\/v2\/product_tag?post=68309"}],"curies":[{"name":"wp","href":"https:\/\/api.w.org\/{rel}","templated":true}]}}