{"id":68783,"date":"2025-06-14T17:15:05","date_gmt":"2025-06-14T15:15:05","guid":{"rendered":"https:\/\/kurato.ch\/?post_type=product&#038;p=68783"},"modified":"2025-06-14T17:15:06","modified_gmt":"2025-06-14T15:15:06","slug":"sideboard-aus-walnussholz-von-knoll-international-1960er-jahre","status":"publish","type":"product","link":"https:\/\/kurato.ch\/fr\/product\/sideboard-aus-walnussholz-von-knoll-international-1960er-jahre\/","title":{"rendered":"Sideboard aus Walnussholz von Knoll International, 1960er Jahre"},"content":{"rendered":"<p>Dieses elegante Sideboard von Knoll International \u00fcberzeugt durch seine klare Formensprache und hochwertige Verarbeitung.<\/p>\n<p>Gefertigt aus edlem Walnussholz, bringt der Korpus mit seiner warmen Maserung eine nat\u00fcrliche Eleganz in den Raum. Die beiden Schiebet\u00fcren sind in einem tiefen Schwarz lackiert und lassen sich mit jeweils einem dezenten Griff aus Leder \u00f6ffnen \u2013 ein stilvolles Detail, das die schlichte Form mit einer haptisch angenehmen Komponente verbindet.<\/p>\n<p>Das M\u00f6bel ruht auf vier zur\u00fcckhaltenden Metallf\u00fcssen, die dem massiven Korpus eine gewisse Leichtigkeit verleihen.<\/p>\n<p>Der Innenraum ist grossz\u00fcgig und funktional gestaltet: Dank verstellbarer Einlegeb\u00f6den l\u00e4sst sich das Stauraumangebot flexibel anpassen \u2013 perfekt f\u00fcr B\u00fccher, Akten oder dekorative Objekte. Zudem ist der Schl\u00fcssel vorhanden, somit kann dieses abgeschlossen werden .<\/p>\n<p>Zustand: Das Sideboard befindet sich in einem guten, wohnfertigen Zustand mit altersgem\u00e4ssen Gebrauchsspuren. Die Oberfl\u00e4che zeigt stellenweise leichte Kratzer. An den Schiebet\u00fcren ist die Patina deutlich zu erkennen, die jedoch den \u00e4sthetischen Gesamteindruck nicht wesentlich beeintr\u00e4chtigen. Der Schl\u00fcssel ist vorhanden und funktionst\u00fcchtig.<\/p>\n<p>&#8211; Abholung von Montag bis Samstag (ausser Feiertage) zwischen 10:00 bis 19:00 Uhr in\u00a0 Z\u00fcrich mit Terminvereinbarung.<br \/>&#8211; Lieferung schweizweit m\u00f6glich! Frage einfach nach dem Preis, der sich je nach Entfernung berechnet.<\/p>\n<p><\/p>","protected":false},"excerpt":{"rendered":"<p>Dieses elegante Sideboard von Knoll International \u00fcberzeugt durch seine klare Formensprache und hochwertige Verarbeitung. Gefertigt aus edlem Walnussholz, bringt der Korpus mit seiner warmen Maserung eine nat\u00fcrliche Eleganz in den Raum. Die beiden Schiebet\u00fcren sind in einem tiefen Schwarz lackiert und lassen sich mit jeweils einem dezenten Griff aus Leder \u00f6ffnen \u2013 ein stilvolles Detail, [&hellip;]<\/p>\n","protected":false},"featured_media":68802,"template":"","meta":{"_acf_changed":false,"site-sidebar-layout":"default","site-content-layout":"","ast-site-content-layout":"default","site-content-style":"default","site-sidebar-style":"default","ast-global-header-display":"","ast-banner-title-visibility":"","ast-main-header-display":"","ast-hfb-above-header-display":"","ast-hfb-below-header-display":"","ast-hfb-mobile-header-display":"","site-post-title":"","ast-breadcrumbs-content":"","ast-featured-img":"","footer-sml-layout":"","ast-disable-related-posts":"","theme-transparent-header-meta":"","adv-header-id-meta":"","stick-header-meta":"","header-above-stick-meta":"","header-main-stick-meta":"","header-below-stick-meta":"","astra-migrate-meta-layouts":"default","ast-page-background-enabled":"default","ast-page-background-meta":{"desktop":{"background-color":"","background-image":"","background-repeat":"repeat","background-position":"center center","background-size":"auto","background-attachment":"scroll","background-type":"","background-media":"","overlay-type":"","overlay-color":"","overlay-opacity":"","overlay-gradient":""},"tablet":{"background-color":"","background-image":"","background-repeat":"repeat","background-position":"center center","background-size":"auto","background-attachment":"scroll","background-type":"","background-media":"","overlay-type":"","overlay-color":"","overlay-opacity":"","overlay-gradient":""},"mobile":{"background-color":"","background-image":"","background-repeat":"repeat","background-position":"center center","background-size":"auto","background-attachment":"scroll","background-type":"","background-media":"","overlay-type":"","overlay-color":"","overlay-opacity":"","overlay-gradient":""}},"ast-content-background-meta":{"desktop":{"background-color":"var(--ast-global-color-5)","background-image":"","background-repeat":"repeat","background-position":"center center","background-size":"auto","background-attachment":"scroll","background-type":"","background-media":"","overlay-type":"","overlay-color":"","overlay-opacity":"","overlay-gradient":""},"tablet":{"background-color":"var(--ast-global-color-5)","background-image":"","background-repeat":"repeat","background-position":"center center","background-size":"auto","background-attachment":"scroll","background-type":"","background-media":"","overlay-type":"","overlay-color":"","overlay-opacity":"","overlay-gradient":""},"mobile":{"background-color":"var(--ast-global-color-5)","background-image":"","background-repeat":"repeat","background-position":"center center","background-size":"auto","background-attachment":"scroll","background-type":"","background-media":"","overlay-type":"","overlay-color":"","overlay-opacity":"","overlay-gradient":""}}},"product_brand":[],"product_cat":[134],"product_tag":[],"class_list":{"0":"post-68783","1":"product","2":"type-product","3":"status-publish","4":"has-post-thumbnail","6":"product_cat-vintage-sideboards","7":"pa_designer-knoll","8":"pa_farbe-braun","9":"pa_farbe-schwarz","10":"pa_material-holz","11":"pa_stil-vintage","12":"desktop-align-left","13":"tablet-align-left","14":"mobile-align-left","16":"first","17":"instock","18":"sold-individually","19":"shipping-taxable","20":"purchasable","21":"product-type-simple"},"acf":[],"yoast_head":"<!-- This site is optimized with the Yoast SEO plugin v27.3 - https:\/\/yoast.com\/product\/yoast-seo-wordpress\/ -->\n<title>Sideboard aus Walnussholz von Knoll International, 1960er Jahre | Vintage M\u00f6bel kaufen auf KURATO.CH<\/title>\n<meta name=\"description\" content=\"Entdecke Vintage M\u00f6bel &amp; Dekoration \u27a4 Sideboard aus Walnussholz von Knoll International, 1960er Jahre auf Kurato. \u2713Lieferung Schweiz \u271314-Tage R\u00fcckgabe \u2713Secondhand Unikat\" \/>\n<meta name=\"robots\" content=\"index, follow, max-snippet:-1, max-image-preview:large, max-video-preview:-1\" \/>\n<link rel=\"canonical\" href=\"https:\/\/kurato.ch\/fr\/product\/sideboard-aus-walnussholz-von-knoll-international-1960er-jahre\/\" \/>\n<meta property=\"og:locale\" content=\"fr_FR\" \/>\n<meta property=\"og:type\" content=\"article\" \/>\n<meta property=\"og:title\" content=\"Sideboard aus Walnussholz von Knoll International, 1960er Jahre | Vintage M\u00f6bel kaufen auf KURATO.CH\" \/>\n<meta property=\"og:description\" content=\"Entdecke Vintage M\u00f6bel &amp; Dekoration \u27a4 Sideboard aus Walnussholz von Knoll International, 1960er Jahre auf Kurato. \u2713Lieferung Schweiz \u271314-Tage R\u00fcckgabe \u2713Secondhand Unikat\" \/>\n<meta property=\"og:url\" content=\"https:\/\/kurato.ch\/fr\/product\/sideboard-aus-walnussholz-von-knoll-international-1960er-jahre\/\" \/>\n<meta property=\"og:site_name\" content=\"Vintage M\u00f6bel &amp; Dekoration I Kurato\" \/>\n<meta property=\"article:publisher\" content=\"https:\/\/www.facebook.com\/kuratoswitzerland\" \/>\n<meta property=\"article:modified_time\" content=\"2025-06-14T15:15:06+00:00\" \/>\n<meta property=\"og:image\" content=\"https:\/\/kurato.ch\/wp-content\/uploads\/2025\/06\/Sideboard-aus-Walnussholz-von-Knoll-International-1960er-Jahre-vintage-secondhand-gebraucht-schweiz-Instagram-Post.jpg\" \/>\n\t<meta property=\"og:image:width\" content=\"810\" \/>\n\t<meta property=\"og:image:height\" content=\"810\" \/>\n\t<meta property=\"og:image:type\" content=\"image\/jpeg\" \/>\n<meta name=\"twitter:label1\" content=\"Dur\u00e9e de lecture estim\u00e9e\" \/>\n\t<meta name=\"twitter:data1\" content=\"1 minute\" \/>\n<script type=\"application\/ld+json\" class=\"yoast-schema-graph\">{\"@context\":\"https:\\\/\\\/schema.org\",\"@graph\":[{\"@type\":\"WebPage\",\"@id\":\"https:\\\/\\\/kurato.ch\\\/product\\\/sideboard-aus-walnussholz-von-knoll-international-1960er-jahre\\\/\",\"url\":\"https:\\\/\\\/kurato.ch\\\/product\\\/sideboard-aus-walnussholz-von-knoll-international-1960er-jahre\\\/\",\"name\":\"Sideboard aus Walnussholz von Knoll International, 1960er Jahre | Vintage M\u00f6bel kaufen auf KURATO.CH\",\"isPartOf\":{\"@id\":\"https:\\\/\\\/kurato.ch\\\/#website\"},\"primaryImageOfPage\":{\"@id\":\"https:\\\/\\\/kurato.ch\\\/product\\\/sideboard-aus-walnussholz-von-knoll-international-1960er-jahre\\\/#primaryimage\"},\"image\":{\"@id\":\"https:\\\/\\\/kurato.ch\\\/product\\\/sideboard-aus-walnussholz-von-knoll-international-1960er-jahre\\\/#primaryimage\"},\"thumbnailUrl\":\"https:\\\/\\\/kurato.ch\\\/wp-content\\\/uploads\\\/2025\\\/06\\\/Sideboard-aus-Walnussholz-von-Knoll-International-1960er-Jahre-vintage-secondhand-gebraucht-schweiz-Instagram-Post.jpg\",\"datePublished\":\"2025-06-14T15:15:05+00:00\",\"dateModified\":\"2025-06-14T15:15:06+00:00\",\"description\":\"Entdecke Vintage M\u00f6bel & Dekoration \u27a4 Sideboard aus Walnussholz von Knoll International, 1960er Jahre auf Kurato. \u2713Lieferung Schweiz \u271314-Tage R\u00fcckgabe \u2713Secondhand Unikat\",\"breadcrumb\":{\"@id\":\"https:\\\/\\\/kurato.ch\\\/product\\\/sideboard-aus-walnussholz-von-knoll-international-1960er-jahre\\\/#breadcrumb\"},\"inLanguage\":\"fr-FR\",\"potentialAction\":[{\"@type\":\"ReadAction\",\"target\":[\"https:\\\/\\\/kurato.ch\\\/product\\\/sideboard-aus-walnussholz-von-knoll-international-1960er-jahre\\\/\"]}]},{\"@type\":\"ImageObject\",\"inLanguage\":\"fr-FR\",\"@id\":\"https:\\\/\\\/kurato.ch\\\/product\\\/sideboard-aus-walnussholz-von-knoll-international-1960er-jahre\\\/#primaryimage\",\"url\":\"https:\\\/\\\/kurato.ch\\\/wp-content\\\/uploads\\\/2025\\\/06\\\/Sideboard-aus-Walnussholz-von-Knoll-International-1960er-Jahre-vintage-secondhand-gebraucht-schweiz-Instagram-Post.jpg\",\"contentUrl\":\"https:\\\/\\\/kurato.ch\\\/wp-content\\\/uploads\\\/2025\\\/06\\\/Sideboard-aus-Walnussholz-von-Knoll-International-1960er-Jahre-vintage-secondhand-gebraucht-schweiz-Instagram-Post.jpg\",\"width\":810,\"height\":810,\"caption\":\"Sideboard aus Walnussholz von Knoll International, 1960er Jahre\"},{\"@type\":\"BreadcrumbList\",\"@id\":\"https:\\\/\\\/kurato.ch\\\/product\\\/sideboard-aus-walnussholz-von-knoll-international-1960er-jahre\\\/#breadcrumb\",\"itemListElement\":[{\"@type\":\"ListItem\",\"position\":1,\"name\":\"Home\",\"item\":\"https:\\\/\\\/kurato.ch\\\/\"},{\"@type\":\"ListItem\",\"position\":2,\"name\":\"Neuheiten\",\"item\":\"https:\\\/\\\/kurato.ch\\\/neuheiten\\\/\"},{\"@type\":\"ListItem\",\"position\":3,\"name\":\"Sideboard aus Walnussholz von Knoll International, 1960er Jahre\"}]},{\"@type\":\"WebSite\",\"@id\":\"https:\\\/\\\/kurato.ch\\\/#website\",\"url\":\"https:\\\/\\\/kurato.ch\\\/\",\"name\":\"Vintage M\u00f6bel &amp; Dekoration I Kurato\",\"description\":\"Vintage M\u00f6bel &amp; Dekoration I Kurato\",\"publisher\":{\"@id\":\"https:\\\/\\\/kurato.ch\\\/#organization\"},\"potentialAction\":[{\"@type\":\"SearchAction\",\"target\":{\"@type\":\"EntryPoint\",\"urlTemplate\":\"https:\\\/\\\/kurato.ch\\\/?s={search_term_string}\"},\"query-input\":{\"@type\":\"PropertyValueSpecification\",\"valueRequired\":true,\"valueName\":\"search_term_string\"}}],\"inLanguage\":\"fr-FR\"},{\"@type\":\"Organization\",\"@id\":\"https:\\\/\\\/kurato.ch\\\/#organization\",\"name\":\"Kurato.\",\"url\":\"https:\\\/\\\/kurato.ch\\\/\",\"logo\":{\"@type\":\"ImageObject\",\"inLanguage\":\"fr-FR\",\"@id\":\"https:\\\/\\\/kurato.ch\\\/#\\\/schema\\\/logo\\\/image\\\/\",\"url\":\"\",\"contentUrl\":\"\",\"caption\":\"Kurato.\"},\"image\":{\"@id\":\"https:\\\/\\\/kurato.ch\\\/#\\\/schema\\\/logo\\\/image\\\/\"},\"sameAs\":[\"https:\\\/\\\/www.facebook.com\\\/kuratoswitzerland\",\"https:\\\/\\\/www.instagram.com\\\/kurato.ch\\\/\",\"https:\\\/\\\/www.pinterest.ch\\\/kurato_ch\\\/_created\\\/\"]}]}<\/script>\n<!-- \/ Yoast SEO plugin. -->","yoast_head_json":{"title":"Sideboard aus Walnussholz von Knoll International, 1960er Jahre | Vintage M\u00f6bel kaufen auf KURATO.CH","description":"Entdecke Vintage M\u00f6bel & Dekoration \u27a4 Sideboard aus Walnussholz von Knoll International, 1960er Jahre auf Kurato. \u2713Lieferung Schweiz \u271314-Tage R\u00fcckgabe \u2713Secondhand Unikat","robots":{"index":"index","follow":"follow","max-snippet":"max-snippet:-1","max-image-preview":"max-image-preview:large","max-video-preview":"max-video-preview:-1"},"canonical":"https:\/\/kurato.ch\/fr\/product\/sideboard-aus-walnussholz-von-knoll-international-1960er-jahre\/","og_locale":"fr_FR","og_type":"article","og_title":"Sideboard aus Walnussholz von Knoll International, 1960er Jahre | Vintage M\u00f6bel kaufen auf KURATO.CH","og_description":"Entdecke Vintage M\u00f6bel & Dekoration \u27a4 Sideboard aus Walnussholz von Knoll International, 1960er Jahre auf Kurato. \u2713Lieferung Schweiz \u271314-Tage R\u00fcckgabe \u2713Secondhand Unikat","og_url":"https:\/\/kurato.ch\/fr\/product\/sideboard-aus-walnussholz-von-knoll-international-1960er-jahre\/","og_site_name":"Vintage M\u00f6bel &amp; Dekoration I Kurato","article_publisher":"https:\/\/www.facebook.com\/kuratoswitzerland","article_modified_time":"2025-06-14T15:15:06+00:00","og_image":[{"width":810,"height":810,"url":"https:\/\/kurato.ch\/wp-content\/uploads\/2025\/06\/Sideboard-aus-Walnussholz-von-Knoll-International-1960er-Jahre-vintage-secondhand-gebraucht-schweiz-Instagram-Post.jpg","type":"image\/jpeg"}],"twitter_misc":{"Dur\u00e9e de lecture estim\u00e9e":"1 minute"},"schema":{"@context":"https:\/\/schema.org","@graph":[{"@type":"WebPage","@id":"https:\/\/kurato.ch\/product\/sideboard-aus-walnussholz-von-knoll-international-1960er-jahre\/","url":"https:\/\/kurato.ch\/product\/sideboard-aus-walnussholz-von-knoll-international-1960er-jahre\/","name":"Sideboard aus Walnussholz von Knoll International, 1960er Jahre | Vintage M\u00f6bel kaufen auf KURATO.CH","isPartOf":{"@id":"https:\/\/kurato.ch\/#website"},"primaryImageOfPage":{"@id":"https:\/\/kurato.ch\/product\/sideboard-aus-walnussholz-von-knoll-international-1960er-jahre\/#primaryimage"},"image":{"@id":"https:\/\/kurato.ch\/product\/sideboard-aus-walnussholz-von-knoll-international-1960er-jahre\/#primaryimage"},"thumbnailUrl":"https:\/\/kurato.ch\/wp-content\/uploads\/2025\/06\/Sideboard-aus-Walnussholz-von-Knoll-International-1960er-Jahre-vintage-secondhand-gebraucht-schweiz-Instagram-Post.jpg","datePublished":"2025-06-14T15:15:05+00:00","dateModified":"2025-06-14T15:15:06+00:00","description":"Entdecke Vintage M\u00f6bel & Dekoration \u27a4 Sideboard aus Walnussholz von Knoll International, 1960er Jahre auf Kurato. \u2713Lieferung Schweiz \u271314-Tage R\u00fcckgabe \u2713Secondhand Unikat","breadcrumb":{"@id":"https:\/\/kurato.ch\/product\/sideboard-aus-walnussholz-von-knoll-international-1960er-jahre\/#breadcrumb"},"inLanguage":"fr-FR","potentialAction":[{"@type":"ReadAction","target":["https:\/\/kurato.ch\/product\/sideboard-aus-walnussholz-von-knoll-international-1960er-jahre\/"]}]},{"@type":"ImageObject","inLanguage":"fr-FR","@id":"https:\/\/kurato.ch\/product\/sideboard-aus-walnussholz-von-knoll-international-1960er-jahre\/#primaryimage","url":"https:\/\/kurato.ch\/wp-content\/uploads\/2025\/06\/Sideboard-aus-Walnussholz-von-Knoll-International-1960er-Jahre-vintage-secondhand-gebraucht-schweiz-Instagram-Post.jpg","contentUrl":"https:\/\/kurato.ch\/wp-content\/uploads\/2025\/06\/Sideboard-aus-Walnussholz-von-Knoll-International-1960er-Jahre-vintage-secondhand-gebraucht-schweiz-Instagram-Post.jpg","width":810,"height":810,"caption":"Sideboard aus Walnussholz von Knoll International, 1960er Jahre"},{"@type":"BreadcrumbList","@id":"https:\/\/kurato.ch\/product\/sideboard-aus-walnussholz-von-knoll-international-1960er-jahre\/#breadcrumb","itemListElement":[{"@type":"ListItem","position":1,"name":"Home","item":"https:\/\/kurato.ch\/"},{"@type":"ListItem","position":2,"name":"Neuheiten","item":"https:\/\/kurato.ch\/neuheiten\/"},{"@type":"ListItem","position":3,"name":"Sideboard aus Walnussholz von Knoll International, 1960er Jahre"}]},{"@type":"WebSite","@id":"https:\/\/kurato.ch\/#website","url":"https:\/\/kurato.ch\/","name":"Meubles vintage &amp; d\u00e9coration I Kurato","description":"Meubles vintage &amp; d\u00e9coration I Kurato","publisher":{"@id":"https:\/\/kurato.ch\/#organization"},"potentialAction":[{"@type":"SearchAction","target":{"@type":"EntryPoint","urlTemplate":"https:\/\/kurato.ch\/?s={search_term_string}"},"query-input":{"@type":"PropertyValueSpecification","valueRequired":true,"valueName":"search_term_string"}}],"inLanguage":"fr-FR"},{"@type":"Organization","@id":"https:\/\/kurato.ch\/#organization","name":"Kurato.","url":"https:\/\/kurato.ch\/","logo":{"@type":"ImageObject","inLanguage":"fr-FR","@id":"https:\/\/kurato.ch\/#\/schema\/logo\/image\/","url":"","contentUrl":"","caption":"Kurato."},"image":{"@id":"https:\/\/kurato.ch\/#\/schema\/logo\/image\/"},"sameAs":["https:\/\/www.facebook.com\/kuratoswitzerland","https:\/\/www.instagram.com\/kurato.ch\/","https:\/\/www.pinterest.ch\/kurato_ch\/_created\/"]}]}},"_links":{"self":[{"href":"https:\/\/kurato.ch\/fr\/wp-json\/wp\/v2\/product\/68783","targetHints":{"allow":["GET"]}}],"collection":[{"href":"https:\/\/kurato.ch\/fr\/wp-json\/wp\/v2\/product"}],"about":[{"href":"https:\/\/kurato.ch\/fr\/wp-json\/wp\/v2\/types\/product"}],"wp:featuredmedia":[{"embeddable":true,"href":"https:\/\/kurato.ch\/fr\/wp-json\/wp\/v2\/media\/68802"}],"wp:attachment":[{"href":"https:\/\/kurato.ch\/fr\/wp-json\/wp\/v2\/media?parent=68783"}],"wp:term":[{"taxonomy":"product_brand","embeddable":true,"href":"https:\/\/kurato.ch\/fr\/wp-json\/wp\/v2\/product_brand?post=68783"},{"taxonomy":"product_cat","embeddable":true,"href":"https:\/\/kurato.ch\/fr\/wp-json\/wp\/v2\/product_cat?post=68783"},{"taxonomy":"product_tag","embeddable":true,"href":"https:\/\/kurato.ch\/fr\/wp-json\/wp\/v2\/product_tag?post=68783"}],"curies":[{"name":"wp","href":"https:\/\/api.w.org\/{rel}","templated":true}]}}