{"id":68892,"date":"2025-06-18T21:56:07","date_gmt":"2025-06-18T19:56:07","guid":{"rendered":"https:\/\/kurato.ch\/?post_type=product&#038;p=68892"},"modified":"2025-08-27T21:35:28","modified_gmt":"2025-08-27T19:35:28","slug":"charmanter-esstisch-im-landhausstil","status":"publish","type":"product","link":"https:\/\/kurato.ch\/fr\/product\/charmanter-esstisch-im-landhausstil\/","title":{"rendered":"Charmanter Esstisch im Landhausstil"},"content":{"rendered":"<p>Dieser charmante Tisch vereint rustikale Eleganz mit funktionalem Design und erinnert an einen klassischen franz\u00f6sischen Landhaustisch der ersten H\u00e4lfte des 20. Jahrhunderts. Die Tischplatte aus gr\u00fcnem Resopal mit abgerundeten Ecken und schwarzer Kante verleiht dem M\u00f6belst\u00fcck eine zeittypische Note, wie sie h\u00e4ufig in den 1930er bis 1950er Jahren zu finden war. Der Korpus besteht aus dunklem Massivholz mit sichtbarer Maserung, was einen sch\u00f6nen Kontrast zur farbigen Platte bildet. Besonders auff\u00e4llig sind die leicht geschwungenen Beine im Stil der Louis-Philippe-Periode, die dem Tisch eine elegante Silhouette und einen Hauch von Nostalgie verleihen.<\/p>\n<p>Ein zentrales Merkmal dieses Tisches ist die praktische, mittig platzierte Schublade mit rundem Holzknauf, die f\u00fcr Schreibutensilien oder kleinere Alltagsgegenst\u00e4nde genutzt werden kann. Innen ist die Schublade hell ausgekleidet, was einen warmen, freundlichen Kontrast zur dunklen Aussenstruktur bietet. Die Verarbeitung deutet auf traditionelle Tischlertechniken hin, mit Zapfenverbindungen und Massivholzrahmen.<\/p>\n<p>Zustand: Der Zustand des Tisches ist insgesamt als solide und gebrauchter Vintage-Zustand zu bewerten. Die Linoleumplatte zeigt alters\u00fcbliche Gebrauchsspuren wie Kratzer und matte Stellen. Eine Ecke weist eine sichtbare Besch\u00e4digung bzw. Absplitterung der Umleimerkante auf. Das Holzgestell hat leichte sichtbare Kratzer, Dellen und Farbabriebe, insbesondere an den Beinen. Die Schublade funktioniert einwandfrei. Der Tisch ist stabil und voll funktionsf\u00e4hig, zeigt jedoch typische Spuren seines Alters \u2013 was wiederum seinen authentischen Charakter unterstreicht.<\/p>\n<p>Masse: L119 x B74 x H75 cm<\/p>\n<p>&#8211; Abholung von Montag bis Samstag (ausser Feiertage) zwischen 10:00 bis 19:00 Uhr in\u00a0 Z\u00fcrich mit Terminvereinbarung.<br \/>&#8211; Lieferung schweizweit m\u00f6glich! Frage einfach nach dem Preis, der sich je nach Entfernung berechnet.<\/p>\n<p><\/p>","protected":false},"excerpt":{"rendered":"<p>Dieser charmante Tisch vereint rustikale Eleganz mit funktionalem Design und erinnert an einen klassischen franz\u00f6sischen Landhaustisch der ersten H\u00e4lfte des 20. Jahrhunderts. Die Tischplatte aus gr\u00fcnem Resopal mit abgerundeten Ecken und schwarzer Kante verleiht dem M\u00f6belst\u00fcck eine zeittypische Note, wie sie h\u00e4ufig in den 1930er bis 1950er Jahren zu finden war. Der Korpus besteht aus [&hellip;]<\/p>\n","protected":false},"featured_media":68952,"template":"","meta":{"_acf_changed":false,"site-sidebar-layout":"default","site-content-layout":"","ast-site-content-layout":"default","site-content-style":"default","site-sidebar-style":"default","ast-global-header-display":"","ast-banner-title-visibility":"","ast-main-header-display":"","ast-hfb-above-header-display":"","ast-hfb-below-header-display":"","ast-hfb-mobile-header-display":"","site-post-title":"","ast-breadcrumbs-content":"","ast-featured-img":"","footer-sml-layout":"","ast-disable-related-posts":"","theme-transparent-header-meta":"","adv-header-id-meta":"","stick-header-meta":"","header-above-stick-meta":"","header-main-stick-meta":"","header-below-stick-meta":"","astra-migrate-meta-layouts":"default","ast-page-background-enabled":"default","ast-page-background-meta":{"desktop":{"background-color":"","background-image":"","background-repeat":"repeat","background-position":"center center","background-size":"auto","background-attachment":"scroll","background-type":"","background-media":"","overlay-type":"","overlay-color":"","overlay-opacity":"","overlay-gradient":""},"tablet":{"background-color":"","background-image":"","background-repeat":"repeat","background-position":"center center","background-size":"auto","background-attachment":"scroll","background-type":"","background-media":"","overlay-type":"","overlay-color":"","overlay-opacity":"","overlay-gradient":""},"mobile":{"background-color":"","background-image":"","background-repeat":"repeat","background-position":"center center","background-size":"auto","background-attachment":"scroll","background-type":"","background-media":"","overlay-type":"","overlay-color":"","overlay-opacity":"","overlay-gradient":""}},"ast-content-background-meta":{"desktop":{"background-color":"var(--ast-global-color-5)","background-image":"","background-repeat":"repeat","background-position":"center center","background-size":"auto","background-attachment":"scroll","background-type":"","background-media":"","overlay-type":"","overlay-color":"","overlay-opacity":"","overlay-gradient":""},"tablet":{"background-color":"var(--ast-global-color-5)","background-image":"","background-repeat":"repeat","background-position":"center center","background-size":"auto","background-attachment":"scroll","background-type":"","background-media":"","overlay-type":"","overlay-color":"","overlay-opacity":"","overlay-gradient":""},"mobile":{"background-color":"var(--ast-global-color-5)","background-image":"","background-repeat":"repeat","background-position":"center center","background-size":"auto","background-attachment":"scroll","background-type":"","background-media":"","overlay-type":"","overlay-color":"","overlay-opacity":"","overlay-gradient":""}}},"product_brand":[],"product_cat":[168,169,167],"product_tag":[],"class_list":{"0":"post-68892","1":"product","2":"type-product","3":"status-publish","4":"has-post-thumbnail","6":"product_cat-vintage-esstisch","7":"product_cat-vintage-schreibtisch","8":"product_cat-vintage-tische","9":"pa_farbe-braun","10":"pa_farbe-gruen","11":"pa_material-holz","12":"pa_stil-vintage","13":"desktop-align-left","14":"tablet-align-left","15":"mobile-align-left","17":"first","18":"outofstock","19":"sold-individually","20":"shipping-taxable","21":"purchasable","22":"product-type-simple"},"acf":[],"yoast_head":"<!-- This site is optimized with the Yoast SEO plugin v27.4 - https:\/\/yoast.com\/product\/yoast-seo-wordpress\/ -->\n<title>Charmanter Esstisch im Landhausstil | Vintage M\u00f6bel kaufen auf KURATO.CH<\/title>\n<meta name=\"description\" content=\"Entdecke Vintage M\u00f6bel &amp; Dekoration \u27a4 Charmanter Esstisch im Landhausstil auf Kurato. \u2713Lieferung Schweiz \u271314-Tage R\u00fcckgabe \u2713Secondhand Unikat\" \/>\n<meta name=\"robots\" content=\"index, follow, max-snippet:-1, max-image-preview:large, max-video-preview:-1\" \/>\n<link rel=\"canonical\" href=\"https:\/\/kurato.ch\/fr\/product\/charmanter-esstisch-im-landhausstil\/\" \/>\n<meta property=\"og:locale\" content=\"fr_FR\" \/>\n<meta property=\"og:type\" content=\"article\" \/>\n<meta property=\"og:title\" content=\"Charmanter Esstisch im Landhausstil | Vintage M\u00f6bel kaufen auf KURATO.CH\" \/>\n<meta property=\"og:description\" content=\"Entdecke Vintage M\u00f6bel &amp; Dekoration \u27a4 Charmanter Esstisch im Landhausstil auf Kurato. \u2713Lieferung Schweiz \u271314-Tage R\u00fcckgabe \u2713Secondhand Unikat\" \/>\n<meta property=\"og:url\" content=\"https:\/\/kurato.ch\/fr\/product\/charmanter-esstisch-im-landhausstil\/\" \/>\n<meta property=\"og:site_name\" content=\"Vintage M\u00f6bel &amp; Dekoration I Kurato\" \/>\n<meta property=\"article:publisher\" content=\"https:\/\/www.facebook.com\/kuratoswitzerland\" \/>\n<meta property=\"article:modified_time\" content=\"2025-08-27T19:35:28+00:00\" \/>\n<meta property=\"og:image\" content=\"https:\/\/kurato.ch\/wp-content\/uploads\/2025\/06\/Charmanter-Esstisch-im-Landhausstil-vintage-secondhand-gebraucht-schweiz-Instagram-Post.jpg\" \/>\n\t<meta property=\"og:image:width\" content=\"810\" \/>\n\t<meta property=\"og:image:height\" content=\"810\" \/>\n\t<meta property=\"og:image:type\" content=\"image\/jpeg\" \/>\n<meta name=\"twitter:label1\" content=\"Dur\u00e9e de lecture estim\u00e9e\" \/>\n\t<meta name=\"twitter:data1\" content=\"1 minute\" \/>\n<script type=\"application\/ld+json\" class=\"yoast-schema-graph\">{\"@context\":\"https:\\\/\\\/schema.org\",\"@graph\":[{\"@type\":\"WebPage\",\"@id\":\"https:\\\/\\\/kurato.ch\\\/product\\\/charmanter-esstisch-im-landhausstil\\\/\",\"url\":\"https:\\\/\\\/kurato.ch\\\/product\\\/charmanter-esstisch-im-landhausstil\\\/\",\"name\":\"Charmanter Esstisch im Landhausstil | Vintage M\u00f6bel kaufen auf KURATO.CH\",\"isPartOf\":{\"@id\":\"https:\\\/\\\/kurato.ch\\\/#website\"},\"primaryImageOfPage\":{\"@id\":\"https:\\\/\\\/kurato.ch\\\/product\\\/charmanter-esstisch-im-landhausstil\\\/#primaryimage\"},\"image\":{\"@id\":\"https:\\\/\\\/kurato.ch\\\/product\\\/charmanter-esstisch-im-landhausstil\\\/#primaryimage\"},\"thumbnailUrl\":\"https:\\\/\\\/kurato.ch\\\/wp-content\\\/uploads\\\/2025\\\/06\\\/Charmanter-Esstisch-im-Landhausstil-vintage-secondhand-gebraucht-schweiz-Instagram-Post.jpg\",\"datePublished\":\"2025-06-18T19:56:07+00:00\",\"dateModified\":\"2025-08-27T19:35:28+00:00\",\"description\":\"Entdecke Vintage M\u00f6bel & Dekoration \u27a4 Charmanter Esstisch im Landhausstil auf Kurato. \u2713Lieferung Schweiz \u271314-Tage R\u00fcckgabe \u2713Secondhand Unikat\",\"breadcrumb\":{\"@id\":\"https:\\\/\\\/kurato.ch\\\/product\\\/charmanter-esstisch-im-landhausstil\\\/#breadcrumb\"},\"inLanguage\":\"fr-FR\",\"potentialAction\":[{\"@type\":\"ReadAction\",\"target\":[\"https:\\\/\\\/kurato.ch\\\/product\\\/charmanter-esstisch-im-landhausstil\\\/\"]}]},{\"@type\":\"ImageObject\",\"inLanguage\":\"fr-FR\",\"@id\":\"https:\\\/\\\/kurato.ch\\\/product\\\/charmanter-esstisch-im-landhausstil\\\/#primaryimage\",\"url\":\"https:\\\/\\\/kurato.ch\\\/wp-content\\\/uploads\\\/2025\\\/06\\\/Charmanter-Esstisch-im-Landhausstil-vintage-secondhand-gebraucht-schweiz-Instagram-Post.jpg\",\"contentUrl\":\"https:\\\/\\\/kurato.ch\\\/wp-content\\\/uploads\\\/2025\\\/06\\\/Charmanter-Esstisch-im-Landhausstil-vintage-secondhand-gebraucht-schweiz-Instagram-Post.jpg\",\"width\":810,\"height\":810,\"caption\":\"Charmanter Esstisch im Landhausstil\"},{\"@type\":\"BreadcrumbList\",\"@id\":\"https:\\\/\\\/kurato.ch\\\/product\\\/charmanter-esstisch-im-landhausstil\\\/#breadcrumb\",\"itemListElement\":[{\"@type\":\"ListItem\",\"position\":1,\"name\":\"Home\",\"item\":\"https:\\\/\\\/kurato.ch\\\/\"},{\"@type\":\"ListItem\",\"position\":2,\"name\":\"Neuheiten\",\"item\":\"https:\\\/\\\/kurato.ch\\\/neuheiten\\\/\"},{\"@type\":\"ListItem\",\"position\":3,\"name\":\"Charmanter Esstisch im Landhausstil\"}]},{\"@type\":\"WebSite\",\"@id\":\"https:\\\/\\\/kurato.ch\\\/#website\",\"url\":\"https:\\\/\\\/kurato.ch\\\/\",\"name\":\"Vintage M\u00f6bel &amp; Dekoration I Kurato\",\"description\":\"Vintage M\u00f6bel &amp; Dekoration I Kurato\",\"publisher\":{\"@id\":\"https:\\\/\\\/kurato.ch\\\/#organization\"},\"potentialAction\":[{\"@type\":\"SearchAction\",\"target\":{\"@type\":\"EntryPoint\",\"urlTemplate\":\"https:\\\/\\\/kurato.ch\\\/?s={search_term_string}\"},\"query-input\":{\"@type\":\"PropertyValueSpecification\",\"valueRequired\":true,\"valueName\":\"search_term_string\"}}],\"inLanguage\":\"fr-FR\"},{\"@type\":\"Organization\",\"@id\":\"https:\\\/\\\/kurato.ch\\\/#organization\",\"name\":\"Kurato.\",\"url\":\"https:\\\/\\\/kurato.ch\\\/\",\"logo\":{\"@type\":\"ImageObject\",\"inLanguage\":\"fr-FR\",\"@id\":\"https:\\\/\\\/kurato.ch\\\/#\\\/schema\\\/logo\\\/image\\\/\",\"url\":\"\",\"contentUrl\":\"\",\"caption\":\"Kurato.\"},\"image\":{\"@id\":\"https:\\\/\\\/kurato.ch\\\/#\\\/schema\\\/logo\\\/image\\\/\"},\"sameAs\":[\"https:\\\/\\\/www.facebook.com\\\/kuratoswitzerland\",\"https:\\\/\\\/www.instagram.com\\\/kurato.ch\\\/\",\"https:\\\/\\\/www.pinterest.ch\\\/kurato_ch\\\/_created\\\/\"]}]}<\/script>\n<!-- \/ Yoast SEO plugin. -->","yoast_head_json":{"title":"Charmanter Esstisch im Landhausstil | Vintage M\u00f6bel kaufen auf KURATO.CH","description":"Entdecke Vintage M\u00f6bel & Dekoration \u27a4 Charmanter Esstisch im Landhausstil auf Kurato. \u2713Lieferung Schweiz \u271314-Tage R\u00fcckgabe \u2713Secondhand Unikat","robots":{"index":"index","follow":"follow","max-snippet":"max-snippet:-1","max-image-preview":"max-image-preview:large","max-video-preview":"max-video-preview:-1"},"canonical":"https:\/\/kurato.ch\/fr\/product\/charmanter-esstisch-im-landhausstil\/","og_locale":"fr_FR","og_type":"article","og_title":"Charmanter Esstisch im Landhausstil | Vintage M\u00f6bel kaufen auf KURATO.CH","og_description":"Entdecke Vintage M\u00f6bel & Dekoration \u27a4 Charmanter Esstisch im Landhausstil auf Kurato. \u2713Lieferung Schweiz \u271314-Tage R\u00fcckgabe \u2713Secondhand Unikat","og_url":"https:\/\/kurato.ch\/fr\/product\/charmanter-esstisch-im-landhausstil\/","og_site_name":"Vintage M\u00f6bel &amp; Dekoration I Kurato","article_publisher":"https:\/\/www.facebook.com\/kuratoswitzerland","article_modified_time":"2025-08-27T19:35:28+00:00","og_image":[{"width":810,"height":810,"url":"https:\/\/kurato.ch\/wp-content\/uploads\/2025\/06\/Charmanter-Esstisch-im-Landhausstil-vintage-secondhand-gebraucht-schweiz-Instagram-Post.jpg","type":"image\/jpeg"}],"twitter_misc":{"Dur\u00e9e de lecture estim\u00e9e":"1 minute"},"schema":{"@context":"https:\/\/schema.org","@graph":[{"@type":"WebPage","@id":"https:\/\/kurato.ch\/product\/charmanter-esstisch-im-landhausstil\/","url":"https:\/\/kurato.ch\/product\/charmanter-esstisch-im-landhausstil\/","name":"Charmanter Esstisch im Landhausstil | Vintage M\u00f6bel kaufen auf KURATO.CH","isPartOf":{"@id":"https:\/\/kurato.ch\/#website"},"primaryImageOfPage":{"@id":"https:\/\/kurato.ch\/product\/charmanter-esstisch-im-landhausstil\/#primaryimage"},"image":{"@id":"https:\/\/kurato.ch\/product\/charmanter-esstisch-im-landhausstil\/#primaryimage"},"thumbnailUrl":"https:\/\/kurato.ch\/wp-content\/uploads\/2025\/06\/Charmanter-Esstisch-im-Landhausstil-vintage-secondhand-gebraucht-schweiz-Instagram-Post.jpg","datePublished":"2025-06-18T19:56:07+00:00","dateModified":"2025-08-27T19:35:28+00:00","description":"Entdecke Vintage M\u00f6bel & Dekoration \u27a4 Charmanter Esstisch im Landhausstil auf Kurato. \u2713Lieferung Schweiz \u271314-Tage R\u00fcckgabe \u2713Secondhand Unikat","breadcrumb":{"@id":"https:\/\/kurato.ch\/product\/charmanter-esstisch-im-landhausstil\/#breadcrumb"},"inLanguage":"fr-FR","potentialAction":[{"@type":"ReadAction","target":["https:\/\/kurato.ch\/product\/charmanter-esstisch-im-landhausstil\/"]}]},{"@type":"ImageObject","inLanguage":"fr-FR","@id":"https:\/\/kurato.ch\/product\/charmanter-esstisch-im-landhausstil\/#primaryimage","url":"https:\/\/kurato.ch\/wp-content\/uploads\/2025\/06\/Charmanter-Esstisch-im-Landhausstil-vintage-secondhand-gebraucht-schweiz-Instagram-Post.jpg","contentUrl":"https:\/\/kurato.ch\/wp-content\/uploads\/2025\/06\/Charmanter-Esstisch-im-Landhausstil-vintage-secondhand-gebraucht-schweiz-Instagram-Post.jpg","width":810,"height":810,"caption":"Charmanter Esstisch im Landhausstil"},{"@type":"BreadcrumbList","@id":"https:\/\/kurato.ch\/product\/charmanter-esstisch-im-landhausstil\/#breadcrumb","itemListElement":[{"@type":"ListItem","position":1,"name":"Home","item":"https:\/\/kurato.ch\/"},{"@type":"ListItem","position":2,"name":"Neuheiten","item":"https:\/\/kurato.ch\/neuheiten\/"},{"@type":"ListItem","position":3,"name":"Charmanter Esstisch im Landhausstil"}]},{"@type":"WebSite","@id":"https:\/\/kurato.ch\/#website","url":"https:\/\/kurato.ch\/","name":"Meubles vintage &amp; d\u00e9coration I Kurato","description":"Meubles vintage &amp; d\u00e9coration I Kurato","publisher":{"@id":"https:\/\/kurato.ch\/#organization"},"potentialAction":[{"@type":"SearchAction","target":{"@type":"EntryPoint","urlTemplate":"https:\/\/kurato.ch\/?s={search_term_string}"},"query-input":{"@type":"PropertyValueSpecification","valueRequired":true,"valueName":"search_term_string"}}],"inLanguage":"fr-FR"},{"@type":"Organization","@id":"https:\/\/kurato.ch\/#organization","name":"Kurato.","url":"https:\/\/kurato.ch\/","logo":{"@type":"ImageObject","inLanguage":"fr-FR","@id":"https:\/\/kurato.ch\/#\/schema\/logo\/image\/","url":"","contentUrl":"","caption":"Kurato."},"image":{"@id":"https:\/\/kurato.ch\/#\/schema\/logo\/image\/"},"sameAs":["https:\/\/www.facebook.com\/kuratoswitzerland","https:\/\/www.instagram.com\/kurato.ch\/","https:\/\/www.pinterest.ch\/kurato_ch\/_created\/"]}]}},"_links":{"self":[{"href":"https:\/\/kurato.ch\/fr\/wp-json\/wp\/v2\/product\/68892","targetHints":{"allow":["GET"]}}],"collection":[{"href":"https:\/\/kurato.ch\/fr\/wp-json\/wp\/v2\/product"}],"about":[{"href":"https:\/\/kurato.ch\/fr\/wp-json\/wp\/v2\/types\/product"}],"wp:featuredmedia":[{"embeddable":true,"href":"https:\/\/kurato.ch\/fr\/wp-json\/wp\/v2\/media\/68952"}],"wp:attachment":[{"href":"https:\/\/kurato.ch\/fr\/wp-json\/wp\/v2\/media?parent=68892"}],"wp:term":[{"taxonomy":"product_brand","embeddable":true,"href":"https:\/\/kurato.ch\/fr\/wp-json\/wp\/v2\/product_brand?post=68892"},{"taxonomy":"product_cat","embeddable":true,"href":"https:\/\/kurato.ch\/fr\/wp-json\/wp\/v2\/product_cat?post=68892"},{"taxonomy":"product_tag","embeddable":true,"href":"https:\/\/kurato.ch\/fr\/wp-json\/wp\/v2\/product_tag?post=68892"}],"curies":[{"name":"wp","href":"https:\/\/api.w.org\/{rel}","templated":true}]}}