{"id":69100,"date":"2025-06-27T20:48:15","date_gmt":"2025-06-27T18:48:15","guid":{"rendered":"https:\/\/kurato.ch\/?post_type=product&#038;p=69100"},"modified":"2025-06-27T20:48:16","modified_gmt":"2025-06-27T18:48:16","slug":"konsolentisch-aus-roetlich-braunem-marmor-mit-polierter-oberflaeche-italien","status":"publish","type":"product","link":"https:\/\/kurato.ch\/fr\/product\/konsolentisch-aus-roetlich-braunem-marmor-mit-polierter-oberflaeche-italien\/","title":{"rendered":"Konsolentisch aus r\u00f6tlich-braunem Marmor mit polierter Oberfl\u00e4che, Italien"},"content":{"rendered":"<p>Bei dem gezeigten M\u00f6belst\u00fcck handelt es sich um eine auff\u00e4llige Konsolentisch-Konstruktion aus r\u00f6tlich-braunem Marmor mit lebendiger Maserung und polierter Oberfl\u00e4che.<\/p>\n<p>Die Tischplatte ist langgestreckt und achteckig an den Stirnseiten abgeschr\u00e4gt. Sie ruht auf zwei s\u00e4ulenartigen, massiv wirkenden St\u00fctzen, die durch ihre oktogonale Basisform und eine barocke Anmutung an klassische Architekturformen erinnern.<\/p>\n<p>Die beiden St\u00fctzen sind r\u00fcckseitig jeweils mit einer mittig eingelassenen Holzverkleidung versehen, welche f\u00fcr Stabilit\u00e4t sorgt und zugleich die Montage vereinfacht. Besonders auff\u00e4llig ist das Zusammenspiel aus massiver Pr\u00e4senz und grafischer Linienf\u00fchrung, das dem M\u00f6bel eine fast skulpturale Qualit\u00e4t verleiht.<\/p>\n<p>Ein kleines Etikett auf der Unterseite der Platte zeigt ein stilisiertes P-Logo mit Pokal- bzw. Kelchmotiv.<\/p>\n<p>Stilistisch l\u00e4sst sich das M\u00f6bel in den Kontext der italienischen Postmoderne oder des Neoklassizismus einordnen, vermutlich entstanden in den 1980er-Jahren, als marmorne Konsolen mit architektonischem Gestus stark gefragt waren \u2013 sowohl im privaten Interieur als auch in repr\u00e4sentativen Empfangsbereichen.<\/p>\n<p>Zustand: Der Zustand des M\u00f6bels ist insgesamt sehr gut. Die Marmorfl\u00e4chen weisen eine sch\u00f6ne nat\u00fcrliche Patina und nur minimale altersbedingte Gebrauchsspuren auf, insbesondere an den Kanten. Die Oberfl\u00e4che gl\u00e4nzt gleichm\u00e4ssig und zeigt keine sichtbaren Abplatzungen. Die Konstruktion ist stabil und die Einzelteile sauber verbunden. Der Konsolentisch pr\u00e4sentiert sich als hochwertiges, ausdrucksstarkes Einzelst\u00fcck mit starker Pr\u00e4senz.<\/p>\n<p>Masse: L200 x B35 x H72 cm<\/p>\n<p>&#8211; Abholung von Montag bis Samstag (ausser Feiertage) zwischen 10:00 bis 19:00 Uhr in\u00a0 Z\u00fcrich mit Terminvereinbarung.<br \/>&#8211; Lieferung schweizweit m\u00f6glich! Frage einfach nach dem Preis, der sich je nach Entfernung berechnet.<\/p>\n<p><\/p>","protected":false},"excerpt":{"rendered":"<p>Bei dem gezeigten M\u00f6belst\u00fcck handelt es sich um eine auff\u00e4llige Konsolentisch-Konstruktion aus r\u00f6tlich-braunem Marmor mit lebendiger Maserung und polierter Oberfl\u00e4che. Die Tischplatte ist langgestreckt und achteckig an den Stirnseiten abgeschr\u00e4gt. Sie ruht auf zwei s\u00e4ulenartigen, massiv wirkenden St\u00fctzen, die durch ihre oktogonale Basisform und eine barocke Anmutung an klassische Architekturformen erinnern. Die beiden St\u00fctzen sind [&hellip;]<\/p>\n","protected":false},"featured_media":69132,"template":"","meta":{"_acf_changed":false,"site-sidebar-layout":"default","site-content-layout":"","ast-site-content-layout":"default","site-content-style":"default","site-sidebar-style":"default","ast-global-header-display":"","ast-banner-title-visibility":"","ast-main-header-display":"","ast-hfb-above-header-display":"","ast-hfb-below-header-display":"","ast-hfb-mobile-header-display":"","site-post-title":"","ast-breadcrumbs-content":"","ast-featured-img":"","footer-sml-layout":"","ast-disable-related-posts":"","theme-transparent-header-meta":"","adv-header-id-meta":"","stick-header-meta":"","header-above-stick-meta":"","header-main-stick-meta":"","header-below-stick-meta":"","astra-migrate-meta-layouts":"default","ast-page-background-enabled":"default","ast-page-background-meta":{"desktop":{"background-color":"","background-image":"","background-repeat":"repeat","background-position":"center center","background-size":"auto","background-attachment":"scroll","background-type":"","background-media":"","overlay-type":"","overlay-color":"","overlay-opacity":"","overlay-gradient":""},"tablet":{"background-color":"","background-image":"","background-repeat":"repeat","background-position":"center center","background-size":"auto","background-attachment":"scroll","background-type":"","background-media":"","overlay-type":"","overlay-color":"","overlay-opacity":"","overlay-gradient":""},"mobile":{"background-color":"","background-image":"","background-repeat":"repeat","background-position":"center center","background-size":"auto","background-attachment":"scroll","background-type":"","background-media":"","overlay-type":"","overlay-color":"","overlay-opacity":"","overlay-gradient":""}},"ast-content-background-meta":{"desktop":{"background-color":"var(--ast-global-color-5)","background-image":"","background-repeat":"repeat","background-position":"center center","background-size":"auto","background-attachment":"scroll","background-type":"","background-media":"","overlay-type":"","overlay-color":"","overlay-opacity":"","overlay-gradient":""},"tablet":{"background-color":"var(--ast-global-color-5)","background-image":"","background-repeat":"repeat","background-position":"center center","background-size":"auto","background-attachment":"scroll","background-type":"","background-media":"","overlay-type":"","overlay-color":"","overlay-opacity":"","overlay-gradient":""},"mobile":{"background-color":"var(--ast-global-color-5)","background-image":"","background-repeat":"repeat","background-position":"center center","background-size":"auto","background-attachment":"scroll","background-type":"","background-media":"","overlay-type":"","overlay-color":"","overlay-opacity":"","overlay-gradient":""}}},"product_brand":[],"product_cat":[134],"product_tag":[],"class_list":{"0":"post-69100","1":"product","2":"type-product","3":"status-publish","4":"has-post-thumbnail","6":"product_cat-vintage-sideboards","7":"pa_farbe-farbebeige","8":"pa_farbe-braun","9":"pa_farbe-mehrfarbig","10":"pa_material-marmor","11":"pa_stil-vintage","12":"desktop-align-left","13":"tablet-align-left","14":"mobile-align-left","16":"first","17":"instock","18":"sold-individually","19":"shipping-taxable","20":"purchasable","21":"product-type-simple"},"acf":[],"yoast_head":"<!-- This site is optimized with the Yoast SEO plugin v27.3 - https:\/\/yoast.com\/product\/yoast-seo-wordpress\/ -->\n<title>Konsolentisch aus r\u00f6tlich-braunem Marmor mit polierter Oberfl\u00e4che, Italien | Vintage M\u00f6bel kaufen auf KURATO.CH<\/title>\n<meta name=\"description\" content=\"Entdecke Vintage M\u00f6bel &amp; Dekoration \u27a4 Konsolentisch aus r\u00f6tlich-braunem Marmor mit polierter Oberfl\u00e4che, Italien auf Kurato. \u2713Lieferung Schweiz \u271314-Tage R\u00fcckgabe \u2713Secondhand Unikat\" \/>\n<meta name=\"robots\" content=\"index, follow, max-snippet:-1, max-image-preview:large, max-video-preview:-1\" \/>\n<link rel=\"canonical\" href=\"https:\/\/kurato.ch\/fr\/product\/konsolentisch-aus-roetlich-braunem-marmor-mit-polierter-oberflaeche-italien\/\" \/>\n<meta property=\"og:locale\" content=\"fr_FR\" \/>\n<meta property=\"og:type\" content=\"article\" \/>\n<meta property=\"og:title\" content=\"Konsolentisch aus r\u00f6tlich-braunem Marmor mit polierter Oberfl\u00e4che, Italien | Vintage M\u00f6bel kaufen auf KURATO.CH\" \/>\n<meta property=\"og:description\" content=\"Entdecke Vintage M\u00f6bel &amp; Dekoration \u27a4 Konsolentisch aus r\u00f6tlich-braunem Marmor mit polierter Oberfl\u00e4che, Italien auf Kurato. \u2713Lieferung Schweiz \u271314-Tage R\u00fcckgabe \u2713Secondhand Unikat\" \/>\n<meta property=\"og:url\" content=\"https:\/\/kurato.ch\/fr\/product\/konsolentisch-aus-roetlich-braunem-marmor-mit-polierter-oberflaeche-italien\/\" \/>\n<meta property=\"og:site_name\" content=\"Vintage M\u00f6bel &amp; Dekoration I Kurato\" \/>\n<meta property=\"article:publisher\" content=\"https:\/\/www.facebook.com\/kuratoswitzerland\" \/>\n<meta property=\"article:modified_time\" content=\"2025-06-27T18:48:16+00:00\" \/>\n<meta property=\"og:image\" content=\"https:\/\/kurato.ch\/wp-content\/uploads\/2025\/06\/Konsolentisch-aus-roetlich-braunem-Marmor-mit-polierter-Oberflaeche-Italien-vintage-secondhand-gebraucht-schweiz-Instagram-Post.jpg\" \/>\n\t<meta property=\"og:image:width\" content=\"810\" \/>\n\t<meta property=\"og:image:height\" content=\"810\" \/>\n\t<meta property=\"og:image:type\" content=\"image\/jpeg\" \/>\n<meta name=\"twitter:label1\" content=\"Dur\u00e9e de lecture estim\u00e9e\" \/>\n\t<meta name=\"twitter:data1\" content=\"1 minute\" \/>\n<script type=\"application\/ld+json\" class=\"yoast-schema-graph\">{\"@context\":\"https:\\\/\\\/schema.org\",\"@graph\":[{\"@type\":\"WebPage\",\"@id\":\"https:\\\/\\\/kurato.ch\\\/product\\\/konsolentisch-aus-roetlich-braunem-marmor-mit-polierter-oberflaeche-italien\\\/\",\"url\":\"https:\\\/\\\/kurato.ch\\\/product\\\/konsolentisch-aus-roetlich-braunem-marmor-mit-polierter-oberflaeche-italien\\\/\",\"name\":\"Konsolentisch aus r\u00f6tlich-braunem Marmor mit polierter Oberfl\u00e4che, Italien | Vintage M\u00f6bel kaufen auf KURATO.CH\",\"isPartOf\":{\"@id\":\"https:\\\/\\\/kurato.ch\\\/#website\"},\"primaryImageOfPage\":{\"@id\":\"https:\\\/\\\/kurato.ch\\\/product\\\/konsolentisch-aus-roetlich-braunem-marmor-mit-polierter-oberflaeche-italien\\\/#primaryimage\"},\"image\":{\"@id\":\"https:\\\/\\\/kurato.ch\\\/product\\\/konsolentisch-aus-roetlich-braunem-marmor-mit-polierter-oberflaeche-italien\\\/#primaryimage\"},\"thumbnailUrl\":\"https:\\\/\\\/kurato.ch\\\/wp-content\\\/uploads\\\/2025\\\/06\\\/Konsolentisch-aus-roetlich-braunem-Marmor-mit-polierter-Oberflaeche-Italien-vintage-secondhand-gebraucht-schweiz-Instagram-Post.jpg\",\"datePublished\":\"2025-06-27T18:48:15+00:00\",\"dateModified\":\"2025-06-27T18:48:16+00:00\",\"description\":\"Entdecke Vintage M\u00f6bel & Dekoration \u27a4 Konsolentisch aus r\u00f6tlich-braunem Marmor mit polierter Oberfl\u00e4che, Italien auf Kurato. \u2713Lieferung Schweiz \u271314-Tage R\u00fcckgabe \u2713Secondhand Unikat\",\"breadcrumb\":{\"@id\":\"https:\\\/\\\/kurato.ch\\\/product\\\/konsolentisch-aus-roetlich-braunem-marmor-mit-polierter-oberflaeche-italien\\\/#breadcrumb\"},\"inLanguage\":\"fr-FR\",\"potentialAction\":[{\"@type\":\"ReadAction\",\"target\":[\"https:\\\/\\\/kurato.ch\\\/product\\\/konsolentisch-aus-roetlich-braunem-marmor-mit-polierter-oberflaeche-italien\\\/\"]}]},{\"@type\":\"ImageObject\",\"inLanguage\":\"fr-FR\",\"@id\":\"https:\\\/\\\/kurato.ch\\\/product\\\/konsolentisch-aus-roetlich-braunem-marmor-mit-polierter-oberflaeche-italien\\\/#primaryimage\",\"url\":\"https:\\\/\\\/kurato.ch\\\/wp-content\\\/uploads\\\/2025\\\/06\\\/Konsolentisch-aus-roetlich-braunem-Marmor-mit-polierter-Oberflaeche-Italien-vintage-secondhand-gebraucht-schweiz-Instagram-Post.jpg\",\"contentUrl\":\"https:\\\/\\\/kurato.ch\\\/wp-content\\\/uploads\\\/2025\\\/06\\\/Konsolentisch-aus-roetlich-braunem-Marmor-mit-polierter-Oberflaeche-Italien-vintage-secondhand-gebraucht-schweiz-Instagram-Post.jpg\",\"width\":810,\"height\":810,\"caption\":\"Konsolentisch aus r\u00f6tlich-braunem Marmor mit polierter Oberfl\u00e4che, Italien\"},{\"@type\":\"BreadcrumbList\",\"@id\":\"https:\\\/\\\/kurato.ch\\\/product\\\/konsolentisch-aus-roetlich-braunem-marmor-mit-polierter-oberflaeche-italien\\\/#breadcrumb\",\"itemListElement\":[{\"@type\":\"ListItem\",\"position\":1,\"name\":\"Home\",\"item\":\"https:\\\/\\\/kurato.ch\\\/\"},{\"@type\":\"ListItem\",\"position\":2,\"name\":\"Neuheiten\",\"item\":\"https:\\\/\\\/kurato.ch\\\/neuheiten\\\/\"},{\"@type\":\"ListItem\",\"position\":3,\"name\":\"Konsolentisch aus r\u00f6tlich-braunem Marmor mit polierter Oberfl\u00e4che, Italien\"}]},{\"@type\":\"WebSite\",\"@id\":\"https:\\\/\\\/kurato.ch\\\/#website\",\"url\":\"https:\\\/\\\/kurato.ch\\\/\",\"name\":\"Vintage M\u00f6bel &amp; Dekoration I Kurato\",\"description\":\"Vintage M\u00f6bel &amp; Dekoration I Kurato\",\"publisher\":{\"@id\":\"https:\\\/\\\/kurato.ch\\\/#organization\"},\"potentialAction\":[{\"@type\":\"SearchAction\",\"target\":{\"@type\":\"EntryPoint\",\"urlTemplate\":\"https:\\\/\\\/kurato.ch\\\/?s={search_term_string}\"},\"query-input\":{\"@type\":\"PropertyValueSpecification\",\"valueRequired\":true,\"valueName\":\"search_term_string\"}}],\"inLanguage\":\"fr-FR\"},{\"@type\":\"Organization\",\"@id\":\"https:\\\/\\\/kurato.ch\\\/#organization\",\"name\":\"Kurato.\",\"url\":\"https:\\\/\\\/kurato.ch\\\/\",\"logo\":{\"@type\":\"ImageObject\",\"inLanguage\":\"fr-FR\",\"@id\":\"https:\\\/\\\/kurato.ch\\\/#\\\/schema\\\/logo\\\/image\\\/\",\"url\":\"\",\"contentUrl\":\"\",\"caption\":\"Kurato.\"},\"image\":{\"@id\":\"https:\\\/\\\/kurato.ch\\\/#\\\/schema\\\/logo\\\/image\\\/\"},\"sameAs\":[\"https:\\\/\\\/www.facebook.com\\\/kuratoswitzerland\",\"https:\\\/\\\/www.instagram.com\\\/kurato.ch\\\/\",\"https:\\\/\\\/www.pinterest.ch\\\/kurato_ch\\\/_created\\\/\"]}]}<\/script>\n<!-- \/ Yoast SEO plugin. -->","yoast_head_json":{"title":"Konsolentisch aus r\u00f6tlich-braunem Marmor mit polierter Oberfl\u00e4che, Italien | Vintage M\u00f6bel kaufen auf KURATO.CH","description":"Entdecke Vintage M\u00f6bel & Dekoration \u27a4 Konsolentisch aus r\u00f6tlich-braunem Marmor mit polierter Oberfl\u00e4che, Italien auf Kurato. \u2713Lieferung Schweiz \u271314-Tage R\u00fcckgabe \u2713Secondhand Unikat","robots":{"index":"index","follow":"follow","max-snippet":"max-snippet:-1","max-image-preview":"max-image-preview:large","max-video-preview":"max-video-preview:-1"},"canonical":"https:\/\/kurato.ch\/fr\/product\/konsolentisch-aus-roetlich-braunem-marmor-mit-polierter-oberflaeche-italien\/","og_locale":"fr_FR","og_type":"article","og_title":"Konsolentisch aus r\u00f6tlich-braunem Marmor mit polierter Oberfl\u00e4che, Italien | Vintage M\u00f6bel kaufen auf KURATO.CH","og_description":"Entdecke Vintage M\u00f6bel & Dekoration \u27a4 Konsolentisch aus r\u00f6tlich-braunem Marmor mit polierter Oberfl\u00e4che, Italien auf Kurato. \u2713Lieferung Schweiz \u271314-Tage R\u00fcckgabe \u2713Secondhand Unikat","og_url":"https:\/\/kurato.ch\/fr\/product\/konsolentisch-aus-roetlich-braunem-marmor-mit-polierter-oberflaeche-italien\/","og_site_name":"Vintage M\u00f6bel &amp; Dekoration I Kurato","article_publisher":"https:\/\/www.facebook.com\/kuratoswitzerland","article_modified_time":"2025-06-27T18:48:16+00:00","og_image":[{"width":810,"height":810,"url":"https:\/\/kurato.ch\/wp-content\/uploads\/2025\/06\/Konsolentisch-aus-roetlich-braunem-Marmor-mit-polierter-Oberflaeche-Italien-vintage-secondhand-gebraucht-schweiz-Instagram-Post.jpg","type":"image\/jpeg"}],"twitter_misc":{"Dur\u00e9e de lecture estim\u00e9e":"1 minute"},"schema":{"@context":"https:\/\/schema.org","@graph":[{"@type":"WebPage","@id":"https:\/\/kurato.ch\/product\/konsolentisch-aus-roetlich-braunem-marmor-mit-polierter-oberflaeche-italien\/","url":"https:\/\/kurato.ch\/product\/konsolentisch-aus-roetlich-braunem-marmor-mit-polierter-oberflaeche-italien\/","name":"Konsolentisch aus r\u00f6tlich-braunem Marmor mit polierter Oberfl\u00e4che, Italien | Vintage M\u00f6bel kaufen auf KURATO.CH","isPartOf":{"@id":"https:\/\/kurato.ch\/#website"},"primaryImageOfPage":{"@id":"https:\/\/kurato.ch\/product\/konsolentisch-aus-roetlich-braunem-marmor-mit-polierter-oberflaeche-italien\/#primaryimage"},"image":{"@id":"https:\/\/kurato.ch\/product\/konsolentisch-aus-roetlich-braunem-marmor-mit-polierter-oberflaeche-italien\/#primaryimage"},"thumbnailUrl":"https:\/\/kurato.ch\/wp-content\/uploads\/2025\/06\/Konsolentisch-aus-roetlich-braunem-Marmor-mit-polierter-Oberflaeche-Italien-vintage-secondhand-gebraucht-schweiz-Instagram-Post.jpg","datePublished":"2025-06-27T18:48:15+00:00","dateModified":"2025-06-27T18:48:16+00:00","description":"Entdecke Vintage M\u00f6bel & Dekoration \u27a4 Konsolentisch aus r\u00f6tlich-braunem Marmor mit polierter Oberfl\u00e4che, Italien auf Kurato. \u2713Lieferung Schweiz \u271314-Tage R\u00fcckgabe \u2713Secondhand Unikat","breadcrumb":{"@id":"https:\/\/kurato.ch\/product\/konsolentisch-aus-roetlich-braunem-marmor-mit-polierter-oberflaeche-italien\/#breadcrumb"},"inLanguage":"fr-FR","potentialAction":[{"@type":"ReadAction","target":["https:\/\/kurato.ch\/product\/konsolentisch-aus-roetlich-braunem-marmor-mit-polierter-oberflaeche-italien\/"]}]},{"@type":"ImageObject","inLanguage":"fr-FR","@id":"https:\/\/kurato.ch\/product\/konsolentisch-aus-roetlich-braunem-marmor-mit-polierter-oberflaeche-italien\/#primaryimage","url":"https:\/\/kurato.ch\/wp-content\/uploads\/2025\/06\/Konsolentisch-aus-roetlich-braunem-Marmor-mit-polierter-Oberflaeche-Italien-vintage-secondhand-gebraucht-schweiz-Instagram-Post.jpg","contentUrl":"https:\/\/kurato.ch\/wp-content\/uploads\/2025\/06\/Konsolentisch-aus-roetlich-braunem-Marmor-mit-polierter-Oberflaeche-Italien-vintage-secondhand-gebraucht-schweiz-Instagram-Post.jpg","width":810,"height":810,"caption":"Konsolentisch aus r\u00f6tlich-braunem Marmor mit polierter Oberfl\u00e4che, Italien"},{"@type":"BreadcrumbList","@id":"https:\/\/kurato.ch\/product\/konsolentisch-aus-roetlich-braunem-marmor-mit-polierter-oberflaeche-italien\/#breadcrumb","itemListElement":[{"@type":"ListItem","position":1,"name":"Home","item":"https:\/\/kurato.ch\/"},{"@type":"ListItem","position":2,"name":"Neuheiten","item":"https:\/\/kurato.ch\/neuheiten\/"},{"@type":"ListItem","position":3,"name":"Konsolentisch aus r\u00f6tlich-braunem Marmor mit polierter Oberfl\u00e4che, Italien"}]},{"@type":"WebSite","@id":"https:\/\/kurato.ch\/#website","url":"https:\/\/kurato.ch\/","name":"Meubles vintage &amp; d\u00e9coration I Kurato","description":"Meubles vintage &amp; d\u00e9coration I Kurato","publisher":{"@id":"https:\/\/kurato.ch\/#organization"},"potentialAction":[{"@type":"SearchAction","target":{"@type":"EntryPoint","urlTemplate":"https:\/\/kurato.ch\/?s={search_term_string}"},"query-input":{"@type":"PropertyValueSpecification","valueRequired":true,"valueName":"search_term_string"}}],"inLanguage":"fr-FR"},{"@type":"Organization","@id":"https:\/\/kurato.ch\/#organization","name":"Kurato.","url":"https:\/\/kurato.ch\/","logo":{"@type":"ImageObject","inLanguage":"fr-FR","@id":"https:\/\/kurato.ch\/#\/schema\/logo\/image\/","url":"","contentUrl":"","caption":"Kurato."},"image":{"@id":"https:\/\/kurato.ch\/#\/schema\/logo\/image\/"},"sameAs":["https:\/\/www.facebook.com\/kuratoswitzerland","https:\/\/www.instagram.com\/kurato.ch\/","https:\/\/www.pinterest.ch\/kurato_ch\/_created\/"]}]}},"_links":{"self":[{"href":"https:\/\/kurato.ch\/fr\/wp-json\/wp\/v2\/product\/69100","targetHints":{"allow":["GET"]}}],"collection":[{"href":"https:\/\/kurato.ch\/fr\/wp-json\/wp\/v2\/product"}],"about":[{"href":"https:\/\/kurato.ch\/fr\/wp-json\/wp\/v2\/types\/product"}],"wp:featuredmedia":[{"embeddable":true,"href":"https:\/\/kurato.ch\/fr\/wp-json\/wp\/v2\/media\/69132"}],"wp:attachment":[{"href":"https:\/\/kurato.ch\/fr\/wp-json\/wp\/v2\/media?parent=69100"}],"wp:term":[{"taxonomy":"product_brand","embeddable":true,"href":"https:\/\/kurato.ch\/fr\/wp-json\/wp\/v2\/product_brand?post=69100"},{"taxonomy":"product_cat","embeddable":true,"href":"https:\/\/kurato.ch\/fr\/wp-json\/wp\/v2\/product_cat?post=69100"},{"taxonomy":"product_tag","embeddable":true,"href":"https:\/\/kurato.ch\/fr\/wp-json\/wp\/v2\/product_tag?post=69100"}],"curies":[{"name":"wp","href":"https:\/\/api.w.org\/{rel}","templated":true}]}}