{"id":69106,"date":"2025-06-27T21:01:30","date_gmt":"2025-06-27T19:01:30","guid":{"rendered":"https:\/\/kurato.ch\/?post_type=product&#038;p=69106"},"modified":"2025-06-27T21:01:32","modified_gmt":"2025-06-27T19:01:32","slug":"wandspiegel-im-rahmen-facettiert","status":"publish","type":"product","link":"https:\/\/kurato.ch\/fr\/product\/wandspiegel-im-rahmen-facettiert\/","title":{"rendered":"Wandspiegel im Rahmen facettiert"},"content":{"rendered":"<p>Dieser Wandspiegel \u00fcberzeugt durch seine klare Geometrie und eine elegante, auf das Wesentliche reduzierte Gestaltung.<\/p>\n<p>Der rechteckige Rahmen ist umlaufend aus facettiertem Spiegelglas gefertigt und wird durch drei symmetrisch abgestufte Spiegelprofile auf jeder Seite strukturiert.<\/p>\n<p>Die abgeschr\u00e4gten Kanten sowie die tiefen Fugen erzeugen ein raffiniertes Lichtspiel und verleihen dem Spiegel einen plastischen Effekt.<\/p>\n<p>Eingefasst ist die Spiegelfl\u00e4che in eine schmale, messingfarbene Leiste, die durch ihren warmen Goldton einen edlen Akzent setzt.<\/p>\n<p>Die R\u00fcckwand besteht aus furnierter Spanplatte mit H\u00e4nge\u00f6se aus Draht und einem r\u00fcckseitigen Herstelleretikett.<\/p>\n<p>Gem\u00e4ss dem Aufkleber handelt es sich um eine belgische Produktion mit der Bestellnummer 2167.111 \u2013 ein Indiz f\u00fcr eine industrielle Serienfertigung, vermutlich aus den 1980er- oder fr\u00fchen 1990er-Jahren.<\/p>\n<p>Die saubere Verarbeitung und die verwendeten Materialien sprechen f\u00fcr ein Qualit\u00e4tsprodukt aus dem gehobenen Wohnbereich.<\/p>\n<p>Zustand: Der Spiegel befindet sich in gutem Zustand mit leichten, altersbedingten Gebrauchsspuren auf der Spiegelfl\u00e4che, darunter kleine Punkte und vereinzelte matte Stellen. Der Rahmen zeigt minimale Kratzer und Patina, die den authentischen Vintage-Charakter unterstreichen. Die R\u00fcckwand ist intakt, die Aufh\u00e4ngung stabil.<\/p>\n<p>Masse: L92 x B4 x H120,5 cm<\/p>\n<p>&#8211; Abholung von Montag bis Samstag (ausser Feiertage) zwischen 10:00 bis 19:00 Uhr in\u00a0 Z\u00fcrich mit Terminvereinbarung.<br \/>&#8211; Lieferung schweizweit m\u00f6glich! Frage einfach nach dem Preis, der sich je nach Entfernung berechnet.<\/p>","protected":false},"excerpt":{"rendered":"<p>Dieser Wandspiegel \u00fcberzeugt durch seine klare Geometrie und eine elegante, auf das Wesentliche reduzierte Gestaltung. Der rechteckige Rahmen ist umlaufend aus facettiertem Spiegelglas gefertigt und wird durch drei symmetrisch abgestufte Spiegelprofile auf jeder Seite strukturiert. Die abgeschr\u00e4gten Kanten sowie die tiefen Fugen erzeugen ein raffiniertes Lichtspiel und verleihen dem Spiegel einen plastischen Effekt. Eingefasst ist [&hellip;]<\/p>\n","protected":false},"featured_media":69107,"template":"","meta":{"_acf_changed":false,"site-sidebar-layout":"default","site-content-layout":"","ast-site-content-layout":"default","site-content-style":"default","site-sidebar-style":"default","ast-global-header-display":"","ast-banner-title-visibility":"","ast-main-header-display":"","ast-hfb-above-header-display":"","ast-hfb-below-header-display":"","ast-hfb-mobile-header-display":"","site-post-title":"","ast-breadcrumbs-content":"","ast-featured-img":"","footer-sml-layout":"","ast-disable-related-posts":"","theme-transparent-header-meta":"","adv-header-id-meta":"","stick-header-meta":"","header-above-stick-meta":"","header-main-stick-meta":"","header-below-stick-meta":"","astra-migrate-meta-layouts":"default","ast-page-background-enabled":"default","ast-page-background-meta":{"desktop":{"background-color":"","background-image":"","background-repeat":"repeat","background-position":"center center","background-size":"auto","background-attachment":"scroll","background-type":"","background-media":"","overlay-type":"","overlay-color":"","overlay-opacity":"","overlay-gradient":""},"tablet":{"background-color":"","background-image":"","background-repeat":"repeat","background-position":"center center","background-size":"auto","background-attachment":"scroll","background-type":"","background-media":"","overlay-type":"","overlay-color":"","overlay-opacity":"","overlay-gradient":""},"mobile":{"background-color":"","background-image":"","background-repeat":"repeat","background-position":"center center","background-size":"auto","background-attachment":"scroll","background-type":"","background-media":"","overlay-type":"","overlay-color":"","overlay-opacity":"","overlay-gradient":""}},"ast-content-background-meta":{"desktop":{"background-color":"var(--ast-global-color-5)","background-image":"","background-repeat":"repeat","background-position":"center center","background-size":"auto","background-attachment":"scroll","background-type":"","background-media":"","overlay-type":"","overlay-color":"","overlay-opacity":"","overlay-gradient":""},"tablet":{"background-color":"var(--ast-global-color-5)","background-image":"","background-repeat":"repeat","background-position":"center center","background-size":"auto","background-attachment":"scroll","background-type":"","background-media":"","overlay-type":"","overlay-color":"","overlay-opacity":"","overlay-gradient":""},"mobile":{"background-color":"var(--ast-global-color-5)","background-image":"","background-repeat":"repeat","background-position":"center center","background-size":"auto","background-attachment":"scroll","background-type":"","background-media":"","overlay-type":"","overlay-color":"","overlay-opacity":"","overlay-gradient":""}}},"product_brand":[],"product_cat":[94],"product_tag":[],"class_list":{"0":"post-69106","1":"product","2":"type-product","3":"status-publish","4":"has-post-thumbnail","6":"product_cat-vintage-haengespiegel","7":"pa_farbe-farbegold","8":"pa_material-glas-kristall","9":"pa_material-messing","10":"pa_stil-vintage","11":"desktop-align-left","12":"tablet-align-left","13":"mobile-align-left","15":"first","16":"instock","17":"sold-individually","18":"shipping-taxable","19":"purchasable","20":"product-type-simple"},"acf":[],"yoast_head":"<!-- This site is optimized with the Yoast SEO plugin v27.4 - https:\/\/yoast.com\/product\/yoast-seo-wordpress\/ -->\n<title>Wandspiegel im Rahmen facettiert | Vintage M\u00f6bel kaufen auf KURATO.CH<\/title>\n<meta name=\"description\" content=\"Entdecke Vintage M\u00f6bel &amp; Dekoration \u27a4 Wandspiegel im Rahmen facettiert auf Kurato. \u2713Lieferung Schweiz \u271314-Tage R\u00fcckgabe \u2713Secondhand Unikat\" \/>\n<meta name=\"robots\" content=\"index, follow, max-snippet:-1, max-image-preview:large, max-video-preview:-1\" \/>\n<link rel=\"canonical\" href=\"https:\/\/kurato.ch\/fr\/product\/wandspiegel-im-rahmen-facettiert\/\" \/>\n<meta property=\"og:locale\" content=\"fr_FR\" \/>\n<meta property=\"og:type\" content=\"article\" \/>\n<meta property=\"og:title\" content=\"Wandspiegel im Rahmen facettiert | Vintage M\u00f6bel kaufen auf KURATO.CH\" \/>\n<meta property=\"og:description\" content=\"Entdecke Vintage M\u00f6bel &amp; Dekoration \u27a4 Wandspiegel im Rahmen facettiert auf Kurato. \u2713Lieferung Schweiz \u271314-Tage R\u00fcckgabe \u2713Secondhand Unikat\" \/>\n<meta property=\"og:url\" content=\"https:\/\/kurato.ch\/fr\/product\/wandspiegel-im-rahmen-facettiert\/\" \/>\n<meta property=\"og:site_name\" content=\"Vintage M\u00f6bel &amp; Dekoration I Kurato\" \/>\n<meta property=\"article:publisher\" content=\"https:\/\/www.facebook.com\/kuratoswitzerland\" \/>\n<meta property=\"article:modified_time\" content=\"2025-06-27T19:01:32+00:00\" \/>\n<meta property=\"og:image\" content=\"https:\/\/kurato.ch\/wp-content\/uploads\/2025\/06\/photo_5965255042506279016_y.jpg\" \/>\n\t<meta property=\"og:image:width\" content=\"960\" \/>\n\t<meta property=\"og:image:height\" content=\"1280\" \/>\n\t<meta property=\"og:image:type\" content=\"image\/jpeg\" \/>\n<meta name=\"twitter:label1\" content=\"Dur\u00e9e de lecture estim\u00e9e\" \/>\n\t<meta name=\"twitter:data1\" content=\"1 minute\" \/>\n<script type=\"application\/ld+json\" class=\"yoast-schema-graph\">{\"@context\":\"https:\\\/\\\/schema.org\",\"@graph\":[{\"@type\":\"WebPage\",\"@id\":\"https:\\\/\\\/kurato.ch\\\/product\\\/wandspiegel-im-rahmen-facettiert\\\/\",\"url\":\"https:\\\/\\\/kurato.ch\\\/product\\\/wandspiegel-im-rahmen-facettiert\\\/\",\"name\":\"Wandspiegel im Rahmen facettiert | Vintage M\u00f6bel kaufen auf KURATO.CH\",\"isPartOf\":{\"@id\":\"https:\\\/\\\/kurato.ch\\\/#website\"},\"primaryImageOfPage\":{\"@id\":\"https:\\\/\\\/kurato.ch\\\/product\\\/wandspiegel-im-rahmen-facettiert\\\/#primaryimage\"},\"image\":{\"@id\":\"https:\\\/\\\/kurato.ch\\\/product\\\/wandspiegel-im-rahmen-facettiert\\\/#primaryimage\"},\"thumbnailUrl\":\"https:\\\/\\\/kurato.ch\\\/wp-content\\\/uploads\\\/2025\\\/06\\\/photo_5965255042506279016_y.jpg\",\"datePublished\":\"2025-06-27T19:01:30+00:00\",\"dateModified\":\"2025-06-27T19:01:32+00:00\",\"description\":\"Entdecke Vintage M\u00f6bel & Dekoration \u27a4 Wandspiegel im Rahmen facettiert auf Kurato. \u2713Lieferung Schweiz \u271314-Tage R\u00fcckgabe \u2713Secondhand Unikat\",\"breadcrumb\":{\"@id\":\"https:\\\/\\\/kurato.ch\\\/product\\\/wandspiegel-im-rahmen-facettiert\\\/#breadcrumb\"},\"inLanguage\":\"fr-FR\",\"potentialAction\":[{\"@type\":\"ReadAction\",\"target\":[\"https:\\\/\\\/kurato.ch\\\/product\\\/wandspiegel-im-rahmen-facettiert\\\/\"]}]},{\"@type\":\"ImageObject\",\"inLanguage\":\"fr-FR\",\"@id\":\"https:\\\/\\\/kurato.ch\\\/product\\\/wandspiegel-im-rahmen-facettiert\\\/#primaryimage\",\"url\":\"https:\\\/\\\/kurato.ch\\\/wp-content\\\/uploads\\\/2025\\\/06\\\/photo_5965255042506279016_y.jpg\",\"contentUrl\":\"https:\\\/\\\/kurato.ch\\\/wp-content\\\/uploads\\\/2025\\\/06\\\/photo_5965255042506279016_y.jpg\",\"width\":960,\"height\":1280},{\"@type\":\"BreadcrumbList\",\"@id\":\"https:\\\/\\\/kurato.ch\\\/product\\\/wandspiegel-im-rahmen-facettiert\\\/#breadcrumb\",\"itemListElement\":[{\"@type\":\"ListItem\",\"position\":1,\"name\":\"Home\",\"item\":\"https:\\\/\\\/kurato.ch\\\/\"},{\"@type\":\"ListItem\",\"position\":2,\"name\":\"Neuheiten\",\"item\":\"https:\\\/\\\/kurato.ch\\\/neuheiten\\\/\"},{\"@type\":\"ListItem\",\"position\":3,\"name\":\"Wandspiegel im Rahmen facettiert\"}]},{\"@type\":\"WebSite\",\"@id\":\"https:\\\/\\\/kurato.ch\\\/#website\",\"url\":\"https:\\\/\\\/kurato.ch\\\/\",\"name\":\"Vintage M\u00f6bel &amp; Dekoration I Kurato\",\"description\":\"Vintage M\u00f6bel &amp; Dekoration I Kurato\",\"publisher\":{\"@id\":\"https:\\\/\\\/kurato.ch\\\/#organization\"},\"potentialAction\":[{\"@type\":\"SearchAction\",\"target\":{\"@type\":\"EntryPoint\",\"urlTemplate\":\"https:\\\/\\\/kurato.ch\\\/?s={search_term_string}\"},\"query-input\":{\"@type\":\"PropertyValueSpecification\",\"valueRequired\":true,\"valueName\":\"search_term_string\"}}],\"inLanguage\":\"fr-FR\"},{\"@type\":\"Organization\",\"@id\":\"https:\\\/\\\/kurato.ch\\\/#organization\",\"name\":\"Kurato.\",\"url\":\"https:\\\/\\\/kurato.ch\\\/\",\"logo\":{\"@type\":\"ImageObject\",\"inLanguage\":\"fr-FR\",\"@id\":\"https:\\\/\\\/kurato.ch\\\/#\\\/schema\\\/logo\\\/image\\\/\",\"url\":\"\",\"contentUrl\":\"\",\"caption\":\"Kurato.\"},\"image\":{\"@id\":\"https:\\\/\\\/kurato.ch\\\/#\\\/schema\\\/logo\\\/image\\\/\"},\"sameAs\":[\"https:\\\/\\\/www.facebook.com\\\/kuratoswitzerland\",\"https:\\\/\\\/www.instagram.com\\\/kurato.ch\\\/\",\"https:\\\/\\\/www.pinterest.ch\\\/kurato_ch\\\/_created\\\/\"]}]}<\/script>\n<!-- \/ Yoast SEO plugin. -->","yoast_head_json":{"title":"Wandspiegel im Rahmen facettiert | Vintage M\u00f6bel kaufen auf KURATO.CH","description":"Entdecke Vintage M\u00f6bel & Dekoration \u27a4 Wandspiegel im Rahmen facettiert auf Kurato. \u2713Lieferung Schweiz \u271314-Tage R\u00fcckgabe \u2713Secondhand Unikat","robots":{"index":"index","follow":"follow","max-snippet":"max-snippet:-1","max-image-preview":"max-image-preview:large","max-video-preview":"max-video-preview:-1"},"canonical":"https:\/\/kurato.ch\/fr\/product\/wandspiegel-im-rahmen-facettiert\/","og_locale":"fr_FR","og_type":"article","og_title":"Wandspiegel im Rahmen facettiert | Vintage M\u00f6bel kaufen auf KURATO.CH","og_description":"Entdecke Vintage M\u00f6bel & Dekoration \u27a4 Wandspiegel im Rahmen facettiert auf Kurato. \u2713Lieferung Schweiz \u271314-Tage R\u00fcckgabe \u2713Secondhand Unikat","og_url":"https:\/\/kurato.ch\/fr\/product\/wandspiegel-im-rahmen-facettiert\/","og_site_name":"Vintage M\u00f6bel &amp; Dekoration I Kurato","article_publisher":"https:\/\/www.facebook.com\/kuratoswitzerland","article_modified_time":"2025-06-27T19:01:32+00:00","og_image":[{"width":960,"height":1280,"url":"https:\/\/kurato.ch\/wp-content\/uploads\/2025\/06\/photo_5965255042506279016_y.jpg","type":"image\/jpeg"}],"twitter_misc":{"Dur\u00e9e de lecture estim\u00e9e":"1 minute"},"schema":{"@context":"https:\/\/schema.org","@graph":[{"@type":"WebPage","@id":"https:\/\/kurato.ch\/product\/wandspiegel-im-rahmen-facettiert\/","url":"https:\/\/kurato.ch\/product\/wandspiegel-im-rahmen-facettiert\/","name":"Wandspiegel im Rahmen facettiert | Vintage M\u00f6bel kaufen auf KURATO.CH","isPartOf":{"@id":"https:\/\/kurato.ch\/#website"},"primaryImageOfPage":{"@id":"https:\/\/kurato.ch\/product\/wandspiegel-im-rahmen-facettiert\/#primaryimage"},"image":{"@id":"https:\/\/kurato.ch\/product\/wandspiegel-im-rahmen-facettiert\/#primaryimage"},"thumbnailUrl":"https:\/\/kurato.ch\/wp-content\/uploads\/2025\/06\/photo_5965255042506279016_y.jpg","datePublished":"2025-06-27T19:01:30+00:00","dateModified":"2025-06-27T19:01:32+00:00","description":"Entdecke Vintage M\u00f6bel & Dekoration \u27a4 Wandspiegel im Rahmen facettiert auf Kurato. \u2713Lieferung Schweiz \u271314-Tage R\u00fcckgabe \u2713Secondhand Unikat","breadcrumb":{"@id":"https:\/\/kurato.ch\/product\/wandspiegel-im-rahmen-facettiert\/#breadcrumb"},"inLanguage":"fr-FR","potentialAction":[{"@type":"ReadAction","target":["https:\/\/kurato.ch\/product\/wandspiegel-im-rahmen-facettiert\/"]}]},{"@type":"ImageObject","inLanguage":"fr-FR","@id":"https:\/\/kurato.ch\/product\/wandspiegel-im-rahmen-facettiert\/#primaryimage","url":"https:\/\/kurato.ch\/wp-content\/uploads\/2025\/06\/photo_5965255042506279016_y.jpg","contentUrl":"https:\/\/kurato.ch\/wp-content\/uploads\/2025\/06\/photo_5965255042506279016_y.jpg","width":960,"height":1280},{"@type":"BreadcrumbList","@id":"https:\/\/kurato.ch\/product\/wandspiegel-im-rahmen-facettiert\/#breadcrumb","itemListElement":[{"@type":"ListItem","position":1,"name":"Home","item":"https:\/\/kurato.ch\/"},{"@type":"ListItem","position":2,"name":"Neuheiten","item":"https:\/\/kurato.ch\/neuheiten\/"},{"@type":"ListItem","position":3,"name":"Wandspiegel im Rahmen facettiert"}]},{"@type":"WebSite","@id":"https:\/\/kurato.ch\/#website","url":"https:\/\/kurato.ch\/","name":"Meubles vintage &amp; d\u00e9coration I Kurato","description":"Meubles vintage &amp; d\u00e9coration I Kurato","publisher":{"@id":"https:\/\/kurato.ch\/#organization"},"potentialAction":[{"@type":"SearchAction","target":{"@type":"EntryPoint","urlTemplate":"https:\/\/kurato.ch\/?s={search_term_string}"},"query-input":{"@type":"PropertyValueSpecification","valueRequired":true,"valueName":"search_term_string"}}],"inLanguage":"fr-FR"},{"@type":"Organization","@id":"https:\/\/kurato.ch\/#organization","name":"Kurato.","url":"https:\/\/kurato.ch\/","logo":{"@type":"ImageObject","inLanguage":"fr-FR","@id":"https:\/\/kurato.ch\/#\/schema\/logo\/image\/","url":"","contentUrl":"","caption":"Kurato."},"image":{"@id":"https:\/\/kurato.ch\/#\/schema\/logo\/image\/"},"sameAs":["https:\/\/www.facebook.com\/kuratoswitzerland","https:\/\/www.instagram.com\/kurato.ch\/","https:\/\/www.pinterest.ch\/kurato_ch\/_created\/"]}]}},"_links":{"self":[{"href":"https:\/\/kurato.ch\/fr\/wp-json\/wp\/v2\/product\/69106","targetHints":{"allow":["GET"]}}],"collection":[{"href":"https:\/\/kurato.ch\/fr\/wp-json\/wp\/v2\/product"}],"about":[{"href":"https:\/\/kurato.ch\/fr\/wp-json\/wp\/v2\/types\/product"}],"wp:featuredmedia":[{"embeddable":true,"href":"https:\/\/kurato.ch\/fr\/wp-json\/wp\/v2\/media\/69107"}],"wp:attachment":[{"href":"https:\/\/kurato.ch\/fr\/wp-json\/wp\/v2\/media?parent=69106"}],"wp:term":[{"taxonomy":"product_brand","embeddable":true,"href":"https:\/\/kurato.ch\/fr\/wp-json\/wp\/v2\/product_brand?post=69106"},{"taxonomy":"product_cat","embeddable":true,"href":"https:\/\/kurato.ch\/fr\/wp-json\/wp\/v2\/product_cat?post=69106"},{"taxonomy":"product_tag","embeddable":true,"href":"https:\/\/kurato.ch\/fr\/wp-json\/wp\/v2\/product_tag?post=69106"}],"curies":[{"name":"wp","href":"https:\/\/api.w.org\/{rel}","templated":true}]}}