{"id":69570,"date":"2025-07-22T21:09:33","date_gmt":"2025-07-22T19:09:33","guid":{"rendered":"https:\/\/kurato.ch\/?post_type=product&#038;p=69570"},"modified":"2025-07-22T21:09:34","modified_gmt":"2025-07-22T19:09:34","slug":"sessel-modell-notorious-von-massimo-iosa-ghini-fuer-moroso-1980er-jahre","status":"publish","type":"product","link":"https:\/\/kurato.ch\/fr\/product\/sessel-modell-notorious-von-massimo-iosa-ghini-fuer-moroso-1980er-jahre\/","title":{"rendered":"Sessel Modell Notorious von Massimo Iosa Ghini f\u00fcr Moroso, 1980er Jahre"},"content":{"rendered":"<p>Dieser markante Designstuhl mit dem Namen Notorious wurde 1988 von Massimo Iosa Ghini f\u00fcr den italienischen Hersteller Moroso entworfen und z\u00e4hlt zu den expressivsten Entw\u00fcrfen der Postmoderne.<\/p>\n<p>Charakteristisch ist das geschwungene Gestell aus verchromtem Stahlrohr, das sich zu einer skulpturalen Silhouette formt und mit schwarzem Holz f\u00fcr R\u00fcckenlehne und Armauflagen kombiniert wird.<\/p>\n<p>Die ovale R\u00fcckenlehne ist auf zwei schr\u00e4g angesetzten Streben montiert und scheint zu schweben. Sitz- und Seitenteile bestehen aus einem satt violetten Stoff, der sich f\u00e4cherartig spannt und dem M\u00f6bel Leichtigkeit und Dynamik verleiht. Die elliptischen Formen und die kontrastreiche Farbgebung stehen beispielhaft f\u00fcr Iosa Ghinis eigenwilligen, futuristischen Stil zwischen Memphis-Gruppe und Hightech-\u00c4sthetik.<\/p>\n<p>Zustand: Der Zustand des Sessels ist sehr gut mit nur minimalen Gebrauchsspuren. Die Verchromung zeigt keinen nennenswerten Abrieb, die Stoffbespannung ist fest und sauber erhalten, die schwarzen Holzelemente sind ebenfalls in gepflegtem Zustand mit nur vereinzelten leichten Kratzern. Ein aussergew\u00f6hnliches Sammlerst\u00fcck f\u00fcr Freunde avantgardistischer italienischer Designm\u00f6bel.<\/p>\n<p>Masse: L47,5 x B70 x H81 cm<br \/>Hauteur d'assise 48 cm<br \/>Armlehnenh\u00f6he 64 cm<\/p>\n<p><strong>Vous souhaitez recevoir l'article chez vous ?<\/strong><\/p>\n<p>Contactez le service client\u00e8le de Kurato <a href=\"mailto:hello@kurato.ch\" data-mce-href=\"mailto:hello@kurato.ch\"><strong>hello@kurato.ch<\/strong><\/a> et demandez une offre de livraison personnalis\u00e9e.<\/p>\n<p><br data-mce-bogus=\"1\"><\/p>","protected":false},"excerpt":{"rendered":"<p>Dieser markante Designstuhl mit dem Namen Notorious wurde 1988 von Massimo Iosa Ghini f\u00fcr den italienischen Hersteller Moroso entworfen und z\u00e4hlt zu den expressivsten Entw\u00fcrfen der Postmoderne. Charakteristisch ist das geschwungene Gestell aus verchromtem Stahlrohr, das sich zu einer skulpturalen Silhouette formt und mit schwarzem Holz f\u00fcr R\u00fcckenlehne und Armauflagen kombiniert wird. Die ovale R\u00fcckenlehne [&hellip;]<\/p>\n","protected":false},"featured_media":69691,"template":"","meta":{"_acf_changed":false,"site-sidebar-layout":"default","site-content-layout":"","ast-site-content-layout":"default","site-content-style":"default","site-sidebar-style":"default","ast-global-header-display":"","ast-banner-title-visibility":"","ast-main-header-display":"","ast-hfb-above-header-display":"","ast-hfb-below-header-display":"","ast-hfb-mobile-header-display":"","site-post-title":"","ast-breadcrumbs-content":"","ast-featured-img":"","footer-sml-layout":"","ast-disable-related-posts":"","theme-transparent-header-meta":"","adv-header-id-meta":"","stick-header-meta":"","header-above-stick-meta":"","header-main-stick-meta":"","header-below-stick-meta":"","astra-migrate-meta-layouts":"default","ast-page-background-enabled":"default","ast-page-background-meta":{"desktop":{"background-color":"","background-image":"","background-repeat":"repeat","background-position":"center center","background-size":"auto","background-attachment":"scroll","background-type":"","background-media":"","overlay-type":"","overlay-color":"","overlay-opacity":"","overlay-gradient":""},"tablet":{"background-color":"","background-image":"","background-repeat":"repeat","background-position":"center center","background-size":"auto","background-attachment":"scroll","background-type":"","background-media":"","overlay-type":"","overlay-color":"","overlay-opacity":"","overlay-gradient":""},"mobile":{"background-color":"","background-image":"","background-repeat":"repeat","background-position":"center center","background-size":"auto","background-attachment":"scroll","background-type":"","background-media":"","overlay-type":"","overlay-color":"","overlay-opacity":"","overlay-gradient":""}},"ast-content-background-meta":{"desktop":{"background-color":"var(--ast-global-color-5)","background-image":"","background-repeat":"repeat","background-position":"center center","background-size":"auto","background-attachment":"scroll","background-type":"","background-media":"","overlay-type":"","overlay-color":"","overlay-opacity":"","overlay-gradient":""},"tablet":{"background-color":"var(--ast-global-color-5)","background-image":"","background-repeat":"repeat","background-position":"center center","background-size":"auto","background-attachment":"scroll","background-type":"","background-media":"","overlay-type":"","overlay-color":"","overlay-opacity":"","overlay-gradient":""},"mobile":{"background-color":"var(--ast-global-color-5)","background-image":"","background-repeat":"repeat","background-position":"center center","background-size":"auto","background-attachment":"scroll","background-type":"","background-media":"","overlay-type":"","overlay-color":"","overlay-opacity":"","overlay-gradient":""}}},"product_brand":[],"product_cat":[152],"product_tag":[],"class_list":{"0":"post-69570","1":"product","2":"type-product","3":"status-publish","4":"has-post-thumbnail","6":"product_cat-vintage-sessel-liege","7":"pa_farbe-lila","8":"pa_material-metall","9":"pa_material-stoff","10":"pa_stil-design","11":"desktop-align-left","12":"tablet-align-left","13":"mobile-align-left","15":"first","16":"instock","17":"sold-individually","18":"shipping-taxable","19":"purchasable","20":"product-type-simple"},"acf":[],"yoast_head":"<!-- This site is optimized with the Yoast SEO plugin v27.3 - https:\/\/yoast.com\/product\/yoast-seo-wordpress\/ -->\n<title>Sessel Modell Notorious von Massimo Iosa Ghini f\u00fcr Moroso, 1980er Jahre | Vintage M\u00f6bel kaufen auf KURATO.CH<\/title>\n<meta name=\"description\" content=\"Entdecke Vintage M\u00f6bel &amp; Dekoration \u27a4 Sessel Modell Notorious von Massimo Iosa Ghini f\u00fcr Moroso, 1980er Jahre auf Kurato. \u2713Lieferung Schweiz \u271314-Tage R\u00fcckgabe \u2713Secondhand Unikat\" \/>\n<meta name=\"robots\" content=\"index, follow, max-snippet:-1, max-image-preview:large, max-video-preview:-1\" \/>\n<link rel=\"canonical\" href=\"https:\/\/kurato.ch\/fr\/product\/sessel-modell-notorious-von-massimo-iosa-ghini-fuer-moroso-1980er-jahre\/\" \/>\n<meta property=\"og:locale\" content=\"fr_FR\" \/>\n<meta property=\"og:type\" content=\"article\" \/>\n<meta property=\"og:title\" content=\"Sessel Modell Notorious von Massimo Iosa Ghini f\u00fcr Moroso, 1980er Jahre | Vintage M\u00f6bel kaufen auf KURATO.CH\" \/>\n<meta property=\"og:description\" content=\"Entdecke Vintage M\u00f6bel &amp; Dekoration \u27a4 Sessel Modell Notorious von Massimo Iosa Ghini f\u00fcr Moroso, 1980er Jahre auf Kurato. \u2713Lieferung Schweiz \u271314-Tage R\u00fcckgabe \u2713Secondhand Unikat\" \/>\n<meta property=\"og:url\" content=\"https:\/\/kurato.ch\/fr\/product\/sessel-modell-notorious-von-massimo-iosa-ghini-fuer-moroso-1980er-jahre\/\" \/>\n<meta property=\"og:site_name\" content=\"Vintage M\u00f6bel &amp; Dekoration I Kurato\" \/>\n<meta property=\"article:publisher\" content=\"https:\/\/www.facebook.com\/kuratoswitzerland\" \/>\n<meta property=\"article:modified_time\" content=\"2025-07-22T19:09:34+00:00\" \/>\n<meta property=\"og:image\" content=\"https:\/\/kurato.ch\/wp-content\/uploads\/2025\/07\/Sessel-Modell-Notorious-von-Massimo-Iosa-Ghini-fuer-Moroso-1980er-Jahre-vintage-secondhand-gebraucht-schweiz-Instagram-Post.jpg\" \/>\n\t<meta property=\"og:image:width\" content=\"810\" \/>\n\t<meta property=\"og:image:height\" content=\"810\" \/>\n\t<meta property=\"og:image:type\" content=\"image\/jpeg\" \/>\n<meta name=\"twitter:label1\" content=\"Dur\u00e9e de lecture estim\u00e9e\" \/>\n\t<meta name=\"twitter:data1\" content=\"1 minute\" \/>\n<script type=\"application\/ld+json\" class=\"yoast-schema-graph\">{\"@context\":\"https:\\\/\\\/schema.org\",\"@graph\":[{\"@type\":\"WebPage\",\"@id\":\"https:\\\/\\\/kurato.ch\\\/product\\\/sessel-modell-notorious-von-massimo-iosa-ghini-fuer-moroso-1980er-jahre\\\/\",\"url\":\"https:\\\/\\\/kurato.ch\\\/product\\\/sessel-modell-notorious-von-massimo-iosa-ghini-fuer-moroso-1980er-jahre\\\/\",\"name\":\"Sessel Modell Notorious von Massimo Iosa Ghini f\u00fcr Moroso, 1980er Jahre | Vintage M\u00f6bel kaufen auf KURATO.CH\",\"isPartOf\":{\"@id\":\"https:\\\/\\\/kurato.ch\\\/#website\"},\"primaryImageOfPage\":{\"@id\":\"https:\\\/\\\/kurato.ch\\\/product\\\/sessel-modell-notorious-von-massimo-iosa-ghini-fuer-moroso-1980er-jahre\\\/#primaryimage\"},\"image\":{\"@id\":\"https:\\\/\\\/kurato.ch\\\/product\\\/sessel-modell-notorious-von-massimo-iosa-ghini-fuer-moroso-1980er-jahre\\\/#primaryimage\"},\"thumbnailUrl\":\"https:\\\/\\\/kurato.ch\\\/wp-content\\\/uploads\\\/2025\\\/07\\\/Sessel-Modell-Notorious-von-Massimo-Iosa-Ghini-fuer-Moroso-1980er-Jahre-vintage-secondhand-gebraucht-schweiz-Instagram-Post.jpg\",\"datePublished\":\"2025-07-22T19:09:33+00:00\",\"dateModified\":\"2025-07-22T19:09:34+00:00\",\"description\":\"Entdecke Vintage M\u00f6bel & Dekoration \u27a4 Sessel Modell Notorious von Massimo Iosa Ghini f\u00fcr Moroso, 1980er Jahre auf Kurato. \u2713Lieferung Schweiz \u271314-Tage R\u00fcckgabe \u2713Secondhand Unikat\",\"breadcrumb\":{\"@id\":\"https:\\\/\\\/kurato.ch\\\/product\\\/sessel-modell-notorious-von-massimo-iosa-ghini-fuer-moroso-1980er-jahre\\\/#breadcrumb\"},\"inLanguage\":\"fr-FR\",\"potentialAction\":[{\"@type\":\"ReadAction\",\"target\":[\"https:\\\/\\\/kurato.ch\\\/product\\\/sessel-modell-notorious-von-massimo-iosa-ghini-fuer-moroso-1980er-jahre\\\/\"]}]},{\"@type\":\"ImageObject\",\"inLanguage\":\"fr-FR\",\"@id\":\"https:\\\/\\\/kurato.ch\\\/product\\\/sessel-modell-notorious-von-massimo-iosa-ghini-fuer-moroso-1980er-jahre\\\/#primaryimage\",\"url\":\"https:\\\/\\\/kurato.ch\\\/wp-content\\\/uploads\\\/2025\\\/07\\\/Sessel-Modell-Notorious-von-Massimo-Iosa-Ghini-fuer-Moroso-1980er-Jahre-vintage-secondhand-gebraucht-schweiz-Instagram-Post.jpg\",\"contentUrl\":\"https:\\\/\\\/kurato.ch\\\/wp-content\\\/uploads\\\/2025\\\/07\\\/Sessel-Modell-Notorious-von-Massimo-Iosa-Ghini-fuer-Moroso-1980er-Jahre-vintage-secondhand-gebraucht-schweiz-Instagram-Post.jpg\",\"width\":810,\"height\":810,\"caption\":\"Sessel Modell Notorious von Massimo Iosa Ghini f\u00fcr Moroso, 1980er Jahre\"},{\"@type\":\"BreadcrumbList\",\"@id\":\"https:\\\/\\\/kurato.ch\\\/product\\\/sessel-modell-notorious-von-massimo-iosa-ghini-fuer-moroso-1980er-jahre\\\/#breadcrumb\",\"itemListElement\":[{\"@type\":\"ListItem\",\"position\":1,\"name\":\"Home\",\"item\":\"https:\\\/\\\/kurato.ch\\\/\"},{\"@type\":\"ListItem\",\"position\":2,\"name\":\"Neuheiten\",\"item\":\"https:\\\/\\\/kurato.ch\\\/neuheiten\\\/\"},{\"@type\":\"ListItem\",\"position\":3,\"name\":\"Sessel Modell Notorious von Massimo Iosa Ghini f\u00fcr Moroso, 1980er Jahre\"}]},{\"@type\":\"WebSite\",\"@id\":\"https:\\\/\\\/kurato.ch\\\/#website\",\"url\":\"https:\\\/\\\/kurato.ch\\\/\",\"name\":\"Vintage M\u00f6bel &amp; Dekoration I Kurato\",\"description\":\"Vintage M\u00f6bel &amp; Dekoration I Kurato\",\"publisher\":{\"@id\":\"https:\\\/\\\/kurato.ch\\\/#organization\"},\"potentialAction\":[{\"@type\":\"SearchAction\",\"target\":{\"@type\":\"EntryPoint\",\"urlTemplate\":\"https:\\\/\\\/kurato.ch\\\/?s={search_term_string}\"},\"query-input\":{\"@type\":\"PropertyValueSpecification\",\"valueRequired\":true,\"valueName\":\"search_term_string\"}}],\"inLanguage\":\"fr-FR\"},{\"@type\":\"Organization\",\"@id\":\"https:\\\/\\\/kurato.ch\\\/#organization\",\"name\":\"Kurato.\",\"url\":\"https:\\\/\\\/kurato.ch\\\/\",\"logo\":{\"@type\":\"ImageObject\",\"inLanguage\":\"fr-FR\",\"@id\":\"https:\\\/\\\/kurato.ch\\\/#\\\/schema\\\/logo\\\/image\\\/\",\"url\":\"\",\"contentUrl\":\"\",\"caption\":\"Kurato.\"},\"image\":{\"@id\":\"https:\\\/\\\/kurato.ch\\\/#\\\/schema\\\/logo\\\/image\\\/\"},\"sameAs\":[\"https:\\\/\\\/www.facebook.com\\\/kuratoswitzerland\",\"https:\\\/\\\/www.instagram.com\\\/kurato.ch\\\/\",\"https:\\\/\\\/www.pinterest.ch\\\/kurato_ch\\\/_created\\\/\"]}]}<\/script>\n<!-- \/ Yoast SEO plugin. -->","yoast_head_json":{"title":"Sessel Modell Notorious von Massimo Iosa Ghini f\u00fcr Moroso, 1980er Jahre | Vintage M\u00f6bel kaufen auf KURATO.CH","description":"Entdecke Vintage M\u00f6bel & Dekoration \u27a4 Sessel Modell Notorious von Massimo Iosa Ghini f\u00fcr Moroso, 1980er Jahre auf Kurato. \u2713Lieferung Schweiz \u271314-Tage R\u00fcckgabe \u2713Secondhand Unikat","robots":{"index":"index","follow":"follow","max-snippet":"max-snippet:-1","max-image-preview":"max-image-preview:large","max-video-preview":"max-video-preview:-1"},"canonical":"https:\/\/kurato.ch\/fr\/product\/sessel-modell-notorious-von-massimo-iosa-ghini-fuer-moroso-1980er-jahre\/","og_locale":"fr_FR","og_type":"article","og_title":"Sessel Modell Notorious von Massimo Iosa Ghini f\u00fcr Moroso, 1980er Jahre | Vintage M\u00f6bel kaufen auf KURATO.CH","og_description":"Entdecke Vintage M\u00f6bel & Dekoration \u27a4 Sessel Modell Notorious von Massimo Iosa Ghini f\u00fcr Moroso, 1980er Jahre auf Kurato. \u2713Lieferung Schweiz \u271314-Tage R\u00fcckgabe \u2713Secondhand Unikat","og_url":"https:\/\/kurato.ch\/fr\/product\/sessel-modell-notorious-von-massimo-iosa-ghini-fuer-moroso-1980er-jahre\/","og_site_name":"Vintage M\u00f6bel &amp; Dekoration I Kurato","article_publisher":"https:\/\/www.facebook.com\/kuratoswitzerland","article_modified_time":"2025-07-22T19:09:34+00:00","og_image":[{"width":810,"height":810,"url":"https:\/\/kurato.ch\/wp-content\/uploads\/2025\/07\/Sessel-Modell-Notorious-von-Massimo-Iosa-Ghini-fuer-Moroso-1980er-Jahre-vintage-secondhand-gebraucht-schweiz-Instagram-Post.jpg","type":"image\/jpeg"}],"twitter_misc":{"Dur\u00e9e de lecture estim\u00e9e":"1 minute"},"schema":{"@context":"https:\/\/schema.org","@graph":[{"@type":"WebPage","@id":"https:\/\/kurato.ch\/product\/sessel-modell-notorious-von-massimo-iosa-ghini-fuer-moroso-1980er-jahre\/","url":"https:\/\/kurato.ch\/product\/sessel-modell-notorious-von-massimo-iosa-ghini-fuer-moroso-1980er-jahre\/","name":"Sessel Modell Notorious von Massimo Iosa Ghini f\u00fcr Moroso, 1980er Jahre | Vintage M\u00f6bel kaufen auf KURATO.CH","isPartOf":{"@id":"https:\/\/kurato.ch\/#website"},"primaryImageOfPage":{"@id":"https:\/\/kurato.ch\/product\/sessel-modell-notorious-von-massimo-iosa-ghini-fuer-moroso-1980er-jahre\/#primaryimage"},"image":{"@id":"https:\/\/kurato.ch\/product\/sessel-modell-notorious-von-massimo-iosa-ghini-fuer-moroso-1980er-jahre\/#primaryimage"},"thumbnailUrl":"https:\/\/kurato.ch\/wp-content\/uploads\/2025\/07\/Sessel-Modell-Notorious-von-Massimo-Iosa-Ghini-fuer-Moroso-1980er-Jahre-vintage-secondhand-gebraucht-schweiz-Instagram-Post.jpg","datePublished":"2025-07-22T19:09:33+00:00","dateModified":"2025-07-22T19:09:34+00:00","description":"Entdecke Vintage M\u00f6bel & Dekoration \u27a4 Sessel Modell Notorious von Massimo Iosa Ghini f\u00fcr Moroso, 1980er Jahre auf Kurato. \u2713Lieferung Schweiz \u271314-Tage R\u00fcckgabe \u2713Secondhand Unikat","breadcrumb":{"@id":"https:\/\/kurato.ch\/product\/sessel-modell-notorious-von-massimo-iosa-ghini-fuer-moroso-1980er-jahre\/#breadcrumb"},"inLanguage":"fr-FR","potentialAction":[{"@type":"ReadAction","target":["https:\/\/kurato.ch\/product\/sessel-modell-notorious-von-massimo-iosa-ghini-fuer-moroso-1980er-jahre\/"]}]},{"@type":"ImageObject","inLanguage":"fr-FR","@id":"https:\/\/kurato.ch\/product\/sessel-modell-notorious-von-massimo-iosa-ghini-fuer-moroso-1980er-jahre\/#primaryimage","url":"https:\/\/kurato.ch\/wp-content\/uploads\/2025\/07\/Sessel-Modell-Notorious-von-Massimo-Iosa-Ghini-fuer-Moroso-1980er-Jahre-vintage-secondhand-gebraucht-schweiz-Instagram-Post.jpg","contentUrl":"https:\/\/kurato.ch\/wp-content\/uploads\/2025\/07\/Sessel-Modell-Notorious-von-Massimo-Iosa-Ghini-fuer-Moroso-1980er-Jahre-vintage-secondhand-gebraucht-schweiz-Instagram-Post.jpg","width":810,"height":810,"caption":"Sessel Modell Notorious von Massimo Iosa Ghini f\u00fcr Moroso, 1980er Jahre"},{"@type":"BreadcrumbList","@id":"https:\/\/kurato.ch\/product\/sessel-modell-notorious-von-massimo-iosa-ghini-fuer-moroso-1980er-jahre\/#breadcrumb","itemListElement":[{"@type":"ListItem","position":1,"name":"Home","item":"https:\/\/kurato.ch\/"},{"@type":"ListItem","position":2,"name":"Neuheiten","item":"https:\/\/kurato.ch\/neuheiten\/"},{"@type":"ListItem","position":3,"name":"Sessel Modell Notorious von Massimo Iosa Ghini f\u00fcr Moroso, 1980er Jahre"}]},{"@type":"WebSite","@id":"https:\/\/kurato.ch\/#website","url":"https:\/\/kurato.ch\/","name":"Meubles vintage &amp; d\u00e9coration I Kurato","description":"Meubles vintage &amp; d\u00e9coration I Kurato","publisher":{"@id":"https:\/\/kurato.ch\/#organization"},"potentialAction":[{"@type":"SearchAction","target":{"@type":"EntryPoint","urlTemplate":"https:\/\/kurato.ch\/?s={search_term_string}"},"query-input":{"@type":"PropertyValueSpecification","valueRequired":true,"valueName":"search_term_string"}}],"inLanguage":"fr-FR"},{"@type":"Organization","@id":"https:\/\/kurato.ch\/#organization","name":"Kurato.","url":"https:\/\/kurato.ch\/","logo":{"@type":"ImageObject","inLanguage":"fr-FR","@id":"https:\/\/kurato.ch\/#\/schema\/logo\/image\/","url":"","contentUrl":"","caption":"Kurato."},"image":{"@id":"https:\/\/kurato.ch\/#\/schema\/logo\/image\/"},"sameAs":["https:\/\/www.facebook.com\/kuratoswitzerland","https:\/\/www.instagram.com\/kurato.ch\/","https:\/\/www.pinterest.ch\/kurato_ch\/_created\/"]}]}},"_links":{"self":[{"href":"https:\/\/kurato.ch\/fr\/wp-json\/wp\/v2\/product\/69570","targetHints":{"allow":["GET"]}}],"collection":[{"href":"https:\/\/kurato.ch\/fr\/wp-json\/wp\/v2\/product"}],"about":[{"href":"https:\/\/kurato.ch\/fr\/wp-json\/wp\/v2\/types\/product"}],"wp:featuredmedia":[{"embeddable":true,"href":"https:\/\/kurato.ch\/fr\/wp-json\/wp\/v2\/media\/69691"}],"wp:attachment":[{"href":"https:\/\/kurato.ch\/fr\/wp-json\/wp\/v2\/media?parent=69570"}],"wp:term":[{"taxonomy":"product_brand","embeddable":true,"href":"https:\/\/kurato.ch\/fr\/wp-json\/wp\/v2\/product_brand?post=69570"},{"taxonomy":"product_cat","embeddable":true,"href":"https:\/\/kurato.ch\/fr\/wp-json\/wp\/v2\/product_cat?post=69570"},{"taxonomy":"product_tag","embeddable":true,"href":"https:\/\/kurato.ch\/fr\/wp-json\/wp\/v2\/product_tag?post=69570"}],"curies":[{"name":"wp","href":"https:\/\/api.w.org\/{rel}","templated":true}]}}