{"id":69582,"date":"2025-08-11T15:34:57","date_gmt":"2025-08-11T13:34:57","guid":{"rendered":"https:\/\/kurato.ch\/?post_type=product&#038;p=69582"},"modified":"2025-08-11T15:34:58","modified_gmt":"2025-08-11T13:34:58","slug":"klappstuehle-aus-acryl-von-giancarlo-piretti-fuer-castelli-1980er-jahre","status":"publish","type":"product","link":"https:\/\/kurato.ch\/fr\/product\/klappstuehle-aus-acryl-von-giancarlo-piretti-fuer-castelli-1980er-jahre\/","title":{"rendered":"Klappst\u00fchle aus Acryl von Giancarlo Piretti f\u00fcr Castelli, 1980er Jahre"},"content":{"rendered":"<p>Die hier gezeigten vier klappbaren St\u00fchle vereinen postmoderne Gestaltung mit funktionaler Raffinesse.<\/p>\n<p>Charakteristisch ist das transparente Sitz- und R\u00fcckenelement aus klarem bzw. blau get\u00f6ntem Acryl (Plexiglas), das durch seine gew\u00f6lbte Form ergonomisch angepasst und optisch besonders leicht wirkt.<\/p>\n<p>Die tragende Struktur besteht aus verchromten Stahlrohren, die durch pr\u00e4zise gefertigte Gelenke und Querstreben miteinander verbunden sind.<\/p>\n<p>Auffallend sind die aus Aluminium oder Zinkdruckguss gefertigten Gelenkverbindungen, die den Klappmechanismus erm\u00f6glichen und zugleich das moderne, fast technisch-industrielle Erscheinungsbild unterstreichen. Die Konstruktion wirkt trotz der filigranen Erscheinung stabil und ausgekl\u00fcgelt.<\/p>\n<p>Zustand: Der Zustand der vier St\u00fchle ist insgesamt gut. Die verchromten Metallrahmen zeigen nur geringe altersbedingte Gebrauchsspuren ohne Rost oder nennenswerte Kratzer. Die transparenten Acrylfl\u00e4chen sind sauber, mit kleineren Gebrauchsspuren in Form von feinen Kratzern, die bei diesem Material typisch sind. Der blaue Stuhl weist vereinzelte dunkle Einschl\u00fcsse im Material auf, vermutlich aus der Produktion stammend. Die Klappmechanik funktioniert bei allen St\u00fchlen einwandfrei. Die St\u00fchle wirken gepflegt und sind stabil.<\/p>\n<p>Masse: L49,5 x B45 x H78-106 cm<br \/>Sitzh\u00f6he 49 cm<\/p>\n<p><strong>Vous souhaitez recevoir l'article chez vous ?<\/strong><\/p>\n<p>Contactez le service client\u00e8le de Kurato <a href=\"mailto:hello@kurato.ch\" data-mce-href=\"mailto:hello@kurato.ch\"><strong>hello@kurato.ch<\/strong><\/a> et demandez une offre de livraison personnalis\u00e9e.<\/p>\n<p><br data-mce-bogus=\"1\"><\/p>","protected":false},"excerpt":{"rendered":"<p>Die hier gezeigten vier klappbaren St\u00fchle vereinen postmoderne Gestaltung mit funktionaler Raffinesse. Charakteristisch ist das transparente Sitz- und R\u00fcckenelement aus klarem bzw. blau get\u00f6ntem Acryl (Plexiglas), das durch seine gew\u00f6lbte Form ergonomisch angepasst und optisch besonders leicht wirkt. Die tragende Struktur besteht aus verchromten Stahlrohren, die durch pr\u00e4zise gefertigte Gelenke und Querstreben miteinander verbunden sind. [&hellip;]<\/p>\n","protected":false},"featured_media":69963,"template":"","meta":{"_acf_changed":false,"site-sidebar-layout":"default","site-content-layout":"","ast-site-content-layout":"default","site-content-style":"default","site-sidebar-style":"default","ast-global-header-display":"","ast-banner-title-visibility":"","ast-main-header-display":"","ast-hfb-above-header-display":"","ast-hfb-below-header-display":"","ast-hfb-mobile-header-display":"","site-post-title":"","ast-breadcrumbs-content":"","ast-featured-img":"","footer-sml-layout":"","ast-disable-related-posts":"","theme-transparent-header-meta":"","adv-header-id-meta":"","stick-header-meta":"","header-above-stick-meta":"","header-main-stick-meta":"","header-below-stick-meta":"","astra-migrate-meta-layouts":"default","ast-page-background-enabled":"default","ast-page-background-meta":{"desktop":{"background-color":"","background-image":"","background-repeat":"repeat","background-position":"center center","background-size":"auto","background-attachment":"scroll","background-type":"","background-media":"","overlay-type":"","overlay-color":"","overlay-opacity":"","overlay-gradient":""},"tablet":{"background-color":"","background-image":"","background-repeat":"repeat","background-position":"center center","background-size":"auto","background-attachment":"scroll","background-type":"","background-media":"","overlay-type":"","overlay-color":"","overlay-opacity":"","overlay-gradient":""},"mobile":{"background-color":"","background-image":"","background-repeat":"repeat","background-position":"center center","background-size":"auto","background-attachment":"scroll","background-type":"","background-media":"","overlay-type":"","overlay-color":"","overlay-opacity":"","overlay-gradient":""}},"ast-content-background-meta":{"desktop":{"background-color":"var(--ast-global-color-5)","background-image":"","background-repeat":"repeat","background-position":"center center","background-size":"auto","background-attachment":"scroll","background-type":"","background-media":"","overlay-type":"","overlay-color":"","overlay-opacity":"","overlay-gradient":""},"tablet":{"background-color":"var(--ast-global-color-5)","background-image":"","background-repeat":"repeat","background-position":"center center","background-size":"auto","background-attachment":"scroll","background-type":"","background-media":"","overlay-type":"","overlay-color":"","overlay-opacity":"","overlay-gradient":""},"mobile":{"background-color":"var(--ast-global-color-5)","background-image":"","background-repeat":"repeat","background-position":"center center","background-size":"auto","background-attachment":"scroll","background-type":"","background-media":"","overlay-type":"","overlay-color":"","overlay-opacity":"","overlay-gradient":""}}},"product_brand":[],"product_cat":[163],"product_tag":[],"class_list":{"0":"post-69582","1":"product","2":"type-product","3":"status-publish","4":"has-post-thumbnail","6":"product_cat-vintage-stuhl","7":"pa_designer-castelli","8":"pa_farbe-farbetransparent","9":"pa_material-plastik","10":"pa_stil-design","11":"desktop-align-left","12":"tablet-align-left","13":"mobile-align-left","15":"first","16":"instock","17":"shipping-taxable","18":"purchasable","19":"product-type-simple"},"acf":[],"yoast_head":"<!-- This site is optimized with the Yoast SEO plugin v27.4 - https:\/\/yoast.com\/product\/yoast-seo-wordpress\/ -->\n<title>Klappst\u00fchle aus Acryl von Giancarlo Piretti f\u00fcr Castelli, 1980er Jahre | Vintage M\u00f6bel kaufen auf KURATO.CH<\/title>\n<meta name=\"description\" content=\"Entdecke Vintage M\u00f6bel &amp; Dekoration \u27a4 Klappst\u00fchle aus Acryl von Giancarlo Piretti f\u00fcr Castelli, 1980er Jahre auf Kurato. \u2713Lieferung Schweiz \u271314-Tage R\u00fcckgabe \u2713Secondhand Unikat\" \/>\n<meta name=\"robots\" content=\"index, follow, max-snippet:-1, max-image-preview:large, max-video-preview:-1\" \/>\n<link rel=\"canonical\" href=\"https:\/\/kurato.ch\/fr\/product\/klappstuehle-aus-acryl-von-giancarlo-piretti-fuer-castelli-1980er-jahre\/\" \/>\n<meta property=\"og:locale\" content=\"fr_FR\" \/>\n<meta property=\"og:type\" content=\"article\" \/>\n<meta property=\"og:title\" content=\"Klappst\u00fchle aus Acryl von Giancarlo Piretti f\u00fcr Castelli, 1980er Jahre | Vintage M\u00f6bel kaufen auf KURATO.CH\" \/>\n<meta property=\"og:description\" content=\"Entdecke Vintage M\u00f6bel &amp; Dekoration \u27a4 Klappst\u00fchle aus Acryl von Giancarlo Piretti f\u00fcr Castelli, 1980er Jahre auf Kurato. \u2713Lieferung Schweiz \u271314-Tage R\u00fcckgabe \u2713Secondhand Unikat\" \/>\n<meta property=\"og:url\" content=\"https:\/\/kurato.ch\/fr\/product\/klappstuehle-aus-acryl-von-giancarlo-piretti-fuer-castelli-1980er-jahre\/\" \/>\n<meta property=\"og:site_name\" content=\"Vintage M\u00f6bel &amp; Dekoration I Kurato\" \/>\n<meta property=\"article:publisher\" content=\"https:\/\/www.facebook.com\/kuratoswitzerland\" \/>\n<meta property=\"article:modified_time\" content=\"2025-08-11T13:34:58+00:00\" \/>\n<meta property=\"og:image\" content=\"https:\/\/kurato.ch\/wp-content\/uploads\/2025\/08\/Klappstuehle-aus-Acryl-von-Giancarlo-Piretti-fuer-Castelli-1980er-Jahre-vintage-secondhand-gebraucht-schweiz-Instagram-Post.jpg\" \/>\n\t<meta property=\"og:image:width\" content=\"810\" \/>\n\t<meta property=\"og:image:height\" content=\"810\" \/>\n\t<meta property=\"og:image:type\" content=\"image\/jpeg\" \/>\n<meta name=\"twitter:label1\" content=\"Dur\u00e9e de lecture estim\u00e9e\" \/>\n\t<meta name=\"twitter:data1\" content=\"1 minute\" \/>\n<script type=\"application\/ld+json\" class=\"yoast-schema-graph\">{\"@context\":\"https:\\\/\\\/schema.org\",\"@graph\":[{\"@type\":\"WebPage\",\"@id\":\"https:\\\/\\\/kurato.ch\\\/product\\\/klappstuehle-aus-acryl-von-giancarlo-piretti-fuer-castelli-1980er-jahre\\\/\",\"url\":\"https:\\\/\\\/kurato.ch\\\/product\\\/klappstuehle-aus-acryl-von-giancarlo-piretti-fuer-castelli-1980er-jahre\\\/\",\"name\":\"Klappst\u00fchle aus Acryl von Giancarlo Piretti f\u00fcr Castelli, 1980er Jahre | Vintage M\u00f6bel kaufen auf KURATO.CH\",\"isPartOf\":{\"@id\":\"https:\\\/\\\/kurato.ch\\\/#website\"},\"primaryImageOfPage\":{\"@id\":\"https:\\\/\\\/kurato.ch\\\/product\\\/klappstuehle-aus-acryl-von-giancarlo-piretti-fuer-castelli-1980er-jahre\\\/#primaryimage\"},\"image\":{\"@id\":\"https:\\\/\\\/kurato.ch\\\/product\\\/klappstuehle-aus-acryl-von-giancarlo-piretti-fuer-castelli-1980er-jahre\\\/#primaryimage\"},\"thumbnailUrl\":\"https:\\\/\\\/kurato.ch\\\/wp-content\\\/uploads\\\/2025\\\/08\\\/Klappstuehle-aus-Acryl-von-Giancarlo-Piretti-fuer-Castelli-1980er-Jahre-vintage-secondhand-gebraucht-schweiz-Instagram-Post.jpg\",\"datePublished\":\"2025-08-11T13:34:57+00:00\",\"dateModified\":\"2025-08-11T13:34:58+00:00\",\"description\":\"Entdecke Vintage M\u00f6bel & Dekoration \u27a4 Klappst\u00fchle aus Acryl von Giancarlo Piretti f\u00fcr Castelli, 1980er Jahre auf Kurato. \u2713Lieferung Schweiz \u271314-Tage R\u00fcckgabe \u2713Secondhand Unikat\",\"breadcrumb\":{\"@id\":\"https:\\\/\\\/kurato.ch\\\/product\\\/klappstuehle-aus-acryl-von-giancarlo-piretti-fuer-castelli-1980er-jahre\\\/#breadcrumb\"},\"inLanguage\":\"fr-FR\",\"potentialAction\":[{\"@type\":\"ReadAction\",\"target\":[\"https:\\\/\\\/kurato.ch\\\/product\\\/klappstuehle-aus-acryl-von-giancarlo-piretti-fuer-castelli-1980er-jahre\\\/\"]}]},{\"@type\":\"ImageObject\",\"inLanguage\":\"fr-FR\",\"@id\":\"https:\\\/\\\/kurato.ch\\\/product\\\/klappstuehle-aus-acryl-von-giancarlo-piretti-fuer-castelli-1980er-jahre\\\/#primaryimage\",\"url\":\"https:\\\/\\\/kurato.ch\\\/wp-content\\\/uploads\\\/2025\\\/08\\\/Klappstuehle-aus-Acryl-von-Giancarlo-Piretti-fuer-Castelli-1980er-Jahre-vintage-secondhand-gebraucht-schweiz-Instagram-Post.jpg\",\"contentUrl\":\"https:\\\/\\\/kurato.ch\\\/wp-content\\\/uploads\\\/2025\\\/08\\\/Klappstuehle-aus-Acryl-von-Giancarlo-Piretti-fuer-Castelli-1980er-Jahre-vintage-secondhand-gebraucht-schweiz-Instagram-Post.jpg\",\"width\":810,\"height\":810,\"caption\":\"Klappst\u00fchle aus Acryl von Giancarlo Piretti f\u00fcr Castelli, 1980er Jahre\"},{\"@type\":\"BreadcrumbList\",\"@id\":\"https:\\\/\\\/kurato.ch\\\/product\\\/klappstuehle-aus-acryl-von-giancarlo-piretti-fuer-castelli-1980er-jahre\\\/#breadcrumb\",\"itemListElement\":[{\"@type\":\"ListItem\",\"position\":1,\"name\":\"Home\",\"item\":\"https:\\\/\\\/kurato.ch\\\/\"},{\"@type\":\"ListItem\",\"position\":2,\"name\":\"Neuheiten\",\"item\":\"https:\\\/\\\/kurato.ch\\\/neuheiten\\\/\"},{\"@type\":\"ListItem\",\"position\":3,\"name\":\"Klappst\u00fchle aus Acryl von Giancarlo Piretti f\u00fcr Castelli, 1980er Jahre\"}]},{\"@type\":\"WebSite\",\"@id\":\"https:\\\/\\\/kurato.ch\\\/#website\",\"url\":\"https:\\\/\\\/kurato.ch\\\/\",\"name\":\"Vintage M\u00f6bel &amp; Dekoration I Kurato\",\"description\":\"Vintage M\u00f6bel &amp; Dekoration I Kurato\",\"publisher\":{\"@id\":\"https:\\\/\\\/kurato.ch\\\/#organization\"},\"potentialAction\":[{\"@type\":\"SearchAction\",\"target\":{\"@type\":\"EntryPoint\",\"urlTemplate\":\"https:\\\/\\\/kurato.ch\\\/?s={search_term_string}\"},\"query-input\":{\"@type\":\"PropertyValueSpecification\",\"valueRequired\":true,\"valueName\":\"search_term_string\"}}],\"inLanguage\":\"fr-FR\"},{\"@type\":\"Organization\",\"@id\":\"https:\\\/\\\/kurato.ch\\\/#organization\",\"name\":\"Kurato.\",\"url\":\"https:\\\/\\\/kurato.ch\\\/\",\"logo\":{\"@type\":\"ImageObject\",\"inLanguage\":\"fr-FR\",\"@id\":\"https:\\\/\\\/kurato.ch\\\/#\\\/schema\\\/logo\\\/image\\\/\",\"url\":\"\",\"contentUrl\":\"\",\"caption\":\"Kurato.\"},\"image\":{\"@id\":\"https:\\\/\\\/kurato.ch\\\/#\\\/schema\\\/logo\\\/image\\\/\"},\"sameAs\":[\"https:\\\/\\\/www.facebook.com\\\/kuratoswitzerland\",\"https:\\\/\\\/www.instagram.com\\\/kurato.ch\\\/\",\"https:\\\/\\\/www.pinterest.ch\\\/kurato_ch\\\/_created\\\/\"]}]}<\/script>\n<!-- \/ Yoast SEO plugin. -->","yoast_head_json":{"title":"Klappst\u00fchle aus Acryl von Giancarlo Piretti f\u00fcr Castelli, 1980er Jahre | Vintage M\u00f6bel kaufen auf KURATO.CH","description":"Entdecke Vintage M\u00f6bel & Dekoration \u27a4 Klappst\u00fchle aus Acryl von Giancarlo Piretti f\u00fcr Castelli, 1980er Jahre auf Kurato. \u2713Lieferung Schweiz \u271314-Tage R\u00fcckgabe \u2713Secondhand Unikat","robots":{"index":"index","follow":"follow","max-snippet":"max-snippet:-1","max-image-preview":"max-image-preview:large","max-video-preview":"max-video-preview:-1"},"canonical":"https:\/\/kurato.ch\/fr\/product\/klappstuehle-aus-acryl-von-giancarlo-piretti-fuer-castelli-1980er-jahre\/","og_locale":"fr_FR","og_type":"article","og_title":"Klappst\u00fchle aus Acryl von Giancarlo Piretti f\u00fcr Castelli, 1980er Jahre | Vintage M\u00f6bel kaufen auf KURATO.CH","og_description":"Entdecke Vintage M\u00f6bel & Dekoration \u27a4 Klappst\u00fchle aus Acryl von Giancarlo Piretti f\u00fcr Castelli, 1980er Jahre auf Kurato. \u2713Lieferung Schweiz \u271314-Tage R\u00fcckgabe \u2713Secondhand Unikat","og_url":"https:\/\/kurato.ch\/fr\/product\/klappstuehle-aus-acryl-von-giancarlo-piretti-fuer-castelli-1980er-jahre\/","og_site_name":"Vintage M\u00f6bel &amp; Dekoration I Kurato","article_publisher":"https:\/\/www.facebook.com\/kuratoswitzerland","article_modified_time":"2025-08-11T13:34:58+00:00","og_image":[{"width":810,"height":810,"url":"https:\/\/kurato.ch\/wp-content\/uploads\/2025\/08\/Klappstuehle-aus-Acryl-von-Giancarlo-Piretti-fuer-Castelli-1980er-Jahre-vintage-secondhand-gebraucht-schweiz-Instagram-Post.jpg","type":"image\/jpeg"}],"twitter_misc":{"Dur\u00e9e de lecture estim\u00e9e":"1 minute"},"schema":{"@context":"https:\/\/schema.org","@graph":[{"@type":"WebPage","@id":"https:\/\/kurato.ch\/product\/klappstuehle-aus-acryl-von-giancarlo-piretti-fuer-castelli-1980er-jahre\/","url":"https:\/\/kurato.ch\/product\/klappstuehle-aus-acryl-von-giancarlo-piretti-fuer-castelli-1980er-jahre\/","name":"Klappst\u00fchle aus Acryl von Giancarlo Piretti f\u00fcr Castelli, 1980er Jahre | Vintage M\u00f6bel kaufen auf KURATO.CH","isPartOf":{"@id":"https:\/\/kurato.ch\/#website"},"primaryImageOfPage":{"@id":"https:\/\/kurato.ch\/product\/klappstuehle-aus-acryl-von-giancarlo-piretti-fuer-castelli-1980er-jahre\/#primaryimage"},"image":{"@id":"https:\/\/kurato.ch\/product\/klappstuehle-aus-acryl-von-giancarlo-piretti-fuer-castelli-1980er-jahre\/#primaryimage"},"thumbnailUrl":"https:\/\/kurato.ch\/wp-content\/uploads\/2025\/08\/Klappstuehle-aus-Acryl-von-Giancarlo-Piretti-fuer-Castelli-1980er-Jahre-vintage-secondhand-gebraucht-schweiz-Instagram-Post.jpg","datePublished":"2025-08-11T13:34:57+00:00","dateModified":"2025-08-11T13:34:58+00:00","description":"Entdecke Vintage M\u00f6bel & Dekoration \u27a4 Klappst\u00fchle aus Acryl von Giancarlo Piretti f\u00fcr Castelli, 1980er Jahre auf Kurato. \u2713Lieferung Schweiz \u271314-Tage R\u00fcckgabe \u2713Secondhand Unikat","breadcrumb":{"@id":"https:\/\/kurato.ch\/product\/klappstuehle-aus-acryl-von-giancarlo-piretti-fuer-castelli-1980er-jahre\/#breadcrumb"},"inLanguage":"fr-FR","potentialAction":[{"@type":"ReadAction","target":["https:\/\/kurato.ch\/product\/klappstuehle-aus-acryl-von-giancarlo-piretti-fuer-castelli-1980er-jahre\/"]}]},{"@type":"ImageObject","inLanguage":"fr-FR","@id":"https:\/\/kurato.ch\/product\/klappstuehle-aus-acryl-von-giancarlo-piretti-fuer-castelli-1980er-jahre\/#primaryimage","url":"https:\/\/kurato.ch\/wp-content\/uploads\/2025\/08\/Klappstuehle-aus-Acryl-von-Giancarlo-Piretti-fuer-Castelli-1980er-Jahre-vintage-secondhand-gebraucht-schweiz-Instagram-Post.jpg","contentUrl":"https:\/\/kurato.ch\/wp-content\/uploads\/2025\/08\/Klappstuehle-aus-Acryl-von-Giancarlo-Piretti-fuer-Castelli-1980er-Jahre-vintage-secondhand-gebraucht-schweiz-Instagram-Post.jpg","width":810,"height":810,"caption":"Klappst\u00fchle aus Acryl von Giancarlo Piretti f\u00fcr Castelli, 1980er Jahre"},{"@type":"BreadcrumbList","@id":"https:\/\/kurato.ch\/product\/klappstuehle-aus-acryl-von-giancarlo-piretti-fuer-castelli-1980er-jahre\/#breadcrumb","itemListElement":[{"@type":"ListItem","position":1,"name":"Home","item":"https:\/\/kurato.ch\/"},{"@type":"ListItem","position":2,"name":"Neuheiten","item":"https:\/\/kurato.ch\/neuheiten\/"},{"@type":"ListItem","position":3,"name":"Klappst\u00fchle aus Acryl von Giancarlo Piretti f\u00fcr Castelli, 1980er Jahre"}]},{"@type":"WebSite","@id":"https:\/\/kurato.ch\/#website","url":"https:\/\/kurato.ch\/","name":"Meubles vintage &amp; d\u00e9coration I Kurato","description":"Meubles vintage &amp; d\u00e9coration I Kurato","publisher":{"@id":"https:\/\/kurato.ch\/#organization"},"potentialAction":[{"@type":"SearchAction","target":{"@type":"EntryPoint","urlTemplate":"https:\/\/kurato.ch\/?s={search_term_string}"},"query-input":{"@type":"PropertyValueSpecification","valueRequired":true,"valueName":"search_term_string"}}],"inLanguage":"fr-FR"},{"@type":"Organization","@id":"https:\/\/kurato.ch\/#organization","name":"Kurato.","url":"https:\/\/kurato.ch\/","logo":{"@type":"ImageObject","inLanguage":"fr-FR","@id":"https:\/\/kurato.ch\/#\/schema\/logo\/image\/","url":"","contentUrl":"","caption":"Kurato."},"image":{"@id":"https:\/\/kurato.ch\/#\/schema\/logo\/image\/"},"sameAs":["https:\/\/www.facebook.com\/kuratoswitzerland","https:\/\/www.instagram.com\/kurato.ch\/","https:\/\/www.pinterest.ch\/kurato_ch\/_created\/"]}]}},"_links":{"self":[{"href":"https:\/\/kurato.ch\/fr\/wp-json\/wp\/v2\/product\/69582","targetHints":{"allow":["GET"]}}],"collection":[{"href":"https:\/\/kurato.ch\/fr\/wp-json\/wp\/v2\/product"}],"about":[{"href":"https:\/\/kurato.ch\/fr\/wp-json\/wp\/v2\/types\/product"}],"wp:featuredmedia":[{"embeddable":true,"href":"https:\/\/kurato.ch\/fr\/wp-json\/wp\/v2\/media\/69963"}],"wp:attachment":[{"href":"https:\/\/kurato.ch\/fr\/wp-json\/wp\/v2\/media?parent=69582"}],"wp:term":[{"taxonomy":"product_brand","embeddable":true,"href":"https:\/\/kurato.ch\/fr\/wp-json\/wp\/v2\/product_brand?post=69582"},{"taxonomy":"product_cat","embeddable":true,"href":"https:\/\/kurato.ch\/fr\/wp-json\/wp\/v2\/product_cat?post=69582"},{"taxonomy":"product_tag","embeddable":true,"href":"https:\/\/kurato.ch\/fr\/wp-json\/wp\/v2\/product_tag?post=69582"}],"curies":[{"name":"wp","href":"https:\/\/api.w.org\/{rel}","templated":true}]}}