{"id":69640,"date":"2025-08-03T15:43:28","date_gmt":"2025-08-03T13:43:28","guid":{"rendered":"https:\/\/kurato.ch\/?post_type=product&#038;p=69640"},"modified":"2025-08-03T15:43:56","modified_gmt":"2025-08-03T13:43:56","slug":"roter-cup-sessel-von-eric-degenhardt-fuer-richard-lampert","status":"publish","type":"product","link":"https:\/\/kurato.ch\/fr\/product\/roter-cup-sessel-von-eric-degenhardt-fuer-richard-lampert\/","title":{"rendered":"Roter Cup Sessel von Eric Degenhardt f\u00fcr Richard Lampert"},"content":{"rendered":"<p>Bei dem gezeigten M\u00f6belst\u00fcck handelt es sich um den markanten \u201eCup Chair\u201c, entworfen von Eric Degenhardt f\u00fcr den deutschen M\u00f6belhersteller Richard Lampert.<\/p>\n<p>Der Sessel f\u00e4llt durch seine skulpturale, fast architektonisch anmutende Formgebung auf, die durch pr\u00e4zise Geometrien und klare Linienf\u00fchrung bestimmt ist. Die hohe, gepolsterte R\u00fcckenlehne geht fliessend in die seitlichen Armlehnen \u00fcber und erzeugt so eine gesch\u00fctzte, fast umarmende Sitzposition. Auff\u00e4llig ist die reduzierte, aber dennoch plastische Bauweise, bei der alle Fl\u00e4chen in einem spannungsvollen Winkelverh\u00e4ltnis zueinander stehen.<\/p>\n<p>Der gesamte Sessel ist vollst\u00e4ndig mit einem kr\u00e4ftig roten Stoff bezogen, wobei die Materialit\u00e4t auf den Detailaufnahmen fein strukturiert und strapazierf\u00e4hig sind. Die Konstruktion basiert auf einem Innenrahmen, der rundum weich gepolstert und bezogen ist. Die Beine bzw. das Untergestell sind Teil der seitlich heruntergezogenen Armlehnen und ebenfalls gepolstert \u2013 dadurch wirkt der Stuhl monolithisch und zugleich leicht futuristisch.<\/p>\n<p>Besonders charakteristisch ist der \u201eoffene R\u00fccken\u201c, bei dem ein waagerechtes Polsterelement wie ein Verbindungssteg zwischen den beiden Seitenpartien fungiert \u2013 funktional und gestalterisch eine Art R\u00fcckenlehnen-Quertr\u00e4ger.<\/p>\n<p>Der Cup Chair wurde urspr\u00fcnglich als Lounge- oder Konferenzsessel konzipiert, eignet sich aber ebenso f\u00fcr moderne Wohn- und Empfangsbereiche. Der Entwurf spiegelt Eric Degenhardts typisches Zusammenspiel von reduzierter \u00c4sthetik und technischer Raffinesse wider.<\/p>\n<p>Zustand: Der Sessel befindet sich insgesamt in sehr gutem Zustand. Die Polsterung ist straff und formstabil, die Bez\u00fcge zeigen nur minimale Gebrauchsspuren, wie an einer Stelle leicht sichtbare Verf\u00e4rbung bzw. Druckstelle auf der Sitzfl\u00e4che. Es sind keine Risse, Flecken oder offenen N\u00e4hte vorhanden. Die Konstruktion ist stabil, die Stoffkanten gut erhalten. Der Gesamteindruck ist gepflegt und hochwertig.<\/p>\n<p>Masse: L77 x B75 x H79 cm<br \/>Hauteur d'assise 43 cm<br \/>Armlehnenh\u00f6he 85 cm<\/p>\n<p>&#8211; Abholung von Montag bis Samstag (ausser Feiertage) zwischen 10:00 bis 19:00 Uhr in\u00a0 Z\u00fcrich mit Terminvereinbarung.<br \/>- La livraison ? Bien s\u00fbr, possible dans toute la Suisse ! Demandez simplement le prix, qui est calcul\u00e9 en fonction de la distance.<br \/>,<\/p>","protected":false},"excerpt":{"rendered":"<p>Bei dem gezeigten M\u00f6belst\u00fcck handelt es sich um den markanten \u201eCup Chair\u201c, entworfen von Eric Degenhardt f\u00fcr den deutschen M\u00f6belhersteller Richard Lampert. Der Sessel f\u00e4llt durch seine skulpturale, fast architektonisch anmutende Formgebung auf, die durch pr\u00e4zise Geometrien und klare Linienf\u00fchrung bestimmt ist. Die hohe, gepolsterte R\u00fcckenlehne geht fliessend in die seitlichen Armlehnen \u00fcber und erzeugt [&hellip;]<\/p>\n","protected":false},"featured_media":69738,"template":"","meta":{"_acf_changed":false,"site-sidebar-layout":"default","site-content-layout":"","ast-site-content-layout":"default","site-content-style":"default","site-sidebar-style":"default","ast-global-header-display":"","ast-banner-title-visibility":"","ast-main-header-display":"","ast-hfb-above-header-display":"","ast-hfb-below-header-display":"","ast-hfb-mobile-header-display":"","site-post-title":"","ast-breadcrumbs-content":"","ast-featured-img":"","footer-sml-layout":"","ast-disable-related-posts":"","theme-transparent-header-meta":"","adv-header-id-meta":"","stick-header-meta":"","header-above-stick-meta":"","header-main-stick-meta":"","header-below-stick-meta":"","astra-migrate-meta-layouts":"default","ast-page-background-enabled":"default","ast-page-background-meta":{"desktop":{"background-color":"","background-image":"","background-repeat":"repeat","background-position":"center center","background-size":"auto","background-attachment":"scroll","background-type":"","background-media":"","overlay-type":"","overlay-color":"","overlay-opacity":"","overlay-gradient":""},"tablet":{"background-color":"","background-image":"","background-repeat":"repeat","background-position":"center center","background-size":"auto","background-attachment":"scroll","background-type":"","background-media":"","overlay-type":"","overlay-color":"","overlay-opacity":"","overlay-gradient":""},"mobile":{"background-color":"","background-image":"","background-repeat":"repeat","background-position":"center center","background-size":"auto","background-attachment":"scroll","background-type":"","background-media":"","overlay-type":"","overlay-color":"","overlay-opacity":"","overlay-gradient":""}},"ast-content-background-meta":{"desktop":{"background-color":"var(--ast-global-color-5)","background-image":"","background-repeat":"repeat","background-position":"center center","background-size":"auto","background-attachment":"scroll","background-type":"","background-media":"","overlay-type":"","overlay-color":"","overlay-opacity":"","overlay-gradient":""},"tablet":{"background-color":"var(--ast-global-color-5)","background-image":"","background-repeat":"repeat","background-position":"center center","background-size":"auto","background-attachment":"scroll","background-type":"","background-media":"","overlay-type":"","overlay-color":"","overlay-opacity":"","overlay-gradient":""},"mobile":{"background-color":"var(--ast-global-color-5)","background-image":"","background-repeat":"repeat","background-position":"center center","background-size":"auto","background-attachment":"scroll","background-type":"","background-media":"","overlay-type":"","overlay-color":"","overlay-opacity":"","overlay-gradient":""}}},"product_brand":[],"product_cat":[152],"product_tag":[],"class_list":{"0":"post-69640","1":"product","2":"type-product","3":"status-publish","4":"has-post-thumbnail","6":"product_cat-vintage-sessel-liege","7":"pa_farbe-rot","8":"pa_material-stoff","9":"pa_stil-design","10":"desktop-align-left","11":"tablet-align-left","12":"mobile-align-left","14":"first","15":"instock","16":"sold-individually","17":"shipping-taxable","18":"purchasable","19":"product-type-simple"},"acf":[],"yoast_head":"<!-- This site is optimized with the Yoast SEO plugin v27.4 - https:\/\/yoast.com\/product\/yoast-seo-wordpress\/ -->\n<title>Roter Cup Sessel von Eric Degenhardt f\u00fcr Richard Lampert | Vintage M\u00f6bel kaufen auf KURATO.CH<\/title>\n<meta name=\"description\" content=\"Entdecke Vintage M\u00f6bel &amp; Dekoration \u27a4 Roter Cup Sessel von Eric Degenhardt f\u00fcr Richard Lampert auf Kurato. \u2713Lieferung Schweiz \u271314-Tage R\u00fcckgabe \u2713Secondhand Unikat\" \/>\n<meta name=\"robots\" content=\"index, follow, max-snippet:-1, max-image-preview:large, max-video-preview:-1\" \/>\n<link rel=\"canonical\" href=\"https:\/\/kurato.ch\/fr\/product\/roter-cup-sessel-von-eric-degenhardt-fuer-richard-lampert\/\" \/>\n<meta property=\"og:locale\" content=\"fr_FR\" \/>\n<meta property=\"og:type\" content=\"article\" \/>\n<meta property=\"og:title\" content=\"Roter Cup Sessel von Eric Degenhardt f\u00fcr Richard Lampert | Vintage M\u00f6bel kaufen auf KURATO.CH\" \/>\n<meta property=\"og:description\" content=\"Entdecke Vintage M\u00f6bel &amp; Dekoration \u27a4 Roter Cup Sessel von Eric Degenhardt f\u00fcr Richard Lampert auf Kurato. \u2713Lieferung Schweiz \u271314-Tage R\u00fcckgabe \u2713Secondhand Unikat\" \/>\n<meta property=\"og:url\" content=\"https:\/\/kurato.ch\/fr\/product\/roter-cup-sessel-von-eric-degenhardt-fuer-richard-lampert\/\" \/>\n<meta property=\"og:site_name\" content=\"Vintage M\u00f6bel &amp; Dekoration I Kurato\" \/>\n<meta property=\"article:publisher\" content=\"https:\/\/www.facebook.com\/kuratoswitzerland\" \/>\n<meta property=\"article:modified_time\" content=\"2025-08-03T13:43:56+00:00\" \/>\n<meta property=\"og:image\" content=\"https:\/\/kurato.ch\/wp-content\/uploads\/2025\/08\/Roter-Cup-Sessel-von-Eric-Degenhardt-fuer-Richard-Lampert-vintage-secondhand-gebraucht-schweiz-Instagram-Post.jpg\" \/>\n\t<meta property=\"og:image:width\" content=\"810\" \/>\n\t<meta property=\"og:image:height\" content=\"810\" \/>\n\t<meta property=\"og:image:type\" content=\"image\/jpeg\" \/>\n<meta name=\"twitter:label1\" content=\"Dur\u00e9e de lecture estim\u00e9e\" \/>\n\t<meta name=\"twitter:data1\" content=\"2 minutes\" \/>\n<script type=\"application\/ld+json\" class=\"yoast-schema-graph\">{\"@context\":\"https:\\\/\\\/schema.org\",\"@graph\":[{\"@type\":\"WebPage\",\"@id\":\"https:\\\/\\\/kurato.ch\\\/product\\\/roter-cup-sessel-von-eric-degenhardt-fuer-richard-lampert\\\/\",\"url\":\"https:\\\/\\\/kurato.ch\\\/product\\\/roter-cup-sessel-von-eric-degenhardt-fuer-richard-lampert\\\/\",\"name\":\"Roter Cup Sessel von Eric Degenhardt f\u00fcr Richard Lampert | Vintage M\u00f6bel kaufen auf KURATO.CH\",\"isPartOf\":{\"@id\":\"https:\\\/\\\/kurato.ch\\\/#website\"},\"primaryImageOfPage\":{\"@id\":\"https:\\\/\\\/kurato.ch\\\/product\\\/roter-cup-sessel-von-eric-degenhardt-fuer-richard-lampert\\\/#primaryimage\"},\"image\":{\"@id\":\"https:\\\/\\\/kurato.ch\\\/product\\\/roter-cup-sessel-von-eric-degenhardt-fuer-richard-lampert\\\/#primaryimage\"},\"thumbnailUrl\":\"https:\\\/\\\/kurato.ch\\\/wp-content\\\/uploads\\\/2025\\\/08\\\/Roter-Cup-Sessel-von-Eric-Degenhardt-fuer-Richard-Lampert-vintage-secondhand-gebraucht-schweiz-Instagram-Post.jpg\",\"datePublished\":\"2025-08-03T13:43:28+00:00\",\"dateModified\":\"2025-08-03T13:43:56+00:00\",\"description\":\"Entdecke Vintage M\u00f6bel & Dekoration \u27a4 Roter Cup Sessel von Eric Degenhardt f\u00fcr Richard Lampert auf Kurato. \u2713Lieferung Schweiz \u271314-Tage R\u00fcckgabe \u2713Secondhand Unikat\",\"breadcrumb\":{\"@id\":\"https:\\\/\\\/kurato.ch\\\/product\\\/roter-cup-sessel-von-eric-degenhardt-fuer-richard-lampert\\\/#breadcrumb\"},\"inLanguage\":\"fr-FR\",\"potentialAction\":[{\"@type\":\"ReadAction\",\"target\":[\"https:\\\/\\\/kurato.ch\\\/product\\\/roter-cup-sessel-von-eric-degenhardt-fuer-richard-lampert\\\/\"]}]},{\"@type\":\"ImageObject\",\"inLanguage\":\"fr-FR\",\"@id\":\"https:\\\/\\\/kurato.ch\\\/product\\\/roter-cup-sessel-von-eric-degenhardt-fuer-richard-lampert\\\/#primaryimage\",\"url\":\"https:\\\/\\\/kurato.ch\\\/wp-content\\\/uploads\\\/2025\\\/08\\\/Roter-Cup-Sessel-von-Eric-Degenhardt-fuer-Richard-Lampert-vintage-secondhand-gebraucht-schweiz-Instagram-Post.jpg\",\"contentUrl\":\"https:\\\/\\\/kurato.ch\\\/wp-content\\\/uploads\\\/2025\\\/08\\\/Roter-Cup-Sessel-von-Eric-Degenhardt-fuer-Richard-Lampert-vintage-secondhand-gebraucht-schweiz-Instagram-Post.jpg\",\"width\":810,\"height\":810,\"caption\":\"Roter Cup Sessel von Eric Degenhardt f\u00fcr Richard Lampert\"},{\"@type\":\"BreadcrumbList\",\"@id\":\"https:\\\/\\\/kurato.ch\\\/product\\\/roter-cup-sessel-von-eric-degenhardt-fuer-richard-lampert\\\/#breadcrumb\",\"itemListElement\":[{\"@type\":\"ListItem\",\"position\":1,\"name\":\"Home\",\"item\":\"https:\\\/\\\/kurato.ch\\\/\"},{\"@type\":\"ListItem\",\"position\":2,\"name\":\"Neuheiten\",\"item\":\"https:\\\/\\\/kurato.ch\\\/neuheiten\\\/\"},{\"@type\":\"ListItem\",\"position\":3,\"name\":\"Roter Cup Sessel von Eric Degenhardt f\u00fcr Richard Lampert\"}]},{\"@type\":\"WebSite\",\"@id\":\"https:\\\/\\\/kurato.ch\\\/#website\",\"url\":\"https:\\\/\\\/kurato.ch\\\/\",\"name\":\"Vintage M\u00f6bel &amp; Dekoration I Kurato\",\"description\":\"Vintage M\u00f6bel &amp; Dekoration I Kurato\",\"publisher\":{\"@id\":\"https:\\\/\\\/kurato.ch\\\/#organization\"},\"potentialAction\":[{\"@type\":\"SearchAction\",\"target\":{\"@type\":\"EntryPoint\",\"urlTemplate\":\"https:\\\/\\\/kurato.ch\\\/?s={search_term_string}\"},\"query-input\":{\"@type\":\"PropertyValueSpecification\",\"valueRequired\":true,\"valueName\":\"search_term_string\"}}],\"inLanguage\":\"fr-FR\"},{\"@type\":\"Organization\",\"@id\":\"https:\\\/\\\/kurato.ch\\\/#organization\",\"name\":\"Kurato.\",\"url\":\"https:\\\/\\\/kurato.ch\\\/\",\"logo\":{\"@type\":\"ImageObject\",\"inLanguage\":\"fr-FR\",\"@id\":\"https:\\\/\\\/kurato.ch\\\/#\\\/schema\\\/logo\\\/image\\\/\",\"url\":\"\",\"contentUrl\":\"\",\"caption\":\"Kurato.\"},\"image\":{\"@id\":\"https:\\\/\\\/kurato.ch\\\/#\\\/schema\\\/logo\\\/image\\\/\"},\"sameAs\":[\"https:\\\/\\\/www.facebook.com\\\/kuratoswitzerland\",\"https:\\\/\\\/www.instagram.com\\\/kurato.ch\\\/\",\"https:\\\/\\\/www.pinterest.ch\\\/kurato_ch\\\/_created\\\/\"]}]}<\/script>\n<!-- \/ Yoast SEO plugin. -->","yoast_head_json":{"title":"Roter Cup Sessel von Eric Degenhardt f\u00fcr Richard Lampert | Vintage M\u00f6bel kaufen auf KURATO.CH","description":"Entdecke Vintage M\u00f6bel & Dekoration \u27a4 Roter Cup Sessel von Eric Degenhardt f\u00fcr Richard Lampert auf Kurato. \u2713Lieferung Schweiz \u271314-Tage R\u00fcckgabe \u2713Secondhand Unikat","robots":{"index":"index","follow":"follow","max-snippet":"max-snippet:-1","max-image-preview":"max-image-preview:large","max-video-preview":"max-video-preview:-1"},"canonical":"https:\/\/kurato.ch\/fr\/product\/roter-cup-sessel-von-eric-degenhardt-fuer-richard-lampert\/","og_locale":"fr_FR","og_type":"article","og_title":"Roter Cup Sessel von Eric Degenhardt f\u00fcr Richard Lampert | Vintage M\u00f6bel kaufen auf KURATO.CH","og_description":"Entdecke Vintage M\u00f6bel & Dekoration \u27a4 Roter Cup Sessel von Eric Degenhardt f\u00fcr Richard Lampert auf Kurato. \u2713Lieferung Schweiz \u271314-Tage R\u00fcckgabe \u2713Secondhand Unikat","og_url":"https:\/\/kurato.ch\/fr\/product\/roter-cup-sessel-von-eric-degenhardt-fuer-richard-lampert\/","og_site_name":"Vintage M\u00f6bel &amp; Dekoration I Kurato","article_publisher":"https:\/\/www.facebook.com\/kuratoswitzerland","article_modified_time":"2025-08-03T13:43:56+00:00","og_image":[{"width":810,"height":810,"url":"https:\/\/kurato.ch\/wp-content\/uploads\/2025\/08\/Roter-Cup-Sessel-von-Eric-Degenhardt-fuer-Richard-Lampert-vintage-secondhand-gebraucht-schweiz-Instagram-Post.jpg","type":"image\/jpeg"}],"twitter_misc":{"Dur\u00e9e de lecture estim\u00e9e":"2 minutes"},"schema":{"@context":"https:\/\/schema.org","@graph":[{"@type":"WebPage","@id":"https:\/\/kurato.ch\/product\/roter-cup-sessel-von-eric-degenhardt-fuer-richard-lampert\/","url":"https:\/\/kurato.ch\/product\/roter-cup-sessel-von-eric-degenhardt-fuer-richard-lampert\/","name":"Roter Cup Sessel von Eric Degenhardt f\u00fcr Richard Lampert | Vintage M\u00f6bel kaufen auf KURATO.CH","isPartOf":{"@id":"https:\/\/kurato.ch\/#website"},"primaryImageOfPage":{"@id":"https:\/\/kurato.ch\/product\/roter-cup-sessel-von-eric-degenhardt-fuer-richard-lampert\/#primaryimage"},"image":{"@id":"https:\/\/kurato.ch\/product\/roter-cup-sessel-von-eric-degenhardt-fuer-richard-lampert\/#primaryimage"},"thumbnailUrl":"https:\/\/kurato.ch\/wp-content\/uploads\/2025\/08\/Roter-Cup-Sessel-von-Eric-Degenhardt-fuer-Richard-Lampert-vintage-secondhand-gebraucht-schweiz-Instagram-Post.jpg","datePublished":"2025-08-03T13:43:28+00:00","dateModified":"2025-08-03T13:43:56+00:00","description":"Entdecke Vintage M\u00f6bel & Dekoration \u27a4 Roter Cup Sessel von Eric Degenhardt f\u00fcr Richard Lampert auf Kurato. \u2713Lieferung Schweiz \u271314-Tage R\u00fcckgabe \u2713Secondhand Unikat","breadcrumb":{"@id":"https:\/\/kurato.ch\/product\/roter-cup-sessel-von-eric-degenhardt-fuer-richard-lampert\/#breadcrumb"},"inLanguage":"fr-FR","potentialAction":[{"@type":"ReadAction","target":["https:\/\/kurato.ch\/product\/roter-cup-sessel-von-eric-degenhardt-fuer-richard-lampert\/"]}]},{"@type":"ImageObject","inLanguage":"fr-FR","@id":"https:\/\/kurato.ch\/product\/roter-cup-sessel-von-eric-degenhardt-fuer-richard-lampert\/#primaryimage","url":"https:\/\/kurato.ch\/wp-content\/uploads\/2025\/08\/Roter-Cup-Sessel-von-Eric-Degenhardt-fuer-Richard-Lampert-vintage-secondhand-gebraucht-schweiz-Instagram-Post.jpg","contentUrl":"https:\/\/kurato.ch\/wp-content\/uploads\/2025\/08\/Roter-Cup-Sessel-von-Eric-Degenhardt-fuer-Richard-Lampert-vintage-secondhand-gebraucht-schweiz-Instagram-Post.jpg","width":810,"height":810,"caption":"Roter Cup Sessel von Eric Degenhardt f\u00fcr Richard Lampert"},{"@type":"BreadcrumbList","@id":"https:\/\/kurato.ch\/product\/roter-cup-sessel-von-eric-degenhardt-fuer-richard-lampert\/#breadcrumb","itemListElement":[{"@type":"ListItem","position":1,"name":"Home","item":"https:\/\/kurato.ch\/"},{"@type":"ListItem","position":2,"name":"Neuheiten","item":"https:\/\/kurato.ch\/neuheiten\/"},{"@type":"ListItem","position":3,"name":"Roter Cup Sessel von Eric Degenhardt f\u00fcr Richard Lampert"}]},{"@type":"WebSite","@id":"https:\/\/kurato.ch\/#website","url":"https:\/\/kurato.ch\/","name":"Meubles vintage &amp; d\u00e9coration I Kurato","description":"Meubles vintage &amp; d\u00e9coration I Kurato","publisher":{"@id":"https:\/\/kurato.ch\/#organization"},"potentialAction":[{"@type":"SearchAction","target":{"@type":"EntryPoint","urlTemplate":"https:\/\/kurato.ch\/?s={search_term_string}"},"query-input":{"@type":"PropertyValueSpecification","valueRequired":true,"valueName":"search_term_string"}}],"inLanguage":"fr-FR"},{"@type":"Organization","@id":"https:\/\/kurato.ch\/#organization","name":"Kurato.","url":"https:\/\/kurato.ch\/","logo":{"@type":"ImageObject","inLanguage":"fr-FR","@id":"https:\/\/kurato.ch\/#\/schema\/logo\/image\/","url":"","contentUrl":"","caption":"Kurato."},"image":{"@id":"https:\/\/kurato.ch\/#\/schema\/logo\/image\/"},"sameAs":["https:\/\/www.facebook.com\/kuratoswitzerland","https:\/\/www.instagram.com\/kurato.ch\/","https:\/\/www.pinterest.ch\/kurato_ch\/_created\/"]}]}},"_links":{"self":[{"href":"https:\/\/kurato.ch\/fr\/wp-json\/wp\/v2\/product\/69640","targetHints":{"allow":["GET"]}}],"collection":[{"href":"https:\/\/kurato.ch\/fr\/wp-json\/wp\/v2\/product"}],"about":[{"href":"https:\/\/kurato.ch\/fr\/wp-json\/wp\/v2\/types\/product"}],"wp:featuredmedia":[{"embeddable":true,"href":"https:\/\/kurato.ch\/fr\/wp-json\/wp\/v2\/media\/69738"}],"wp:attachment":[{"href":"https:\/\/kurato.ch\/fr\/wp-json\/wp\/v2\/media?parent=69640"}],"wp:term":[{"taxonomy":"product_brand","embeddable":true,"href":"https:\/\/kurato.ch\/fr\/wp-json\/wp\/v2\/product_brand?post=69640"},{"taxonomy":"product_cat","embeddable":true,"href":"https:\/\/kurato.ch\/fr\/wp-json\/wp\/v2\/product_cat?post=69640"},{"taxonomy":"product_tag","embeddable":true,"href":"https:\/\/kurato.ch\/fr\/wp-json\/wp\/v2\/product_tag?post=69640"}],"curies":[{"name":"wp","href":"https:\/\/api.w.org\/{rel}","templated":true}]}}